{"id":19995,"date":"2024-03-22T11:05:19","date_gmt":"2024-03-22T03:05:19","guid":{"rendered":"https:\/\/www.tstcables.com\/product\/hochtemperaturbestaendiges-feuerbestaendiges-oelbestaendiges-kabel-gn350-n1\/"},"modified":"2024-03-22T11:05:19","modified_gmt":"2024-03-22T03:05:19","slug":"hochtemperaturbestaendiges-feuerbestaendiges-oelbestaendiges-kabel-gn350-n1","status":"publish","type":"product","link":"https:\/\/www.tstcables.com\/de\/produkt\/hochtemperaturbestaendiges-feuerbestaendiges-oelbestaendiges-kabel-gn350-n1\/","title":{"rendered":"Hochtemperaturbest\u00e4ndiges, feuerbest\u00e4ndiges, \u00f6lbest\u00e4ndiges Kabel GN350-N1"},"content":{"rendered":"<p><strong>Produktnummer<\/strong><\/p>\n<ul>\n<li>GN350-N1<\/li>\n<\/ul>\n<p><strong>Industriestandard:<\/strong><\/p>\n<ul>\n<li>Q31\/0114000209C025-2017<\/li>\n<\/ul>\n<p>&nbsp;<\/p>\n<p><strong>Produktmerkmale<\/strong><\/p>\n<ul>\n<li>Produktmodell: GN350-N1 wasserdichter feuerbest\u00e4ndiger Draht<\/li>\n<li>Nennspannung: 500 V<\/li>\n<li>Temperaturbereich: 350 \u2103, kann in kurzer Zeit Temperaturen von bis zu 400 \u2103 standhalten.<\/li>\n<li>Leiter: Vernickelter Draht<\/li>\n<li>Farbe: Wei\u00df, Rot, Schwarz, Braun, Gelb, Gr\u00fcn usw.<\/li>\n<\/ul>\n<p>&nbsp;<\/p>\n<p><strong>Funktionen\/Verwendungen:<\/strong><\/p>\n<p>Dieses Produkt ist ein verbessertes Produkt von GN350. Es f\u00fcgt wasserdichte und temperaturbest\u00e4ndige Materialien hinzu, um eine gute Isolierung in feuchten Umgebungen zu gew\u00e4hrleisten. Es kann in wechselnden hei\u00dfen und kalten Situationen und bei hoher Luftfeuchtigkeit eingesetzt werden, wie z. B. Metallurgie, W\u00e4rmetechnik, Erd\u00f6l, chemische Industrie, Erdgas, Kerosin usw. Dr\u00e4hte und Kabel, die in verschiedenen elektrischen Ger\u00e4ten ben\u00f6tigt werden, die einen Brandschutz in der Umgebung erfordern.<\/p>\n<p>&nbsp;<\/p>\n<p><strong>Lieferbedingungen:<\/strong><\/p>\n<p>Lieferl\u00e4nge: Kurze Leitungsabschnitte von mindestens 10 Metern sind zul\u00e4ssig, ihre Menge darf jedoch 10 % der Gesamtliefermenge nicht \u00fcberschreiten<\/p>\n<style type=\"text\/css\">\n.tg  {border-collapse:collapse;border-spacing:0;}<br \/>.tg td{border-color:black;border-style:solid;border-width:1px;font-family:Arial, sans-serif;font-size:14px;<br \/>  overflow:hidden;padding:10px 5px;word-break:normal;}<br \/>.tg th{border-color:black;border-style:solid;border-width:1px;font-family:Arial, sans-serif;font-size:14px;<br \/>  font-weight:normal;overflow:hidden;padding:10px 5px;word-break:normal;}<br \/>.tg .tg-baqh{text-align:center;vertical-align:top}<br \/>.tg .tg-wa1i{font-weight:bold;text-align:center;vertical-align:middle}<br \/>.tg .tg-nrix{text-align:center;vertical-align:middle}<br \/><\/style>\n<table class=\"tg\">\n<thead>\n<tr>\n<th class=\"tg-wa1i\">Nominelles Kreuz<br \/>\nQuerschnitt (mm2)<\/th>\n<th class=\"tg-wa1i\">Dirigent<br \/>\nStruktur mm<\/th>\n<th class=\"tg-wa1i\">Isolierung<br \/>\nDicke mm<\/th>\n<th class=\"tg-wa1i\">Draht au\u00dfen<br \/>\nDurchmesser mm<\/th>\n<th class=\"tg-wa1i\">Der gr\u00f6\u00dfte Arbeitgeber<br \/>\nWiderstand bei 20\u2103 (Q\/Km)<\/th>\n<\/tr>\n<\/thead>\n<tbody>\n<tr>\n<td class=\"tg-nrix\">0.5<\/td>\n<td class=\"tg-baqh\">7\/0.30<\/td>\n<td class=\"tg-nrix\">0.5<\/td>\n<td class=\"tg-baqh\">2.3\u00b10.3<\/td>\n<td class=\"tg-nrix\">39<\/td>\n<\/tr>\n<tr>\n<td class=\"tg-nrix\">0.75<\/td>\n<td class=\"tg-baqh\">11\/0.30<\/td>\n<td class=\"tg-nrix\">0.5<\/td>\n<td class=\"tg-baqh\">2.5\u00b10.3<\/td>\n<td class=\"tg-nrix\">26<\/td>\n<\/tr>\n<tr>\n<td class=\"tg-nrix\">1<\/td>\n<td class=\"tg-baqh\">14\/0.30<\/td>\n<td class=\"tg-nrix\">0.5<\/td>\n<td class=\"tg-baqh\">2.6\u00b10.3<\/td>\n<td class=\"tg-nrix\">19.5<\/td>\n<\/tr>\n<tr>\n<td class=\"tg-nrix\">1.5<\/td>\n<td class=\"tg-baqh\">21\/0.30<\/td>\n<td class=\"tg-nrix\">0.5<\/td>\n<td class=\"tg-baqh\">2.9\u00b10.3<\/td>\n<td class=\"tg-nrix\">13.3<\/td>\n<\/tr>\n<tr>\n<td class=\"tg-nrix\">2<\/td>\n<td class=\"tg-baqh\">28\/0.30<\/td>\n<td class=\"tg-nrix\">0.6<\/td>\n<td class=\"tg-baqh\">3.3\u00b10.3<\/td>\n<td class=\"tg-nrix\">10<\/td>\n<\/tr>\n<tr>\n<td class=\"tg-nrix\">2.5<\/td>\n<td class=\"tg-baqh\">35\/0.30<\/td>\n<td class=\"tg-nrix\">0.6<\/td>\n<td class=\"tg-baqh\">3.6\u00b10.5<\/td>\n<td class=\"tg-nrix\">7.98<\/td>\n<\/tr>\n<tr>\n<td class=\"tg-nrix\">4<\/td>\n<td class=\"tg-baqh\">56\/0.30<\/td>\n<td class=\"tg-nrix\">0.8<\/td>\n<td class=\"tg-baqh\">4.7\u00b10.5<\/td>\n<td class=\"tg-nrix\">4.95<\/td>\n<\/tr>\n<tr>\n<td class=\"tg-nrix\">6<\/td>\n<td class=\"tg-baqh\">84\/0.30<\/td>\n<td class=\"tg-nrix\">0.8<\/td>\n<td class=\"tg-baqh\">5.5\u00b10.5<\/td>\n<td class=\"tg-nrix\">3.3<\/td>\n<\/tr>\n<tr>\n<td class=\"tg-nrix\">10<\/td>\n<td class=\"tg-baqh\">140\/0.30<\/td>\n<td class=\"tg-nrix\">0.8<\/td>\n<td class=\"tg-baqh\">6.6\u00b10.5<\/td>\n<td class=\"tg-nrix\">1.91<\/td>\n<\/tr>\n<tr>\n<td class=\"tg-nrix\">16<\/td>\n<td class=\"tg-baqh\">228\/0.30<\/td>\n<td class=\"tg-nrix\">0.8<\/td>\n<td class=\"tg-baqh\">7.8\u00b10.5<\/td>\n<td class=\"tg-nrix\">1.21<\/td>\n<\/tr>\n<tr>\n<td class=\"tg-nrix\">25<\/td>\n<td class=\"tg-baqh\">361\/0.30<\/td>\n<td class=\"tg-nrix\">0.8<\/td>\n<td class=\"tg-baqh\">9.5\u00b10.5<\/td>\n<td class=\"tg-nrix\">0.78<\/td>\n<\/tr>\n<tr>\n<td class=\"tg-nrix\">35<\/td>\n<td class=\"tg-baqh\">494\/0.30<\/td>\n<td class=\"tg-nrix\">1<\/td>\n<td class=\"tg-baqh\">11.2\u00b11.0<\/td>\n<td class=\"tg-nrix\">0.554<\/td>\n<\/tr>\n<tr>\n<td class=\"tg-nrix\">50<\/td>\n<td class=\"tg-baqh\">703\/0.30<\/td>\n<td class=\"tg-nrix\">1.2<\/td>\n<td class=\"tg-baqh\">13.2\u00b11.0<\/td>\n<td class=\"tg-nrix\">0.386<\/td>\n<\/tr>\n<tr>\n<td class=\"tg-nrix\">70<\/td>\n<td class=\"tg-baqh\">988\/0.30<\/td>\n<td class=\"tg-nrix\">1.2<\/td>\n<td class=\"tg-baqh\">15.4\u00b11.0<\/td>\n<td class=\"tg-nrix\">0.272<\/td>\n<\/tr>\n<tr>\n<td class=\"tg-nrix\">95<\/td>\n<td class=\"tg-baqh\">760\/0.40<\/td>\n<td class=\"tg-nrix\">1.2<\/td>\n<td class=\"tg-baqh\">17.4\u00b11.0<\/td>\n<td class=\"tg-nrix\">0.206<\/td>\n<\/tr>\n<tr>\n<td class=\"tg-nrix\">120<\/td>\n<td class=\"tg-baqh\">608\/0.5<\/td>\n<td class=\"tg-nrix\">1.2<\/td>\n<td class=\"tg-baqh\">19.6\u00b11.0<\/td>\n<td class=\"tg-nrix\">0.161<\/td>\n<\/tr>\n<\/tbody>\n<\/table>\n<p>Hinweis: Produkte mit anderen Spezifikationen k\u00f6nnen gem\u00e4\u00df der Vereinbarung zwischen dem Lieferanten und dem K\u00e4ufer hergestellt werden.<\/p>\n<p>&nbsp;<\/p>\n","protected":false},"excerpt":{"rendered":"<p>Dieses Produkt ist ein verbessertes Produkt von GN350. Es f\u00fcgt wasserdichte und temperaturbest\u00e4ndige Materialien hinzu, um eine gute Isolierung in feuchten Umgebungen zu gew\u00e4hrleisten. Es kann in wechselnden hei\u00dfen und kalten Situationen und bei hoher Luftfeuchtigkeit eingesetzt werden, wie z. B. Metallurgie, W\u00e4rmetechnik, Erd\u00f6l, chemische Industrie, Erdgas, Kerosin usw. Dr\u00e4hte und Kabel, die in verschiedenen elektrischen Ger\u00e4ten ben\u00f6tigt werden, die einen Brandschutz in der Umgebung erfordern.<\/p>\n","protected":false},"featured_media":13282,"template":"","meta":{"_eb_attr":"","site-sidebar-layout":"default","site-content-layout":"","ast-site-content-layout":"default","site-content-style":"default","site-sidebar-style":"default","ast-global-header-display":"","ast-banner-title-visibility":"","ast-main-header-display":"","ast-hfb-above-header-display":"","ast-hfb-below-header-display":"","ast-hfb-mobile-header-display":"","site-post-title":"","ast-breadcrumbs-content":"","ast-featured-img":"","footer-sml-layout":"","theme-transparent-header-meta":"default","adv-header-id-meta":"","stick-header-meta":"","header-above-stick-meta":"","header-main-stick-meta":"","header-below-stick-meta":"","astra-migrate-meta-layouts":"default","ast-page-background-enabled":"default","ast-page-background-meta":{"desktop":{"background-color":"","background-image":"","background-repeat":"repeat","background-position":"center center","background-size":"auto","background-attachment":"scroll","background-type":"","background-media":"","overlay-type":"","overlay-color":"","overlay-opacity":"","overlay-gradient":""},"tablet":{"background-color":"","background-image":"","background-repeat":"repeat","background-position":"center center","background-size":"auto","background-attachment":"scroll","background-type":"","background-media":"","overlay-type":"","overlay-color":"","overlay-opacity":"","overlay-gradient":""},"mobile":{"background-color":"","background-image":"","background-repeat":"repeat","background-position":"center center","background-size":"auto","background-attachment":"scroll","background-type":"","background-media":"","overlay-type":"","overlay-color":"","overlay-opacity":"","overlay-gradient":""}},"ast-content-background-meta":{"desktop":{"background-color":"var(--ast-global-color-5)","background-image":"","background-repeat":"repeat","background-position":"center center","background-size":"auto","background-attachment":"scroll","background-type":"","background-media":"","overlay-type":"","overlay-color":"","overlay-opacity":"","overlay-gradient":""},"tablet":{"background-color":"var(--ast-global-color-5)","background-image":"","background-repeat":"repeat","background-position":"center center","background-size":"auto","background-attachment":"scroll","background-type":"","background-media":"","overlay-type":"","overlay-color":"","overlay-opacity":"","overlay-gradient":""},"mobile":{"background-color":"var(--ast-global-color-5)","background-image":"","background-repeat":"repeat","background-position":"center center","background-size":"auto","background-attachment":"scroll","background-type":"","background-media":"","overlay-type":"","overlay-color":"","overlay-opacity":"","overlay-gradient":""}}},"product_brand":[],"product_cat":[693,694,695,696,697,698,699,700,692,702,1578,1586,713],"product_tag":[1677,1676],"class_list":{"0":"post-19995","1":"product","2":"type-product","3":"status-publish","4":"has-post-thumbnail","6":"product_cat-enstandard-cable-de","7":"product_cat-en50264-de","8":"product_cat-en50306-de","9":"product_cat-en50382-de","10":"product_cat-high-temperature-cable-de","11":"product_cat-ice-standard-de","12":"product_cat-lsoh-cable-de","13":"product_cat-marine-de","14":"product_cat-customized-cable-de","15":"product_cat-oil-gas-de","16":"product_cat-olbestandiges-kabel","17":"product_cat-wasserbestandiges-kabel","18":"product_cat-wind-power-de","19":"product_tag-gn350-n1-de","20":"product_tag-hochtemperaturbestandige-feuerbestandige-drahtisolierung-aus-wasserdichtem-material","21":"desktop-align-center","22":"tablet-align-left","23":"mobile-align-left","25":"first","26":"instock","27":"shipping-taxable","28":"product-type-simple"},"yoast_head":"<!-- This site is optimized with the Yoast SEO plugin v27.4 - https:\/\/yoast.com\/product\/yoast-seo-wordpress\/ -->\n<title>Hochtemperaturbest\u00e4ndiges, feuerbest\u00e4ndiges, \u00f6lbest\u00e4ndiges Kabel GN350-N1 - TST CABLES supplier &amp; Manufacture<\/title>\n<meta name=\"description\" content=\"Dieses Produkt ist ein verbessertes Produkt von GN350. Es f\u00fcgt wasserdichte und temperaturbest\u00e4ndige Materialien hinzu, um eine gute Isolierung in feuchten Umgebungen zu gew\u00e4hrleisten. Es kann in wechselnden hei\u00dfen und kalten Situationen sowie bei hoher Luftfeuchtigkeit eingesetzt werden\" \/>\n<meta name=\"robots\" content=\"index, follow, max-snippet:-1, max-image-preview:large, max-video-preview:-1\" \/>\n<link rel=\"canonical\" href=\"https:\/\/www.tstcables.com\/de\/produkt\/hochtemperaturbestaendiges-feuerbestaendiges-oelbestaendiges-kabel-gn350-n1\/\" \/>\n<meta property=\"og:locale\" content=\"de_DE\" \/>\n<meta property=\"og:type\" content=\"article\" \/>\n<meta property=\"og:title\" content=\"Hochtemperaturbest\u00e4ndiges, feuerbest\u00e4ndiges, \u00f6lbest\u00e4ndiges Kabel GN350-N1 - TST CABLES supplier &amp; Manufacture\" \/>\n<meta property=\"og:description\" content=\"Dieses Produkt ist ein verbessertes Produkt von GN350. Es f\u00fcgt wasserdichte und temperaturbest\u00e4ndige Materialien hinzu, um eine gute Isolierung in feuchten Umgebungen zu gew\u00e4hrleisten. Es kann in wechselnden hei\u00dfen und kalten Situationen sowie bei hoher Luftfeuchtigkeit eingesetzt werden\" \/>\n<meta property=\"og:url\" content=\"https:\/\/www.tstcables.com\/de\/produkt\/hochtemperaturbestaendiges-feuerbestaendiges-oelbestaendiges-kabel-gn350-n1\/\" \/>\n<meta property=\"og:site_name\" content=\"TST CABLES supplier &amp; Manufacture\" \/>\n<meta property=\"og:image\" content=\"https:\/\/www.tstcables.com\/wp-content\/uploads\/2024\/03\/EN50306-4-5pe-2.jpg\" \/>\n\t<meta property=\"og:image:width\" content=\"1000\" \/>\n\t<meta property=\"og:image:height\" content=\"1000\" \/>\n\t<meta property=\"og:image:type\" content=\"image\/jpeg\" \/>\n<meta name=\"twitter:card\" content=\"summary_large_image\" \/>\n<meta name=\"twitter:label1\" content=\"Gesch\u00e4tzte Lesezeit\" \/>\n\t<meta name=\"twitter:data1\" content=\"1\u00a0Minute\" \/>\n<script type=\"application\/ld+json\" class=\"yoast-schema-graph\">{\"@context\":\"https:\\\/\\\/schema.org\",\"@graph\":[{\"@type\":\"WebPage\",\"@id\":\"https:\\\/\\\/www.tstcables.com\\\/de\\\/produkt\\\/hochtemperaturbestaendiges-feuerbestaendiges-oelbestaendiges-kabel-gn350-n1\\\/\",\"url\":\"https:\\\/\\\/www.tstcables.com\\\/de\\\/produkt\\\/hochtemperaturbestaendiges-feuerbestaendiges-oelbestaendiges-kabel-gn350-n1\\\/\",\"name\":\"Hochtemperaturbest\u00e4ndiges, feuerbest\u00e4ndiges, \u00f6lbest\u00e4ndiges Kabel GN350-N1 - TST CABLES supplier &amp; Manufacture\",\"isPartOf\":{\"@id\":\"https:\\\/\\\/www.tstcables.com\\\/de\\\/#website\"},\"primaryImageOfPage\":{\"@id\":\"https:\\\/\\\/www.tstcables.com\\\/de\\\/produkt\\\/hochtemperaturbestaendiges-feuerbestaendiges-oelbestaendiges-kabel-gn350-n1\\\/#primaryimage\"},\"image\":{\"@id\":\"https:\\\/\\\/www.tstcables.com\\\/de\\\/produkt\\\/hochtemperaturbestaendiges-feuerbestaendiges-oelbestaendiges-kabel-gn350-n1\\\/#primaryimage\"},\"thumbnailUrl\":\"https:\\\/\\\/www.tstcables.com\\\/wp-content\\\/uploads\\\/2024\\\/03\\\/EN50306-4-5pe-2.jpg\",\"datePublished\":\"2024-03-22T03:05:19+00:00\",\"description\":\"Dieses Produkt ist ein verbessertes Produkt von GN350. Es f\u00fcgt wasserdichte und temperaturbest\u00e4ndige Materialien hinzu, um eine gute Isolierung in feuchten Umgebungen zu gew\u00e4hrleisten. Es kann in wechselnden hei\u00dfen und kalten Situationen sowie bei hoher Luftfeuchtigkeit eingesetzt werden\",\"breadcrumb\":{\"@id\":\"https:\\\/\\\/www.tstcables.com\\\/de\\\/produkt\\\/hochtemperaturbestaendiges-feuerbestaendiges-oelbestaendiges-kabel-gn350-n1\\\/#breadcrumb\"},\"inLanguage\":\"de\",\"potentialAction\":[{\"@type\":\"ReadAction\",\"target\":[\"https:\\\/\\\/www.tstcables.com\\\/de\\\/produkt\\\/hochtemperaturbestaendiges-feuerbestaendiges-oelbestaendiges-kabel-gn350-n1\\\/\"]}]},{\"@type\":\"ImageObject\",\"inLanguage\":\"de\",\"@id\":\"https:\\\/\\\/www.tstcables.com\\\/de\\\/produkt\\\/hochtemperaturbestaendiges-feuerbestaendiges-oelbestaendiges-kabel-gn350-n1\\\/#primaryimage\",\"url\":\"https:\\\/\\\/www.tstcables.com\\\/wp-content\\\/uploads\\\/2024\\\/03\\\/EN50306-4-5pe-2.jpg\",\"contentUrl\":\"https:\\\/\\\/www.tstcables.com\\\/wp-content\\\/uploads\\\/2024\\\/03\\\/EN50306-4-5pe-2.jpg\",\"width\":1000,\"height\":1000,\"caption\":\"High temperature fire-resistant wire waterproof material insulation GN350-N1\"},{\"@type\":\"BreadcrumbList\",\"@id\":\"https:\\\/\\\/www.tstcables.com\\\/de\\\/produkt\\\/hochtemperaturbestaendiges-feuerbestaendiges-oelbestaendiges-kabel-gn350-n1\\\/#breadcrumb\",\"itemListElement\":[{\"@type\":\"ListItem\",\"position\":1,\"name\":\"\u9996\u9875\",\"item\":\"https:\\\/\\\/www.tstcables.com\\\/de\\\/\"},{\"@type\":\"ListItem\",\"position\":2,\"name\":\"Product\",\"item\":\"https:\\\/\\\/www.tstcables.com\\\/product\\\/\"},{\"@type\":\"ListItem\",\"position\":3,\"name\":\"Hochtemperaturbest\u00e4ndiges, feuerbest\u00e4ndiges, \u00f6lbest\u00e4ndiges Kabel GN350-N1\"}]},{\"@type\":\"WebSite\",\"@id\":\"https:\\\/\\\/www.tstcables.com\\\/de\\\/#website\",\"url\":\"https:\\\/\\\/www.tstcables.com\\\/de\\\/\",\"name\":\"TST Cable supplier & Manufacture\",\"description\":\"TST CABLES  supplier &amp; Manufacture official website\",\"publisher\":{\"@id\":\"https:\\\/\\\/www.tstcables.com\\\/de\\\/#organization\"},\"potentialAction\":[{\"@type\":\"SearchAction\",\"target\":{\"@type\":\"EntryPoint\",\"urlTemplate\":\"https:\\\/\\\/www.tstcables.com\\\/de\\\/?s={search_term_string}\"},\"query-input\":{\"@type\":\"PropertyValueSpecification\",\"valueRequired\":true,\"valueName\":\"search_term_string\"}}],\"inLanguage\":\"de\"},{\"@type\":\"Organization\",\"@id\":\"https:\\\/\\\/www.tstcables.com\\\/de\\\/#organization\",\"name\":\"TST Cable supplier & Manufacture\",\"url\":\"https:\\\/\\\/www.tstcables.com\\\/de\\\/\",\"logo\":{\"@type\":\"ImageObject\",\"inLanguage\":\"de\",\"@id\":\"https:\\\/\\\/www.tstcables.com\\\/de\\\/#\\\/schema\\\/logo\\\/image\\\/\",\"url\":\"https:\\\/\\\/www.tstcables.com\\\/wp-content\\\/uploads\\\/2024\\\/04\\\/cropped-\u753b\u677f-1-\u62f7\u8d1d-4-1.png\",\"contentUrl\":\"https:\\\/\\\/www.tstcables.com\\\/wp-content\\\/uploads\\\/2024\\\/04\\\/cropped-\u753b\u677f-1-\u62f7\u8d1d-4-1.png\",\"width\":300,\"height\":100,\"caption\":\"TST Cable supplier & Manufacture\"},\"image\":{\"@id\":\"https:\\\/\\\/www.tstcables.com\\\/de\\\/#\\\/schema\\\/logo\\\/image\\\/\"}}]}<\/script>\n<!-- \/ Yoast SEO plugin. -->","yoast_head_json":{"title":"Hochtemperaturbest\u00e4ndiges, feuerbest\u00e4ndiges, \u00f6lbest\u00e4ndiges Kabel GN350-N1 - TST CABLES supplier &amp; Manufacture","description":"Dieses Produkt ist ein verbessertes Produkt von GN350. Es f\u00fcgt wasserdichte und temperaturbest\u00e4ndige Materialien hinzu, um eine gute Isolierung in feuchten Umgebungen zu gew\u00e4hrleisten. Es kann in wechselnden hei\u00dfen und kalten Situationen sowie bei hoher Luftfeuchtigkeit eingesetzt werden","robots":{"index":"index","follow":"follow","max-snippet":"max-snippet:-1","max-image-preview":"max-image-preview:large","max-video-preview":"max-video-preview:-1"},"canonical":"https:\/\/www.tstcables.com\/de\/produkt\/hochtemperaturbestaendiges-feuerbestaendiges-oelbestaendiges-kabel-gn350-n1\/","og_locale":"de_DE","og_type":"article","og_title":"Hochtemperaturbest\u00e4ndiges, feuerbest\u00e4ndiges, \u00f6lbest\u00e4ndiges Kabel GN350-N1 - TST CABLES supplier &amp; Manufacture","og_description":"Dieses Produkt ist ein verbessertes Produkt von GN350. Es f\u00fcgt wasserdichte und temperaturbest\u00e4ndige Materialien hinzu, um eine gute Isolierung in feuchten Umgebungen zu gew\u00e4hrleisten. Es kann in wechselnden hei\u00dfen und kalten Situationen sowie bei hoher Luftfeuchtigkeit eingesetzt werden","og_url":"https:\/\/www.tstcables.com\/de\/produkt\/hochtemperaturbestaendiges-feuerbestaendiges-oelbestaendiges-kabel-gn350-n1\/","og_site_name":"TST CABLES supplier &amp; Manufacture","og_image":[{"width":1000,"height":1000,"url":"https:\/\/www.tstcables.com\/wp-content\/uploads\/2024\/03\/EN50306-4-5pe-2.jpg","type":"image\/jpeg"}],"twitter_card":"summary_large_image","twitter_misc":{"Gesch\u00e4tzte Lesezeit":"1\u00a0Minute"},"schema":{"@context":"https:\/\/schema.org","@graph":[{"@type":"WebPage","@id":"https:\/\/www.tstcables.com\/de\/produkt\/hochtemperaturbestaendiges-feuerbestaendiges-oelbestaendiges-kabel-gn350-n1\/","url":"https:\/\/www.tstcables.com\/de\/produkt\/hochtemperaturbestaendiges-feuerbestaendiges-oelbestaendiges-kabel-gn350-n1\/","name":"Hochtemperaturbest\u00e4ndiges, feuerbest\u00e4ndiges, \u00f6lbest\u00e4ndiges Kabel GN350-N1 - TST CABLES supplier &amp; Manufacture","isPartOf":{"@id":"https:\/\/www.tstcables.com\/de\/#website"},"primaryImageOfPage":{"@id":"https:\/\/www.tstcables.com\/de\/produkt\/hochtemperaturbestaendiges-feuerbestaendiges-oelbestaendiges-kabel-gn350-n1\/#primaryimage"},"image":{"@id":"https:\/\/www.tstcables.com\/de\/produkt\/hochtemperaturbestaendiges-feuerbestaendiges-oelbestaendiges-kabel-gn350-n1\/#primaryimage"},"thumbnailUrl":"https:\/\/www.tstcables.com\/wp-content\/uploads\/2024\/03\/EN50306-4-5pe-2.jpg","datePublished":"2024-03-22T03:05:19+00:00","description":"Dieses Produkt ist ein verbessertes Produkt von GN350. Es f\u00fcgt wasserdichte und temperaturbest\u00e4ndige Materialien hinzu, um eine gute Isolierung in feuchten Umgebungen zu gew\u00e4hrleisten. Es kann in wechselnden hei\u00dfen und kalten Situationen sowie bei hoher Luftfeuchtigkeit eingesetzt werden","breadcrumb":{"@id":"https:\/\/www.tstcables.com\/de\/produkt\/hochtemperaturbestaendiges-feuerbestaendiges-oelbestaendiges-kabel-gn350-n1\/#breadcrumb"},"inLanguage":"de","potentialAction":[{"@type":"ReadAction","target":["https:\/\/www.tstcables.com\/de\/produkt\/hochtemperaturbestaendiges-feuerbestaendiges-oelbestaendiges-kabel-gn350-n1\/"]}]},{"@type":"ImageObject","inLanguage":"de","@id":"https:\/\/www.tstcables.com\/de\/produkt\/hochtemperaturbestaendiges-feuerbestaendiges-oelbestaendiges-kabel-gn350-n1\/#primaryimage","url":"https:\/\/www.tstcables.com\/wp-content\/uploads\/2024\/03\/EN50306-4-5pe-2.jpg","contentUrl":"https:\/\/www.tstcables.com\/wp-content\/uploads\/2024\/03\/EN50306-4-5pe-2.jpg","width":1000,"height":1000,"caption":"High temperature fire-resistant wire waterproof material insulation GN350-N1"},{"@type":"BreadcrumbList","@id":"https:\/\/www.tstcables.com\/de\/produkt\/hochtemperaturbestaendiges-feuerbestaendiges-oelbestaendiges-kabel-gn350-n1\/#breadcrumb","itemListElement":[{"@type":"ListItem","position":1,"name":"\u9996\u9875","item":"https:\/\/www.tstcables.com\/de\/"},{"@type":"ListItem","position":2,"name":"Product","item":"https:\/\/www.tstcables.com\/product\/"},{"@type":"ListItem","position":3,"name":"Hochtemperaturbest\u00e4ndiges, feuerbest\u00e4ndiges, \u00f6lbest\u00e4ndiges Kabel GN350-N1"}]},{"@type":"WebSite","@id":"https:\/\/www.tstcables.com\/de\/#website","url":"https:\/\/www.tstcables.com\/de\/","name":"TST Cable supplier & Manufacture","description":"TST CABLES  supplier &amp; Manufacture official website","publisher":{"@id":"https:\/\/www.tstcables.com\/de\/#organization"},"potentialAction":[{"@type":"SearchAction","target":{"@type":"EntryPoint","urlTemplate":"https:\/\/www.tstcables.com\/de\/?s={search_term_string}"},"query-input":{"@type":"PropertyValueSpecification","valueRequired":true,"valueName":"search_term_string"}}],"inLanguage":"de"},{"@type":"Organization","@id":"https:\/\/www.tstcables.com\/de\/#organization","name":"TST Cable supplier & Manufacture","url":"https:\/\/www.tstcables.com\/de\/","logo":{"@type":"ImageObject","inLanguage":"de","@id":"https:\/\/www.tstcables.com\/de\/#\/schema\/logo\/image\/","url":"https:\/\/www.tstcables.com\/wp-content\/uploads\/2024\/04\/cropped-\u753b\u677f-1-\u62f7\u8d1d-4-1.png","contentUrl":"https:\/\/www.tstcables.com\/wp-content\/uploads\/2024\/04\/cropped-\u753b\u677f-1-\u62f7\u8d1d-4-1.png","width":300,"height":100,"caption":"TST Cable supplier & Manufacture"},"image":{"@id":"https:\/\/www.tstcables.com\/de\/#\/schema\/logo\/image\/"}}]}},"_links":{"self":[{"href":"https:\/\/www.tstcables.com\/de\/wp-json\/wp\/v2\/product\/19995","targetHints":{"allow":["GET"]}}],"collection":[{"href":"https:\/\/www.tstcables.com\/de\/wp-json\/wp\/v2\/product"}],"about":[{"href":"https:\/\/www.tstcables.com\/de\/wp-json\/wp\/v2\/types\/product"}],"version-history":[{"count":0,"href":"https:\/\/www.tstcables.com\/de\/wp-json\/wp\/v2\/product\/19995\/revisions"}],"wp:featuredmedia":[{"embeddable":true,"href":"https:\/\/www.tstcables.com\/de\/wp-json\/wp\/v2\/media\/13282"}],"wp:attachment":[{"href":"https:\/\/www.tstcables.com\/de\/wp-json\/wp\/v2\/media?parent=19995"}],"wp:term":[{"taxonomy":"product_brand","embeddable":true,"href":"https:\/\/www.tstcables.com\/de\/wp-json\/wp\/v2\/product_brand?post=19995"},{"taxonomy":"product_cat","embeddable":true,"href":"https:\/\/www.tstcables.com\/de\/wp-json\/wp\/v2\/product_cat?post=19995"},{"taxonomy":"product_tag","embeddable":true,"href":"https:\/\/www.tstcables.com\/de\/wp-json\/wp\/v2\/product_tag?post=19995"}],"curies":[{"name":"wp","href":"https:\/\/api.w.org\/{rel}","templated":true}]}}