{"id":19996,"date":"2024-03-22T11:25:57","date_gmt":"2024-03-22T03:25:57","guid":{"rendered":"https:\/\/www.tstcables.com\/product\/500%e2%84%83-hochtemperaturbestaendiger-gn450-feuerfester-draht-rauchfrei-halogenfrei\/"},"modified":"2024-03-22T11:25:57","modified_gmt":"2024-03-22T03:25:57","slug":"500%e2%84%83-hochtemperaturbestaendiger-gn450-feuerfester-draht-rauchfrei-halogenfrei","status":"publish","type":"product","link":"https:\/\/www.tstcables.com\/de\/produkt\/500%e2%84%83-hochtemperaturbestaendiger-gn450-feuerfester-draht-rauchfrei-halogenfrei\/","title":{"rendered":"500\u2103 hochtemperaturbest\u00e4ndiger GN450 Feuerfester Draht, rauchfrei, halogenfrei"},"content":{"rendered":"<p><strong>Produktnummer<\/strong><\/p>\n<ul>\n<li>GN450<\/li>\n<\/ul>\n<p><strong>Industriestandard:<\/strong><\/p>\n<ul>\n<li>Q310114000209C025-2017<\/li>\n<\/ul>\n<p>&nbsp;<\/p>\n<p><strong>Produktmerkmale<\/strong><\/p>\n<ul>\n<li>Nennspannung 500V<\/li>\n<li>Temperaturbereich -60~+450\u2103 (Impulstemperaturbest\u00e4ndigkeit 500\u2103)<\/li>\n<li>Leiteraufbau aus vernickeltem Kupferdraht<\/li>\n<li>Die Farbe ist erdiges Gelb, Sie k\u00f6nnen zwischen schwarzer Gaze, roter Gaze usw. w\u00e4hlen.<\/li>\n<\/ul>\n<p>&nbsp;<\/p>\n<p><strong>Funktionen\/Verwendung<\/strong><\/p>\n<p>Produktanwendung: Bei diesem Produkt handelt es sich um Dr\u00e4hte und Kabel, die in verschiedenen elektrischen Ger\u00e4ten verwendet werden, die in besonderen Umgebungen wie Metallurgie, W\u00e4rmetechnik, Erd\u00f6l, chemische Industrie, Erdgas und Kerosin Brandschutz erfordern.<\/p>\n<p>&nbsp;<\/p>\n<p><strong>Lieferbedingungen<\/strong><\/p>\n<p>Lieferl\u00e4nge: Kurze Leitungsabschnitte von mindestens 10 Metern sind zul\u00e4ssig, ihre Menge darf jedoch 10 % der Gesamtliefermenge nicht \u00fcberschreiten. Verlegebedingungen: feste Verlegung, plus Flammenverbrennung, keine sch\u00e4dlichen und giftigen Gase<\/p>\n<p>&nbsp;<\/p>\n<p><strong> Technische Parameter<\/strong><\/p>\n<table class=\"tg\">\n<thead>\n<tr>\n<th class=\"tg-wa1i\">Nennquerschnitt (mm2)<\/th>\n<th class=\"tg-wa1i\">Leiteraufbau mm<\/th>\n<th class=\"tg-wa1i\">D\u00e4mmst\u00e4rke (mm)<\/th>\n<th class=\"tg-wa1i\">Kontrolle des Au\u00dfendurchmessers (mm)<\/th>\n<th class=\"tg-wa1i\">Gleichstromwiderstand des Leiters bei 20\u2103 (S2\/km)<\/th>\n<\/tr>\n<\/thead>\n<tbody>\n<tr>\n<td class=\"tg-nrix\">0.5<\/td>\n<td class=\"tg-baqh\">7 \u00d7 0.30<\/td>\n<td class=\"tg-nrix\">0.5<\/td>\n<td class=\"tg-baqh\">2.3\u571f0.3<\/td>\n<td class=\"tg-nrix\">40.8<\/td>\n<\/tr>\n<tr>\n<td class=\"tg-nrix\">0.75<\/td>\n<td class=\"tg-baqh\">11 \u00d7 0.30<\/td>\n<td class=\"tg-nrix\">0.5<\/td>\n<td class=\"tg-baqh\">2.5\u571f0.3<\/td>\n<td class=\"tg-nrix\">24.3<\/td>\n<\/tr>\n<tr>\n<td class=\"tg-nrix\">1<\/td>\n<td class=\"tg-baqh\">14 \u00d7 0.30<\/td>\n<td class=\"tg-nrix\">0.5<\/td>\n<td class=\"tg-baqh\">2.6\u571f0.3<\/td>\n<td class=\"tg-nrix\">20<\/td>\n<\/tr>\n<tr>\n<td class=\"tg-nrix\">1.5<\/td>\n<td class=\"tg-baqh\">21 \u00d7 0.30<\/td>\n<td class=\"tg-nrix\">0.5<\/td>\n<td class=\"tg-baqh\">2.9\u571f0.3<\/td>\n<td class=\"tg-nrix\">12.6<\/td>\n<\/tr>\n<tr>\n<td class=\"tg-nrix\">2<\/td>\n<td class=\"tg-baqh\">28 \u00d7 0.30<\/td>\n<td class=\"tg-nrix\">0.6<\/td>\n<td class=\"tg-baqh\">3.3\u00b10.5<\/td>\n<td class=\"tg-nrix\">9.84<\/td>\n<\/tr>\n<tr>\n<td class=\"tg-nrix\">2.5<\/td>\n<td class=\"tg-baqh\">35 \u00d7 0.30<\/td>\n<td class=\"tg-nrix\">0.6<\/td>\n<td class=\"tg-baqh\">3.6\u571f0.5<\/td>\n<td class=\"tg-baqh\">7. 37<\/td>\n<\/tr>\n<tr>\n<td class=\"tg-nrix\">4<\/td>\n<td class=\"tg-baqh\">56 \u00d7 0.30<\/td>\n<td class=\"tg-nrix\">0.8<\/td>\n<td class=\"tg-baqh\">4.7\u00b10.5<\/td>\n<td class=\"tg-nrix\">4.83<\/td>\n<\/tr>\n<tr>\n<td class=\"tg-nrix\">6<\/td>\n<td class=\"tg-baqh\">84 \u00d7 0.30<\/td>\n<td class=\"tg-nrix\">0.8<\/td>\n<td class=\"tg-baqh\">5.5 \u00b1 0.5<\/td>\n<td class=\"tg-nrix\">3.26<\/td>\n<\/tr>\n<tr>\n<td class=\"tg-nrix\">10<\/td>\n<td class=\"tg-baqh\">84 \u00d7 0.40<\/td>\n<td class=\"tg-nrix\">0.8<\/td>\n<td class=\"tg-baqh\">6.6\u00b10.5<\/td>\n<td class=\"tg-nrix\">1.8<\/td>\n<\/tr>\n<tr>\n<td class=\"tg-nrix\" rowspan=\"2\">16<\/td>\n<td class=\"tg-baqh\">228 \u00d7 0.30<\/td>\n<td class=\"tg-nrix\">0.8<\/td>\n<td class=\"tg-baqh\">7.8\u00b10.5<\/td>\n<td class=\"tg-nrix\">1.31<\/td>\n<\/tr>\n<tr>\n<td class=\"tg-baqh\">126 \u00d7 0.40<\/td>\n<td class=\"tg-nrix\">0.8<\/td>\n<td class=\"tg-baqh\">7.8\u00b10.5<\/td>\n<td class=\"tg-nrix\">1.31<\/td>\n<\/tr>\n<tr>\n<td class=\"tg-nrix\" rowspan=\"2\">25<\/td>\n<td class=\"tg-baqh\">196\u00d7 0.40<\/td>\n<td class=\"tg-nrix\">0.8<\/td>\n<td class=\"tg-baqh\">9.5\u00b10.5<\/td>\n<td class=\"tg-nrix\">0.758<\/td>\n<\/tr>\n<tr>\n<td class=\"tg-baqh\">361 \u00d7 0.30<\/td>\n<td class=\"tg-nrix\">0.8<\/td>\n<td class=\"tg-baqh\">9.5\u571f 0.5<\/td>\n<td class=\"tg-nrix\">0.758<\/td>\n<\/tr>\n<tr>\n<td class=\"tg-nrix\">35<\/td>\n<td class=\"tg-baqh\">494 \u00d7 0.30<\/td>\n<td class=\"tg-nrix\">1<\/td>\n<td class=\"tg-baqh\">11.2\u00b11.0<\/td>\n<td class=\"tg-nrix\">0.548<\/td>\n<\/tr>\n<tr>\n<td class=\"tg-nrix\" rowspan=\"2\">50<\/td>\n<td class=\"tg-baqh\">396 \u00d7 0.40<\/td>\n<td class=\"tg-nrix\">1.2<\/td>\n<td class=\"tg-baqh\">13.2\u00b11.0<\/td>\n<td class=\"tg-baqh\">0. 384<\/td>\n<\/tr>\n<tr>\n<td class=\"tg-baqh\">703 \u00d7 0.30<\/td>\n<td class=\"tg-nrix\">1.2<\/td>\n<td class=\"tg-baqh\">13.2\u00b11.0<\/td>\n<td class=\"tg-nrix\">0.384<\/td>\n<\/tr>\n<tr>\n<td class=\"tg-nrix\" rowspan=\"2\">70<\/td>\n<td class=\"tg-baqh\">551 \u00d7 0.40<\/td>\n<td class=\"tg-nrix\">1.2<\/td>\n<td class=\"tg-baqh\">15.4\u00b11.0<\/td>\n<td class=\"tg-nrix\">0.289<\/td>\n<\/tr>\n<tr>\n<td class=\"tg-baqh\">988 \u00d7 0.30<\/td>\n<td class=\"tg-nrix\">1.2<\/td>\n<td class=\"tg-baqh\">15.4\u00b11.0<\/td>\n<td class=\"tg-nrix\">0.289<\/td>\n<\/tr>\n<tr>\n<td class=\"tg-nrix\">95<\/td>\n<td class=\"tg-baqh\">760 \u00d7 0.40<\/td>\n<td class=\"tg-nrix\">1.2<\/td>\n<td class=\"tg-baqh\">17.4\u571f1.0<\/td>\n<td class=\"tg-nrix\">0.205<\/td>\n<\/tr>\n<\/tbody>\n<\/table>\n<p>Hinweis: Produkte mit anderen Spezifikationen k\u00f6nnen gem\u00e4\u00df der Vereinbarung zwischen dem Lieferanten und dem K\u00e4ufer hergestellt werden.<\/p>\n<p>&nbsp;<\/p>\n","protected":false},"excerpt":{"rendered":"<p>Bei diesem Produkt handelt es sich um Dr\u00e4hte und Kabel, die in verschiedenen elektrischen Ger\u00e4ten verwendet werden, die in besonderen Umgebungen wie Metallurgie, W\u00e4rmetechnik, Erd\u00f6l, chemische Industrie, Erdgas und Kerosin Brandschutz erfordern. Best\u00e4ndig gegen hohe Temperaturen von 500 \u00b0C.<\/p>\n","protected":false},"featured_media":13154,"template":"","meta":{"_eb_attr":"","site-sidebar-layout":"default","site-content-layout":"","ast-site-content-layout":"default","site-content-style":"default","site-sidebar-style":"default","ast-global-header-display":"","ast-banner-title-visibility":"","ast-main-header-display":"","ast-hfb-above-header-display":"","ast-hfb-below-header-display":"","ast-hfb-mobile-header-display":"","site-post-title":"","ast-breadcrumbs-content":"","ast-featured-img":"","footer-sml-layout":"","theme-transparent-header-meta":"default","adv-header-id-meta":"","stick-header-meta":"","header-above-stick-meta":"","header-main-stick-meta":"","header-below-stick-meta":"","astra-migrate-meta-layouts":"default","ast-page-background-enabled":"default","ast-page-background-meta":{"desktop":{"background-color":"","background-image":"","background-repeat":"repeat","background-position":"center center","background-size":"auto","background-attachment":"scroll","background-type":"","background-media":"","overlay-type":"","overlay-color":"","overlay-opacity":"","overlay-gradient":""},"tablet":{"background-color":"","background-image":"","background-repeat":"repeat","background-position":"center center","background-size":"auto","background-attachment":"scroll","background-type":"","background-media":"","overlay-type":"","overlay-color":"","overlay-opacity":"","overlay-gradient":""},"mobile":{"background-color":"","background-image":"","background-repeat":"repeat","background-position":"center center","background-size":"auto","background-attachment":"scroll","background-type":"","background-media":"","overlay-type":"","overlay-color":"","overlay-opacity":"","overlay-gradient":""}},"ast-content-background-meta":{"desktop":{"background-color":"var(--ast-global-color-5)","background-image":"","background-repeat":"repeat","background-position":"center center","background-size":"auto","background-attachment":"scroll","background-type":"","background-media":"","overlay-type":"","overlay-color":"","overlay-opacity":"","overlay-gradient":""},"tablet":{"background-color":"var(--ast-global-color-5)","background-image":"","background-repeat":"repeat","background-position":"center center","background-size":"auto","background-attachment":"scroll","background-type":"","background-media":"","overlay-type":"","overlay-color":"","overlay-opacity":"","overlay-gradient":""},"mobile":{"background-color":"var(--ast-global-color-5)","background-image":"","background-repeat":"repeat","background-position":"center center","background-size":"auto","background-attachment":"scroll","background-type":"","background-media":"","overlay-type":"","overlay-color":"","overlay-opacity":"","overlay-gradient":""}}},"product_brand":[],"product_cat":[708,693,694,695,696,697,698,699,691,700,692,701,702,713],"product_tag":[1678,1666,1679],"class_list":{"0":"post-19996","1":"product","2":"type-product","3":"status-publish","4":"has-post-thumbnail","6":"product_cat-rail-way-de","7":"product_cat-enstandard-cable-de","8":"product_cat-en50264-de","9":"product_cat-en50306-de","10":"product_cat-en50382-de","11":"product_cat-high-temperature-cable-de","12":"product_cat-ice-standard-de","13":"product_cat-lsoh-cable-de","14":"product_cat-aviation-de","15":"product_cat-marine-de","16":"product_cat-customized-cable-de","17":"product_cat-nuclear-de","18":"product_cat-oil-gas-de","19":"product_cat-wind-power-de","20":"product_tag-bestandig-gegen-500--hochtemperatur-gn450","21":"product_tag-feuerfester-draht-rauchhalogenfrei-flammhemmend","22":"product_tag-hochtemperatur-gn450","23":"desktop-align-center","24":"tablet-align-left","25":"mobile-align-left","27":"first","28":"instock","29":"shipping-taxable","30":"product-type-simple"},"yoast_head":"<!-- This site is optimized with the Yoast SEO plugin v27.5 - https:\/\/yoast.com\/product\/yoast-seo-wordpress\/ -->\n<title>Best\u00e4ndig gegen 500\u2103 hohe Temperaturen GN450 Feuerbest\u00e4ndiger Drahtrauch, halogenfrei, flammhemmend<\/title>\n<meta name=\"description\" content=\"Bei diesem Produkt handelt es sich um Dr\u00e4hte und Kabel, die in verschiedenen elektrischen Ger\u00e4ten verwendet werden, die in besonderen Umgebungen wie Metallurgie, W\u00e4rmetechnik, Erd\u00f6l, chemische Industrie, Erdgas und Kerosin Brandschutz erfordern. Best\u00e4ndig gegen hohe Temperaturen von 500 \u00b0C.\" \/>\n<meta name=\"robots\" content=\"index, follow, max-snippet:-1, max-image-preview:large, max-video-preview:-1\" \/>\n<link rel=\"canonical\" href=\"https:\/\/www.tstcables.com\/de\/produkt\/500%e2%84%83-hochtemperaturbestaendiger-gn450-feuerfester-draht-rauchfrei-halogenfrei\/\" \/>\n<meta property=\"og:locale\" content=\"de_DE\" \/>\n<meta property=\"og:type\" content=\"article\" \/>\n<meta property=\"og:title\" content=\"Best\u00e4ndig gegen 500\u2103 hohe Temperaturen GN450 Feuerbest\u00e4ndiger Drahtrauch, halogenfrei, flammhemmend\" \/>\n<meta property=\"og:description\" content=\"Bei diesem Produkt handelt es sich um Dr\u00e4hte und Kabel, die in verschiedenen elektrischen Ger\u00e4ten verwendet werden, die in besonderen Umgebungen wie Metallurgie, W\u00e4rmetechnik, Erd\u00f6l, chemische Industrie, Erdgas und Kerosin Brandschutz erfordern. Best\u00e4ndig gegen hohe Temperaturen von 500 \u00b0C.\" \/>\n<meta property=\"og:url\" content=\"https:\/\/www.tstcables.com\/de\/produkt\/500%e2%84%83-hochtemperaturbestaendiger-gn450-feuerfester-draht-rauchfrei-halogenfrei\/\" \/>\n<meta property=\"og:site_name\" content=\"TST CABLES supplier &amp; Manufacture\" \/>\n<meta property=\"og:image\" content=\"https:\/\/www.tstcables.com\/wp-content\/uploads\/2024\/03\/4-14.jpg\" \/>\n\t<meta property=\"og:image:width\" content=\"640\" \/>\n\t<meta property=\"og:image:height\" content=\"640\" \/>\n\t<meta property=\"og:image:type\" content=\"image\/jpeg\" \/>\n<meta name=\"twitter:card\" content=\"summary_large_image\" \/>\n<meta name=\"twitter:label1\" content=\"Gesch\u00e4tzte Lesezeit\" \/>\n\t<meta name=\"twitter:data1\" content=\"1\u00a0Minute\" \/>\n<script type=\"application\/ld+json\" class=\"yoast-schema-graph\">{\"@context\":\"https:\\\/\\\/schema.org\",\"@graph\":[{\"@type\":\"WebPage\",\"@id\":\"https:\\\/\\\/www.tstcables.com\\\/de\\\/produkt\\\/500%e2%84%83-hochtemperaturbestaendiger-gn450-feuerfester-draht-rauchfrei-halogenfrei\\\/\",\"url\":\"https:\\\/\\\/www.tstcables.com\\\/de\\\/produkt\\\/500%e2%84%83-hochtemperaturbestaendiger-gn450-feuerfester-draht-rauchfrei-halogenfrei\\\/\",\"name\":\"Best\u00e4ndig gegen 500\u2103 hohe Temperaturen GN450 Feuerbest\u00e4ndiger Drahtrauch, halogenfrei, flammhemmend\",\"isPartOf\":{\"@id\":\"https:\\\/\\\/www.tstcables.com\\\/de\\\/#website\"},\"primaryImageOfPage\":{\"@id\":\"https:\\\/\\\/www.tstcables.com\\\/de\\\/produkt\\\/500%e2%84%83-hochtemperaturbestaendiger-gn450-feuerfester-draht-rauchfrei-halogenfrei\\\/#primaryimage\"},\"image\":{\"@id\":\"https:\\\/\\\/www.tstcables.com\\\/de\\\/produkt\\\/500%e2%84%83-hochtemperaturbestaendiger-gn450-feuerfester-draht-rauchfrei-halogenfrei\\\/#primaryimage\"},\"thumbnailUrl\":\"https:\\\/\\\/www.tstcables.com\\\/wp-content\\\/uploads\\\/2024\\\/03\\\/4-14.jpg\",\"datePublished\":\"2024-03-22T03:25:57+00:00\",\"description\":\"Bei diesem Produkt handelt es sich um Dr\u00e4hte und Kabel, die in verschiedenen elektrischen Ger\u00e4ten verwendet werden, die in besonderen Umgebungen wie Metallurgie, W\u00e4rmetechnik, Erd\u00f6l, chemische Industrie, Erdgas und Kerosin Brandschutz erfordern. Best\u00e4ndig gegen hohe Temperaturen von 500 \u00b0C.\",\"breadcrumb\":{\"@id\":\"https:\\\/\\\/www.tstcables.com\\\/de\\\/produkt\\\/500%e2%84%83-hochtemperaturbestaendiger-gn450-feuerfester-draht-rauchfrei-halogenfrei\\\/#breadcrumb\"},\"inLanguage\":\"de\",\"potentialAction\":[{\"@type\":\"ReadAction\",\"target\":[\"https:\\\/\\\/www.tstcables.com\\\/de\\\/produkt\\\/500%e2%84%83-hochtemperaturbestaendiger-gn450-feuerfester-draht-rauchfrei-halogenfrei\\\/\"]}]},{\"@type\":\"ImageObject\",\"inLanguage\":\"de\",\"@id\":\"https:\\\/\\\/www.tstcables.com\\\/de\\\/produkt\\\/500%e2%84%83-hochtemperaturbestaendiger-gn450-feuerfester-draht-rauchfrei-halogenfrei\\\/#primaryimage\",\"url\":\"https:\\\/\\\/www.tstcables.com\\\/wp-content\\\/uploads\\\/2024\\\/03\\\/4-14.jpg\",\"contentUrl\":\"https:\\\/\\\/www.tstcables.com\\\/wp-content\\\/uploads\\\/2024\\\/03\\\/4-14.jpg\",\"width\":640,\"height\":640,\"caption\":\"Resistant to 500\u2103 high temperature GN450\"},{\"@type\":\"BreadcrumbList\",\"@id\":\"https:\\\/\\\/www.tstcables.com\\\/de\\\/produkt\\\/500%e2%84%83-hochtemperaturbestaendiger-gn450-feuerfester-draht-rauchfrei-halogenfrei\\\/#breadcrumb\",\"itemListElement\":[{\"@type\":\"ListItem\",\"position\":1,\"name\":\"\u9996\u9875\",\"item\":\"https:\\\/\\\/www.tstcables.com\\\/de\\\/\"},{\"@type\":\"ListItem\",\"position\":2,\"name\":\"Product\",\"item\":\"https:\\\/\\\/www.tstcables.com\\\/product\\\/\"},{\"@type\":\"ListItem\",\"position\":3,\"name\":\"500\u2103 hochtemperaturbest\u00e4ndiger GN450 Feuerfester Draht, rauchfrei, halogenfrei\"}]},{\"@type\":\"WebSite\",\"@id\":\"https:\\\/\\\/www.tstcables.com\\\/de\\\/#website\",\"url\":\"https:\\\/\\\/www.tstcables.com\\\/de\\\/\",\"name\":\"TST Cable supplier & Manufacture\",\"description\":\"TST CABLES  supplier &amp; Manufacture official website\",\"publisher\":{\"@id\":\"https:\\\/\\\/www.tstcables.com\\\/de\\\/#organization\"},\"potentialAction\":[{\"@type\":\"SearchAction\",\"target\":{\"@type\":\"EntryPoint\",\"urlTemplate\":\"https:\\\/\\\/www.tstcables.com\\\/de\\\/?s={search_term_string}\"},\"query-input\":{\"@type\":\"PropertyValueSpecification\",\"valueRequired\":true,\"valueName\":\"search_term_string\"}}],\"inLanguage\":\"de\"},{\"@type\":\"Organization\",\"@id\":\"https:\\\/\\\/www.tstcables.com\\\/de\\\/#organization\",\"name\":\"TST Cable supplier & Manufacture\",\"url\":\"https:\\\/\\\/www.tstcables.com\\\/de\\\/\",\"logo\":{\"@type\":\"ImageObject\",\"inLanguage\":\"de\",\"@id\":\"https:\\\/\\\/www.tstcables.com\\\/de\\\/#\\\/schema\\\/logo\\\/image\\\/\",\"url\":\"https:\\\/\\\/www.tstcables.com\\\/wp-content\\\/uploads\\\/2024\\\/04\\\/cropped-\u753b\u677f-1-\u62f7\u8d1d-4-1.png\",\"contentUrl\":\"https:\\\/\\\/www.tstcables.com\\\/wp-content\\\/uploads\\\/2024\\\/04\\\/cropped-\u753b\u677f-1-\u62f7\u8d1d-4-1.png\",\"width\":300,\"height\":100,\"caption\":\"TST Cable supplier & Manufacture\"},\"image\":{\"@id\":\"https:\\\/\\\/www.tstcables.com\\\/de\\\/#\\\/schema\\\/logo\\\/image\\\/\"}}]}<\/script>\n<!-- \/ Yoast SEO plugin. -->","yoast_head_json":{"title":"Best\u00e4ndig gegen 500\u2103 hohe Temperaturen GN450 Feuerbest\u00e4ndiger Drahtrauch, halogenfrei, flammhemmend","description":"Bei diesem Produkt handelt es sich um Dr\u00e4hte und Kabel, die in verschiedenen elektrischen Ger\u00e4ten verwendet werden, die in besonderen Umgebungen wie Metallurgie, W\u00e4rmetechnik, Erd\u00f6l, chemische Industrie, Erdgas und Kerosin Brandschutz erfordern. Best\u00e4ndig gegen hohe Temperaturen von 500 \u00b0C.","robots":{"index":"index","follow":"follow","max-snippet":"max-snippet:-1","max-image-preview":"max-image-preview:large","max-video-preview":"max-video-preview:-1"},"canonical":"https:\/\/www.tstcables.com\/de\/produkt\/500%e2%84%83-hochtemperaturbestaendiger-gn450-feuerfester-draht-rauchfrei-halogenfrei\/","og_locale":"de_DE","og_type":"article","og_title":"Best\u00e4ndig gegen 500\u2103 hohe Temperaturen GN450 Feuerbest\u00e4ndiger Drahtrauch, halogenfrei, flammhemmend","og_description":"Bei diesem Produkt handelt es sich um Dr\u00e4hte und Kabel, die in verschiedenen elektrischen Ger\u00e4ten verwendet werden, die in besonderen Umgebungen wie Metallurgie, W\u00e4rmetechnik, Erd\u00f6l, chemische Industrie, Erdgas und Kerosin Brandschutz erfordern. Best\u00e4ndig gegen hohe Temperaturen von 500 \u00b0C.","og_url":"https:\/\/www.tstcables.com\/de\/produkt\/500%e2%84%83-hochtemperaturbestaendiger-gn450-feuerfester-draht-rauchfrei-halogenfrei\/","og_site_name":"TST CABLES supplier &amp; Manufacture","og_image":[{"width":640,"height":640,"url":"https:\/\/www.tstcables.com\/wp-content\/uploads\/2024\/03\/4-14.jpg","type":"image\/jpeg"}],"twitter_card":"summary_large_image","twitter_misc":{"Gesch\u00e4tzte Lesezeit":"1\u00a0Minute"},"schema":{"@context":"https:\/\/schema.org","@graph":[{"@type":"WebPage","@id":"https:\/\/www.tstcables.com\/de\/produkt\/500%e2%84%83-hochtemperaturbestaendiger-gn450-feuerfester-draht-rauchfrei-halogenfrei\/","url":"https:\/\/www.tstcables.com\/de\/produkt\/500%e2%84%83-hochtemperaturbestaendiger-gn450-feuerfester-draht-rauchfrei-halogenfrei\/","name":"Best\u00e4ndig gegen 500\u2103 hohe Temperaturen GN450 Feuerbest\u00e4ndiger Drahtrauch, halogenfrei, flammhemmend","isPartOf":{"@id":"https:\/\/www.tstcables.com\/de\/#website"},"primaryImageOfPage":{"@id":"https:\/\/www.tstcables.com\/de\/produkt\/500%e2%84%83-hochtemperaturbestaendiger-gn450-feuerfester-draht-rauchfrei-halogenfrei\/#primaryimage"},"image":{"@id":"https:\/\/www.tstcables.com\/de\/produkt\/500%e2%84%83-hochtemperaturbestaendiger-gn450-feuerfester-draht-rauchfrei-halogenfrei\/#primaryimage"},"thumbnailUrl":"https:\/\/www.tstcables.com\/wp-content\/uploads\/2024\/03\/4-14.jpg","datePublished":"2024-03-22T03:25:57+00:00","description":"Bei diesem Produkt handelt es sich um Dr\u00e4hte und Kabel, die in verschiedenen elektrischen Ger\u00e4ten verwendet werden, die in besonderen Umgebungen wie Metallurgie, W\u00e4rmetechnik, Erd\u00f6l, chemische Industrie, Erdgas und Kerosin Brandschutz erfordern. Best\u00e4ndig gegen hohe Temperaturen von 500 \u00b0C.","breadcrumb":{"@id":"https:\/\/www.tstcables.com\/de\/produkt\/500%e2%84%83-hochtemperaturbestaendiger-gn450-feuerfester-draht-rauchfrei-halogenfrei\/#breadcrumb"},"inLanguage":"de","potentialAction":[{"@type":"ReadAction","target":["https:\/\/www.tstcables.com\/de\/produkt\/500%e2%84%83-hochtemperaturbestaendiger-gn450-feuerfester-draht-rauchfrei-halogenfrei\/"]}]},{"@type":"ImageObject","inLanguage":"de","@id":"https:\/\/www.tstcables.com\/de\/produkt\/500%e2%84%83-hochtemperaturbestaendiger-gn450-feuerfester-draht-rauchfrei-halogenfrei\/#primaryimage","url":"https:\/\/www.tstcables.com\/wp-content\/uploads\/2024\/03\/4-14.jpg","contentUrl":"https:\/\/www.tstcables.com\/wp-content\/uploads\/2024\/03\/4-14.jpg","width":640,"height":640,"caption":"Resistant to 500\u2103 high temperature GN450"},{"@type":"BreadcrumbList","@id":"https:\/\/www.tstcables.com\/de\/produkt\/500%e2%84%83-hochtemperaturbestaendiger-gn450-feuerfester-draht-rauchfrei-halogenfrei\/#breadcrumb","itemListElement":[{"@type":"ListItem","position":1,"name":"\u9996\u9875","item":"https:\/\/www.tstcables.com\/de\/"},{"@type":"ListItem","position":2,"name":"Product","item":"https:\/\/www.tstcables.com\/product\/"},{"@type":"ListItem","position":3,"name":"500\u2103 hochtemperaturbest\u00e4ndiger GN450 Feuerfester Draht, rauchfrei, halogenfrei"}]},{"@type":"WebSite","@id":"https:\/\/www.tstcables.com\/de\/#website","url":"https:\/\/www.tstcables.com\/de\/","name":"TST Cable supplier & Manufacture","description":"TST CABLES  supplier &amp; Manufacture official website","publisher":{"@id":"https:\/\/www.tstcables.com\/de\/#organization"},"potentialAction":[{"@type":"SearchAction","target":{"@type":"EntryPoint","urlTemplate":"https:\/\/www.tstcables.com\/de\/?s={search_term_string}"},"query-input":{"@type":"PropertyValueSpecification","valueRequired":true,"valueName":"search_term_string"}}],"inLanguage":"de"},{"@type":"Organization","@id":"https:\/\/www.tstcables.com\/de\/#organization","name":"TST Cable supplier & Manufacture","url":"https:\/\/www.tstcables.com\/de\/","logo":{"@type":"ImageObject","inLanguage":"de","@id":"https:\/\/www.tstcables.com\/de\/#\/schema\/logo\/image\/","url":"https:\/\/www.tstcables.com\/wp-content\/uploads\/2024\/04\/cropped-\u753b\u677f-1-\u62f7\u8d1d-4-1.png","contentUrl":"https:\/\/www.tstcables.com\/wp-content\/uploads\/2024\/04\/cropped-\u753b\u677f-1-\u62f7\u8d1d-4-1.png","width":300,"height":100,"caption":"TST Cable supplier & Manufacture"},"image":{"@id":"https:\/\/www.tstcables.com\/de\/#\/schema\/logo\/image\/"}}]}},"_links":{"self":[{"href":"https:\/\/www.tstcables.com\/de\/wp-json\/wp\/v2\/product\/19996","targetHints":{"allow":["GET"]}}],"collection":[{"href":"https:\/\/www.tstcables.com\/de\/wp-json\/wp\/v2\/product"}],"about":[{"href":"https:\/\/www.tstcables.com\/de\/wp-json\/wp\/v2\/types\/product"}],"version-history":[{"count":0,"href":"https:\/\/www.tstcables.com\/de\/wp-json\/wp\/v2\/product\/19996\/revisions"}],"wp:featuredmedia":[{"embeddable":true,"href":"https:\/\/www.tstcables.com\/de\/wp-json\/wp\/v2\/media\/13154"}],"wp:attachment":[{"href":"https:\/\/www.tstcables.com\/de\/wp-json\/wp\/v2\/media?parent=19996"}],"wp:term":[{"taxonomy":"product_brand","embeddable":true,"href":"https:\/\/www.tstcables.com\/de\/wp-json\/wp\/v2\/product_brand?post=19996"},{"taxonomy":"product_cat","embeddable":true,"href":"https:\/\/www.tstcables.com\/de\/wp-json\/wp\/v2\/product_cat?post=19996"},{"taxonomy":"product_tag","embeddable":true,"href":"https:\/\/www.tstcables.com\/de\/wp-json\/wp\/v2\/product_tag?post=19996"}],"curies":[{"name":"wp","href":"https:\/\/api.w.org\/{rel}","templated":true}]}}