{"id":19998,"date":"2024-03-23T15:31:07","date_gmt":"2024-03-23T07:31:07","guid":{"rendered":"https:\/\/www.tstcables.com\/product\/steuersignalkabel-duenn-stoerungsfrei-hochtemperaturbestaendig-600-v-en50306-2\/"},"modified":"2024-03-23T15:31:07","modified_gmt":"2024-03-23T07:31:07","slug":"steuersignalkabel-duenn-stoerungsfrei-hochtemperaturbestaendig-600-v-en50306-2","status":"publish","type":"product","link":"https:\/\/www.tstcables.com\/de\/produkt\/steuersignalkabel-duenn-stoerungsfrei-hochtemperaturbestaendig-600-v-en50306-2\/","title":{"rendered":"Steuersignalkabel, d\u00fcnn, st\u00f6rungsfrei, hochtemperaturbest\u00e4ndig, 600 V EN50306-2"},"content":{"rendered":"<p>Anwendung:<\/p>\n<p>Als d\u00fcnnwandiges Kabel eignet es sich besonders f\u00fcr die Verkabelung von Schalttafeln und Schaltk\u00e4sten, aber auch f\u00fcr die Wagenverkabelung, die Stromversorgung verschiedener Systeme in Klemmenk\u00e4sten und die Erdung mobiler Ger\u00e4te innerhalb von Schienenfahrzeugen. Es erf\u00fcllt die Anforderungen der europ\u00e4ischen Eisenbahnbrandschutznormen.<\/p>\n<p>Das d\u00fcnne und leichte TST-TW 600V MM-Kabel bietet verbesserte Sicherheits- und Leistungsmerkmale und gew\u00e4hrleistet eine zuverl\u00e4ssige Steuersignal\u00fcbertragung bei gleichzeitiger Minimierung der potenziellen Gefahren im Zusammenhang mit Brandvorf\u00e4llen in Bahnanwendungen.<\/p>\n<p>Charakteristisch:<\/p>\n<ul>\n<li>Temperaturbest\u00e4ndigkeit: -50\u00b0C bis 125\u00b0C<\/li>\n<li>Nennspannung: 600 V<\/li>\n<li>Isolationsfestigkeit: 10 MPa&gt;<\/li>\n<li>Bruchdehnung: 125 %&gt;<\/li>\n<li>Feuerwiderstandsklasse: Erf\u00fcllt HL3 von EN45545-2 R15\/R16<\/li>\n<li>Hochpr\u00e4zises verzinntes Kupfer mit hervorragender Leitf\u00e4higkeit und langer Lebensdauer.<\/li>\n<\/ul>\n<p>Industriestandard:<\/p>\n<ul>\n<li>Erf\u00fcllen Sie die Kabelanforderungen f\u00fcr Lokomotiven und Personenkraftwagen TB\/T1484.1-2017 und TJ\/CL254-2013.<\/li>\n<li>Erf\u00fcllt die Anforderungen EN45545, HL1, HL2 und HL3 innerhalb und au\u00dferhalb des Fahrzeugs.<\/li>\n<li>Erf\u00fcllen Sie die Anforderungen von BS6853:1999 f\u00fcr Lokomotiven der Klassen la, lb und Class hinsichtlich interner und externer Kabel.<\/li>\n<li>Hat die Brand-, Rauch- und Toxizit\u00e4tstests nach BS 6853:1999 und DIN 5510-2:2009 bestanden.<\/li>\n<li>Erf\u00fcllen Sie die Anforderungen der Brennbarkeitsklasse S1~S5 in DIN5510-2:2009.<\/li>\n<li>Hat die CRCC-Zertifizierung von China Railway Products bestanden.<\/li>\n<\/ul>\n<p>Struktur:<\/p>\n<ul>\n<li>Leiter: Flexibler, verzinnter, gegl\u00fchter Kupferdraht mit Struktur der Klasse 5.<\/li>\n<li>Isolierung: Standardm\u00e4\u00dfige, raucharme, halogenfreie Elastomermischung.<\/li>\n<li>Mantel: Standardm\u00e4\u00dfige, raucharme, halogenfreie Elastomermischung.<\/li>\n<li>Kabelbiegeradius: 6-facher Kabelau\u00dfendurchmesser (6D).<\/li>\n<\/ul>\n<p>Auswahlparameter<\/p>\n<table class=\"tg\">\n<thead>\n<tr>\n<th class=\"tg-0pky\" rowspan=\"2\">Leiter-Nennquerschnitt<\/th>\n<th class=\"tg-0pky\" rowspan=\"2\"><span style=\"color: #000;\">Anzahl der Adern*Leiterdurchmesser<\/span><\/th>\n<th class=\"tg-0pky\" colspan=\"2\">Durchmesser der Leiterverseilung<\/th>\n<th class=\"tg-0pky\">Durchschnittliche Dicke der Isolierung<\/th>\n<th class=\"tg-0pky\" colspan=\"2\">Au\u00dfendurchmesser (D)<\/th>\n<th class=\"tg-0pky\" rowspan=\"2\">Leiterwiderstand max. bei 20\u2103<\/th>\n<th class=\"tg-0pky\" rowspan=\"2\">Referenzgewicht<\/th>\n<th class=\"tg-0lax\" rowspan=\"2\">Brandlast<\/th>\n<\/tr>\n<tr>\n<th class=\"tg-0pky\"><span style=\"color: #000;\">min<\/span><\/th>\n<th class=\"tg-0pky\"><span style=\"color: #000;\">max<\/span><\/th>\n<th class=\"tg-0pky\"><span style=\"color: #000;\">min<\/span><\/th>\n<th class=\"tg-0pky\"><span style=\"color: #000;\">min<\/span><\/th>\n<th class=\"tg-0pky\"><span style=\"color: #000;\">max<\/span><\/th>\n<\/tr>\n<\/thead>\n<tbody>\n<tr>\n<td class=\"tg-0pky\"><span style=\"color: #000;\">mm2<\/span><\/td>\n<td class=\"tg-0pky\"><span style=\"color: #000;\">n xmm<\/span><\/td>\n<td class=\"tg-0pky\"><span style=\"color: #000;\">mm<\/span><\/td>\n<td class=\"tg-0pky\"><span style=\"color: #000;\">mm<\/span><\/td>\n<td class=\"tg-0pky\"><span style=\"color: #000;\">mm<\/span><\/td>\n<td class=\"tg-0pky\"><span style=\"color: #000;\">mm<\/span><\/td>\n<td class=\"tg-0pky\"><span style=\"color: #000;\">mm<\/span><\/td>\n<td class=\"tg-0pky\"><span style=\"color: #000;\">\u03a92\/km<\/span><\/td>\n<td class=\"tg-0pky\"><span style=\"color: #000;\">Kg\/k m<\/span><\/td>\n<td class=\"tg-0lax\"><span style=\"color: #000;\">KJ\/m<\/span><\/td>\n<\/tr>\n<tr>\n<td class=\"tg-0pky\"><span style=\"color: #000;\">0.5<\/span><\/td>\n<td class=\"tg-0pky\"><span style=\"color: #000;\">19&#215;0.18<\/span><\/td>\n<td class=\"tg-0pky\"><span style=\"color: #000;\">0.8<\/span><\/td>\n<td class=\"tg-0pky\"><span style=\"color: #000;\">0.95<\/span><\/td>\n<td class=\"tg-0pky\"><span style=\"color: #000;\">0.18<\/span><\/td>\n<td class=\"tg-0pky\"><span style=\"color: #000;\">1.2<\/span><\/td>\n<td class=\"tg-0pky\"><span style=\"color: #000;\">1.35<\/span><\/td>\n<td class=\"tg-0pky\"><span style=\"color: #000;\">40.1<\/span><\/td>\n<td class=\"tg-0pky\"><span style=\"color: #000;\">5.3<\/span><\/td>\n<td class=\"tg-0lax\"><span style=\"color: #000;\">17<\/span><\/td>\n<\/tr>\n<tr>\n<td class=\"tg-0pky\"><span style=\"color: #000;\">0.75<\/span><\/td>\n<td class=\"tg-0pky\"><span style=\"color: #000;\">37&#215;0.16<\/span><\/td>\n<td class=\"tg-0pky\"><span style=\"color: #000;\">1<\/span><\/td>\n<td class=\"tg-0pky\"><span style=\"color: #000;\">1.15<\/span><\/td>\n<td class=\"tg-0pky\"><span style=\"color: #000;\">0.18<\/span><\/td>\n<td class=\"tg-0pky\"><span style=\"color: #000;\">1.4<\/span><\/td>\n<td class=\"tg-0pky\"><span style=\"color: #000;\">1.55<\/span><\/td>\n<td class=\"tg-0pky\"><span style=\"color: #000;\">26.7<\/span><\/td>\n<td class=\"tg-0pky\"><span style=\"color: #000;\">7.8<\/span><\/td>\n<td class=\"tg-0lax\"><span style=\"color: #000;\">21<\/span><\/td>\n<\/tr>\n<tr>\n<td class=\"tg-0pky\"><span style=\"color: #000;\">1<\/span><\/td>\n<td class=\"tg-0pky\"><span style=\"color: #000;\">37&#215;0.18a<\/span><\/td>\n<td class=\"tg-0pky\"><span style=\"color: #000;\">1.1<\/span><\/td>\n<td class=\"tg-0pky\"><span style=\"color: #000;\">1.3<\/span><\/td>\n<td class=\"tg-0pky\"><span style=\"color: #000;\">0.18<\/span><\/td>\n<td class=\"tg-0pky\"><span style=\"color: #000;\">1.5<\/span><\/td>\n<td class=\"tg-0pky\"><span style=\"color: #000;\">1.7<\/span><\/td>\n<td class=\"tg-0pky\"><span style=\"color: #000;\">20<\/span><\/td>\n<td class=\"tg-0pky\"><span style=\"color: #000;\">9.7<\/span><\/td>\n<td class=\"tg-0lax\"><span style=\"color: #000;\">26<\/span><\/td>\n<\/tr>\n<tr>\n<td class=\"tg-0pky\"><span style=\"color: #000;\">1.5<\/span><\/td>\n<td class=\"tg-0pky\"><span style=\"color: #000;\">37&#215;0.23a<\/span><\/td>\n<td class=\"tg-0pky\"><span style=\"color: #000;\">1.45<\/span><\/td>\n<td class=\"tg-0pky\"><span style=\"color: #000;\">1.65<\/span><\/td>\n<td class=\"tg-0pky\"><span style=\"color: #000;\">0.22<\/span><\/td>\n<td class=\"tg-0pky\"><span style=\"color: #000;\">1.85<\/span><\/td>\n<td class=\"tg-0pky\"><span style=\"color: #000;\">2.05<\/span><\/td>\n<td class=\"tg-0pky\"><span style=\"color: #000;\">13.7<\/span><\/td>\n<td class=\"tg-0pky\"><span style=\"color: #000;\">15.4<\/span><\/td>\n<td class=\"tg-0lax\"><span style=\"color: #000;\">34<\/span><\/td>\n<\/tr>\n<tr>\n<td class=\"tg-0pky\"><span style=\"color: #000;\">2.5<\/span><\/td>\n<td class=\"tg-0pky\"><span style=\"color: #000;\">37&#215;0.30a<\/span><\/td>\n<td class=\"tg-0pky\"><span style=\"color: #000;\">1.85<\/span><\/td>\n<td class=\"tg-0pky\"><span style=\"color: #000;\">2.15<\/span><\/td>\n<td class=\"tg-0pky\"><span style=\"color: #000;\">0.28<\/span><\/td>\n<td class=\"tg-0pky\"><span style=\"color: #000;\">2.25<\/span><\/td>\n<td class=\"tg-0pky\"><span style=\"color: #000;\">2.55<\/span><\/td>\n<td class=\"tg-0pky\"><span style=\"color: #000;\">8.21<\/span><\/td>\n<td class=\"tg-0pky\"><span style=\"color: #000;\">25.4<\/span><\/td>\n<td class=\"tg-0lax\"><span style=\"color: #000;\">42<\/span><\/td>\n<\/tr>\n<tr>\n<td class=\"tg-0pky\" colspan=\"10\">Notiz:<br \/>\n\u2605&#8220;a&#8220; Dieser Kabeltyp kann auch mit 19-adrigen Litzenaufbauleitern geliefert werden, die ebenfalls alle Leistungsanforderungen dieses Standardprodukts erf\u00fcllen. \u2605Produkte mit Spezifikationen, die au\u00dferhalb des Geltungsbereichs dieser Tabelle liegen und EN50306-2 erf\u00fcllen, k\u00f6nnen gem\u00e4\u00df den technischen Anforderungen des K\u00e4ufers bereitgestellt werden.<\/td>\n<\/tr>\n<\/tbody>\n<\/table>\n","protected":false},"excerpt":{"rendered":"<p>Das d\u00fcnne und leichte TST-TW 600V MM ist ein Steuersignalkabel der n\u00e4chsten Generation, das speziell f\u00fcr Schienenfahrzeuge entwickelt wurde. Es handelt sich um ein halogenfreies Kabel, das im Brandfall keine korrosiven Gase freisetzt. Es ist schwer entflammbar, verbreitet keine Flammen, gibt wenig Rauch ab und hat einen niedrigen Toxizit\u00e4tsindex. Dieses Kabel zeichnet sich durch seine geringere Gr\u00f6\u00dfe, sein geringeres Gewicht und seine erh\u00f6hte Flexibilit\u00e4t aus.<\/p>\n<p>&nbsp;<\/p>\n","protected":false},"featured_media":11370,"template":"","meta":{"_eb_attr":"","site-sidebar-layout":"default","site-content-layout":"","ast-site-content-layout":"default","site-content-style":"default","site-sidebar-style":"default","ast-global-header-display":"","ast-banner-title-visibility":"","ast-main-header-display":"","ast-hfb-above-header-display":"","ast-hfb-below-header-display":"","ast-hfb-mobile-header-display":"","site-post-title":"","ast-breadcrumbs-content":"","ast-featured-img":"","footer-sml-layout":"","theme-transparent-header-meta":"default","adv-header-id-meta":"","stick-header-meta":"","header-above-stick-meta":"","header-main-stick-meta":"","header-below-stick-meta":"","astra-migrate-meta-layouts":"default","ast-page-background-enabled":"default","ast-page-background-meta":{"desktop":{"background-color":"","background-image":"","background-repeat":"repeat","background-position":"center center","background-size":"auto","background-attachment":"scroll","background-type":"","background-media":"","overlay-type":"","overlay-color":"","overlay-opacity":"","overlay-gradient":""},"tablet":{"background-color":"","background-image":"","background-repeat":"repeat","background-position":"center center","background-size":"auto","background-attachment":"scroll","background-type":"","background-media":"","overlay-type":"","overlay-color":"","overlay-opacity":"","overlay-gradient":""},"mobile":{"background-color":"","background-image":"","background-repeat":"repeat","background-position":"center center","background-size":"auto","background-attachment":"scroll","background-type":"","background-media":"","overlay-type":"","overlay-color":"","overlay-opacity":"","overlay-gradient":""}},"ast-content-background-meta":{"desktop":{"background-color":"var(--ast-global-color-5)","background-image":"","background-repeat":"repeat","background-position":"center center","background-size":"auto","background-attachment":"scroll","background-type":"","background-media":"","overlay-type":"","overlay-color":"","overlay-opacity":"","overlay-gradient":""},"tablet":{"background-color":"var(--ast-global-color-5)","background-image":"","background-repeat":"repeat","background-position":"center center","background-size":"auto","background-attachment":"scroll","background-type":"","background-media":"","overlay-type":"","overlay-color":"","overlay-opacity":"","overlay-gradient":""},"mobile":{"background-color":"var(--ast-global-color-5)","background-image":"","background-repeat":"repeat","background-position":"center center","background-size":"auto","background-attachment":"scroll","background-type":"","background-media":"","overlay-type":"","overlay-color":"","overlay-opacity":"","overlay-gradient":""}}},"product_brand":[],"product_cat":[708,693,694,695,696,697,698,699,691,700,692,702,713],"product_tag":[1544,1543],"class_list":{"0":"post-19998","1":"product","2":"type-product","3":"status-publish","4":"has-post-thumbnail","6":"product_cat-rail-way-de","7":"product_cat-enstandard-cable-de","8":"product_cat-en50264-de","9":"product_cat-en50306-de","10":"product_cat-en50382-de","11":"product_cat-high-temperature-cable-de","12":"product_cat-ice-standard-de","13":"product_cat-lsoh-cable-de","14":"product_cat-aviation-de","15":"product_cat-marine-de","16":"product_cat-customized-cable-de","17":"product_cat-oil-gas-de","18":"product_cat-wind-power-de","19":"product_tag-steuersignaldraht-und-kabel","20":"product_tag-verdunnter-draht-und-kabel","21":"desktop-align-center","22":"tablet-align-left","23":"mobile-align-left","25":"first","26":"instock","27":"shipping-taxable","28":"product-type-simple"},"yoast_head":"<!-- This site is optimized with the Yoast SEO plugin v27.4 - https:\/\/yoast.com\/product\/yoast-seo-wordpress\/ -->\n<title>Verd\u00fcnnter Steuersignaldraht und -kabel TST-TW 600 V MM<\/title>\n<meta name=\"description\" content=\"Das d\u00fcnne und leichte TST-TW 600V MM ist ein Steuersignalkabel der n\u00e4chsten Generation, das speziell f\u00fcr Schienenfahrzeuge entwickelt wurde. Es handelt sich um ein halogenfreies Kabel.\" \/>\n<meta name=\"robots\" content=\"index, follow, max-snippet:-1, max-image-preview:large, max-video-preview:-1\" \/>\n<link rel=\"canonical\" href=\"https:\/\/www.tstcables.com\/de\/produkt\/steuersignalkabel-duenn-stoerungsfrei-hochtemperaturbestaendig-600-v-en50306-2\/\" \/>\n<meta property=\"og:locale\" content=\"de_DE\" \/>\n<meta property=\"og:type\" content=\"article\" \/>\n<meta property=\"og:title\" content=\"Verd\u00fcnnter Steuersignaldraht und -kabel TST-TW 600 V MM\" \/>\n<meta property=\"og:description\" content=\"Das d\u00fcnne und leichte TST-TW 600V MM ist ein Steuersignalkabel der n\u00e4chsten Generation, das speziell f\u00fcr Schienenfahrzeuge entwickelt wurde. Es handelt sich um ein halogenfreies Kabel.\" \/>\n<meta property=\"og:url\" content=\"https:\/\/www.tstcables.com\/de\/produkt\/steuersignalkabel-duenn-stoerungsfrei-hochtemperaturbestaendig-600-v-en50306-2\/\" \/>\n<meta property=\"og:site_name\" content=\"TST CABLES supplier &amp; Manufacture\" \/>\n<meta property=\"og:image\" content=\"https:\/\/www.tstcables.com\/wp-content\/uploads\/2024\/03\/decedc6e1c91a68a.jpg\" \/>\n\t<meta property=\"og:image:width\" content=\"500\" \/>\n\t<meta property=\"og:image:height\" content=\"500\" \/>\n\t<meta property=\"og:image:type\" content=\"image\/jpeg\" \/>\n<meta name=\"twitter:card\" content=\"summary_large_image\" \/>\n<meta name=\"twitter:label1\" content=\"Gesch\u00e4tzte Lesezeit\" \/>\n\t<meta name=\"twitter:data1\" content=\"2\u00a0Minuten\" \/>\n<script type=\"application\/ld+json\" class=\"yoast-schema-graph\">{\"@context\":\"https:\\\/\\\/schema.org\",\"@graph\":[{\"@type\":\"WebPage\",\"@id\":\"https:\\\/\\\/www.tstcables.com\\\/de\\\/produkt\\\/steuersignalkabel-duenn-stoerungsfrei-hochtemperaturbestaendig-600-v-en50306-2\\\/\",\"url\":\"https:\\\/\\\/www.tstcables.com\\\/de\\\/produkt\\\/steuersignalkabel-duenn-stoerungsfrei-hochtemperaturbestaendig-600-v-en50306-2\\\/\",\"name\":\"Verd\u00fcnnter Steuersignaldraht und -kabel TST-TW 600 V MM\",\"isPartOf\":{\"@id\":\"https:\\\/\\\/www.tstcables.com\\\/de\\\/#website\"},\"primaryImageOfPage\":{\"@id\":\"https:\\\/\\\/www.tstcables.com\\\/de\\\/produkt\\\/steuersignalkabel-duenn-stoerungsfrei-hochtemperaturbestaendig-600-v-en50306-2\\\/#primaryimage\"},\"image\":{\"@id\":\"https:\\\/\\\/www.tstcables.com\\\/de\\\/produkt\\\/steuersignalkabel-duenn-stoerungsfrei-hochtemperaturbestaendig-600-v-en50306-2\\\/#primaryimage\"},\"thumbnailUrl\":\"https:\\\/\\\/www.tstcables.com\\\/wp-content\\\/uploads\\\/2024\\\/03\\\/decedc6e1c91a68a.jpg\",\"datePublished\":\"2024-03-23T07:31:07+00:00\",\"description\":\"Das d\u00fcnne und leichte TST-TW 600V MM ist ein Steuersignalkabel der n\u00e4chsten Generation, das speziell f\u00fcr Schienenfahrzeuge entwickelt wurde. Es handelt sich um ein halogenfreies Kabel.\",\"breadcrumb\":{\"@id\":\"https:\\\/\\\/www.tstcables.com\\\/de\\\/produkt\\\/steuersignalkabel-duenn-stoerungsfrei-hochtemperaturbestaendig-600-v-en50306-2\\\/#breadcrumb\"},\"inLanguage\":\"de\",\"potentialAction\":[{\"@type\":\"ReadAction\",\"target\":[\"https:\\\/\\\/www.tstcables.com\\\/de\\\/produkt\\\/steuersignalkabel-duenn-stoerungsfrei-hochtemperaturbestaendig-600-v-en50306-2\\\/\"]}]},{\"@type\":\"ImageObject\",\"inLanguage\":\"de\",\"@id\":\"https:\\\/\\\/www.tstcables.com\\\/de\\\/produkt\\\/steuersignalkabel-duenn-stoerungsfrei-hochtemperaturbestaendig-600-v-en50306-2\\\/#primaryimage\",\"url\":\"https:\\\/\\\/www.tstcables.com\\\/wp-content\\\/uploads\\\/2024\\\/03\\\/decedc6e1c91a68a.jpg\",\"contentUrl\":\"https:\\\/\\\/www.tstcables.com\\\/wp-content\\\/uploads\\\/2024\\\/03\\\/decedc6e1c91a68a.jpg\",\"width\":500,\"height\":500,\"caption\":\"EN50306-2\"},{\"@type\":\"BreadcrumbList\",\"@id\":\"https:\\\/\\\/www.tstcables.com\\\/de\\\/produkt\\\/steuersignalkabel-duenn-stoerungsfrei-hochtemperaturbestaendig-600-v-en50306-2\\\/#breadcrumb\",\"itemListElement\":[{\"@type\":\"ListItem\",\"position\":1,\"name\":\"\u9996\u9875\",\"item\":\"https:\\\/\\\/www.tstcables.com\\\/de\\\/\"},{\"@type\":\"ListItem\",\"position\":2,\"name\":\"Product\",\"item\":\"https:\\\/\\\/www.tstcables.com\\\/product\\\/\"},{\"@type\":\"ListItem\",\"position\":3,\"name\":\"Steuersignalkabel, d\u00fcnn, st\u00f6rungsfrei, hochtemperaturbest\u00e4ndig, 600 V EN50306-2\"}]},{\"@type\":\"WebSite\",\"@id\":\"https:\\\/\\\/www.tstcables.com\\\/de\\\/#website\",\"url\":\"https:\\\/\\\/www.tstcables.com\\\/de\\\/\",\"name\":\"TST Cable supplier & Manufacture\",\"description\":\"TST CABLES  supplier &amp; Manufacture official website\",\"publisher\":{\"@id\":\"https:\\\/\\\/www.tstcables.com\\\/de\\\/#organization\"},\"potentialAction\":[{\"@type\":\"SearchAction\",\"target\":{\"@type\":\"EntryPoint\",\"urlTemplate\":\"https:\\\/\\\/www.tstcables.com\\\/de\\\/?s={search_term_string}\"},\"query-input\":{\"@type\":\"PropertyValueSpecification\",\"valueRequired\":true,\"valueName\":\"search_term_string\"}}],\"inLanguage\":\"de\"},{\"@type\":\"Organization\",\"@id\":\"https:\\\/\\\/www.tstcables.com\\\/de\\\/#organization\",\"name\":\"TST Cable supplier & Manufacture\",\"url\":\"https:\\\/\\\/www.tstcables.com\\\/de\\\/\",\"logo\":{\"@type\":\"ImageObject\",\"inLanguage\":\"de\",\"@id\":\"https:\\\/\\\/www.tstcables.com\\\/de\\\/#\\\/schema\\\/logo\\\/image\\\/\",\"url\":\"https:\\\/\\\/www.tstcables.com\\\/wp-content\\\/uploads\\\/2024\\\/04\\\/cropped-\u753b\u677f-1-\u62f7\u8d1d-4-1.png\",\"contentUrl\":\"https:\\\/\\\/www.tstcables.com\\\/wp-content\\\/uploads\\\/2024\\\/04\\\/cropped-\u753b\u677f-1-\u62f7\u8d1d-4-1.png\",\"width\":300,\"height\":100,\"caption\":\"TST Cable supplier & Manufacture\"},\"image\":{\"@id\":\"https:\\\/\\\/www.tstcables.com\\\/de\\\/#\\\/schema\\\/logo\\\/image\\\/\"}}]}<\/script>\n<!-- \/ Yoast SEO plugin. -->","yoast_head_json":{"title":"Verd\u00fcnnter Steuersignaldraht und -kabel TST-TW 600 V MM","description":"Das d\u00fcnne und leichte TST-TW 600V MM ist ein Steuersignalkabel der n\u00e4chsten Generation, das speziell f\u00fcr Schienenfahrzeuge entwickelt wurde. Es handelt sich um ein halogenfreies Kabel.","robots":{"index":"index","follow":"follow","max-snippet":"max-snippet:-1","max-image-preview":"max-image-preview:large","max-video-preview":"max-video-preview:-1"},"canonical":"https:\/\/www.tstcables.com\/de\/produkt\/steuersignalkabel-duenn-stoerungsfrei-hochtemperaturbestaendig-600-v-en50306-2\/","og_locale":"de_DE","og_type":"article","og_title":"Verd\u00fcnnter Steuersignaldraht und -kabel TST-TW 600 V MM","og_description":"Das d\u00fcnne und leichte TST-TW 600V MM ist ein Steuersignalkabel der n\u00e4chsten Generation, das speziell f\u00fcr Schienenfahrzeuge entwickelt wurde. Es handelt sich um ein halogenfreies Kabel.","og_url":"https:\/\/www.tstcables.com\/de\/produkt\/steuersignalkabel-duenn-stoerungsfrei-hochtemperaturbestaendig-600-v-en50306-2\/","og_site_name":"TST CABLES supplier &amp; Manufacture","og_image":[{"width":500,"height":500,"url":"https:\/\/www.tstcables.com\/wp-content\/uploads\/2024\/03\/decedc6e1c91a68a.jpg","type":"image\/jpeg"}],"twitter_card":"summary_large_image","twitter_misc":{"Gesch\u00e4tzte Lesezeit":"2\u00a0Minuten"},"schema":{"@context":"https:\/\/schema.org","@graph":[{"@type":"WebPage","@id":"https:\/\/www.tstcables.com\/de\/produkt\/steuersignalkabel-duenn-stoerungsfrei-hochtemperaturbestaendig-600-v-en50306-2\/","url":"https:\/\/www.tstcables.com\/de\/produkt\/steuersignalkabel-duenn-stoerungsfrei-hochtemperaturbestaendig-600-v-en50306-2\/","name":"Verd\u00fcnnter Steuersignaldraht und -kabel TST-TW 600 V MM","isPartOf":{"@id":"https:\/\/www.tstcables.com\/de\/#website"},"primaryImageOfPage":{"@id":"https:\/\/www.tstcables.com\/de\/produkt\/steuersignalkabel-duenn-stoerungsfrei-hochtemperaturbestaendig-600-v-en50306-2\/#primaryimage"},"image":{"@id":"https:\/\/www.tstcables.com\/de\/produkt\/steuersignalkabel-duenn-stoerungsfrei-hochtemperaturbestaendig-600-v-en50306-2\/#primaryimage"},"thumbnailUrl":"https:\/\/www.tstcables.com\/wp-content\/uploads\/2024\/03\/decedc6e1c91a68a.jpg","datePublished":"2024-03-23T07:31:07+00:00","description":"Das d\u00fcnne und leichte TST-TW 600V MM ist ein Steuersignalkabel der n\u00e4chsten Generation, das speziell f\u00fcr Schienenfahrzeuge entwickelt wurde. Es handelt sich um ein halogenfreies Kabel.","breadcrumb":{"@id":"https:\/\/www.tstcables.com\/de\/produkt\/steuersignalkabel-duenn-stoerungsfrei-hochtemperaturbestaendig-600-v-en50306-2\/#breadcrumb"},"inLanguage":"de","potentialAction":[{"@type":"ReadAction","target":["https:\/\/www.tstcables.com\/de\/produkt\/steuersignalkabel-duenn-stoerungsfrei-hochtemperaturbestaendig-600-v-en50306-2\/"]}]},{"@type":"ImageObject","inLanguage":"de","@id":"https:\/\/www.tstcables.com\/de\/produkt\/steuersignalkabel-duenn-stoerungsfrei-hochtemperaturbestaendig-600-v-en50306-2\/#primaryimage","url":"https:\/\/www.tstcables.com\/wp-content\/uploads\/2024\/03\/decedc6e1c91a68a.jpg","contentUrl":"https:\/\/www.tstcables.com\/wp-content\/uploads\/2024\/03\/decedc6e1c91a68a.jpg","width":500,"height":500,"caption":"EN50306-2"},{"@type":"BreadcrumbList","@id":"https:\/\/www.tstcables.com\/de\/produkt\/steuersignalkabel-duenn-stoerungsfrei-hochtemperaturbestaendig-600-v-en50306-2\/#breadcrumb","itemListElement":[{"@type":"ListItem","position":1,"name":"\u9996\u9875","item":"https:\/\/www.tstcables.com\/de\/"},{"@type":"ListItem","position":2,"name":"Product","item":"https:\/\/www.tstcables.com\/product\/"},{"@type":"ListItem","position":3,"name":"Steuersignalkabel, d\u00fcnn, st\u00f6rungsfrei, hochtemperaturbest\u00e4ndig, 600 V EN50306-2"}]},{"@type":"WebSite","@id":"https:\/\/www.tstcables.com\/de\/#website","url":"https:\/\/www.tstcables.com\/de\/","name":"TST Cable supplier & Manufacture","description":"TST CABLES  supplier &amp; Manufacture official website","publisher":{"@id":"https:\/\/www.tstcables.com\/de\/#organization"},"potentialAction":[{"@type":"SearchAction","target":{"@type":"EntryPoint","urlTemplate":"https:\/\/www.tstcables.com\/de\/?s={search_term_string}"},"query-input":{"@type":"PropertyValueSpecification","valueRequired":true,"valueName":"search_term_string"}}],"inLanguage":"de"},{"@type":"Organization","@id":"https:\/\/www.tstcables.com\/de\/#organization","name":"TST Cable supplier & Manufacture","url":"https:\/\/www.tstcables.com\/de\/","logo":{"@type":"ImageObject","inLanguage":"de","@id":"https:\/\/www.tstcables.com\/de\/#\/schema\/logo\/image\/","url":"https:\/\/www.tstcables.com\/wp-content\/uploads\/2024\/04\/cropped-\u753b\u677f-1-\u62f7\u8d1d-4-1.png","contentUrl":"https:\/\/www.tstcables.com\/wp-content\/uploads\/2024\/04\/cropped-\u753b\u677f-1-\u62f7\u8d1d-4-1.png","width":300,"height":100,"caption":"TST Cable supplier & Manufacture"},"image":{"@id":"https:\/\/www.tstcables.com\/de\/#\/schema\/logo\/image\/"}}]}},"_links":{"self":[{"href":"https:\/\/www.tstcables.com\/de\/wp-json\/wp\/v2\/product\/19998","targetHints":{"allow":["GET"]}}],"collection":[{"href":"https:\/\/www.tstcables.com\/de\/wp-json\/wp\/v2\/product"}],"about":[{"href":"https:\/\/www.tstcables.com\/de\/wp-json\/wp\/v2\/types\/product"}],"version-history":[{"count":0,"href":"https:\/\/www.tstcables.com\/de\/wp-json\/wp\/v2\/product\/19998\/revisions"}],"wp:featuredmedia":[{"embeddable":true,"href":"https:\/\/www.tstcables.com\/de\/wp-json\/wp\/v2\/media\/11370"}],"wp:attachment":[{"href":"https:\/\/www.tstcables.com\/de\/wp-json\/wp\/v2\/media?parent=19998"}],"wp:term":[{"taxonomy":"product_brand","embeddable":true,"href":"https:\/\/www.tstcables.com\/de\/wp-json\/wp\/v2\/product_brand?post=19998"},{"taxonomy":"product_cat","embeddable":true,"href":"https:\/\/www.tstcables.com\/de\/wp-json\/wp\/v2\/product_cat?post=19998"},{"taxonomy":"product_tag","embeddable":true,"href":"https:\/\/www.tstcables.com\/de\/wp-json\/wp\/v2\/product_tag?post=19998"}],"curies":[{"name":"wp","href":"https:\/\/api.w.org\/{rel}","templated":true}]}}