{"id":15170,"date":"2024-03-25T15:01:13","date_gmt":"2024-03-25T07:01:13","guid":{"rendered":"https:\/\/www.tstcables.com\/product\/cable-electrico-para-barcos-cable-multiconductor-con-aislamiento-de-silicona-ckgzp85-dc-tipo-15mm%c2%b2\/"},"modified":"2024-05-07T14:26:05","modified_gmt":"2024-05-07T06:26:05","slug":"cable-electrico-para-barcos-cable-multiconductor-con-aislamiento-de-silicona-ckgzp85-dc-tipo-15mm%c2%b2","status":"publish","type":"product","link":"https:\/\/www.tstcables.com\/es\/producto\/cable-electrico-para-barcos-cable-multiconductor-con-aislamiento-de-silicona-ckgzp85-dc-tipo-15mm%c2%b2\/","title":{"rendered":"1.5mm Ship DC multi-core Salt alkali resistant cable electrical cable silicone insulated cables"},"content":{"rendered":"<p>Nombre del producto: Ship DC multi-core Salt alkali resistant cable electrical cable<\/p>\n<p>Nivel de tensi\u00f3n soportado: 150\/250V (300V)<\/p>\n<p>Grado de temperatura: -40\u2103-+125\u2103<\/p>\n<p>&nbsp;<\/p>\n<p><strong>Aplicaciones:<\/strong><\/p>\n<p>Los productos se utilizan especialmente para circuitos de potencia, iluminaci\u00f3n y control general e instrumentaci\u00f3n de diversos buques en r\u00edos y mares y plataformas petrol\u00edferas en alta mar y otras estructuras acu\u00e1ticas.<\/p>\n<p>&nbsp;<\/p>\n<p><strong>Caracter\u00edsticas del producto:<\/strong><\/p>\n<p>Ha sido certificado por la Sociedad de Clasificaci\u00f3n China CCS; tiene las caracter\u00edsticas de baja emisi\u00f3n de humos, libre de hal\u00f3genos, baja toxicidad, y es resistente al moho y a la corrosi\u00f3n por niebla salina.<\/p>\n<p>&nbsp;<\/p>\n<p><strong>Norma del sector:<\/strong><\/p>\n<p>IEC60228, IEC60092-350, IEC60092-360, IEC60092-376, IEC60332-1,<\/p>\n<p>IEC60332-3, IEC60331, IEC61034, IEC60754, GJB150, GJB1916<\/p>\n<p>&nbsp;<\/p>\n<p><strong>Par\u00e1metros t\u00e9cnicos<\/strong><\/p>\n<table class=\"tg\">\n<thead>\n<tr>\n<th class=\"tg-wa1i\">Especificaci\u00f3n<\/th>\n<th class=\"tg-wa1i\">Par\u00e1metros t\u00e9cnicos<\/th>\n<th class=\"tg-wa1i\" rowspan=\"2\">Grado nominal de aislamiento mm<\/th>\n<th class=\"tg-wa1i\" colspan=\"2\">Espesor nominal de la vaina mm<\/th>\n<th class=\"tg-wa1i\" rowspan=\"2\">Di\u00e1metro del alambre blindado am<\/th>\n<th class=\"tg-wa1i\" colspan=\"2\">Di\u00e1metro exterior del cable mm<\/th>\n<th class=\"tg-wa1i\">Peso calculado del cable kg\/km<\/th>\n<\/tr>\n<tr>\n<th class=\"tg-wa1i\">N\u00famero de n\u00facleos \u00d7 \u00e1rea de corte nominal mm2<\/th>\n<th class=\"tg-wa1i\">N\u00famero de hilos\/di\u00e1metro nominal de un hilo, mm<\/th>\n<th class=\"tg-wa1i\">Funda interior<\/th>\n<th class=\"tg-wa1i\">abrigo<\/th>\n<th class=\"tg-wa1i\">valor nominal<\/th>\n<th class=\"tg-wa1i\">valor m\u00e1ximo<\/th>\n<th class=\"tg-wa1i\">Tipo CKGZP85\/DC<\/th>\n<\/tr>\n<\/thead>\n<tbody>\n<tr>\n<td class=\"tg-baqh\">2\u00d71.5<\/td>\n<td class=\"tg-baqh\">7\/0.52<\/td>\n<td class=\"tg-8d8j\">0.7<\/td>\n<td class=\"tg-baqh\">&#8211;<\/td>\n<td class=\"tg-8d8j\">1.1<\/td>\n<td class=\"tg-8d8j\">0.2<\/td>\n<td class=\"tg-8d8j\">10.2<\/td>\n<td class=\"tg-8d8j\">12<\/td>\n<td class=\"tg-8d8j\">96<\/td>\n<\/tr>\n<tr>\n<td class=\"tg-baqh\">4\u00d71.5<\/td>\n<td class=\"tg-baqh\">7\/0.52<\/td>\n<td class=\"tg-8d8j\">0.7<\/td>\n<td class=\"tg-baqh\">&#8211;<\/td>\n<td class=\"tg-8d8j\">1.1<\/td>\n<td class=\"tg-8d8j\">0.2<\/td>\n<td class=\"tg-8d8j\">11.6<\/td>\n<td class=\"tg-8d8j\">13.5<\/td>\n<td class=\"tg-8d8j\">197<\/td>\n<\/tr>\n<tr>\n<td class=\"tg-baqh\">7\u00d71.5<\/td>\n<td class=\"tg-baqh\">7\/0.52<\/td>\n<td class=\"tg-8d8j\">0.7<\/td>\n<td class=\"tg-baqh\">&#8211;<\/td>\n<td class=\"tg-8d8j\">1.2<\/td>\n<td class=\"tg-8d8j\">0.3<\/td>\n<td class=\"tg-8d8j\">14.1<\/td>\n<td class=\"tg-8d8j\">16<\/td>\n<td class=\"tg-8d8j\">318<\/td>\n<\/tr>\n<tr>\n<td class=\"tg-baqh\">10\u00d71.5<\/td>\n<td class=\"tg-baqh\">7\/0.52<\/td>\n<td class=\"tg-8d8j\">0.7<\/td>\n<td class=\"tg-baqh\">&#8211;<\/td>\n<td class=\"tg-8d8j\">1.3<\/td>\n<td class=\"tg-8d8j\">0.3<\/td>\n<td class=\"tg-8d8j\">17.4<\/td>\n<td class=\"tg-8d8j\">20<\/td>\n<td class=\"tg-8d8j\">439<\/td>\n<\/tr>\n<tr>\n<td class=\"tg-baqh\">14\u00d71.5<\/td>\n<td class=\"tg-baqh\">7\/0.52<\/td>\n<td class=\"tg-8d8j\">0.7<\/td>\n<td class=\"tg-baqh\">&#8211;<\/td>\n<td class=\"tg-8d8j\">1.3<\/td>\n<td class=\"tg-8d8j\">0.3<\/td>\n<td class=\"tg-8d8j\">18.7<\/td>\n<td class=\"tg-8d8j\">21.5<\/td>\n<td class=\"tg-8d8j\">550<\/td>\n<\/tr>\n<tr>\n<td class=\"tg-baqh\">19\u00d71.5<\/td>\n<td class=\"tg-baqh\">7\/0.52<\/td>\n<td class=\"tg-8d8j\">0.7<\/td>\n<td class=\"tg-baqh\">&#8211;<\/td>\n<td class=\"tg-8d8j\">1.4<\/td>\n<td class=\"tg-8d8j\">0.3<\/td>\n<td class=\"tg-8d8j\">20.7<\/td>\n<td class=\"tg-8d8j\">23.5<\/td>\n<td class=\"tg-8d8j\">599<\/td>\n<\/tr>\n<tr>\n<td class=\"tg-baqh\">24\u00d71.5<\/td>\n<td class=\"tg-baqh\">7\/0.52<\/td>\n<td class=\"tg-8d8j\">0.7<\/td>\n<td class=\"tg-baqh\">&#8211;<\/td>\n<td class=\"tg-8d8j\">1.4<\/td>\n<td class=\"tg-8d8j\">0.3<\/td>\n<td class=\"tg-8d8j\">23.8<\/td>\n<td class=\"tg-8d8j\">27<\/td>\n<td class=\"tg-8d8j\">873<\/td>\n<\/tr>\n<tr>\n<td class=\"tg-baqh\">30\u00d71.5<\/td>\n<td class=\"tg-baqh\">7\/0.52<\/td>\n<td class=\"tg-8d8j\">0.7<\/td>\n<td class=\"tg-baqh\">&#8211;<\/td>\n<td class=\"tg-8d8j\">1.5<\/td>\n<td class=\"tg-8d8j\">0.3<\/td>\n<td class=\"tg-8d8j\">25.3<\/td>\n<td class=\"tg-8d8j\">29<\/td>\n<td class=\"tg-8d8j\">1 042<\/td>\n<\/tr>\n<tr>\n<td class=\"tg-baqh\">37\u00d71.5<\/td>\n<td class=\"tg-baqh\">7\/0.52<\/td>\n<td class=\"tg-8d8j\">0.7<\/td>\n<td class=\"tg-baqh\">&#8211;<\/td>\n<td class=\"tg-8d8j\">1.6<\/td>\n<td class=\"tg-8d8j\">0.3<\/td>\n<td class=\"tg-8d8j\">27.3<\/td>\n<td class=\"tg-8d8j\">31<\/td>\n<td class=\"tg-baqh\">1 231<\/td>\n<\/tr>\n<\/tbody>\n<\/table>\n","protected":false},"excerpt":{"rendered":"<p>El cable el\u00e9ctrico para buques CKGZP85\/DC, con aislamiento de silicona, tipo 1,5 mm\u00b2, ha sido certificado por la Sociedad de Clasificaci\u00f3n CCS de China y se caracteriza por su baja emisi\u00f3n de humos, ausencia de hal\u00f3genos y baja toxicidad, as\u00ed como por su resistencia al moho y a la corrosi\u00f3n por niebla salina.<\/p>\n","protected":false},"featured_media":11884,"template":"","meta":{"_eb_attr":"","site-sidebar-layout":"default","site-content-layout":"","ast-site-content-layout":"default","site-content-style":"default","site-sidebar-style":"default","ast-global-header-display":"","ast-banner-title-visibility":"","ast-main-header-display":"","ast-hfb-above-header-display":"","ast-hfb-below-header-display":"","ast-hfb-mobile-header-display":"","site-post-title":"","ast-breadcrumbs-content":"","ast-featured-img":"","footer-sml-layout":"","theme-transparent-header-meta":"default","adv-header-id-meta":"","stick-header-meta":"","header-above-stick-meta":"","header-main-stick-meta":"","header-below-stick-meta":"","astra-migrate-meta-layouts":"default","ast-page-background-enabled":"default","ast-page-background-meta":{"desktop":{"background-color":"","background-image":"","background-repeat":"repeat","background-position":"center center","background-size":"auto","background-attachment":"scroll","background-type":"","background-media":"","overlay-type":"","overlay-color":"","overlay-opacity":"","overlay-gradient":""},"tablet":{"background-color":"","background-image":"","background-repeat":"repeat","background-position":"center center","background-size":"auto","background-attachment":"scroll","background-type":"","background-media":"","overlay-type":"","overlay-color":"","overlay-opacity":"","overlay-gradient":""},"mobile":{"background-color":"","background-image":"","background-repeat":"repeat","background-position":"center center","background-size":"auto","background-attachment":"scroll","background-type":"","background-media":"","overlay-type":"","overlay-color":"","overlay-opacity":"","overlay-gradient":""}},"ast-content-background-meta":{"desktop":{"background-color":"var(--ast-global-color-5)","background-image":"","background-repeat":"repeat","background-position":"center center","background-size":"auto","background-attachment":"scroll","background-type":"","background-media":"","overlay-type":"","overlay-color":"","overlay-opacity":"","overlay-gradient":""},"tablet":{"background-color":"var(--ast-global-color-5)","background-image":"","background-repeat":"repeat","background-position":"center center","background-size":"auto","background-attachment":"scroll","background-type":"","background-media":"","overlay-type":"","overlay-color":"","overlay-opacity":"","overlay-gradient":""},"mobile":{"background-color":"var(--ast-global-color-5)","background-image":"","background-repeat":"repeat","background-position":"center center","background-size":"auto","background-attachment":"scroll","background-type":"","background-media":"","overlay-type":"","overlay-color":"","overlay-opacity":"","overlay-gradient":""}}},"product_brand":[],"product_cat":[596,643,593,601,603,602,600],"product_tag":[605,604,606],"class_list":{"0":"post-15170","1":"product","2":"type-product","3":"status-publish","4":"has-post-thumbnail","6":"product_cat-cable-de-silicona","7":"product_cat-cable-resistente-a-los-alcalis-salinos","8":"product_cat-cable-resistente-al-agua","9":"product_cat-en50382-es","10":"product_cat-norma-en","11":"product_cat-norma-ice","12":"product_cat-marina","13":"product_tag-cable-electrico-del-buque","14":"product_tag-cable-multifilar-con-aislamiento-de-silicona-ckgzp85-dc","15":"product_tag-ckgzp85-dc-es","16":"desktop-align-center","17":"tablet-align-left","18":"mobile-align-left","20":"first","21":"instock","22":"shipping-taxable","23":"product-type-simple"},"yoast_head":"<!-- This site is optimized with the Yoast SEO plugin v27.5 - https:\/\/yoast.com\/product\/yoast-seo-wordpress\/ -->\n<title>1.5mm Ship DC multi-core Salt alkali resistant cable electrical cable<\/title>\n<meta name=\"description\" content=\"1.5mm Ship DC multi-core Salt alkali resistant cable electrical cable silicone insulated cables has been certified by CCS China Classification Society.\" \/>\n<meta name=\"robots\" content=\"index, follow, max-snippet:-1, max-image-preview:large, max-video-preview:-1\" \/>\n<link rel=\"canonical\" href=\"https:\/\/www.tstcables.com\/es\/producto\/cable-electrico-para-barcos-cable-multiconductor-con-aislamiento-de-silicona-ckgzp85-dc-tipo-15mm%c2%b2\/\" \/>\n<meta property=\"og:locale\" content=\"es_ES\" \/>\n<meta property=\"og:type\" content=\"article\" \/>\n<meta property=\"og:title\" content=\"1.5mm Ship DC multi-core Salt alkali resistant cable electrical cable\" \/>\n<meta property=\"og:description\" content=\"1.5mm Ship DC multi-core Salt alkali resistant cable electrical cable silicone insulated cables has been certified by CCS China Classification Society.\" \/>\n<meta property=\"og:url\" content=\"https:\/\/www.tstcables.com\/es\/producto\/cable-electrico-para-barcos-cable-multiconductor-con-aislamiento-de-silicona-ckgzp85-dc-tipo-15mm%c2%b2\/\" \/>\n<meta property=\"og:site_name\" content=\"TST CABLES supplier &amp; Manufacture\" \/>\n<meta property=\"article:modified_time\" content=\"2024-05-07T06:26:05+00:00\" \/>\n<meta property=\"og:image\" content=\"https:\/\/www.tstcables.com\/wp-content\/uploads\/2024\/03\/EN50306-3-300V-MM-4.jpg\" \/>\n\t<meta property=\"og:image:width\" content=\"1000\" \/>\n\t<meta property=\"og:image:height\" content=\"1000\" \/>\n\t<meta property=\"og:image:type\" content=\"image\/jpeg\" \/>\n<meta name=\"twitter:card\" content=\"summary_large_image\" \/>\n<meta name=\"twitter:label1\" content=\"Tiempo de lectura\" \/>\n\t<meta name=\"twitter:data1\" content=\"1 minuto\" \/>\n<script type=\"application\/ld+json\" class=\"yoast-schema-graph\">{\"@context\":\"https:\\\/\\\/schema.org\",\"@graph\":[{\"@type\":\"WebPage\",\"@id\":\"https:\\\/\\\/www.tstcables.com\\\/es\\\/producto\\\/cable-electrico-para-barcos-cable-multiconductor-con-aislamiento-de-silicona-ckgzp85-dc-tipo-15mm%c2%b2\\\/\",\"url\":\"https:\\\/\\\/www.tstcables.com\\\/es\\\/producto\\\/cable-electrico-para-barcos-cable-multiconductor-con-aislamiento-de-silicona-ckgzp85-dc-tipo-15mm%c2%b2\\\/\",\"name\":\"1.5mm Ship DC multi-core Salt alkali resistant cable electrical cable\",\"isPartOf\":{\"@id\":\"https:\\\/\\\/www.tstcables.com\\\/es\\\/#website\"},\"primaryImageOfPage\":{\"@id\":\"https:\\\/\\\/www.tstcables.com\\\/es\\\/producto\\\/cable-electrico-para-barcos-cable-multiconductor-con-aislamiento-de-silicona-ckgzp85-dc-tipo-15mm%c2%b2\\\/#primaryimage\"},\"image\":{\"@id\":\"https:\\\/\\\/www.tstcables.com\\\/es\\\/producto\\\/cable-electrico-para-barcos-cable-multiconductor-con-aislamiento-de-silicona-ckgzp85-dc-tipo-15mm%c2%b2\\\/#primaryimage\"},\"thumbnailUrl\":\"https:\\\/\\\/www.tstcables.com\\\/wp-content\\\/uploads\\\/2024\\\/03\\\/EN50306-3-300V-MM-4.jpg\",\"datePublished\":\"2024-03-25T07:01:13+00:00\",\"dateModified\":\"2024-05-07T06:26:05+00:00\",\"description\":\"1.5mm Ship DC multi-core Salt alkali resistant cable electrical cable silicone insulated cables has been certified by CCS China Classification Society.\",\"breadcrumb\":{\"@id\":\"https:\\\/\\\/www.tstcables.com\\\/es\\\/producto\\\/cable-electrico-para-barcos-cable-multiconductor-con-aislamiento-de-silicona-ckgzp85-dc-tipo-15mm%c2%b2\\\/#breadcrumb\"},\"inLanguage\":\"es\",\"potentialAction\":[{\"@type\":\"ReadAction\",\"target\":[\"https:\\\/\\\/www.tstcables.com\\\/es\\\/producto\\\/cable-electrico-para-barcos-cable-multiconductor-con-aislamiento-de-silicona-ckgzp85-dc-tipo-15mm%c2%b2\\\/\"]}]},{\"@type\":\"ImageObject\",\"inLanguage\":\"es\",\"@id\":\"https:\\\/\\\/www.tstcables.com\\\/es\\\/producto\\\/cable-electrico-para-barcos-cable-multiconductor-con-aislamiento-de-silicona-ckgzp85-dc-tipo-15mm%c2%b2\\\/#primaryimage\",\"url\":\"https:\\\/\\\/www.tstcables.com\\\/wp-content\\\/uploads\\\/2024\\\/03\\\/EN50306-3-300V-MM-4.jpg\",\"contentUrl\":\"https:\\\/\\\/www.tstcables.com\\\/wp-content\\\/uploads\\\/2024\\\/03\\\/EN50306-3-300V-MM-4.jpg\",\"width\":1000,\"height\":1000,\"caption\":\"multi-core silicone insulated cable CKGZP85\\\/DC\"},{\"@type\":\"BreadcrumbList\",\"@id\":\"https:\\\/\\\/www.tstcables.com\\\/es\\\/producto\\\/cable-electrico-para-barcos-cable-multiconductor-con-aislamiento-de-silicona-ckgzp85-dc-tipo-15mm%c2%b2\\\/#breadcrumb\",\"itemListElement\":[{\"@type\":\"ListItem\",\"position\":1,\"name\":\"\u9996\u9875\",\"item\":\"https:\\\/\\\/www.tstcables.com\\\/es\\\/\"},{\"@type\":\"ListItem\",\"position\":2,\"name\":\"Product\",\"item\":\"https:\\\/\\\/www.tstcables.com\\\/product\\\/\"},{\"@type\":\"ListItem\",\"position\":3,\"name\":\"1.5mm Ship DC multi-core Salt alkali resistant cable electrical cable silicone insulated cables\"}]},{\"@type\":\"WebSite\",\"@id\":\"https:\\\/\\\/www.tstcables.com\\\/es\\\/#website\",\"url\":\"https:\\\/\\\/www.tstcables.com\\\/es\\\/\",\"name\":\"TST Cable supplier & Manufacture\",\"description\":\"TST CABLES  supplier &amp; Manufacture official website\",\"publisher\":{\"@id\":\"https:\\\/\\\/www.tstcables.com\\\/es\\\/#organization\"},\"potentialAction\":[{\"@type\":\"SearchAction\",\"target\":{\"@type\":\"EntryPoint\",\"urlTemplate\":\"https:\\\/\\\/www.tstcables.com\\\/es\\\/?s={search_term_string}\"},\"query-input\":{\"@type\":\"PropertyValueSpecification\",\"valueRequired\":true,\"valueName\":\"search_term_string\"}}],\"inLanguage\":\"es\"},{\"@type\":\"Organization\",\"@id\":\"https:\\\/\\\/www.tstcables.com\\\/es\\\/#organization\",\"name\":\"TST Cable supplier & Manufacture\",\"url\":\"https:\\\/\\\/www.tstcables.com\\\/es\\\/\",\"logo\":{\"@type\":\"ImageObject\",\"inLanguage\":\"es\",\"@id\":\"https:\\\/\\\/www.tstcables.com\\\/es\\\/#\\\/schema\\\/logo\\\/image\\\/\",\"url\":\"https:\\\/\\\/www.tstcables.com\\\/wp-content\\\/uploads\\\/2024\\\/04\\\/cropped-\u753b\u677f-1-\u62f7\u8d1d-4-1.png\",\"contentUrl\":\"https:\\\/\\\/www.tstcables.com\\\/wp-content\\\/uploads\\\/2024\\\/04\\\/cropped-\u753b\u677f-1-\u62f7\u8d1d-4-1.png\",\"width\":300,\"height\":100,\"caption\":\"TST Cable supplier & Manufacture\"},\"image\":{\"@id\":\"https:\\\/\\\/www.tstcables.com\\\/es\\\/#\\\/schema\\\/logo\\\/image\\\/\"}}]}<\/script>\n<!-- \/ Yoast SEO plugin. -->","yoast_head_json":{"title":"1.5mm Ship DC multi-core Salt alkali resistant cable electrical cable","description":"1.5mm Ship DC multi-core Salt alkali resistant cable electrical cable silicone insulated cables has been certified by CCS China Classification Society.","robots":{"index":"index","follow":"follow","max-snippet":"max-snippet:-1","max-image-preview":"max-image-preview:large","max-video-preview":"max-video-preview:-1"},"canonical":"https:\/\/www.tstcables.com\/es\/producto\/cable-electrico-para-barcos-cable-multiconductor-con-aislamiento-de-silicona-ckgzp85-dc-tipo-15mm%c2%b2\/","og_locale":"es_ES","og_type":"article","og_title":"1.5mm Ship DC multi-core Salt alkali resistant cable electrical cable","og_description":"1.5mm Ship DC multi-core Salt alkali resistant cable electrical cable silicone insulated cables has been certified by CCS China Classification Society.","og_url":"https:\/\/www.tstcables.com\/es\/producto\/cable-electrico-para-barcos-cable-multiconductor-con-aislamiento-de-silicona-ckgzp85-dc-tipo-15mm%c2%b2\/","og_site_name":"TST CABLES supplier &amp; Manufacture","article_modified_time":"2024-05-07T06:26:05+00:00","og_image":[{"width":1000,"height":1000,"url":"https:\/\/www.tstcables.com\/wp-content\/uploads\/2024\/03\/EN50306-3-300V-MM-4.jpg","type":"image\/jpeg"}],"twitter_card":"summary_large_image","twitter_misc":{"Tiempo de lectura":"1 minuto"},"schema":{"@context":"https:\/\/schema.org","@graph":[{"@type":"WebPage","@id":"https:\/\/www.tstcables.com\/es\/producto\/cable-electrico-para-barcos-cable-multiconductor-con-aislamiento-de-silicona-ckgzp85-dc-tipo-15mm%c2%b2\/","url":"https:\/\/www.tstcables.com\/es\/producto\/cable-electrico-para-barcos-cable-multiconductor-con-aislamiento-de-silicona-ckgzp85-dc-tipo-15mm%c2%b2\/","name":"1.5mm Ship DC multi-core Salt alkali resistant cable electrical cable","isPartOf":{"@id":"https:\/\/www.tstcables.com\/es\/#website"},"primaryImageOfPage":{"@id":"https:\/\/www.tstcables.com\/es\/producto\/cable-electrico-para-barcos-cable-multiconductor-con-aislamiento-de-silicona-ckgzp85-dc-tipo-15mm%c2%b2\/#primaryimage"},"image":{"@id":"https:\/\/www.tstcables.com\/es\/producto\/cable-electrico-para-barcos-cable-multiconductor-con-aislamiento-de-silicona-ckgzp85-dc-tipo-15mm%c2%b2\/#primaryimage"},"thumbnailUrl":"https:\/\/www.tstcables.com\/wp-content\/uploads\/2024\/03\/EN50306-3-300V-MM-4.jpg","datePublished":"2024-03-25T07:01:13+00:00","dateModified":"2024-05-07T06:26:05+00:00","description":"1.5mm Ship DC multi-core Salt alkali resistant cable electrical cable silicone insulated cables has been certified by CCS China Classification Society.","breadcrumb":{"@id":"https:\/\/www.tstcables.com\/es\/producto\/cable-electrico-para-barcos-cable-multiconductor-con-aislamiento-de-silicona-ckgzp85-dc-tipo-15mm%c2%b2\/#breadcrumb"},"inLanguage":"es","potentialAction":[{"@type":"ReadAction","target":["https:\/\/www.tstcables.com\/es\/producto\/cable-electrico-para-barcos-cable-multiconductor-con-aislamiento-de-silicona-ckgzp85-dc-tipo-15mm%c2%b2\/"]}]},{"@type":"ImageObject","inLanguage":"es","@id":"https:\/\/www.tstcables.com\/es\/producto\/cable-electrico-para-barcos-cable-multiconductor-con-aislamiento-de-silicona-ckgzp85-dc-tipo-15mm%c2%b2\/#primaryimage","url":"https:\/\/www.tstcables.com\/wp-content\/uploads\/2024\/03\/EN50306-3-300V-MM-4.jpg","contentUrl":"https:\/\/www.tstcables.com\/wp-content\/uploads\/2024\/03\/EN50306-3-300V-MM-4.jpg","width":1000,"height":1000,"caption":"multi-core silicone insulated cable CKGZP85\/DC"},{"@type":"BreadcrumbList","@id":"https:\/\/www.tstcables.com\/es\/producto\/cable-electrico-para-barcos-cable-multiconductor-con-aislamiento-de-silicona-ckgzp85-dc-tipo-15mm%c2%b2\/#breadcrumb","itemListElement":[{"@type":"ListItem","position":1,"name":"\u9996\u9875","item":"https:\/\/www.tstcables.com\/es\/"},{"@type":"ListItem","position":2,"name":"Product","item":"https:\/\/www.tstcables.com\/product\/"},{"@type":"ListItem","position":3,"name":"1.5mm Ship DC multi-core Salt alkali resistant cable electrical cable silicone insulated cables"}]},{"@type":"WebSite","@id":"https:\/\/www.tstcables.com\/es\/#website","url":"https:\/\/www.tstcables.com\/es\/","name":"TST Cable supplier & Manufacture","description":"TST CABLES  supplier &amp; Manufacture official website","publisher":{"@id":"https:\/\/www.tstcables.com\/es\/#organization"},"potentialAction":[{"@type":"SearchAction","target":{"@type":"EntryPoint","urlTemplate":"https:\/\/www.tstcables.com\/es\/?s={search_term_string}"},"query-input":{"@type":"PropertyValueSpecification","valueRequired":true,"valueName":"search_term_string"}}],"inLanguage":"es"},{"@type":"Organization","@id":"https:\/\/www.tstcables.com\/es\/#organization","name":"TST Cable supplier & Manufacture","url":"https:\/\/www.tstcables.com\/es\/","logo":{"@type":"ImageObject","inLanguage":"es","@id":"https:\/\/www.tstcables.com\/es\/#\/schema\/logo\/image\/","url":"https:\/\/www.tstcables.com\/wp-content\/uploads\/2024\/04\/cropped-\u753b\u677f-1-\u62f7\u8d1d-4-1.png","contentUrl":"https:\/\/www.tstcables.com\/wp-content\/uploads\/2024\/04\/cropped-\u753b\u677f-1-\u62f7\u8d1d-4-1.png","width":300,"height":100,"caption":"TST Cable supplier & Manufacture"},"image":{"@id":"https:\/\/www.tstcables.com\/es\/#\/schema\/logo\/image\/"}}]}},"_links":{"self":[{"href":"https:\/\/www.tstcables.com\/es\/wp-json\/wp\/v2\/product\/15170","targetHints":{"allow":["GET"]}}],"collection":[{"href":"https:\/\/www.tstcables.com\/es\/wp-json\/wp\/v2\/product"}],"about":[{"href":"https:\/\/www.tstcables.com\/es\/wp-json\/wp\/v2\/types\/product"}],"version-history":[{"count":0,"href":"https:\/\/www.tstcables.com\/es\/wp-json\/wp\/v2\/product\/15170\/revisions"}],"wp:featuredmedia":[{"embeddable":true,"href":"https:\/\/www.tstcables.com\/es\/wp-json\/wp\/v2\/media\/11884"}],"wp:attachment":[{"href":"https:\/\/www.tstcables.com\/es\/wp-json\/wp\/v2\/media?parent=15170"}],"wp:term":[{"taxonomy":"product_brand","embeddable":true,"href":"https:\/\/www.tstcables.com\/es\/wp-json\/wp\/v2\/product_brand?post=15170"},{"taxonomy":"product_cat","embeddable":true,"href":"https:\/\/www.tstcables.com\/es\/wp-json\/wp\/v2\/product_cat?post=15170"},{"taxonomy":"product_tag","embeddable":true,"href":"https:\/\/www.tstcables.com\/es\/wp-json\/wp\/v2\/product_tag?post=15170"}],"curies":[{"name":"wp","href":"https:\/\/api.w.org\/{rel}","templated":true}]}}