{"id":15173,"date":"2024-03-25T15:00:10","date_gmt":"2024-03-25T07:00:10","guid":{"rendered":"https:\/\/www.tstcables.com\/product\/cable-electrico-para-barcos-cable-multiconductor-con-aislamiento-de-silicona-ckgzp85-dc-tipo-25mm%c2%b2\/"},"modified":"2024-05-07T14:30:16","modified_gmt":"2024-05-07T06:30:16","slug":"cable-electrico-para-barcos-cable-multiconductor-con-aislamiento-de-silicona-ckgzp85-dc-tipo-25mm%c2%b2","status":"publish","type":"product","link":"https:\/\/www.tstcables.com\/es\/producto\/cable-electrico-para-barcos-cable-multiconductor-con-aislamiento-de-silicona-ckgzp85-dc-tipo-25mm%c2%b2\/","title":{"rendered":"Cable de silicona LSOH de 2,5 mm de CC marina resistente a altas temperaturas y tensiones"},"content":{"rendered":"<p>Nombre del producto: Cable de silicona LSOH marino CC resistente a altas temperaturas y alta tensi\u00f3n<\/p>\n<p>Modelo del producto: 2.5mm<\/p>\n<p>Nivel de tensi\u00f3n soportado: 150\/250V (300V)<\/p>\n<p>Grado de temperatura: -40\u2103-+125\u2103<\/p>\n<p>&nbsp;<\/p>\n<p><strong>Aplicaciones:<\/strong><\/p>\n<p>Los productos se utilizan especialmente para circuitos de potencia, iluminaci\u00f3n y control general e instrumentaci\u00f3n de diversos buques en r\u00edos y mares y plataformas petrol\u00edferas en alta mar y otras estructuras acu\u00e1ticas.<\/p>\n<p>&nbsp;<\/p>\n<p><strong>Caracter\u00edsticas del producto:<\/strong><\/p>\n<p>Ha sido certificado por la Sociedad de Clasificaci\u00f3n China CCS; tiene las caracter\u00edsticas de baja emisi\u00f3n de humos, libre de hal\u00f3genos, baja toxicidad, y es resistente al moho y a la corrosi\u00f3n por niebla salina.<\/p>\n<p>&nbsp;<\/p>\n<p><strong>Norma del sector:<\/strong><\/p>\n<p>IEC60228, IEC60092-350, IEC60092-360, IEC60092-376, IEC60332-1,<\/p>\n<p>IEC60332-3, IEC60331, IEC61034, IEC60754, GJB150, GJB1916<\/p>\n<p>&nbsp;<\/p>\n<p><strong>Par\u00e1metros t\u00e9cnicos<\/strong><\/p>\n<table class=\"tg\">\n<thead>\n<tr>\n<th class=\"tg-wa1i\">Especificaci\u00f3n<\/th>\n<th class=\"tg-wa1i\">Par\u00e1metros t\u00e9cnicos<\/th>\n<th class=\"tg-wa1i\" rowspan=\"2\">Grado nominal de aislamiento mm<\/th>\n<th class=\"tg-wa1i\" colspan=\"2\">Espesor nominal de la vaina mm<\/th>\n<th class=\"tg-wa1i\" rowspan=\"2\">Di\u00e1metro del alambre blindado am<\/th>\n<th class=\"tg-wa1i\" colspan=\"2\">Di\u00e1metro exterior del cable mm<\/th>\n<th class=\"tg-wa1i\">Peso calculado del cable kg\/km<\/th>\n<\/tr>\n<tr>\n<th class=\"tg-wa1i\">N\u00famero de n\u00facleos \u00d7 \u00e1rea de corte nominal mm2<\/th>\n<th class=\"tg-wa1i\">N\u00famero de hilos\/di\u00e1metro nominal de un hilo, mm<\/th>\n<th class=\"tg-wa1i\">Funda interior<\/th>\n<th class=\"tg-wa1i\">abrigo<\/th>\n<th class=\"tg-wa1i\">valor nominal<\/th>\n<th class=\"tg-wa1i\">valor m\u00e1ximo<\/th>\n<th class=\"tg-wa1i\">CKGZP85<\/th>\n<\/tr>\n<\/thead>\n<tbody>\n<tr>\n<td class=\"tg-baqh\">2\u00d72.5<\/td>\n<td class=\"tg-baqh\">7\/0.68<\/td>\n<td class=\"tg-8d8j\">0.8<\/td>\n<td class=\"tg-8d8j\"><\/td>\n<td class=\"tg-8d8j\">1.2<\/td>\n<td class=\"tg-8d8j\">0.3<\/td>\n<td class=\"tg-8d8j\">12.3<\/td>\n<td class=\"tg-8d8j\">14<\/td>\n<td class=\"tg-8d8j\">175<\/td>\n<\/tr>\n<tr>\n<td class=\"tg-baqh\">4\u00d72.5<\/td>\n<td class=\"tg-baqh\">7\/0.68<\/td>\n<td class=\"tg-8d8j\">0.8<\/td>\n<td class=\"tg-8d8j\"><\/td>\n<td class=\"tg-8d8j\">1.2<\/td>\n<td class=\"tg-8d8j\">0.3<\/td>\n<td class=\"tg-8d8j\">13.9<\/td>\n<td class=\"tg-8d8j\">16<\/td>\n<td class=\"tg-8d8j\">292<\/td>\n<\/tr>\n<tr>\n<td class=\"tg-baqh\">7\u00d72.5<\/td>\n<td class=\"tg-baqh\">7\/0.68<\/td>\n<td class=\"tg-8d8j\">0.8<\/td>\n<td class=\"tg-8d8j\"><\/td>\n<td class=\"tg-8d8j\">1.3<\/td>\n<td class=\"tg-8d8j\">0.3<\/td>\n<td class=\"tg-8d8j\">16.3<\/td>\n<td class=\"tg-8d8j\">18.5<\/td>\n<td class=\"tg-8d8j\">435<\/td>\n<\/tr>\n<tr>\n<td class=\"tg-baqh\">10\u00d72.5<\/td>\n<td class=\"tg-baqh\">7\/0.68<\/td>\n<td class=\"tg-8d8j\">0.8<\/td>\n<td class=\"tg-8d8j\"><\/td>\n<td class=\"tg-8d8j\">1.4<\/td>\n<td class=\"tg-8d8j\">0.3<\/td>\n<td class=\"tg-8d8j\">20.3<\/td>\n<td class=\"tg-8d8j\">23<\/td>\n<td class=\"tg-8d8j\">603<\/td>\n<\/tr>\n<tr>\n<td class=\"tg-baqh\">14\u00d72.5<\/td>\n<td class=\"tg-baqh\">7\/0.68<\/td>\n<td class=\"tg-8d8j\">0.8<\/td>\n<td class=\"tg-8d8j\"><\/td>\n<td class=\"tg-8d8j\">1.4<\/td>\n<td class=\"tg-8d8j\">0.3<\/td>\n<td class=\"tg-8d8j\">21.9<\/td>\n<td class=\"tg-8d8j\">24.5<\/td>\n<td class=\"tg-8d8j\">769<\/td>\n<\/tr>\n<tr>\n<td class=\"tg-baqh\">19\u00d72.5<\/td>\n<td class=\"tg-baqh\">7\/0.68<\/td>\n<td class=\"tg-8d8j\">0.8<\/td>\n<td class=\"tg-8d8j\"><\/td>\n<td class=\"tg-8d8j\">1.5<\/td>\n<td class=\"tg-8d8j\">0.3<\/td>\n<td class=\"tg-8d8j\">24.3<\/td>\n<td class=\"tg-8d8j\">27.5<\/td>\n<td class=\"tg-8d8j\">990<\/td>\n<\/tr>\n<tr>\n<td class=\"tg-baqh\">24\u00d72.5<\/td>\n<td class=\"tg-baqh\">7\/0.68<\/td>\n<td class=\"tg-8d8j\">0.8<\/td>\n<td class=\"tg-8d8j\"><\/td>\n<td class=\"tg-8d8j\">1.6<\/td>\n<td class=\"tg-8d8j\">0.3<\/td>\n<td class=\"tg-8d8j\">28.3<\/td>\n<td class=\"tg-8d8j\">31.5<\/td>\n<td class=\"tg-baqh\">1 236<\/td>\n<\/tr>\n<tr>\n<td class=\"tg-baqh\">30\u00d72.5<\/td>\n<td class=\"tg-baqh\">7\/0.68<\/td>\n<td class=\"tg-8d8j\">0.8<\/td>\n<td class=\"tg-8d8j\"><\/td>\n<td class=\"tg-8d8j\">1.6<\/td>\n<td class=\"tg-8d8j\">0.3<\/td>\n<td class=\"tg-8d8j\">29.9<\/td>\n<td class=\"tg-8d8j\">33.5<\/td>\n<td class=\"tg-baqh\">1 488<\/td>\n<\/tr>\n<tr>\n<td class=\"tg-baqh\">37\u00d72.5<\/td>\n<td class=\"tg-baqh\">7\/0.68<\/td>\n<td class=\"tg-8d8j\">0.8<\/td>\n<td class=\"tg-8d8j\"><\/td>\n<td class=\"tg-8d8j\">1.7<\/td>\n<td class=\"tg-8d8j\">0.3<\/td>\n<td class=\"tg-8d8j\">32.3<\/td>\n<td class=\"tg-8d8j\">36<\/td>\n<td class=\"tg-baqh\">1 773<\/td>\n<\/tr>\n<\/tbody>\n<\/table>\n<p><span class=\"Y2IQFc\" lang=\"en\">Nota: Los productos con otros par\u00e1metros pueden personalizarse seg\u00fan las necesidades.<\/span><\/p>\n","protected":false},"excerpt":{"rendered":"<p>Los productos se utilizan especialmente para circuitos de potencia, iluminaci\u00f3n y control general e instrumentaci\u00f3n de diversos buques en r\u00edos y mares y plataformas petrol\u00edferas en alta mar y otras estructuras acu\u00e1ticas.<\/p>\n","protected":false},"featured_media":12174,"template":"","meta":{"_eb_attr":"","site-sidebar-layout":"default","site-content-layout":"","ast-site-content-layout":"default","site-content-style":"default","site-sidebar-style":"default","ast-global-header-display":"","ast-banner-title-visibility":"","ast-main-header-display":"","ast-hfb-above-header-display":"","ast-hfb-below-header-display":"","ast-hfb-mobile-header-display":"","site-post-title":"","ast-breadcrumbs-content":"","ast-featured-img":"","footer-sml-layout":"","theme-transparent-header-meta":"default","adv-header-id-meta":"","stick-header-meta":"","header-above-stick-meta":"","header-main-stick-meta":"","header-below-stick-meta":"","astra-migrate-meta-layouts":"default","ast-page-background-enabled":"default","ast-page-background-meta":{"desktop":{"background-color":"","background-image":"","background-repeat":"repeat","background-position":"center center","background-size":"auto","background-attachment":"scroll","background-type":"","background-media":"","overlay-type":"","overlay-color":"","overlay-opacity":"","overlay-gradient":""},"tablet":{"background-color":"","background-image":"","background-repeat":"repeat","background-position":"center center","background-size":"auto","background-attachment":"scroll","background-type":"","background-media":"","overlay-type":"","overlay-color":"","overlay-opacity":"","overlay-gradient":""},"mobile":{"background-color":"","background-image":"","background-repeat":"repeat","background-position":"center center","background-size":"auto","background-attachment":"scroll","background-type":"","background-media":"","overlay-type":"","overlay-color":"","overlay-opacity":"","overlay-gradient":""}},"ast-content-background-meta":{"desktop":{"background-color":"var(--ast-global-color-5)","background-image":"","background-repeat":"repeat","background-position":"center center","background-size":"auto","background-attachment":"scroll","background-type":"","background-media":"","overlay-type":"","overlay-color":"","overlay-opacity":"","overlay-gradient":""},"tablet":{"background-color":"var(--ast-global-color-5)","background-image":"","background-repeat":"repeat","background-position":"center center","background-size":"auto","background-attachment":"scroll","background-type":"","background-media":"","overlay-type":"","overlay-color":"","overlay-opacity":"","overlay-gradient":""},"mobile":{"background-color":"var(--ast-global-color-5)","background-image":"","background-repeat":"repeat","background-position":"center center","background-size":"auto","background-attachment":"scroll","background-type":"","background-media":"","overlay-type":"","overlay-color":"","overlay-opacity":"","overlay-gradient":""}}},"product_brand":[],"product_cat":[599,591,596,590,601,603,602,600],"product_tag":[612,611],"class_list":{"0":"post-15173","1":"product","2":"type-product","3":"status-publish","4":"has-post-thumbnail","6":"product_cat-aviacion","7":"product_cat-cable-de-alta-temperatura","8":"product_cat-cable-de-silicona","9":"product_cat-lsoh-cable-es","10":"product_cat-en50382-es","11":"product_cat-norma-en","12":"product_cat-norma-ice","13":"product_cat-marina","14":"product_tag-ckgzp85-dc-cable-es","15":"product_tag-ckgzp85-dc-tipo-25-mm","16":"desktop-align-center","17":"tablet-align-left","18":"mobile-align-left","20":"first","21":"instock","22":"shipping-taxable","23":"product-type-simple"},"yoast_head":"<!-- This site is optimized with the Yoast SEO plugin v27.4 - https:\/\/yoast.com\/product\/yoast-seo-wordpress\/ -->\n<title>Cable el\u00e9ctrico de barco CKGZP85\/DC tipo 2,5mm<\/title>\n<meta name=\"description\" content=\"Ship cable el\u00e9ctrico multi-core silicone insulated cable CKGZP85\/DC type 2.5mm\u00b2 -40\u2103-+125\u2103 Los productos se utilizan especialmente para la energ\u00eda, la iluminaci\u00f3n\" \/>\n<meta name=\"robots\" content=\"index, follow, max-snippet:-1, max-image-preview:large, max-video-preview:-1\" \/>\n<link rel=\"canonical\" href=\"https:\/\/www.tstcables.com\/es\/producto\/cable-electrico-para-barcos-cable-multiconductor-con-aislamiento-de-silicona-ckgzp85-dc-tipo-25mm%c2%b2\/\" \/>\n<meta property=\"og:locale\" content=\"es_ES\" \/>\n<meta property=\"og:type\" content=\"article\" \/>\n<meta property=\"og:title\" content=\"Cable el\u00e9ctrico de barco CKGZP85\/DC tipo 2,5mm\" \/>\n<meta property=\"og:description\" content=\"Ship cable el\u00e9ctrico multi-core silicone insulated cable CKGZP85\/DC type 2.5mm\u00b2 -40\u2103-+125\u2103 Los productos se utilizan especialmente para la energ\u00eda, la iluminaci\u00f3n\" \/>\n<meta property=\"og:url\" content=\"https:\/\/www.tstcables.com\/es\/producto\/cable-electrico-para-barcos-cable-multiconductor-con-aislamiento-de-silicona-ckgzp85-dc-tipo-25mm%c2%b2\/\" \/>\n<meta property=\"og:site_name\" content=\"TST CABLES supplier &amp; Manufacture\" \/>\n<meta property=\"article:modified_time\" content=\"2024-05-07T06:30:16+00:00\" \/>\n<meta property=\"og:image\" content=\"https:\/\/www.tstcables.com\/wp-content\/uploads\/2024\/03\/5-4.jpg\" \/>\n\t<meta property=\"og:image:width\" content=\"640\" \/>\n\t<meta property=\"og:image:height\" content=\"640\" \/>\n\t<meta property=\"og:image:type\" content=\"image\/jpeg\" \/>\n<meta name=\"twitter:card\" content=\"summary_large_image\" \/>\n<meta name=\"twitter:label1\" content=\"Tiempo de lectura\" \/>\n\t<meta name=\"twitter:data1\" content=\"1 minuto\" \/>\n<script type=\"application\/ld+json\" class=\"yoast-schema-graph\">{\"@context\":\"https:\\\/\\\/schema.org\",\"@graph\":[{\"@type\":\"WebPage\",\"@id\":\"https:\\\/\\\/www.tstcables.com\\\/es\\\/producto\\\/cable-electrico-para-barcos-cable-multiconductor-con-aislamiento-de-silicona-ckgzp85-dc-tipo-25mm%c2%b2\\\/\",\"url\":\"https:\\\/\\\/www.tstcables.com\\\/es\\\/producto\\\/cable-electrico-para-barcos-cable-multiconductor-con-aislamiento-de-silicona-ckgzp85-dc-tipo-25mm%c2%b2\\\/\",\"name\":\"Cable el\u00e9ctrico de barco CKGZP85\\\/DC tipo 2,5mm\",\"isPartOf\":{\"@id\":\"https:\\\/\\\/www.tstcables.com\\\/es\\\/#website\"},\"primaryImageOfPage\":{\"@id\":\"https:\\\/\\\/www.tstcables.com\\\/es\\\/producto\\\/cable-electrico-para-barcos-cable-multiconductor-con-aislamiento-de-silicona-ckgzp85-dc-tipo-25mm%c2%b2\\\/#primaryimage\"},\"image\":{\"@id\":\"https:\\\/\\\/www.tstcables.com\\\/es\\\/producto\\\/cable-electrico-para-barcos-cable-multiconductor-con-aislamiento-de-silicona-ckgzp85-dc-tipo-25mm%c2%b2\\\/#primaryimage\"},\"thumbnailUrl\":\"https:\\\/\\\/www.tstcables.com\\\/wp-content\\\/uploads\\\/2024\\\/03\\\/5-4.jpg\",\"datePublished\":\"2024-03-25T07:00:10+00:00\",\"dateModified\":\"2024-05-07T06:30:16+00:00\",\"description\":\"Ship cable el\u00e9ctrico multi-core silicone insulated cable CKGZP85\\\/DC type 2.5mm\u00b2 -40\u2103-+125\u2103 Los productos se utilizan especialmente para la energ\u00eda, la iluminaci\u00f3n\",\"breadcrumb\":{\"@id\":\"https:\\\/\\\/www.tstcables.com\\\/es\\\/producto\\\/cable-electrico-para-barcos-cable-multiconductor-con-aislamiento-de-silicona-ckgzp85-dc-tipo-25mm%c2%b2\\\/#breadcrumb\"},\"inLanguage\":\"es\",\"potentialAction\":[{\"@type\":\"ReadAction\",\"target\":[\"https:\\\/\\\/www.tstcables.com\\\/es\\\/producto\\\/cable-electrico-para-barcos-cable-multiconductor-con-aislamiento-de-silicona-ckgzp85-dc-tipo-25mm%c2%b2\\\/\"]}]},{\"@type\":\"ImageObject\",\"inLanguage\":\"es\",\"@id\":\"https:\\\/\\\/www.tstcables.com\\\/es\\\/producto\\\/cable-electrico-para-barcos-cable-multiconductor-con-aislamiento-de-silicona-ckgzp85-dc-tipo-25mm%c2%b2\\\/#primaryimage\",\"url\":\"https:\\\/\\\/www.tstcables.com\\\/wp-content\\\/uploads\\\/2024\\\/03\\\/5-4.jpg\",\"contentUrl\":\"https:\\\/\\\/www.tstcables.com\\\/wp-content\\\/uploads\\\/2024\\\/03\\\/5-4.jpg\",\"width\":640,\"height\":640,\"caption\":\"multi-core silicone insulated cable CKGZP85\\\/DC\"},{\"@type\":\"BreadcrumbList\",\"@id\":\"https:\\\/\\\/www.tstcables.com\\\/es\\\/producto\\\/cable-electrico-para-barcos-cable-multiconductor-con-aislamiento-de-silicona-ckgzp85-dc-tipo-25mm%c2%b2\\\/#breadcrumb\",\"itemListElement\":[{\"@type\":\"ListItem\",\"position\":1,\"name\":\"\u9996\u9875\",\"item\":\"https:\\\/\\\/www.tstcables.com\\\/es\\\/\"},{\"@type\":\"ListItem\",\"position\":2,\"name\":\"Product\",\"item\":\"https:\\\/\\\/www.tstcables.com\\\/product\\\/\"},{\"@type\":\"ListItem\",\"position\":3,\"name\":\"Cable de silicona LSOH de 2,5 mm de CC marina resistente a altas temperaturas y tensiones\"}]},{\"@type\":\"WebSite\",\"@id\":\"https:\\\/\\\/www.tstcables.com\\\/es\\\/#website\",\"url\":\"https:\\\/\\\/www.tstcables.com\\\/es\\\/\",\"name\":\"TST Cable supplier & Manufacture\",\"description\":\"TST CABLES  supplier &amp; Manufacture official website\",\"publisher\":{\"@id\":\"https:\\\/\\\/www.tstcables.com\\\/es\\\/#organization\"},\"potentialAction\":[{\"@type\":\"SearchAction\",\"target\":{\"@type\":\"EntryPoint\",\"urlTemplate\":\"https:\\\/\\\/www.tstcables.com\\\/es\\\/?s={search_term_string}\"},\"query-input\":{\"@type\":\"PropertyValueSpecification\",\"valueRequired\":true,\"valueName\":\"search_term_string\"}}],\"inLanguage\":\"es\"},{\"@type\":\"Organization\",\"@id\":\"https:\\\/\\\/www.tstcables.com\\\/es\\\/#organization\",\"name\":\"TST Cable supplier & Manufacture\",\"url\":\"https:\\\/\\\/www.tstcables.com\\\/es\\\/\",\"logo\":{\"@type\":\"ImageObject\",\"inLanguage\":\"es\",\"@id\":\"https:\\\/\\\/www.tstcables.com\\\/es\\\/#\\\/schema\\\/logo\\\/image\\\/\",\"url\":\"https:\\\/\\\/www.tstcables.com\\\/wp-content\\\/uploads\\\/2024\\\/04\\\/cropped-\u753b\u677f-1-\u62f7\u8d1d-4-1.png\",\"contentUrl\":\"https:\\\/\\\/www.tstcables.com\\\/wp-content\\\/uploads\\\/2024\\\/04\\\/cropped-\u753b\u677f-1-\u62f7\u8d1d-4-1.png\",\"width\":300,\"height\":100,\"caption\":\"TST Cable supplier & Manufacture\"},\"image\":{\"@id\":\"https:\\\/\\\/www.tstcables.com\\\/es\\\/#\\\/schema\\\/logo\\\/image\\\/\"}}]}<\/script>\n<!-- \/ Yoast SEO plugin. -->","yoast_head_json":{"title":"Cable el\u00e9ctrico de barco CKGZP85\/DC tipo 2,5mm","description":"Ship cable el\u00e9ctrico multi-core silicone insulated cable CKGZP85\/DC type 2.5mm\u00b2 -40\u2103-+125\u2103 Los productos se utilizan especialmente para la energ\u00eda, la iluminaci\u00f3n","robots":{"index":"index","follow":"follow","max-snippet":"max-snippet:-1","max-image-preview":"max-image-preview:large","max-video-preview":"max-video-preview:-1"},"canonical":"https:\/\/www.tstcables.com\/es\/producto\/cable-electrico-para-barcos-cable-multiconductor-con-aislamiento-de-silicona-ckgzp85-dc-tipo-25mm%c2%b2\/","og_locale":"es_ES","og_type":"article","og_title":"Cable el\u00e9ctrico de barco CKGZP85\/DC tipo 2,5mm","og_description":"Ship cable el\u00e9ctrico multi-core silicone insulated cable CKGZP85\/DC type 2.5mm\u00b2 -40\u2103-+125\u2103 Los productos se utilizan especialmente para la energ\u00eda, la iluminaci\u00f3n","og_url":"https:\/\/www.tstcables.com\/es\/producto\/cable-electrico-para-barcos-cable-multiconductor-con-aislamiento-de-silicona-ckgzp85-dc-tipo-25mm%c2%b2\/","og_site_name":"TST CABLES supplier &amp; Manufacture","article_modified_time":"2024-05-07T06:30:16+00:00","og_image":[{"width":640,"height":640,"url":"https:\/\/www.tstcables.com\/wp-content\/uploads\/2024\/03\/5-4.jpg","type":"image\/jpeg"}],"twitter_card":"summary_large_image","twitter_misc":{"Tiempo de lectura":"1 minuto"},"schema":{"@context":"https:\/\/schema.org","@graph":[{"@type":"WebPage","@id":"https:\/\/www.tstcables.com\/es\/producto\/cable-electrico-para-barcos-cable-multiconductor-con-aislamiento-de-silicona-ckgzp85-dc-tipo-25mm%c2%b2\/","url":"https:\/\/www.tstcables.com\/es\/producto\/cable-electrico-para-barcos-cable-multiconductor-con-aislamiento-de-silicona-ckgzp85-dc-tipo-25mm%c2%b2\/","name":"Cable el\u00e9ctrico de barco CKGZP85\/DC tipo 2,5mm","isPartOf":{"@id":"https:\/\/www.tstcables.com\/es\/#website"},"primaryImageOfPage":{"@id":"https:\/\/www.tstcables.com\/es\/producto\/cable-electrico-para-barcos-cable-multiconductor-con-aislamiento-de-silicona-ckgzp85-dc-tipo-25mm%c2%b2\/#primaryimage"},"image":{"@id":"https:\/\/www.tstcables.com\/es\/producto\/cable-electrico-para-barcos-cable-multiconductor-con-aislamiento-de-silicona-ckgzp85-dc-tipo-25mm%c2%b2\/#primaryimage"},"thumbnailUrl":"https:\/\/www.tstcables.com\/wp-content\/uploads\/2024\/03\/5-4.jpg","datePublished":"2024-03-25T07:00:10+00:00","dateModified":"2024-05-07T06:30:16+00:00","description":"Ship cable el\u00e9ctrico multi-core silicone insulated cable CKGZP85\/DC type 2.5mm\u00b2 -40\u2103-+125\u2103 Los productos se utilizan especialmente para la energ\u00eda, la iluminaci\u00f3n","breadcrumb":{"@id":"https:\/\/www.tstcables.com\/es\/producto\/cable-electrico-para-barcos-cable-multiconductor-con-aislamiento-de-silicona-ckgzp85-dc-tipo-25mm%c2%b2\/#breadcrumb"},"inLanguage":"es","potentialAction":[{"@type":"ReadAction","target":["https:\/\/www.tstcables.com\/es\/producto\/cable-electrico-para-barcos-cable-multiconductor-con-aislamiento-de-silicona-ckgzp85-dc-tipo-25mm%c2%b2\/"]}]},{"@type":"ImageObject","inLanguage":"es","@id":"https:\/\/www.tstcables.com\/es\/producto\/cable-electrico-para-barcos-cable-multiconductor-con-aislamiento-de-silicona-ckgzp85-dc-tipo-25mm%c2%b2\/#primaryimage","url":"https:\/\/www.tstcables.com\/wp-content\/uploads\/2024\/03\/5-4.jpg","contentUrl":"https:\/\/www.tstcables.com\/wp-content\/uploads\/2024\/03\/5-4.jpg","width":640,"height":640,"caption":"multi-core silicone insulated cable CKGZP85\/DC"},{"@type":"BreadcrumbList","@id":"https:\/\/www.tstcables.com\/es\/producto\/cable-electrico-para-barcos-cable-multiconductor-con-aislamiento-de-silicona-ckgzp85-dc-tipo-25mm%c2%b2\/#breadcrumb","itemListElement":[{"@type":"ListItem","position":1,"name":"\u9996\u9875","item":"https:\/\/www.tstcables.com\/es\/"},{"@type":"ListItem","position":2,"name":"Product","item":"https:\/\/www.tstcables.com\/product\/"},{"@type":"ListItem","position":3,"name":"Cable de silicona LSOH de 2,5 mm de CC marina resistente a altas temperaturas y tensiones"}]},{"@type":"WebSite","@id":"https:\/\/www.tstcables.com\/es\/#website","url":"https:\/\/www.tstcables.com\/es\/","name":"TST Cable supplier & Manufacture","description":"TST CABLES  supplier &amp; Manufacture official website","publisher":{"@id":"https:\/\/www.tstcables.com\/es\/#organization"},"potentialAction":[{"@type":"SearchAction","target":{"@type":"EntryPoint","urlTemplate":"https:\/\/www.tstcables.com\/es\/?s={search_term_string}"},"query-input":{"@type":"PropertyValueSpecification","valueRequired":true,"valueName":"search_term_string"}}],"inLanguage":"es"},{"@type":"Organization","@id":"https:\/\/www.tstcables.com\/es\/#organization","name":"TST Cable supplier & Manufacture","url":"https:\/\/www.tstcables.com\/es\/","logo":{"@type":"ImageObject","inLanguage":"es","@id":"https:\/\/www.tstcables.com\/es\/#\/schema\/logo\/image\/","url":"https:\/\/www.tstcables.com\/wp-content\/uploads\/2024\/04\/cropped-\u753b\u677f-1-\u62f7\u8d1d-4-1.png","contentUrl":"https:\/\/www.tstcables.com\/wp-content\/uploads\/2024\/04\/cropped-\u753b\u677f-1-\u62f7\u8d1d-4-1.png","width":300,"height":100,"caption":"TST Cable supplier & Manufacture"},"image":{"@id":"https:\/\/www.tstcables.com\/es\/#\/schema\/logo\/image\/"}}]}},"_links":{"self":[{"href":"https:\/\/www.tstcables.com\/es\/wp-json\/wp\/v2\/product\/15173","targetHints":{"allow":["GET"]}}],"collection":[{"href":"https:\/\/www.tstcables.com\/es\/wp-json\/wp\/v2\/product"}],"about":[{"href":"https:\/\/www.tstcables.com\/es\/wp-json\/wp\/v2\/types\/product"}],"version-history":[{"count":0,"href":"https:\/\/www.tstcables.com\/es\/wp-json\/wp\/v2\/product\/15173\/revisions"}],"wp:featuredmedia":[{"embeddable":true,"href":"https:\/\/www.tstcables.com\/es\/wp-json\/wp\/v2\/media\/12174"}],"wp:attachment":[{"href":"https:\/\/www.tstcables.com\/es\/wp-json\/wp\/v2\/media?parent=15173"}],"wp:term":[{"taxonomy":"product_brand","embeddable":true,"href":"https:\/\/www.tstcables.com\/es\/wp-json\/wp\/v2\/product_brand?post=15173"},{"taxonomy":"product_cat","embeddable":true,"href":"https:\/\/www.tstcables.com\/es\/wp-json\/wp\/v2\/product_cat?post=15173"},{"taxonomy":"product_tag","embeddable":true,"href":"https:\/\/www.tstcables.com\/es\/wp-json\/wp\/v2\/product_tag?post=15173"}],"curies":[{"name":"wp","href":"https:\/\/api.w.org\/{rel}","templated":true}]}}