{"id":15177,"date":"2024-03-25T13:50:54","date_gmt":"2024-03-25T05:50:54","guid":{"rendered":"https:\/\/www.tstcables.com\/product\/cable-electrico-marino-multifilar-con-aislamiento-de-poliolefina-reticulada-ckojzp85-dc-tipo-10mm2\/"},"modified":"2024-05-07T14:30:20","modified_gmt":"2024-05-07T06:30:20","slug":"cable-electrico-marino-multifilar-con-aislamiento-de-poliolefina-reticulada-ckojzp85-dc-tipo-10mm2","status":"publish","type":"product","link":"https:\/\/www.tstcables.com\/es\/producto\/cable-electrico-marino-multifilar-con-aislamiento-de-poliolefina-reticulada-ckojzp85-dc-tipo-10mm2\/","title":{"rendered":"Cable el\u00e9ctrico marino 1 mm CA Cable con aislamiento de poliolefina resistente a altas temperaturas y alta tensi\u00f3n"},"content":{"rendered":"<p>Modelo del producto: 1.0mm<\/p>\n<p>Nombre del producto: Cable el\u00e9ctrico marino 1mm AC Cable con aislamiento de poliolefina resistente a altas temperaturas y alta tensi\u00f3n<\/p>\n<p>Nivel de tensi\u00f3n soportado: 150\/250V (300V)<\/p>\n<p>Grado de temperatura: -40\u2103-+125\u2103<\/p>\n<p>&nbsp;<\/p>\n<p><strong>Aplicaciones:<\/strong><\/p>\n<p>Cable el\u00e9ctrico marino 1 mm CA Los cables aislados de poliolefina resistentes a altas temperaturas y alta tensi\u00f3n se utilizan especialmente para circuitos de alimentaci\u00f3n, iluminaci\u00f3n y control general e instrumentaci\u00f3n de diversos buques en r\u00edos y mares y plataformas petrol\u00edferas marinas y otras estructuras acu\u00e1ticas.<\/p>\n<p>&nbsp;<\/p>\n<p><strong>Caracter\u00edsticas del producto:<\/strong><\/p>\n<p>Cable el\u00e9ctrico marino de 1 mm CA El cable con aislamiento de poliolefina resistente a altas temperaturas y alta tensi\u00f3n ha sido certificado por la Sociedad de Clasificaci\u00f3n China CCS; tiene las caracter\u00edsticas de bajo nivel de humos, sin hal\u00f3genos, baja toxicidad, y es resistente al moho y a la corrosi\u00f3n por niebla salina.<\/p>\n<p>&nbsp;<\/p>\n<p><strong>Norma del sector:<\/strong><\/p>\n<p>IEC60228, IEC60092-350, IEC60092-360, IEC60092-376, IEC60332-1, IEC60332-3, IEC60331, IEC61034, IEC60754, GJB150, GJB1916<\/p>\n<p>&nbsp;<\/p>\n<p><strong>Par\u00e1metros t\u00e9cnicos<\/strong><\/p>\n<table class=\"tg\">\n<thead>\n<tr>\n<th class=\"tg-uzvj\">Especificaci\u00f3n<\/th>\n<th class=\"tg-uzvj\">Par\u00e1metros t\u00e9cnicos<\/th>\n<th class=\"tg-uzvj\" rowspan=\"2\">Nominal<br \/>\ngrado de<br \/>\naislamiento mm<\/th>\n<th class=\"tg-uzvj\" colspan=\"2\">Vaina nominal<br \/>\nespesor mm<\/th>\n<th class=\"tg-uzvj\" rowspan=\"2\">Alambre blindado<br \/>\ndi\u00e1metro am<\/th>\n<th class=\"tg-uzvj\" colspan=\"2\">Exterior del cable<br \/>\ndi\u00e1metro mm<\/th>\n<th class=\"tg-uzvj\">Calculado<br \/>\npeso de<br \/>\ncable kg\/km<\/th>\n<\/tr>\n<tr>\n<th class=\"tg-uzvj\">N\u00famero de<br \/>\nn\u00facleos \u00d7<br \/>\nnominal<br \/>\ncorte<br \/>\nsuperficie mm2<\/th>\n<th class=\"tg-uzvj\">N\u00famero de<br \/>\nmechones\/sencillo<br \/>\nnominal del cable<br \/>\ndi\u00e1metro, mm<\/th>\n<th class=\"tg-uzvj\">Interior<br \/>\nmanguito<\/th>\n<th class=\"tg-uzvj\">abrigo<\/th>\n<th class=\"tg-uzvj\">nominal<br \/>\nvalor<\/th>\n<th class=\"tg-uzvj\">m\u00e1ximo<br \/>\nvalor<\/th>\n<th class=\"tg-uzvj\">CKOJ 185\/DC<\/th>\n<\/tr>\n<\/thead>\n<tbody>\n<tr>\n<td class=\"tg-c3ow\">2\u00d71<\/td>\n<td class=\"tg-c3ow\">7\/0.43<\/td>\n<td class=\"tg-pb0m\">0.7<\/td>\n<td class=\"tg-za14\"><\/td>\n<td class=\"tg-pb0m\">1.1<\/td>\n<td class=\"tg-pb0m\">0.2<\/td>\n<td class=\"tg-pb0m\">9.7<\/td>\n<td class=\"tg-pb0m\">11.5<\/td>\n<td class=\"tg-pb0m\">111<\/td>\n<\/tr>\n<tr>\n<td class=\"tg-c3ow\">4\u00d71<\/td>\n<td class=\"tg-c3ow\">7\/0.43<\/td>\n<td class=\"tg-pb0m\">0.7<\/td>\n<td class=\"tg-za14\"><\/td>\n<td class=\"tg-pb0m\">1.1<\/td>\n<td class=\"tg-pb0m\">0.2<\/td>\n<td class=\"tg-pb0m\">10.9<\/td>\n<td class=\"tg-pb0m\">12.5<\/td>\n<td class=\"tg-pb0m\">152<\/td>\n<\/tr>\n<tr>\n<td class=\"tg-c3ow\">7\u00d71<\/td>\n<td class=\"tg-pb0m\">7\/0.43<\/td>\n<td class=\"tg-pb0m\">0.7<\/td>\n<td class=\"tg-za14\"><\/td>\n<td class=\"tg-pb0m\">1.2<\/td>\n<td class=\"tg-pb0m\">0.2<\/td>\n<td class=\"tg-pb0m\">12.8<\/td>\n<td class=\"tg-pb0m\">14.5<\/td>\n<td class=\"tg-pb0m\">216<\/td>\n<\/tr>\n<tr>\n<td class=\"tg-c3ow\">10\u00d71<\/td>\n<td class=\"tg-c3ow\">7\/0.43<\/td>\n<td class=\"tg-pb0m\">0.7<\/td>\n<td class=\"tg-c3ow\">\u2014<\/td>\n<td class=\"tg-pb0m\">1.3<\/td>\n<td class=\"tg-pb0m\">0.3<\/td>\n<td class=\"tg-pb0m\">16.3<\/td>\n<td class=\"tg-pb0m\">18.5<\/td>\n<td class=\"tg-pb0m\">322<\/td>\n<\/tr>\n<tr>\n<td class=\"tg-c3ow\">14\u00d71<\/td>\n<td class=\"tg-c3ow\">7\/0.43<\/td>\n<td class=\"tg-pb0m\">0.7<\/td>\n<td class=\"tg-za14\"><\/td>\n<td class=\"tg-pb0m\">1.3<\/td>\n<td class=\"tg-pb0m\">0.3<\/td>\n<td class=\"tg-pb0m\">17.5<\/td>\n<td class=\"tg-pb0m\">20<\/td>\n<td class=\"tg-pb0m\">410<\/td>\n<\/tr>\n<tr>\n<td class=\"tg-c3ow\">19\u00d71<\/td>\n<td class=\"tg-pb0m\">7\/0.43<\/td>\n<td class=\"tg-pb0m\">0.7<\/td>\n<td class=\"tg-za14\"><\/td>\n<td class=\"tg-pb0m\">1.4<\/td>\n<td class=\"tg-pb0m\">0.3<\/td>\n<td class=\"tg-pb0m\">19.4<\/td>\n<td class=\"tg-pb0m\">22<\/td>\n<td class=\"tg-pb0m\">509<\/td>\n<\/tr>\n<tr>\n<td class=\"tg-c3ow\">24\u00d71<\/td>\n<td class=\"tg-c3ow\">7\/0.43<\/td>\n<td class=\"tg-pb0m\">0.7<\/td>\n<td class=\"tg-za14\"><\/td>\n<td class=\"tg-pb0m\">1.5<\/td>\n<td class=\"tg-pb0m\">0.3<\/td>\n<td class=\"tg-pb0m\">22.4<\/td>\n<td class=\"tg-pb0m\">25.5<\/td>\n<td class=\"tg-pb0m\">617<\/td>\n<\/tr>\n<tr>\n<td class=\"tg-c3ow\">30\u00d71<\/td>\n<td class=\"tg-c3ow\">7\/0.43<\/td>\n<td class=\"tg-pb0m\">0.7<\/td>\n<td class=\"tg-c3ow\">\u2014<\/td>\n<td class=\"tg-pb0m\">1.6<\/td>\n<td class=\"tg-pb0m\">0.3<\/td>\n<td class=\"tg-pb0m\">23.8<\/td>\n<td class=\"tg-pb0m\">27<\/td>\n<td class=\"tg-pb0m\">745<\/td>\n<\/tr>\n<tr>\n<td class=\"tg-c3ow\">37\u00d71<\/td>\n<td class=\"tg-pb0m\">7\/0.43<\/td>\n<td class=\"tg-pb0m\">0.7<\/td>\n<td class=\"tg-za14\"><\/td>\n<td class=\"tg-pb0m\">1.6<\/td>\n<td class=\"tg-pb0m\">0.3<\/td>\n<td class=\"tg-pb0m\">25.5<\/td>\n<td class=\"tg-pb0m\">29<\/td>\n<td class=\"tg-pb0m\">871<\/td>\n<\/tr>\n<\/tbody>\n<\/table>\n<p>Nota: Los productos con otras especificaciones tambi\u00e9n se pueden personalizar seg\u00fan las necesidades del cliente.<\/p>\n","protected":false},"excerpt":{"rendered":"<p>Cable el\u00e9ctrico marino 1 mm CA Los cables aislados de poliolefina resistentes a altas temperaturas y alta tensi\u00f3n se utilizan especialmente para circuitos de alimentaci\u00f3n, iluminaci\u00f3n y control general e instrumentaci\u00f3n de diversos buques en r\u00edos y mares y plataformas petrol\u00edferas marinas y otras estructuras acu\u00e1ticas.<\/p>\n","protected":false},"featured_media":11884,"template":"","meta":{"_eb_attr":"","site-sidebar-layout":"default","site-content-layout":"","ast-site-content-layout":"default","site-content-style":"default","site-sidebar-style":"default","ast-global-header-display":"","ast-banner-title-visibility":"","ast-main-header-display":"","ast-hfb-above-header-display":"","ast-hfb-below-header-display":"","ast-hfb-mobile-header-display":"","site-post-title":"","ast-breadcrumbs-content":"","ast-featured-img":"","footer-sml-layout":"","theme-transparent-header-meta":"default","adv-header-id-meta":"","stick-header-meta":"","header-above-stick-meta":"","header-main-stick-meta":"","header-below-stick-meta":"","astra-migrate-meta-layouts":"default","ast-page-background-enabled":"default","ast-page-background-meta":{"desktop":{"background-color":"","background-image":"","background-repeat":"repeat","background-position":"center center","background-size":"auto","background-attachment":"scroll","background-type":"","background-media":"","overlay-type":"","overlay-color":"","overlay-opacity":"","overlay-gradient":""},"tablet":{"background-color":"","background-image":"","background-repeat":"repeat","background-position":"center center","background-size":"auto","background-attachment":"scroll","background-type":"","background-media":"","overlay-type":"","overlay-color":"","overlay-opacity":"","overlay-gradient":""},"mobile":{"background-color":"","background-image":"","background-repeat":"repeat","background-position":"center center","background-size":"auto","background-attachment":"scroll","background-type":"","background-media":"","overlay-type":"","overlay-color":"","overlay-opacity":"","overlay-gradient":""}},"ast-content-background-meta":{"desktop":{"background-color":"var(--ast-global-color-5)","background-image":"","background-repeat":"repeat","background-position":"center center","background-size":"auto","background-attachment":"scroll","background-type":"","background-media":"","overlay-type":"","overlay-color":"","overlay-opacity":"","overlay-gradient":""},"tablet":{"background-color":"var(--ast-global-color-5)","background-image":"","background-repeat":"repeat","background-position":"center center","background-size":"auto","background-attachment":"scroll","background-type":"","background-media":"","overlay-type":"","overlay-color":"","overlay-opacity":"","overlay-gradient":""},"mobile":{"background-color":"var(--ast-global-color-5)","background-image":"","background-repeat":"repeat","background-position":"center center","background-size":"auto","background-attachment":"scroll","background-type":"","background-media":"","overlay-type":"","overlay-color":"","overlay-opacity":"","overlay-gradient":""}}},"product_brand":[],"product_cat":[591,621,631,623,622,603,602,600],"product_tag":[624,628,627],"class_list":{"0":"post-15177","1":"product","2":"type-product","3":"status-publish","4":"has-post-thumbnail","6":"product_cat-cable-de-alta-temperatura","7":"product_cat-cable-de-pequeno-tamano","8":"product_cat-cable-ligero","9":"product_cat-en50264-es","10":"product_cat-en50306-es","11":"product_cat-norma-en","12":"product_cat-norma-ice","13":"product_cat-marina","14":"product_tag-cable-electrico-marino","15":"product_tag-cable-multifilar-con-aislamiento-de-poliolefina-reticulada","16":"product_tag-tipo-ckojzp85-dc-10-mm","17":"desktop-align-center","18":"tablet-align-left","19":"mobile-align-left","21":"first","22":"instock","23":"shipping-taxable","24":"product-type-simple"},"yoast_head":"<!-- This site is optimized with the Yoast SEO plugin v27.4 - https:\/\/yoast.com\/product\/yoast-seo-wordpress\/ -->\n<title>Cable el\u00e9ctrico marino 1 mm CA Cable con aislamiento de poliolefina resistente a altas temperaturas y alta tensi\u00f3n<\/title>\n<meta name=\"description\" content=\"Cable el\u00e9ctrico marino de 1 mm CA El cable con aislamiento de poliolefina resistente a las altas temperaturas y a la alta tensi\u00f3n ha sido certificado por CCS China Classification Society\" \/>\n<meta name=\"robots\" content=\"index, follow, max-snippet:-1, max-image-preview:large, max-video-preview:-1\" \/>\n<link rel=\"canonical\" href=\"https:\/\/www.tstcables.com\/es\/producto\/cable-electrico-marino-multifilar-con-aislamiento-de-poliolefina-reticulada-ckojzp85-dc-tipo-10mm2\/\" \/>\n<meta property=\"og:locale\" content=\"es_ES\" \/>\n<meta property=\"og:type\" content=\"article\" \/>\n<meta property=\"og:title\" content=\"Cable el\u00e9ctrico marino 1 mm CA Cable con aislamiento de poliolefina resistente a altas temperaturas y alta tensi\u00f3n\" \/>\n<meta property=\"og:description\" content=\"Cable el\u00e9ctrico marino de 1 mm CA El cable con aislamiento de poliolefina resistente a las altas temperaturas y a la alta tensi\u00f3n ha sido certificado por CCS China Classification Society\" \/>\n<meta property=\"og:url\" content=\"https:\/\/www.tstcables.com\/es\/producto\/cable-electrico-marino-multifilar-con-aislamiento-de-poliolefina-reticulada-ckojzp85-dc-tipo-10mm2\/\" \/>\n<meta property=\"og:site_name\" content=\"TST CABLES supplier &amp; Manufacture\" \/>\n<meta property=\"article:modified_time\" content=\"2024-05-07T06:30:20+00:00\" \/>\n<meta property=\"og:image\" content=\"https:\/\/www.tstcables.com\/wp-content\/uploads\/2024\/03\/EN50306-3-300V-MM-4.jpg\" \/>\n\t<meta property=\"og:image:width\" content=\"1000\" \/>\n\t<meta property=\"og:image:height\" content=\"1000\" \/>\n\t<meta property=\"og:image:type\" content=\"image\/jpeg\" \/>\n<meta name=\"twitter:card\" content=\"summary_large_image\" \/>\n<meta name=\"twitter:label1\" content=\"Tiempo de lectura\" \/>\n\t<meta name=\"twitter:data1\" content=\"1 minuto\" \/>\n<script type=\"application\/ld+json\" class=\"yoast-schema-graph\">{\"@context\":\"https:\\\/\\\/schema.org\",\"@graph\":[{\"@type\":\"WebPage\",\"@id\":\"https:\\\/\\\/www.tstcables.com\\\/es\\\/producto\\\/cable-electrico-marino-multifilar-con-aislamiento-de-poliolefina-reticulada-ckojzp85-dc-tipo-10mm2\\\/\",\"url\":\"https:\\\/\\\/www.tstcables.com\\\/es\\\/producto\\\/cable-electrico-marino-multifilar-con-aislamiento-de-poliolefina-reticulada-ckojzp85-dc-tipo-10mm2\\\/\",\"name\":\"Cable el\u00e9ctrico marino 1 mm CA Cable con aislamiento de poliolefina resistente a altas temperaturas y alta tensi\u00f3n\",\"isPartOf\":{\"@id\":\"https:\\\/\\\/www.tstcables.com\\\/es\\\/#website\"},\"primaryImageOfPage\":{\"@id\":\"https:\\\/\\\/www.tstcables.com\\\/es\\\/producto\\\/cable-electrico-marino-multifilar-con-aislamiento-de-poliolefina-reticulada-ckojzp85-dc-tipo-10mm2\\\/#primaryimage\"},\"image\":{\"@id\":\"https:\\\/\\\/www.tstcables.com\\\/es\\\/producto\\\/cable-electrico-marino-multifilar-con-aislamiento-de-poliolefina-reticulada-ckojzp85-dc-tipo-10mm2\\\/#primaryimage\"},\"thumbnailUrl\":\"https:\\\/\\\/www.tstcables.com\\\/wp-content\\\/uploads\\\/2024\\\/03\\\/EN50306-3-300V-MM-4.jpg\",\"datePublished\":\"2024-03-25T05:50:54+00:00\",\"dateModified\":\"2024-05-07T06:30:20+00:00\",\"description\":\"Cable el\u00e9ctrico marino de 1 mm CA El cable con aislamiento de poliolefina resistente a las altas temperaturas y a la alta tensi\u00f3n ha sido certificado por CCS China Classification Society\",\"breadcrumb\":{\"@id\":\"https:\\\/\\\/www.tstcables.com\\\/es\\\/producto\\\/cable-electrico-marino-multifilar-con-aislamiento-de-poliolefina-reticulada-ckojzp85-dc-tipo-10mm2\\\/#breadcrumb\"},\"inLanguage\":\"es\",\"potentialAction\":[{\"@type\":\"ReadAction\",\"target\":[\"https:\\\/\\\/www.tstcables.com\\\/es\\\/producto\\\/cable-electrico-marino-multifilar-con-aislamiento-de-poliolefina-reticulada-ckojzp85-dc-tipo-10mm2\\\/\"]}]},{\"@type\":\"ImageObject\",\"inLanguage\":\"es\",\"@id\":\"https:\\\/\\\/www.tstcables.com\\\/es\\\/producto\\\/cable-electrico-marino-multifilar-con-aislamiento-de-poliolefina-reticulada-ckojzp85-dc-tipo-10mm2\\\/#primaryimage\",\"url\":\"https:\\\/\\\/www.tstcables.com\\\/wp-content\\\/uploads\\\/2024\\\/03\\\/EN50306-3-300V-MM-4.jpg\",\"contentUrl\":\"https:\\\/\\\/www.tstcables.com\\\/wp-content\\\/uploads\\\/2024\\\/03\\\/EN50306-3-300V-MM-4.jpg\",\"width\":1000,\"height\":1000,\"caption\":\"multi-core silicone insulated cable CKGZP85\\\/DC\"},{\"@type\":\"BreadcrumbList\",\"@id\":\"https:\\\/\\\/www.tstcables.com\\\/es\\\/producto\\\/cable-electrico-marino-multifilar-con-aislamiento-de-poliolefina-reticulada-ckojzp85-dc-tipo-10mm2\\\/#breadcrumb\",\"itemListElement\":[{\"@type\":\"ListItem\",\"position\":1,\"name\":\"\u9996\u9875\",\"item\":\"https:\\\/\\\/www.tstcables.com\\\/es\\\/\"},{\"@type\":\"ListItem\",\"position\":2,\"name\":\"Product\",\"item\":\"https:\\\/\\\/www.tstcables.com\\\/product\\\/\"},{\"@type\":\"ListItem\",\"position\":3,\"name\":\"Cable el\u00e9ctrico marino 1 mm CA Cable con aislamiento de poliolefina resistente a altas temperaturas y alta tensi\u00f3n\"}]},{\"@type\":\"WebSite\",\"@id\":\"https:\\\/\\\/www.tstcables.com\\\/es\\\/#website\",\"url\":\"https:\\\/\\\/www.tstcables.com\\\/es\\\/\",\"name\":\"TST Cable supplier & Manufacture\",\"description\":\"TST CABLES  supplier &amp; Manufacture official website\",\"publisher\":{\"@id\":\"https:\\\/\\\/www.tstcables.com\\\/es\\\/#organization\"},\"potentialAction\":[{\"@type\":\"SearchAction\",\"target\":{\"@type\":\"EntryPoint\",\"urlTemplate\":\"https:\\\/\\\/www.tstcables.com\\\/es\\\/?s={search_term_string}\"},\"query-input\":{\"@type\":\"PropertyValueSpecification\",\"valueRequired\":true,\"valueName\":\"search_term_string\"}}],\"inLanguage\":\"es\"},{\"@type\":\"Organization\",\"@id\":\"https:\\\/\\\/www.tstcables.com\\\/es\\\/#organization\",\"name\":\"TST Cable supplier & Manufacture\",\"url\":\"https:\\\/\\\/www.tstcables.com\\\/es\\\/\",\"logo\":{\"@type\":\"ImageObject\",\"inLanguage\":\"es\",\"@id\":\"https:\\\/\\\/www.tstcables.com\\\/es\\\/#\\\/schema\\\/logo\\\/image\\\/\",\"url\":\"https:\\\/\\\/www.tstcables.com\\\/wp-content\\\/uploads\\\/2024\\\/04\\\/cropped-\u753b\u677f-1-\u62f7\u8d1d-4-1.png\",\"contentUrl\":\"https:\\\/\\\/www.tstcables.com\\\/wp-content\\\/uploads\\\/2024\\\/04\\\/cropped-\u753b\u677f-1-\u62f7\u8d1d-4-1.png\",\"width\":300,\"height\":100,\"caption\":\"TST Cable supplier & Manufacture\"},\"image\":{\"@id\":\"https:\\\/\\\/www.tstcables.com\\\/es\\\/#\\\/schema\\\/logo\\\/image\\\/\"}}]}<\/script>\n<!-- \/ Yoast SEO plugin. -->","yoast_head_json":{"title":"Cable el\u00e9ctrico marino 1 mm CA Cable con aislamiento de poliolefina resistente a altas temperaturas y alta tensi\u00f3n","description":"Cable el\u00e9ctrico marino de 1 mm CA El cable con aislamiento de poliolefina resistente a las altas temperaturas y a la alta tensi\u00f3n ha sido certificado por CCS China Classification Society","robots":{"index":"index","follow":"follow","max-snippet":"max-snippet:-1","max-image-preview":"max-image-preview:large","max-video-preview":"max-video-preview:-1"},"canonical":"https:\/\/www.tstcables.com\/es\/producto\/cable-electrico-marino-multifilar-con-aislamiento-de-poliolefina-reticulada-ckojzp85-dc-tipo-10mm2\/","og_locale":"es_ES","og_type":"article","og_title":"Cable el\u00e9ctrico marino 1 mm CA Cable con aislamiento de poliolefina resistente a altas temperaturas y alta tensi\u00f3n","og_description":"Cable el\u00e9ctrico marino de 1 mm CA El cable con aislamiento de poliolefina resistente a las altas temperaturas y a la alta tensi\u00f3n ha sido certificado por CCS China Classification Society","og_url":"https:\/\/www.tstcables.com\/es\/producto\/cable-electrico-marino-multifilar-con-aislamiento-de-poliolefina-reticulada-ckojzp85-dc-tipo-10mm2\/","og_site_name":"TST CABLES supplier &amp; Manufacture","article_modified_time":"2024-05-07T06:30:20+00:00","og_image":[{"width":1000,"height":1000,"url":"https:\/\/www.tstcables.com\/wp-content\/uploads\/2024\/03\/EN50306-3-300V-MM-4.jpg","type":"image\/jpeg"}],"twitter_card":"summary_large_image","twitter_misc":{"Tiempo de lectura":"1 minuto"},"schema":{"@context":"https:\/\/schema.org","@graph":[{"@type":"WebPage","@id":"https:\/\/www.tstcables.com\/es\/producto\/cable-electrico-marino-multifilar-con-aislamiento-de-poliolefina-reticulada-ckojzp85-dc-tipo-10mm2\/","url":"https:\/\/www.tstcables.com\/es\/producto\/cable-electrico-marino-multifilar-con-aislamiento-de-poliolefina-reticulada-ckojzp85-dc-tipo-10mm2\/","name":"Cable el\u00e9ctrico marino 1 mm CA Cable con aislamiento de poliolefina resistente a altas temperaturas y alta tensi\u00f3n","isPartOf":{"@id":"https:\/\/www.tstcables.com\/es\/#website"},"primaryImageOfPage":{"@id":"https:\/\/www.tstcables.com\/es\/producto\/cable-electrico-marino-multifilar-con-aislamiento-de-poliolefina-reticulada-ckojzp85-dc-tipo-10mm2\/#primaryimage"},"image":{"@id":"https:\/\/www.tstcables.com\/es\/producto\/cable-electrico-marino-multifilar-con-aislamiento-de-poliolefina-reticulada-ckojzp85-dc-tipo-10mm2\/#primaryimage"},"thumbnailUrl":"https:\/\/www.tstcables.com\/wp-content\/uploads\/2024\/03\/EN50306-3-300V-MM-4.jpg","datePublished":"2024-03-25T05:50:54+00:00","dateModified":"2024-05-07T06:30:20+00:00","description":"Cable el\u00e9ctrico marino de 1 mm CA El cable con aislamiento de poliolefina resistente a las altas temperaturas y a la alta tensi\u00f3n ha sido certificado por CCS China Classification Society","breadcrumb":{"@id":"https:\/\/www.tstcables.com\/es\/producto\/cable-electrico-marino-multifilar-con-aislamiento-de-poliolefina-reticulada-ckojzp85-dc-tipo-10mm2\/#breadcrumb"},"inLanguage":"es","potentialAction":[{"@type":"ReadAction","target":["https:\/\/www.tstcables.com\/es\/producto\/cable-electrico-marino-multifilar-con-aislamiento-de-poliolefina-reticulada-ckojzp85-dc-tipo-10mm2\/"]}]},{"@type":"ImageObject","inLanguage":"es","@id":"https:\/\/www.tstcables.com\/es\/producto\/cable-electrico-marino-multifilar-con-aislamiento-de-poliolefina-reticulada-ckojzp85-dc-tipo-10mm2\/#primaryimage","url":"https:\/\/www.tstcables.com\/wp-content\/uploads\/2024\/03\/EN50306-3-300V-MM-4.jpg","contentUrl":"https:\/\/www.tstcables.com\/wp-content\/uploads\/2024\/03\/EN50306-3-300V-MM-4.jpg","width":1000,"height":1000,"caption":"multi-core silicone insulated cable CKGZP85\/DC"},{"@type":"BreadcrumbList","@id":"https:\/\/www.tstcables.com\/es\/producto\/cable-electrico-marino-multifilar-con-aislamiento-de-poliolefina-reticulada-ckojzp85-dc-tipo-10mm2\/#breadcrumb","itemListElement":[{"@type":"ListItem","position":1,"name":"\u9996\u9875","item":"https:\/\/www.tstcables.com\/es\/"},{"@type":"ListItem","position":2,"name":"Product","item":"https:\/\/www.tstcables.com\/product\/"},{"@type":"ListItem","position":3,"name":"Cable el\u00e9ctrico marino 1 mm CA Cable con aislamiento de poliolefina resistente a altas temperaturas y alta tensi\u00f3n"}]},{"@type":"WebSite","@id":"https:\/\/www.tstcables.com\/es\/#website","url":"https:\/\/www.tstcables.com\/es\/","name":"TST Cable supplier & Manufacture","description":"TST CABLES  supplier &amp; Manufacture official website","publisher":{"@id":"https:\/\/www.tstcables.com\/es\/#organization"},"potentialAction":[{"@type":"SearchAction","target":{"@type":"EntryPoint","urlTemplate":"https:\/\/www.tstcables.com\/es\/?s={search_term_string}"},"query-input":{"@type":"PropertyValueSpecification","valueRequired":true,"valueName":"search_term_string"}}],"inLanguage":"es"},{"@type":"Organization","@id":"https:\/\/www.tstcables.com\/es\/#organization","name":"TST Cable supplier & Manufacture","url":"https:\/\/www.tstcables.com\/es\/","logo":{"@type":"ImageObject","inLanguage":"es","@id":"https:\/\/www.tstcables.com\/es\/#\/schema\/logo\/image\/","url":"https:\/\/www.tstcables.com\/wp-content\/uploads\/2024\/04\/cropped-\u753b\u677f-1-\u62f7\u8d1d-4-1.png","contentUrl":"https:\/\/www.tstcables.com\/wp-content\/uploads\/2024\/04\/cropped-\u753b\u677f-1-\u62f7\u8d1d-4-1.png","width":300,"height":100,"caption":"TST Cable supplier & Manufacture"},"image":{"@id":"https:\/\/www.tstcables.com\/es\/#\/schema\/logo\/image\/"}}]}},"_links":{"self":[{"href":"https:\/\/www.tstcables.com\/es\/wp-json\/wp\/v2\/product\/15177","targetHints":{"allow":["GET"]}}],"collection":[{"href":"https:\/\/www.tstcables.com\/es\/wp-json\/wp\/v2\/product"}],"about":[{"href":"https:\/\/www.tstcables.com\/es\/wp-json\/wp\/v2\/types\/product"}],"version-history":[{"count":0,"href":"https:\/\/www.tstcables.com\/es\/wp-json\/wp\/v2\/product\/15177\/revisions"}],"wp:featuredmedia":[{"embeddable":true,"href":"https:\/\/www.tstcables.com\/es\/wp-json\/wp\/v2\/media\/11884"}],"wp:attachment":[{"href":"https:\/\/www.tstcables.com\/es\/wp-json\/wp\/v2\/media?parent=15177"}],"wp:term":[{"taxonomy":"product_brand","embeddable":true,"href":"https:\/\/www.tstcables.com\/es\/wp-json\/wp\/v2\/product_brand?post=15177"},{"taxonomy":"product_cat","embeddable":true,"href":"https:\/\/www.tstcables.com\/es\/wp-json\/wp\/v2\/product_cat?post=15177"},{"taxonomy":"product_tag","embeddable":true,"href":"https:\/\/www.tstcables.com\/es\/wp-json\/wp\/v2\/product_tag?post=15177"}],"curies":[{"name":"wp","href":"https:\/\/api.w.org\/{rel}","templated":true}]}}