{"id":15178,"date":"2024-03-25T11:53:12","date_gmt":"2024-03-25T03:53:12","guid":{"rendered":"https:\/\/www.tstcables.com\/product\/ship-cable-electrico-cable-multipolar-con-aislamiento-de-silicona-ckgzp85-dc-tipo-075mm%c2%b2-40%e2%84%83-125%e2%84%83\/"},"modified":"2024-05-07T14:30:22","modified_gmt":"2024-05-07T06:30:22","slug":"ship-cable-electrico-cable-multipolar-con-aislamiento-de-silicona-ckgzp85-dc-tipo-075mm%c2%b2-40%e2%84%83-125%e2%84%83","status":"publish","type":"product","link":"https:\/\/www.tstcables.com\/es\/producto\/ship-cable-electrico-cable-multipolar-con-aislamiento-de-silicona-ckgzp85-dc-tipo-075mm%c2%b2-40%e2%84%83-125%e2%84%83\/","title":{"rendered":"Cable el\u00e9ctrico para barcos Cable con aislamiento de silicona LSOH de 0,75 mm resistente al desgaste y a bajas temperaturas"},"content":{"rendered":"<p>Nombre del producto: Cable el\u00e9ctrico para buques 0,75 mm con aislamiento de silicona resistente al desgaste y a las bajas temperaturas<\/p>\n<p>Modelo del producto: 0.75mm<\/p>\n<p>Nivel de tensi\u00f3n soportado: 150\/250V (300V)<\/p>\n<p>Grado de temperatura: -40\u2103-+125\u2103<\/p>\n<p>&nbsp;<\/p>\n<p><strong>Aplicaciones:<\/strong><\/p>\n<p>Los cables el\u00e9ctricos para buques de 0,75 mm con aislamiento de silicona resistente al desgaste y a las bajas temperaturas se utilizan especialmente para los circuitos de alimentaci\u00f3n, iluminaci\u00f3n y control general e instrumentaci\u00f3n de diversos buques en r\u00edos y mares y plataformas petrol\u00edferas en alta mar y otras estructuras acu\u00e1ticas.<\/p>\n<p>&nbsp;<\/p>\n<p><strong>Caracter\u00edsticas del producto:<\/strong><\/p>\n<p>El cable el\u00e9ctrico de barco de 0,75 mm con aislamiento de silicona resistente al desgaste y a bajas temperaturas ha sido certificado por la Sociedad de Clasificaci\u00f3n China CCS; tiene las caracter\u00edsticas de bajo nivel de humos, sin hal\u00f3genos, baja toxicidad y es resistente al moho y a la corrosi\u00f3n por niebla salina.<\/p>\n<p>&nbsp;<\/p>\n<p><strong>Norma del sector:<\/strong><\/p>\n<p>IEC60228, IEC60092-350, IEC60092-360, IEC60092-376, IEC60332-1,<\/p>\n<p>IEC60332-3, IEC60331, IEC61034, IEC60754, GJB150, GJB1916<\/p>\n<p>&nbsp;<\/p>\n<p><strong>Par\u00e1metros t\u00e9cnicos<\/strong><\/p>\n<p>&nbsp;<\/p>\n<table class=\"tg\">\n<thead>\n<tr>\n<th class=\"tg-uzvj\">Especificaci\u00f3n<\/th>\n<th class=\"tg-uzvj\">conductor<br \/>\nestructura<\/th>\n<th class=\"tg-uzvj\" rowspan=\"2\">Nominal<br \/>\ngrado<br \/>\nde<br \/>\naislamiento<br \/>\nmm<\/th>\n<th class=\"tg-uzvj\" colspan=\"2\">Vaina nominal<br \/>\nespesor mm<\/th>\n<th class=\"tg-uzvj\" rowspan=\"2\">Blindado<br \/>\ncable<br \/>\ndi\u00e1metro<br \/>\nsoy<\/th>\n<th class=\"tg-uzvj\" colspan=\"2\">Exterior del cable<br \/>\ndi\u00e1metro mm<\/th>\n<th class=\"tg-uzvj\" colspan=\"2\">Calculado<br \/>\npeso de<br \/>\ncable kg\/km<\/th>\n<\/tr>\n<tr>\n<th class=\"tg-uzvj\">N\u00famero de<br \/>\ncores \u00d7 nominal<br \/>\n\u00e1rea de corte mm2<\/th>\n<th class=\"tg-uzvj\">N\u00famero de<br \/>\nmechones\/sencillo<br \/>\nnominal del cable<br \/>\ndi\u00e1metro, mm<\/th>\n<th class=\"tg-uzvj\">Interior<br \/>\nmanguito<\/th>\n<th class=\"tg-uzvj\">abrigo<\/th>\n<th class=\"tg-uzvj\">nominal<br \/>\nvalor<\/th>\n<th class=\"tg-uzvj\">m\u00e1ximo<br \/>\nvalor<\/th>\n<th class=\"tg-uzvj\" colspan=\"2\">CKGZP85\/<\/p>\n<p>Tipo CC<\/th>\n<\/tr>\n<\/thead>\n<tbody>\n<tr>\n<td class=\"tg-c3ow\">2\u00d70.75<\/td>\n<td class=\"tg-pb0m\">7\/0.37<\/td>\n<td class=\"tg-pb0m\">0.7<\/td>\n<td class=\"tg-za14\">\/<\/td>\n<td class=\"tg-pb0m\">1<\/td>\n<td class=\"tg-za14\">\/<\/td>\n<td class=\"tg-pb0m\">8.2<\/td>\n<td class=\"tg-pb0m\">9.8<\/td>\n<td class=\"tg-pb0m\" colspan=\"2\">62<\/td>\n<\/tr>\n<tr>\n<td class=\"tg-c3ow\">4\u00d70.75<\/td>\n<td class=\"tg-c3ow\">7\/0.37<\/td>\n<td class=\"tg-pb0m\">0.7<\/td>\n<td class=\"tg-za14\">\/<\/td>\n<td class=\"tg-pb0m\">1.1<\/td>\n<td class=\"tg-za14\">\/<\/td>\n<td class=\"tg-pb0m\">9.5<\/td>\n<td class=\"tg-pb0m\">11.5<\/td>\n<td class=\"tg-pb0m\" colspan=\"2\">98<\/td>\n<\/tr>\n<tr>\n<td class=\"tg-c3ow\">7\u00d70.75<\/td>\n<td class=\"tg-c3ow\">7\/0.37<\/td>\n<td class=\"tg-pb0m\">0.7<\/td>\n<td class=\"tg-za14\">\/<\/td>\n<td class=\"tg-pb0m\">1.1<\/td>\n<td class=\"tg-za14\">\/<\/td>\n<td class=\"tg-pb0m\">11<\/td>\n<td class=\"tg-pb0m\">13.5<\/td>\n<td class=\"tg-pb0m\" colspan=\"2\">145<\/td>\n<\/tr>\n<tr>\n<td class=\"tg-c3ow\">10\u00d70.75<\/td>\n<td class=\"tg-pb0m\">7\/0.37<\/td>\n<td class=\"tg-pb0m\">0.7<\/td>\n<td class=\"tg-za14\">\/<\/td>\n<td class=\"tg-pb0m\">1.3<\/td>\n<td class=\"tg-za14\">\/<\/td>\n<td class=\"tg-pb0m\">14.1<\/td>\n<td class=\"tg-pb0m\">17<\/td>\n<td class=\"tg-pb0m\" colspan=\"2\">211<\/td>\n<\/tr>\n<tr>\n<td class=\"tg-c3ow\">14\u00d70.75<\/td>\n<td class=\"tg-c3ow\">7\/0.37<\/td>\n<td class=\"tg-pb0m\">0.7<\/td>\n<td class=\"tg-za14\">\/<\/td>\n<td class=\"tg-pb0m\">1.3<\/td>\n<td class=\"tg-za14\">\/<\/td>\n<td class=\"tg-pb0m\">15.2<\/td>\n<td class=\"tg-pb0m\">18<\/td>\n<td class=\"tg-pb0m\" colspan=\"2\">270<\/td>\n<\/tr>\n<tr>\n<td class=\"tg-c3ow\">19\u00d70.75<\/td>\n<td class=\"tg-c3ow\">7\/0.37<\/td>\n<td class=\"tg-pb0m\">0.7<\/td>\n<td class=\"tg-za14\">\/<\/td>\n<td class=\"tg-pb0m\">1.3<\/td>\n<td class=\"tg-za14\">\/<\/td>\n<td class=\"tg-pb0m\">16.8<\/td>\n<td class=\"tg-pb0m\">20<\/td>\n<td class=\"tg-pb0m\" colspan=\"2\">345<\/td>\n<\/tr>\n<tr>\n<td class=\"tg-c3ow\">24\u00d70.75<\/td>\n<td class=\"tg-c3ow\">7\/0.37<\/td>\n<td class=\"tg-pb0m\">0.7<\/td>\n<td class=\"tg-za14\">\/<\/td>\n<td class=\"tg-pb0m\">1.5<\/td>\n<td class=\"tg-za14\">\/<\/td>\n<td class=\"tg-pb0m\">19.8<\/td>\n<td class=\"tg-pb0m\">23.5<\/td>\n<td class=\"tg-pb0m\" colspan=\"2\">444<\/td>\n<\/tr>\n<tr>\n<td class=\"tg-c3ow\">30\u00d70.75<\/td>\n<td class=\"tg-c3ow\">7\/0.37<\/td>\n<td class=\"tg-pb0m\">0.7<\/td>\n<td class=\"tg-za14\">\/<\/td>\n<td class=\"tg-pb0m\">1.5<\/td>\n<td class=\"tg-za14\">\/<\/td>\n<td class=\"tg-pb0m\">20.9<\/td>\n<td class=\"tg-pb0m\">24.5<\/td>\n<td class=\"tg-pb0m\" colspan=\"2\">530<\/td>\n<\/tr>\n<tr>\n<td class=\"tg-c3ow\">37\u00d70.75<\/td>\n<td class=\"tg-c3ow\">7\/0.37<\/td>\n<td class=\"tg-pb0m\">0.7<\/td>\n<td class=\"tg-za14\">\/<\/td>\n<td class=\"tg-pb0m\">1.5<\/td>\n<td class=\"tg-za14\">\/<\/td>\n<td class=\"tg-pb0m\">22.5<\/td>\n<td class=\"tg-pb0m\">26.5<\/td>\n<td class=\"tg-pb0m\" colspan=\"2\">633<\/td>\n<\/tr>\n<\/tbody>\n<\/table>\n<p>Nota: Los productos con otras especificaciones tambi\u00e9n se pueden personalizar seg\u00fan las necesidades del cliente.<\/p>\n","protected":false},"excerpt":{"rendered":"<p>Los cables el\u00e9ctricos para buques de 0,75 mm con aislamiento de silicona resistente al desgaste y a las bajas temperaturas se utilizan especialmente para los circuitos de alimentaci\u00f3n, iluminaci\u00f3n, control general e instrumentaci\u00f3n de diversos buques en r\u00edos y mares, plataformas petrol\u00edferas en alta mar y otras estructuras acu\u00e1ticas. Cuenta con la certificaci\u00f3n CCS de la Sociedad de Clasificaci\u00f3n de China; tiene las caracter\u00edsticas de bajo nivel de humos, sin hal\u00f3genos, baja toxicidad y es resistente al moho y a la corrosi\u00f3n por niebla salina.<\/p>\n","protected":false},"featured_media":12342,"template":"","meta":{"_eb_attr":"","site-sidebar-layout":"default","site-content-layout":"","ast-site-content-layout":"default","site-content-style":"default","site-sidebar-style":"default","ast-global-header-display":"","ast-banner-title-visibility":"","ast-main-header-display":"","ast-hfb-above-header-display":"","ast-hfb-below-header-display":"","ast-hfb-mobile-header-display":"","site-post-title":"","ast-breadcrumbs-content":"","ast-featured-img":"","footer-sml-layout":"","theme-transparent-header-meta":"default","adv-header-id-meta":"","stick-header-meta":"","header-above-stick-meta":"","header-main-stick-meta":"","header-below-stick-meta":"","astra-migrate-meta-layouts":"default","ast-page-background-enabled":"default","ast-page-background-meta":{"desktop":{"background-color":"","background-image":"","background-repeat":"repeat","background-position":"center center","background-size":"auto","background-attachment":"scroll","background-type":"","background-media":"","overlay-type":"","overlay-color":"","overlay-opacity":"","overlay-gradient":""},"tablet":{"background-color":"","background-image":"","background-repeat":"repeat","background-position":"center center","background-size":"auto","background-attachment":"scroll","background-type":"","background-media":"","overlay-type":"","overlay-color":"","overlay-opacity":"","overlay-gradient":""},"mobile":{"background-color":"","background-image":"","background-repeat":"repeat","background-position":"center center","background-size":"auto","background-attachment":"scroll","background-type":"","background-media":"","overlay-type":"","overlay-color":"","overlay-opacity":"","overlay-gradient":""}},"ast-content-background-meta":{"desktop":{"background-color":"var(--ast-global-color-5)","background-image":"","background-repeat":"repeat","background-position":"center center","background-size":"auto","background-attachment":"scroll","background-type":"","background-media":"","overlay-type":"","overlay-color":"","overlay-opacity":"","overlay-gradient":""},"tablet":{"background-color":"var(--ast-global-color-5)","background-image":"","background-repeat":"repeat","background-position":"center center","background-size":"auto","background-attachment":"scroll","background-type":"","background-media":"","overlay-type":"","overlay-color":"","overlay-opacity":"","overlay-gradient":""},"mobile":{"background-color":"var(--ast-global-color-5)","background-image":"","background-repeat":"repeat","background-position":"center center","background-size":"auto","background-attachment":"scroll","background-type":"","background-media":"","overlay-type":"","overlay-color":"","overlay-opacity":"","overlay-gradient":""}}},"product_brand":[],"product_cat":[620,621,631,590,630,623,622,603,602,600],"product_tag":[605,604,629],"class_list":{"0":"post-15178","1":"product","2":"type-product","3":"status-publish","4":"has-post-thumbnail","6":"product_cat-cable-de-baja-temperatura","7":"product_cat-cable-de-pequeno-tamano","8":"product_cat-cable-ligero","9":"product_cat-lsoh-cable-es","10":"product_cat-cable-resistente-al-desgaste","11":"product_cat-en50264-es","12":"product_cat-en50306-es","13":"product_cat-norma-en","14":"product_cat-norma-ice","15":"product_cat-marina","16":"product_tag-cable-electrico-del-buque","17":"product_tag-cable-multifilar-con-aislamiento-de-silicona-ckgzp85-dc","18":"product_tag-tipo-ckgzp85-dc-075-mm","19":"desktop-align-center","20":"tablet-align-left","21":"mobile-align-left","23":"first","24":"instock","25":"shipping-taxable","26":"product-type-simple"},"yoast_head":"<!-- This site is optimized with the Yoast SEO plugin v27.5 - https:\/\/yoast.com\/product\/yoast-seo-wordpress\/ -->\n<title>Barco cable el\u00e9ctrico 0,75 mm resistente al desgaste resistente a bajas temperaturas cable con aislamiento de silicona<\/title>\n<meta name=\"description\" content=\"Barco cable el\u00e9ctrico 0,75 mm resistente al desgaste resistente a bajas temperaturas cable con aislamiento de silicona especialmente utilizado para la energ\u00eda, la iluminaci\u00f3n...\" \/>\n<meta name=\"robots\" content=\"index, follow, max-snippet:-1, max-image-preview:large, max-video-preview:-1\" \/>\n<link rel=\"canonical\" href=\"https:\/\/www.tstcables.com\/es\/producto\/ship-cable-electrico-cable-multipolar-con-aislamiento-de-silicona-ckgzp85-dc-tipo-075mm%c2%b2-40%e2%84%83-125%e2%84%83\/\" \/>\n<meta property=\"og:locale\" content=\"es_ES\" \/>\n<meta property=\"og:type\" content=\"article\" \/>\n<meta property=\"og:title\" content=\"Barco cable el\u00e9ctrico 0,75 mm resistente al desgaste resistente a bajas temperaturas cable con aislamiento de silicona\" \/>\n<meta property=\"og:description\" content=\"Barco cable el\u00e9ctrico 0,75 mm resistente al desgaste resistente a bajas temperaturas cable con aislamiento de silicona especialmente utilizado para la energ\u00eda, la iluminaci\u00f3n...\" \/>\n<meta property=\"og:url\" content=\"https:\/\/www.tstcables.com\/es\/producto\/ship-cable-electrico-cable-multipolar-con-aislamiento-de-silicona-ckgzp85-dc-tipo-075mm%c2%b2-40%e2%84%83-125%e2%84%83\/\" \/>\n<meta property=\"og:site_name\" content=\"TST CABLES supplier &amp; Manufacture\" \/>\n<meta property=\"article:modified_time\" content=\"2024-05-07T06:30:22+00:00\" \/>\n<meta property=\"og:image\" content=\"https:\/\/www.tstcables.com\/wp-content\/uploads\/2024\/03\/1.webp\" \/>\n\t<meta property=\"og:image:width\" content=\"640\" \/>\n\t<meta property=\"og:image:height\" content=\"640\" \/>\n\t<meta property=\"og:image:type\" content=\"image\/webp\" \/>\n<meta name=\"twitter:card\" content=\"summary_large_image\" \/>\n<meta name=\"twitter:label1\" content=\"Tiempo de lectura\" \/>\n\t<meta name=\"twitter:data1\" content=\"1 minuto\" \/>\n<script type=\"application\/ld+json\" class=\"yoast-schema-graph\">{\"@context\":\"https:\\\/\\\/schema.org\",\"@graph\":[{\"@type\":\"WebPage\",\"@id\":\"https:\\\/\\\/www.tstcables.com\\\/es\\\/producto\\\/ship-cable-electrico-cable-multipolar-con-aislamiento-de-silicona-ckgzp85-dc-tipo-075mm%c2%b2-40%e2%84%83-125%e2%84%83\\\/\",\"url\":\"https:\\\/\\\/www.tstcables.com\\\/es\\\/producto\\\/ship-cable-electrico-cable-multipolar-con-aislamiento-de-silicona-ckgzp85-dc-tipo-075mm%c2%b2-40%e2%84%83-125%e2%84%83\\\/\",\"name\":\"Barco cable el\u00e9ctrico 0,75 mm resistente al desgaste resistente a bajas temperaturas cable con aislamiento de silicona\",\"isPartOf\":{\"@id\":\"https:\\\/\\\/www.tstcables.com\\\/es\\\/#website\"},\"primaryImageOfPage\":{\"@id\":\"https:\\\/\\\/www.tstcables.com\\\/es\\\/producto\\\/ship-cable-electrico-cable-multipolar-con-aislamiento-de-silicona-ckgzp85-dc-tipo-075mm%c2%b2-40%e2%84%83-125%e2%84%83\\\/#primaryimage\"},\"image\":{\"@id\":\"https:\\\/\\\/www.tstcables.com\\\/es\\\/producto\\\/ship-cable-electrico-cable-multipolar-con-aislamiento-de-silicona-ckgzp85-dc-tipo-075mm%c2%b2-40%e2%84%83-125%e2%84%83\\\/#primaryimage\"},\"thumbnailUrl\":\"https:\\\/\\\/www.tstcables.com\\\/wp-content\\\/uploads\\\/2024\\\/03\\\/1.webp\",\"datePublished\":\"2024-03-25T03:53:12+00:00\",\"dateModified\":\"2024-05-07T06:30:22+00:00\",\"description\":\"Barco cable el\u00e9ctrico 0,75 mm resistente al desgaste resistente a bajas temperaturas cable con aislamiento de silicona especialmente utilizado para la energ\u00eda, la iluminaci\u00f3n...\",\"breadcrumb\":{\"@id\":\"https:\\\/\\\/www.tstcables.com\\\/es\\\/producto\\\/ship-cable-electrico-cable-multipolar-con-aislamiento-de-silicona-ckgzp85-dc-tipo-075mm%c2%b2-40%e2%84%83-125%e2%84%83\\\/#breadcrumb\"},\"inLanguage\":\"es\",\"potentialAction\":[{\"@type\":\"ReadAction\",\"target\":[\"https:\\\/\\\/www.tstcables.com\\\/es\\\/producto\\\/ship-cable-electrico-cable-multipolar-con-aislamiento-de-silicona-ckgzp85-dc-tipo-075mm%c2%b2-40%e2%84%83-125%e2%84%83\\\/\"]}]},{\"@type\":\"ImageObject\",\"inLanguage\":\"es\",\"@id\":\"https:\\\/\\\/www.tstcables.com\\\/es\\\/producto\\\/ship-cable-electrico-cable-multipolar-con-aislamiento-de-silicona-ckgzp85-dc-tipo-075mm%c2%b2-40%e2%84%83-125%e2%84%83\\\/#primaryimage\",\"url\":\"https:\\\/\\\/www.tstcables.com\\\/wp-content\\\/uploads\\\/2024\\\/03\\\/1.webp\",\"contentUrl\":\"https:\\\/\\\/www.tstcables.com\\\/wp-content\\\/uploads\\\/2024\\\/03\\\/1.webp\",\"width\":640,\"height\":640,\"caption\":\"high frequency wire 32AWG 17AWG\"},{\"@type\":\"BreadcrumbList\",\"@id\":\"https:\\\/\\\/www.tstcables.com\\\/es\\\/producto\\\/ship-cable-electrico-cable-multipolar-con-aislamiento-de-silicona-ckgzp85-dc-tipo-075mm%c2%b2-40%e2%84%83-125%e2%84%83\\\/#breadcrumb\",\"itemListElement\":[{\"@type\":\"ListItem\",\"position\":1,\"name\":\"\u9996\u9875\",\"item\":\"https:\\\/\\\/www.tstcables.com\\\/es\\\/\"},{\"@type\":\"ListItem\",\"position\":2,\"name\":\"Product\",\"item\":\"https:\\\/\\\/www.tstcables.com\\\/product\\\/\"},{\"@type\":\"ListItem\",\"position\":3,\"name\":\"Cable el\u00e9ctrico para barcos Cable con aislamiento de silicona LSOH de 0,75 mm resistente al desgaste y a bajas temperaturas\"}]},{\"@type\":\"WebSite\",\"@id\":\"https:\\\/\\\/www.tstcables.com\\\/es\\\/#website\",\"url\":\"https:\\\/\\\/www.tstcables.com\\\/es\\\/\",\"name\":\"TST Cable supplier & Manufacture\",\"description\":\"TST CABLES  supplier &amp; Manufacture official website\",\"publisher\":{\"@id\":\"https:\\\/\\\/www.tstcables.com\\\/es\\\/#organization\"},\"potentialAction\":[{\"@type\":\"SearchAction\",\"target\":{\"@type\":\"EntryPoint\",\"urlTemplate\":\"https:\\\/\\\/www.tstcables.com\\\/es\\\/?s={search_term_string}\"},\"query-input\":{\"@type\":\"PropertyValueSpecification\",\"valueRequired\":true,\"valueName\":\"search_term_string\"}}],\"inLanguage\":\"es\"},{\"@type\":\"Organization\",\"@id\":\"https:\\\/\\\/www.tstcables.com\\\/es\\\/#organization\",\"name\":\"TST Cable supplier & Manufacture\",\"url\":\"https:\\\/\\\/www.tstcables.com\\\/es\\\/\",\"logo\":{\"@type\":\"ImageObject\",\"inLanguage\":\"es\",\"@id\":\"https:\\\/\\\/www.tstcables.com\\\/es\\\/#\\\/schema\\\/logo\\\/image\\\/\",\"url\":\"https:\\\/\\\/www.tstcables.com\\\/wp-content\\\/uploads\\\/2024\\\/04\\\/cropped-\u753b\u677f-1-\u62f7\u8d1d-4-1.png\",\"contentUrl\":\"https:\\\/\\\/www.tstcables.com\\\/wp-content\\\/uploads\\\/2024\\\/04\\\/cropped-\u753b\u677f-1-\u62f7\u8d1d-4-1.png\",\"width\":300,\"height\":100,\"caption\":\"TST Cable supplier & Manufacture\"},\"image\":{\"@id\":\"https:\\\/\\\/www.tstcables.com\\\/es\\\/#\\\/schema\\\/logo\\\/image\\\/\"}}]}<\/script>\n<!-- \/ Yoast SEO plugin. -->","yoast_head_json":{"title":"Barco cable el\u00e9ctrico 0,75 mm resistente al desgaste resistente a bajas temperaturas cable con aislamiento de silicona","description":"Barco cable el\u00e9ctrico 0,75 mm resistente al desgaste resistente a bajas temperaturas cable con aislamiento de silicona especialmente utilizado para la energ\u00eda, la iluminaci\u00f3n...","robots":{"index":"index","follow":"follow","max-snippet":"max-snippet:-1","max-image-preview":"max-image-preview:large","max-video-preview":"max-video-preview:-1"},"canonical":"https:\/\/www.tstcables.com\/es\/producto\/ship-cable-electrico-cable-multipolar-con-aislamiento-de-silicona-ckgzp85-dc-tipo-075mm%c2%b2-40%e2%84%83-125%e2%84%83\/","og_locale":"es_ES","og_type":"article","og_title":"Barco cable el\u00e9ctrico 0,75 mm resistente al desgaste resistente a bajas temperaturas cable con aislamiento de silicona","og_description":"Barco cable el\u00e9ctrico 0,75 mm resistente al desgaste resistente a bajas temperaturas cable con aislamiento de silicona especialmente utilizado para la energ\u00eda, la iluminaci\u00f3n...","og_url":"https:\/\/www.tstcables.com\/es\/producto\/ship-cable-electrico-cable-multipolar-con-aislamiento-de-silicona-ckgzp85-dc-tipo-075mm%c2%b2-40%e2%84%83-125%e2%84%83\/","og_site_name":"TST CABLES supplier &amp; Manufacture","article_modified_time":"2024-05-07T06:30:22+00:00","og_image":[{"width":640,"height":640,"url":"https:\/\/www.tstcables.com\/wp-content\/uploads\/2024\/03\/1.webp","type":"image\/webp"}],"twitter_card":"summary_large_image","twitter_misc":{"Tiempo de lectura":"1 minuto"},"schema":{"@context":"https:\/\/schema.org","@graph":[{"@type":"WebPage","@id":"https:\/\/www.tstcables.com\/es\/producto\/ship-cable-electrico-cable-multipolar-con-aislamiento-de-silicona-ckgzp85-dc-tipo-075mm%c2%b2-40%e2%84%83-125%e2%84%83\/","url":"https:\/\/www.tstcables.com\/es\/producto\/ship-cable-electrico-cable-multipolar-con-aislamiento-de-silicona-ckgzp85-dc-tipo-075mm%c2%b2-40%e2%84%83-125%e2%84%83\/","name":"Barco cable el\u00e9ctrico 0,75 mm resistente al desgaste resistente a bajas temperaturas cable con aislamiento de silicona","isPartOf":{"@id":"https:\/\/www.tstcables.com\/es\/#website"},"primaryImageOfPage":{"@id":"https:\/\/www.tstcables.com\/es\/producto\/ship-cable-electrico-cable-multipolar-con-aislamiento-de-silicona-ckgzp85-dc-tipo-075mm%c2%b2-40%e2%84%83-125%e2%84%83\/#primaryimage"},"image":{"@id":"https:\/\/www.tstcables.com\/es\/producto\/ship-cable-electrico-cable-multipolar-con-aislamiento-de-silicona-ckgzp85-dc-tipo-075mm%c2%b2-40%e2%84%83-125%e2%84%83\/#primaryimage"},"thumbnailUrl":"https:\/\/www.tstcables.com\/wp-content\/uploads\/2024\/03\/1.webp","datePublished":"2024-03-25T03:53:12+00:00","dateModified":"2024-05-07T06:30:22+00:00","description":"Barco cable el\u00e9ctrico 0,75 mm resistente al desgaste resistente a bajas temperaturas cable con aislamiento de silicona especialmente utilizado para la energ\u00eda, la iluminaci\u00f3n...","breadcrumb":{"@id":"https:\/\/www.tstcables.com\/es\/producto\/ship-cable-electrico-cable-multipolar-con-aislamiento-de-silicona-ckgzp85-dc-tipo-075mm%c2%b2-40%e2%84%83-125%e2%84%83\/#breadcrumb"},"inLanguage":"es","potentialAction":[{"@type":"ReadAction","target":["https:\/\/www.tstcables.com\/es\/producto\/ship-cable-electrico-cable-multipolar-con-aislamiento-de-silicona-ckgzp85-dc-tipo-075mm%c2%b2-40%e2%84%83-125%e2%84%83\/"]}]},{"@type":"ImageObject","inLanguage":"es","@id":"https:\/\/www.tstcables.com\/es\/producto\/ship-cable-electrico-cable-multipolar-con-aislamiento-de-silicona-ckgzp85-dc-tipo-075mm%c2%b2-40%e2%84%83-125%e2%84%83\/#primaryimage","url":"https:\/\/www.tstcables.com\/wp-content\/uploads\/2024\/03\/1.webp","contentUrl":"https:\/\/www.tstcables.com\/wp-content\/uploads\/2024\/03\/1.webp","width":640,"height":640,"caption":"high frequency wire 32AWG 17AWG"},{"@type":"BreadcrumbList","@id":"https:\/\/www.tstcables.com\/es\/producto\/ship-cable-electrico-cable-multipolar-con-aislamiento-de-silicona-ckgzp85-dc-tipo-075mm%c2%b2-40%e2%84%83-125%e2%84%83\/#breadcrumb","itemListElement":[{"@type":"ListItem","position":1,"name":"\u9996\u9875","item":"https:\/\/www.tstcables.com\/es\/"},{"@type":"ListItem","position":2,"name":"Product","item":"https:\/\/www.tstcables.com\/product\/"},{"@type":"ListItem","position":3,"name":"Cable el\u00e9ctrico para barcos Cable con aislamiento de silicona LSOH de 0,75 mm resistente al desgaste y a bajas temperaturas"}]},{"@type":"WebSite","@id":"https:\/\/www.tstcables.com\/es\/#website","url":"https:\/\/www.tstcables.com\/es\/","name":"TST Cable supplier & Manufacture","description":"TST CABLES  supplier &amp; Manufacture official website","publisher":{"@id":"https:\/\/www.tstcables.com\/es\/#organization"},"potentialAction":[{"@type":"SearchAction","target":{"@type":"EntryPoint","urlTemplate":"https:\/\/www.tstcables.com\/es\/?s={search_term_string}"},"query-input":{"@type":"PropertyValueSpecification","valueRequired":true,"valueName":"search_term_string"}}],"inLanguage":"es"},{"@type":"Organization","@id":"https:\/\/www.tstcables.com\/es\/#organization","name":"TST Cable supplier & Manufacture","url":"https:\/\/www.tstcables.com\/es\/","logo":{"@type":"ImageObject","inLanguage":"es","@id":"https:\/\/www.tstcables.com\/es\/#\/schema\/logo\/image\/","url":"https:\/\/www.tstcables.com\/wp-content\/uploads\/2024\/04\/cropped-\u753b\u677f-1-\u62f7\u8d1d-4-1.png","contentUrl":"https:\/\/www.tstcables.com\/wp-content\/uploads\/2024\/04\/cropped-\u753b\u677f-1-\u62f7\u8d1d-4-1.png","width":300,"height":100,"caption":"TST Cable supplier & Manufacture"},"image":{"@id":"https:\/\/www.tstcables.com\/es\/#\/schema\/logo\/image\/"}}]}},"_links":{"self":[{"href":"https:\/\/www.tstcables.com\/es\/wp-json\/wp\/v2\/product\/15178","targetHints":{"allow":["GET"]}}],"collection":[{"href":"https:\/\/www.tstcables.com\/es\/wp-json\/wp\/v2\/product"}],"about":[{"href":"https:\/\/www.tstcables.com\/es\/wp-json\/wp\/v2\/types\/product"}],"version-history":[{"count":0,"href":"https:\/\/www.tstcables.com\/es\/wp-json\/wp\/v2\/product\/15178\/revisions"}],"wp:featuredmedia":[{"embeddable":true,"href":"https:\/\/www.tstcables.com\/es\/wp-json\/wp\/v2\/media\/12342"}],"wp:attachment":[{"href":"https:\/\/www.tstcables.com\/es\/wp-json\/wp\/v2\/media?parent=15178"}],"wp:term":[{"taxonomy":"product_brand","embeddable":true,"href":"https:\/\/www.tstcables.com\/es\/wp-json\/wp\/v2\/product_brand?post=15178"},{"taxonomy":"product_cat","embeddable":true,"href":"https:\/\/www.tstcables.com\/es\/wp-json\/wp\/v2\/product_cat?post=15178"},{"taxonomy":"product_tag","embeddable":true,"href":"https:\/\/www.tstcables.com\/es\/wp-json\/wp\/v2\/product_tag?post=15178"}],"curies":[{"name":"wp","href":"https:\/\/api.w.org\/{rel}","templated":true}]}}