{"id":15179,"date":"2024-03-25T11:14:15","date_gmt":"2024-03-25T03:14:15","guid":{"rendered":"https:\/\/www.tstcables.com\/product\/cable-electrico-marino-unipolar-con-aislamiento-de-poliolefina-reticulada-cbyj-dc-cbyjr-dc\/"},"modified":"2024-05-07T14:33:27","modified_gmt":"2024-05-07T06:33:27","slug":"cable-electrico-marino-unipolar-con-aislamiento-de-poliolefina-reticulada-cbyj-dc-cbyjr-dc","status":"publish","type":"product","link":"https:\/\/www.tstcables.com\/es\/producto\/cable-electrico-marino-unipolar-con-aislamiento-de-poliolefina-reticulada-cbyj-dc-cbyjr-dc\/","title":{"rendered":"Cable CC impermeable resistente a bajas temperaturas para buques Cable marino"},"content":{"rendered":"<p>Nombre del producto: Cable CC impermeable resistente a bajas temperaturas para buques Cable marino<\/p>\n<p>Nivel de tensi\u00f3n soportado: 0,6\/1Kv, 1,8\/3Kv<\/p>\n<p>Grado de temperatura: -40\u2103-+90\u2103<\/p>\n<p>&nbsp;<\/p>\n<p><strong>Aplicaciones:<\/strong><\/p>\n<p>Cable CC impermeable resistente a bajas temperaturas para buques El cable marino ha sido certificado por la Sociedad de Clasificaci\u00f3n China CCS; tiene las caracter\u00edsticas de bajo humo, sin hal\u00f3genos, baja toxicidad, y es resistente al moho y a la corrosi\u00f3n por niebla salina.<\/p>\n<p>&nbsp;<\/p>\n<p><strong>Caracter\u00edsticas del producto:<\/strong><\/p>\n<p>Cable CC impermeable resistente a bajas temperaturas para buques El cable marino ha sido certificado por la Sociedad de Clasificaci\u00f3n China CCS; tiene las caracter\u00edsticas de bajo humo, sin hal\u00f3genos, baja toxicidad, y es resistente al moho y a la corrosi\u00f3n por niebla salina.<\/p>\n<p>&nbsp;<\/p>\n<p><strong>Norma del sector:<\/strong><\/p>\n<p>IEC60228, IEC60092-350, IEC60092-360, IEC60092-376, IEC60332-1, IEC60332-3, IEC60331, IEC61034, IEC60754, GJB150, GJB1916<\/p>\n<p>&nbsp;<\/p>\n<p><strong>Par\u00e1metros t\u00e9cnicos<\/strong><\/p>\n<table class=\"tg\">\n<thead>\n<tr>\n<th class=\"tg-uzvj\" rowspan=\"3\">Talla<\/p>\n<p>\uff08mm\u00b2\uff09<\/th>\n<th class=\"tg-uzvj\" colspan=\"3\">BYI\/DC<\/th>\n<th class=\"tg-uzvj\" colspan=\"3\">CBYJR\/DC<\/th>\n<\/tr>\n<tr>\n<th class=\"tg-uzvj\" colspan=\"2\">Di\u00e1metro calculado<\/th>\n<th class=\"tg-7btt\" rowspan=\"2\">Calculado<br \/>\nmasa (kg km)<\/th>\n<th class=\"tg-7btt\" colspan=\"2\">Di\u00e1metro calculado<\/th>\n<th class=\"tg-amwm\" rowspan=\"2\">Calculado<br \/>\nmasa (kg km)<\/th>\n<\/tr>\n<tr>\n<th class=\"tg-uzvj\">NOM (mm)<\/th>\n<th class=\"tg-7btt\">m\u00e1x (mm)<\/th>\n<th class=\"tg-uzvj\">NOM (mm)<\/th>\n<th class=\"tg-7btt\">m\u00e1x (mm)<\/th>\n<\/tr>\n<\/thead>\n<tbody>\n<tr>\n<td class=\"tg-9wq8\">0.5<\/td>\n<td class=\"tg-9wq8\">2.2<\/td>\n<td class=\"tg-9wq8\">2.8<\/td>\n<td class=\"tg-9wq8\">9<\/td>\n<td class=\"tg-9wq8\">2.2<\/td>\n<td class=\"tg-9wq8\">2.8<\/td>\n<td class=\"tg-nrix\">9<\/td>\n<\/tr>\n<tr>\n<td class=\"tg-9wq8\">0.75<\/td>\n<td class=\"tg-9wq8\">2.8<\/td>\n<td class=\"tg-9wq8\">3.4<\/td>\n<td class=\"tg-9wq8\">14<\/td>\n<td class=\"tg-9wq8\">2.8<\/td>\n<td class=\"tg-9wq8\">3.4<\/td>\n<td class=\"tg-nrix\">14<\/td>\n<\/tr>\n<tr>\n<td class=\"tg-9wq8\">1<\/td>\n<td class=\"tg-9wq8\">2.9<\/td>\n<td class=\"tg-9wq8\">3.6<\/td>\n<td class=\"tg-9wq8\">16<\/td>\n<td class=\"tg-9wq8\">3<\/td>\n<td class=\"tg-9wq8\">3.8<\/td>\n<td class=\"tg-nrix\">17<\/td>\n<\/tr>\n<tr>\n<td class=\"tg-9wq8\">1.5<\/td>\n<td class=\"tg-9wq8\">3.3<\/td>\n<td class=\"tg-9wq8\">4<\/td>\n<td class=\"tg-9wq8\">22<\/td>\n<td class=\"tg-9wq8\">3.3<\/td>\n<td class=\"tg-9wq8\">4<\/td>\n<td class=\"tg-nrix\">22<\/td>\n<\/tr>\n<tr>\n<td class=\"tg-9wq8\">2.5<\/td>\n<td class=\"tg-9wq8\">3.7<\/td>\n<td class=\"tg-9wq8\">4.4<\/td>\n<td class=\"tg-9wq8\">32<\/td>\n<td class=\"tg-9wq8\">3.7<\/td>\n<td class=\"tg-9wq8\">4.4<\/td>\n<td class=\"tg-nrix\">32<\/td>\n<\/tr>\n<tr>\n<td class=\"tg-nrix\">4<\/td>\n<td class=\"tg-nrix\">4.6<\/td>\n<td class=\"tg-nrix\">5.4<\/td>\n<td class=\"tg-nrix\">50<\/td>\n<td class=\"tg-nrix\">4.7<\/td>\n<td class=\"tg-nrix\">5.4<\/td>\n<td class=\"tg-nrix\">52<\/td>\n<\/tr>\n<tr>\n<td class=\"tg-nrix\">6<\/td>\n<td class=\"tg-nrix\">5.2<\/td>\n<td class=\"tg-nrix\">6<\/td>\n<td class=\"tg-nrix\">70<\/td>\n<td class=\"tg-nrix\">5.3<\/td>\n<td class=\"tg-nrix\">6.2<\/td>\n<td class=\"tg-nrix\">73<\/td>\n<\/tr>\n<tr>\n<td class=\"tg-nrix\">10<\/td>\n<td class=\"tg-nrix\">6.1<\/td>\n<td class=\"tg-nrix\">7<\/td>\n<td class=\"tg-nrix\">111<\/td>\n<td class=\"tg-nrix\">6.8<\/td>\n<td class=\"tg-nrix\">7.6<\/td>\n<td class=\"tg-nrix\">122<\/td>\n<\/tr>\n<tr>\n<td class=\"tg-nrix\">16<\/td>\n<td class=\"tg-nrix\">7.1<\/td>\n<td class=\"tg-baqh\">\ud83d\ude2f<\/td>\n<td class=\"tg-nrix\">167<\/td>\n<td class=\"tg-nrix\">7.8<\/td>\n<td class=\"tg-nrix\">8.8<\/td>\n<td class=\"tg-nrix\">174<\/td>\n<\/tr>\n<tr>\n<td class=\"tg-nrix\">25<\/td>\n<td class=\"tg-nrix\">8.9<\/td>\n<td class=\"tg-nrix\">10<\/td>\n<td class=\"tg-nrix\">264<\/td>\n<td class=\"tg-nrix\">9.6<\/td>\n<td class=\"tg-nrix\">11<\/td>\n<td class=\"tg-nrix\">269<\/td>\n<\/tr>\n<tr>\n<td class=\"tg-nrix\">35<\/td>\n<td class=\"tg-nrix\">10<\/td>\n<td class=\"tg-nrix\">11.5<\/td>\n<td class=\"tg-nrix\">356<\/td>\n<td class=\"tg-nrix\">11.3<\/td>\n<td class=\"tg-nrix\">12.5<\/td>\n<td class=\"tg-nrix\">370<\/td>\n<\/tr>\n<tr>\n<td class=\"tg-nrix\">35<\/td>\n<td class=\"tg-nrix\">10<\/td>\n<td class=\"tg-nrix\">11.5<\/td>\n<td class=\"tg-nrix\">156<\/td>\n<td class=\"tg-nrix\">113<\/td>\n<td class=\"tg-nrix\">12.5<\/td>\n<td class=\"tg-nrix\">370<\/td>\n<\/tr>\n<tr>\n<td class=\"tg-nrix\">50<\/td>\n<td class=\"tg-nrix\">11.7<\/td>\n<td class=\"tg-nrix\">13<\/td>\n<td class=\"tg-nrix\">483<\/td>\n<td class=\"tg-nrix\">13.4<\/td>\n<td class=\"tg-nrix\">15<\/td>\n<td class=\"tg-nrix\">513<\/td>\n<\/tr>\n<tr>\n<td class=\"tg-nrix\">70<\/td>\n<td class=\"tg-nrix\">13.9<\/td>\n<td class=\"tg-nrix\">15.5<\/td>\n<td class=\"tg-nrix\">695<\/td>\n<td class=\"tg-nrix\">15.6<\/td>\n<td class=\"tg-nrix\">17<\/td>\n<td class=\"tg-nrix\">715<\/td>\n<\/tr>\n<tr>\n<td class=\"tg-nrix\">95<\/td>\n<td class=\"tg-nrix\">15.8<\/td>\n<td class=\"tg-nrix\">17.5<\/td>\n<td class=\"tg-nrix\">946<\/td>\n<td class=\"tg-nrix\">17.8<\/td>\n<td class=\"tg-nrix\">19.5<\/td>\n<td class=\"tg-nrix\">968<\/td>\n<\/tr>\n<tr>\n<td class=\"tg-nrix\">120<\/td>\n<td class=\"tg-nrix\">17.4<\/td>\n<td class=\"tg-nrix\">19<\/td>\n<td class=\"tg-nrix\">1176<\/td>\n<td class=\"tg-nrix\">19.6<\/td>\n<td class=\"tg-nrix\">21.5<\/td>\n<td class=\"tg-nrix\">1219<\/td>\n<\/tr>\n<tr>\n<td class=\"tg-nrix\">150<\/td>\n<td class=\"tg-nrix\">19.3<\/td>\n<td class=\"tg-nrix\">21<\/td>\n<td class=\"tg-nrix\">1449<\/td>\n<td class=\"tg-nrix\">21.7<\/td>\n<td class=\"tg-nrix\">23.5<\/td>\n<td class=\"tg-nrix\">1485<\/td>\n<\/tr>\n<tr>\n<td class=\"tg-nrix\">185<\/td>\n<td class=\"tg-nrix\">21.6<\/td>\n<td class=\"tg-nrix\">23.5<\/td>\n<td class=\"tg-nrix\">1819<\/td>\n<td class=\"tg-nrix\">24.2<\/td>\n<td class=\"tg-nrix\">26<\/td>\n<td class=\"tg-nrix\">1853<\/td>\n<\/tr>\n<tr>\n<td class=\"tg-nrix\">240<\/td>\n<td class=\"tg-nrix\">24.6<\/td>\n<td class=\"tg-nrix\">26.5<\/td>\n<td class=\"tg-nrix\">2376<\/td>\n<td class=\"tg-nrix\">28.2<\/td>\n<td class=\"tg-nrix\">30.5<\/td>\n<td class=\"tg-nrix\">2373<\/td>\n<\/tr>\n<\/tbody>\n<\/table>\n<p>Nota: Los productos con otras especificaciones tambi\u00e9n se pueden personalizar seg\u00fan las necesidades del cliente.<\/p>\n","protected":false},"excerpt":{"rendered":"<p>Cable CC impermeable resistente a bajas temperaturas para buques El cable marino ha sido certificado por la Sociedad de Clasificaci\u00f3n China CCS; tiene las caracter\u00edsticas de bajo humo, sin hal\u00f3genos, baja toxicidad, y es resistente al moho y a la corrosi\u00f3n por niebla salina.<\/p>\n<p>Ha sido certificado por la Sociedad de Clasificaci\u00f3n China CCS; tiene las caracter\u00edsticas de baja emisi\u00f3n de humos, libre de hal\u00f3genos, baja toxicidad, y es resistente al moho y a la corrosi\u00f3n por niebla salina.<\/p>\n","protected":false},"featured_media":12350,"template":"","meta":{"_eb_attr":"","site-sidebar-layout":"default","site-content-layout":"","ast-site-content-layout":"default","site-content-style":"default","site-sidebar-style":"default","ast-global-header-display":"","ast-banner-title-visibility":"","ast-main-header-display":"","ast-hfb-above-header-display":"","ast-hfb-below-header-display":"","ast-hfb-mobile-header-display":"","site-post-title":"","ast-breadcrumbs-content":"","ast-featured-img":"","footer-sml-layout":"","theme-transparent-header-meta":"default","adv-header-id-meta":"","stick-header-meta":"","header-above-stick-meta":"","header-main-stick-meta":"","header-below-stick-meta":"","astra-migrate-meta-layouts":"default","ast-page-background-enabled":"default","ast-page-background-meta":{"desktop":{"background-color":"","background-image":"","background-repeat":"repeat","background-position":"center center","background-size":"auto","background-attachment":"scroll","background-type":"","background-media":"","overlay-type":"","overlay-color":"","overlay-opacity":"","overlay-gradient":""},"tablet":{"background-color":"","background-image":"","background-repeat":"repeat","background-position":"center center","background-size":"auto","background-attachment":"scroll","background-type":"","background-media":"","overlay-type":"","overlay-color":"","overlay-opacity":"","overlay-gradient":""},"mobile":{"background-color":"","background-image":"","background-repeat":"repeat","background-position":"center center","background-size":"auto","background-attachment":"scroll","background-type":"","background-media":"","overlay-type":"","overlay-color":"","overlay-opacity":"","overlay-gradient":""}},"ast-content-background-meta":{"desktop":{"background-color":"var(--ast-global-color-5)","background-image":"","background-repeat":"repeat","background-position":"center center","background-size":"auto","background-attachment":"scroll","background-type":"","background-media":"","overlay-type":"","overlay-color":"","overlay-opacity":"","overlay-gradient":""},"tablet":{"background-color":"var(--ast-global-color-5)","background-image":"","background-repeat":"repeat","background-position":"center center","background-size":"auto","background-attachment":"scroll","background-type":"","background-media":"","overlay-type":"","overlay-color":"","overlay-opacity":"","overlay-gradient":""},"mobile":{"background-color":"var(--ast-global-color-5)","background-image":"","background-repeat":"repeat","background-position":"center center","background-size":"auto","background-attachment":"scroll","background-type":"","background-media":"","overlay-type":"","overlay-color":"","overlay-opacity":"","overlay-gradient":""}}},"product_brand":[],"product_cat":[620,593,623,622,603,602,600],"product_tag":[634,633,632],"class_list":{"0":"post-15179","1":"product","2":"type-product","3":"status-publish","4":"has-post-thumbnail","6":"product_cat-cable-de-baja-temperatura","7":"product_cat-cable-resistente-al-agua","8":"product_cat-en50264-es","9":"product_cat-en50306-es","10":"product_cat-norma-en","11":"product_cat-norma-ice","12":"product_cat-marina","13":"product_tag-alambre-monoconductor-con-aislamiento-de-poliolefina-reticulada","14":"product_tag-cbyj-dc-cbyjr-dc-es","15":"product_tag-ce-cable-unipolar-con-aislamiento-de-poliolefina-reticulada","16":"desktop-align-center","17":"tablet-align-left","18":"mobile-align-left","20":"first","21":"instock","22":"shipping-taxable","23":"product-type-simple"},"yoast_head":"<!-- This site is optimized with the Yoast SEO plugin v27.5 - https:\/\/yoast.com\/product\/yoast-seo-wordpress\/ -->\n<title>Cable CC impermeable resistente a bajas temperaturas para buques Cable marino<\/title>\n<meta name=\"description\" content=\"Cable CC impermeable resistente a bajas temperaturas para barcos Los cables marinos se utilizan especialmente para alimentaci\u00f3n, iluminaci\u00f3n\" \/>\n<meta name=\"robots\" content=\"index, follow, max-snippet:-1, max-image-preview:large, max-video-preview:-1\" \/>\n<link rel=\"canonical\" href=\"https:\/\/www.tstcables.com\/es\/producto\/cable-electrico-marino-unipolar-con-aislamiento-de-poliolefina-reticulada-cbyj-dc-cbyjr-dc\/\" \/>\n<meta property=\"og:locale\" content=\"es_ES\" \/>\n<meta property=\"og:type\" content=\"article\" \/>\n<meta property=\"og:title\" content=\"Cable CC impermeable resistente a bajas temperaturas para buques Cable marino\" \/>\n<meta property=\"og:description\" content=\"Cable CC impermeable resistente a bajas temperaturas para barcos Los cables marinos se utilizan especialmente para alimentaci\u00f3n, iluminaci\u00f3n\" \/>\n<meta property=\"og:url\" content=\"https:\/\/www.tstcables.com\/es\/producto\/cable-electrico-marino-unipolar-con-aislamiento-de-poliolefina-reticulada-cbyj-dc-cbyjr-dc\/\" \/>\n<meta property=\"og:site_name\" content=\"TST CABLES supplier &amp; Manufacture\" \/>\n<meta property=\"article:modified_time\" content=\"2024-05-07T06:33:27+00:00\" \/>\n<meta property=\"og:image\" content=\"https:\/\/www.tstcables.com\/wp-content\/uploads\/2024\/03\/3.webp\" \/>\n\t<meta property=\"og:image:width\" content=\"640\" \/>\n\t<meta property=\"og:image:height\" content=\"640\" \/>\n\t<meta property=\"og:image:type\" content=\"image\/webp\" \/>\n<meta name=\"twitter:card\" content=\"summary_large_image\" \/>\n<meta name=\"twitter:label1\" content=\"Tiempo de lectura\" \/>\n\t<meta name=\"twitter:data1\" content=\"1 minuto\" \/>\n<script type=\"application\/ld+json\" class=\"yoast-schema-graph\">{\"@context\":\"https:\\\/\\\/schema.org\",\"@graph\":[{\"@type\":\"WebPage\",\"@id\":\"https:\\\/\\\/www.tstcables.com\\\/es\\\/producto\\\/cable-electrico-marino-unipolar-con-aislamiento-de-poliolefina-reticulada-cbyj-dc-cbyjr-dc\\\/\",\"url\":\"https:\\\/\\\/www.tstcables.com\\\/es\\\/producto\\\/cable-electrico-marino-unipolar-con-aislamiento-de-poliolefina-reticulada-cbyj-dc-cbyjr-dc\\\/\",\"name\":\"Cable CC impermeable resistente a bajas temperaturas para buques Cable marino\",\"isPartOf\":{\"@id\":\"https:\\\/\\\/www.tstcables.com\\\/es\\\/#website\"},\"primaryImageOfPage\":{\"@id\":\"https:\\\/\\\/www.tstcables.com\\\/es\\\/producto\\\/cable-electrico-marino-unipolar-con-aislamiento-de-poliolefina-reticulada-cbyj-dc-cbyjr-dc\\\/#primaryimage\"},\"image\":{\"@id\":\"https:\\\/\\\/www.tstcables.com\\\/es\\\/producto\\\/cable-electrico-marino-unipolar-con-aislamiento-de-poliolefina-reticulada-cbyj-dc-cbyjr-dc\\\/#primaryimage\"},\"thumbnailUrl\":\"https:\\\/\\\/www.tstcables.com\\\/wp-content\\\/uploads\\\/2024\\\/03\\\/3.webp\",\"datePublished\":\"2024-03-25T03:14:15+00:00\",\"dateModified\":\"2024-05-07T06:33:27+00:00\",\"description\":\"Cable CC impermeable resistente a bajas temperaturas para barcos Los cables marinos se utilizan especialmente para alimentaci\u00f3n, iluminaci\u00f3n\",\"breadcrumb\":{\"@id\":\"https:\\\/\\\/www.tstcables.com\\\/es\\\/producto\\\/cable-electrico-marino-unipolar-con-aislamiento-de-poliolefina-reticulada-cbyj-dc-cbyjr-dc\\\/#breadcrumb\"},\"inLanguage\":\"es\",\"potentialAction\":[{\"@type\":\"ReadAction\",\"target\":[\"https:\\\/\\\/www.tstcables.com\\\/es\\\/producto\\\/cable-electrico-marino-unipolar-con-aislamiento-de-poliolefina-reticulada-cbyj-dc-cbyjr-dc\\\/\"]}]},{\"@type\":\"ImageObject\",\"inLanguage\":\"es\",\"@id\":\"https:\\\/\\\/www.tstcables.com\\\/es\\\/producto\\\/cable-electrico-marino-unipolar-con-aislamiento-de-poliolefina-reticulada-cbyj-dc-cbyjr-dc\\\/#primaryimage\",\"url\":\"https:\\\/\\\/www.tstcables.com\\\/wp-content\\\/uploads\\\/2024\\\/03\\\/3.webp\",\"contentUrl\":\"https:\\\/\\\/www.tstcables.com\\\/wp-content\\\/uploads\\\/2024\\\/03\\\/3.webp\",\"width\":640,\"height\":640,\"caption\":\"single-core cross-linked polyolefin insulated wire CBYJ\\\/DC CBYJR\\\/DC\"},{\"@type\":\"BreadcrumbList\",\"@id\":\"https:\\\/\\\/www.tstcables.com\\\/es\\\/producto\\\/cable-electrico-marino-unipolar-con-aislamiento-de-poliolefina-reticulada-cbyj-dc-cbyjr-dc\\\/#breadcrumb\",\"itemListElement\":[{\"@type\":\"ListItem\",\"position\":1,\"name\":\"\u9996\u9875\",\"item\":\"https:\\\/\\\/www.tstcables.com\\\/es\\\/\"},{\"@type\":\"ListItem\",\"position\":2,\"name\":\"Product\",\"item\":\"https:\\\/\\\/www.tstcables.com\\\/product\\\/\"},{\"@type\":\"ListItem\",\"position\":3,\"name\":\"Cable CC impermeable resistente a bajas temperaturas para buques Cable marino\"}]},{\"@type\":\"WebSite\",\"@id\":\"https:\\\/\\\/www.tstcables.com\\\/es\\\/#website\",\"url\":\"https:\\\/\\\/www.tstcables.com\\\/es\\\/\",\"name\":\"TST Cable supplier & Manufacture\",\"description\":\"TST CABLES  supplier &amp; Manufacture official website\",\"publisher\":{\"@id\":\"https:\\\/\\\/www.tstcables.com\\\/es\\\/#organization\"},\"potentialAction\":[{\"@type\":\"SearchAction\",\"target\":{\"@type\":\"EntryPoint\",\"urlTemplate\":\"https:\\\/\\\/www.tstcables.com\\\/es\\\/?s={search_term_string}\"},\"query-input\":{\"@type\":\"PropertyValueSpecification\",\"valueRequired\":true,\"valueName\":\"search_term_string\"}}],\"inLanguage\":\"es\"},{\"@type\":\"Organization\",\"@id\":\"https:\\\/\\\/www.tstcables.com\\\/es\\\/#organization\",\"name\":\"TST Cable supplier & Manufacture\",\"url\":\"https:\\\/\\\/www.tstcables.com\\\/es\\\/\",\"logo\":{\"@type\":\"ImageObject\",\"inLanguage\":\"es\",\"@id\":\"https:\\\/\\\/www.tstcables.com\\\/es\\\/#\\\/schema\\\/logo\\\/image\\\/\",\"url\":\"https:\\\/\\\/www.tstcables.com\\\/wp-content\\\/uploads\\\/2024\\\/04\\\/cropped-\u753b\u677f-1-\u62f7\u8d1d-4-1.png\",\"contentUrl\":\"https:\\\/\\\/www.tstcables.com\\\/wp-content\\\/uploads\\\/2024\\\/04\\\/cropped-\u753b\u677f-1-\u62f7\u8d1d-4-1.png\",\"width\":300,\"height\":100,\"caption\":\"TST Cable supplier & Manufacture\"},\"image\":{\"@id\":\"https:\\\/\\\/www.tstcables.com\\\/es\\\/#\\\/schema\\\/logo\\\/image\\\/\"}}]}<\/script>\n<!-- \/ Yoast SEO plugin. -->","yoast_head_json":{"title":"Cable CC impermeable resistente a bajas temperaturas para buques Cable marino","description":"Cable CC impermeable resistente a bajas temperaturas para barcos Los cables marinos se utilizan especialmente para alimentaci\u00f3n, iluminaci\u00f3n","robots":{"index":"index","follow":"follow","max-snippet":"max-snippet:-1","max-image-preview":"max-image-preview:large","max-video-preview":"max-video-preview:-1"},"canonical":"https:\/\/www.tstcables.com\/es\/producto\/cable-electrico-marino-unipolar-con-aislamiento-de-poliolefina-reticulada-cbyj-dc-cbyjr-dc\/","og_locale":"es_ES","og_type":"article","og_title":"Cable CC impermeable resistente a bajas temperaturas para buques Cable marino","og_description":"Cable CC impermeable resistente a bajas temperaturas para barcos Los cables marinos se utilizan especialmente para alimentaci\u00f3n, iluminaci\u00f3n","og_url":"https:\/\/www.tstcables.com\/es\/producto\/cable-electrico-marino-unipolar-con-aislamiento-de-poliolefina-reticulada-cbyj-dc-cbyjr-dc\/","og_site_name":"TST CABLES supplier &amp; Manufacture","article_modified_time":"2024-05-07T06:33:27+00:00","og_image":[{"width":640,"height":640,"url":"https:\/\/www.tstcables.com\/wp-content\/uploads\/2024\/03\/3.webp","type":"image\/webp"}],"twitter_card":"summary_large_image","twitter_misc":{"Tiempo de lectura":"1 minuto"},"schema":{"@context":"https:\/\/schema.org","@graph":[{"@type":"WebPage","@id":"https:\/\/www.tstcables.com\/es\/producto\/cable-electrico-marino-unipolar-con-aislamiento-de-poliolefina-reticulada-cbyj-dc-cbyjr-dc\/","url":"https:\/\/www.tstcables.com\/es\/producto\/cable-electrico-marino-unipolar-con-aislamiento-de-poliolefina-reticulada-cbyj-dc-cbyjr-dc\/","name":"Cable CC impermeable resistente a bajas temperaturas para buques Cable marino","isPartOf":{"@id":"https:\/\/www.tstcables.com\/es\/#website"},"primaryImageOfPage":{"@id":"https:\/\/www.tstcables.com\/es\/producto\/cable-electrico-marino-unipolar-con-aislamiento-de-poliolefina-reticulada-cbyj-dc-cbyjr-dc\/#primaryimage"},"image":{"@id":"https:\/\/www.tstcables.com\/es\/producto\/cable-electrico-marino-unipolar-con-aislamiento-de-poliolefina-reticulada-cbyj-dc-cbyjr-dc\/#primaryimage"},"thumbnailUrl":"https:\/\/www.tstcables.com\/wp-content\/uploads\/2024\/03\/3.webp","datePublished":"2024-03-25T03:14:15+00:00","dateModified":"2024-05-07T06:33:27+00:00","description":"Cable CC impermeable resistente a bajas temperaturas para barcos Los cables marinos se utilizan especialmente para alimentaci\u00f3n, iluminaci\u00f3n","breadcrumb":{"@id":"https:\/\/www.tstcables.com\/es\/producto\/cable-electrico-marino-unipolar-con-aislamiento-de-poliolefina-reticulada-cbyj-dc-cbyjr-dc\/#breadcrumb"},"inLanguage":"es","potentialAction":[{"@type":"ReadAction","target":["https:\/\/www.tstcables.com\/es\/producto\/cable-electrico-marino-unipolar-con-aislamiento-de-poliolefina-reticulada-cbyj-dc-cbyjr-dc\/"]}]},{"@type":"ImageObject","inLanguage":"es","@id":"https:\/\/www.tstcables.com\/es\/producto\/cable-electrico-marino-unipolar-con-aislamiento-de-poliolefina-reticulada-cbyj-dc-cbyjr-dc\/#primaryimage","url":"https:\/\/www.tstcables.com\/wp-content\/uploads\/2024\/03\/3.webp","contentUrl":"https:\/\/www.tstcables.com\/wp-content\/uploads\/2024\/03\/3.webp","width":640,"height":640,"caption":"single-core cross-linked polyolefin insulated wire CBYJ\/DC CBYJR\/DC"},{"@type":"BreadcrumbList","@id":"https:\/\/www.tstcables.com\/es\/producto\/cable-electrico-marino-unipolar-con-aislamiento-de-poliolefina-reticulada-cbyj-dc-cbyjr-dc\/#breadcrumb","itemListElement":[{"@type":"ListItem","position":1,"name":"\u9996\u9875","item":"https:\/\/www.tstcables.com\/es\/"},{"@type":"ListItem","position":2,"name":"Product","item":"https:\/\/www.tstcables.com\/product\/"},{"@type":"ListItem","position":3,"name":"Cable CC impermeable resistente a bajas temperaturas para buques Cable marino"}]},{"@type":"WebSite","@id":"https:\/\/www.tstcables.com\/es\/#website","url":"https:\/\/www.tstcables.com\/es\/","name":"TST Cable supplier & Manufacture","description":"TST CABLES  supplier &amp; Manufacture official website","publisher":{"@id":"https:\/\/www.tstcables.com\/es\/#organization"},"potentialAction":[{"@type":"SearchAction","target":{"@type":"EntryPoint","urlTemplate":"https:\/\/www.tstcables.com\/es\/?s={search_term_string}"},"query-input":{"@type":"PropertyValueSpecification","valueRequired":true,"valueName":"search_term_string"}}],"inLanguage":"es"},{"@type":"Organization","@id":"https:\/\/www.tstcables.com\/es\/#organization","name":"TST Cable supplier & Manufacture","url":"https:\/\/www.tstcables.com\/es\/","logo":{"@type":"ImageObject","inLanguage":"es","@id":"https:\/\/www.tstcables.com\/es\/#\/schema\/logo\/image\/","url":"https:\/\/www.tstcables.com\/wp-content\/uploads\/2024\/04\/cropped-\u753b\u677f-1-\u62f7\u8d1d-4-1.png","contentUrl":"https:\/\/www.tstcables.com\/wp-content\/uploads\/2024\/04\/cropped-\u753b\u677f-1-\u62f7\u8d1d-4-1.png","width":300,"height":100,"caption":"TST Cable supplier & Manufacture"},"image":{"@id":"https:\/\/www.tstcables.com\/es\/#\/schema\/logo\/image\/"}}]}},"_links":{"self":[{"href":"https:\/\/www.tstcables.com\/es\/wp-json\/wp\/v2\/product\/15179","targetHints":{"allow":["GET"]}}],"collection":[{"href":"https:\/\/www.tstcables.com\/es\/wp-json\/wp\/v2\/product"}],"about":[{"href":"https:\/\/www.tstcables.com\/es\/wp-json\/wp\/v2\/types\/product"}],"version-history":[{"count":0,"href":"https:\/\/www.tstcables.com\/es\/wp-json\/wp\/v2\/product\/15179\/revisions"}],"wp:featuredmedia":[{"embeddable":true,"href":"https:\/\/www.tstcables.com\/es\/wp-json\/wp\/v2\/media\/12350"}],"wp:attachment":[{"href":"https:\/\/www.tstcables.com\/es\/wp-json\/wp\/v2\/media?parent=15179"}],"wp:term":[{"taxonomy":"product_brand","embeddable":true,"href":"https:\/\/www.tstcables.com\/es\/wp-json\/wp\/v2\/product_brand?post=15179"},{"taxonomy":"product_cat","embeddable":true,"href":"https:\/\/www.tstcables.com\/es\/wp-json\/wp\/v2\/product_cat?post=15179"},{"taxonomy":"product_tag","embeddable":true,"href":"https:\/\/www.tstcables.com\/es\/wp-json\/wp\/v2\/product_tag?post=15179"}],"curies":[{"name":"wp","href":"https:\/\/api.w.org\/{rel}","templated":true}]}}