{"id":15182,"date":"2024-03-23T19:34:29","date_gmt":"2024-03-23T11:34:29","guid":{"rendered":"https:\/\/www.tstcables.com\/product\/tewl-cable-de-alta-frecuencia-alta-tension-y-bajas-perdidas-30awg-18awg-155%e2%84%83\/"},"modified":"2024-05-07T14:35:06","modified_gmt":"2024-05-07T06:35:06","slug":"tewl-cable-de-alta-frecuencia-alta-tension-y-bajas-perdidas-30awg-18awg-155%e2%84%83","status":"publish","type":"product","link":"https:\/\/www.tstcables.com\/es\/producto\/tewl-cable-de-alta-frecuencia-alta-tension-y-bajas-perdidas-30awg-18awg-155%e2%84%83\/","title":{"rendered":"TEWL Cables y alambres de alta temperatura, alta tensi\u00f3n y bajas p\u00e9rdidas"},"content":{"rendered":"<p><strong>Presentaci\u00f3n del producto<\/strong><\/p>\n<p>TEWL High temperature high voltage low loss cable &amp; wirees un cable aislado de alto rendimiento. Este cable tiene tres capas de aislamiento y un n\u00facleo en el centro. Su grosor de aislamiento puede ser de unas pocas micras. Al mismo tiempo, gracias al uso de conductores con revestimiento especial, consigue bajas p\u00e9rdidas y un alto coeficiente espacial. Compatible, puede reducir en gran medida el tama\u00f1o de los equipos el\u00e9ctricos que utilizan este material, ahorrar materiales y reducir significativamente los costes.<\/p>\n<p>Especialmente para la industria de motores y transformadores, los conductores aislados reforzados compuestos por tres capas a\u00edslan completamente el primario y el secundario del transformador. Por lo tanto, elimina las barreras, las cintas intercaladas y los tubos aislantes en el transformador. Adem\u00e1s de reducir el tama\u00f1o del transformador y ahorrar costes de material, tambi\u00e9n se puede mejorar su rendimiento reduciendo la distancia entre bobinas.<\/p>\n<p><strong>Norma del sector<\/strong><\/p>\n<p>Gama de especificaciones: 30AWG&#8211;18AWG<br \/>\nGrado de resistencia a la temperatura: Grado F (155\u2103)<\/p>\n<p><strong>Aplicaciones<\/strong><br \/>\nDiversos interruptores, fuentes de alimentaci\u00f3n, transformadores, fuentes de alimentaci\u00f3n para iluminaci\u00f3n, veh\u00edculos de nueva energ\u00eda,Carga de tel\u00e9fonos m\u00f3viles inal\u00e1mbricos<\/p>\n<p><strong>Caracter\u00edsticas del producto:<\/strong><br \/>\n1. Baja p\u00e9rdida.<br \/>\nEl dise\u00f1o especial de la estructura del conductor, que utiliza alambre trenzado con revestimiento especial, reduce las corrientes par\u00e1sitas en el interior del conductor.<br \/>\ncon lo que se consigue un menor di\u00e1metro exterior del conductor y una excelente soldabilidad; su rendimiento de baja p\u00e9rdida es equivalente a<br \/>\nLa l\u00ednea Litz reduce las p\u00e9rdidas innecesarias;<br \/>\n2. 3. Tres capas de protecci\u00f3n aislante, sin agujeros;<br \/>\nLas m\u00faltiples capas de revestimiento aislante de distintos materiales eliminan la posibilidad de que se formen agujeros de alfiler.<br \/>\n3. Con una tensi\u00f3n de aislamiento elevada, se pueden omitir la cinta aislante y las capas aislantes y reducir el volumen;<br \/>\n4. La bobina es f\u00e1cil de rodar, porque la superficie tiene un coeficiente de fricci\u00f3n muy bajo, que ofrece oportunidades para el bobinado autom\u00e1tico de alta velocidad proporciona la posibilidad;<br \/>\n5. Los grados de temperatura incluyen 155\u00b0C, 180\u00b0C y 200\u00b0C.<br \/>\n6. F\u00e1cil de despegar.<br \/>\nGracias al uso de materiales de revestimiento especiales, el conductor es m\u00e1s f\u00e1cil de despegar. Se puede soldar directamente sin eliminar por completo la capa aislante.<\/p>\n<p><strong>Par\u00e1metros t\u00e9cnicos<\/strong><\/p>\n<table width=\"800\">\n<tbody>\n<tr>\n<td colspan=\"3\" width=\"240\">Tipo de aislamiento<\/td>\n<td colspan=\"7\" width=\"560\">Aislamiento reforzado<\/td>\n<\/tr>\n<tr>\n<td colspan=\"3\" width=\"240\">Grado de resistencia al calor<\/td>\n<td colspan=\"7\" width=\"560\"> Clase F (155\u2103\uff09<\/td>\n<\/tr>\n<tr>\n<td colspan=\"3\" width=\"240\">N\u00famero de modelo<\/td>\n<td colspan=\"3\" width=\"240\">TEWL<\/td>\n<td colspan=\"3\" width=\"240\"> TEWL-SB .<\/td>\n<td rowspan=\"3\" width=\"80\"> (Q\/km) Resistencia m\u00e1xima del conductor<\/td>\n<\/tr>\n<tr>\n<td colspan=\"3\" width=\"240\">Tama\u00f1o del conductor<\/td>\n<td rowspan=\"2\" width=\"80\">Di\u00e1metro exterior est\u00e1ndar<\/td>\n<td rowspan=\"2\" width=\"80\">Di\u00e1metro exterior m\u00e1ximo<\/td>\n<td rowspan=\"2\" width=\"80\">(E\/m) Peso est\u00e1ndar<\/td>\n<td rowspan=\"2\" width=\"80\">Di\u00e1metro exterior est\u00e1ndar<\/td>\n<td rowspan=\"2\" width=\"80\"> Di\u00e1metro exterior m\u00e1ximo<\/td>\n<td rowspan=\"2\" width=\"80\">\uff08E\/m\uff09 Peso est\u00e1ndar<\/td>\n<\/tr>\n<tr>\n<td width=\"80\">AWG<\/td>\n<td width=\"80\">Elemento Alambre (mm)<\/td>\n<td width=\"80\">N\u00famero de filamento<\/td>\n<\/tr>\n<tr>\n<td width=\"80\">30<\/td>\n<td width=\"80\">0.1<\/td>\n<td width=\"80\">7<\/td>\n<td width=\"80\">57<\/td>\n<td width=\"80\">0.72<\/td>\n<td width=\"80\">0.75<\/td>\n<td width=\"80\">0.65<\/td>\n<td width=\"80\">0.8<\/td>\n<td width=\"80\">0.95<\/td>\n<td width=\"80\">340.2<\/td>\n<\/tr>\n<tr>\n<td width=\"80\">29<\/td>\n<td width=\"80\">0.1<\/td>\n<td width=\"80\">9<\/td>\n<td width=\"80\">61<\/td>\n<td width=\"80\">0.76<\/td>\n<td width=\"80\">0.9<\/td>\n<td width=\"80\">0.69<\/td>\n<td width=\"80\">0.84<\/td>\n<td width=\"80\">1.1<\/td>\n<td width=\"80\">264.6<\/td>\n<\/tr>\n<tr>\n<td width=\"80\">28<\/td>\n<td width=\"80\">0.1<\/td>\n<td width=\"80\">11<\/td>\n<td width=\"80\">0.65<\/td>\n<td width=\"80\">0.8<\/td>\n<td width=\"80\">1.06<\/td>\n<td width=\"80\">0.73<\/td>\n<td width=\"80\">0.88<\/td>\n<td width=\"80\">1.26<\/td>\n<td width=\"80\">216.5<\/td>\n<\/tr>\n<tr>\n<td width=\"80\">27<\/td>\n<td width=\"80\">0.1<\/td>\n<td width=\"80\">13<\/td>\n<td width=\"80\">0.7<\/td>\n<td width=\"80\">0.85<\/td>\n<td width=\"80\">1.24<\/td>\n<td width=\"80\">0.78<\/td>\n<td width=\"80\">0.93<\/td>\n<td width=\"80\">1.44<\/td>\n<td width=\"80\">183.2<\/td>\n<\/tr>\n<tr>\n<td width=\"80\">26<\/td>\n<td width=\"80\">0.1<\/td>\n<td width=\"80\">17<\/td>\n<td width=\"80\">0.75<\/td>\n<td width=\"80\">0.9<\/td>\n<td width=\"80\">1.56<\/td>\n<td width=\"80\">0.83<\/td>\n<td width=\"80\">0.98<\/td>\n<td width=\"80\">1.76<\/td>\n<td width=\"80\">140.1<\/td>\n<\/tr>\n<tr>\n<td width=\"80\">25<\/td>\n<td width=\"80\">0.1<\/td>\n<td width=\"80\">21<\/td>\n<td width=\"80\">0.82<\/td>\n<td width=\"80\">0.97<\/td>\n<td width=\"80\">1.89<\/td>\n<td width=\"80\">0.9<\/td>\n<td width=\"80\">1.05<\/td>\n<td width=\"80\">2.09<\/td>\n<td width=\"80\">113.4<\/td>\n<\/tr>\n<tr>\n<td width=\"80\">24<\/td>\n<td width=\"80\">0.1<\/td>\n<td width=\"80\">27<\/td>\n<td width=\"80\">0.89<\/td>\n<td width=\"80\">1.04<\/td>\n<td width=\"80\">2.35<\/td>\n<td width=\"80\">0.97<\/td>\n<td width=\"80\">1.12<\/td>\n<td width=\"80\">2.55<\/td>\n<td width=\"80\">88.7<\/td>\n<\/tr>\n<tr>\n<td width=\"80\">23<\/td>\n<td width=\"80\">0.1<\/td>\n<td width=\"80\">33<\/td>\n<td width=\"80\">1.01<\/td>\n<td width=\"80\">1.16<\/td>\n<td width=\"80\">2.92<\/td>\n<td width=\"80\">1.09<\/td>\n<td width=\"80\">1.24<\/td>\n<td width=\"80\">3.12<\/td>\n<td width=\"80\">72.6<\/td>\n<\/tr>\n<tr>\n<td width=\"80\">22<\/td>\n<td width=\"80\">0.1<\/td>\n<td width=\"80\">40<\/td>\n<td width=\"80\">1.07<\/td>\n<td width=\"80\">1.22<\/td>\n<td width=\"80\">3.45<\/td>\n<td width=\"80\">1.15<\/td>\n<td width=\"80\">1.3<\/td>\n<td width=\"80\">3.65<\/td>\n<td width=\"80\">59.9<\/td>\n<\/tr>\n<tr>\n<td width=\"80\">22<\/td>\n<td width=\"80\">0.1<\/td>\n<td width=\"80\">4.2<\/td>\n<td width=\"80\">1.11<\/td>\n<td width=\"80\">1.26<\/td>\n<td width=\"80\">3.64<\/td>\n<td width=\"80\">1.19<\/td>\n<td width=\"80\">1.34<\/td>\n<td width=\"80\">3.84<\/td>\n<td width=\"80\">57<\/td>\n<\/tr>\n<tr>\n<td width=\"80\">21<\/td>\n<td width=\"80\">0.1<\/td>\n<td width=\"80\">55<\/td>\n<td width=\"80\">1.28<\/td>\n<td width=\"80\">1.43<\/td>\n<td width=\"80\">4.75<\/td>\n<td width=\"80\">1.00%<\/td>\n<td width=\"80\">1.51<\/td>\n<td width=\"80\">4.95<\/td>\n<td width=\"80\">44.4<\/td>\n<\/tr>\n<tr>\n<td width=\"80\">20<\/td>\n<td width=\"80\">0.1<\/td>\n<td width=\"80\">70<\/td>\n<td width=\"80\">1.38<\/td>\n<td width=\"80\">1.53<\/td>\n<td width=\"80\">5.89<\/td>\n<td width=\"80\">1.46<\/td>\n<td width=\"80\">1.61<\/td>\n<td width=\"80\">609<\/td>\n<td width=\"80\">34.9<\/td>\n<\/tr>\n<tr>\n<td width=\"80\">19<\/td>\n<td width=\"80\">0.1<\/td>\n<td width=\"80\">84<\/td>\n<td width=\"80\">1.48<\/td>\n<td width=\"80\">1.63<\/td>\n<td width=\"80\">6.90%<\/td>\n<td width=\"80\">1.56<\/td>\n<td width=\"80\">1.71<\/td>\n<td width=\"80\">7.16<\/td>\n<td width=\"80\">29.1<\/td>\n<\/tr>\n<tr>\n<td width=\"80\">19<\/td>\n<td width=\"80\">0.1<\/td>\n<td width=\"80\">95<\/td>\n<td width=\"80\">1.55<\/td>\n<td width=\"80\">1.7<\/td>\n<td width=\"80\">7.78<\/td>\n<td width=\"80\">1.63<\/td>\n<td width=\"80\">1.78<\/td>\n<td width=\"80\">7.98<\/td>\n<td width=\"80\">25.7<\/td>\n<\/tr>\n<tr>\n<td width=\"80\">18<\/td>\n<td width=\"80\">0.1<\/td>\n<td width=\"80\">105<\/td>\n<td width=\"80\">1.61<\/td>\n<td width=\"80\">1.76<\/td>\n<td width=\"80\">8.54<\/td>\n<td width=\"80\">1.69<\/td>\n<td width=\"80\">1.84<\/td>\n<td width=\"80\">8.74<\/td>\n<td width=\"80\">23.3<\/td>\n<\/tr>\n<tr>\n<td width=\"80\">18<\/td>\n<td width=\"80\">0.1<\/td>\n<td width=\"80\">120<\/td>\n<td width=\"80\">1.69<\/td>\n<td width=\"80\">1.84<\/td>\n<td width=\"80\">9.67<\/td>\n<td width=\"80\">1.77<\/td>\n<td width=\"80\">1.92<\/td>\n<td width=\"80\">9.87<\/td>\n<td width=\"80\">20<\/td>\n<\/tr>\n<\/tbody>\n<\/table>\n<pre id=\"tw-target-text\" class=\"tw-data-text tw-text-large tw-ta\" dir=\"ltr\" data-placeholder=\"\u7ffb\u8bd1\" aria-label=\"\u8bd1\u6587\" data-ved=\"2ahUKEwj65uua5ImFAxU6rVYBHRIKC50Q3ewLegQIBRAU\"><span class=\"Y2IQFc\" lang=\"en\">Note: Products with other parameters can be customized according to needs<\/span><\/pre>\n","protected":false},"excerpt":{"rendered":"<p>El cable y alambre TEWL de alta temperatura, alta tensi\u00f3n y bajas p\u00e9rdidas es un alambre aislado de alto rendimiento. Este cable tiene tres capas de aislamiento y un n\u00facleo en el centro. Su grosor de aislamiento puede ser de unas pocas micras. Al mismo tiempo, gracias al uso de conductores con revestimiento especial, consigue bajas p\u00e9rdidas y un alto coeficiente espacial. Compatible, puede reducir en gran medida el tama\u00f1o de los equipos el\u00e9ctricos que utilizan este material, ahorrar materiales y reducir significativamente los costes.<\/p>\n","protected":false},"featured_media":12438,"template":"","meta":{"_eb_attr":"","site-sidebar-layout":"default","site-content-layout":"","ast-site-content-layout":"default","site-content-style":"default","site-sidebar-style":"default","ast-global-header-display":"","ast-banner-title-visibility":"","ast-main-header-display":"","ast-hfb-above-header-display":"","ast-hfb-below-header-display":"","ast-hfb-mobile-header-display":"","site-post-title":"","ast-breadcrumbs-content":"","ast-featured-img":"","footer-sml-layout":"","theme-transparent-header-meta":"default","adv-header-id-meta":"","stick-header-meta":"","header-above-stick-meta":"","header-main-stick-meta":"","header-below-stick-meta":"","astra-migrate-meta-layouts":"default","ast-page-background-enabled":"default","ast-page-background-meta":{"desktop":{"background-color":"","background-image":"","background-repeat":"repeat","background-position":"center center","background-size":"auto","background-attachment":"scroll","background-type":"","background-media":"","overlay-type":"","overlay-color":"","overlay-opacity":"","overlay-gradient":""},"tablet":{"background-color":"","background-image":"","background-repeat":"repeat","background-position":"center center","background-size":"auto","background-attachment":"scroll","background-type":"","background-media":"","overlay-type":"","overlay-color":"","overlay-opacity":"","overlay-gradient":""},"mobile":{"background-color":"","background-image":"","background-repeat":"repeat","background-position":"center center","background-size":"auto","background-attachment":"scroll","background-type":"","background-media":"","overlay-type":"","overlay-color":"","overlay-opacity":"","overlay-gradient":""}},"ast-content-background-meta":{"desktop":{"background-color":"var(--ast-global-color-5)","background-image":"","background-repeat":"repeat","background-position":"center center","background-size":"auto","background-attachment":"scroll","background-type":"","background-media":"","overlay-type":"","overlay-color":"","overlay-opacity":"","overlay-gradient":""},"tablet":{"background-color":"var(--ast-global-color-5)","background-image":"","background-repeat":"repeat","background-position":"center center","background-size":"auto","background-attachment":"scroll","background-type":"","background-media":"","overlay-type":"","overlay-color":"","overlay-opacity":"","overlay-gradient":""},"mobile":{"background-color":"var(--ast-global-color-5)","background-image":"","background-repeat":"repeat","background-position":"center center","background-size":"auto","background-attachment":"scroll","background-type":"","background-media":"","overlay-type":"","overlay-color":"","overlay-opacity":"","overlay-gradient":""}}},"product_brand":[],"product_cat":[599,591,590,623,622,610,603,602,597],"product_tag":[642],"class_list":{"0":"post-15182","1":"product","2":"type-product","3":"status-publish","4":"has-post-thumbnail","6":"product_cat-aviacion","7":"product_cat-cable-de-alta-temperatura","8":"product_cat-lsoh-cable-es","9":"product_cat-en50264-es","10":"product_cat-en50306-es","11":"product_cat-energia-eolica","12":"product_cat-norma-en","13":"product_cat-norma-ice","14":"product_cat-via-ferrea","15":"product_tag-cable-de-alta-frecuencia-alta-tension-y-bajas-perdidas-tewl","16":"desktop-align-center","17":"tablet-align-left","18":"mobile-align-left","20":"first","21":"instock","22":"shipping-taxable","23":"product-type-simple"},"yoast_head":"<!-- This site is optimized with the Yoast SEO plugin v27.4 - https:\/\/yoast.com\/product\/yoast-seo-wordpress\/ -->\n<title>TEWL Cables y alambres de alta temperatura, alta tensi\u00f3n y bajas p\u00e9rdidas<\/title>\n<meta name=\"description\" content=\"El cable y alambre TEWL de alta temperatura, alta tensi\u00f3n y bajas p\u00e9rdidas es un alambre aislado de alto rendimiento.\" \/>\n<meta name=\"robots\" content=\"index, follow, max-snippet:-1, max-image-preview:large, max-video-preview:-1\" \/>\n<link rel=\"canonical\" href=\"https:\/\/www.tstcables.com\/es\/producto\/tewl-cable-de-alta-frecuencia-alta-tension-y-bajas-perdidas-30awg-18awg-155%e2%84%83\/\" \/>\n<meta property=\"og:locale\" content=\"es_ES\" \/>\n<meta property=\"og:type\" content=\"article\" \/>\n<meta property=\"og:title\" content=\"TEWL Cables y alambres de alta temperatura, alta tensi\u00f3n y bajas p\u00e9rdidas\" \/>\n<meta property=\"og:description\" content=\"El cable y alambre TEWL de alta temperatura, alta tensi\u00f3n y bajas p\u00e9rdidas es un alambre aislado de alto rendimiento.\" \/>\n<meta property=\"og:url\" content=\"https:\/\/www.tstcables.com\/es\/producto\/tewl-cable-de-alta-frecuencia-alta-tension-y-bajas-perdidas-30awg-18awg-155%e2%84%83\/\" \/>\n<meta property=\"og:site_name\" content=\"TST CABLES supplier &amp; Manufacture\" \/>\n<meta property=\"article:modified_time\" content=\"2024-05-07T06:35:06+00:00\" \/>\n<meta property=\"og:image\" content=\"https:\/\/www.tstcables.com\/wp-content\/uploads\/2024\/03\/3-9.jpg\" \/>\n\t<meta property=\"og:image:width\" content=\"640\" \/>\n\t<meta property=\"og:image:height\" content=\"640\" \/>\n\t<meta property=\"og:image:type\" content=\"image\/jpeg\" \/>\n<meta name=\"twitter:card\" content=\"summary_large_image\" \/>\n<meta name=\"twitter:label1\" content=\"Tiempo de lectura\" \/>\n\t<meta name=\"twitter:data1\" content=\"2 minutos\" \/>\n<script type=\"application\/ld+json\" class=\"yoast-schema-graph\">{\"@context\":\"https:\\\/\\\/schema.org\",\"@graph\":[{\"@type\":\"WebPage\",\"@id\":\"https:\\\/\\\/www.tstcables.com\\\/es\\\/producto\\\/tewl-cable-de-alta-frecuencia-alta-tension-y-bajas-perdidas-30awg-18awg-155%e2%84%83\\\/\",\"url\":\"https:\\\/\\\/www.tstcables.com\\\/es\\\/producto\\\/tewl-cable-de-alta-frecuencia-alta-tension-y-bajas-perdidas-30awg-18awg-155%e2%84%83\\\/\",\"name\":\"TEWL Cables y alambres de alta temperatura, alta tensi\u00f3n y bajas p\u00e9rdidas\",\"isPartOf\":{\"@id\":\"https:\\\/\\\/www.tstcables.com\\\/es\\\/#website\"},\"primaryImageOfPage\":{\"@id\":\"https:\\\/\\\/www.tstcables.com\\\/es\\\/producto\\\/tewl-cable-de-alta-frecuencia-alta-tension-y-bajas-perdidas-30awg-18awg-155%e2%84%83\\\/#primaryimage\"},\"image\":{\"@id\":\"https:\\\/\\\/www.tstcables.com\\\/es\\\/producto\\\/tewl-cable-de-alta-frecuencia-alta-tension-y-bajas-perdidas-30awg-18awg-155%e2%84%83\\\/#primaryimage\"},\"thumbnailUrl\":\"https:\\\/\\\/www.tstcables.com\\\/wp-content\\\/uploads\\\/2024\\\/03\\\/3-9.jpg\",\"datePublished\":\"2024-03-23T11:34:29+00:00\",\"dateModified\":\"2024-05-07T06:35:06+00:00\",\"description\":\"El cable y alambre TEWL de alta temperatura, alta tensi\u00f3n y bajas p\u00e9rdidas es un alambre aislado de alto rendimiento.\",\"breadcrumb\":{\"@id\":\"https:\\\/\\\/www.tstcables.com\\\/es\\\/producto\\\/tewl-cable-de-alta-frecuencia-alta-tension-y-bajas-perdidas-30awg-18awg-155%e2%84%83\\\/#breadcrumb\"},\"inLanguage\":\"es\",\"potentialAction\":[{\"@type\":\"ReadAction\",\"target\":[\"https:\\\/\\\/www.tstcables.com\\\/es\\\/producto\\\/tewl-cable-de-alta-frecuencia-alta-tension-y-bajas-perdidas-30awg-18awg-155%e2%84%83\\\/\"]}]},{\"@type\":\"ImageObject\",\"inLanguage\":\"es\",\"@id\":\"https:\\\/\\\/www.tstcables.com\\\/es\\\/producto\\\/tewl-cable-de-alta-frecuencia-alta-tension-y-bajas-perdidas-30awg-18awg-155%e2%84%83\\\/#primaryimage\",\"url\":\"https:\\\/\\\/www.tstcables.com\\\/wp-content\\\/uploads\\\/2024\\\/03\\\/3-9.jpg\",\"contentUrl\":\"https:\\\/\\\/www.tstcables.com\\\/wp-content\\\/uploads\\\/2024\\\/03\\\/3-9.jpg\",\"width\":640,\"height\":640,\"caption\":\"TEWL high-frequency high-voltage low-loss wire 30AWG--18AWG\"},{\"@type\":\"BreadcrumbList\",\"@id\":\"https:\\\/\\\/www.tstcables.com\\\/es\\\/producto\\\/tewl-cable-de-alta-frecuencia-alta-tension-y-bajas-perdidas-30awg-18awg-155%e2%84%83\\\/#breadcrumb\",\"itemListElement\":[{\"@type\":\"ListItem\",\"position\":1,\"name\":\"\u9996\u9875\",\"item\":\"https:\\\/\\\/www.tstcables.com\\\/es\\\/\"},{\"@type\":\"ListItem\",\"position\":2,\"name\":\"Product\",\"item\":\"https:\\\/\\\/www.tstcables.com\\\/product\\\/\"},{\"@type\":\"ListItem\",\"position\":3,\"name\":\"TEWL Cables y alambres de alta temperatura, alta tensi\u00f3n y bajas p\u00e9rdidas\"}]},{\"@type\":\"WebSite\",\"@id\":\"https:\\\/\\\/www.tstcables.com\\\/es\\\/#website\",\"url\":\"https:\\\/\\\/www.tstcables.com\\\/es\\\/\",\"name\":\"TST Cable supplier & Manufacture\",\"description\":\"TST CABLES  supplier &amp; Manufacture official website\",\"publisher\":{\"@id\":\"https:\\\/\\\/www.tstcables.com\\\/es\\\/#organization\"},\"potentialAction\":[{\"@type\":\"SearchAction\",\"target\":{\"@type\":\"EntryPoint\",\"urlTemplate\":\"https:\\\/\\\/www.tstcables.com\\\/es\\\/?s={search_term_string}\"},\"query-input\":{\"@type\":\"PropertyValueSpecification\",\"valueRequired\":true,\"valueName\":\"search_term_string\"}}],\"inLanguage\":\"es\"},{\"@type\":\"Organization\",\"@id\":\"https:\\\/\\\/www.tstcables.com\\\/es\\\/#organization\",\"name\":\"TST Cable supplier & Manufacture\",\"url\":\"https:\\\/\\\/www.tstcables.com\\\/es\\\/\",\"logo\":{\"@type\":\"ImageObject\",\"inLanguage\":\"es\",\"@id\":\"https:\\\/\\\/www.tstcables.com\\\/es\\\/#\\\/schema\\\/logo\\\/image\\\/\",\"url\":\"https:\\\/\\\/www.tstcables.com\\\/wp-content\\\/uploads\\\/2024\\\/04\\\/cropped-\u753b\u677f-1-\u62f7\u8d1d-4-1.png\",\"contentUrl\":\"https:\\\/\\\/www.tstcables.com\\\/wp-content\\\/uploads\\\/2024\\\/04\\\/cropped-\u753b\u677f-1-\u62f7\u8d1d-4-1.png\",\"width\":300,\"height\":100,\"caption\":\"TST Cable supplier & Manufacture\"},\"image\":{\"@id\":\"https:\\\/\\\/www.tstcables.com\\\/es\\\/#\\\/schema\\\/logo\\\/image\\\/\"}}]}<\/script>\n<!-- \/ Yoast SEO plugin. -->","yoast_head_json":{"title":"TEWL Cables y alambres de alta temperatura, alta tensi\u00f3n y bajas p\u00e9rdidas","description":"El cable y alambre TEWL de alta temperatura, alta tensi\u00f3n y bajas p\u00e9rdidas es un alambre aislado de alto rendimiento.","robots":{"index":"index","follow":"follow","max-snippet":"max-snippet:-1","max-image-preview":"max-image-preview:large","max-video-preview":"max-video-preview:-1"},"canonical":"https:\/\/www.tstcables.com\/es\/producto\/tewl-cable-de-alta-frecuencia-alta-tension-y-bajas-perdidas-30awg-18awg-155%e2%84%83\/","og_locale":"es_ES","og_type":"article","og_title":"TEWL Cables y alambres de alta temperatura, alta tensi\u00f3n y bajas p\u00e9rdidas","og_description":"El cable y alambre TEWL de alta temperatura, alta tensi\u00f3n y bajas p\u00e9rdidas es un alambre aislado de alto rendimiento.","og_url":"https:\/\/www.tstcables.com\/es\/producto\/tewl-cable-de-alta-frecuencia-alta-tension-y-bajas-perdidas-30awg-18awg-155%e2%84%83\/","og_site_name":"TST CABLES supplier &amp; Manufacture","article_modified_time":"2024-05-07T06:35:06+00:00","og_image":[{"width":640,"height":640,"url":"https:\/\/www.tstcables.com\/wp-content\/uploads\/2024\/03\/3-9.jpg","type":"image\/jpeg"}],"twitter_card":"summary_large_image","twitter_misc":{"Tiempo de lectura":"2 minutos"},"schema":{"@context":"https:\/\/schema.org","@graph":[{"@type":"WebPage","@id":"https:\/\/www.tstcables.com\/es\/producto\/tewl-cable-de-alta-frecuencia-alta-tension-y-bajas-perdidas-30awg-18awg-155%e2%84%83\/","url":"https:\/\/www.tstcables.com\/es\/producto\/tewl-cable-de-alta-frecuencia-alta-tension-y-bajas-perdidas-30awg-18awg-155%e2%84%83\/","name":"TEWL Cables y alambres de alta temperatura, alta tensi\u00f3n y bajas p\u00e9rdidas","isPartOf":{"@id":"https:\/\/www.tstcables.com\/es\/#website"},"primaryImageOfPage":{"@id":"https:\/\/www.tstcables.com\/es\/producto\/tewl-cable-de-alta-frecuencia-alta-tension-y-bajas-perdidas-30awg-18awg-155%e2%84%83\/#primaryimage"},"image":{"@id":"https:\/\/www.tstcables.com\/es\/producto\/tewl-cable-de-alta-frecuencia-alta-tension-y-bajas-perdidas-30awg-18awg-155%e2%84%83\/#primaryimage"},"thumbnailUrl":"https:\/\/www.tstcables.com\/wp-content\/uploads\/2024\/03\/3-9.jpg","datePublished":"2024-03-23T11:34:29+00:00","dateModified":"2024-05-07T06:35:06+00:00","description":"El cable y alambre TEWL de alta temperatura, alta tensi\u00f3n y bajas p\u00e9rdidas es un alambre aislado de alto rendimiento.","breadcrumb":{"@id":"https:\/\/www.tstcables.com\/es\/producto\/tewl-cable-de-alta-frecuencia-alta-tension-y-bajas-perdidas-30awg-18awg-155%e2%84%83\/#breadcrumb"},"inLanguage":"es","potentialAction":[{"@type":"ReadAction","target":["https:\/\/www.tstcables.com\/es\/producto\/tewl-cable-de-alta-frecuencia-alta-tension-y-bajas-perdidas-30awg-18awg-155%e2%84%83\/"]}]},{"@type":"ImageObject","inLanguage":"es","@id":"https:\/\/www.tstcables.com\/es\/producto\/tewl-cable-de-alta-frecuencia-alta-tension-y-bajas-perdidas-30awg-18awg-155%e2%84%83\/#primaryimage","url":"https:\/\/www.tstcables.com\/wp-content\/uploads\/2024\/03\/3-9.jpg","contentUrl":"https:\/\/www.tstcables.com\/wp-content\/uploads\/2024\/03\/3-9.jpg","width":640,"height":640,"caption":"TEWL high-frequency high-voltage low-loss wire 30AWG--18AWG"},{"@type":"BreadcrumbList","@id":"https:\/\/www.tstcables.com\/es\/producto\/tewl-cable-de-alta-frecuencia-alta-tension-y-bajas-perdidas-30awg-18awg-155%e2%84%83\/#breadcrumb","itemListElement":[{"@type":"ListItem","position":1,"name":"\u9996\u9875","item":"https:\/\/www.tstcables.com\/es\/"},{"@type":"ListItem","position":2,"name":"Product","item":"https:\/\/www.tstcables.com\/product\/"},{"@type":"ListItem","position":3,"name":"TEWL Cables y alambres de alta temperatura, alta tensi\u00f3n y bajas p\u00e9rdidas"}]},{"@type":"WebSite","@id":"https:\/\/www.tstcables.com\/es\/#website","url":"https:\/\/www.tstcables.com\/es\/","name":"TST Cable supplier & Manufacture","description":"TST CABLES  supplier &amp; Manufacture official website","publisher":{"@id":"https:\/\/www.tstcables.com\/es\/#organization"},"potentialAction":[{"@type":"SearchAction","target":{"@type":"EntryPoint","urlTemplate":"https:\/\/www.tstcables.com\/es\/?s={search_term_string}"},"query-input":{"@type":"PropertyValueSpecification","valueRequired":true,"valueName":"search_term_string"}}],"inLanguage":"es"},{"@type":"Organization","@id":"https:\/\/www.tstcables.com\/es\/#organization","name":"TST Cable supplier & Manufacture","url":"https:\/\/www.tstcables.com\/es\/","logo":{"@type":"ImageObject","inLanguage":"es","@id":"https:\/\/www.tstcables.com\/es\/#\/schema\/logo\/image\/","url":"https:\/\/www.tstcables.com\/wp-content\/uploads\/2024\/04\/cropped-\u753b\u677f-1-\u62f7\u8d1d-4-1.png","contentUrl":"https:\/\/www.tstcables.com\/wp-content\/uploads\/2024\/04\/cropped-\u753b\u677f-1-\u62f7\u8d1d-4-1.png","width":300,"height":100,"caption":"TST Cable supplier & Manufacture"},"image":{"@id":"https:\/\/www.tstcables.com\/es\/#\/schema\/logo\/image\/"}}]}},"_links":{"self":[{"href":"https:\/\/www.tstcables.com\/es\/wp-json\/wp\/v2\/product\/15182","targetHints":{"allow":["GET"]}}],"collection":[{"href":"https:\/\/www.tstcables.com\/es\/wp-json\/wp\/v2\/product"}],"about":[{"href":"https:\/\/www.tstcables.com\/es\/wp-json\/wp\/v2\/types\/product"}],"version-history":[{"count":0,"href":"https:\/\/www.tstcables.com\/es\/wp-json\/wp\/v2\/product\/15182\/revisions"}],"wp:featuredmedia":[{"embeddable":true,"href":"https:\/\/www.tstcables.com\/es\/wp-json\/wp\/v2\/media\/12438"}],"wp:attachment":[{"href":"https:\/\/www.tstcables.com\/es\/wp-json\/wp\/v2\/media?parent=15182"}],"wp:term":[{"taxonomy":"product_brand","embeddable":true,"href":"https:\/\/www.tstcables.com\/es\/wp-json\/wp\/v2\/product_brand?post=15182"},{"taxonomy":"product_cat","embeddable":true,"href":"https:\/\/www.tstcables.com\/es\/wp-json\/wp\/v2\/product_cat?post=15182"},{"taxonomy":"product_tag","embeddable":true,"href":"https:\/\/www.tstcables.com\/es\/wp-json\/wp\/v2\/product_tag?post=15182"}],"curies":[{"name":"wp","href":"https:\/\/api.w.org\/{rel}","templated":true}]}}