{"id":15185,"date":"2024-03-23T19:09:03","date_gmt":"2024-03-23T11:09:03","guid":{"rendered":"https:\/\/www.tstcables.com\/product\/cable-coaxial-de-50%cf%89-75%cf%89\/"},"modified":"2024-05-07T14:36:51","modified_gmt":"2024-05-07T06:36:51","slug":"cable-coaxial-de-50%cf%89-75%cf%89","status":"publish","type":"product","link":"https:\/\/www.tstcables.com\/es\/producto\/cable-coaxial-de-50%cf%89-75%cf%89\/","title":{"rendered":"Cable coaxial de 50\u03a9\/75\u03a9"},"content":{"rendered":"<p>Caracter\u00edstica\uff1a<\/p>\n<ul>\n<li>Gama de temperaturas: -40\u00b0C a 90\u00b0C<\/li>\n<li>Radio de curvatura: 6D (D se refiere al di\u00e1metro exterior del cable)<\/li>\n<li>Tasa de transmisi\u00f3n (%): 66%<\/li>\n<\/ul>\n<p>Estructura\uff1a<\/p>\n<ul>\n<li>Conductor: Cobre esta\u00f1ado o cobre desnudo.<\/li>\n<li>Aislamiento: Polietileno.<\/li>\n<li>Trenzado.<\/li>\n<li>Cubierta: Poliolefina reticulada irradiada.<\/li>\n<\/ul>\n<p>Par\u00e1metro de selecci\u00f3n<\/p>\n<table class=\"tg\">\n<thead>\n<tr>\n<th class=\"tg-c3ow\" colspan=\"9\"><span style=\"color: #000;\">Cable coaxial RF (50\u03a9)<\/span><\/th>\n<\/tr>\n<\/thead>\n<tbody>\n<tr>\n<td class=\"tg-c3ow\" rowspan=\"2\">Especificaciones del modelo<\/td>\n<td class=\"tg-c3ow\" rowspan=\"2\"><span style=\"color: #000;\">N\u00famero de conductores interiores * di\u00e1metro\uff08mm\uff09<\/span><\/td>\n<td class=\"tg-c3ow\" rowspan=\"2\"><span style=\"color: #000;\">Di\u00e1metro del aislamiento \uff08mm\uff09<\/span><\/td>\n<td class=\"tg-c3ow\" colspan=\"2\">Conductor exterior<\/td>\n<td class=\"tg-c3ow\" colspan=\"2\"><span style=\"color: #000;\">Di\u00e1metro exterior\uff08D\uff09<\/span><\/td>\n<td class=\"tg-baqh\" rowspan=\"2\"><span style=\"color: #000;\">Impedancia(\u03a9)<\/span><\/td>\n<td class=\"tg-baqh\" rowspan=\"2\"><span style=\"color: #000;\">Atenuaci\u00f3n dB\/m<\/span><\/td>\n<\/tr>\n<tr>\n<td class=\"tg-c3ow\">Material<\/td>\n<td class=\"tg-c3ow\"><span style=\"color: #000;\">Di\u00e1metro del cable trenzadomm<\/span><\/td>\n<td class=\"tg-c3ow\"><span style=\"color: #000;\">M\u00edn.mm<\/span><\/td>\n<td class=\"tg-c3ow\"><span style=\"color: #000;\">M\u00e1x.mm<\/span><\/td>\n<\/tr>\n<tr>\n<td class=\"tg-c3ow\"><span style=\"color: #000;\">SYYZ-50-2-1<\/span><\/td>\n<td class=\"tg-c3ow\"><span style=\"color: #000;\">7&#215;0,16cobre desnudo<\/span><\/td>\n<td class=\"tg-c3ow\"><span style=\"color: #000;\">1.5\u00b10.1<\/span><\/td>\n<td class=\"tg-c3ow\">cobre desnudo<\/td>\n<td class=\"tg-c3ow\"><span style=\"color: #000;\">0.1<\/span><\/td>\n<td class=\"tg-c3ow\"><span style=\"color: #000;\">2.6<\/span><\/td>\n<td class=\"tg-c3ow\"><span style=\"color: #000;\">3<\/span><\/td>\n<td class=\"tg-baqh\"><span style=\"color: #000;\">50\u00b12<\/span><\/td>\n<td class=\"tg-baqh\"><span style=\"color: #000;\">200MHz\u22640.45<\/span><\/td>\n<\/tr>\n<tr>\n<td class=\"tg-baqh\"><span style=\"color: #000;\">SYYZ-50-3-1<\/span><\/td>\n<td class=\"tg-baqh\"><span style=\"color: #000;\">7&#215;0,32cobre desnudo<\/span><\/td>\n<td class=\"tg-baqh\"><span style=\"color: #000;\">2.95\u00b10.1<\/span><br \/>\n<span style=\"color: #000;\">3<\/span><\/td>\n<td class=\"tg-baqh\">cobre desnudo<\/td>\n<td class=\"tg-baqh\"><span style=\"color: #000;\">0.15<\/span><\/td>\n<td class=\"tg-baqh\"><span style=\"color: #000;\">4.8<\/span><\/td>\n<td class=\"tg-baqh\"><span style=\"color: #000;\">5.2<\/span><\/td>\n<td class=\"tg-baqh\"><span style=\"color: #000;\">50\u00b12<\/span><\/td>\n<td class=\"tg-baqh\"><span style=\"color: #000;\">200MHz\u22640.24<\/span><\/td>\n<\/tr>\n<tr>\n<td class=\"tg-baqh\"><span style=\"color: #000;\">SYYZ-50-5-1<\/span><\/td>\n<td class=\"tg-baqh\"><span style=\"color: #000;\">1&#215;1,4bare cobre<\/span><\/td>\n<td class=\"tg-baqh\"><span style=\"color: #000;\">4.8\u00b10.2<\/span><\/td>\n<td class=\"tg-baqh\">cobre desnudo<\/td>\n<td class=\"tg-baqh\"><span style=\"color: #000;\">0.15<\/span><\/td>\n<td class=\"tg-baqh\"><span style=\"color: #000;\">6.9<\/span><\/td>\n<td class=\"tg-baqh\"><span style=\"color: #000;\">7.5<\/span><\/td>\n<td class=\"tg-baqh\"><span style=\"color: #000;\">50\u00b12<\/span><\/td>\n<td class=\"tg-baqh\"><span style=\"color: #000;\">200MHz\u22640.15<\/span><\/td>\n<\/tr>\n<tr>\n<td class=\"tg-baqh\"><span style=\"color: #000;\">SYYZ-50-7-2<\/span><\/td>\n<td class=\"tg-baqh\"><span style=\"color: #000;\">7&#215;0,75cobre desnudo<\/span><\/td>\n<td class=\"tg-baqh\"><span style=\"color: #000;\">7.25\u00b10.2<\/span><br \/>\n<span style=\"color: #000;\">5<\/span><\/td>\n<td class=\"tg-baqh\">cobre desnudo<\/td>\n<td class=\"tg-baqh\"><span style=\"color: #000;\">0.18<\/span><\/td>\n<td class=\"tg-baqh\"><span style=\"color: #000;\">10<\/span><\/td>\n<td class=\"tg-baqh\"><span style=\"color: #000;\">10.6<\/span><\/td>\n<td class=\"tg-baqh\"><span style=\"color: #000;\">50\u00b12<\/span><\/td>\n<td class=\"tg-baqh\"><span style=\"color: #000;\">200MHz\u22640.11<\/span><\/td>\n<\/tr>\n<tr>\n<td class=\"tg-baqh\"><span style=\"color: #000;\">RG58<\/span><\/td>\n<td class=\"tg-baqh\"><span style=\"color: #000;\">19&#215;0,18Cobre esta\u00f1ado<\/span><\/td>\n<td class=\"tg-baqh\"><span style=\"color: #000;\">0.9\u00b10.1<\/span><\/td>\n<td class=\"tg-baqh\">Papel de aluminio + cobre esta\u00f1ado<\/td>\n<td class=\"tg-baqh\"><span style=\"color: #000;\">0.12<\/span><\/td>\n<td class=\"tg-baqh\"><span style=\"color: #000;\">4.8<\/span><\/td>\n<td class=\"tg-baqh\"><span style=\"color: #000;\">5.1<\/span><\/td>\n<td class=\"tg-baqh\"><span style=\"color: #000;\">50\u00b12<\/span><\/td>\n<td class=\"tg-baqh\"><span style=\"color: #000;\">400MHz\u22640.35<\/span><\/td>\n<\/tr>\n<\/tbody>\n<\/table>\n<p>&nbsp;<\/p>\n<table class=\"tg\">\n<thead>\n<tr>\n<th class=\"tg-c3ow\" colspan=\"9\"><span style=\"color: #000;\">Cable coaxial RF (75\u03a9)<\/span><\/th>\n<\/tr>\n<\/thead>\n<tbody>\n<tr>\n<td class=\"tg-c3ow\" rowspan=\"2\">Especificaciones del modelo<\/td>\n<td class=\"tg-c3ow\" rowspan=\"2\"><span style=\"color: #000;\">N\u00famero de conductores interiores x di\u00e1metro\uff08mm\uff09<\/span><\/td>\n<td class=\"tg-c3ow\" rowspan=\"2\"><span style=\"color: #000;\">Di\u00e1metro del aislamiento \uff08mm\uff09<\/span><\/td>\n<td class=\"tg-c3ow\" colspan=\"2\">Conductor exterior<\/td>\n<td class=\"tg-c3ow\" colspan=\"2\">Di\u00e1metro exterior (D)<\/td>\n<td class=\"tg-c3ow\" rowspan=\"2\"><span style=\"color: #000;\">Impedancia(\u03a92)<\/span><\/td>\n<td class=\"tg-c3ow\" rowspan=\"2\"><span style=\"color: #000;\">Atenuaci\u00f3n dB\/m<\/span><\/td>\n<\/tr>\n<tr>\n<td class=\"tg-c3ow\">Material<\/td>\n<td class=\"tg-c3ow\"><span style=\"color: #000;\">Di\u00e1metro del cable trenzadomm<\/span><\/td>\n<td class=\"tg-c3ow\"><span style=\"color: #000;\">M\u00edn.mm<\/span><\/td>\n<td class=\"tg-c3ow\"><span style=\"color: #000;\">M\u00e1x.mm<\/span><\/td>\n<\/tr>\n<tr>\n<td class=\"tg-c3ow\"><span style=\"color: #000;\">SYYZ-75-3-41<\/span><\/td>\n<td class=\"tg-c3ow\"><span style=\"color: #000;\">7&#215;0,17cobre desnudo<\/span><\/td>\n<td class=\"tg-c3ow\"><span style=\"color: #000;\">3.0\u00b10.13<\/span><\/td>\n<td class=\"tg-c3ow\">cobre desnudo<\/td>\n<td class=\"tg-c3ow\"><span style=\"color: #000;\">0.15<\/span><\/td>\n<td class=\"tg-c3ow\"><span style=\"color: #000;\">4.8<\/span><\/td>\n<td class=\"tg-c3ow\"><span style=\"color: #000;\">5.2<\/span><\/td>\n<td class=\"tg-c3ow\"><span style=\"color: #000;\">75\u00b13<\/span><\/td>\n<td class=\"tg-c3ow\"><span style=\"color: #000;\">200MHz\u22640.28<\/span><\/td>\n<\/tr>\n<tr>\n<td class=\"tg-c3ow\"><span style=\"color: #000;\">SYYZ-75-4-1<\/span><\/td>\n<td class=\"tg-c3ow\"><span style=\"color: #000;\">7&#215;0,21 cobre desnudo<\/span><\/td>\n<td class=\"tg-c3ow\"><span style=\"color: #000;\">3.7\u00b10.13<\/span><\/td>\n<td class=\"tg-c3ow\">cobre desnudo<\/td>\n<td class=\"tg-c3ow\"><span style=\"color: #000;\">0.15<\/span><\/td>\n<td class=\"tg-c3ow\"><span style=\"color: #000;\">5.8<\/span><\/td>\n<td class=\"tg-c3ow\"><span style=\"color: #000;\">6.2<\/span><\/td>\n<td class=\"tg-c3ow\"><span style=\"color: #000;\">75\u00b13<\/span><\/td>\n<td class=\"tg-c3ow\"><span style=\"color: #000;\">200MHz\u22640.22<\/span><\/td>\n<\/tr>\n<tr>\n<td class=\"tg-c3ow\"><span style=\"color: #000;\">SYYZ-75-5-41<\/span><\/td>\n<td class=\"tg-c3ow\"><span style=\"color: #000;\">1&#215;0.75 cobre desnudo<\/span><\/td>\n<td class=\"tg-c3ow\"><span style=\"color: #000;\">4.8\u00b10.2<\/span><\/td>\n<td class=\"tg-c3ow\">cobre desnudo<\/td>\n<td class=\"tg-c3ow\"><span style=\"color: #000;\">0.15<\/span><\/td>\n<td class=\"tg-c3ow\"><span style=\"color: #000;\">6.9<\/span><\/td>\n<td class=\"tg-c3ow\"><span style=\"color: #000;\">7.5<\/span><\/td>\n<td class=\"tg-c3ow\"><span style=\"color: #000;\">75\u00b13<\/span><\/td>\n<td class=\"tg-c3ow\"><span style=\"color: #000;\">200MHz\u22640.15<\/span><\/td>\n<\/tr>\n<tr>\n<td class=\"tg-c3ow\"><span style=\"color: #000;\">SYYZ-75-7-2<\/span><\/td>\n<td class=\"tg-c3ow\"><span style=\"color: #000;\">7&#215;0.4cobre desnudo<\/span><\/td>\n<td class=\"tg-c3ow\"><span style=\"color: #000;\">7.25\u00b10.2<\/span><br \/>\n<span style=\"color: #000;\">5<\/span><\/td>\n<td class=\"tg-c3ow\">cobre desnudo<\/td>\n<td class=\"tg-c3ow\"><span style=\"color: #000;\">0.18<\/span><\/td>\n<td class=\"tg-c3ow\"><span style=\"color: #000;\">10<\/span><\/td>\n<td class=\"tg-c3ow\"><span style=\"color: #000;\">10.6<\/span><\/td>\n<td class=\"tg-c3ow\"><span style=\"color: #000;\">75\u00b13<\/span><\/td>\n<td class=\"tg-c3ow\"><span style=\"color: #000;\">200MHz\u22640.12<\/span><\/td>\n<\/tr>\n<\/tbody>\n<\/table>\n","protected":false},"excerpt":{"rendered":"<p>El cable coaxial de 50\u03a9\/75\u03a9 se utiliza principalmente en radiocomunicaciones y dispositivos electr\u00f3nicos que emplean tecnolog\u00edas similares. Estos cables son flexibles, ligeros y resistentes a las interferencias electromagn\u00e9ticas.<\/p>\n","protected":false},"featured_media":10772,"template":"","meta":{"_eb_attr":"","site-sidebar-layout":"default","site-content-layout":"","ast-site-content-layout":"default","site-content-style":"default","site-sidebar-style":"default","ast-global-header-display":"","ast-banner-title-visibility":"","ast-main-header-display":"","ast-hfb-above-header-display":"","ast-hfb-below-header-display":"","ast-hfb-mobile-header-display":"","site-post-title":"","ast-breadcrumbs-content":"","ast-featured-img":"","footer-sml-layout":"","theme-transparent-header-meta":"default","adv-header-id-meta":"","stick-header-meta":"","header-above-stick-meta":"","header-main-stick-meta":"","header-below-stick-meta":"","astra-migrate-meta-layouts":"default","ast-page-background-enabled":"default","ast-page-background-meta":{"desktop":{"background-color":"","background-image":"","background-repeat":"repeat","background-position":"center center","background-size":"auto","background-attachment":"scroll","background-type":"","background-media":"","overlay-type":"","overlay-color":"","overlay-opacity":"","overlay-gradient":""},"tablet":{"background-color":"","background-image":"","background-repeat":"repeat","background-position":"center center","background-size":"auto","background-attachment":"scroll","background-type":"","background-media":"","overlay-type":"","overlay-color":"","overlay-opacity":"","overlay-gradient":""},"mobile":{"background-color":"","background-image":"","background-repeat":"repeat","background-position":"center center","background-size":"auto","background-attachment":"scroll","background-type":"","background-media":"","overlay-type":"","overlay-color":"","overlay-opacity":"","overlay-gradient":""}},"ast-content-background-meta":{"desktop":{"background-color":"var(--ast-global-color-5)","background-image":"","background-repeat":"repeat","background-position":"center center","background-size":"auto","background-attachment":"scroll","background-type":"","background-media":"","overlay-type":"","overlay-color":"","overlay-opacity":"","overlay-gradient":""},"tablet":{"background-color":"var(--ast-global-color-5)","background-image":"","background-repeat":"repeat","background-position":"center center","background-size":"auto","background-attachment":"scroll","background-type":"","background-media":"","overlay-type":"","overlay-color":"","overlay-opacity":"","overlay-gradient":""},"mobile":{"background-color":"var(--ast-global-color-5)","background-image":"","background-repeat":"repeat","background-position":"center center","background-size":"auto","background-attachment":"scroll","background-type":"","background-media":"","overlay-type":"","overlay-color":"","overlay-opacity":"","overlay-gradient":""}}},"product_brand":[],"product_cat":[599,590,623,622,601,610,603,602,646,598,600,597],"product_tag":[650,651],"class_list":{"0":"post-15185","1":"product","2":"type-product","3":"status-publish","4":"has-post-thumbnail","6":"product_cat-aviacion","7":"product_cat-lsoh-cable-es","8":"product_cat-en50264-es","9":"product_cat-en50306-es","10":"product_cat-en50382-es","11":"product_cat-energia-eolica","12":"product_cat-norma-en","13":"product_cat-norma-ice","14":"product_cat-nuclear-es","15":"product_cat-petroleo-gas","16":"product_cat-marina","17":"product_cat-via-ferrea","18":"product_tag-cable-coaxial-de-50","19":"product_tag-cable-coaxial-de-75","20":"desktop-align-center","21":"tablet-align-left","22":"mobile-align-left","24":"first","25":"instock","26":"shipping-taxable","27":"product-type-simple"},"yoast_head":"<!-- This site is optimized with the Yoast SEO plugin v27.4 - https:\/\/yoast.com\/product\/yoast-seo-wordpress\/ -->\n<title>Cable coaxial de 50\u03a9\/75\u03a9<\/title>\n<meta name=\"description\" content=\"El cable coaxial de 50\u03a9\/75\u03a9 se utiliza principalmente en radiocomunicaciones y dispositivos electr\u00f3nicos que emplean tecnolog\u00edas similares.\" \/>\n<meta name=\"robots\" content=\"index, follow, max-snippet:-1, max-image-preview:large, max-video-preview:-1\" \/>\n<link rel=\"canonical\" href=\"https:\/\/www.tstcables.com\/es\/producto\/cable-coaxial-de-50%cf%89-75%cf%89\/\" \/>\n<meta property=\"og:locale\" content=\"es_ES\" \/>\n<meta property=\"og:type\" content=\"article\" \/>\n<meta property=\"og:title\" content=\"Cable coaxial de 50\u03a9\/75\u03a9\" \/>\n<meta property=\"og:description\" content=\"El cable coaxial de 50\u03a9\/75\u03a9 se utiliza principalmente en radiocomunicaciones y dispositivos electr\u00f3nicos que emplean tecnolog\u00edas similares.\" \/>\n<meta property=\"og:url\" content=\"https:\/\/www.tstcables.com\/es\/producto\/cable-coaxial-de-50%cf%89-75%cf%89\/\" \/>\n<meta property=\"og:site_name\" content=\"TST CABLES supplier &amp; Manufacture\" \/>\n<meta property=\"article:modified_time\" content=\"2024-05-07T06:36:51+00:00\" \/>\n<meta property=\"og:image\" content=\"https:\/\/www.tstcables.com\/wp-content\/uploads\/2024\/03\/50-ohm-coax-cable_.jpg\" \/>\n\t<meta property=\"og:image:width\" content=\"522\" \/>\n\t<meta property=\"og:image:height\" content=\"522\" \/>\n\t<meta property=\"og:image:type\" content=\"image\/jpeg\" \/>\n<meta name=\"twitter:card\" content=\"summary_large_image\" \/>\n<meta name=\"twitter:label1\" content=\"Tiempo de lectura\" \/>\n\t<meta name=\"twitter:data1\" content=\"1 minuto\" \/>\n<script type=\"application\/ld+json\" class=\"yoast-schema-graph\">{\"@context\":\"https:\\\/\\\/schema.org\",\"@graph\":[{\"@type\":\"WebPage\",\"@id\":\"https:\\\/\\\/www.tstcables.com\\\/es\\\/producto\\\/cable-coaxial-de-50%cf%89-75%cf%89\\\/\",\"url\":\"https:\\\/\\\/www.tstcables.com\\\/es\\\/producto\\\/cable-coaxial-de-50%cf%89-75%cf%89\\\/\",\"name\":\"Cable coaxial de 50\u03a9\\\/75\u03a9\",\"isPartOf\":{\"@id\":\"https:\\\/\\\/www.tstcables.com\\\/es\\\/#website\"},\"primaryImageOfPage\":{\"@id\":\"https:\\\/\\\/www.tstcables.com\\\/es\\\/producto\\\/cable-coaxial-de-50%cf%89-75%cf%89\\\/#primaryimage\"},\"image\":{\"@id\":\"https:\\\/\\\/www.tstcables.com\\\/es\\\/producto\\\/cable-coaxial-de-50%cf%89-75%cf%89\\\/#primaryimage\"},\"thumbnailUrl\":\"https:\\\/\\\/www.tstcables.com\\\/wp-content\\\/uploads\\\/2024\\\/03\\\/50-ohm-coax-cable_.jpg\",\"datePublished\":\"2024-03-23T11:09:03+00:00\",\"dateModified\":\"2024-05-07T06:36:51+00:00\",\"description\":\"El cable coaxial de 50\u03a9\\\/75\u03a9 se utiliza principalmente en radiocomunicaciones y dispositivos electr\u00f3nicos que emplean tecnolog\u00edas similares.\",\"breadcrumb\":{\"@id\":\"https:\\\/\\\/www.tstcables.com\\\/es\\\/producto\\\/cable-coaxial-de-50%cf%89-75%cf%89\\\/#breadcrumb\"},\"inLanguage\":\"es\",\"potentialAction\":[{\"@type\":\"ReadAction\",\"target\":[\"https:\\\/\\\/www.tstcables.com\\\/es\\\/producto\\\/cable-coaxial-de-50%cf%89-75%cf%89\\\/\"]}]},{\"@type\":\"ImageObject\",\"inLanguage\":\"es\",\"@id\":\"https:\\\/\\\/www.tstcables.com\\\/es\\\/producto\\\/cable-coaxial-de-50%cf%89-75%cf%89\\\/#primaryimage\",\"url\":\"https:\\\/\\\/www.tstcables.com\\\/wp-content\\\/uploads\\\/2024\\\/03\\\/50-ohm-coax-cable_.jpg\",\"contentUrl\":\"https:\\\/\\\/www.tstcables.com\\\/wp-content\\\/uploads\\\/2024\\\/03\\\/50-ohm-coax-cable_.jpg\",\"width\":522,\"height\":522,\"caption\":\"50\u03a9\\\/75\u03a9 coaxial cable\"},{\"@type\":\"BreadcrumbList\",\"@id\":\"https:\\\/\\\/www.tstcables.com\\\/es\\\/producto\\\/cable-coaxial-de-50%cf%89-75%cf%89\\\/#breadcrumb\",\"itemListElement\":[{\"@type\":\"ListItem\",\"position\":1,\"name\":\"\u9996\u9875\",\"item\":\"https:\\\/\\\/www.tstcables.com\\\/es\\\/\"},{\"@type\":\"ListItem\",\"position\":2,\"name\":\"Product\",\"item\":\"https:\\\/\\\/www.tstcables.com\\\/product\\\/\"},{\"@type\":\"ListItem\",\"position\":3,\"name\":\"Cable coaxial de 50\u03a9\\\/75\u03a9\"}]},{\"@type\":\"WebSite\",\"@id\":\"https:\\\/\\\/www.tstcables.com\\\/es\\\/#website\",\"url\":\"https:\\\/\\\/www.tstcables.com\\\/es\\\/\",\"name\":\"TST Cable supplier & Manufacture\",\"description\":\"TST CABLES  supplier &amp; Manufacture official website\",\"publisher\":{\"@id\":\"https:\\\/\\\/www.tstcables.com\\\/es\\\/#organization\"},\"potentialAction\":[{\"@type\":\"SearchAction\",\"target\":{\"@type\":\"EntryPoint\",\"urlTemplate\":\"https:\\\/\\\/www.tstcables.com\\\/es\\\/?s={search_term_string}\"},\"query-input\":{\"@type\":\"PropertyValueSpecification\",\"valueRequired\":true,\"valueName\":\"search_term_string\"}}],\"inLanguage\":\"es\"},{\"@type\":\"Organization\",\"@id\":\"https:\\\/\\\/www.tstcables.com\\\/es\\\/#organization\",\"name\":\"TST Cable supplier & Manufacture\",\"url\":\"https:\\\/\\\/www.tstcables.com\\\/es\\\/\",\"logo\":{\"@type\":\"ImageObject\",\"inLanguage\":\"es\",\"@id\":\"https:\\\/\\\/www.tstcables.com\\\/es\\\/#\\\/schema\\\/logo\\\/image\\\/\",\"url\":\"https:\\\/\\\/www.tstcables.com\\\/wp-content\\\/uploads\\\/2024\\\/04\\\/cropped-\u753b\u677f-1-\u62f7\u8d1d-4-1.png\",\"contentUrl\":\"https:\\\/\\\/www.tstcables.com\\\/wp-content\\\/uploads\\\/2024\\\/04\\\/cropped-\u753b\u677f-1-\u62f7\u8d1d-4-1.png\",\"width\":300,\"height\":100,\"caption\":\"TST Cable supplier & Manufacture\"},\"image\":{\"@id\":\"https:\\\/\\\/www.tstcables.com\\\/es\\\/#\\\/schema\\\/logo\\\/image\\\/\"}}]}<\/script>\n<!-- \/ Yoast SEO plugin. -->","yoast_head_json":{"title":"Cable coaxial de 50\u03a9\/75\u03a9","description":"El cable coaxial de 50\u03a9\/75\u03a9 se utiliza principalmente en radiocomunicaciones y dispositivos electr\u00f3nicos que emplean tecnolog\u00edas similares.","robots":{"index":"index","follow":"follow","max-snippet":"max-snippet:-1","max-image-preview":"max-image-preview:large","max-video-preview":"max-video-preview:-1"},"canonical":"https:\/\/www.tstcables.com\/es\/producto\/cable-coaxial-de-50%cf%89-75%cf%89\/","og_locale":"es_ES","og_type":"article","og_title":"Cable coaxial de 50\u03a9\/75\u03a9","og_description":"El cable coaxial de 50\u03a9\/75\u03a9 se utiliza principalmente en radiocomunicaciones y dispositivos electr\u00f3nicos que emplean tecnolog\u00edas similares.","og_url":"https:\/\/www.tstcables.com\/es\/producto\/cable-coaxial-de-50%cf%89-75%cf%89\/","og_site_name":"TST CABLES supplier &amp; Manufacture","article_modified_time":"2024-05-07T06:36:51+00:00","og_image":[{"width":522,"height":522,"url":"https:\/\/www.tstcables.com\/wp-content\/uploads\/2024\/03\/50-ohm-coax-cable_.jpg","type":"image\/jpeg"}],"twitter_card":"summary_large_image","twitter_misc":{"Tiempo de lectura":"1 minuto"},"schema":{"@context":"https:\/\/schema.org","@graph":[{"@type":"WebPage","@id":"https:\/\/www.tstcables.com\/es\/producto\/cable-coaxial-de-50%cf%89-75%cf%89\/","url":"https:\/\/www.tstcables.com\/es\/producto\/cable-coaxial-de-50%cf%89-75%cf%89\/","name":"Cable coaxial de 50\u03a9\/75\u03a9","isPartOf":{"@id":"https:\/\/www.tstcables.com\/es\/#website"},"primaryImageOfPage":{"@id":"https:\/\/www.tstcables.com\/es\/producto\/cable-coaxial-de-50%cf%89-75%cf%89\/#primaryimage"},"image":{"@id":"https:\/\/www.tstcables.com\/es\/producto\/cable-coaxial-de-50%cf%89-75%cf%89\/#primaryimage"},"thumbnailUrl":"https:\/\/www.tstcables.com\/wp-content\/uploads\/2024\/03\/50-ohm-coax-cable_.jpg","datePublished":"2024-03-23T11:09:03+00:00","dateModified":"2024-05-07T06:36:51+00:00","description":"El cable coaxial de 50\u03a9\/75\u03a9 se utiliza principalmente en radiocomunicaciones y dispositivos electr\u00f3nicos que emplean tecnolog\u00edas similares.","breadcrumb":{"@id":"https:\/\/www.tstcables.com\/es\/producto\/cable-coaxial-de-50%cf%89-75%cf%89\/#breadcrumb"},"inLanguage":"es","potentialAction":[{"@type":"ReadAction","target":["https:\/\/www.tstcables.com\/es\/producto\/cable-coaxial-de-50%cf%89-75%cf%89\/"]}]},{"@type":"ImageObject","inLanguage":"es","@id":"https:\/\/www.tstcables.com\/es\/producto\/cable-coaxial-de-50%cf%89-75%cf%89\/#primaryimage","url":"https:\/\/www.tstcables.com\/wp-content\/uploads\/2024\/03\/50-ohm-coax-cable_.jpg","contentUrl":"https:\/\/www.tstcables.com\/wp-content\/uploads\/2024\/03\/50-ohm-coax-cable_.jpg","width":522,"height":522,"caption":"50\u03a9\/75\u03a9 coaxial cable"},{"@type":"BreadcrumbList","@id":"https:\/\/www.tstcables.com\/es\/producto\/cable-coaxial-de-50%cf%89-75%cf%89\/#breadcrumb","itemListElement":[{"@type":"ListItem","position":1,"name":"\u9996\u9875","item":"https:\/\/www.tstcables.com\/es\/"},{"@type":"ListItem","position":2,"name":"Product","item":"https:\/\/www.tstcables.com\/product\/"},{"@type":"ListItem","position":3,"name":"Cable coaxial de 50\u03a9\/75\u03a9"}]},{"@type":"WebSite","@id":"https:\/\/www.tstcables.com\/es\/#website","url":"https:\/\/www.tstcables.com\/es\/","name":"TST Cable supplier & Manufacture","description":"TST CABLES  supplier &amp; Manufacture official website","publisher":{"@id":"https:\/\/www.tstcables.com\/es\/#organization"},"potentialAction":[{"@type":"SearchAction","target":{"@type":"EntryPoint","urlTemplate":"https:\/\/www.tstcables.com\/es\/?s={search_term_string}"},"query-input":{"@type":"PropertyValueSpecification","valueRequired":true,"valueName":"search_term_string"}}],"inLanguage":"es"},{"@type":"Organization","@id":"https:\/\/www.tstcables.com\/es\/#organization","name":"TST Cable supplier & Manufacture","url":"https:\/\/www.tstcables.com\/es\/","logo":{"@type":"ImageObject","inLanguage":"es","@id":"https:\/\/www.tstcables.com\/es\/#\/schema\/logo\/image\/","url":"https:\/\/www.tstcables.com\/wp-content\/uploads\/2024\/04\/cropped-\u753b\u677f-1-\u62f7\u8d1d-4-1.png","contentUrl":"https:\/\/www.tstcables.com\/wp-content\/uploads\/2024\/04\/cropped-\u753b\u677f-1-\u62f7\u8d1d-4-1.png","width":300,"height":100,"caption":"TST Cable supplier & Manufacture"},"image":{"@id":"https:\/\/www.tstcables.com\/es\/#\/schema\/logo\/image\/"}}]}},"_links":{"self":[{"href":"https:\/\/www.tstcables.com\/es\/wp-json\/wp\/v2\/product\/15185","targetHints":{"allow":["GET"]}}],"collection":[{"href":"https:\/\/www.tstcables.com\/es\/wp-json\/wp\/v2\/product"}],"about":[{"href":"https:\/\/www.tstcables.com\/es\/wp-json\/wp\/v2\/types\/product"}],"version-history":[{"count":0,"href":"https:\/\/www.tstcables.com\/es\/wp-json\/wp\/v2\/product\/15185\/revisions"}],"wp:featuredmedia":[{"embeddable":true,"href":"https:\/\/www.tstcables.com\/es\/wp-json\/wp\/v2\/media\/10772"}],"wp:attachment":[{"href":"https:\/\/www.tstcables.com\/es\/wp-json\/wp\/v2\/media?parent=15185"}],"wp:term":[{"taxonomy":"product_brand","embeddable":true,"href":"https:\/\/www.tstcables.com\/es\/wp-json\/wp\/v2\/product_brand?post=15185"},{"taxonomy":"product_cat","embeddable":true,"href":"https:\/\/www.tstcables.com\/es\/wp-json\/wp\/v2\/product_cat?post=15185"},{"taxonomy":"product_tag","embeddable":true,"href":"https:\/\/www.tstcables.com\/es\/wp-json\/wp\/v2\/product_tag?post=15185"}],"curies":[{"name":"wp","href":"https:\/\/api.w.org\/{rel}","templated":true}]}}