{"id":15187,"date":"2024-03-23T20:06:14","date_gmt":"2024-03-23T12:06:14","guid":{"rendered":"https:\/\/www.tstcables.com\/product\/tewp-cable-resistente-a-altas-temperaturas-32awg-17awg-200%e2%84%83\/"},"modified":"2024-05-07T14:33:31","modified_gmt":"2024-05-07T06:33:31","slug":"tewp-cable-resistente-a-altas-temperaturas-32awg-17awg-200%e2%84%83","status":"publish","type":"product","link":"https:\/\/www.tstcables.com\/es\/producto\/tewp-cable-resistente-a-altas-temperaturas-32awg-17awg-200%e2%84%83\/","title":{"rendered":"Cable y alambre TEWP 200\u2103 con aislamiento ligero y resistente a altas temperaturas"},"content":{"rendered":"<p><strong>Presentaci\u00f3n del producto<\/strong><\/p>\n<p>El cable y alambre TEWP 200\u2103 con aislamiento ligero y resistente a altas temperaturas es un cable aislado de alto rendimiento. Este cable tiene tres capas de aislamiento y un n\u00facleo en el centro. Su grosor de aislamiento puede ser de unas pocas micras. Al mismo tiempo, gracias al uso de conductores con revestimiento especial, consigue bajas p\u00e9rdidas y un alto coeficiente espacial. Compatible, puede reducir en gran medida el tama\u00f1o de los equipos el\u00e9ctricos que utilizan este material, ahorrar materiales y reducir significativamente los costes.<\/p>\n<p>Especialmente para la industria de motores y transformadores, los conductores aislados reforzados compuestos por tres capas a\u00edslan completamente el primario y el secundario del transformador. Por lo tanto, elimina las barreras, las cintas intercaladas y los tubos aislantes en el transformador. Adem\u00e1s de reducir el tama\u00f1o del transformador y ahorrar costes de material, tambi\u00e9n se puede mejorar su rendimiento reduciendo la distancia entre bobinas.<\/p>\n<p>Gama de especificaciones: 30AWG&#8211;17AWG<br \/>\nGrado de resistencia a la temperatura: Grado F (200\u2103)<\/p>\n<p><strong>Aplicaciones<\/strong><br \/>\nDiversos interruptores, fuentes de alimentaci\u00f3n, transformadores, fuentes de alimentaci\u00f3n para iluminaci\u00f3n,Veh\u00edculos de nueva energ\u00eda,Carga de tel\u00e9fonos m\u00f3viles inal\u00e1mbricos<\/p>\n<p><strong>Caracter\u00edsticas del producto:<\/strong><br \/>\n1. Baja p\u00e9rdida.<br \/>\nEl dise\u00f1o especial de la estructura del conductor, que utiliza alambre trenzado con revestimiento especial, reduce las corrientes par\u00e1sitas en el interior del conductor.<br \/>\ncon lo que se consigue un menor di\u00e1metro exterior del conductor y una excelente soldabilidad; su rendimiento de baja p\u00e9rdida es equivalente a<br \/>\nLa l\u00ednea Litz reduce las p\u00e9rdidas innecesarias;<br \/>\n2. 3. Tres capas de protecci\u00f3n aislante, sin agujeros;<br \/>\nLas m\u00faltiples capas de revestimiento aislante de distintos materiales eliminan la posibilidad de que se formen agujeros de alfiler.<br \/>\n3. Con una tensi\u00f3n de aislamiento elevada, se pueden omitir la cinta aislante y las capas aislantes y reducir el volumen;<br \/>\n4. La bobina es f\u00e1cil de rodar, porque la superficie tiene un coeficiente de fricci\u00f3n muy bajo, que ofrece oportunidades para el bobinado autom\u00e1tico de alta velocidad proporciona la posibilidad;<br \/>\n5. Los grados de temperatura incluyen 155\u00b0C, 180\u00b0C y 200\u00b0C.<br \/>\n6. F\u00e1cil de despegar.<br \/>\nGracias al uso de materiales de revestimiento especiales, el conductor es m\u00e1s f\u00e1cil de despegar. Se puede soldar directamente sin eliminar por completo la capa aislante.<\/p>\n<p><strong>Par\u00e1metros t\u00e9cnicos<\/strong><\/p>\n<table class=\"tg\">\n<thead>\n<tr>\n<th class=\"tg-amwm\" colspan=\"2\">Tama\u00f1o del conductor<\/th>\n<th class=\"tg-amwm\" rowspan=\"2\">Exterior est\u00e1ndar<br \/>\ndi\u00e1metro<\/th>\n<th class=\"tg-amwm\" rowspan=\"2\">Exterior m\u00e1ximo<br \/>\ndi\u00e1metro<\/th>\n<th class=\"tg-amwm\" rowspan=\"2\">Conductor m\u00e1ximo<br \/>\nResistencia(\u03a9\/km)<\/th>\n<th class=\"tg-amwm\" rowspan=\"2\">Est\u00e1ndar<br \/>\nPeso (g\/m)<\/th>\n<\/tr>\n<tr>\n<th class=\"tg-wa1i\">AWG<\/th>\n<th class=\"tg-amwm\">Di\u00e1metro exterior<br \/>\n(mm)<\/th>\n<\/tr>\n<\/thead>\n<tbody>\n<tr>\n<td class=\"tg-nrix\">32<\/td>\n<td class=\"tg-nrix\">0.2<\/td>\n<td class=\"tg-nrix\">0.52<\/td>\n<td class=\"tg-nrix\">0.56<\/td>\n<td class=\"tg-nrix\">614<\/td>\n<td class=\"tg-nrix\">0.52<\/td>\n<\/tr>\n<tr>\n<td class=\"tg-nrix\">30<\/td>\n<td class=\"tg-nrix\">0.26<\/td>\n<td class=\"tg-nrix\">0.55<\/td>\n<td class=\"tg-nrix\">0.59<\/td>\n<td class=\"tg-nrix\">359<\/td>\n<td class=\"tg-nrix\">0.72<\/td>\n<\/tr>\n<tr>\n<td class=\"tg-nrix\">28<\/td>\n<td class=\"tg-nrix\">0.32<\/td>\n<td class=\"tg-nrix\">0.59<\/td>\n<td class=\"tg-nrix\">0.63<\/td>\n<td class=\"tg-nrix\">237<\/td>\n<td class=\"tg-nrix\">0.97<\/td>\n<\/tr>\n<tr>\n<td class=\"tg-nrix\">26<\/td>\n<td class=\"tg-nrix\">0.4<\/td>\n<td class=\"tg-nrix\">0.64<\/td>\n<td class=\"tg-nrix\">0.68<\/td>\n<td class=\"tg-nrix\">152<\/td>\n<td class=\"tg-nrix\">1.38<\/td>\n<\/tr>\n<tr>\n<td class=\"tg-nrix\">25<\/td>\n<td class=\"tg-nrix\">0.5<\/td>\n<td class=\"tg-nrix\">0.72<\/td>\n<td class=\"tg-nrix\">0.76<\/td>\n<td class=\"tg-nrix\">95.1<\/td>\n<td class=\"tg-nrix\">2.03<\/td>\n<\/tr>\n<tr>\n<td class=\"tg-nrix\">23<\/td>\n<td class=\"tg-nrix\">0.6<\/td>\n<td class=\"tg-nrix\">0.82<\/td>\n<td class=\"tg-nrix\">0.86<\/td>\n<td class=\"tg-nrix\">66.1<\/td>\n<td class=\"tg-nrix\">2.84<\/td>\n<\/tr>\n<tr>\n<td class=\"tg-nrix\">22<\/td>\n<td class=\"tg-nrix\">0.64<\/td>\n<td class=\"tg-nrix\">0.85<\/td>\n<td class=\"tg-nrix\">0.89<\/td>\n<td class=\"tg-nrix\">56.3<\/td>\n<td class=\"tg-nrix\">3.19<\/td>\n<\/tr>\n<tr>\n<td class=\"tg-nrix\">22<\/td>\n<td class=\"tg-nrix\">0.7<\/td>\n<td class=\"tg-nrix\">0.92<\/td>\n<td class=\"tg-nrix\">0.96<\/td>\n<td class=\"tg-nrix\">48.5<\/td>\n<td class=\"tg-nrix\">3.79<\/td>\n<\/tr>\n<tr>\n<td class=\"tg-nrix\">21<\/td>\n<td class=\"tg-nrix\">0.8<\/td>\n<td class=\"tg-nrix\">1<\/td>\n<td class=\"tg-nrix\">1.04<\/td>\n<td class=\"tg-nrix\">37.2<\/td>\n<td class=\"tg-nrix\">4.82<\/td>\n<\/tr>\n<tr>\n<td class=\"tg-nrix\">19<\/td>\n<td class=\"tg-nrix\">1<\/td>\n<td class=\"tg-nrix\">1.19<\/td>\n<td class=\"tg-nrix\">1.23<\/td>\n<td class=\"tg-nrix\">23.8<\/td>\n<td class=\"tg-nrix\">7.42<\/td>\n<\/tr>\n<tr>\n<td class=\"tg-nrix\">17<\/td>\n<td class=\"tg-nrix\">1.2<\/td>\n<td class=\"tg-nrix\">1.43<\/td>\n<td class=\"tg-nrix\">1.47<\/td>\n<td class=\"tg-nrix\">16.5<\/td>\n<td class=\"tg-nrix\">10.6<\/td>\n<\/tr>\n<\/tbody>\n<\/table>\n<p><span class=\"Y2IQFc\" lang=\"en\">Nota: Los productos con otros par\u00e1metros pueden personalizarse seg\u00fan las necesidades.<\/span><\/p>\n","protected":false},"excerpt":{"rendered":"<p>El cable y alambre TEWP 200\u2103 con aislamiento ligero y resistente a altas temperaturas es un cable aislado de alto rendimiento. Este cable tiene tres capas de aislamiento y un n\u00facleo en el centro. Su grosor de aislamiento puede ser de unas pocas micras. Al mismo tiempo, gracias al uso de conductores con revestimiento especial, consigue bajas p\u00e9rdidas y un alto coeficiente espacial. Compatible, puede reducir en gran medida el tama\u00f1o de los equipos el\u00e9ctricos que utilizan este material, ahorrar materiales y reducir significativamente los costes.<\/p>\n","protected":false},"featured_media":12366,"template":"","meta":{"_eb_attr":"","site-sidebar-layout":"default","site-content-layout":"","ast-site-content-layout":"default","site-content-style":"default","site-sidebar-style":"default","ast-global-header-display":"","ast-banner-title-visibility":"","ast-main-header-display":"","ast-hfb-above-header-display":"","ast-hfb-below-header-display":"","ast-hfb-mobile-header-display":"","site-post-title":"","ast-breadcrumbs-content":"","ast-featured-img":"","footer-sml-layout":"","theme-transparent-header-meta":"default","adv-header-id-meta":"","stick-header-meta":"","header-above-stick-meta":"","header-main-stick-meta":"","header-below-stick-meta":"","astra-migrate-meta-layouts":"default","ast-page-background-enabled":"default","ast-page-background-meta":{"desktop":{"background-color":"","background-image":"","background-repeat":"repeat","background-position":"center center","background-size":"auto","background-attachment":"scroll","background-type":"","background-media":"","overlay-type":"","overlay-color":"","overlay-opacity":"","overlay-gradient":""},"tablet":{"background-color":"","background-image":"","background-repeat":"repeat","background-position":"center center","background-size":"auto","background-attachment":"scroll","background-type":"","background-media":"","overlay-type":"","overlay-color":"","overlay-opacity":"","overlay-gradient":""},"mobile":{"background-color":"","background-image":"","background-repeat":"repeat","background-position":"center center","background-size":"auto","background-attachment":"scroll","background-type":"","background-media":"","overlay-type":"","overlay-color":"","overlay-opacity":"","overlay-gradient":""}},"ast-content-background-meta":{"desktop":{"background-color":"var(--ast-global-color-5)","background-image":"","background-repeat":"repeat","background-position":"center center","background-size":"auto","background-attachment":"scroll","background-type":"","background-media":"","overlay-type":"","overlay-color":"","overlay-opacity":"","overlay-gradient":""},"tablet":{"background-color":"var(--ast-global-color-5)","background-image":"","background-repeat":"repeat","background-position":"center center","background-size":"auto","background-attachment":"scroll","background-type":"","background-media":"","overlay-type":"","overlay-color":"","overlay-opacity":"","overlay-gradient":""},"mobile":{"background-color":"var(--ast-global-color-5)","background-image":"","background-repeat":"repeat","background-position":"center center","background-size":"auto","background-attachment":"scroll","background-type":"","background-media":"","overlay-type":"","overlay-color":"","overlay-opacity":"","overlay-gradient":""}}},"product_brand":[],"product_cat":[599,591,621,631,590,623,622,603,602,597],"product_tag":[640,656,655],"class_list":{"0":"post-15187","1":"product","2":"type-product","3":"status-publish","4":"has-post-thumbnail","6":"product_cat-aviacion","7":"product_cat-cable-de-alta-temperatura","8":"product_cat-cable-de-pequeno-tamano","9":"product_cat-cable-ligero","10":"product_cat-lsoh-cable-es","11":"product_cat-en50264-es","12":"product_cat-en50306-es","13":"product_cat-norma-en","14":"product_cat-norma-ice","15":"product_cat-via-ferrea","16":"product_tag-alambre-de-alta-frecuencia-resistente-a-altas-temperaturas-tewp","17":"product_tag-cable-de-alta-frecuencia-tewp","18":"product_tag-tewp-32awg-17awg-200-es","19":"desktop-align-center","20":"tablet-align-left","21":"mobile-align-left","23":"first","24":"instock","25":"shipping-taxable","26":"product-type-simple"},"yoast_head":"<!-- This site is optimized with the Yoast SEO plugin v27.4 - https:\/\/yoast.com\/product\/yoast-seo-wordpress\/ -->\n<title>Cable y alambre TEWP 200\u2103 con aislamiento ligero y resistente a altas temperaturas<\/title>\n<meta name=\"description\" content=\"El cable y alambre TEWP 200\u2103 con aislamiento ligero y resistente a altas temperaturas tiene tres capas de aislamiento con un alambre central en el medio.\" \/>\n<meta name=\"robots\" content=\"index, follow, max-snippet:-1, max-image-preview:large, max-video-preview:-1\" \/>\n<link rel=\"canonical\" href=\"https:\/\/www.tstcables.com\/es\/producto\/tewp-cable-resistente-a-altas-temperaturas-32awg-17awg-200%e2%84%83\/\" \/>\n<meta property=\"og:locale\" content=\"es_ES\" \/>\n<meta property=\"og:type\" content=\"article\" \/>\n<meta property=\"og:title\" content=\"Cable y alambre TEWP 200\u2103 con aislamiento ligero y resistente a altas temperaturas\" \/>\n<meta property=\"og:description\" content=\"El cable y alambre TEWP 200\u2103 con aislamiento ligero y resistente a altas temperaturas tiene tres capas de aislamiento con un alambre central en el medio.\" \/>\n<meta property=\"og:url\" content=\"https:\/\/www.tstcables.com\/es\/producto\/tewp-cable-resistente-a-altas-temperaturas-32awg-17awg-200%e2%84%83\/\" \/>\n<meta property=\"og:site_name\" content=\"TST CABLES supplier &amp; Manufacture\" \/>\n<meta property=\"article:modified_time\" content=\"2024-05-07T06:33:31+00:00\" \/>\n<meta property=\"og:image\" content=\"https:\/\/www.tstcables.com\/wp-content\/uploads\/2024\/03\/2-7.jpg\" \/>\n\t<meta property=\"og:image:width\" content=\"640\" \/>\n\t<meta property=\"og:image:height\" content=\"640\" \/>\n\t<meta property=\"og:image:type\" content=\"image\/jpeg\" \/>\n<meta name=\"twitter:card\" content=\"summary_large_image\" \/>\n<meta name=\"twitter:label1\" content=\"Tiempo de lectura\" \/>\n\t<meta name=\"twitter:data1\" content=\"2 minutos\" \/>\n<script type=\"application\/ld+json\" class=\"yoast-schema-graph\">{\"@context\":\"https:\\\/\\\/schema.org\",\"@graph\":[{\"@type\":\"WebPage\",\"@id\":\"https:\\\/\\\/www.tstcables.com\\\/es\\\/producto\\\/tewp-cable-resistente-a-altas-temperaturas-32awg-17awg-200%e2%84%83\\\/\",\"url\":\"https:\\\/\\\/www.tstcables.com\\\/es\\\/producto\\\/tewp-cable-resistente-a-altas-temperaturas-32awg-17awg-200%e2%84%83\\\/\",\"name\":\"Cable y alambre TEWP 200\u2103 con aislamiento ligero y resistente a altas temperaturas\",\"isPartOf\":{\"@id\":\"https:\\\/\\\/www.tstcables.com\\\/es\\\/#website\"},\"primaryImageOfPage\":{\"@id\":\"https:\\\/\\\/www.tstcables.com\\\/es\\\/producto\\\/tewp-cable-resistente-a-altas-temperaturas-32awg-17awg-200%e2%84%83\\\/#primaryimage\"},\"image\":{\"@id\":\"https:\\\/\\\/www.tstcables.com\\\/es\\\/producto\\\/tewp-cable-resistente-a-altas-temperaturas-32awg-17awg-200%e2%84%83\\\/#primaryimage\"},\"thumbnailUrl\":\"https:\\\/\\\/www.tstcables.com\\\/wp-content\\\/uploads\\\/2024\\\/03\\\/2-7.jpg\",\"datePublished\":\"2024-03-23T12:06:14+00:00\",\"dateModified\":\"2024-05-07T06:33:31+00:00\",\"description\":\"El cable y alambre TEWP 200\u2103 con aislamiento ligero y resistente a altas temperaturas tiene tres capas de aislamiento con un alambre central en el medio.\",\"breadcrumb\":{\"@id\":\"https:\\\/\\\/www.tstcables.com\\\/es\\\/producto\\\/tewp-cable-resistente-a-altas-temperaturas-32awg-17awg-200%e2%84%83\\\/#breadcrumb\"},\"inLanguage\":\"es\",\"potentialAction\":[{\"@type\":\"ReadAction\",\"target\":[\"https:\\\/\\\/www.tstcables.com\\\/es\\\/producto\\\/tewp-cable-resistente-a-altas-temperaturas-32awg-17awg-200%e2%84%83\\\/\"]}]},{\"@type\":\"ImageObject\",\"inLanguage\":\"es\",\"@id\":\"https:\\\/\\\/www.tstcables.com\\\/es\\\/producto\\\/tewp-cable-resistente-a-altas-temperaturas-32awg-17awg-200%e2%84%83\\\/#primaryimage\",\"url\":\"https:\\\/\\\/www.tstcables.com\\\/wp-content\\\/uploads\\\/2024\\\/03\\\/2-7.jpg\",\"contentUrl\":\"https:\\\/\\\/www.tstcables.com\\\/wp-content\\\/uploads\\\/2024\\\/03\\\/2-7.jpg\",\"width\":640,\"height\":640,\"caption\":\"TEWP high temperature resistant\"},{\"@type\":\"BreadcrumbList\",\"@id\":\"https:\\\/\\\/www.tstcables.com\\\/es\\\/producto\\\/tewp-cable-resistente-a-altas-temperaturas-32awg-17awg-200%e2%84%83\\\/#breadcrumb\",\"itemListElement\":[{\"@type\":\"ListItem\",\"position\":1,\"name\":\"\u9996\u9875\",\"item\":\"https:\\\/\\\/www.tstcables.com\\\/es\\\/\"},{\"@type\":\"ListItem\",\"position\":2,\"name\":\"Product\",\"item\":\"https:\\\/\\\/www.tstcables.com\\\/product\\\/\"},{\"@type\":\"ListItem\",\"position\":3,\"name\":\"Cable y alambre TEWP 200\u2103 con aislamiento ligero y resistente a altas temperaturas\"}]},{\"@type\":\"WebSite\",\"@id\":\"https:\\\/\\\/www.tstcables.com\\\/es\\\/#website\",\"url\":\"https:\\\/\\\/www.tstcables.com\\\/es\\\/\",\"name\":\"TST Cable supplier & Manufacture\",\"description\":\"TST CABLES  supplier &amp; Manufacture official website\",\"publisher\":{\"@id\":\"https:\\\/\\\/www.tstcables.com\\\/es\\\/#organization\"},\"potentialAction\":[{\"@type\":\"SearchAction\",\"target\":{\"@type\":\"EntryPoint\",\"urlTemplate\":\"https:\\\/\\\/www.tstcables.com\\\/es\\\/?s={search_term_string}\"},\"query-input\":{\"@type\":\"PropertyValueSpecification\",\"valueRequired\":true,\"valueName\":\"search_term_string\"}}],\"inLanguage\":\"es\"},{\"@type\":\"Organization\",\"@id\":\"https:\\\/\\\/www.tstcables.com\\\/es\\\/#organization\",\"name\":\"TST Cable supplier & Manufacture\",\"url\":\"https:\\\/\\\/www.tstcables.com\\\/es\\\/\",\"logo\":{\"@type\":\"ImageObject\",\"inLanguage\":\"es\",\"@id\":\"https:\\\/\\\/www.tstcables.com\\\/es\\\/#\\\/schema\\\/logo\\\/image\\\/\",\"url\":\"https:\\\/\\\/www.tstcables.com\\\/wp-content\\\/uploads\\\/2024\\\/04\\\/cropped-\u753b\u677f-1-\u62f7\u8d1d-4-1.png\",\"contentUrl\":\"https:\\\/\\\/www.tstcables.com\\\/wp-content\\\/uploads\\\/2024\\\/04\\\/cropped-\u753b\u677f-1-\u62f7\u8d1d-4-1.png\",\"width\":300,\"height\":100,\"caption\":\"TST Cable supplier & Manufacture\"},\"image\":{\"@id\":\"https:\\\/\\\/www.tstcables.com\\\/es\\\/#\\\/schema\\\/logo\\\/image\\\/\"}}]}<\/script>\n<!-- \/ Yoast SEO plugin. -->","yoast_head_json":{"title":"Cable y alambre TEWP 200\u2103 con aislamiento ligero y resistente a altas temperaturas","description":"El cable y alambre TEWP 200\u2103 con aislamiento ligero y resistente a altas temperaturas tiene tres capas de aislamiento con un alambre central en el medio.","robots":{"index":"index","follow":"follow","max-snippet":"max-snippet:-1","max-image-preview":"max-image-preview:large","max-video-preview":"max-video-preview:-1"},"canonical":"https:\/\/www.tstcables.com\/es\/producto\/tewp-cable-resistente-a-altas-temperaturas-32awg-17awg-200%e2%84%83\/","og_locale":"es_ES","og_type":"article","og_title":"Cable y alambre TEWP 200\u2103 con aislamiento ligero y resistente a altas temperaturas","og_description":"El cable y alambre TEWP 200\u2103 con aislamiento ligero y resistente a altas temperaturas tiene tres capas de aislamiento con un alambre central en el medio.","og_url":"https:\/\/www.tstcables.com\/es\/producto\/tewp-cable-resistente-a-altas-temperaturas-32awg-17awg-200%e2%84%83\/","og_site_name":"TST CABLES supplier &amp; Manufacture","article_modified_time":"2024-05-07T06:33:31+00:00","og_image":[{"width":640,"height":640,"url":"https:\/\/www.tstcables.com\/wp-content\/uploads\/2024\/03\/2-7.jpg","type":"image\/jpeg"}],"twitter_card":"summary_large_image","twitter_misc":{"Tiempo de lectura":"2 minutos"},"schema":{"@context":"https:\/\/schema.org","@graph":[{"@type":"WebPage","@id":"https:\/\/www.tstcables.com\/es\/producto\/tewp-cable-resistente-a-altas-temperaturas-32awg-17awg-200%e2%84%83\/","url":"https:\/\/www.tstcables.com\/es\/producto\/tewp-cable-resistente-a-altas-temperaturas-32awg-17awg-200%e2%84%83\/","name":"Cable y alambre TEWP 200\u2103 con aislamiento ligero y resistente a altas temperaturas","isPartOf":{"@id":"https:\/\/www.tstcables.com\/es\/#website"},"primaryImageOfPage":{"@id":"https:\/\/www.tstcables.com\/es\/producto\/tewp-cable-resistente-a-altas-temperaturas-32awg-17awg-200%e2%84%83\/#primaryimage"},"image":{"@id":"https:\/\/www.tstcables.com\/es\/producto\/tewp-cable-resistente-a-altas-temperaturas-32awg-17awg-200%e2%84%83\/#primaryimage"},"thumbnailUrl":"https:\/\/www.tstcables.com\/wp-content\/uploads\/2024\/03\/2-7.jpg","datePublished":"2024-03-23T12:06:14+00:00","dateModified":"2024-05-07T06:33:31+00:00","description":"El cable y alambre TEWP 200\u2103 con aislamiento ligero y resistente a altas temperaturas tiene tres capas de aislamiento con un alambre central en el medio.","breadcrumb":{"@id":"https:\/\/www.tstcables.com\/es\/producto\/tewp-cable-resistente-a-altas-temperaturas-32awg-17awg-200%e2%84%83\/#breadcrumb"},"inLanguage":"es","potentialAction":[{"@type":"ReadAction","target":["https:\/\/www.tstcables.com\/es\/producto\/tewp-cable-resistente-a-altas-temperaturas-32awg-17awg-200%e2%84%83\/"]}]},{"@type":"ImageObject","inLanguage":"es","@id":"https:\/\/www.tstcables.com\/es\/producto\/tewp-cable-resistente-a-altas-temperaturas-32awg-17awg-200%e2%84%83\/#primaryimage","url":"https:\/\/www.tstcables.com\/wp-content\/uploads\/2024\/03\/2-7.jpg","contentUrl":"https:\/\/www.tstcables.com\/wp-content\/uploads\/2024\/03\/2-7.jpg","width":640,"height":640,"caption":"TEWP high temperature resistant"},{"@type":"BreadcrumbList","@id":"https:\/\/www.tstcables.com\/es\/producto\/tewp-cable-resistente-a-altas-temperaturas-32awg-17awg-200%e2%84%83\/#breadcrumb","itemListElement":[{"@type":"ListItem","position":1,"name":"\u9996\u9875","item":"https:\/\/www.tstcables.com\/es\/"},{"@type":"ListItem","position":2,"name":"Product","item":"https:\/\/www.tstcables.com\/product\/"},{"@type":"ListItem","position":3,"name":"Cable y alambre TEWP 200\u2103 con aislamiento ligero y resistente a altas temperaturas"}]},{"@type":"WebSite","@id":"https:\/\/www.tstcables.com\/es\/#website","url":"https:\/\/www.tstcables.com\/es\/","name":"TST Cable supplier & Manufacture","description":"TST CABLES  supplier &amp; Manufacture official website","publisher":{"@id":"https:\/\/www.tstcables.com\/es\/#organization"},"potentialAction":[{"@type":"SearchAction","target":{"@type":"EntryPoint","urlTemplate":"https:\/\/www.tstcables.com\/es\/?s={search_term_string}"},"query-input":{"@type":"PropertyValueSpecification","valueRequired":true,"valueName":"search_term_string"}}],"inLanguage":"es"},{"@type":"Organization","@id":"https:\/\/www.tstcables.com\/es\/#organization","name":"TST Cable supplier & Manufacture","url":"https:\/\/www.tstcables.com\/es\/","logo":{"@type":"ImageObject","inLanguage":"es","@id":"https:\/\/www.tstcables.com\/es\/#\/schema\/logo\/image\/","url":"https:\/\/www.tstcables.com\/wp-content\/uploads\/2024\/04\/cropped-\u753b\u677f-1-\u62f7\u8d1d-4-1.png","contentUrl":"https:\/\/www.tstcables.com\/wp-content\/uploads\/2024\/04\/cropped-\u753b\u677f-1-\u62f7\u8d1d-4-1.png","width":300,"height":100,"caption":"TST Cable supplier & Manufacture"},"image":{"@id":"https:\/\/www.tstcables.com\/es\/#\/schema\/logo\/image\/"}}]}},"_links":{"self":[{"href":"https:\/\/www.tstcables.com\/es\/wp-json\/wp\/v2\/product\/15187","targetHints":{"allow":["GET"]}}],"collection":[{"href":"https:\/\/www.tstcables.com\/es\/wp-json\/wp\/v2\/product"}],"about":[{"href":"https:\/\/www.tstcables.com\/es\/wp-json\/wp\/v2\/types\/product"}],"version-history":[{"count":0,"href":"https:\/\/www.tstcables.com\/es\/wp-json\/wp\/v2\/product\/15187\/revisions"}],"wp:featuredmedia":[{"embeddable":true,"href":"https:\/\/www.tstcables.com\/es\/wp-json\/wp\/v2\/media\/12366"}],"wp:attachment":[{"href":"https:\/\/www.tstcables.com\/es\/wp-json\/wp\/v2\/media?parent=15187"}],"wp:term":[{"taxonomy":"product_brand","embeddable":true,"href":"https:\/\/www.tstcables.com\/es\/wp-json\/wp\/v2\/product_brand?post=15187"},{"taxonomy":"product_cat","embeddable":true,"href":"https:\/\/www.tstcables.com\/es\/wp-json\/wp\/v2\/product_cat?post=15187"},{"taxonomy":"product_tag","embeddable":true,"href":"https:\/\/www.tstcables.com\/es\/wp-json\/wp\/v2\/product_tag?post=15187"}],"curies":[{"name":"wp","href":"https:\/\/api.w.org\/{rel}","templated":true}]}}