{"id":15188,"date":"2024-03-23T19:15:09","date_gmt":"2024-03-23T11:15:09","guid":{"rendered":"https:\/\/www.tstcables.com\/product\/cable-cat5-5e-cable-de-red-de-categoria-5\/"},"modified":"2024-05-07T14:36:49","modified_gmt":"2024-05-07T06:36:49","slug":"cable-cat5-5e-cable-de-red-de-categoria-5","status":"publish","type":"product","link":"https:\/\/www.tstcables.com\/es\/producto\/cable-cat5-5e-cable-de-red-de-categoria-5\/","title":{"rendered":"Cable LSZH CAT5\/5e (cable de red Cat 5)"},"content":{"rendered":"<p>Aplicaci\u00f3n\uff1a<\/p>\n<p>El cable LSZH CAT5\/5e (cable de red Cat 5) se utiliza para la transmisi\u00f3n de redes basadas en Ethernet, como: infoentretenimiento, multimedia, sistemas de informaci\u00f3n al pasajero, etc.<\/p>\n<p>Caracter\u00edstica\uff1a<\/p>\n<ul>\n<li>Tensi\u00f3n nominal: 300 V CA<\/li>\n<li>Gama de temperaturas: -40\u00b0C a 90\u00b0C<\/li>\n<li>Radio de curvatura: 6D (D se refiere al di\u00e1metro exterior del cable)<\/li>\n<li>Impedancia caracter\u00edstica: 100\u03a9+15\u03a9 (100MHz)<\/li>\n<li>Atenuaci\u00f3n: &lt;3,1 dB\/100 m (1 MHz), &lt;32 dB\/100 m (100 MHz)<\/li>\n<li>Capacitancia de funcionamiento:&lt; 5,6nF\/100m (1,0kHz)<\/li>\n<li>Capacitancia de tierra: 1&lt;(1,0kHz)<\/li>\n<li>P\u00e9rdida de retorno:&gt; 20 dB (14 MHz), &lt;19 dB (100 MHz)<\/li>\n<li>Cobre esta\u00f1ado<\/li>\n<li>Resistente a la oxidaci\u00f3n<\/li>\n<li>Alta conductividad<\/li>\n<li>Resistente a la abrasi\u00f3n<\/li>\n<li>Resistente a la oxidaci\u00f3n<\/li>\n<li>No deformable<\/li>\n<\/ul>\n<p>Estructura\uff1a<\/p>\n<ul>\n<li>Conductor: Conductor de cobre esta\u00f1ado, estructura de clase 5.<\/li>\n<li>Aislamiento: Material aislante de polietileno.<\/li>\n<li>Cinta de poli\u00e9ster.<\/li>\n<li>Blindaje: Papel de aluminio + Blindaje trenzado.<\/li>\n<li>Cubierta: Material de funda de poliolefina reticulada irradiada.<\/li>\n<\/ul>\n<p>Par\u00e1metro de selecci\u00f3n<\/p>\n<table class=\"tg\">\n<thead>\n<tr>\n<th class=\"tg-c3ow\" rowspan=\"2\">Especificaciones del modelo<\/th>\n<th class=\"tg-c3ow\" rowspan=\"2\"><span style=\"color: #000;\">Di\u00e1metro del conductor (mm)<\/span><\/th>\n<th class=\"tg-c3ow\" rowspan=\"2\"><span style=\"color: #000;\">Di\u00e1metro del aislamiento mm<\/span><\/th>\n<th class=\"tg-c3ow\" colspan=\"2\">Di\u00e1metro exterior (D)<\/th>\n<th class=\"tg-c3ow\" rowspan=\"2\"><span style=\"color: #000;\">Peso medio del cable Kg\/km<\/span><\/th>\n<th class=\"tg-c3ow\" rowspan=\"2\"><span style=\"color: #000;\">Valor calor\u00edfico de combusti\u00f3n KJ\/m<\/span><\/th>\n<\/tr>\n<tr>\n<th class=\"tg-c3ow\" colspan=\"2\"><span style=\"color: #000;\">M\u00edn.mm<\/span><\/th>\n<\/tr>\n<\/thead>\n<tbody>\n<tr>\n<td class=\"tg-c3ow\"><span style=\"color: #000;\">4x24AW<\/span><br \/>\n<span style=\"color: #000;\">G<\/span><\/td>\n<td class=\"tg-c3ow\"><span style=\"color: #000;\">0.6<\/span><\/td>\n<td class=\"tg-c3ow\"><span style=\"color: #000;\">1.35<\/span><\/td>\n<td class=\"tg-c3ow\"><span style=\"color: #000;\">5.2<\/span><\/td>\n<td class=\"tg-c3ow\"><span style=\"color: #000;\">5.7<\/span><\/td>\n<td class=\"tg-c3ow\"><span style=\"color: #000;\">46<\/span><\/td>\n<td class=\"tg-c3ow\"><span style=\"color: #000;\">547<\/span><\/td>\n<\/tr>\n<tr>\n<td class=\"tg-c3ow\"><span style=\"color: #000;\">4x2x24 AWG<\/span><\/td>\n<td class=\"tg-c3ow\"><span style=\"color: #000;\">0.6<\/span><\/td>\n<td class=\"tg-c3ow\"><span style=\"color: #000;\">1.25<\/span><\/td>\n<td class=\"tg-c3ow\"><span style=\"color: #000;\">7.1<\/span><\/td>\n<td class=\"tg-c3ow\"><span style=\"color: #000;\">7.6<\/span><\/td>\n<td class=\"tg-c3ow\"><span style=\"color: #000;\">72<\/span><\/td>\n<td class=\"tg-c3ow\"><span style=\"color: #000;\">680<\/span><\/td>\n<\/tr>\n<tr>\n<td class=\"tg-c3ow\"><span style=\"color: #000;\">4&#215;0.5<\/span><\/td>\n<td class=\"tg-c3ow\"><span style=\"color: #000;\">0.9<\/span><\/td>\n<td class=\"tg-c3ow\"><span style=\"color: #000;\">1.9<\/span><\/td>\n<td class=\"tg-c3ow\"><span style=\"color: #000;\">6.4<\/span><\/td>\n<td class=\"tg-c3ow\"><span style=\"color: #000;\">6.9<\/span><\/td>\n<td class=\"tg-c3ow\"><span style=\"color: #000;\">64<\/span><\/td>\n<td class=\"tg-c3ow\"><span style=\"color: #000;\">730<\/span><\/td>\n<\/tr>\n<tr>\n<td class=\"tg-c3ow\"><span style=\"color: #000;\">4x22AW<\/span><br \/>\n<span style=\"color: #000;\">G<\/span><\/td>\n<td class=\"tg-c3ow\"><span style=\"color: #000;\">0.75<\/span><\/td>\n<td class=\"tg-c3ow\"><span style=\"color: #000;\">1.8<\/span><\/td>\n<td class=\"tg-c3ow\"><span style=\"color: #000;\">6.8<\/span><\/td>\n<td class=\"tg-c3ow\"><span style=\"color: #000;\">7.6<\/span><\/td>\n<td class=\"tg-c3ow\"><span style=\"color: #000;\">65<\/span><\/td>\n<td class=\"tg-c3ow\"><span style=\"color: #000;\">569<\/span><\/td>\n<\/tr>\n<tr>\n<td class=\"tg-c3ow\"><span style=\"color: #000;\">2x2x0.5<\/span><\/td>\n<td class=\"tg-c3ow\"><span style=\"color: #000;\">0.9<\/span><\/td>\n<td class=\"tg-c3ow\"><span style=\"color: #000;\">2<\/span><\/td>\n<td class=\"tg-c3ow\"><span style=\"color: #000;\">10.5<\/span><\/td>\n<td class=\"tg-c3ow\"><span style=\"color: #000;\">11<\/span><\/td>\n<td class=\"tg-c3ow\"><span style=\"color: #000;\">126<\/span><\/td>\n<td class=\"tg-c3ow\"><span style=\"color: #000;\">1080<\/span><\/td>\n<\/tr>\n<\/tbody>\n<\/table>\n","protected":false},"excerpt":{"rendered":"<p>El cable CAT5\/5e (cable de red de categor\u00eda 5) se instala de forma permanente y protegida en las conexiones internas y externas de locomotoras de ferrocarril, autobuses y otros veh\u00edculos. Se utiliza para la transmisi\u00f3n de redes basadas en Ethernet, como: infoentretenimiento, multimedia, sistemas de informaci\u00f3n al pasajero, etc.<\/p>\n","protected":false},"featured_media":10756,"template":"","meta":{"_eb_attr":"","site-sidebar-layout":"default","site-content-layout":"","ast-site-content-layout":"default","site-content-style":"default","site-sidebar-style":"default","ast-global-header-display":"","ast-banner-title-visibility":"","ast-main-header-display":"","ast-hfb-above-header-display":"","ast-hfb-below-header-display":"","ast-hfb-mobile-header-display":"","site-post-title":"","ast-breadcrumbs-content":"","ast-featured-img":"","footer-sml-layout":"","theme-transparent-header-meta":"default","adv-header-id-meta":"","stick-header-meta":"","header-above-stick-meta":"","header-main-stick-meta":"","header-below-stick-meta":"","astra-migrate-meta-layouts":"default","ast-page-background-enabled":"default","ast-page-background-meta":{"desktop":{"background-color":"","background-image":"","background-repeat":"repeat","background-position":"center center","background-size":"auto","background-attachment":"scroll","background-type":"","background-media":"","overlay-type":"","overlay-color":"","overlay-opacity":"","overlay-gradient":""},"tablet":{"background-color":"","background-image":"","background-repeat":"repeat","background-position":"center center","background-size":"auto","background-attachment":"scroll","background-type":"","background-media":"","overlay-type":"","overlay-color":"","overlay-opacity":"","overlay-gradient":""},"mobile":{"background-color":"","background-image":"","background-repeat":"repeat","background-position":"center center","background-size":"auto","background-attachment":"scroll","background-type":"","background-media":"","overlay-type":"","overlay-color":"","overlay-opacity":"","overlay-gradient":""}},"ast-content-background-meta":{"desktop":{"background-color":"var(--ast-global-color-5)","background-image":"","background-repeat":"repeat","background-position":"center center","background-size":"auto","background-attachment":"scroll","background-type":"","background-media":"","overlay-type":"","overlay-color":"","overlay-opacity":"","overlay-gradient":""},"tablet":{"background-color":"var(--ast-global-color-5)","background-image":"","background-repeat":"repeat","background-position":"center center","background-size":"auto","background-attachment":"scroll","background-type":"","background-media":"","overlay-type":"","overlay-color":"","overlay-opacity":"","overlay-gradient":""},"mobile":{"background-color":"var(--ast-global-color-5)","background-image":"","background-repeat":"repeat","background-position":"center center","background-size":"auto","background-attachment":"scroll","background-type":"","background-media":"","overlay-type":"","overlay-color":"","overlay-opacity":"","overlay-gradient":""}}},"product_brand":[],"product_cat":[599,590,623,622,601,610,603,602,646,598,787,600,597],"product_tag":[658,657,659],"class_list":{"0":"post-15188","1":"product","2":"type-product","3":"status-publish","4":"has-post-thumbnail","6":"product_cat-aviacion","7":"product_cat-lsoh-cable-es","8":"product_cat-en50264-es","9":"product_cat-en50306-es","10":"product_cat-en50382-es","11":"product_cat-energia-eolica","12":"product_cat-norma-en","13":"product_cat-norma-ice","14":"product_cat-nuclear-es","15":"product_cat-petroleo-gas","16":"product_cat-product-by-standard-es","17":"product_cat-marina","18":"product_cat-via-ferrea","19":"product_tag-cable-5e","20":"product_tag-cable-cat5","21":"product_tag-cable-de-red-de-categoria-5","22":"desktop-align-center","23":"tablet-align-left","24":"mobile-align-left","26":"first","27":"instock","28":"shipping-taxable","29":"product-type-simple"},"yoast_head":"<!-- This site is optimized with the Yoast SEO plugin v27.4 - https:\/\/yoast.com\/product\/yoast-seo-wordpress\/ -->\n<title>Cable CAT5\/5e (cable de red de categor\u00eda 5)<\/title>\n<meta name=\"description\" content=\"El cable CAT5\/5e (cable de red de categor\u00eda 5) se instala de forma permanente y protegida en las conexiones internas y externas de locomotoras de ferrocarril, autobuses y otros veh\u00edculos.\" \/>\n<meta name=\"robots\" content=\"index, follow, max-snippet:-1, max-image-preview:large, max-video-preview:-1\" \/>\n<link rel=\"canonical\" href=\"https:\/\/www.tstcables.com\/es\/producto\/cable-cat5-5e-cable-de-red-de-categoria-5\/\" \/>\n<meta property=\"og:locale\" content=\"es_ES\" \/>\n<meta property=\"og:type\" content=\"article\" \/>\n<meta property=\"og:title\" content=\"Cable CAT5\/5e (cable de red de categor\u00eda 5)\" \/>\n<meta property=\"og:description\" content=\"El cable CAT5\/5e (cable de red de categor\u00eda 5) se instala de forma permanente y protegida en las conexiones internas y externas de locomotoras de ferrocarril, autobuses y otros veh\u00edculos.\" \/>\n<meta property=\"og:url\" content=\"https:\/\/www.tstcables.com\/es\/producto\/cable-cat5-5e-cable-de-red-de-categoria-5\/\" \/>\n<meta property=\"og:site_name\" content=\"TST CABLES supplier &amp; Manufacture\" \/>\n<meta property=\"article:modified_time\" content=\"2024-05-07T06:36:49+00:00\" \/>\n<meta property=\"og:image\" content=\"https:\/\/www.tstcables.com\/wp-content\/uploads\/2024\/03\/cat5.jpg\" \/>\n\t<meta property=\"og:image:width\" content=\"500\" \/>\n\t<meta property=\"og:image:height\" content=\"500\" \/>\n\t<meta property=\"og:image:type\" content=\"image\/jpeg\" \/>\n<meta name=\"twitter:card\" content=\"summary_large_image\" \/>\n<meta name=\"twitter:label1\" content=\"Tiempo de lectura\" \/>\n\t<meta name=\"twitter:data1\" content=\"1 minuto\" \/>\n<script type=\"application\/ld+json\" class=\"yoast-schema-graph\">{\"@context\":\"https:\\\/\\\/schema.org\",\"@graph\":[{\"@type\":\"WebPage\",\"@id\":\"https:\\\/\\\/www.tstcables.com\\\/es\\\/producto\\\/cable-cat5-5e-cable-de-red-de-categoria-5\\\/\",\"url\":\"https:\\\/\\\/www.tstcables.com\\\/es\\\/producto\\\/cable-cat5-5e-cable-de-red-de-categoria-5\\\/\",\"name\":\"Cable CAT5\\\/5e (cable de red de categor\u00eda 5)\",\"isPartOf\":{\"@id\":\"https:\\\/\\\/www.tstcables.com\\\/es\\\/#website\"},\"primaryImageOfPage\":{\"@id\":\"https:\\\/\\\/www.tstcables.com\\\/es\\\/producto\\\/cable-cat5-5e-cable-de-red-de-categoria-5\\\/#primaryimage\"},\"image\":{\"@id\":\"https:\\\/\\\/www.tstcables.com\\\/es\\\/producto\\\/cable-cat5-5e-cable-de-red-de-categoria-5\\\/#primaryimage\"},\"thumbnailUrl\":\"https:\\\/\\\/www.tstcables.com\\\/wp-content\\\/uploads\\\/2024\\\/03\\\/cat5.jpg\",\"datePublished\":\"2024-03-23T11:15:09+00:00\",\"dateModified\":\"2024-05-07T06:36:49+00:00\",\"description\":\"El cable CAT5\\\/5e (cable de red de categor\u00eda 5) se instala de forma permanente y protegida en las conexiones internas y externas de locomotoras de ferrocarril, autobuses y otros veh\u00edculos.\",\"breadcrumb\":{\"@id\":\"https:\\\/\\\/www.tstcables.com\\\/es\\\/producto\\\/cable-cat5-5e-cable-de-red-de-categoria-5\\\/#breadcrumb\"},\"inLanguage\":\"es\",\"potentialAction\":[{\"@type\":\"ReadAction\",\"target\":[\"https:\\\/\\\/www.tstcables.com\\\/es\\\/producto\\\/cable-cat5-5e-cable-de-red-de-categoria-5\\\/\"]}]},{\"@type\":\"ImageObject\",\"inLanguage\":\"es\",\"@id\":\"https:\\\/\\\/www.tstcables.com\\\/es\\\/producto\\\/cable-cat5-5e-cable-de-red-de-categoria-5\\\/#primaryimage\",\"url\":\"https:\\\/\\\/www.tstcables.com\\\/wp-content\\\/uploads\\\/2024\\\/03\\\/cat5.jpg\",\"contentUrl\":\"https:\\\/\\\/www.tstcables.com\\\/wp-content\\\/uploads\\\/2024\\\/03\\\/cat5.jpg\",\"width\":500,\"height\":500,\"caption\":\"CAT5\\\/5e cable (Category 5 network cable)\"},{\"@type\":\"BreadcrumbList\",\"@id\":\"https:\\\/\\\/www.tstcables.com\\\/es\\\/producto\\\/cable-cat5-5e-cable-de-red-de-categoria-5\\\/#breadcrumb\",\"itemListElement\":[{\"@type\":\"ListItem\",\"position\":1,\"name\":\"\u9996\u9875\",\"item\":\"https:\\\/\\\/www.tstcables.com\\\/es\\\/\"},{\"@type\":\"ListItem\",\"position\":2,\"name\":\"Product\",\"item\":\"https:\\\/\\\/www.tstcables.com\\\/product\\\/\"},{\"@type\":\"ListItem\",\"position\":3,\"name\":\"Cable LSZH CAT5\\\/5e (cable de red Cat 5)\"}]},{\"@type\":\"WebSite\",\"@id\":\"https:\\\/\\\/www.tstcables.com\\\/es\\\/#website\",\"url\":\"https:\\\/\\\/www.tstcables.com\\\/es\\\/\",\"name\":\"TST Cable supplier & Manufacture\",\"description\":\"TST CABLES  supplier &amp; Manufacture official website\",\"publisher\":{\"@id\":\"https:\\\/\\\/www.tstcables.com\\\/es\\\/#organization\"},\"potentialAction\":[{\"@type\":\"SearchAction\",\"target\":{\"@type\":\"EntryPoint\",\"urlTemplate\":\"https:\\\/\\\/www.tstcables.com\\\/es\\\/?s={search_term_string}\"},\"query-input\":{\"@type\":\"PropertyValueSpecification\",\"valueRequired\":true,\"valueName\":\"search_term_string\"}}],\"inLanguage\":\"es\"},{\"@type\":\"Organization\",\"@id\":\"https:\\\/\\\/www.tstcables.com\\\/es\\\/#organization\",\"name\":\"TST Cable supplier & Manufacture\",\"url\":\"https:\\\/\\\/www.tstcables.com\\\/es\\\/\",\"logo\":{\"@type\":\"ImageObject\",\"inLanguage\":\"es\",\"@id\":\"https:\\\/\\\/www.tstcables.com\\\/es\\\/#\\\/schema\\\/logo\\\/image\\\/\",\"url\":\"https:\\\/\\\/www.tstcables.com\\\/wp-content\\\/uploads\\\/2024\\\/04\\\/cropped-\u753b\u677f-1-\u62f7\u8d1d-4-1.png\",\"contentUrl\":\"https:\\\/\\\/www.tstcables.com\\\/wp-content\\\/uploads\\\/2024\\\/04\\\/cropped-\u753b\u677f-1-\u62f7\u8d1d-4-1.png\",\"width\":300,\"height\":100,\"caption\":\"TST Cable supplier & Manufacture\"},\"image\":{\"@id\":\"https:\\\/\\\/www.tstcables.com\\\/es\\\/#\\\/schema\\\/logo\\\/image\\\/\"}}]}<\/script>\n<!-- \/ Yoast SEO plugin. -->","yoast_head_json":{"title":"Cable CAT5\/5e (cable de red de categor\u00eda 5)","description":"El cable CAT5\/5e (cable de red de categor\u00eda 5) se instala de forma permanente y protegida en las conexiones internas y externas de locomotoras de ferrocarril, autobuses y otros veh\u00edculos.","robots":{"index":"index","follow":"follow","max-snippet":"max-snippet:-1","max-image-preview":"max-image-preview:large","max-video-preview":"max-video-preview:-1"},"canonical":"https:\/\/www.tstcables.com\/es\/producto\/cable-cat5-5e-cable-de-red-de-categoria-5\/","og_locale":"es_ES","og_type":"article","og_title":"Cable CAT5\/5e (cable de red de categor\u00eda 5)","og_description":"El cable CAT5\/5e (cable de red de categor\u00eda 5) se instala de forma permanente y protegida en las conexiones internas y externas de locomotoras de ferrocarril, autobuses y otros veh\u00edculos.","og_url":"https:\/\/www.tstcables.com\/es\/producto\/cable-cat5-5e-cable-de-red-de-categoria-5\/","og_site_name":"TST CABLES supplier &amp; Manufacture","article_modified_time":"2024-05-07T06:36:49+00:00","og_image":[{"width":500,"height":500,"url":"https:\/\/www.tstcables.com\/wp-content\/uploads\/2024\/03\/cat5.jpg","type":"image\/jpeg"}],"twitter_card":"summary_large_image","twitter_misc":{"Tiempo de lectura":"1 minuto"},"schema":{"@context":"https:\/\/schema.org","@graph":[{"@type":"WebPage","@id":"https:\/\/www.tstcables.com\/es\/producto\/cable-cat5-5e-cable-de-red-de-categoria-5\/","url":"https:\/\/www.tstcables.com\/es\/producto\/cable-cat5-5e-cable-de-red-de-categoria-5\/","name":"Cable CAT5\/5e (cable de red de categor\u00eda 5)","isPartOf":{"@id":"https:\/\/www.tstcables.com\/es\/#website"},"primaryImageOfPage":{"@id":"https:\/\/www.tstcables.com\/es\/producto\/cable-cat5-5e-cable-de-red-de-categoria-5\/#primaryimage"},"image":{"@id":"https:\/\/www.tstcables.com\/es\/producto\/cable-cat5-5e-cable-de-red-de-categoria-5\/#primaryimage"},"thumbnailUrl":"https:\/\/www.tstcables.com\/wp-content\/uploads\/2024\/03\/cat5.jpg","datePublished":"2024-03-23T11:15:09+00:00","dateModified":"2024-05-07T06:36:49+00:00","description":"El cable CAT5\/5e (cable de red de categor\u00eda 5) se instala de forma permanente y protegida en las conexiones internas y externas de locomotoras de ferrocarril, autobuses y otros veh\u00edculos.","breadcrumb":{"@id":"https:\/\/www.tstcables.com\/es\/producto\/cable-cat5-5e-cable-de-red-de-categoria-5\/#breadcrumb"},"inLanguage":"es","potentialAction":[{"@type":"ReadAction","target":["https:\/\/www.tstcables.com\/es\/producto\/cable-cat5-5e-cable-de-red-de-categoria-5\/"]}]},{"@type":"ImageObject","inLanguage":"es","@id":"https:\/\/www.tstcables.com\/es\/producto\/cable-cat5-5e-cable-de-red-de-categoria-5\/#primaryimage","url":"https:\/\/www.tstcables.com\/wp-content\/uploads\/2024\/03\/cat5.jpg","contentUrl":"https:\/\/www.tstcables.com\/wp-content\/uploads\/2024\/03\/cat5.jpg","width":500,"height":500,"caption":"CAT5\/5e cable (Category 5 network cable)"},{"@type":"BreadcrumbList","@id":"https:\/\/www.tstcables.com\/es\/producto\/cable-cat5-5e-cable-de-red-de-categoria-5\/#breadcrumb","itemListElement":[{"@type":"ListItem","position":1,"name":"\u9996\u9875","item":"https:\/\/www.tstcables.com\/es\/"},{"@type":"ListItem","position":2,"name":"Product","item":"https:\/\/www.tstcables.com\/product\/"},{"@type":"ListItem","position":3,"name":"Cable LSZH CAT5\/5e (cable de red Cat 5)"}]},{"@type":"WebSite","@id":"https:\/\/www.tstcables.com\/es\/#website","url":"https:\/\/www.tstcables.com\/es\/","name":"TST Cable supplier & Manufacture","description":"TST CABLES  supplier &amp; Manufacture official website","publisher":{"@id":"https:\/\/www.tstcables.com\/es\/#organization"},"potentialAction":[{"@type":"SearchAction","target":{"@type":"EntryPoint","urlTemplate":"https:\/\/www.tstcables.com\/es\/?s={search_term_string}"},"query-input":{"@type":"PropertyValueSpecification","valueRequired":true,"valueName":"search_term_string"}}],"inLanguage":"es"},{"@type":"Organization","@id":"https:\/\/www.tstcables.com\/es\/#organization","name":"TST Cable supplier & Manufacture","url":"https:\/\/www.tstcables.com\/es\/","logo":{"@type":"ImageObject","inLanguage":"es","@id":"https:\/\/www.tstcables.com\/es\/#\/schema\/logo\/image\/","url":"https:\/\/www.tstcables.com\/wp-content\/uploads\/2024\/04\/cropped-\u753b\u677f-1-\u62f7\u8d1d-4-1.png","contentUrl":"https:\/\/www.tstcables.com\/wp-content\/uploads\/2024\/04\/cropped-\u753b\u677f-1-\u62f7\u8d1d-4-1.png","width":300,"height":100,"caption":"TST Cable supplier & Manufacture"},"image":{"@id":"https:\/\/www.tstcables.com\/es\/#\/schema\/logo\/image\/"}}]}},"_links":{"self":[{"href":"https:\/\/www.tstcables.com\/es\/wp-json\/wp\/v2\/product\/15188","targetHints":{"allow":["GET"]}}],"collection":[{"href":"https:\/\/www.tstcables.com\/es\/wp-json\/wp\/v2\/product"}],"about":[{"href":"https:\/\/www.tstcables.com\/es\/wp-json\/wp\/v2\/types\/product"}],"version-history":[{"count":0,"href":"https:\/\/www.tstcables.com\/es\/wp-json\/wp\/v2\/product\/15188\/revisions"}],"wp:featuredmedia":[{"embeddable":true,"href":"https:\/\/www.tstcables.com\/es\/wp-json\/wp\/v2\/media\/10756"}],"wp:attachment":[{"href":"https:\/\/www.tstcables.com\/es\/wp-json\/wp\/v2\/media?parent=15188"}],"wp:term":[{"taxonomy":"product_brand","embeddable":true,"href":"https:\/\/www.tstcables.com\/es\/wp-json\/wp\/v2\/product_brand?post=15188"},{"taxonomy":"product_cat","embeddable":true,"href":"https:\/\/www.tstcables.com\/es\/wp-json\/wp\/v2\/product_cat?post=15188"},{"taxonomy":"product_tag","embeddable":true,"href":"https:\/\/www.tstcables.com\/es\/wp-json\/wp\/v2\/product_tag?post=15188"}],"curies":[{"name":"wp","href":"https:\/\/api.w.org\/{rel}","templated":true}]}}