{"id":15189,"date":"2024-03-23T18:58:31","date_gmt":"2024-03-23T10:58:31","guid":{"rendered":"https:\/\/www.tstcables.com\/product\/cable-de-comunicacion-can-bus-rs485-rs422\/"},"modified":"2024-05-07T14:38:12","modified_gmt":"2024-05-07T06:38:12","slug":"cable-de-comunicacion-can-bus-rs485-rs422","status":"publish","type":"product","link":"https:\/\/www.tstcables.com\/es\/producto\/cable-de-comunicacion-can-bus-rs485-rs422\/","title":{"rendered":"Cable de comunicaci\u00f3n CAN BUS\/RS485\/RS422"},"content":{"rendered":"<p>Aplicaci\u00f3n\uff1a<\/p>\n<p>Comunicaci\u00f3n entre los distintos componentes del autom\u00f3vil<\/p>\n<p>Caracter\u00edstica\uff1a<\/p>\n<ul>\n<li>Tensi\u00f3n nominal: 300 V CA<\/li>\n<li>Gama de temperaturas: -40\u00b0C a 90\u00b0C<\/li>\n<li>Radio de curvatura: 6D (D se refiere al di\u00e1metro exterior del cable)<\/li>\n<li>Impedancia caracter\u00edstica: 120\u03a9+12\u03a9 (0,75~3MHz)<\/li>\n<li>Cobre esta\u00f1ado<\/li>\n<li>Resistente a la oxidaci\u00f3n<\/li>\n<li>Alta conductividad<\/li>\n<li>Resistente a la abrasi\u00f3n<\/li>\n<li>Resistente a la oxidaci\u00f3n<\/li>\n<li>No deformable<\/li>\n<\/ul>\n<p>Estructura\uff1a<\/p>\n<ul>\n<li>Conductor: Conductor de cobre esta\u00f1ado, estructura de clase 5.<\/li>\n<li>Aislamiento: Material aislante de polietileno.<\/li>\n<li>Cinta de poli\u00e9ster.<\/li>\n<li>Blindaje: Papel de aluminio + Blindaje trenzado.<\/li>\n<li>Cubierta: Poliolef reticulado irradiado<\/li>\n<li>en material de vaina.<\/li>\n<\/ul>\n<p>Par\u00e1metro de selecci\u00f3n<\/p>\n<style type=\"text\/css\">\n.tg  {border-collapse:collapse;border-color:#ccc;border-spacing:0;}<br \/>.tg td{background-color:#fff;border-color:#ccc;border-style:solid;border-width:1px;color:#333;<br \/>  font-family:Arial, sans-serif;font-size:14px;overflow:hidden;padding:10px 5px;word-break:normal;}<br \/>.tg th{background-color:#f0f0f0;border-color:#ccc;border-style:solid;border-width:1px;color:#333;<br \/>  font-family:Arial, sans-serif;font-size:14px;font-weight:normal;overflow:hidden;padding:10px 5px;word-break:normal;}<br \/>.tg .tg-0pky{border-color:inherit;text-align:left;vertical-align:top}<br \/>.tg .tg-0lax{text-align:left;vertical-align:top}<br \/><\/style>\n<table class=\"tg\">\n<thead>\n<tr>\n<th class=\"tg-0pky\" rowspan=\"2\">Especificaciones del modelo<\/th>\n<th class=\"tg-0pky\" rowspan=\"2\"><span style=\"color: #000;\">Di\u00e1metro del conductor \uff08mm\uff09<\/span><\/th>\n<th class=\"tg-0pky\" rowspan=\"2\"><span style=\"color: #000;\">Di\u00e1metro del aislamiento \uff08mm\uff09<\/span><\/th>\n<th class=\"tg-0pky\" colspan=\"2\"><span style=\"color: #000;\">Di\u00e1metro exterior\uff08D\uff09<\/span><\/th>\n<th class=\"tg-0pky\" rowspan=\"2\"><span style=\"color: #000;\">Peso medio del cable Kg\/km<\/span><\/th>\n<th class=\"tg-0pky\" rowspan=\"2\"><span style=\"color: #000;\">Valor calor\u00edfico de combusti\u00f3n KJ\/m<\/span><\/th>\n<\/tr>\n<tr>\n<th class=\"tg-0pky\"><span style=\"color: #000;\">M\u00edn.mm<\/span><\/th>\n<th class=\"tg-0pky\"><span style=\"color: #000;\">M\u00e1x.mm<\/span><\/th>\n<\/tr>\n<\/thead>\n<tbody>\n<tr>\n<td class=\"tg-0pky\"><span style=\"color: #000;\">2x2x26AWG(Tipo s\u00f3lido)<\/span><\/td>\n<td class=\"tg-0pky\"><span style=\"color: #000;\">0.48<\/span><\/td>\n<td class=\"tg-0pky\"><span style=\"color: #000;\">1.2<\/span><\/td>\n<td class=\"tg-0pky\"><span style=\"color: #000;\">6.2<\/span><\/td>\n<td class=\"tg-0pky\"><span style=\"color: #000;\">6.8<\/span><\/td>\n<td class=\"tg-0pky\"><span style=\"color: #000;\">43<\/span><\/td>\n<td class=\"tg-0pky\"><span style=\"color: #000;\">380<\/span><\/td>\n<\/tr>\n<tr>\n<td class=\"tg-0pky\"><span style=\"color: #000;\">4x2x26AWG(Tipo s\u00f3lido)<\/span><\/td>\n<td class=\"tg-0pky\"><span style=\"color: #000;\">0.48<\/span><\/td>\n<td class=\"tg-0pky\"><span style=\"color: #000;\">1.2<\/span><\/td>\n<td class=\"tg-0pky\"><span style=\"color: #000;\">7.2<\/span><\/td>\n<td class=\"tg-0pky\"><span style=\"color: #000;\">7.8<\/span><\/td>\n<td class=\"tg-0pky\"><span style=\"color: #000;\">64<\/span><\/td>\n<td class=\"tg-0pky\"><span style=\"color: #000;\">520<\/span><\/td>\n<\/tr>\n<tr>\n<td class=\"tg-0lax\"><span style=\"color: #000;\">2&#215;0,5+1&#215;0,5(tipo espuma)<\/span><\/td>\n<td class=\"tg-0lax\"><span style=\"color: #000;\">0.9<\/span><\/td>\n<td class=\"tg-0lax\"><span style=\"color: #000;\">2.4<\/span><\/td>\n<td class=\"tg-0lax\"><span style=\"color: #000;\">6.7<\/span><\/td>\n<td class=\"tg-0lax\"><span style=\"color: #000;\">7.2<\/span><\/td>\n<td class=\"tg-0lax\"><span style=\"color: #000;\">68<\/span><\/td>\n<td class=\"tg-0lax\"><span style=\"color: #000;\">1250<\/span><\/td>\n<\/tr>\n<tr>\n<td class=\"tg-0lax\"><span style=\"color: #000;\">4&#215;0,5(Tipo s\u00f3lido)<\/span><\/td>\n<td class=\"tg-0lax\"><span style=\"color: #000;\">0.9<\/span><\/td>\n<td class=\"tg-0lax\"><span style=\"color: #000;\">2.9<\/span><\/td>\n<td class=\"tg-0lax\"><span style=\"color: #000;\">9<\/span><\/td>\n<td class=\"tg-0lax\"><span style=\"color: #000;\">9.5<\/span><\/td>\n<td class=\"tg-0lax\"><span style=\"color: #000;\">96<\/span><\/td>\n<td class=\"tg-0lax\"><span style=\"color: #000;\">1560<\/span><\/td>\n<\/tr>\n<tr>\n<td class=\"tg-0lax\"><span style=\"color: #000;\">4&#215;0,75(Tipo s\u00f3lido)<\/span><\/td>\n<td class=\"tg-0lax\"><span style=\"color: #000;\">1.15<\/span><\/td>\n<td class=\"tg-0lax\"><span style=\"color: #000;\">3.4<\/span><\/td>\n<td class=\"tg-0lax\"><span style=\"color: #000;\">10.2<\/span><\/td>\n<td class=\"tg-0lax\"><span style=\"color: #000;\">10.8<\/span><\/td>\n<td class=\"tg-0lax\"><span style=\"color: #000;\">128<\/span><\/td>\n<td class=\"tg-0lax\"><span style=\"color: #000;\">1720<\/span><\/td>\n<\/tr>\n<\/tbody>\n<\/table>\n","protected":false},"excerpt":{"rendered":"<p>Controller Area Network (CAN) es un bus de protocolo de comunicaci\u00f3n en serie utilizado para aplicaciones en tiempo real. Se utiliza para la comunicaci\u00f3n entre diversos componentes de los autom\u00f3viles en sustituci\u00f3n de los costosos y voluminosos mazos de cables de distribuci\u00f3n. Entre sus caracter\u00edsticas se incluyen comunicaciones de datos serie completas, soporte en tiempo real, velocidades de transferencia de hasta 1 Mb\/s, direccionamiento simult\u00e1neo de 11 bits y capacidad de detecci\u00f3n de errores.<\/p>\n","protected":false},"featured_media":12534,"template":"","meta":{"_eb_attr":"","site-sidebar-layout":"default","site-content-layout":"","ast-site-content-layout":"default","site-content-style":"default","site-sidebar-style":"default","ast-global-header-display":"","ast-banner-title-visibility":"","ast-main-header-display":"","ast-hfb-above-header-display":"","ast-hfb-below-header-display":"","ast-hfb-mobile-header-display":"","site-post-title":"","ast-breadcrumbs-content":"","ast-featured-img":"","footer-sml-layout":"","theme-transparent-header-meta":"default","adv-header-id-meta":"","stick-header-meta":"","header-above-stick-meta":"","header-main-stick-meta":"","header-below-stick-meta":"","astra-migrate-meta-layouts":"default","ast-page-background-enabled":"default","ast-page-background-meta":{"desktop":{"background-color":"","background-image":"","background-repeat":"repeat","background-position":"center center","background-size":"auto","background-attachment":"scroll","background-type":"","background-media":"","overlay-type":"","overlay-color":"","overlay-opacity":"","overlay-gradient":""},"tablet":{"background-color":"","background-image":"","background-repeat":"repeat","background-position":"center center","background-size":"auto","background-attachment":"scroll","background-type":"","background-media":"","overlay-type":"","overlay-color":"","overlay-opacity":"","overlay-gradient":""},"mobile":{"background-color":"","background-image":"","background-repeat":"repeat","background-position":"center center","background-size":"auto","background-attachment":"scroll","background-type":"","background-media":"","overlay-type":"","overlay-color":"","overlay-opacity":"","overlay-gradient":""}},"ast-content-background-meta":{"desktop":{"background-color":"var(--ast-global-color-5)","background-image":"","background-repeat":"repeat","background-position":"center center","background-size":"auto","background-attachment":"scroll","background-type":"","background-media":"","overlay-type":"","overlay-color":"","overlay-opacity":"","overlay-gradient":""},"tablet":{"background-color":"var(--ast-global-color-5)","background-image":"","background-repeat":"repeat","background-position":"center center","background-size":"auto","background-attachment":"scroll","background-type":"","background-media":"","overlay-type":"","overlay-color":"","overlay-opacity":"","overlay-gradient":""},"mobile":{"background-color":"var(--ast-global-color-5)","background-image":"","background-repeat":"repeat","background-position":"center center","background-size":"auto","background-attachment":"scroll","background-type":"","background-media":"","overlay-type":"","overlay-color":"","overlay-opacity":"","overlay-gradient":""}}},"product_brand":[],"product_cat":[599,590,623,622,601,610,603,602,646,598,600,597],"product_tag":[662,661,660,664,663],"class_list":{"0":"post-15189","1":"product","2":"type-product","3":"status-publish","4":"has-post-thumbnail","6":"product_cat-aviacion","7":"product_cat-lsoh-cable-es","8":"product_cat-en50264-es","9":"product_cat-en50306-es","10":"product_cat-en50382-es","11":"product_cat-energia-eolica","12":"product_cat-norma-en","13":"product_cat-norma-ice","14":"product_cat-nuclear-es","15":"product_cat-petroleo-gas","16":"product_cat-marina","17":"product_cat-via-ferrea","18":"product_tag-cable-bus","19":"product_tag-cable-can","20":"product_tag-cable-de-comunicacion","21":"product_tag-cable-rs422","22":"product_tag-cable-rs485","23":"desktop-align-center","24":"tablet-align-left","25":"mobile-align-left","27":"first","28":"instock","29":"shipping-taxable","30":"product-type-simple"},"yoast_head":"<!-- This site is optimized with the Yoast SEO plugin v27.4 - https:\/\/yoast.com\/product\/yoast-seo-wordpress\/ -->\n<title>Cable de comunicaci\u00f3n CAN BUS\/RS485\/RS422<\/title>\n<meta name=\"description\" content=\"Controller Area Network (CAN) es un bus de protocolo de comunicaci\u00f3n en serie utilizado para aplicaciones en tiempo real.\" \/>\n<meta name=\"robots\" content=\"index, follow, max-snippet:-1, max-image-preview:large, max-video-preview:-1\" \/>\n<link rel=\"canonical\" href=\"https:\/\/www.tstcables.com\/es\/producto\/cable-de-comunicacion-can-bus-rs485-rs422\/\" \/>\n<meta property=\"og:locale\" content=\"es_ES\" \/>\n<meta property=\"og:type\" content=\"article\" \/>\n<meta property=\"og:title\" content=\"Cable de comunicaci\u00f3n CAN BUS\/RS485\/RS422\" \/>\n<meta property=\"og:description\" content=\"Controller Area Network (CAN) es un bus de protocolo de comunicaci\u00f3n en serie utilizado para aplicaciones en tiempo real.\" \/>\n<meta property=\"og:url\" content=\"https:\/\/www.tstcables.com\/es\/producto\/cable-de-comunicacion-can-bus-rs485-rs422\/\" \/>\n<meta property=\"og:site_name\" content=\"TST CABLES supplier &amp; Manufacture\" \/>\n<meta property=\"article:modified_time\" content=\"2024-05-07T06:38:12+00:00\" \/>\n<meta property=\"og:image\" content=\"https:\/\/www.tstcables.com\/wp-content\/uploads\/2024\/03\/5-7.jpg\" \/>\n\t<meta property=\"og:image:width\" content=\"640\" \/>\n\t<meta property=\"og:image:height\" content=\"640\" \/>\n\t<meta property=\"og:image:type\" content=\"image\/jpeg\" \/>\n<meta name=\"twitter:card\" content=\"summary_large_image\" \/>\n<meta name=\"twitter:label1\" content=\"Tiempo de lectura\" \/>\n\t<meta name=\"twitter:data1\" content=\"1 minuto\" \/>\n<script type=\"application\/ld+json\" class=\"yoast-schema-graph\">{\"@context\":\"https:\\\/\\\/schema.org\",\"@graph\":[{\"@type\":\"WebPage\",\"@id\":\"https:\\\/\\\/www.tstcables.com\\\/es\\\/producto\\\/cable-de-comunicacion-can-bus-rs485-rs422\\\/\",\"url\":\"https:\\\/\\\/www.tstcables.com\\\/es\\\/producto\\\/cable-de-comunicacion-can-bus-rs485-rs422\\\/\",\"name\":\"Cable de comunicaci\u00f3n CAN BUS\\\/RS485\\\/RS422\",\"isPartOf\":{\"@id\":\"https:\\\/\\\/www.tstcables.com\\\/es\\\/#website\"},\"primaryImageOfPage\":{\"@id\":\"https:\\\/\\\/www.tstcables.com\\\/es\\\/producto\\\/cable-de-comunicacion-can-bus-rs485-rs422\\\/#primaryimage\"},\"image\":{\"@id\":\"https:\\\/\\\/www.tstcables.com\\\/es\\\/producto\\\/cable-de-comunicacion-can-bus-rs485-rs422\\\/#primaryimage\"},\"thumbnailUrl\":\"https:\\\/\\\/www.tstcables.com\\\/wp-content\\\/uploads\\\/2024\\\/03\\\/5-7.jpg\",\"datePublished\":\"2024-03-23T10:58:31+00:00\",\"dateModified\":\"2024-05-07T06:38:12+00:00\",\"description\":\"Controller Area Network (CAN) es un bus de protocolo de comunicaci\u00f3n en serie utilizado para aplicaciones en tiempo real.\",\"breadcrumb\":{\"@id\":\"https:\\\/\\\/www.tstcables.com\\\/es\\\/producto\\\/cable-de-comunicacion-can-bus-rs485-rs422\\\/#breadcrumb\"},\"inLanguage\":\"es\",\"potentialAction\":[{\"@type\":\"ReadAction\",\"target\":[\"https:\\\/\\\/www.tstcables.com\\\/es\\\/producto\\\/cable-de-comunicacion-can-bus-rs485-rs422\\\/\"]}]},{\"@type\":\"ImageObject\",\"inLanguage\":\"es\",\"@id\":\"https:\\\/\\\/www.tstcables.com\\\/es\\\/producto\\\/cable-de-comunicacion-can-bus-rs485-rs422\\\/#primaryimage\",\"url\":\"https:\\\/\\\/www.tstcables.com\\\/wp-content\\\/uploads\\\/2024\\\/03\\\/5-7.jpg\",\"contentUrl\":\"https:\\\/\\\/www.tstcables.com\\\/wp-content\\\/uploads\\\/2024\\\/03\\\/5-7.jpg\",\"width\":640,\"height\":640,\"caption\":\"CAN BUS\\\/RS485\\\/RS422 communication cable\"},{\"@type\":\"BreadcrumbList\",\"@id\":\"https:\\\/\\\/www.tstcables.com\\\/es\\\/producto\\\/cable-de-comunicacion-can-bus-rs485-rs422\\\/#breadcrumb\",\"itemListElement\":[{\"@type\":\"ListItem\",\"position\":1,\"name\":\"\u9996\u9875\",\"item\":\"https:\\\/\\\/www.tstcables.com\\\/es\\\/\"},{\"@type\":\"ListItem\",\"position\":2,\"name\":\"Product\",\"item\":\"https:\\\/\\\/www.tstcables.com\\\/product\\\/\"},{\"@type\":\"ListItem\",\"position\":3,\"name\":\"Cable de comunicaci\u00f3n CAN BUS\\\/RS485\\\/RS422\"}]},{\"@type\":\"WebSite\",\"@id\":\"https:\\\/\\\/www.tstcables.com\\\/es\\\/#website\",\"url\":\"https:\\\/\\\/www.tstcables.com\\\/es\\\/\",\"name\":\"TST Cable supplier & Manufacture\",\"description\":\"TST CABLES  supplier &amp; Manufacture official website\",\"publisher\":{\"@id\":\"https:\\\/\\\/www.tstcables.com\\\/es\\\/#organization\"},\"potentialAction\":[{\"@type\":\"SearchAction\",\"target\":{\"@type\":\"EntryPoint\",\"urlTemplate\":\"https:\\\/\\\/www.tstcables.com\\\/es\\\/?s={search_term_string}\"},\"query-input\":{\"@type\":\"PropertyValueSpecification\",\"valueRequired\":true,\"valueName\":\"search_term_string\"}}],\"inLanguage\":\"es\"},{\"@type\":\"Organization\",\"@id\":\"https:\\\/\\\/www.tstcables.com\\\/es\\\/#organization\",\"name\":\"TST Cable supplier & Manufacture\",\"url\":\"https:\\\/\\\/www.tstcables.com\\\/es\\\/\",\"logo\":{\"@type\":\"ImageObject\",\"inLanguage\":\"es\",\"@id\":\"https:\\\/\\\/www.tstcables.com\\\/es\\\/#\\\/schema\\\/logo\\\/image\\\/\",\"url\":\"https:\\\/\\\/www.tstcables.com\\\/wp-content\\\/uploads\\\/2024\\\/04\\\/cropped-\u753b\u677f-1-\u62f7\u8d1d-4-1.png\",\"contentUrl\":\"https:\\\/\\\/www.tstcables.com\\\/wp-content\\\/uploads\\\/2024\\\/04\\\/cropped-\u753b\u677f-1-\u62f7\u8d1d-4-1.png\",\"width\":300,\"height\":100,\"caption\":\"TST Cable supplier & Manufacture\"},\"image\":{\"@id\":\"https:\\\/\\\/www.tstcables.com\\\/es\\\/#\\\/schema\\\/logo\\\/image\\\/\"}}]}<\/script>\n<!-- \/ Yoast SEO plugin. -->","yoast_head_json":{"title":"Cable de comunicaci\u00f3n CAN BUS\/RS485\/RS422","description":"Controller Area Network (CAN) es un bus de protocolo de comunicaci\u00f3n en serie utilizado para aplicaciones en tiempo real.","robots":{"index":"index","follow":"follow","max-snippet":"max-snippet:-1","max-image-preview":"max-image-preview:large","max-video-preview":"max-video-preview:-1"},"canonical":"https:\/\/www.tstcables.com\/es\/producto\/cable-de-comunicacion-can-bus-rs485-rs422\/","og_locale":"es_ES","og_type":"article","og_title":"Cable de comunicaci\u00f3n CAN BUS\/RS485\/RS422","og_description":"Controller Area Network (CAN) es un bus de protocolo de comunicaci\u00f3n en serie utilizado para aplicaciones en tiempo real.","og_url":"https:\/\/www.tstcables.com\/es\/producto\/cable-de-comunicacion-can-bus-rs485-rs422\/","og_site_name":"TST CABLES supplier &amp; Manufacture","article_modified_time":"2024-05-07T06:38:12+00:00","og_image":[{"width":640,"height":640,"url":"https:\/\/www.tstcables.com\/wp-content\/uploads\/2024\/03\/5-7.jpg","type":"image\/jpeg"}],"twitter_card":"summary_large_image","twitter_misc":{"Tiempo de lectura":"1 minuto"},"schema":{"@context":"https:\/\/schema.org","@graph":[{"@type":"WebPage","@id":"https:\/\/www.tstcables.com\/es\/producto\/cable-de-comunicacion-can-bus-rs485-rs422\/","url":"https:\/\/www.tstcables.com\/es\/producto\/cable-de-comunicacion-can-bus-rs485-rs422\/","name":"Cable de comunicaci\u00f3n CAN BUS\/RS485\/RS422","isPartOf":{"@id":"https:\/\/www.tstcables.com\/es\/#website"},"primaryImageOfPage":{"@id":"https:\/\/www.tstcables.com\/es\/producto\/cable-de-comunicacion-can-bus-rs485-rs422\/#primaryimage"},"image":{"@id":"https:\/\/www.tstcables.com\/es\/producto\/cable-de-comunicacion-can-bus-rs485-rs422\/#primaryimage"},"thumbnailUrl":"https:\/\/www.tstcables.com\/wp-content\/uploads\/2024\/03\/5-7.jpg","datePublished":"2024-03-23T10:58:31+00:00","dateModified":"2024-05-07T06:38:12+00:00","description":"Controller Area Network (CAN) es un bus de protocolo de comunicaci\u00f3n en serie utilizado para aplicaciones en tiempo real.","breadcrumb":{"@id":"https:\/\/www.tstcables.com\/es\/producto\/cable-de-comunicacion-can-bus-rs485-rs422\/#breadcrumb"},"inLanguage":"es","potentialAction":[{"@type":"ReadAction","target":["https:\/\/www.tstcables.com\/es\/producto\/cable-de-comunicacion-can-bus-rs485-rs422\/"]}]},{"@type":"ImageObject","inLanguage":"es","@id":"https:\/\/www.tstcables.com\/es\/producto\/cable-de-comunicacion-can-bus-rs485-rs422\/#primaryimage","url":"https:\/\/www.tstcables.com\/wp-content\/uploads\/2024\/03\/5-7.jpg","contentUrl":"https:\/\/www.tstcables.com\/wp-content\/uploads\/2024\/03\/5-7.jpg","width":640,"height":640,"caption":"CAN BUS\/RS485\/RS422 communication cable"},{"@type":"BreadcrumbList","@id":"https:\/\/www.tstcables.com\/es\/producto\/cable-de-comunicacion-can-bus-rs485-rs422\/#breadcrumb","itemListElement":[{"@type":"ListItem","position":1,"name":"\u9996\u9875","item":"https:\/\/www.tstcables.com\/es\/"},{"@type":"ListItem","position":2,"name":"Product","item":"https:\/\/www.tstcables.com\/product\/"},{"@type":"ListItem","position":3,"name":"Cable de comunicaci\u00f3n CAN BUS\/RS485\/RS422"}]},{"@type":"WebSite","@id":"https:\/\/www.tstcables.com\/es\/#website","url":"https:\/\/www.tstcables.com\/es\/","name":"TST Cable supplier & Manufacture","description":"TST CABLES  supplier &amp; Manufacture official website","publisher":{"@id":"https:\/\/www.tstcables.com\/es\/#organization"},"potentialAction":[{"@type":"SearchAction","target":{"@type":"EntryPoint","urlTemplate":"https:\/\/www.tstcables.com\/es\/?s={search_term_string}"},"query-input":{"@type":"PropertyValueSpecification","valueRequired":true,"valueName":"search_term_string"}}],"inLanguage":"es"},{"@type":"Organization","@id":"https:\/\/www.tstcables.com\/es\/#organization","name":"TST Cable supplier & Manufacture","url":"https:\/\/www.tstcables.com\/es\/","logo":{"@type":"ImageObject","inLanguage":"es","@id":"https:\/\/www.tstcables.com\/es\/#\/schema\/logo\/image\/","url":"https:\/\/www.tstcables.com\/wp-content\/uploads\/2024\/04\/cropped-\u753b\u677f-1-\u62f7\u8d1d-4-1.png","contentUrl":"https:\/\/www.tstcables.com\/wp-content\/uploads\/2024\/04\/cropped-\u753b\u677f-1-\u62f7\u8d1d-4-1.png","width":300,"height":100,"caption":"TST Cable supplier & Manufacture"},"image":{"@id":"https:\/\/www.tstcables.com\/es\/#\/schema\/logo\/image\/"}}]}},"_links":{"self":[{"href":"https:\/\/www.tstcables.com\/es\/wp-json\/wp\/v2\/product\/15189","targetHints":{"allow":["GET"]}}],"collection":[{"href":"https:\/\/www.tstcables.com\/es\/wp-json\/wp\/v2\/product"}],"about":[{"href":"https:\/\/www.tstcables.com\/es\/wp-json\/wp\/v2\/types\/product"}],"version-history":[{"count":0,"href":"https:\/\/www.tstcables.com\/es\/wp-json\/wp\/v2\/product\/15189\/revisions"}],"wp:featuredmedia":[{"embeddable":true,"href":"https:\/\/www.tstcables.com\/es\/wp-json\/wp\/v2\/media\/12534"}],"wp:attachment":[{"href":"https:\/\/www.tstcables.com\/es\/wp-json\/wp\/v2\/media?parent=15189"}],"wp:term":[{"taxonomy":"product_brand","embeddable":true,"href":"https:\/\/www.tstcables.com\/es\/wp-json\/wp\/v2\/product_brand?post=15189"},{"taxonomy":"product_cat","embeddable":true,"href":"https:\/\/www.tstcables.com\/es\/wp-json\/wp\/v2\/product_cat?post=15189"},{"taxonomy":"product_tag","embeddable":true,"href":"https:\/\/www.tstcables.com\/es\/wp-json\/wp\/v2\/product_tag?post=15189"}],"curies":[{"name":"wp","href":"https:\/\/api.w.org\/{rel}","templated":true}]}}