{"id":15191,"date":"2024-03-23T18:44:07","date_gmt":"2024-03-23T10:44:07","guid":{"rendered":"https:\/\/www.tstcables.com\/product\/cable-extruido-pi-poliimida-aii-220-cable-multifilar-de-600-v\/"},"modified":"2024-05-07T14:40:28","modified_gmt":"2024-05-07T06:40:28","slug":"cable-extruido-pi-poliimida-aii-220-cable-multifilar-de-600-v","status":"publish","type":"product","link":"https:\/\/www.tstcables.com\/es\/producto\/cable-extruido-pi-poliimida-aii-220-cable-multifilar-de-600-v\/","title":{"rendered":"Cable apantallado PI resistente a altas temperaturas resistente a la radiaci\u00f3n resistente al fuego"},"content":{"rendered":"<p><strong><b>Presentaci\u00f3n del producto:<\/b><\/strong><\/p>\n<p>El cable apantallado PI resistente al fuego, resistente a la radiaci\u00f3n y a las altas temperaturas tiene baja emisi\u00f3n de humos, no contiene hal\u00f3genos, es ign\u00edfugo, resistente a las altas y bajas temperaturas, resistente a la radiaci\u00f3n y tiene buenas propiedades mec\u00e1nicas.<\/p>\n<p>En comparaci\u00f3n con el cable PI (poliimida) de estructura envolvente tradicional, la cadena molecular de PI (poliimida) extruida es m\u00e1s densa, lo que resuelve defectos como el vac\u00edo y el tracoma, y mejora enormemente las caracter\u00edsticas de resistencia a la tensi\u00f3n del producto.<\/p>\n<p>&nbsp;<\/p>\n<p><strong><b>Norma del sector<\/b><\/strong><\/p>\n<ul>\n<li>EN45545-2<\/li>\n<\/ul>\n<p><strong><b>Caracter\u00edsticas del producto:<\/b><\/strong><\/p>\n<ol>\n<li>Resistencia a temperaturas prolongadas: -50-220\u2103<\/li>\n<li>Nivel de tensi\u00f3n soportado: 300V 600V<\/li>\n<li>Resistencia a la radiaci\u00f3n gamma: &gt;850KGy, puede utilizarse durante mucho tiempo.<\/li>\n<li>Retardante de llama sin hal\u00f3genos de baja emisi\u00f3n de humos:<\/li>\n<\/ol>\n<p>&nbsp;<\/p>\n<p><strong><b>Par\u00e1metros t\u00e9cnicos<\/b><\/strong><\/p>\n<table class=\"tg\">\n<thead>\n<tr>\n<th class=\"tg-uzvj\">N\u00famero de n\u00facleos y secci\u00f3n transversal nominal<\/th>\n<th class=\"tg-uzvj\">Espesor m\u00ednimo de la funda<\/th>\n<th class=\"tg-uzvj\" colspan=\"2\">Di\u00e1metro exterior del cable D<\/th>\n<th class=\"tg-uzvj\">20\u2103 conductor resistance<\/th>\n<th class=\"tg-uzvj\">Peso medio<\/th>\n<\/tr>\n<\/thead>\n<tbody>\n<tr>\n<td class=\"tg-uzvj\">mm2<\/td>\n<td class=\"tg-uzvj\">mm<\/td>\n<td class=\"tg-uzvj\">Minmm<\/td>\n<td class=\"tg-uzvj\">M\u00e1x mm<\/td>\n<td class=\"tg-uzvj\">M\u00e1x \u03a9\/km<\/td>\n<td class=\"tg-uzvj\">Kg\/km<\/td>\n<\/tr>\n<tr>\n<td class=\"tg-c3ow\">2*0.06<\/td>\n<td class=\"tg-9wq8\">0.25<\/td>\n<td class=\"tg-9wq8\">1.9<\/td>\n<td class=\"tg-9wq8\">2<\/td>\n<td class=\"tg-9wq8\">330<\/td>\n<td class=\"tg-9wq8\">3.78<\/td>\n<\/tr>\n<tr>\n<td class=\"tg-c3ow\">2*0.08<\/td>\n<td class=\"tg-9wq8\">0.25<\/td>\n<td class=\"tg-9wq8\">2.05<\/td>\n<td class=\"tg-9wq8\">2.15<\/td>\n<td class=\"tg-9wq8\">227<\/td>\n<td class=\"tg-9wq8\">4.52<\/td>\n<\/tr>\n<tr>\n<td class=\"tg-c3ow\">2*0.14<\/td>\n<td class=\"tg-9wq8\">0.25<\/td>\n<td class=\"tg-9wq8\">2.3<\/td>\n<td class=\"tg-9wq8\">2.4<\/td>\n<td class=\"tg-9wq8\">126<\/td>\n<td class=\"tg-9wq8\">6.29<\/td>\n<\/tr>\n<tr>\n<td class=\"tg-c3ow\">2*0.2<\/td>\n<td class=\"tg-9wq8\">0.25<\/td>\n<td class=\"tg-9wq8\">2.5<\/td>\n<td class=\"tg-9wq8\">2.6<\/td>\n<td class=\"tg-9wq8\">83.5<\/td>\n<td class=\"tg-9wq8\">7.88<\/td>\n<\/tr>\n<tr>\n<td class=\"tg-c3ow\">2*0.35<\/td>\n<td class=\"tg-9wq8\">0.25<\/td>\n<td class=\"tg-9wq8\">2.8<\/td>\n<td class=\"tg-9wq8\">2.9<\/td>\n<td class=\"tg-9wq8\">49.5<\/td>\n<td class=\"tg-9wq8\">10.67<\/td>\n<\/tr>\n<tr>\n<td class=\"tg-c3ow\">2*0.5<\/td>\n<td class=\"tg-9wq8\">0.25<\/td>\n<td class=\"tg-9wq8\">3.1<\/td>\n<td class=\"tg-9wq8\">3.2<\/td>\n<td class=\"tg-9wq8\">40.1<\/td>\n<td class=\"tg-9wq8\">13.94<\/td>\n<\/tr>\n<tr>\n<td class=\"tg-c3ow\">3*0.06<\/td>\n<td class=\"tg-9wq8\">0.25<\/td>\n<td class=\"tg-9wq8\">2<\/td>\n<td class=\"tg-9wq8\">2.1<\/td>\n<td class=\"tg-9wq8\">330<\/td>\n<td class=\"tg-9wq8\">4.85<\/td>\n<\/tr>\n<tr>\n<td class=\"tg-c3ow\">3*0.08<\/td>\n<td class=\"tg-9wq8\">0.25<\/td>\n<td class=\"tg-9wq8\">2.15<\/td>\n<td class=\"tg-9wq8\">2.25<\/td>\n<td class=\"tg-9wq8\">227<\/td>\n<td class=\"tg-9wq8\">5.82<\/td>\n<\/tr>\n<tr>\n<td class=\"tg-c3ow\">3*0.14<\/td>\n<td class=\"tg-9wq8\">0.25<\/td>\n<td class=\"tg-9wq8\">2.45<\/td>\n<td class=\"tg-9wq8\">2.55<\/td>\n<td class=\"tg-9wq8\">126<\/td>\n<td class=\"tg-9wq8\">8.43<\/td>\n<\/tr>\n<tr>\n<td class=\"tg-baqh\">3*0.2<\/td>\n<td class=\"tg-nrix\">0.25<\/td>\n<td class=\"tg-nrix\">2.65<\/td>\n<td class=\"tg-nrix\">2.75<\/td>\n<td class=\"tg-nrix\">83.5<\/td>\n<td class=\"tg-nrix\">10.72<\/td>\n<\/tr>\n<tr>\n<td class=\"tg-baqh\">3*0.35<\/td>\n<td class=\"tg-nrix\">0.25<\/td>\n<td class=\"tg-nrix\">3<\/td>\n<td class=\"tg-nrix\">3.1<\/td>\n<td class=\"tg-nrix\">49.5<\/td>\n<td class=\"tg-nrix\">14.76<\/td>\n<\/tr>\n<tr>\n<td class=\"tg-baqh\">3*0.5<\/td>\n<td class=\"tg-nrix\">0.25<\/td>\n<td class=\"tg-nrix\">3.3<\/td>\n<td class=\"tg-nrix\">3.4<\/td>\n<td class=\"tg-nrix\">40.1<\/td>\n<td class=\"tg-nrix\">19.52<\/td>\n<\/tr>\n<tr>\n<td class=\"tg-baqh\">4*0.06<\/td>\n<td class=\"tg-nrix\">0.25<\/td>\n<td class=\"tg-nrix\">2.2<\/td>\n<td class=\"tg-nrix\">2.3<\/td>\n<td class=\"tg-nrix\">330<\/td>\n<td class=\"tg-nrix\">6.01<\/td>\n<\/tr>\n<tr>\n<td class=\"tg-baqh\">4*0.08<\/td>\n<td class=\"tg-nrix\">0.25<\/td>\n<td class=\"tg-nrix\">2.35<\/td>\n<td class=\"tg-nrix\">2.45<\/td>\n<td class=\"tg-nrix\">227<\/td>\n<td class=\"tg-nrix\">7.26<\/td>\n<\/tr>\n<tr>\n<td class=\"tg-baqh\">4*0.14<\/td>\n<td class=\"tg-nrix\">0.25<\/td>\n<td class=\"tg-nrix\">2.65<\/td>\n<td class=\"tg-nrix\">2.75<\/td>\n<td class=\"tg-nrix\">126<\/td>\n<td class=\"tg-nrix\">10.69<\/td>\n<\/tr>\n<tr>\n<td class=\"tg-baqh\">4*0.2<\/td>\n<td class=\"tg-nrix\">0.25<\/td>\n<td class=\"tg-nrix\">2.9<\/td>\n<td class=\"tg-nrix\">3<\/td>\n<td class=\"tg-nrix\">83.5<\/td>\n<td class=\"tg-nrix\">13.68<\/td>\n<\/tr>\n<tr>\n<td class=\"tg-baqh\">4*0.35<\/td>\n<td class=\"tg-nrix\">0.25<\/td>\n<td class=\"tg-nrix\">3.3<\/td>\n<td class=\"tg-nrix\">3.4<\/td>\n<td class=\"tg-nrix\">49.5<\/td>\n<td class=\"tg-nrix\">18.98<\/td>\n<\/tr>\n<tr>\n<td class=\"tg-baqh\">4*0.5<\/td>\n<td class=\"tg-nrix\">0.25<\/td>\n<td class=\"tg-nrix\">3.65<\/td>\n<td class=\"tg-nrix\">3.75<\/td>\n<td class=\"tg-nrix\">40.1<\/td>\n<td class=\"tg-nrix\">25.25<\/td>\n<\/tr>\n<tr>\n<td class=\"tg-baqh\">5*0.06<\/td>\n<td class=\"tg-nrix\">0.25<\/td>\n<td class=\"tg-nrix\">2.4<\/td>\n<td class=\"tg-nrix\">2.5<\/td>\n<td class=\"tg-nrix\">330<\/td>\n<td class=\"tg-nrix\">7.19<\/td>\n<\/tr>\n<tr>\n<td class=\"tg-baqh\">5*0.08<\/td>\n<td class=\"tg-nrix\">0.25<\/td>\n<td class=\"tg-nrix\">2.55<\/td>\n<td class=\"tg-nrix\">2.65<\/td>\n<td class=\"tg-nrix\">227<\/td>\n<td class=\"tg-nrix\">8.73<\/td>\n<\/tr>\n<tr>\n<td class=\"tg-baqh\">5*0.14<\/td>\n<td class=\"tg-nrix\">0.25<\/td>\n<td class=\"tg-nrix\">2.95<\/td>\n<td class=\"tg-nrix\">3.05<\/td>\n<td class=\"tg-nrix\">126<\/td>\n<td class=\"tg-nrix\">12.95<\/td>\n<\/tr>\n<tr>\n<td class=\"tg-baqh\">5*0.2<\/td>\n<td class=\"tg-nrix\">0.25<\/td>\n<td class=\"tg-nrix\">3.2<\/td>\n<td class=\"tg-nrix\">3.3<\/td>\n<td class=\"tg-nrix\">83.5<\/td>\n<td class=\"tg-nrix\">16.66<\/td>\n<\/tr>\n<tr>\n<td class=\"tg-baqh\">5*0.35<\/td>\n<td class=\"tg-nrix\">0.25<\/td>\n<td class=\"tg-nrix\">3.6<\/td>\n<td class=\"tg-nrix\">3.7<\/td>\n<td class=\"tg-nrix\">49.5<\/td>\n<td class=\"tg-nrix\">23.25<\/td>\n<\/tr>\n<\/tbody>\n<\/table>\n","protected":false},"excerpt":{"rendered":"<p>El cable apantallado PI resistente al fuego, resistente a la radiaci\u00f3n y a las altas temperaturas tiene baja emisi\u00f3n de humos, no contiene hal\u00f3genos, es ign\u00edfugo, resistente a las altas y bajas temperaturas, resistente a la radiaci\u00f3n y tiene buenas propiedades mec\u00e1nicas.<\/p>\n","protected":false},"featured_media":12582,"template":"","meta":{"_eb_attr":"","site-sidebar-layout":"default","site-content-layout":"","ast-site-content-layout":"default","site-content-style":"default","site-sidebar-style":"default","ast-global-header-display":"","ast-banner-title-visibility":"","ast-main-header-display":"","ast-hfb-above-header-display":"","ast-hfb-below-header-display":"","ast-hfb-mobile-header-display":"","site-post-title":"","ast-breadcrumbs-content":"","ast-featured-img":"","footer-sml-layout":"","theme-transparent-header-meta":"default","adv-header-id-meta":"","stick-header-meta":"","header-above-stick-meta":"","header-main-stick-meta":"","header-below-stick-meta":"","astra-migrate-meta-layouts":"default","ast-page-background-enabled":"default","ast-page-background-meta":{"desktop":{"background-color":"","background-image":"","background-repeat":"repeat","background-position":"center center","background-size":"auto","background-attachment":"scroll","background-type":"","background-media":"","overlay-type":"","overlay-color":"","overlay-opacity":"","overlay-gradient":""},"tablet":{"background-color":"","background-image":"","background-repeat":"repeat","background-position":"center center","background-size":"auto","background-attachment":"scroll","background-type":"","background-media":"","overlay-type":"","overlay-color":"","overlay-opacity":"","overlay-gradient":""},"mobile":{"background-color":"","background-image":"","background-repeat":"repeat","background-position":"center center","background-size":"auto","background-attachment":"scroll","background-type":"","background-media":"","overlay-type":"","overlay-color":"","overlay-opacity":"","overlay-gradient":""}},"ast-content-background-meta":{"desktop":{"background-color":"var(--ast-global-color-5)","background-image":"","background-repeat":"repeat","background-position":"center center","background-size":"auto","background-attachment":"scroll","background-type":"","background-media":"","overlay-type":"","overlay-color":"","overlay-opacity":"","overlay-gradient":""},"tablet":{"background-color":"var(--ast-global-color-5)","background-image":"","background-repeat":"repeat","background-position":"center center","background-size":"auto","background-attachment":"scroll","background-type":"","background-media":"","overlay-type":"","overlay-color":"","overlay-opacity":"","overlay-gradient":""},"mobile":{"background-color":"var(--ast-global-color-5)","background-image":"","background-repeat":"repeat","background-position":"center center","background-size":"auto","background-attachment":"scroll","background-type":"","background-media":"","overlay-type":"","overlay-color":"","overlay-opacity":"","overlay-gradient":""}}},"product_brand":[],"product_cat":[591,631,590,645,649,603,602,646],"product_tag":[666,667],"class_list":{"0":"post-15191","1":"product","2":"type-product","3":"status-publish","4":"has-post-thumbnail","6":"product_cat-cable-de-alta-temperatura","7":"product_cat-cable-ligero","8":"product_cat-lsoh-cable-es","9":"product_cat-cable-pi","10":"product_cat-cable-resistente-a-las-radiaciones","11":"product_cat-norma-en","12":"product_cat-norma-ice","13":"product_cat-nuclear-es","14":"product_tag-cable-pi-poliimida","15":"product_tag-cable-pi-th-j-aii-220","16":"desktop-align-center","17":"tablet-align-left","18":"mobile-align-left","20":"first","21":"instock","22":"shipping-taxable","23":"product-type-simple"},"yoast_head":"<!-- This site is optimized with the Yoast SEO plugin v27.4 - https:\/\/yoast.com\/product\/yoast-seo-wordpress\/ -->\n<title>Cable apantallado PI resistente a altas temperaturas resistente a la radiaci\u00f3n resistente al fuego<\/title>\n<meta name=\"description\" content=\"Cable apantallado PI resistente a las radiaciones, resistente a las altas temperaturas, resistente al fuego, con baja emisi\u00f3n de humos, sin hal\u00f3genos y resistente a las radiaciones.\" \/>\n<meta name=\"robots\" content=\"index, follow, max-snippet:-1, max-image-preview:large, max-video-preview:-1\" \/>\n<link rel=\"canonical\" href=\"https:\/\/www.tstcables.com\/es\/producto\/cable-extruido-pi-poliimida-aii-220-cable-multifilar-de-600-v\/\" \/>\n<meta property=\"og:locale\" content=\"es_ES\" \/>\n<meta property=\"og:type\" content=\"article\" \/>\n<meta property=\"og:title\" content=\"Cable apantallado PI resistente a altas temperaturas resistente a la radiaci\u00f3n resistente al fuego\" \/>\n<meta property=\"og:description\" content=\"Cable apantallado PI resistente a las radiaciones, resistente a las altas temperaturas, resistente al fuego, con baja emisi\u00f3n de humos, sin hal\u00f3genos y resistente a las radiaciones.\" \/>\n<meta property=\"og:url\" content=\"https:\/\/www.tstcables.com\/es\/producto\/cable-extruido-pi-poliimida-aii-220-cable-multifilar-de-600-v\/\" \/>\n<meta property=\"og:site_name\" content=\"TST CABLES supplier &amp; Manufacture\" \/>\n<meta property=\"article:modified_time\" content=\"2024-05-07T06:40:28+00:00\" \/>\n<meta property=\"og:image\" content=\"https:\/\/www.tstcables.com\/wp-content\/uploads\/2024\/03\/1-12.jpg\" \/>\n\t<meta property=\"og:image:width\" content=\"750\" \/>\n\t<meta property=\"og:image:height\" content=\"750\" \/>\n\t<meta property=\"og:image:type\" content=\"image\/jpeg\" \/>\n<meta name=\"twitter:card\" content=\"summary_large_image\" \/>\n<meta name=\"twitter:label1\" content=\"Tiempo de lectura\" \/>\n\t<meta name=\"twitter:data1\" content=\"1 minuto\" \/>\n<script type=\"application\/ld+json\" class=\"yoast-schema-graph\">{\"@context\":\"https:\\\/\\\/schema.org\",\"@graph\":[{\"@type\":\"WebPage\",\"@id\":\"https:\\\/\\\/www.tstcables.com\\\/es\\\/producto\\\/cable-extruido-pi-poliimida-aii-220-cable-multifilar-de-600-v\\\/\",\"url\":\"https:\\\/\\\/www.tstcables.com\\\/es\\\/producto\\\/cable-extruido-pi-poliimida-aii-220-cable-multifilar-de-600-v\\\/\",\"name\":\"Cable apantallado PI resistente a altas temperaturas resistente a la radiaci\u00f3n resistente al fuego\",\"isPartOf\":{\"@id\":\"https:\\\/\\\/www.tstcables.com\\\/es\\\/#website\"},\"primaryImageOfPage\":{\"@id\":\"https:\\\/\\\/www.tstcables.com\\\/es\\\/producto\\\/cable-extruido-pi-poliimida-aii-220-cable-multifilar-de-600-v\\\/#primaryimage\"},\"image\":{\"@id\":\"https:\\\/\\\/www.tstcables.com\\\/es\\\/producto\\\/cable-extruido-pi-poliimida-aii-220-cable-multifilar-de-600-v\\\/#primaryimage\"},\"thumbnailUrl\":\"https:\\\/\\\/www.tstcables.com\\\/wp-content\\\/uploads\\\/2024\\\/03\\\/1-12.jpg\",\"datePublished\":\"2024-03-23T10:44:07+00:00\",\"dateModified\":\"2024-05-07T06:40:28+00:00\",\"description\":\"Cable apantallado PI resistente a las radiaciones, resistente a las altas temperaturas, resistente al fuego, con baja emisi\u00f3n de humos, sin hal\u00f3genos y resistente a las radiaciones.\",\"breadcrumb\":{\"@id\":\"https:\\\/\\\/www.tstcables.com\\\/es\\\/producto\\\/cable-extruido-pi-poliimida-aii-220-cable-multifilar-de-600-v\\\/#breadcrumb\"},\"inLanguage\":\"es\",\"potentialAction\":[{\"@type\":\"ReadAction\",\"target\":[\"https:\\\/\\\/www.tstcables.com\\\/es\\\/producto\\\/cable-extruido-pi-poliimida-aii-220-cable-multifilar-de-600-v\\\/\"]}]},{\"@type\":\"ImageObject\",\"inLanguage\":\"es\",\"@id\":\"https:\\\/\\\/www.tstcables.com\\\/es\\\/producto\\\/cable-extruido-pi-poliimida-aii-220-cable-multifilar-de-600-v\\\/#primaryimage\",\"url\":\"https:\\\/\\\/www.tstcables.com\\\/wp-content\\\/uploads\\\/2024\\\/03\\\/1-12.jpg\",\"contentUrl\":\"https:\\\/\\\/www.tstcables.com\\\/wp-content\\\/uploads\\\/2024\\\/03\\\/1-12.jpg\",\"width\":750,\"height\":750,\"caption\":\"PEEK single core sheathed cable AK200\"},{\"@type\":\"BreadcrumbList\",\"@id\":\"https:\\\/\\\/www.tstcables.com\\\/es\\\/producto\\\/cable-extruido-pi-poliimida-aii-220-cable-multifilar-de-600-v\\\/#breadcrumb\",\"itemListElement\":[{\"@type\":\"ListItem\",\"position\":1,\"name\":\"\u9996\u9875\",\"item\":\"https:\\\/\\\/www.tstcables.com\\\/es\\\/\"},{\"@type\":\"ListItem\",\"position\":2,\"name\":\"Product\",\"item\":\"https:\\\/\\\/www.tstcables.com\\\/product\\\/\"},{\"@type\":\"ListItem\",\"position\":3,\"name\":\"Cable apantallado PI resistente a altas temperaturas resistente a la radiaci\u00f3n resistente al fuego\"}]},{\"@type\":\"WebSite\",\"@id\":\"https:\\\/\\\/www.tstcables.com\\\/es\\\/#website\",\"url\":\"https:\\\/\\\/www.tstcables.com\\\/es\\\/\",\"name\":\"TST Cable supplier & Manufacture\",\"description\":\"TST CABLES  supplier &amp; Manufacture official website\",\"publisher\":{\"@id\":\"https:\\\/\\\/www.tstcables.com\\\/es\\\/#organization\"},\"potentialAction\":[{\"@type\":\"SearchAction\",\"target\":{\"@type\":\"EntryPoint\",\"urlTemplate\":\"https:\\\/\\\/www.tstcables.com\\\/es\\\/?s={search_term_string}\"},\"query-input\":{\"@type\":\"PropertyValueSpecification\",\"valueRequired\":true,\"valueName\":\"search_term_string\"}}],\"inLanguage\":\"es\"},{\"@type\":\"Organization\",\"@id\":\"https:\\\/\\\/www.tstcables.com\\\/es\\\/#organization\",\"name\":\"TST Cable supplier & Manufacture\",\"url\":\"https:\\\/\\\/www.tstcables.com\\\/es\\\/\",\"logo\":{\"@type\":\"ImageObject\",\"inLanguage\":\"es\",\"@id\":\"https:\\\/\\\/www.tstcables.com\\\/es\\\/#\\\/schema\\\/logo\\\/image\\\/\",\"url\":\"https:\\\/\\\/www.tstcables.com\\\/wp-content\\\/uploads\\\/2024\\\/04\\\/cropped-\u753b\u677f-1-\u62f7\u8d1d-4-1.png\",\"contentUrl\":\"https:\\\/\\\/www.tstcables.com\\\/wp-content\\\/uploads\\\/2024\\\/04\\\/cropped-\u753b\u677f-1-\u62f7\u8d1d-4-1.png\",\"width\":300,\"height\":100,\"caption\":\"TST Cable supplier & Manufacture\"},\"image\":{\"@id\":\"https:\\\/\\\/www.tstcables.com\\\/es\\\/#\\\/schema\\\/logo\\\/image\\\/\"}}]}<\/script>\n<!-- \/ Yoast SEO plugin. -->","yoast_head_json":{"title":"Cable apantallado PI resistente a altas temperaturas resistente a la radiaci\u00f3n resistente al fuego","description":"Cable apantallado PI resistente a las radiaciones, resistente a las altas temperaturas, resistente al fuego, con baja emisi\u00f3n de humos, sin hal\u00f3genos y resistente a las radiaciones.","robots":{"index":"index","follow":"follow","max-snippet":"max-snippet:-1","max-image-preview":"max-image-preview:large","max-video-preview":"max-video-preview:-1"},"canonical":"https:\/\/www.tstcables.com\/es\/producto\/cable-extruido-pi-poliimida-aii-220-cable-multifilar-de-600-v\/","og_locale":"es_ES","og_type":"article","og_title":"Cable apantallado PI resistente a altas temperaturas resistente a la radiaci\u00f3n resistente al fuego","og_description":"Cable apantallado PI resistente a las radiaciones, resistente a las altas temperaturas, resistente al fuego, con baja emisi\u00f3n de humos, sin hal\u00f3genos y resistente a las radiaciones.","og_url":"https:\/\/www.tstcables.com\/es\/producto\/cable-extruido-pi-poliimida-aii-220-cable-multifilar-de-600-v\/","og_site_name":"TST CABLES supplier &amp; Manufacture","article_modified_time":"2024-05-07T06:40:28+00:00","og_image":[{"width":750,"height":750,"url":"https:\/\/www.tstcables.com\/wp-content\/uploads\/2024\/03\/1-12.jpg","type":"image\/jpeg"}],"twitter_card":"summary_large_image","twitter_misc":{"Tiempo de lectura":"1 minuto"},"schema":{"@context":"https:\/\/schema.org","@graph":[{"@type":"WebPage","@id":"https:\/\/www.tstcables.com\/es\/producto\/cable-extruido-pi-poliimida-aii-220-cable-multifilar-de-600-v\/","url":"https:\/\/www.tstcables.com\/es\/producto\/cable-extruido-pi-poliimida-aii-220-cable-multifilar-de-600-v\/","name":"Cable apantallado PI resistente a altas temperaturas resistente a la radiaci\u00f3n resistente al fuego","isPartOf":{"@id":"https:\/\/www.tstcables.com\/es\/#website"},"primaryImageOfPage":{"@id":"https:\/\/www.tstcables.com\/es\/producto\/cable-extruido-pi-poliimida-aii-220-cable-multifilar-de-600-v\/#primaryimage"},"image":{"@id":"https:\/\/www.tstcables.com\/es\/producto\/cable-extruido-pi-poliimida-aii-220-cable-multifilar-de-600-v\/#primaryimage"},"thumbnailUrl":"https:\/\/www.tstcables.com\/wp-content\/uploads\/2024\/03\/1-12.jpg","datePublished":"2024-03-23T10:44:07+00:00","dateModified":"2024-05-07T06:40:28+00:00","description":"Cable apantallado PI resistente a las radiaciones, resistente a las altas temperaturas, resistente al fuego, con baja emisi\u00f3n de humos, sin hal\u00f3genos y resistente a las radiaciones.","breadcrumb":{"@id":"https:\/\/www.tstcables.com\/es\/producto\/cable-extruido-pi-poliimida-aii-220-cable-multifilar-de-600-v\/#breadcrumb"},"inLanguage":"es","potentialAction":[{"@type":"ReadAction","target":["https:\/\/www.tstcables.com\/es\/producto\/cable-extruido-pi-poliimida-aii-220-cable-multifilar-de-600-v\/"]}]},{"@type":"ImageObject","inLanguage":"es","@id":"https:\/\/www.tstcables.com\/es\/producto\/cable-extruido-pi-poliimida-aii-220-cable-multifilar-de-600-v\/#primaryimage","url":"https:\/\/www.tstcables.com\/wp-content\/uploads\/2024\/03\/1-12.jpg","contentUrl":"https:\/\/www.tstcables.com\/wp-content\/uploads\/2024\/03\/1-12.jpg","width":750,"height":750,"caption":"PEEK single core sheathed cable AK200"},{"@type":"BreadcrumbList","@id":"https:\/\/www.tstcables.com\/es\/producto\/cable-extruido-pi-poliimida-aii-220-cable-multifilar-de-600-v\/#breadcrumb","itemListElement":[{"@type":"ListItem","position":1,"name":"\u9996\u9875","item":"https:\/\/www.tstcables.com\/es\/"},{"@type":"ListItem","position":2,"name":"Product","item":"https:\/\/www.tstcables.com\/product\/"},{"@type":"ListItem","position":3,"name":"Cable apantallado PI resistente a altas temperaturas resistente a la radiaci\u00f3n resistente al fuego"}]},{"@type":"WebSite","@id":"https:\/\/www.tstcables.com\/es\/#website","url":"https:\/\/www.tstcables.com\/es\/","name":"TST Cable supplier & Manufacture","description":"TST CABLES  supplier &amp; Manufacture official website","publisher":{"@id":"https:\/\/www.tstcables.com\/es\/#organization"},"potentialAction":[{"@type":"SearchAction","target":{"@type":"EntryPoint","urlTemplate":"https:\/\/www.tstcables.com\/es\/?s={search_term_string}"},"query-input":{"@type":"PropertyValueSpecification","valueRequired":true,"valueName":"search_term_string"}}],"inLanguage":"es"},{"@type":"Organization","@id":"https:\/\/www.tstcables.com\/es\/#organization","name":"TST Cable supplier & Manufacture","url":"https:\/\/www.tstcables.com\/es\/","logo":{"@type":"ImageObject","inLanguage":"es","@id":"https:\/\/www.tstcables.com\/es\/#\/schema\/logo\/image\/","url":"https:\/\/www.tstcables.com\/wp-content\/uploads\/2024\/04\/cropped-\u753b\u677f-1-\u62f7\u8d1d-4-1.png","contentUrl":"https:\/\/www.tstcables.com\/wp-content\/uploads\/2024\/04\/cropped-\u753b\u677f-1-\u62f7\u8d1d-4-1.png","width":300,"height":100,"caption":"TST Cable supplier & Manufacture"},"image":{"@id":"https:\/\/www.tstcables.com\/es\/#\/schema\/logo\/image\/"}}]}},"_links":{"self":[{"href":"https:\/\/www.tstcables.com\/es\/wp-json\/wp\/v2\/product\/15191","targetHints":{"allow":["GET"]}}],"collection":[{"href":"https:\/\/www.tstcables.com\/es\/wp-json\/wp\/v2\/product"}],"about":[{"href":"https:\/\/www.tstcables.com\/es\/wp-json\/wp\/v2\/types\/product"}],"version-history":[{"count":0,"href":"https:\/\/www.tstcables.com\/es\/wp-json\/wp\/v2\/product\/15191\/revisions"}],"wp:featuredmedia":[{"embeddable":true,"href":"https:\/\/www.tstcables.com\/es\/wp-json\/wp\/v2\/media\/12582"}],"wp:attachment":[{"href":"https:\/\/www.tstcables.com\/es\/wp-json\/wp\/v2\/media?parent=15191"}],"wp:term":[{"taxonomy":"product_brand","embeddable":true,"href":"https:\/\/www.tstcables.com\/es\/wp-json\/wp\/v2\/product_brand?post=15191"},{"taxonomy":"product_cat","embeddable":true,"href":"https:\/\/www.tstcables.com\/es\/wp-json\/wp\/v2\/product_cat?post=15191"},{"taxonomy":"product_tag","embeddable":true,"href":"https:\/\/www.tstcables.com\/es\/wp-json\/wp\/v2\/product_tag?post=15191"}],"curies":[{"name":"wp","href":"https:\/\/api.w.org\/{rel}","templated":true}]}}