{"id":15192,"date":"2024-03-23T18:46:00","date_gmt":"2024-03-23T10:46:00","guid":{"rendered":"https:\/\/www.tstcables.com\/product\/wtb-bus-de-tren-trenzado-cable\/"},"modified":"2024-05-07T14:38:09","modified_gmt":"2024-05-07T06:38:09","slug":"wtb-bus-de-tren-trenzado-cable","status":"publish","type":"product","link":"https:\/\/www.tstcables.com\/es\/producto\/wtb-bus-de-tren-trenzado-cable\/","title":{"rendered":"WTB (bus de tren trenzado) cable"},"content":{"rendered":"<p>Aplicaci\u00f3n\uff1a<\/p>\n<p>Sistema de comunicaci\u00f3n de locomotoras<\/p>\n<p>Caracter\u00edstica\uff1a<\/p>\n<ul>\n<li>Tensi\u00f3n nominal: 300 V CA<\/li>\n<li>Gama de temperaturas: -40\u00b0C a 90\u00b0C<\/li>\n<li>Radio de curvatura: 6D (D se refiere al di\u00e1metro exterior del cable)<\/li>\n<li>Impedancia caracter\u00edstica: 1200+120 (0,75~3MHz)<\/li>\n<li>Atenuaci\u00f3n: &lt;1,0 dB\/100 m (1 MHz)<\/li>\n<li>&lt;1.0dB\/100m (2MHz)<\/li>\n<li>Capacitancia de funcionamiento: \u226465pF\/m (1,0MHz)<\/li>\n<li>Capacitancia de tierra: &lt;1,5pF\/m (1,0MHz)<\/li>\n<li>Impedancia de transferencia: &lt;20m\u03a9\/m (20MHz)<\/li>\n<li>Resistente a la abrasi\u00f3n<\/li>\n<li>Resistente a la oxidaci\u00f3n<\/li>\n<li>No deformable<\/li>\n<\/ul>\n<p>Estructura\uff1a<\/p>\n<ul>\n<li>Conductor: Conductor de cobre esta\u00f1ado, estructura de clase 5.<\/li>\n<li>Aislamiento: Material aislante de polietileno.<\/li>\n<li>Material de relleno.<\/li>\n<li>Cinta de poli\u00e9ster.<\/li>\n<li>Cinta compuesta de aluminio y pl\u00e1stico.<\/li>\n<li>Trenzado.<\/li>\n<li>Chaqueta\/Funda.<\/li>\n<\/ul>\n<p>Par\u00e1metro de selecci\u00f3n<\/p>\n<table class=\"tg\">\n<thead>\n<tr>\n<th class=\"tg-0pky\" rowspan=\"2\">Especificaciones del modelo<\/th>\n<th class=\"tg-0pky\" rowspan=\"2\"><span style=\"color: #000;\">Di\u00e1metro del conductor \uff08mm\uff09<\/span><\/th>\n<th class=\"tg-0pky\" rowspan=\"2\"><span style=\"color: #000;\">Di\u00e1metro del aislamiento \uff08mm\uff09<\/span><\/th>\n<th class=\"tg-0pky\" colspan=\"2\"><span style=\"color: #000;\">Di\u00e1metro exterior\uff08D\uff09<\/span><\/th>\n<th class=\"tg-0pky\" rowspan=\"2\"><span style=\"color: #000;\">Peso medio del cable Kg\/km<\/span><\/th>\n<th class=\"tg-0pky\" rowspan=\"2\"><span style=\"color: #000;\">Valor calor\u00edfico de combusti\u00f3n K\/m<\/span><\/th>\n<\/tr>\n<tr>\n<th class=\"tg-0pky\"><span style=\"color: #000;\">M\u00edn.mm<\/span><\/th>\n<th class=\"tg-0pky\"><span style=\"color: #000;\">M\u00e1x.mm<\/span><\/th>\n<\/tr>\n<\/thead>\n<tbody>\n<tr>\n<td class=\"tg-0pky\"><span style=\"color: #000;\">2&#215;0,5(Tipo s\u00f3lido)<\/span><\/td>\n<td class=\"tg-0pky\"><span style=\"color: #000;\">0.9<\/span><\/td>\n<td class=\"tg-0pky\"><span style=\"color: #000;\">3.3<\/span><\/td>\n<td class=\"tg-0pky\"><span style=\"color: #000;\">8.5<\/span><\/td>\n<td class=\"tg-0pky\"><span style=\"color: #000;\">9<\/span><\/td>\n<td class=\"tg-0pky\"><span style=\"color: #000;\">78<\/span><\/td>\n<td class=\"tg-0pky\"><span style=\"color: #000;\">1185<\/span><\/td>\n<\/tr>\n<tr>\n<td class=\"tg-0pky\"><span style=\"color: #000;\">2&#215;0,5(tipo espuma)<\/span><\/td>\n<td class=\"tg-0pky\"><span style=\"color: #000;\">0.9<\/span><\/td>\n<td class=\"tg-0pky\"><span style=\"color: #000;\">2.4<\/span><\/td>\n<td class=\"tg-0pky\"><span style=\"color: #000;\">6.7<\/span><\/td>\n<td class=\"tg-0pky\"><span style=\"color: #000;\">7.2<\/span><\/td>\n<td class=\"tg-0pky\"><span style=\"color: #000;\">24<\/span><\/td>\n<td class=\"tg-0pky\"><span style=\"color: #000;\">950<\/span><\/td>\n<\/tr>\n<tr>\n<td class=\"tg-0lax\"><span style=\"color: #000;\">2&#215;0,75(tipo espuma)<\/span><\/td>\n<td class=\"tg-0lax\"><span style=\"color: #000;\">1.15<\/span><\/td>\n<td class=\"tg-0lax\"><span style=\"color: #000;\">3.3<\/span><\/td>\n<td class=\"tg-0lax\"><span style=\"color: #000;\">8.5<\/span><\/td>\n<td class=\"tg-0lax\"><span style=\"color: #000;\">9<\/span><\/td>\n<td class=\"tg-0lax\"><span style=\"color: #000;\">75<\/span><\/td>\n<td class=\"tg-0lax\"><span style=\"color: #000;\">1179<\/span><\/td>\n<\/tr>\n<tr>\n<td class=\"tg-0lax\"><span style=\"color: #000;\">2&#215;0,75(Tipo s\u00f3lido)<\/span><\/td>\n<td class=\"tg-0lax\"><span style=\"color: #000;\">1.15<\/span><\/td>\n<td class=\"tg-0lax\"><span style=\"color: #000;\">4.2<\/span><\/td>\n<td class=\"tg-0lax\"><span style=\"color: #000;\">10.3<\/span><\/td>\n<td class=\"tg-0lax\"><span style=\"color: #000;\">10.8<\/span><\/td>\n<td class=\"tg-0lax\"><span style=\"color: #000;\">106<\/span><\/td>\n<td class=\"tg-0lax\"><span style=\"color: #000;\">1415<\/span><\/td>\n<\/tr>\n<\/tbody>\n<\/table>\n","protected":false},"excerpt":{"rendered":"<p>Los cables WTB (Wristed Train Bus) se utilizan para instalaciones permanentes en material rodante para conectar partes fijas. El sistema utiliza un sistema de bus basado en soporte de l\u00ednea y cumple la norma TCN (Train Communication Network Standard) para control, instrumentaci\u00f3n y diagn\u00f3stico.<\/p>\n","protected":false},"featured_media":12510,"template":"","meta":{"_eb_attr":"","site-sidebar-layout":"default","site-content-layout":"","ast-site-content-layout":"default","site-content-style":"default","site-sidebar-style":"default","ast-global-header-display":"","ast-banner-title-visibility":"","ast-main-header-display":"","ast-hfb-above-header-display":"","ast-hfb-below-header-display":"","ast-hfb-mobile-header-display":"","site-post-title":"","ast-breadcrumbs-content":"","ast-featured-img":"","footer-sml-layout":"","theme-transparent-header-meta":"default","adv-header-id-meta":"","stick-header-meta":"","header-above-stick-meta":"","header-main-stick-meta":"","header-below-stick-meta":"","astra-migrate-meta-layouts":"default","ast-page-background-enabled":"default","ast-page-background-meta":{"desktop":{"background-color":"","background-image":"","background-repeat":"repeat","background-position":"center center","background-size":"auto","background-attachment":"scroll","background-type":"","background-media":"","overlay-type":"","overlay-color":"","overlay-opacity":"","overlay-gradient":""},"tablet":{"background-color":"","background-image":"","background-repeat":"repeat","background-position":"center center","background-size":"auto","background-attachment":"scroll","background-type":"","background-media":"","overlay-type":"","overlay-color":"","overlay-opacity":"","overlay-gradient":""},"mobile":{"background-color":"","background-image":"","background-repeat":"repeat","background-position":"center center","background-size":"auto","background-attachment":"scroll","background-type":"","background-media":"","overlay-type":"","overlay-color":"","overlay-opacity":"","overlay-gradient":""}},"ast-content-background-meta":{"desktop":{"background-color":"var(--ast-global-color-5)","background-image":"","background-repeat":"repeat","background-position":"center center","background-size":"auto","background-attachment":"scroll","background-type":"","background-media":"","overlay-type":"","overlay-color":"","overlay-opacity":"","overlay-gradient":""},"tablet":{"background-color":"var(--ast-global-color-5)","background-image":"","background-repeat":"repeat","background-position":"center center","background-size":"auto","background-attachment":"scroll","background-type":"","background-media":"","overlay-type":"","overlay-color":"","overlay-opacity":"","overlay-gradient":""},"mobile":{"background-color":"var(--ast-global-color-5)","background-image":"","background-repeat":"repeat","background-position":"center center","background-size":"auto","background-attachment":"scroll","background-type":"","background-media":"","overlay-type":"","overlay-color":"","overlay-opacity":"","overlay-gradient":""}}},"product_brand":[],"product_cat":[590,595,623,622,601,603,602,597],"product_tag":[668],"class_list":{"0":"post-15192","1":"product","2":"type-product","3":"status-publish","4":"has-post-thumbnail","6":"product_cat-lsoh-cable-es","7":"product_cat-cable-personalizado","8":"product_cat-en50264-es","9":"product_cat-en50306-es","10":"product_cat-en50382-es","11":"product_cat-norma-en","12":"product_cat-norma-ice","13":"product_cat-via-ferrea","14":"product_tag-wtb-cable-es","15":"desktop-align-center","16":"tablet-align-left","17":"mobile-align-left","19":"first","20":"instock","21":"shipping-taxable","22":"product-type-simple"},"yoast_head":"<!-- This site is optimized with the Yoast SEO plugin v27.4 - https:\/\/yoast.com\/product\/yoast-seo-wordpress\/ -->\n<title>WTB (bus de tren trenzado) cable<\/title>\n<meta name=\"description\" content=\"Los cables WTB (Wristed Train Bus) se utilizan para instalaciones permanentes en material rodante para conectar partes fijas.\" \/>\n<meta name=\"robots\" content=\"index, follow, max-snippet:-1, max-image-preview:large, max-video-preview:-1\" \/>\n<link rel=\"canonical\" href=\"https:\/\/www.tstcables.com\/es\/producto\/wtb-bus-de-tren-trenzado-cable\/\" \/>\n<meta property=\"og:locale\" content=\"es_ES\" \/>\n<meta property=\"og:type\" content=\"article\" \/>\n<meta property=\"og:title\" content=\"WTB (bus de tren trenzado) cable\" \/>\n<meta property=\"og:description\" content=\"Los cables WTB (Wristed Train Bus) se utilizan para instalaciones permanentes en material rodante para conectar partes fijas.\" \/>\n<meta property=\"og:url\" content=\"https:\/\/www.tstcables.com\/es\/producto\/wtb-bus-de-tren-trenzado-cable\/\" \/>\n<meta property=\"og:site_name\" content=\"TST CABLES supplier &amp; Manufacture\" \/>\n<meta property=\"article:modified_time\" content=\"2024-05-07T06:38:09+00:00\" \/>\n<meta property=\"og:image\" content=\"https:\/\/www.tstcables.com\/wp-content\/uploads\/2024\/03\/2-9.jpg\" \/>\n\t<meta property=\"og:image:width\" content=\"640\" \/>\n\t<meta property=\"og:image:height\" content=\"640\" \/>\n\t<meta property=\"og:image:type\" content=\"image\/jpeg\" \/>\n<meta name=\"twitter:card\" content=\"summary_large_image\" \/>\n<meta name=\"twitter:label1\" content=\"Tiempo de lectura\" \/>\n\t<meta name=\"twitter:data1\" content=\"1 minuto\" \/>\n<script type=\"application\/ld+json\" class=\"yoast-schema-graph\">{\"@context\":\"https:\\\/\\\/schema.org\",\"@graph\":[{\"@type\":\"WebPage\",\"@id\":\"https:\\\/\\\/www.tstcables.com\\\/es\\\/producto\\\/wtb-bus-de-tren-trenzado-cable\\\/\",\"url\":\"https:\\\/\\\/www.tstcables.com\\\/es\\\/producto\\\/wtb-bus-de-tren-trenzado-cable\\\/\",\"name\":\"WTB (bus de tren trenzado) cable\",\"isPartOf\":{\"@id\":\"https:\\\/\\\/www.tstcables.com\\\/es\\\/#website\"},\"primaryImageOfPage\":{\"@id\":\"https:\\\/\\\/www.tstcables.com\\\/es\\\/producto\\\/wtb-bus-de-tren-trenzado-cable\\\/#primaryimage\"},\"image\":{\"@id\":\"https:\\\/\\\/www.tstcables.com\\\/es\\\/producto\\\/wtb-bus-de-tren-trenzado-cable\\\/#primaryimage\"},\"thumbnailUrl\":\"https:\\\/\\\/www.tstcables.com\\\/wp-content\\\/uploads\\\/2024\\\/03\\\/2-9.jpg\",\"datePublished\":\"2024-03-23T10:46:00+00:00\",\"dateModified\":\"2024-05-07T06:38:09+00:00\",\"description\":\"Los cables WTB (Wristed Train Bus) se utilizan para instalaciones permanentes en material rodante para conectar partes fijas.\",\"breadcrumb\":{\"@id\":\"https:\\\/\\\/www.tstcables.com\\\/es\\\/producto\\\/wtb-bus-de-tren-trenzado-cable\\\/#breadcrumb\"},\"inLanguage\":\"es\",\"potentialAction\":[{\"@type\":\"ReadAction\",\"target\":[\"https:\\\/\\\/www.tstcables.com\\\/es\\\/producto\\\/wtb-bus-de-tren-trenzado-cable\\\/\"]}]},{\"@type\":\"ImageObject\",\"inLanguage\":\"es\",\"@id\":\"https:\\\/\\\/www.tstcables.com\\\/es\\\/producto\\\/wtb-bus-de-tren-trenzado-cable\\\/#primaryimage\",\"url\":\"https:\\\/\\\/www.tstcables.com\\\/wp-content\\\/uploads\\\/2024\\\/03\\\/2-9.jpg\",\"contentUrl\":\"https:\\\/\\\/www.tstcables.com\\\/wp-content\\\/uploads\\\/2024\\\/03\\\/2-9.jpg\",\"width\":640,\"height\":640,\"caption\":\"3600V multi core wire cable\"},{\"@type\":\"BreadcrumbList\",\"@id\":\"https:\\\/\\\/www.tstcables.com\\\/es\\\/producto\\\/wtb-bus-de-tren-trenzado-cable\\\/#breadcrumb\",\"itemListElement\":[{\"@type\":\"ListItem\",\"position\":1,\"name\":\"\u9996\u9875\",\"item\":\"https:\\\/\\\/www.tstcables.com\\\/es\\\/\"},{\"@type\":\"ListItem\",\"position\":2,\"name\":\"Product\",\"item\":\"https:\\\/\\\/www.tstcables.com\\\/product\\\/\"},{\"@type\":\"ListItem\",\"position\":3,\"name\":\"WTB (bus de tren trenzado) cable\"}]},{\"@type\":\"WebSite\",\"@id\":\"https:\\\/\\\/www.tstcables.com\\\/es\\\/#website\",\"url\":\"https:\\\/\\\/www.tstcables.com\\\/es\\\/\",\"name\":\"TST Cable supplier & Manufacture\",\"description\":\"TST CABLES  supplier &amp; Manufacture official website\",\"publisher\":{\"@id\":\"https:\\\/\\\/www.tstcables.com\\\/es\\\/#organization\"},\"potentialAction\":[{\"@type\":\"SearchAction\",\"target\":{\"@type\":\"EntryPoint\",\"urlTemplate\":\"https:\\\/\\\/www.tstcables.com\\\/es\\\/?s={search_term_string}\"},\"query-input\":{\"@type\":\"PropertyValueSpecification\",\"valueRequired\":true,\"valueName\":\"search_term_string\"}}],\"inLanguage\":\"es\"},{\"@type\":\"Organization\",\"@id\":\"https:\\\/\\\/www.tstcables.com\\\/es\\\/#organization\",\"name\":\"TST Cable supplier & Manufacture\",\"url\":\"https:\\\/\\\/www.tstcables.com\\\/es\\\/\",\"logo\":{\"@type\":\"ImageObject\",\"inLanguage\":\"es\",\"@id\":\"https:\\\/\\\/www.tstcables.com\\\/es\\\/#\\\/schema\\\/logo\\\/image\\\/\",\"url\":\"https:\\\/\\\/www.tstcables.com\\\/wp-content\\\/uploads\\\/2024\\\/04\\\/cropped-\u753b\u677f-1-\u62f7\u8d1d-4-1.png\",\"contentUrl\":\"https:\\\/\\\/www.tstcables.com\\\/wp-content\\\/uploads\\\/2024\\\/04\\\/cropped-\u753b\u677f-1-\u62f7\u8d1d-4-1.png\",\"width\":300,\"height\":100,\"caption\":\"TST Cable supplier & Manufacture\"},\"image\":{\"@id\":\"https:\\\/\\\/www.tstcables.com\\\/es\\\/#\\\/schema\\\/logo\\\/image\\\/\"}}]}<\/script>\n<!-- \/ Yoast SEO plugin. -->","yoast_head_json":{"title":"WTB (bus de tren trenzado) cable","description":"Los cables WTB (Wristed Train Bus) se utilizan para instalaciones permanentes en material rodante para conectar partes fijas.","robots":{"index":"index","follow":"follow","max-snippet":"max-snippet:-1","max-image-preview":"max-image-preview:large","max-video-preview":"max-video-preview:-1"},"canonical":"https:\/\/www.tstcables.com\/es\/producto\/wtb-bus-de-tren-trenzado-cable\/","og_locale":"es_ES","og_type":"article","og_title":"WTB (bus de tren trenzado) cable","og_description":"Los cables WTB (Wristed Train Bus) se utilizan para instalaciones permanentes en material rodante para conectar partes fijas.","og_url":"https:\/\/www.tstcables.com\/es\/producto\/wtb-bus-de-tren-trenzado-cable\/","og_site_name":"TST CABLES supplier &amp; Manufacture","article_modified_time":"2024-05-07T06:38:09+00:00","og_image":[{"width":640,"height":640,"url":"https:\/\/www.tstcables.com\/wp-content\/uploads\/2024\/03\/2-9.jpg","type":"image\/jpeg"}],"twitter_card":"summary_large_image","twitter_misc":{"Tiempo de lectura":"1 minuto"},"schema":{"@context":"https:\/\/schema.org","@graph":[{"@type":"WebPage","@id":"https:\/\/www.tstcables.com\/es\/producto\/wtb-bus-de-tren-trenzado-cable\/","url":"https:\/\/www.tstcables.com\/es\/producto\/wtb-bus-de-tren-trenzado-cable\/","name":"WTB (bus de tren trenzado) cable","isPartOf":{"@id":"https:\/\/www.tstcables.com\/es\/#website"},"primaryImageOfPage":{"@id":"https:\/\/www.tstcables.com\/es\/producto\/wtb-bus-de-tren-trenzado-cable\/#primaryimage"},"image":{"@id":"https:\/\/www.tstcables.com\/es\/producto\/wtb-bus-de-tren-trenzado-cable\/#primaryimage"},"thumbnailUrl":"https:\/\/www.tstcables.com\/wp-content\/uploads\/2024\/03\/2-9.jpg","datePublished":"2024-03-23T10:46:00+00:00","dateModified":"2024-05-07T06:38:09+00:00","description":"Los cables WTB (Wristed Train Bus) se utilizan para instalaciones permanentes en material rodante para conectar partes fijas.","breadcrumb":{"@id":"https:\/\/www.tstcables.com\/es\/producto\/wtb-bus-de-tren-trenzado-cable\/#breadcrumb"},"inLanguage":"es","potentialAction":[{"@type":"ReadAction","target":["https:\/\/www.tstcables.com\/es\/producto\/wtb-bus-de-tren-trenzado-cable\/"]}]},{"@type":"ImageObject","inLanguage":"es","@id":"https:\/\/www.tstcables.com\/es\/producto\/wtb-bus-de-tren-trenzado-cable\/#primaryimage","url":"https:\/\/www.tstcables.com\/wp-content\/uploads\/2024\/03\/2-9.jpg","contentUrl":"https:\/\/www.tstcables.com\/wp-content\/uploads\/2024\/03\/2-9.jpg","width":640,"height":640,"caption":"3600V multi core wire cable"},{"@type":"BreadcrumbList","@id":"https:\/\/www.tstcables.com\/es\/producto\/wtb-bus-de-tren-trenzado-cable\/#breadcrumb","itemListElement":[{"@type":"ListItem","position":1,"name":"\u9996\u9875","item":"https:\/\/www.tstcables.com\/es\/"},{"@type":"ListItem","position":2,"name":"Product","item":"https:\/\/www.tstcables.com\/product\/"},{"@type":"ListItem","position":3,"name":"WTB (bus de tren trenzado) cable"}]},{"@type":"WebSite","@id":"https:\/\/www.tstcables.com\/es\/#website","url":"https:\/\/www.tstcables.com\/es\/","name":"TST Cable supplier & Manufacture","description":"TST CABLES  supplier &amp; Manufacture official website","publisher":{"@id":"https:\/\/www.tstcables.com\/es\/#organization"},"potentialAction":[{"@type":"SearchAction","target":{"@type":"EntryPoint","urlTemplate":"https:\/\/www.tstcables.com\/es\/?s={search_term_string}"},"query-input":{"@type":"PropertyValueSpecification","valueRequired":true,"valueName":"search_term_string"}}],"inLanguage":"es"},{"@type":"Organization","@id":"https:\/\/www.tstcables.com\/es\/#organization","name":"TST Cable supplier & Manufacture","url":"https:\/\/www.tstcables.com\/es\/","logo":{"@type":"ImageObject","inLanguage":"es","@id":"https:\/\/www.tstcables.com\/es\/#\/schema\/logo\/image\/","url":"https:\/\/www.tstcables.com\/wp-content\/uploads\/2024\/04\/cropped-\u753b\u677f-1-\u62f7\u8d1d-4-1.png","contentUrl":"https:\/\/www.tstcables.com\/wp-content\/uploads\/2024\/04\/cropped-\u753b\u677f-1-\u62f7\u8d1d-4-1.png","width":300,"height":100,"caption":"TST Cable supplier & Manufacture"},"image":{"@id":"https:\/\/www.tstcables.com\/es\/#\/schema\/logo\/image\/"}}]}},"_links":{"self":[{"href":"https:\/\/www.tstcables.com\/es\/wp-json\/wp\/v2\/product\/15192","targetHints":{"allow":["GET"]}}],"collection":[{"href":"https:\/\/www.tstcables.com\/es\/wp-json\/wp\/v2\/product"}],"about":[{"href":"https:\/\/www.tstcables.com\/es\/wp-json\/wp\/v2\/types\/product"}],"version-history":[{"count":0,"href":"https:\/\/www.tstcables.com\/es\/wp-json\/wp\/v2\/product\/15192\/revisions"}],"wp:featuredmedia":[{"embeddable":true,"href":"https:\/\/www.tstcables.com\/es\/wp-json\/wp\/v2\/media\/12510"}],"wp:attachment":[{"href":"https:\/\/www.tstcables.com\/es\/wp-json\/wp\/v2\/media?parent=15192"}],"wp:term":[{"taxonomy":"product_brand","embeddable":true,"href":"https:\/\/www.tstcables.com\/es\/wp-json\/wp\/v2\/product_brand?post=15192"},{"taxonomy":"product_cat","embeddable":true,"href":"https:\/\/www.tstcables.com\/es\/wp-json\/wp\/v2\/product_cat?post=15192"},{"taxonomy":"product_tag","embeddable":true,"href":"https:\/\/www.tstcables.com\/es\/wp-json\/wp\/v2\/product_tag?post=15192"}],"curies":[{"name":"wp","href":"https:\/\/api.w.org\/{rel}","templated":true}]}}