{"id":15679,"date":"2024-03-23T17:53:04","date_gmt":"2024-03-23T09:53:04","guid":{"rendered":"https:\/\/www.tstcables.com\/product\/cable-sensor-de-vibracion-velocidad-aceleracion-y-resolucion\/"},"modified":"2024-05-07T14:39:02","modified_gmt":"2024-05-07T06:39:02","slug":"cable-sensor-de-vibracion-velocidad-aceleracion-y-resolucion","status":"publish","type":"product","link":"https:\/\/www.tstcables.com\/es\/producto\/cable-sensor-de-vibracion-velocidad-aceleracion-y-resolucion\/","title":{"rendered":"Cable sensor de vibraci\u00f3n, velocidad, aceleraci\u00f3n y resoluci\u00f3n"},"content":{"rendered":"<p>Aplicaci\u00f3n\uff1a<\/p>\n<p>Los cables sensores para veh\u00edculos ferroviarios se utilizan principalmente para la transmisi\u00f3n de se\u00f1ales y datos del sensor de velocidad.<\/p>\n<p>Caracter\u00edstica\uff1a<\/p>\n<ul>\n<li>Resistencia a la temperatura: -40\u00b0C a 125\u00b0C<\/li>\n<li>Tensi\u00f3n nominal: 750V (Tensi\u00f3n de prueba: 3500V\/5min)<\/li>\n<li>Resistencia al fuego: Cumple la norma EN45545-2 R15\/R16 HL3<\/li>\n<li>Resistencia del aislamiento: 12Mpa&gt;<\/li>\n<li>Resistencia de la vaina: 10Mpa&gt;<\/li>\n<li>Radio de curvatura del cable: 6 veces el di\u00e1metro exterior (6D)<\/li>\n<li>Color: Negro<\/li>\n<\/ul>\n<p>Norma del sector:<\/p>\n<ul>\n<li>EN45545-2<\/li>\n<\/ul>\n<p>Estructura\uff1a<\/p>\n<ul>\n<li>Conductor: Conductor de cobre plateado, estructura de 5 \u00f3 6 clases.<\/li>\n<li>Aislamiento: Copol\u00edmero sin hal\u00f3genos.<\/li>\n<li>Blindaje: Trenza de cobre esta\u00f1ado.<\/li>\n<li>Chaqueta\/vaina: Copol\u00edmero sin hal\u00f3genos.<\/li>\n<\/ul>\n<p>Par\u00e1metro de selecci\u00f3n<\/p>\n<table class=\"tg\">\n<thead>\n<tr>\n<th class=\"tg-0pky\" rowspan=\"2\"><span style=\"color: #000;\">N\u00famero de n\u00facleos * secci\u00f3n nominal\/mm2<\/span><\/th>\n<th class=\"tg-0pky\" rowspan=\"2\"><span style=\"color: #000;\">Espesor del aislamiento\/mm<\/span><\/th>\n<th class=\"tg-0pky\"><span style=\"color: #000;\">Di\u00e1metro exterior del aislamiento\/mm<\/span><\/th>\n<th class=\"tg-0pky\" colspan=\"2\"><span style=\"color: #000;\">Grosor de la vaina\/mm<\/span><\/th>\n<th class=\"tg-0pky\" colspan=\"2\"><span style=\"color: #000;\">Peso medio KG\/Km<\/span><\/th>\n<\/tr>\n<tr>\n<th class=\"tg-0pky\"><span style=\"color: #000;\">1.4\u00b10.1<\/span><\/th>\n<th class=\"tg-0pky\"><span style=\"color: #000;\">0.5<\/span><\/th>\n<th class=\"tg-0pky\"><span style=\"color: #000;\">4.8\u00b10.2mm<\/span><\/th>\n<th class=\"tg-0pky\"><span style=\"color: #000;\">49.4<\/span><\/th>\n<th class=\"tg-0pky\"><span style=\"color: #000;\">438<\/span><\/th>\n<\/tr>\n<\/thead>\n<tbody>\n<tr>\n<td class=\"tg-0pky\"><span style=\"color: #000;\">6X0.5<\/span><\/td>\n<td class=\"tg-0pky\"><span style=\"color: #000;\">0.25\u00b10.05<\/span><\/td>\n<td class=\"tg-0pky\"><span style=\"color: #000;\">1.4\u00b10.1<\/span><\/td>\n<td class=\"tg-0pky\"><span style=\"color: #000;\">0.5<\/span><\/td>\n<td class=\"tg-0pky\"><span style=\"color: #000;\">5.8\u00b10.2mm<\/span><\/td>\n<td class=\"tg-0pky\"><span style=\"color: #000;\">66.3<\/span><\/td>\n<td class=\"tg-0pky\"><span style=\"color: #000;\">587<\/span><\/td>\n<\/tr>\n<tr>\n<td class=\"tg-0pky\"><span style=\"color: #000;\">8X0.5<\/span><\/td>\n<td class=\"tg-0pky\"><span style=\"color: #000;\">0.25\u00b10.05<\/span><\/td>\n<td class=\"tg-0pky\"><span style=\"color: #000;\">1.4\u00b10.1<\/span><\/td>\n<td class=\"tg-0pky\"><span style=\"color: #000;\">1<\/span><\/td>\n<td class=\"tg-0pky\"><span style=\"color: #000;\">7.2\u00b10.2mm<\/span><\/td>\n<td class=\"tg-0pky\"><span style=\"color: #000;\">95.6<\/span><\/td>\n<td class=\"tg-0pky\"><span style=\"color: #000;\">688<\/span><\/td>\n<\/tr>\n<tr>\n<td class=\"tg-0lax\"><span style=\"color: #000;\">6X0.75<\/span><\/td>\n<td class=\"tg-0lax\"><span style=\"color: #000;\">0.25\u00b10.05<\/span><\/td>\n<td class=\"tg-0lax\"><span style=\"color: #000;\">1.4\u00b10.1<\/span><\/td>\n<td class=\"tg-0lax\"><span style=\"color: #000;\">1<\/span><\/td>\n<td class=\"tg-0lax\"><span style=\"color: #000;\">7.4\u00b10.2mm<\/span><\/td>\n<td class=\"tg-0lax\"><span style=\"color: #000;\">105.6<\/span><\/td>\n<td class=\"tg-0lax\"><span style=\"color: #000;\">712<\/span><\/td>\n<\/tr>\n<tr>\n<td class=\"tg-0lax\"><span style=\"color: #000;\">7X0.75<\/span><\/td>\n<td class=\"tg-0lax\"><span style=\"color: #000;\">0.25\u00b10.05<\/span><\/td>\n<td class=\"tg-0lax\"><span style=\"color: #000;\">1.4\u00b10.1<\/span><\/td>\n<td class=\"tg-0lax\"><span style=\"color: #000;\">1<\/span><\/td>\n<td class=\"tg-0lax\"><span style=\"color: #000;\">7.4\u00b10.2mm<\/span><\/td>\n<td class=\"tg-0lax\"><span style=\"color: #000;\">114.3<\/span><\/td>\n<td class=\"tg-0lax\"><span style=\"color: #000;\">982<\/span><\/td>\n<\/tr>\n<tr>\n<td class=\"tg-0lax\"><span style=\"color: #000;\">8X0.75<\/span><\/td>\n<td class=\"tg-0lax\"><span style=\"color: #000;\">0.25\u00b10.05<\/span><\/td>\n<td class=\"tg-0lax\"><span style=\"color: #000;\">1.4\u00b10.1<\/span><\/td>\n<td class=\"tg-0lax\"><span style=\"color: #000;\">1<\/span><\/td>\n<td class=\"tg-0lax\"><span style=\"color: #000;\">8.0\u00b10.2mm<\/span><\/td>\n<td class=\"tg-0lax\"><span style=\"color: #000;\">127.5<\/span><\/td>\n<td class=\"tg-0lax\"><span style=\"color: #000;\">1268<\/span><\/td>\n<\/tr>\n<\/tbody>\n<\/table>\n","protected":false},"excerpt":{"rendered":"<p>Los cables de los sensores de vibraci\u00f3n, velocidad, aceleraci\u00f3n y resoluci\u00f3n est\u00e1n fabricados con materiales flexibles que proporcionan una excelente resistencia a la tracci\u00f3n y a la torsi\u00f3n. Son resistentes al aceite, la abrasi\u00f3n, la fatiga y los \u00e1cidos y \u00e1lcalis, lo que les permite mantener un buen rendimiento en entornos de trabajo complejos. Esto garantiza la fiabilidad y estabilidad de las conexiones, evitando eficazmente interrupciones de la se\u00f1al y problemas de transmisi\u00f3n. Los cables sensores desempe\u00f1an un papel crucial en el mantenimiento de una transmisi\u00f3n ininterrumpida y precisa de los datos de los sensores en las aplicaciones de veh\u00edculos ferroviarios.<\/p>\n","protected":false},"featured_media":12790,"template":"","meta":{"_eb_attr":"","site-sidebar-layout":"default","site-content-layout":"","ast-site-content-layout":"default","site-content-style":"default","site-sidebar-style":"default","ast-global-header-display":"","ast-banner-title-visibility":"","ast-main-header-display":"","ast-hfb-above-header-display":"","ast-hfb-below-header-display":"","ast-hfb-mobile-header-display":"","site-post-title":"","ast-breadcrumbs-content":"","ast-featured-img":"","footer-sml-layout":"","theme-transparent-header-meta":"default","adv-header-id-meta":"","stick-header-meta":"","header-above-stick-meta":"","header-main-stick-meta":"","header-below-stick-meta":"","astra-migrate-meta-layouts":"default","ast-page-background-enabled":"default","ast-page-background-meta":{"desktop":{"background-color":"","background-image":"","background-repeat":"repeat","background-position":"center center","background-size":"auto","background-attachment":"scroll","background-type":"","background-media":"","overlay-type":"","overlay-color":"","overlay-opacity":"","overlay-gradient":""},"tablet":{"background-color":"","background-image":"","background-repeat":"repeat","background-position":"center center","background-size":"auto","background-attachment":"scroll","background-type":"","background-media":"","overlay-type":"","overlay-color":"","overlay-opacity":"","overlay-gradient":""},"mobile":{"background-color":"","background-image":"","background-repeat":"repeat","background-position":"center center","background-size":"auto","background-attachment":"scroll","background-type":"","background-media":"","overlay-type":"","overlay-color":"","overlay-opacity":"","overlay-gradient":""}},"ast-content-background-meta":{"desktop":{"background-color":"var(--ast-global-color-5)","background-image":"","background-repeat":"repeat","background-position":"center center","background-size":"auto","background-attachment":"scroll","background-type":"","background-media":"","overlay-type":"","overlay-color":"","overlay-opacity":"","overlay-gradient":""},"tablet":{"background-color":"var(--ast-global-color-5)","background-image":"","background-repeat":"repeat","background-position":"center center","background-size":"auto","background-attachment":"scroll","background-type":"","background-media":"","overlay-type":"","overlay-color":"","overlay-opacity":"","overlay-gradient":""},"mobile":{"background-color":"var(--ast-global-color-5)","background-image":"","background-repeat":"repeat","background-position":"center center","background-size":"auto","background-attachment":"scroll","background-type":"","background-media":"","overlay-type":"","overlay-color":"","overlay-opacity":"","overlay-gradient":""}}},"product_brand":[],"product_cat":[599,590,623,622,601,610,603,602,598,600,597],"product_tag":[878,879,877,876],"class_list":{"0":"post-15679","1":"product","2":"type-product","3":"status-publish","4":"has-post-thumbnail","6":"product_cat-aviacion","7":"product_cat-lsoh-cable-es","8":"product_cat-en50264-es","9":"product_cat-en50306-es","10":"product_cat-en50382-es","11":"product_cat-energia-eolica","12":"product_cat-norma-en","13":"product_cat-norma-ice","14":"product_cat-petroleo-gas","15":"product_cat-marina","16":"product_cat-via-ferrea","17":"product_tag-cables-del-sensor-de-aceleracion","18":"product_tag-cables-del-sensor-de-resolucion","19":"product_tag-cables-del-sensor-de-velocidad","20":"product_tag-cables-para-sensores-de-vibracion","21":"desktop-align-center","22":"tablet-align-left","23":"mobile-align-left","25":"first","26":"instock","27":"shipping-taxable","28":"product-type-simple"},"yoast_head":"<!-- This site is optimized with the Yoast SEO plugin v27.5 - https:\/\/yoast.com\/product\/yoast-seo-wordpress\/ -->\n<title>Cables de sensores de vibraci\u00f3n, velocidad, aceleraci\u00f3n y resoluci\u00f3n<\/title>\n<meta name=\"description\" content=\"Los cables de los sensores de vibraci\u00f3n, velocidad, aceleraci\u00f3n y resoluci\u00f3n est\u00e1n fabricados con materiales flexibles que proporcionan una excelente resistencia a la tracci\u00f3n y a la torsi\u00f3n.\" \/>\n<meta name=\"robots\" content=\"index, follow, max-snippet:-1, max-image-preview:large, max-video-preview:-1\" \/>\n<link rel=\"canonical\" href=\"https:\/\/www.tstcables.com\/es\/producto\/cable-sensor-de-vibracion-velocidad-aceleracion-y-resolucion\/\" \/>\n<meta property=\"og:locale\" content=\"es_ES\" \/>\n<meta property=\"og:type\" content=\"article\" \/>\n<meta property=\"og:title\" content=\"Cables de sensores de vibraci\u00f3n, velocidad, aceleraci\u00f3n y resoluci\u00f3n\" \/>\n<meta property=\"og:description\" content=\"Los cables de los sensores de vibraci\u00f3n, velocidad, aceleraci\u00f3n y resoluci\u00f3n est\u00e1n fabricados con materiales flexibles que proporcionan una excelente resistencia a la tracci\u00f3n y a la torsi\u00f3n.\" \/>\n<meta property=\"og:url\" content=\"https:\/\/www.tstcables.com\/es\/producto\/cable-sensor-de-vibracion-velocidad-aceleracion-y-resolucion\/\" \/>\n<meta property=\"og:site_name\" content=\"TST CABLES supplier &amp; Manufacture\" \/>\n<meta property=\"article:modified_time\" content=\"2024-05-07T06:39:02+00:00\" \/>\n<meta property=\"og:image\" content=\"https:\/\/www.tstcables.com\/wp-content\/uploads\/2024\/03\/1-2.webp\" \/>\n\t<meta property=\"og:image:width\" content=\"640\" \/>\n\t<meta property=\"og:image:height\" content=\"640\" \/>\n\t<meta property=\"og:image:type\" content=\"image\/webp\" \/>\n<meta name=\"twitter:card\" content=\"summary_large_image\" \/>\n<meta name=\"twitter:label1\" content=\"Tiempo de lectura\" \/>\n\t<meta name=\"twitter:data1\" content=\"1 minuto\" \/>\n<script type=\"application\/ld+json\" class=\"yoast-schema-graph\">{\"@context\":\"https:\\\/\\\/schema.org\",\"@graph\":[{\"@type\":\"WebPage\",\"@id\":\"https:\\\/\\\/www.tstcables.com\\\/es\\\/producto\\\/cable-sensor-de-vibracion-velocidad-aceleracion-y-resolucion\\\/\",\"url\":\"https:\\\/\\\/www.tstcables.com\\\/es\\\/producto\\\/cable-sensor-de-vibracion-velocidad-aceleracion-y-resolucion\\\/\",\"name\":\"Cables de sensores de vibraci\u00f3n, velocidad, aceleraci\u00f3n y resoluci\u00f3n\",\"isPartOf\":{\"@id\":\"https:\\\/\\\/www.tstcables.com\\\/es\\\/#website\"},\"primaryImageOfPage\":{\"@id\":\"https:\\\/\\\/www.tstcables.com\\\/es\\\/producto\\\/cable-sensor-de-vibracion-velocidad-aceleracion-y-resolucion\\\/#primaryimage\"},\"image\":{\"@id\":\"https:\\\/\\\/www.tstcables.com\\\/es\\\/producto\\\/cable-sensor-de-vibracion-velocidad-aceleracion-y-resolucion\\\/#primaryimage\"},\"thumbnailUrl\":\"https:\\\/\\\/www.tstcables.com\\\/wp-content\\\/uploads\\\/2024\\\/03\\\/1-2.webp\",\"datePublished\":\"2024-03-23T09:53:04+00:00\",\"dateModified\":\"2024-05-07T06:39:02+00:00\",\"description\":\"Los cables de los sensores de vibraci\u00f3n, velocidad, aceleraci\u00f3n y resoluci\u00f3n est\u00e1n fabricados con materiales flexibles que proporcionan una excelente resistencia a la tracci\u00f3n y a la torsi\u00f3n.\",\"breadcrumb\":{\"@id\":\"https:\\\/\\\/www.tstcables.com\\\/es\\\/producto\\\/cable-sensor-de-vibracion-velocidad-aceleracion-y-resolucion\\\/#breadcrumb\"},\"inLanguage\":\"es\",\"potentialAction\":[{\"@type\":\"ReadAction\",\"target\":[\"https:\\\/\\\/www.tstcables.com\\\/es\\\/producto\\\/cable-sensor-de-vibracion-velocidad-aceleracion-y-resolucion\\\/\"]}]},{\"@type\":\"ImageObject\",\"inLanguage\":\"es\",\"@id\":\"https:\\\/\\\/www.tstcables.com\\\/es\\\/producto\\\/cable-sensor-de-vibracion-velocidad-aceleracion-y-resolucion\\\/#primaryimage\",\"url\":\"https:\\\/\\\/www.tstcables.com\\\/wp-content\\\/uploads\\\/2024\\\/03\\\/1-2.webp\",\"contentUrl\":\"https:\\\/\\\/www.tstcables.com\\\/wp-content\\\/uploads\\\/2024\\\/03\\\/1-2.webp\",\"width\":640,\"height\":640,\"caption\":\"CAT7 cable (Category 7 network cable) EN50264 fire-resistant wire &cableEN50264 fire-resistant wire &cable\"},{\"@type\":\"BreadcrumbList\",\"@id\":\"https:\\\/\\\/www.tstcables.com\\\/es\\\/producto\\\/cable-sensor-de-vibracion-velocidad-aceleracion-y-resolucion\\\/#breadcrumb\",\"itemListElement\":[{\"@type\":\"ListItem\",\"position\":1,\"name\":\"\u9996\u9875\",\"item\":\"https:\\\/\\\/www.tstcables.com\\\/es\\\/\"},{\"@type\":\"ListItem\",\"position\":2,\"name\":\"Product\",\"item\":\"https:\\\/\\\/www.tstcables.com\\\/product\\\/\"},{\"@type\":\"ListItem\",\"position\":3,\"name\":\"Cable sensor de vibraci\u00f3n, velocidad, aceleraci\u00f3n y resoluci\u00f3n\"}]},{\"@type\":\"WebSite\",\"@id\":\"https:\\\/\\\/www.tstcables.com\\\/es\\\/#website\",\"url\":\"https:\\\/\\\/www.tstcables.com\\\/es\\\/\",\"name\":\"TST Cable supplier & Manufacture\",\"description\":\"TST CABLES  supplier &amp; Manufacture official website\",\"publisher\":{\"@id\":\"https:\\\/\\\/www.tstcables.com\\\/es\\\/#organization\"},\"potentialAction\":[{\"@type\":\"SearchAction\",\"target\":{\"@type\":\"EntryPoint\",\"urlTemplate\":\"https:\\\/\\\/www.tstcables.com\\\/es\\\/?s={search_term_string}\"},\"query-input\":{\"@type\":\"PropertyValueSpecification\",\"valueRequired\":true,\"valueName\":\"search_term_string\"}}],\"inLanguage\":\"es\"},{\"@type\":\"Organization\",\"@id\":\"https:\\\/\\\/www.tstcables.com\\\/es\\\/#organization\",\"name\":\"TST Cable supplier & Manufacture\",\"url\":\"https:\\\/\\\/www.tstcables.com\\\/es\\\/\",\"logo\":{\"@type\":\"ImageObject\",\"inLanguage\":\"es\",\"@id\":\"https:\\\/\\\/www.tstcables.com\\\/es\\\/#\\\/schema\\\/logo\\\/image\\\/\",\"url\":\"https:\\\/\\\/www.tstcables.com\\\/wp-content\\\/uploads\\\/2024\\\/04\\\/cropped-\u753b\u677f-1-\u62f7\u8d1d-4-1.png\",\"contentUrl\":\"https:\\\/\\\/www.tstcables.com\\\/wp-content\\\/uploads\\\/2024\\\/04\\\/cropped-\u753b\u677f-1-\u62f7\u8d1d-4-1.png\",\"width\":300,\"height\":100,\"caption\":\"TST Cable supplier & Manufacture\"},\"image\":{\"@id\":\"https:\\\/\\\/www.tstcables.com\\\/es\\\/#\\\/schema\\\/logo\\\/image\\\/\"}}]}<\/script>\n<!-- \/ Yoast SEO plugin. -->","yoast_head_json":{"title":"Cables de sensores de vibraci\u00f3n, velocidad, aceleraci\u00f3n y resoluci\u00f3n","description":"Los cables de los sensores de vibraci\u00f3n, velocidad, aceleraci\u00f3n y resoluci\u00f3n est\u00e1n fabricados con materiales flexibles que proporcionan una excelente resistencia a la tracci\u00f3n y a la torsi\u00f3n.","robots":{"index":"index","follow":"follow","max-snippet":"max-snippet:-1","max-image-preview":"max-image-preview:large","max-video-preview":"max-video-preview:-1"},"canonical":"https:\/\/www.tstcables.com\/es\/producto\/cable-sensor-de-vibracion-velocidad-aceleracion-y-resolucion\/","og_locale":"es_ES","og_type":"article","og_title":"Cables de sensores de vibraci\u00f3n, velocidad, aceleraci\u00f3n y resoluci\u00f3n","og_description":"Los cables de los sensores de vibraci\u00f3n, velocidad, aceleraci\u00f3n y resoluci\u00f3n est\u00e1n fabricados con materiales flexibles que proporcionan una excelente resistencia a la tracci\u00f3n y a la torsi\u00f3n.","og_url":"https:\/\/www.tstcables.com\/es\/producto\/cable-sensor-de-vibracion-velocidad-aceleracion-y-resolucion\/","og_site_name":"TST CABLES supplier &amp; Manufacture","article_modified_time":"2024-05-07T06:39:02+00:00","og_image":[{"width":640,"height":640,"url":"https:\/\/www.tstcables.com\/wp-content\/uploads\/2024\/03\/1-2.webp","type":"image\/webp"}],"twitter_card":"summary_large_image","twitter_misc":{"Tiempo de lectura":"1 minuto"},"schema":{"@context":"https:\/\/schema.org","@graph":[{"@type":"WebPage","@id":"https:\/\/www.tstcables.com\/es\/producto\/cable-sensor-de-vibracion-velocidad-aceleracion-y-resolucion\/","url":"https:\/\/www.tstcables.com\/es\/producto\/cable-sensor-de-vibracion-velocidad-aceleracion-y-resolucion\/","name":"Cables de sensores de vibraci\u00f3n, velocidad, aceleraci\u00f3n y resoluci\u00f3n","isPartOf":{"@id":"https:\/\/www.tstcables.com\/es\/#website"},"primaryImageOfPage":{"@id":"https:\/\/www.tstcables.com\/es\/producto\/cable-sensor-de-vibracion-velocidad-aceleracion-y-resolucion\/#primaryimage"},"image":{"@id":"https:\/\/www.tstcables.com\/es\/producto\/cable-sensor-de-vibracion-velocidad-aceleracion-y-resolucion\/#primaryimage"},"thumbnailUrl":"https:\/\/www.tstcables.com\/wp-content\/uploads\/2024\/03\/1-2.webp","datePublished":"2024-03-23T09:53:04+00:00","dateModified":"2024-05-07T06:39:02+00:00","description":"Los cables de los sensores de vibraci\u00f3n, velocidad, aceleraci\u00f3n y resoluci\u00f3n est\u00e1n fabricados con materiales flexibles que proporcionan una excelente resistencia a la tracci\u00f3n y a la torsi\u00f3n.","breadcrumb":{"@id":"https:\/\/www.tstcables.com\/es\/producto\/cable-sensor-de-vibracion-velocidad-aceleracion-y-resolucion\/#breadcrumb"},"inLanguage":"es","potentialAction":[{"@type":"ReadAction","target":["https:\/\/www.tstcables.com\/es\/producto\/cable-sensor-de-vibracion-velocidad-aceleracion-y-resolucion\/"]}]},{"@type":"ImageObject","inLanguage":"es","@id":"https:\/\/www.tstcables.com\/es\/producto\/cable-sensor-de-vibracion-velocidad-aceleracion-y-resolucion\/#primaryimage","url":"https:\/\/www.tstcables.com\/wp-content\/uploads\/2024\/03\/1-2.webp","contentUrl":"https:\/\/www.tstcables.com\/wp-content\/uploads\/2024\/03\/1-2.webp","width":640,"height":640,"caption":"CAT7 cable (Category 7 network cable) EN50264 fire-resistant wire &cableEN50264 fire-resistant wire &cable"},{"@type":"BreadcrumbList","@id":"https:\/\/www.tstcables.com\/es\/producto\/cable-sensor-de-vibracion-velocidad-aceleracion-y-resolucion\/#breadcrumb","itemListElement":[{"@type":"ListItem","position":1,"name":"\u9996\u9875","item":"https:\/\/www.tstcables.com\/es\/"},{"@type":"ListItem","position":2,"name":"Product","item":"https:\/\/www.tstcables.com\/product\/"},{"@type":"ListItem","position":3,"name":"Cable sensor de vibraci\u00f3n, velocidad, aceleraci\u00f3n y resoluci\u00f3n"}]},{"@type":"WebSite","@id":"https:\/\/www.tstcables.com\/es\/#website","url":"https:\/\/www.tstcables.com\/es\/","name":"TST Cable supplier & Manufacture","description":"TST CABLES  supplier &amp; Manufacture official website","publisher":{"@id":"https:\/\/www.tstcables.com\/es\/#organization"},"potentialAction":[{"@type":"SearchAction","target":{"@type":"EntryPoint","urlTemplate":"https:\/\/www.tstcables.com\/es\/?s={search_term_string}"},"query-input":{"@type":"PropertyValueSpecification","valueRequired":true,"valueName":"search_term_string"}}],"inLanguage":"es"},{"@type":"Organization","@id":"https:\/\/www.tstcables.com\/es\/#organization","name":"TST Cable supplier & Manufacture","url":"https:\/\/www.tstcables.com\/es\/","logo":{"@type":"ImageObject","inLanguage":"es","@id":"https:\/\/www.tstcables.com\/es\/#\/schema\/logo\/image\/","url":"https:\/\/www.tstcables.com\/wp-content\/uploads\/2024\/04\/cropped-\u753b\u677f-1-\u62f7\u8d1d-4-1.png","contentUrl":"https:\/\/www.tstcables.com\/wp-content\/uploads\/2024\/04\/cropped-\u753b\u677f-1-\u62f7\u8d1d-4-1.png","width":300,"height":100,"caption":"TST Cable supplier & Manufacture"},"image":{"@id":"https:\/\/www.tstcables.com\/es\/#\/schema\/logo\/image\/"}}]}},"_links":{"self":[{"href":"https:\/\/www.tstcables.com\/es\/wp-json\/wp\/v2\/product\/15679","targetHints":{"allow":["GET"]}}],"collection":[{"href":"https:\/\/www.tstcables.com\/es\/wp-json\/wp\/v2\/product"}],"about":[{"href":"https:\/\/www.tstcables.com\/es\/wp-json\/wp\/v2\/types\/product"}],"version-history":[{"count":0,"href":"https:\/\/www.tstcables.com\/es\/wp-json\/wp\/v2\/product\/15679\/revisions"}],"wp:featuredmedia":[{"embeddable":true,"href":"https:\/\/www.tstcables.com\/es\/wp-json\/wp\/v2\/media\/12790"}],"wp:attachment":[{"href":"https:\/\/www.tstcables.com\/es\/wp-json\/wp\/v2\/media?parent=15679"}],"wp:term":[{"taxonomy":"product_brand","embeddable":true,"href":"https:\/\/www.tstcables.com\/es\/wp-json\/wp\/v2\/product_brand?post=15679"},{"taxonomy":"product_cat","embeddable":true,"href":"https:\/\/www.tstcables.com\/es\/wp-json\/wp\/v2\/product_cat?post=15679"},{"taxonomy":"product_tag","embeddable":true,"href":"https:\/\/www.tstcables.com\/es\/wp-json\/wp\/v2\/product_tag?post=15679"}],"curies":[{"name":"wp","href":"https:\/\/api.w.org\/{rel}","templated":true}]}}