{"id":15680,"date":"2024-03-23T18:31:11","date_gmt":"2024-03-23T10:31:11","guid":{"rendered":"https:\/\/www.tstcables.com\/product\/cable-unipolar-de-alta-temperatura-y-baja-temperatura\/"},"modified":"2024-05-07T14:41:13","modified_gmt":"2024-05-07T06:41:13","slug":"cable-unipolar-de-alta-temperatura-y-baja-temperatura","status":"publish","type":"product","link":"https:\/\/www.tstcables.com\/es\/producto\/cable-unipolar-de-alta-temperatura-y-baja-temperatura\/","title":{"rendered":"Ferrocarril baja emisi\u00f3n de humos libre de hal\u00f3genos alta fr\u00eda baja temperatura cable unipolar y cable"},"content":{"rendered":"<p>Aplicaci\u00f3n\uff1a<\/p>\n<p>Los cables unipolares de alta temperatura, baja emisi\u00f3n de humos y sin hal\u00f3genos para bajas temperaturas tienen la capacidad de adaptarse al nivel correspondiente de los entornos de fr\u00edo extremo. Estos productos presentan una excelente resistencia al fr\u00edo, por lo que se utilizan ampliamente como cables de conexi\u00f3n especializados para circuitos de alimentaci\u00f3n y control en regiones y entornos fr\u00edos, especialmente en veh\u00edculos ferroviarios.<\/p>\n<p>Caracter\u00edstica\uff1a<\/p>\n<ul>\n<li>Temperature resistance: -60 to 180\u00b0C (-60 to 180\u00b0C)<\/li>\n<li>Insulation resistance:&gt; 100Mpa<\/li>\n<li>Cobre esta\u00f1ado<\/li>\n<li>Resistencia a la oxidaci\u00f3n<\/li>\n<li>Alta conductividad<\/li>\n<li>Ultra-low temperature resistance<\/li>\n<li>Anti-freeze and cold-resistant<\/li>\n<li>Excelentes propiedades mec\u00e1nicas<\/li>\n<li>Aislamiento el\u00e9ctrico superior<\/li>\n<li>Buena estabilidad qu\u00edmica<\/li>\n<\/ul>\n<p>Norma del sector:<\/p>\n<ul>\n<li>EN45545-2<\/li>\n<\/ul>\n<p>Estructura\uff1a<\/p>\n<ul>\n<li>Conductor: Conductor de cobre esta\u00f1ado, estructura de 5 \u00f3 6 clases.<\/li>\n<li>Aislamiento: Pol\u00edmero libre de hal\u00f3genos de baja emisi\u00f3n de humos TST-101.<\/li>\n<li>Resistencia al fuego: Cumple la norma EN45545-2 R15\/R16 HL3.<\/li>\n<\/ul>\n<p>Par\u00e1metro de selecci\u00f3n<\/p>\n<table class=\"tg\">\n<thead>\n<tr>\n<th class=\"tg-0pky\" rowspan=\"2\">Secci\u00f3n nominal del conductor<\/th>\n<th class=\"tg-0pky\" rowspan=\"2\">N\u00famero de hilos * di\u00e1metro del hilo<\/th>\n<th class=\"tg-0pky\" colspan=\"2\"><span style=\"color: #000;\">Di\u00e1metro del conductor (d)<\/span><\/th>\n<th class=\"tg-0pky\">Espesor medio del aislamiento<\/th>\n<th class=\"tg-0pky\" colspan=\"2\">Di\u00e1metro exterior del cable (D)<\/th>\n<th class=\"tg-0lax\">20\u2103 conductor resistance<\/th>\n<th class=\"tg-0lax\">Peso<\/th>\n<th class=\"tg-0lax\">Valor calor\u00edfico de combusti\u00f3n<\/th>\n<\/tr>\n<tr>\n<th class=\"tg-0pky\"><span style=\"color: #000;\">M\u00edn. mm<\/span><\/th>\n<th class=\"tg-0pky\"><span style=\"color: #000;\">Max. mm<\/span><\/th>\n<th class=\"tg-0pky\"><span style=\"color: #000;\">M\u00edn. mm<\/span><\/th>\n<th class=\"tg-0pky\"><span style=\"color: #000;\">M\u00edn. mm<\/span><\/th>\n<th class=\"tg-0pky\"><span style=\"color: #000;\">Max. mm<\/span><\/th>\n<th class=\"tg-0lax\"><span style=\"color: #000;\">MJ\/K m<\/span><\/th>\n<th class=\"tg-0lax\"><span style=\"color: #000;\">Kg\/k m<\/span><\/th>\n<th class=\"tg-0lax\"><span style=\"color: #000;\">MJ\/k m<\/span><\/th>\n<\/tr>\n<\/thead>\n<tbody>\n<tr>\n<td class=\"tg-0pky\"><span style=\"color: #000;\">0.5<\/span><\/td>\n<td class=\"tg-0pky\"><span style=\"color: #000;\">19&#215;0.18<\/span><\/td>\n<td class=\"tg-0pky\"><span style=\"color: #000;\">0.8<\/span><\/td>\n<td class=\"tg-0pky\"><span style=\"color: #000;\">0.95<\/span><\/td>\n<td class=\"tg-0pky\"><span style=\"color: #000;\">0.18<\/span><\/td>\n<td class=\"tg-0pky\"><span style=\"color: #000;\">1.3<\/span><\/td>\n<td class=\"tg-0pky\"><span style=\"color: #000;\">1.45<\/span><\/td>\n<td class=\"tg-0lax\"><span style=\"color: #000;\">40.1<\/span><\/td>\n<td class=\"tg-0lax\"><span style=\"color: #000;\">6<\/span><\/td>\n<td class=\"tg-0lax\"><span style=\"color: #000;\">23<\/span><\/td>\n<\/tr>\n<tr>\n<td class=\"tg-0pky\"><span style=\"color: #000;\">0.75<\/span><\/td>\n<td class=\"tg-0pky\"><span style=\"color: #000;\">a<\/span><br \/>\n<span style=\"color: #000;\">37&#215;0.16<\/span><\/td>\n<td class=\"tg-0pky\"><span style=\"color: #000;\">1<\/span><\/td>\n<td class=\"tg-0pky\"><span style=\"color: #000;\">1.15<\/span><\/td>\n<td class=\"tg-0pky\"><span style=\"color: #000;\">0.18<\/span><\/td>\n<td class=\"tg-0pky\"><span style=\"color: #000;\">1.5<\/span><\/td>\n<td class=\"tg-0pky\"><span style=\"color: #000;\">1.65<\/span><\/td>\n<td class=\"tg-0lax\"><span style=\"color: #000;\">26.7<\/span><\/td>\n<td class=\"tg-0lax\"><span style=\"color: #000;\">8<\/span><\/td>\n<td class=\"tg-0lax\"><span style=\"color: #000;\">29<\/span><\/td>\n<\/tr>\n<tr>\n<td class=\"tg-0lax\"><span style=\"color: #000;\">1<\/span><\/td>\n<td class=\"tg-0lax\"><span style=\"color: #000;\">a<\/span><br \/>\n<span style=\"color: #000;\">37&#215;0.18<\/span><\/td>\n<td class=\"tg-0lax\"><span style=\"color: #000;\">1.1<\/span><\/td>\n<td class=\"tg-0lax\"><span style=\"color: #000;\">1.3<\/span><\/td>\n<td class=\"tg-0lax\"><span style=\"color: #000;\">0.18<\/span><\/td>\n<td class=\"tg-0lax\"><span style=\"color: #000;\">1.6<\/span><\/td>\n<td class=\"tg-0lax\"><span style=\"color: #000;\">1.8<\/span><\/td>\n<td class=\"tg-0lax\"><span style=\"color: #000;\">20<\/span><\/td>\n<td class=\"tg-0lax\"><span style=\"color: #000;\">11<\/span><\/td>\n<td class=\"tg-0lax\"><span style=\"color: #000;\">32<\/span><\/td>\n<\/tr>\n<tr>\n<td class=\"tg-0lax\"><span style=\"color: #000;\">1.5<\/span><\/td>\n<td class=\"tg-0lax\"><span style=\"color: #000;\">37&#215;0.23<\/span><\/td>\n<td class=\"tg-0lax\"><span style=\"color: #000;\">1.45<\/span><\/td>\n<td class=\"tg-0lax\"><span style=\"color: #000;\">1.65<\/span><\/td>\n<td class=\"tg-0lax\"><span style=\"color: #000;\">0.22<\/span><\/td>\n<td class=\"tg-0lax\"><span style=\"color: #000;\">1.95<\/span><\/td>\n<td class=\"tg-0lax\"><span style=\"color: #000;\">2.3<\/span><\/td>\n<td class=\"tg-0lax\"><span style=\"color: #000;\">13.7<\/span><\/td>\n<td class=\"tg-0lax\"><span style=\"color: #000;\">17<\/span><\/td>\n<td class=\"tg-0lax\"><span style=\"color: #000;\">58<\/span><\/td>\n<\/tr>\n<tr>\n<td class=\"tg-0lax\"><span style=\"color: #000;\">2.5<\/span><\/td>\n<td class=\"tg-0lax\"><span style=\"color: #000;\">a<\/span><br \/>\n<span style=\"color: #000;\">37&#215;0.30<\/span><\/td>\n<td class=\"tg-0lax\"><span style=\"color: #000;\">1.85<\/span><\/td>\n<td class=\"tg-0lax\"><span style=\"color: #000;\">2.15<\/span><\/td>\n<td class=\"tg-0lax\"><span style=\"color: #000;\">0.28<\/span><\/td>\n<td class=\"tg-0lax\"><span style=\"color: #000;\">2.35<\/span><\/td>\n<td class=\"tg-0lax\"><span style=\"color: #000;\">2.85<\/span><\/td>\n<td class=\"tg-0lax\"><span style=\"color: #000;\">8.21<\/span><\/td>\n<td class=\"tg-0lax\"><span style=\"color: #000;\">29<\/span><\/td>\n<td class=\"tg-0lax\"><span style=\"color: #000;\">78<\/span><\/td>\n<\/tr>\n<\/tbody>\n<\/table>\n","protected":false},"excerpt":{"rendered":"<p>Los cables unipolares TST-GH-S Railway low smoke halogen-free high cold low temperature exhiben una excelente resistencia al fr\u00edo, por lo que se utilizan ampliamente como cables de conexi\u00f3n especializados para circuitos de alimentaci\u00f3n y control en regiones y entornos fr\u00edos, especialmente en veh\u00edculos ferroviarios. Incluso en condiciones de temperaturas extremadamente bajas, los cables mantienen buenas propiedades f\u00edsicas, mec\u00e1nicas, el\u00e9ctricas y de resistencia al envejecimiento, sin agrietarse, lo que aumenta significativamente la seguridad y la vida \u00fatil de los cables.<\/p>\n","protected":false},"featured_media":12558,"template":"","meta":{"_eb_attr":"","site-sidebar-layout":"default","site-content-layout":"","ast-site-content-layout":"default","site-content-style":"default","site-sidebar-style":"default","ast-global-header-display":"","ast-banner-title-visibility":"","ast-main-header-display":"","ast-hfb-above-header-display":"","ast-hfb-below-header-display":"","ast-hfb-mobile-header-display":"","site-post-title":"","ast-breadcrumbs-content":"","ast-featured-img":"","footer-sml-layout":"","theme-transparent-header-meta":"default","adv-header-id-meta":"","stick-header-meta":"","header-above-stick-meta":"","header-main-stick-meta":"","header-below-stick-meta":"","astra-migrate-meta-layouts":"default","ast-page-background-enabled":"default","ast-page-background-meta":{"desktop":{"background-color":"","background-image":"","background-repeat":"repeat","background-position":"center center","background-size":"auto","background-attachment":"scroll","background-type":"","background-media":"","overlay-type":"","overlay-color":"","overlay-opacity":"","overlay-gradient":""},"tablet":{"background-color":"","background-image":"","background-repeat":"repeat","background-position":"center center","background-size":"auto","background-attachment":"scroll","background-type":"","background-media":"","overlay-type":"","overlay-color":"","overlay-opacity":"","overlay-gradient":""},"mobile":{"background-color":"","background-image":"","background-repeat":"repeat","background-position":"center center","background-size":"auto","background-attachment":"scroll","background-type":"","background-media":"","overlay-type":"","overlay-color":"","overlay-opacity":"","overlay-gradient":""}},"ast-content-background-meta":{"desktop":{"background-color":"var(--ast-global-color-5)","background-image":"","background-repeat":"repeat","background-position":"center center","background-size":"auto","background-attachment":"scroll","background-type":"","background-media":"","overlay-type":"","overlay-color":"","overlay-opacity":"","overlay-gradient":""},"tablet":{"background-color":"var(--ast-global-color-5)","background-image":"","background-repeat":"repeat","background-position":"center center","background-size":"auto","background-attachment":"scroll","background-type":"","background-media":"","overlay-type":"","overlay-color":"","overlay-opacity":"","overlay-gradient":""},"mobile":{"background-color":"var(--ast-global-color-5)","background-image":"","background-repeat":"repeat","background-position":"center center","background-size":"auto","background-attachment":"scroll","background-type":"","background-media":"","overlay-type":"","overlay-color":"","overlay-opacity":"","overlay-gradient":""}}},"product_brand":[],"product_cat":[620,590,623,622,601,603,602,597],"product_tag":[881,880,669],"class_list":{"0":"post-15680","1":"product","2":"type-product","3":"status-publish","4":"has-post-thumbnail","6":"product_cat-cable-de-baja-temperatura","7":"product_cat-lsoh-cable-es","8":"product_cat-en50264-es","9":"product_cat-en50306-es","10":"product_cat-en50382-es","11":"product_cat-norma-en","12":"product_cat-norma-ice","13":"product_cat-via-ferrea","14":"product_tag-alambre-y-cable-unipolar-de-alto-frio","15":"product_tag-cables-unipolares","16":"product_tag-hilos-y-cables-de-baja-temperatura","17":"desktop-align-center","18":"tablet-align-left","19":"mobile-align-left","21":"first","22":"instock","23":"shipping-taxable","24":"product-type-simple"},"yoast_head":"<!-- This site is optimized with the Yoast SEO plugin v27.4 - https:\/\/yoast.com\/product\/yoast-seo-wordpress\/ -->\n<title>Ferrocarril baja emisi\u00f3n de humos libre de hal\u00f3genos alta fr\u00eda baja temperatura cable unipolar y cable<\/title>\n<meta name=\"description\" content=\"Los cables unipolares TST-GH-S Railway de baja emisi\u00f3n de humos y sin hal\u00f3genos para altas temperaturas y bajas temperaturas presentan una excelente resistencia al fr\u00edo, por lo que se utilizan ampliamente como cables de conexi\u00f3n especializados.\" \/>\n<meta name=\"robots\" content=\"index, follow, max-snippet:-1, max-image-preview:large, max-video-preview:-1\" \/>\n<link rel=\"canonical\" href=\"https:\/\/www.tstcables.com\/es\/producto\/cable-unipolar-de-alta-temperatura-y-baja-temperatura\/\" \/>\n<meta property=\"og:locale\" content=\"es_ES\" \/>\n<meta property=\"og:type\" content=\"article\" \/>\n<meta property=\"og:title\" content=\"Ferrocarril baja emisi\u00f3n de humos libre de hal\u00f3genos alta fr\u00eda baja temperatura cable unipolar y cable\" \/>\n<meta property=\"og:description\" content=\"Los cables unipolares TST-GH-S Railway de baja emisi\u00f3n de humos y sin hal\u00f3genos para altas temperaturas y bajas temperaturas presentan una excelente resistencia al fr\u00edo, por lo que se utilizan ampliamente como cables de conexi\u00f3n especializados.\" \/>\n<meta property=\"og:url\" content=\"https:\/\/www.tstcables.com\/es\/producto\/cable-unipolar-de-alta-temperatura-y-baja-temperatura\/\" \/>\n<meta property=\"og:site_name\" content=\"TST CABLES supplier &amp; Manufacture\" \/>\n<meta property=\"article:modified_time\" content=\"2024-05-07T06:41:13+00:00\" \/>\n<meta property=\"og:image\" content=\"https:\/\/www.tstcables.com\/wp-content\/uploads\/2024\/03\/3-11.jpg\" \/>\n\t<meta property=\"og:image:width\" content=\"750\" \/>\n\t<meta property=\"og:image:height\" content=\"750\" \/>\n\t<meta property=\"og:image:type\" content=\"image\/jpeg\" \/>\n<meta name=\"twitter:card\" content=\"summary_large_image\" \/>\n<meta name=\"twitter:label1\" content=\"Tiempo de lectura\" \/>\n\t<meta name=\"twitter:data1\" content=\"1 minuto\" \/>\n<script type=\"application\/ld+json\" class=\"yoast-schema-graph\">{\"@context\":\"https:\\\/\\\/schema.org\",\"@graph\":[{\"@type\":\"WebPage\",\"@id\":\"https:\\\/\\\/www.tstcables.com\\\/es\\\/producto\\\/cable-unipolar-de-alta-temperatura-y-baja-temperatura\\\/\",\"url\":\"https:\\\/\\\/www.tstcables.com\\\/es\\\/producto\\\/cable-unipolar-de-alta-temperatura-y-baja-temperatura\\\/\",\"name\":\"Ferrocarril baja emisi\u00f3n de humos libre de hal\u00f3genos alta fr\u00eda baja temperatura cable unipolar y cable\",\"isPartOf\":{\"@id\":\"https:\\\/\\\/www.tstcables.com\\\/es\\\/#website\"},\"primaryImageOfPage\":{\"@id\":\"https:\\\/\\\/www.tstcables.com\\\/es\\\/producto\\\/cable-unipolar-de-alta-temperatura-y-baja-temperatura\\\/#primaryimage\"},\"image\":{\"@id\":\"https:\\\/\\\/www.tstcables.com\\\/es\\\/producto\\\/cable-unipolar-de-alta-temperatura-y-baja-temperatura\\\/#primaryimage\"},\"thumbnailUrl\":\"https:\\\/\\\/www.tstcables.com\\\/wp-content\\\/uploads\\\/2024\\\/03\\\/3-11.jpg\",\"datePublished\":\"2024-03-23T10:31:11+00:00\",\"dateModified\":\"2024-05-07T06:41:13+00:00\",\"description\":\"Los cables unipolares TST-GH-S Railway de baja emisi\u00f3n de humos y sin hal\u00f3genos para altas temperaturas y bajas temperaturas presentan una excelente resistencia al fr\u00edo, por lo que se utilizan ampliamente como cables de conexi\u00f3n especializados.\",\"breadcrumb\":{\"@id\":\"https:\\\/\\\/www.tstcables.com\\\/es\\\/producto\\\/cable-unipolar-de-alta-temperatura-y-baja-temperatura\\\/#breadcrumb\"},\"inLanguage\":\"es\",\"potentialAction\":[{\"@type\":\"ReadAction\",\"target\":[\"https:\\\/\\\/www.tstcables.com\\\/es\\\/producto\\\/cable-unipolar-de-alta-temperatura-y-baja-temperatura\\\/\"]}]},{\"@type\":\"ImageObject\",\"inLanguage\":\"es\",\"@id\":\"https:\\\/\\\/www.tstcables.com\\\/es\\\/producto\\\/cable-unipolar-de-alta-temperatura-y-baja-temperatura\\\/#primaryimage\",\"url\":\"https:\\\/\\\/www.tstcables.com\\\/wp-content\\\/uploads\\\/2024\\\/03\\\/3-11.jpg\",\"contentUrl\":\"https:\\\/\\\/www.tstcables.com\\\/wp-content\\\/uploads\\\/2024\\\/03\\\/3-11.jpg\",\"width\":750,\"height\":750,\"caption\":\"AFPF200 AFPF250 Teflon high temperature shielded cable\"},{\"@type\":\"BreadcrumbList\",\"@id\":\"https:\\\/\\\/www.tstcables.com\\\/es\\\/producto\\\/cable-unipolar-de-alta-temperatura-y-baja-temperatura\\\/#breadcrumb\",\"itemListElement\":[{\"@type\":\"ListItem\",\"position\":1,\"name\":\"\u9996\u9875\",\"item\":\"https:\\\/\\\/www.tstcables.com\\\/es\\\/\"},{\"@type\":\"ListItem\",\"position\":2,\"name\":\"Product\",\"item\":\"https:\\\/\\\/www.tstcables.com\\\/product\\\/\"},{\"@type\":\"ListItem\",\"position\":3,\"name\":\"Ferrocarril baja emisi\u00f3n de humos libre de hal\u00f3genos alta fr\u00eda baja temperatura cable unipolar y cable\"}]},{\"@type\":\"WebSite\",\"@id\":\"https:\\\/\\\/www.tstcables.com\\\/es\\\/#website\",\"url\":\"https:\\\/\\\/www.tstcables.com\\\/es\\\/\",\"name\":\"TST Cable supplier & Manufacture\",\"description\":\"TST CABLES  supplier &amp; Manufacture official website\",\"publisher\":{\"@id\":\"https:\\\/\\\/www.tstcables.com\\\/es\\\/#organization\"},\"potentialAction\":[{\"@type\":\"SearchAction\",\"target\":{\"@type\":\"EntryPoint\",\"urlTemplate\":\"https:\\\/\\\/www.tstcables.com\\\/es\\\/?s={search_term_string}\"},\"query-input\":{\"@type\":\"PropertyValueSpecification\",\"valueRequired\":true,\"valueName\":\"search_term_string\"}}],\"inLanguage\":\"es\"},{\"@type\":\"Organization\",\"@id\":\"https:\\\/\\\/www.tstcables.com\\\/es\\\/#organization\",\"name\":\"TST Cable supplier & Manufacture\",\"url\":\"https:\\\/\\\/www.tstcables.com\\\/es\\\/\",\"logo\":{\"@type\":\"ImageObject\",\"inLanguage\":\"es\",\"@id\":\"https:\\\/\\\/www.tstcables.com\\\/es\\\/#\\\/schema\\\/logo\\\/image\\\/\",\"url\":\"https:\\\/\\\/www.tstcables.com\\\/wp-content\\\/uploads\\\/2024\\\/04\\\/cropped-\u753b\u677f-1-\u62f7\u8d1d-4-1.png\",\"contentUrl\":\"https:\\\/\\\/www.tstcables.com\\\/wp-content\\\/uploads\\\/2024\\\/04\\\/cropped-\u753b\u677f-1-\u62f7\u8d1d-4-1.png\",\"width\":300,\"height\":100,\"caption\":\"TST Cable supplier & Manufacture\"},\"image\":{\"@id\":\"https:\\\/\\\/www.tstcables.com\\\/es\\\/#\\\/schema\\\/logo\\\/image\\\/\"}}]}<\/script>\n<!-- \/ Yoast SEO plugin. -->","yoast_head_json":{"title":"Ferrocarril baja emisi\u00f3n de humos libre de hal\u00f3genos alta fr\u00eda baja temperatura cable unipolar y cable","description":"Los cables unipolares TST-GH-S Railway de baja emisi\u00f3n de humos y sin hal\u00f3genos para altas temperaturas y bajas temperaturas presentan una excelente resistencia al fr\u00edo, por lo que se utilizan ampliamente como cables de conexi\u00f3n especializados.","robots":{"index":"index","follow":"follow","max-snippet":"max-snippet:-1","max-image-preview":"max-image-preview:large","max-video-preview":"max-video-preview:-1"},"canonical":"https:\/\/www.tstcables.com\/es\/producto\/cable-unipolar-de-alta-temperatura-y-baja-temperatura\/","og_locale":"es_ES","og_type":"article","og_title":"Ferrocarril baja emisi\u00f3n de humos libre de hal\u00f3genos alta fr\u00eda baja temperatura cable unipolar y cable","og_description":"Los cables unipolares TST-GH-S Railway de baja emisi\u00f3n de humos y sin hal\u00f3genos para altas temperaturas y bajas temperaturas presentan una excelente resistencia al fr\u00edo, por lo que se utilizan ampliamente como cables de conexi\u00f3n especializados.","og_url":"https:\/\/www.tstcables.com\/es\/producto\/cable-unipolar-de-alta-temperatura-y-baja-temperatura\/","og_site_name":"TST CABLES supplier &amp; Manufacture","article_modified_time":"2024-05-07T06:41:13+00:00","og_image":[{"width":750,"height":750,"url":"https:\/\/www.tstcables.com\/wp-content\/uploads\/2024\/03\/3-11.jpg","type":"image\/jpeg"}],"twitter_card":"summary_large_image","twitter_misc":{"Tiempo de lectura":"1 minuto"},"schema":{"@context":"https:\/\/schema.org","@graph":[{"@type":"WebPage","@id":"https:\/\/www.tstcables.com\/es\/producto\/cable-unipolar-de-alta-temperatura-y-baja-temperatura\/","url":"https:\/\/www.tstcables.com\/es\/producto\/cable-unipolar-de-alta-temperatura-y-baja-temperatura\/","name":"Ferrocarril baja emisi\u00f3n de humos libre de hal\u00f3genos alta fr\u00eda baja temperatura cable unipolar y cable","isPartOf":{"@id":"https:\/\/www.tstcables.com\/es\/#website"},"primaryImageOfPage":{"@id":"https:\/\/www.tstcables.com\/es\/producto\/cable-unipolar-de-alta-temperatura-y-baja-temperatura\/#primaryimage"},"image":{"@id":"https:\/\/www.tstcables.com\/es\/producto\/cable-unipolar-de-alta-temperatura-y-baja-temperatura\/#primaryimage"},"thumbnailUrl":"https:\/\/www.tstcables.com\/wp-content\/uploads\/2024\/03\/3-11.jpg","datePublished":"2024-03-23T10:31:11+00:00","dateModified":"2024-05-07T06:41:13+00:00","description":"Los cables unipolares TST-GH-S Railway de baja emisi\u00f3n de humos y sin hal\u00f3genos para altas temperaturas y bajas temperaturas presentan una excelente resistencia al fr\u00edo, por lo que se utilizan ampliamente como cables de conexi\u00f3n especializados.","breadcrumb":{"@id":"https:\/\/www.tstcables.com\/es\/producto\/cable-unipolar-de-alta-temperatura-y-baja-temperatura\/#breadcrumb"},"inLanguage":"es","potentialAction":[{"@type":"ReadAction","target":["https:\/\/www.tstcables.com\/es\/producto\/cable-unipolar-de-alta-temperatura-y-baja-temperatura\/"]}]},{"@type":"ImageObject","inLanguage":"es","@id":"https:\/\/www.tstcables.com\/es\/producto\/cable-unipolar-de-alta-temperatura-y-baja-temperatura\/#primaryimage","url":"https:\/\/www.tstcables.com\/wp-content\/uploads\/2024\/03\/3-11.jpg","contentUrl":"https:\/\/www.tstcables.com\/wp-content\/uploads\/2024\/03\/3-11.jpg","width":750,"height":750,"caption":"AFPF200 AFPF250 Teflon high temperature shielded cable"},{"@type":"BreadcrumbList","@id":"https:\/\/www.tstcables.com\/es\/producto\/cable-unipolar-de-alta-temperatura-y-baja-temperatura\/#breadcrumb","itemListElement":[{"@type":"ListItem","position":1,"name":"\u9996\u9875","item":"https:\/\/www.tstcables.com\/es\/"},{"@type":"ListItem","position":2,"name":"Product","item":"https:\/\/www.tstcables.com\/product\/"},{"@type":"ListItem","position":3,"name":"Ferrocarril baja emisi\u00f3n de humos libre de hal\u00f3genos alta fr\u00eda baja temperatura cable unipolar y cable"}]},{"@type":"WebSite","@id":"https:\/\/www.tstcables.com\/es\/#website","url":"https:\/\/www.tstcables.com\/es\/","name":"TST Cable supplier & Manufacture","description":"TST CABLES  supplier &amp; Manufacture official website","publisher":{"@id":"https:\/\/www.tstcables.com\/es\/#organization"},"potentialAction":[{"@type":"SearchAction","target":{"@type":"EntryPoint","urlTemplate":"https:\/\/www.tstcables.com\/es\/?s={search_term_string}"},"query-input":{"@type":"PropertyValueSpecification","valueRequired":true,"valueName":"search_term_string"}}],"inLanguage":"es"},{"@type":"Organization","@id":"https:\/\/www.tstcables.com\/es\/#organization","name":"TST Cable supplier & Manufacture","url":"https:\/\/www.tstcables.com\/es\/","logo":{"@type":"ImageObject","inLanguage":"es","@id":"https:\/\/www.tstcables.com\/es\/#\/schema\/logo\/image\/","url":"https:\/\/www.tstcables.com\/wp-content\/uploads\/2024\/04\/cropped-\u753b\u677f-1-\u62f7\u8d1d-4-1.png","contentUrl":"https:\/\/www.tstcables.com\/wp-content\/uploads\/2024\/04\/cropped-\u753b\u677f-1-\u62f7\u8d1d-4-1.png","width":300,"height":100,"caption":"TST Cable supplier & Manufacture"},"image":{"@id":"https:\/\/www.tstcables.com\/es\/#\/schema\/logo\/image\/"}}]}},"_links":{"self":[{"href":"https:\/\/www.tstcables.com\/es\/wp-json\/wp\/v2\/product\/15680","targetHints":{"allow":["GET"]}}],"collection":[{"href":"https:\/\/www.tstcables.com\/es\/wp-json\/wp\/v2\/product"}],"about":[{"href":"https:\/\/www.tstcables.com\/es\/wp-json\/wp\/v2\/types\/product"}],"version-history":[{"count":0,"href":"https:\/\/www.tstcables.com\/es\/wp-json\/wp\/v2\/product\/15680\/revisions"}],"wp:featuredmedia":[{"embeddable":true,"href":"https:\/\/www.tstcables.com\/es\/wp-json\/wp\/v2\/media\/12558"}],"wp:attachment":[{"href":"https:\/\/www.tstcables.com\/es\/wp-json\/wp\/v2\/media?parent=15680"}],"wp:term":[{"taxonomy":"product_brand","embeddable":true,"href":"https:\/\/www.tstcables.com\/es\/wp-json\/wp\/v2\/product_brand?post=15680"},{"taxonomy":"product_cat","embeddable":true,"href":"https:\/\/www.tstcables.com\/es\/wp-json\/wp\/v2\/product_cat?post=15680"},{"taxonomy":"product_tag","embeddable":true,"href":"https:\/\/www.tstcables.com\/es\/wp-json\/wp\/v2\/product_tag?post=15680"}],"curies":[{"name":"wp","href":"https:\/\/api.w.org\/{rel}","templated":true}]}}