{"id":15913,"date":"2024-04-11T14:39:51","date_gmt":"2024-04-11T06:39:51","guid":{"rendered":"https:\/\/www.tstcables.com\/?post_type=product&#038;p=15913"},"modified":"2024-05-07T14:22:20","modified_gmt":"2024-05-07T06:22:20","slug":"cable-de-comunicacion-can-bus-rs485-rs422-copy-2","status":"publish","type":"product","link":"https:\/\/www.tstcables.com\/es\/producto\/cable-de-comunicacion-can-bus-rs485-rs422-copy-2\/","title":{"rendered":"Cable de comunicaci\u00f3n CAN BUS\/RS485\/RS422"},"content":{"rendered":"<p>Aplicaci\u00f3n\uff1a<\/p>\n<p>Sistema de control de trenes de tr\u00e1nsito ferroviario<\/p>\n<p>Caracter\u00edstica\uff1a<\/p>\n<ul>\n<li>Tensi\u00f3n nominal: 300 V CA<\/li>\n<li>Gama de temperaturas: -40\u00b0C a 90\u00b0C<\/li>\n<li>Radio de curvatura: 6D (D se refiere al di\u00e1metro exterior del cable)<\/li>\n<li>Resistente a la oxidaci\u00f3n<\/li>\n<li>Alta conductividad<\/li>\n<li>Resistente a la abrasi\u00f3n<\/li>\n<li>Resistente a la oxidaci\u00f3n<\/li>\n<\/ul>\n<p>Estructura\uff1a<\/p>\n<ul>\n<li>Conductor: Conductor de cobre esta\u00f1ado, estructura de clase 5.<\/li>\n<li>Aislamiento: Material aislante de polietileno.<\/li>\n<li>Cinta de poli\u00e9ster.<\/li>\n<li>Blindaje: Papel de aluminio + Blindaje trenzado.<\/li>\n<li>Cubierta: Poliolef reticulado irradiado<\/li>\n<\/ul>\n<p>Par\u00e1metro de selecci\u00f3n<\/p>\n<table class=\"tg\">\n<thead>\n<tr>\n<th class=\"tg-949j\" rowspan=\"2\">Especificaciones del modelo<\/th>\n<th class=\"tg-1771\" rowspan=\"2\">Di\u00e1metro del conductor \uff08mm\uff09<\/th>\n<th class=\"tg-1771\" rowspan=\"2\">Di\u00e1metro del aislamiento \uff08mm\uff09<\/th>\n<th class=\"tg-1771\">Di\u00e1metro exterior\uff08D\uff09<\/th>\n<th class=\"tg-1771\" rowspan=\"2\">Peso medio del cable Kg\/km<\/th>\n<th class=\"tg-1771\" rowspan=\"2\">Valor calor\u00edfico de combusti\u00f3n KJ\/m<\/th>\n<\/tr>\n<tr>\n<th class=\"tg-1771\">M\u00edn.mm<\/th>\n<\/tr>\n<\/thead>\n<tbody>\n<tr>\n<td class=\"tg-1771\">2x2x26AWG(Tipo s\u00f3lido)<\/td>\n<td class=\"tg-qfl9\">0.48<\/td>\n<td class=\"tg-qfl9\">1.2<\/td>\n<td class=\"tg-qfl9\">6.2<\/td>\n<td class=\"tg-qfl9\">43<\/td>\n<td class=\"tg-qfl9\">380<\/td>\n<\/tr>\n<tr>\n<td class=\"tg-1771\">4x2x26AWG(Tipo s\u00f3lido)<\/td>\n<td class=\"tg-qfl9\">0.48<\/td>\n<td class=\"tg-qfl9\">1.2<\/td>\n<td class=\"tg-qfl9\">7.2<\/td>\n<td class=\"tg-qfl9\">64<\/td>\n<td class=\"tg-qfl9\">520<\/td>\n<\/tr>\n<tr>\n<td class=\"tg-1771\">2\u00d70,5+1\u00d70,5(tipo espuma)<\/td>\n<td class=\"tg-qfl9\">0.9<\/td>\n<td class=\"tg-qfl9\">2.4<\/td>\n<td class=\"tg-qfl9\">6.7<\/td>\n<td class=\"tg-qfl9\">68<\/td>\n<td class=\"tg-qfl9\">1250<\/td>\n<\/tr>\n<tr>\n<td class=\"tg-1771\">4\u00d70,5(Tipo s\u00f3lido)<\/td>\n<td class=\"tg-qfl9\">0.9<\/td>\n<td class=\"tg-qfl9\">2.9<\/td>\n<td class=\"tg-qfl9\">9<\/td>\n<td class=\"tg-qfl9\">96<\/td>\n<td class=\"tg-qfl9\">1560<\/td>\n<\/tr>\n<tr>\n<td class=\"tg-1771\">4\u00d70,75(Tipo s\u00f3lido)<\/td>\n<td class=\"tg-qfl9\">1.15<\/td>\n<td class=\"tg-qfl9\">3.4<\/td>\n<td class=\"tg-qfl9\">10.2<\/td>\n<td class=\"tg-qfl9\">128<\/td>\n<td class=\"tg-qfl9\">1720<\/td>\n<\/tr>\n<\/tbody>\n<\/table>\n","protected":false},"excerpt":{"rendered":"<p>Los cables desempe\u00f1an un papel vital en los sistemas de control de trenes de los veh\u00edculos de tr\u00e1nsito ferroviario, ya que facilitan la transmisi\u00f3n de se\u00f1ales y el suministro de energ\u00eda. Optimizar la aplicaci\u00f3n de cables en los sistemas de control de trenes de veh\u00edculos de tr\u00e1nsito ferroviario puede mejorar la eficacia y fiabilidad del sistema.<\/p>\n","protected":false},"featured_media":12534,"template":"","meta":{"_eb_attr":"","site-sidebar-layout":"default","site-content-layout":"","ast-site-content-layout":"default","site-content-style":"default","site-sidebar-style":"default","ast-global-header-display":"","ast-banner-title-visibility":"","ast-main-header-display":"","ast-hfb-above-header-display":"","ast-hfb-below-header-display":"","ast-hfb-mobile-header-display":"","site-post-title":"","ast-breadcrumbs-content":"","ast-featured-img":"","footer-sml-layout":"","theme-transparent-header-meta":"default","adv-header-id-meta":"","stick-header-meta":"","header-above-stick-meta":"","header-main-stick-meta":"","header-below-stick-meta":"","astra-migrate-meta-layouts":"set","ast-page-background-enabled":"default","ast-page-background-meta":{"desktop":{"background-color":"","background-image":"","background-repeat":"repeat","background-position":"center center","background-size":"auto","background-attachment":"scroll","background-type":"","background-media":"","overlay-type":"","overlay-color":"","overlay-opacity":"","overlay-gradient":""},"tablet":{"background-color":"","background-image":"","background-repeat":"repeat","background-position":"center center","background-size":"auto","background-attachment":"scroll","background-type":"","background-media":"","overlay-type":"","overlay-color":"","overlay-opacity":"","overlay-gradient":""},"mobile":{"background-color":"","background-image":"","background-repeat":"repeat","background-position":"center center","background-size":"auto","background-attachment":"scroll","background-type":"","background-media":"","overlay-type":"","overlay-color":"","overlay-opacity":"","overlay-gradient":""}},"ast-content-background-meta":{"desktop":{"background-color":"var(--ast-global-color-5)","background-image":"","background-repeat":"repeat","background-position":"center center","background-size":"auto","background-attachment":"scroll","background-type":"","background-media":"","overlay-type":"","overlay-color":"","overlay-opacity":"","overlay-gradient":""},"tablet":{"background-color":"var(--ast-global-color-5)","background-image":"","background-repeat":"repeat","background-position":"center center","background-size":"auto","background-attachment":"scroll","background-type":"","background-media":"","overlay-type":"","overlay-color":"","overlay-opacity":"","overlay-gradient":""},"mobile":{"background-color":"var(--ast-global-color-5)","background-image":"","background-repeat":"repeat","background-position":"center center","background-size":"auto","background-attachment":"scroll","background-type":"","background-media":"","overlay-type":"","overlay-color":"","overlay-opacity":"","overlay-gradient":""}}},"product_brand":[],"product_cat":[597],"product_tag":[662,661,660,664,663],"class_list":{"0":"post-15913","1":"product","2":"type-product","3":"status-publish","4":"has-post-thumbnail","6":"product_cat-via-ferrea","7":"product_tag-cable-bus","8":"product_tag-cable-can","9":"product_tag-cable-de-comunicacion","10":"product_tag-cable-rs422","11":"product_tag-cable-rs485","12":"desktop-align-center","13":"tablet-align-left","14":"mobile-align-left","16":"first","17":"instock","18":"shipping-taxable","19":"product-type-simple"},"yoast_head":"<!-- This site is optimized with the Yoast SEO plugin v27.5 - https:\/\/yoast.com\/product\/yoast-seo-wordpress\/ -->\n<title>Cable de comunicaci\u00f3n CAN BUS\/RS485\/RS422<\/title>\n<meta name=\"description\" content=\"El cable del sistema de control de trenes de tr\u00e1nsito ferroviario desempe\u00f1a un papel vital en los sistemas de control de trenes de los veh\u00edculos de tr\u00e1nsito ferroviario, facilitando la transmisi\u00f3n de se\u00f1ales y el suministro de energ\u00eda.\" \/>\n<meta name=\"robots\" content=\"index, follow, max-snippet:-1, max-image-preview:large, max-video-preview:-1\" \/>\n<link rel=\"canonical\" href=\"https:\/\/www.tstcables.com\/es\/producto\/cable-de-comunicacion-can-bus-rs485-rs422-copy-2\/\" \/>\n<meta property=\"og:locale\" content=\"es_ES\" \/>\n<meta property=\"og:type\" content=\"article\" \/>\n<meta property=\"og:title\" content=\"Cable de comunicaci\u00f3n CAN BUS\/RS485\/RS422\" \/>\n<meta property=\"og:description\" content=\"El cable del sistema de control de trenes de tr\u00e1nsito ferroviario desempe\u00f1a un papel vital en los sistemas de control de trenes de los veh\u00edculos de tr\u00e1nsito ferroviario, facilitando la transmisi\u00f3n de se\u00f1ales y el suministro de energ\u00eda.\" \/>\n<meta property=\"og:url\" content=\"https:\/\/www.tstcables.com\/es\/producto\/cable-de-comunicacion-can-bus-rs485-rs422-copy-2\/\" \/>\n<meta property=\"og:site_name\" content=\"TST CABLES supplier &amp; Manufacture\" \/>\n<meta property=\"article:modified_time\" content=\"2024-05-07T06:22:20+00:00\" \/>\n<meta property=\"og:image\" content=\"https:\/\/www.tstcables.com\/wp-content\/uploads\/2024\/03\/5-7.jpg\" \/>\n\t<meta property=\"og:image:width\" content=\"640\" \/>\n\t<meta property=\"og:image:height\" content=\"640\" \/>\n\t<meta property=\"og:image:type\" content=\"image\/jpeg\" \/>\n<meta name=\"twitter:card\" content=\"summary_large_image\" \/>\n<meta name=\"twitter:label1\" content=\"Tiempo de lectura\" \/>\n\t<meta name=\"twitter:data1\" content=\"1 minuto\" \/>\n<script type=\"application\/ld+json\" class=\"yoast-schema-graph\">{\"@context\":\"https:\\\/\\\/schema.org\",\"@graph\":[{\"@type\":\"WebPage\",\"@id\":\"https:\\\/\\\/www.tstcables.com\\\/es\\\/producto\\\/cable-de-comunicacion-can-bus-rs485-rs422-copy-2\\\/\",\"url\":\"https:\\\/\\\/www.tstcables.com\\\/es\\\/producto\\\/cable-de-comunicacion-can-bus-rs485-rs422-copy-2\\\/\",\"name\":\"Cable de comunicaci\u00f3n CAN BUS\\\/RS485\\\/RS422\",\"isPartOf\":{\"@id\":\"https:\\\/\\\/www.tstcables.com\\\/es\\\/#website\"},\"primaryImageOfPage\":{\"@id\":\"https:\\\/\\\/www.tstcables.com\\\/es\\\/producto\\\/cable-de-comunicacion-can-bus-rs485-rs422-copy-2\\\/#primaryimage\"},\"image\":{\"@id\":\"https:\\\/\\\/www.tstcables.com\\\/es\\\/producto\\\/cable-de-comunicacion-can-bus-rs485-rs422-copy-2\\\/#primaryimage\"},\"thumbnailUrl\":\"https:\\\/\\\/www.tstcables.com\\\/wp-content\\\/uploads\\\/2024\\\/03\\\/5-7.jpg\",\"datePublished\":\"2024-04-11T06:39:51+00:00\",\"dateModified\":\"2024-05-07T06:22:20+00:00\",\"description\":\"El cable del sistema de control de trenes de tr\u00e1nsito ferroviario desempe\u00f1a un papel vital en los sistemas de control de trenes de los veh\u00edculos de tr\u00e1nsito ferroviario, facilitando la transmisi\u00f3n de se\u00f1ales y el suministro de energ\u00eda.\",\"breadcrumb\":{\"@id\":\"https:\\\/\\\/www.tstcables.com\\\/es\\\/producto\\\/cable-de-comunicacion-can-bus-rs485-rs422-copy-2\\\/#breadcrumb\"},\"inLanguage\":\"es\",\"potentialAction\":[{\"@type\":\"ReadAction\",\"target\":[\"https:\\\/\\\/www.tstcables.com\\\/es\\\/producto\\\/cable-de-comunicacion-can-bus-rs485-rs422-copy-2\\\/\"]}]},{\"@type\":\"ImageObject\",\"inLanguage\":\"es\",\"@id\":\"https:\\\/\\\/www.tstcables.com\\\/es\\\/producto\\\/cable-de-comunicacion-can-bus-rs485-rs422-copy-2\\\/#primaryimage\",\"url\":\"https:\\\/\\\/www.tstcables.com\\\/wp-content\\\/uploads\\\/2024\\\/03\\\/5-7.jpg\",\"contentUrl\":\"https:\\\/\\\/www.tstcables.com\\\/wp-content\\\/uploads\\\/2024\\\/03\\\/5-7.jpg\",\"width\":640,\"height\":640,\"caption\":\"CAN BUS\\\/RS485\\\/RS422 communication cable\"},{\"@type\":\"BreadcrumbList\",\"@id\":\"https:\\\/\\\/www.tstcables.com\\\/es\\\/producto\\\/cable-de-comunicacion-can-bus-rs485-rs422-copy-2\\\/#breadcrumb\",\"itemListElement\":[{\"@type\":\"ListItem\",\"position\":1,\"name\":\"\u9996\u9875\",\"item\":\"https:\\\/\\\/www.tstcables.com\\\/es\\\/\"},{\"@type\":\"ListItem\",\"position\":2,\"name\":\"Product\",\"item\":\"https:\\\/\\\/www.tstcables.com\\\/product\\\/\"},{\"@type\":\"ListItem\",\"position\":3,\"name\":\"Cable de comunicaci\u00f3n CAN BUS\\\/RS485\\\/RS422\"}]},{\"@type\":\"WebSite\",\"@id\":\"https:\\\/\\\/www.tstcables.com\\\/es\\\/#website\",\"url\":\"https:\\\/\\\/www.tstcables.com\\\/es\\\/\",\"name\":\"TST Cable supplier & Manufacture\",\"description\":\"TST CABLES  supplier &amp; Manufacture official website\",\"publisher\":{\"@id\":\"https:\\\/\\\/www.tstcables.com\\\/es\\\/#organization\"},\"potentialAction\":[{\"@type\":\"SearchAction\",\"target\":{\"@type\":\"EntryPoint\",\"urlTemplate\":\"https:\\\/\\\/www.tstcables.com\\\/es\\\/?s={search_term_string}\"},\"query-input\":{\"@type\":\"PropertyValueSpecification\",\"valueRequired\":true,\"valueName\":\"search_term_string\"}}],\"inLanguage\":\"es\"},{\"@type\":\"Organization\",\"@id\":\"https:\\\/\\\/www.tstcables.com\\\/es\\\/#organization\",\"name\":\"TST Cable supplier & Manufacture\",\"url\":\"https:\\\/\\\/www.tstcables.com\\\/es\\\/\",\"logo\":{\"@type\":\"ImageObject\",\"inLanguage\":\"es\",\"@id\":\"https:\\\/\\\/www.tstcables.com\\\/es\\\/#\\\/schema\\\/logo\\\/image\\\/\",\"url\":\"https:\\\/\\\/www.tstcables.com\\\/wp-content\\\/uploads\\\/2024\\\/04\\\/cropped-\u753b\u677f-1-\u62f7\u8d1d-4-1.png\",\"contentUrl\":\"https:\\\/\\\/www.tstcables.com\\\/wp-content\\\/uploads\\\/2024\\\/04\\\/cropped-\u753b\u677f-1-\u62f7\u8d1d-4-1.png\",\"width\":300,\"height\":100,\"caption\":\"TST Cable supplier & Manufacture\"},\"image\":{\"@id\":\"https:\\\/\\\/www.tstcables.com\\\/es\\\/#\\\/schema\\\/logo\\\/image\\\/\"}}]}<\/script>\n<!-- \/ Yoast SEO plugin. -->","yoast_head_json":{"title":"Cable de comunicaci\u00f3n CAN BUS\/RS485\/RS422","description":"El cable del sistema de control de trenes de tr\u00e1nsito ferroviario desempe\u00f1a un papel vital en los sistemas de control de trenes de los veh\u00edculos de tr\u00e1nsito ferroviario, facilitando la transmisi\u00f3n de se\u00f1ales y el suministro de energ\u00eda.","robots":{"index":"index","follow":"follow","max-snippet":"max-snippet:-1","max-image-preview":"max-image-preview:large","max-video-preview":"max-video-preview:-1"},"canonical":"https:\/\/www.tstcables.com\/es\/producto\/cable-de-comunicacion-can-bus-rs485-rs422-copy-2\/","og_locale":"es_ES","og_type":"article","og_title":"Cable de comunicaci\u00f3n CAN BUS\/RS485\/RS422","og_description":"El cable del sistema de control de trenes de tr\u00e1nsito ferroviario desempe\u00f1a un papel vital en los sistemas de control de trenes de los veh\u00edculos de tr\u00e1nsito ferroviario, facilitando la transmisi\u00f3n de se\u00f1ales y el suministro de energ\u00eda.","og_url":"https:\/\/www.tstcables.com\/es\/producto\/cable-de-comunicacion-can-bus-rs485-rs422-copy-2\/","og_site_name":"TST CABLES supplier &amp; Manufacture","article_modified_time":"2024-05-07T06:22:20+00:00","og_image":[{"width":640,"height":640,"url":"https:\/\/www.tstcables.com\/wp-content\/uploads\/2024\/03\/5-7.jpg","type":"image\/jpeg"}],"twitter_card":"summary_large_image","twitter_misc":{"Tiempo de lectura":"1 minuto"},"schema":{"@context":"https:\/\/schema.org","@graph":[{"@type":"WebPage","@id":"https:\/\/www.tstcables.com\/es\/producto\/cable-de-comunicacion-can-bus-rs485-rs422-copy-2\/","url":"https:\/\/www.tstcables.com\/es\/producto\/cable-de-comunicacion-can-bus-rs485-rs422-copy-2\/","name":"Cable de comunicaci\u00f3n CAN BUS\/RS485\/RS422","isPartOf":{"@id":"https:\/\/www.tstcables.com\/es\/#website"},"primaryImageOfPage":{"@id":"https:\/\/www.tstcables.com\/es\/producto\/cable-de-comunicacion-can-bus-rs485-rs422-copy-2\/#primaryimage"},"image":{"@id":"https:\/\/www.tstcables.com\/es\/producto\/cable-de-comunicacion-can-bus-rs485-rs422-copy-2\/#primaryimage"},"thumbnailUrl":"https:\/\/www.tstcables.com\/wp-content\/uploads\/2024\/03\/5-7.jpg","datePublished":"2024-04-11T06:39:51+00:00","dateModified":"2024-05-07T06:22:20+00:00","description":"El cable del sistema de control de trenes de tr\u00e1nsito ferroviario desempe\u00f1a un papel vital en los sistemas de control de trenes de los veh\u00edculos de tr\u00e1nsito ferroviario, facilitando la transmisi\u00f3n de se\u00f1ales y el suministro de energ\u00eda.","breadcrumb":{"@id":"https:\/\/www.tstcables.com\/es\/producto\/cable-de-comunicacion-can-bus-rs485-rs422-copy-2\/#breadcrumb"},"inLanguage":"es","potentialAction":[{"@type":"ReadAction","target":["https:\/\/www.tstcables.com\/es\/producto\/cable-de-comunicacion-can-bus-rs485-rs422-copy-2\/"]}]},{"@type":"ImageObject","inLanguage":"es","@id":"https:\/\/www.tstcables.com\/es\/producto\/cable-de-comunicacion-can-bus-rs485-rs422-copy-2\/#primaryimage","url":"https:\/\/www.tstcables.com\/wp-content\/uploads\/2024\/03\/5-7.jpg","contentUrl":"https:\/\/www.tstcables.com\/wp-content\/uploads\/2024\/03\/5-7.jpg","width":640,"height":640,"caption":"CAN BUS\/RS485\/RS422 communication cable"},{"@type":"BreadcrumbList","@id":"https:\/\/www.tstcables.com\/es\/producto\/cable-de-comunicacion-can-bus-rs485-rs422-copy-2\/#breadcrumb","itemListElement":[{"@type":"ListItem","position":1,"name":"\u9996\u9875","item":"https:\/\/www.tstcables.com\/es\/"},{"@type":"ListItem","position":2,"name":"Product","item":"https:\/\/www.tstcables.com\/product\/"},{"@type":"ListItem","position":3,"name":"Cable de comunicaci\u00f3n CAN BUS\/RS485\/RS422"}]},{"@type":"WebSite","@id":"https:\/\/www.tstcables.com\/es\/#website","url":"https:\/\/www.tstcables.com\/es\/","name":"TST Cable supplier & Manufacture","description":"TST CABLES  supplier &amp; Manufacture official website","publisher":{"@id":"https:\/\/www.tstcables.com\/es\/#organization"},"potentialAction":[{"@type":"SearchAction","target":{"@type":"EntryPoint","urlTemplate":"https:\/\/www.tstcables.com\/es\/?s={search_term_string}"},"query-input":{"@type":"PropertyValueSpecification","valueRequired":true,"valueName":"search_term_string"}}],"inLanguage":"es"},{"@type":"Organization","@id":"https:\/\/www.tstcables.com\/es\/#organization","name":"TST Cable supplier & Manufacture","url":"https:\/\/www.tstcables.com\/es\/","logo":{"@type":"ImageObject","inLanguage":"es","@id":"https:\/\/www.tstcables.com\/es\/#\/schema\/logo\/image\/","url":"https:\/\/www.tstcables.com\/wp-content\/uploads\/2024\/04\/cropped-\u753b\u677f-1-\u62f7\u8d1d-4-1.png","contentUrl":"https:\/\/www.tstcables.com\/wp-content\/uploads\/2024\/04\/cropped-\u753b\u677f-1-\u62f7\u8d1d-4-1.png","width":300,"height":100,"caption":"TST Cable supplier & Manufacture"},"image":{"@id":"https:\/\/www.tstcables.com\/es\/#\/schema\/logo\/image\/"}}]}},"_links":{"self":[{"href":"https:\/\/www.tstcables.com\/es\/wp-json\/wp\/v2\/product\/15913","targetHints":{"allow":["GET"]}}],"collection":[{"href":"https:\/\/www.tstcables.com\/es\/wp-json\/wp\/v2\/product"}],"about":[{"href":"https:\/\/www.tstcables.com\/es\/wp-json\/wp\/v2\/types\/product"}],"version-history":[{"count":0,"href":"https:\/\/www.tstcables.com\/es\/wp-json\/wp\/v2\/product\/15913\/revisions"}],"wp:featuredmedia":[{"embeddable":true,"href":"https:\/\/www.tstcables.com\/es\/wp-json\/wp\/v2\/media\/12534"}],"wp:attachment":[{"href":"https:\/\/www.tstcables.com\/es\/wp-json\/wp\/v2\/media?parent=15913"}],"wp:term":[{"taxonomy":"product_brand","embeddable":true,"href":"https:\/\/www.tstcables.com\/es\/wp-json\/wp\/v2\/product_brand?post=15913"},{"taxonomy":"product_cat","embeddable":true,"href":"https:\/\/www.tstcables.com\/es\/wp-json\/wp\/v2\/product_cat?post=15913"},{"taxonomy":"product_tag","embeddable":true,"href":"https:\/\/www.tstcables.com\/es\/wp-json\/wp\/v2\/product_tag?post=15913"}],"curies":[{"name":"wp","href":"https:\/\/api.w.org\/{rel}","templated":true}]}}