{"id":15961,"date":"2024-04-11T16:27:31","date_gmt":"2024-04-11T08:27:31","guid":{"rendered":"https:\/\/www.tstcables.com\/?post_type=product&#038;p=15961"},"modified":"2024-05-07T14:14:04","modified_gmt":"2024-05-07T06:14:04","slug":"cable-sensor-de-vibracion-velocidad-aceleracion-y-resolucion-copy","status":"publish","type":"product","link":"https:\/\/www.tstcables.com\/es\/producto\/cable-sensor-de-vibracion-velocidad-aceleracion-y-resolucion-copy\/","title":{"rendered":"TST-GH-M Hilos y cables multiconductores para bajas temperaturas y fr\u00edo intenso"},"content":{"rendered":"<p>Aplicaci\u00f3n\uff1a<\/p>\n<p>Sensor del veh\u00edculo Parte trasera<\/p>\n<p>Caracter\u00edstica\uff1a<\/p>\n<ul>\n<li>Resistencia a la temperatura: -40\u00b0C a 125\u00b0C<\/li>\n<li>Tensi\u00f3n nominal: 750V (Tensi\u00f3n de prueba: 3500V\/5min)<\/li>\n<li>Resistencia del aislamiento: 12Mpa&gt;<\/li>\n<li>Radio de curvatura del cable: 6 veces el di\u00e1metro exterior (6D)<\/li>\n<\/ul>\n<p>Norma del sector:<\/p>\n<ul>\n<li>EN45545-2<\/li>\n<\/ul>\n<p>Estructura\uff1a<\/p>\n<ul>\n<li>Conductor: Conductor de cobre plateado, estructura de 5 \u00f3 6 clases.<\/li>\n<li>Aislamiento: Copol\u00edmero sin hal\u00f3genos.<\/li>\n<li>Blindaje: Trenza de cobre esta\u00f1ado.<\/li>\n<\/ul>\n<p>Par\u00e1metro de selecci\u00f3n<\/p>\n<table class=\"tg\">\n<thead>\n<tr>\n<th class=\"tg-949j\" rowspan=\"2\">N\u00famero de n\u00facleos * secci\u00f3n nominal\/mm2<\/th>\n<th class=\"tg-7fn2\" rowspan=\"2\">Espesor del aislamiento\/mm<\/th>\n<th class=\"tg-7fn2\" rowspan=\"2\">Di\u00e1metro exterior del aislamiento\/mm<\/th>\n<th class=\"tg-7fn2\" colspan=\"2\">Grosor de la vaina\/mm<\/th>\n<\/tr>\n<tr>\n<th class=\"tg-qfl9\">0.5<\/th>\n<th class=\"tg-1771\">4.8\u00b10.2mm<\/th>\n<\/tr>\n<\/thead>\n<tbody>\n<tr>\n<td class=\"tg-1771\">6X0.5<\/td>\n<td class=\"tg-ywbj\">0.25\u00b10.05<\/td>\n<td class=\"tg-1771\">1.4\u00b10.1<\/td>\n<td class=\"tg-ybkv\">0.5<\/td>\n<td class=\"tg-ywbj\">5.8\u00b10.2mm<\/td>\n<\/tr>\n<tr>\n<td class=\"tg-1771\">8X0.5<\/td>\n<td class=\"tg-ywbj\">0.25\u00b10.05<\/td>\n<td class=\"tg-1771\">1.4\u00b10.1<\/td>\n<td class=\"tg-ybkv\">1<\/td>\n<td class=\"tg-ywbj\">7.2\u00b10.2mm<\/td>\n<\/tr>\n<tr>\n<td class=\"tg-1771\">6X0.75<\/td>\n<td class=\"tg-ywbj\">0.25\u00b10.05<\/td>\n<td class=\"tg-1771\">1.4\u00b10.1<\/td>\n<td class=\"tg-ybkv\">1<\/td>\n<td class=\"tg-ywbj\">7.4\u00b10.2mm<\/td>\n<\/tr>\n<tr>\n<td class=\"tg-1771\">7X0.75<\/td>\n<td class=\"tg-ywbj\">0.25\u00b10.05<\/td>\n<td class=\"tg-1771\">1.4\u00b10.1<\/td>\n<td class=\"tg-ybkv\">1<\/td>\n<td class=\"tg-ywbj\">7.4\u00b10.2mm<\/td>\n<\/tr>\n<tr>\n<td class=\"tg-1771\">8X0.75<\/td>\n<td class=\"tg-ywbj\">0.25\u00b10.05<\/td>\n<td class=\"tg-1771\">1.4\u00b10.1<\/td>\n<td class=\"tg-ybkv\">1<\/td>\n<td class=\"tg-ywbj\">8.0\u00b10.2mm<\/td>\n<\/tr>\n<\/tbody>\n<\/table>\n","protected":false},"excerpt":{"rendered":"<p>Los cables de los sensores traseros de los veh\u00edculos est\u00e1n bien aislados, resisten altas temperaturas, se doblan sin deformarse y son componentes clave de los veh\u00edculos modernos<\/p>\n","protected":false},"featured_media":12790,"template":"","meta":{"_eb_attr":"","site-sidebar-layout":"default","site-content-layout":"","ast-site-content-layout":"default","site-content-style":"default","site-sidebar-style":"default","ast-global-header-display":"","ast-banner-title-visibility":"","ast-main-header-display":"","ast-hfb-above-header-display":"","ast-hfb-below-header-display":"","ast-hfb-mobile-header-display":"","site-post-title":"","ast-breadcrumbs-content":"","ast-featured-img":"","footer-sml-layout":"","theme-transparent-header-meta":"default","adv-header-id-meta":"","stick-header-meta":"","header-above-stick-meta":"","header-main-stick-meta":"","header-below-stick-meta":"","astra-migrate-meta-layouts":"set","ast-page-background-enabled":"default","ast-page-background-meta":{"desktop":{"background-color":"","background-image":"","background-repeat":"repeat","background-position":"center center","background-size":"auto","background-attachment":"scroll","background-type":"","background-media":"","overlay-type":"","overlay-color":"","overlay-opacity":"","overlay-gradient":""},"tablet":{"background-color":"","background-image":"","background-repeat":"repeat","background-position":"center center","background-size":"auto","background-attachment":"scroll","background-type":"","background-media":"","overlay-type":"","overlay-color":"","overlay-opacity":"","overlay-gradient":""},"mobile":{"background-color":"","background-image":"","background-repeat":"repeat","background-position":"center center","background-size":"auto","background-attachment":"scroll","background-type":"","background-media":"","overlay-type":"","overlay-color":"","overlay-opacity":"","overlay-gradient":""}},"ast-content-background-meta":{"desktop":{"background-color":"var(--ast-global-color-5)","background-image":"","background-repeat":"repeat","background-position":"center center","background-size":"auto","background-attachment":"scroll","background-type":"","background-media":"","overlay-type":"","overlay-color":"","overlay-opacity":"","overlay-gradient":""},"tablet":{"background-color":"var(--ast-global-color-5)","background-image":"","background-repeat":"repeat","background-position":"center center","background-size":"auto","background-attachment":"scroll","background-type":"","background-media":"","overlay-type":"","overlay-color":"","overlay-opacity":"","overlay-gradient":""},"mobile":{"background-color":"var(--ast-global-color-5)","background-image":"","background-repeat":"repeat","background-position":"center center","background-size":"auto","background-attachment":"scroll","background-type":"","background-media":"","overlay-type":"","overlay-color":"","overlay-opacity":"","overlay-gradient":""}}},"product_brand":[],"product_cat":[597],"product_tag":[878,879,877,876],"class_list":{"0":"post-15961","1":"product","2":"type-product","3":"status-publish","4":"has-post-thumbnail","6":"product_cat-via-ferrea","7":"product_tag-cables-del-sensor-de-aceleracion","8":"product_tag-cables-del-sensor-de-resolucion","9":"product_tag-cables-del-sensor-de-velocidad","10":"product_tag-cables-para-sensores-de-vibracion","11":"desktop-align-center","12":"tablet-align-left","13":"mobile-align-left","15":"first","16":"instock","17":"shipping-taxable","18":"product-type-simple"},"yoast_head":"<!-- This site is optimized with the Yoast SEO plugin v27.5 - https:\/\/yoast.com\/product\/yoast-seo-wordpress\/ -->\n<title>TST-GH-M Hilos y cables multiconductores para bajas temperaturas y fr\u00edo intenso<\/title>\n<meta name=\"description\" content=\"Los cables de los sensores traseros de los veh\u00edculos est\u00e1n bien aislados, resisten altas temperaturas, se doblan sin deformarse y son componentes clave de los veh\u00edculos modernos\" \/>\n<meta name=\"robots\" content=\"index, follow, max-snippet:-1, max-image-preview:large, max-video-preview:-1\" \/>\n<link rel=\"canonical\" href=\"https:\/\/www.tstcables.com\/es\/producto\/cable-sensor-de-vibracion-velocidad-aceleracion-y-resolucion-copy\/\" \/>\n<meta property=\"og:locale\" content=\"es_ES\" \/>\n<meta property=\"og:type\" content=\"article\" \/>\n<meta property=\"og:title\" content=\"TST-GH-M Hilos y cables multiconductores para bajas temperaturas y fr\u00edo intenso\" \/>\n<meta property=\"og:description\" content=\"Los cables de los sensores traseros de los veh\u00edculos est\u00e1n bien aislados, resisten altas temperaturas, se doblan sin deformarse y son componentes clave de los veh\u00edculos modernos\" \/>\n<meta property=\"og:url\" content=\"https:\/\/www.tstcables.com\/es\/producto\/cable-sensor-de-vibracion-velocidad-aceleracion-y-resolucion-copy\/\" \/>\n<meta property=\"og:site_name\" content=\"TST CABLES supplier &amp; Manufacture\" \/>\n<meta property=\"article:modified_time\" content=\"2024-05-07T06:14:04+00:00\" \/>\n<meta property=\"og:image\" content=\"https:\/\/www.tstcables.com\/wp-content\/uploads\/2024\/03\/1-2.webp\" \/>\n\t<meta property=\"og:image:width\" content=\"640\" \/>\n\t<meta property=\"og:image:height\" content=\"640\" \/>\n\t<meta property=\"og:image:type\" content=\"image\/webp\" \/>\n<meta name=\"twitter:card\" content=\"summary_large_image\" \/>\n<meta name=\"twitter:label1\" content=\"Tiempo de lectura\" \/>\n\t<meta name=\"twitter:data1\" content=\"1 minuto\" \/>\n<script type=\"application\/ld+json\" class=\"yoast-schema-graph\">{\"@context\":\"https:\\\/\\\/schema.org\",\"@graph\":[{\"@type\":\"WebPage\",\"@id\":\"https:\\\/\\\/www.tstcables.com\\\/es\\\/producto\\\/cable-sensor-de-vibracion-velocidad-aceleracion-y-resolucion-copy\\\/\",\"url\":\"https:\\\/\\\/www.tstcables.com\\\/es\\\/producto\\\/cable-sensor-de-vibracion-velocidad-aceleracion-y-resolucion-copy\\\/\",\"name\":\"TST-GH-M Hilos y cables multiconductores para bajas temperaturas y fr\u00edo intenso\",\"isPartOf\":{\"@id\":\"https:\\\/\\\/www.tstcables.com\\\/es\\\/#website\"},\"primaryImageOfPage\":{\"@id\":\"https:\\\/\\\/www.tstcables.com\\\/es\\\/producto\\\/cable-sensor-de-vibracion-velocidad-aceleracion-y-resolucion-copy\\\/#primaryimage\"},\"image\":{\"@id\":\"https:\\\/\\\/www.tstcables.com\\\/es\\\/producto\\\/cable-sensor-de-vibracion-velocidad-aceleracion-y-resolucion-copy\\\/#primaryimage\"},\"thumbnailUrl\":\"https:\\\/\\\/www.tstcables.com\\\/wp-content\\\/uploads\\\/2024\\\/03\\\/1-2.webp\",\"datePublished\":\"2024-04-11T08:27:31+00:00\",\"dateModified\":\"2024-05-07T06:14:04+00:00\",\"description\":\"Los cables de los sensores traseros de los veh\u00edculos est\u00e1n bien aislados, resisten altas temperaturas, se doblan sin deformarse y son componentes clave de los veh\u00edculos modernos\",\"breadcrumb\":{\"@id\":\"https:\\\/\\\/www.tstcables.com\\\/es\\\/producto\\\/cable-sensor-de-vibracion-velocidad-aceleracion-y-resolucion-copy\\\/#breadcrumb\"},\"inLanguage\":\"es\",\"potentialAction\":[{\"@type\":\"ReadAction\",\"target\":[\"https:\\\/\\\/www.tstcables.com\\\/es\\\/producto\\\/cable-sensor-de-vibracion-velocidad-aceleracion-y-resolucion-copy\\\/\"]}]},{\"@type\":\"ImageObject\",\"inLanguage\":\"es\",\"@id\":\"https:\\\/\\\/www.tstcables.com\\\/es\\\/producto\\\/cable-sensor-de-vibracion-velocidad-aceleracion-y-resolucion-copy\\\/#primaryimage\",\"url\":\"https:\\\/\\\/www.tstcables.com\\\/wp-content\\\/uploads\\\/2024\\\/03\\\/1-2.webp\",\"contentUrl\":\"https:\\\/\\\/www.tstcables.com\\\/wp-content\\\/uploads\\\/2024\\\/03\\\/1-2.webp\",\"width\":640,\"height\":640,\"caption\":\"CAT7 cable (Category 7 network cable) EN50264 fire-resistant wire &cableEN50264 fire-resistant wire &cable\"},{\"@type\":\"BreadcrumbList\",\"@id\":\"https:\\\/\\\/www.tstcables.com\\\/es\\\/producto\\\/cable-sensor-de-vibracion-velocidad-aceleracion-y-resolucion-copy\\\/#breadcrumb\",\"itemListElement\":[{\"@type\":\"ListItem\",\"position\":1,\"name\":\"\u9996\u9875\",\"item\":\"https:\\\/\\\/www.tstcables.com\\\/es\\\/\"},{\"@type\":\"ListItem\",\"position\":2,\"name\":\"Product\",\"item\":\"https:\\\/\\\/www.tstcables.com\\\/product\\\/\"},{\"@type\":\"ListItem\",\"position\":3,\"name\":\"TST-GH-M Hilos y cables multiconductores para bajas temperaturas y fr\u00edo intenso\"}]},{\"@type\":\"WebSite\",\"@id\":\"https:\\\/\\\/www.tstcables.com\\\/es\\\/#website\",\"url\":\"https:\\\/\\\/www.tstcables.com\\\/es\\\/\",\"name\":\"TST Cable supplier & Manufacture\",\"description\":\"TST CABLES  supplier &amp; Manufacture official website\",\"publisher\":{\"@id\":\"https:\\\/\\\/www.tstcables.com\\\/es\\\/#organization\"},\"potentialAction\":[{\"@type\":\"SearchAction\",\"target\":{\"@type\":\"EntryPoint\",\"urlTemplate\":\"https:\\\/\\\/www.tstcables.com\\\/es\\\/?s={search_term_string}\"},\"query-input\":{\"@type\":\"PropertyValueSpecification\",\"valueRequired\":true,\"valueName\":\"search_term_string\"}}],\"inLanguage\":\"es\"},{\"@type\":\"Organization\",\"@id\":\"https:\\\/\\\/www.tstcables.com\\\/es\\\/#organization\",\"name\":\"TST Cable supplier & Manufacture\",\"url\":\"https:\\\/\\\/www.tstcables.com\\\/es\\\/\",\"logo\":{\"@type\":\"ImageObject\",\"inLanguage\":\"es\",\"@id\":\"https:\\\/\\\/www.tstcables.com\\\/es\\\/#\\\/schema\\\/logo\\\/image\\\/\",\"url\":\"https:\\\/\\\/www.tstcables.com\\\/wp-content\\\/uploads\\\/2024\\\/04\\\/cropped-\u753b\u677f-1-\u62f7\u8d1d-4-1.png\",\"contentUrl\":\"https:\\\/\\\/www.tstcables.com\\\/wp-content\\\/uploads\\\/2024\\\/04\\\/cropped-\u753b\u677f-1-\u62f7\u8d1d-4-1.png\",\"width\":300,\"height\":100,\"caption\":\"TST Cable supplier & Manufacture\"},\"image\":{\"@id\":\"https:\\\/\\\/www.tstcables.com\\\/es\\\/#\\\/schema\\\/logo\\\/image\\\/\"}}]}<\/script>\n<!-- \/ Yoast SEO plugin. -->","yoast_head_json":{"title":"TST-GH-M Hilos y cables multiconductores para bajas temperaturas y fr\u00edo intenso","description":"Los cables de los sensores traseros de los veh\u00edculos est\u00e1n bien aislados, resisten altas temperaturas, se doblan sin deformarse y son componentes clave de los veh\u00edculos modernos","robots":{"index":"index","follow":"follow","max-snippet":"max-snippet:-1","max-image-preview":"max-image-preview:large","max-video-preview":"max-video-preview:-1"},"canonical":"https:\/\/www.tstcables.com\/es\/producto\/cable-sensor-de-vibracion-velocidad-aceleracion-y-resolucion-copy\/","og_locale":"es_ES","og_type":"article","og_title":"TST-GH-M Hilos y cables multiconductores para bajas temperaturas y fr\u00edo intenso","og_description":"Los cables de los sensores traseros de los veh\u00edculos est\u00e1n bien aislados, resisten altas temperaturas, se doblan sin deformarse y son componentes clave de los veh\u00edculos modernos","og_url":"https:\/\/www.tstcables.com\/es\/producto\/cable-sensor-de-vibracion-velocidad-aceleracion-y-resolucion-copy\/","og_site_name":"TST CABLES supplier &amp; Manufacture","article_modified_time":"2024-05-07T06:14:04+00:00","og_image":[{"width":640,"height":640,"url":"https:\/\/www.tstcables.com\/wp-content\/uploads\/2024\/03\/1-2.webp","type":"image\/webp"}],"twitter_card":"summary_large_image","twitter_misc":{"Tiempo de lectura":"1 minuto"},"schema":{"@context":"https:\/\/schema.org","@graph":[{"@type":"WebPage","@id":"https:\/\/www.tstcables.com\/es\/producto\/cable-sensor-de-vibracion-velocidad-aceleracion-y-resolucion-copy\/","url":"https:\/\/www.tstcables.com\/es\/producto\/cable-sensor-de-vibracion-velocidad-aceleracion-y-resolucion-copy\/","name":"TST-GH-M Hilos y cables multiconductores para bajas temperaturas y fr\u00edo intenso","isPartOf":{"@id":"https:\/\/www.tstcables.com\/es\/#website"},"primaryImageOfPage":{"@id":"https:\/\/www.tstcables.com\/es\/producto\/cable-sensor-de-vibracion-velocidad-aceleracion-y-resolucion-copy\/#primaryimage"},"image":{"@id":"https:\/\/www.tstcables.com\/es\/producto\/cable-sensor-de-vibracion-velocidad-aceleracion-y-resolucion-copy\/#primaryimage"},"thumbnailUrl":"https:\/\/www.tstcables.com\/wp-content\/uploads\/2024\/03\/1-2.webp","datePublished":"2024-04-11T08:27:31+00:00","dateModified":"2024-05-07T06:14:04+00:00","description":"Los cables de los sensores traseros de los veh\u00edculos est\u00e1n bien aislados, resisten altas temperaturas, se doblan sin deformarse y son componentes clave de los veh\u00edculos modernos","breadcrumb":{"@id":"https:\/\/www.tstcables.com\/es\/producto\/cable-sensor-de-vibracion-velocidad-aceleracion-y-resolucion-copy\/#breadcrumb"},"inLanguage":"es","potentialAction":[{"@type":"ReadAction","target":["https:\/\/www.tstcables.com\/es\/producto\/cable-sensor-de-vibracion-velocidad-aceleracion-y-resolucion-copy\/"]}]},{"@type":"ImageObject","inLanguage":"es","@id":"https:\/\/www.tstcables.com\/es\/producto\/cable-sensor-de-vibracion-velocidad-aceleracion-y-resolucion-copy\/#primaryimage","url":"https:\/\/www.tstcables.com\/wp-content\/uploads\/2024\/03\/1-2.webp","contentUrl":"https:\/\/www.tstcables.com\/wp-content\/uploads\/2024\/03\/1-2.webp","width":640,"height":640,"caption":"CAT7 cable (Category 7 network cable) EN50264 fire-resistant wire &cableEN50264 fire-resistant wire &cable"},{"@type":"BreadcrumbList","@id":"https:\/\/www.tstcables.com\/es\/producto\/cable-sensor-de-vibracion-velocidad-aceleracion-y-resolucion-copy\/#breadcrumb","itemListElement":[{"@type":"ListItem","position":1,"name":"\u9996\u9875","item":"https:\/\/www.tstcables.com\/es\/"},{"@type":"ListItem","position":2,"name":"Product","item":"https:\/\/www.tstcables.com\/product\/"},{"@type":"ListItem","position":3,"name":"TST-GH-M Hilos y cables multiconductores para bajas temperaturas y fr\u00edo intenso"}]},{"@type":"WebSite","@id":"https:\/\/www.tstcables.com\/es\/#website","url":"https:\/\/www.tstcables.com\/es\/","name":"TST Cable supplier & Manufacture","description":"TST CABLES  supplier &amp; Manufacture official website","publisher":{"@id":"https:\/\/www.tstcables.com\/es\/#organization"},"potentialAction":[{"@type":"SearchAction","target":{"@type":"EntryPoint","urlTemplate":"https:\/\/www.tstcables.com\/es\/?s={search_term_string}"},"query-input":{"@type":"PropertyValueSpecification","valueRequired":true,"valueName":"search_term_string"}}],"inLanguage":"es"},{"@type":"Organization","@id":"https:\/\/www.tstcables.com\/es\/#organization","name":"TST Cable supplier & Manufacture","url":"https:\/\/www.tstcables.com\/es\/","logo":{"@type":"ImageObject","inLanguage":"es","@id":"https:\/\/www.tstcables.com\/es\/#\/schema\/logo\/image\/","url":"https:\/\/www.tstcables.com\/wp-content\/uploads\/2024\/04\/cropped-\u753b\u677f-1-\u62f7\u8d1d-4-1.png","contentUrl":"https:\/\/www.tstcables.com\/wp-content\/uploads\/2024\/04\/cropped-\u753b\u677f-1-\u62f7\u8d1d-4-1.png","width":300,"height":100,"caption":"TST Cable supplier & Manufacture"},"image":{"@id":"https:\/\/www.tstcables.com\/es\/#\/schema\/logo\/image\/"}}]}},"_links":{"self":[{"href":"https:\/\/www.tstcables.com\/es\/wp-json\/wp\/v2\/product\/15961","targetHints":{"allow":["GET"]}}],"collection":[{"href":"https:\/\/www.tstcables.com\/es\/wp-json\/wp\/v2\/product"}],"about":[{"href":"https:\/\/www.tstcables.com\/es\/wp-json\/wp\/v2\/types\/product"}],"version-history":[{"count":0,"href":"https:\/\/www.tstcables.com\/es\/wp-json\/wp\/v2\/product\/15961\/revisions"}],"wp:featuredmedia":[{"embeddable":true,"href":"https:\/\/www.tstcables.com\/es\/wp-json\/wp\/v2\/media\/12790"}],"wp:attachment":[{"href":"https:\/\/www.tstcables.com\/es\/wp-json\/wp\/v2\/media?parent=15961"}],"wp:term":[{"taxonomy":"product_brand","embeddable":true,"href":"https:\/\/www.tstcables.com\/es\/wp-json\/wp\/v2\/product_brand?post=15961"},{"taxonomy":"product_cat","embeddable":true,"href":"https:\/\/www.tstcables.com\/es\/wp-json\/wp\/v2\/product_cat?post=15961"},{"taxonomy":"product_tag","embeddable":true,"href":"https:\/\/www.tstcables.com\/es\/wp-json\/wp\/v2\/product_tag?post=15961"}],"curies":[{"name":"wp","href":"https:\/\/api.w.org\/{rel}","templated":true}]}}