{"id":16148,"date":"2024-04-12T15:04:34","date_gmt":"2024-04-12T07:04:34","guid":{"rendered":"https:\/\/www.tstcables.com\/?post_type=product&#038;p=16148"},"modified":"2024-05-07T10:43:45","modified_gmt":"2024-05-07T02:43:45","slug":"tewp-cable-resistente-a-altas-temperaturas-32awg-17awg-200%e2%84%83-copy","status":"publish","type":"product","link":"https:\/\/www.tstcables.com\/es\/producto\/tewp-cable-resistente-a-altas-temperaturas-32awg-17awg-200%e2%84%83-copy\/","title":{"rendered":"Cable de equipo de fondo de pozo para exploraci\u00f3n de gas natural"},"content":{"rendered":"<p><strong>Aplicaciones<\/strong><\/p>\n<p>Equipos de fondo de pozo para exploraci\u00f3n de gas natural<\/p>\n<p><strong>Caracter\u00edsticas del producto:<\/strong><br \/>\n1. Baja p\u00e9rdida.<br \/>\n2. 3. Tres capas de protecci\u00f3n aislante, sin agujeros;<br \/>\n3. Con una tensi\u00f3n de aislamiento elevada, se pueden omitir la cinta aislante y las capas aislantes y reducir el volumen;<br \/>\n4. La bobina es f\u00e1cil de enrollar, porque la superficie tiene un coeficiente de fricci\u00f3n muy bajo, lo que ofrece oportunidades para el bobinado autom\u00e1tico a alta velocidad.<br \/>\n5. Mayor nivel de temperatura y excelente rendimiento.<\/p>\n<p><strong>Par\u00e1metros t\u00e9cnicos<\/strong><\/p>\n<table class=\"tg\">\n<thead>\n<tr>\n<th class=\"tg-949j\" colspan=\"2\">Tama\u00f1o del conductor<\/th>\n<th class=\"tg-grqh\" rowspan=\"2\">Di\u00e1metro exterior est\u00e1ndar<\/th>\n<th class=\"tg-grqh\" rowspan=\"2\">Di\u00e1metro exterior m\u00e1ximo<\/th>\n<th class=\"tg-d93i\" rowspan=\"2\">Resistencia m\u00e1xima del conductor(\u03a9\/km)<\/th>\n<\/tr>\n<tr>\n<th class=\"tg-949j\">AWG<\/th>\n<th class=\"tg-grqh\">Di\u00e1metro exterior (mm)<\/th>\n<\/tr>\n<\/thead>\n<tbody>\n<tr>\n<td class=\"tg-grqh\">32<\/td>\n<td class=\"tg-grqh\">0.2<\/td>\n<td class=\"tg-grqh\">0.52<\/td>\n<td class=\"tg-grqh\">0.56<\/td>\n<td class=\"tg-d93i\">614<\/td>\n<\/tr>\n<tr>\n<td class=\"tg-grqh\">30<\/td>\n<td class=\"tg-grqh\">0.26<\/td>\n<td class=\"tg-grqh\">0.55<\/td>\n<td class=\"tg-grqh\">0.59<\/td>\n<td class=\"tg-d93i\">359<\/td>\n<\/tr>\n<tr>\n<td class=\"tg-grqh\">28<\/td>\n<td class=\"tg-grqh\">0.32<\/td>\n<td class=\"tg-grqh\">0.59<\/td>\n<td class=\"tg-grqh\">0.63<\/td>\n<td class=\"tg-d93i\">237<\/td>\n<\/tr>\n<tr>\n<td class=\"tg-grqh\">26<\/td>\n<td class=\"tg-grqh\">0.4<\/td>\n<td class=\"tg-grqh\">0.64<\/td>\n<td class=\"tg-grqh\">0.68<\/td>\n<td class=\"tg-d93i\">152<\/td>\n<\/tr>\n<tr>\n<td class=\"tg-grqh\">25<\/td>\n<td class=\"tg-grqh\">0.5<\/td>\n<td class=\"tg-grqh\">0.72<\/td>\n<td class=\"tg-grqh\">0.76<\/td>\n<td class=\"tg-d93i\">95.1<\/td>\n<\/tr>\n<tr>\n<td class=\"tg-grqh\">23<\/td>\n<td class=\"tg-grqh\">0.6<\/td>\n<td class=\"tg-grqh\">0.82<\/td>\n<td class=\"tg-grqh\">0.86<\/td>\n<td class=\"tg-d93i\">66.1<\/td>\n<\/tr>\n<tr>\n<td class=\"tg-d93i\">22<\/td>\n<td class=\"tg-d93i\">0.64<\/td>\n<td class=\"tg-d93i\">0.85<\/td>\n<td class=\"tg-d93i\">0.89<\/td>\n<td class=\"tg-d93i\">56.3<\/td>\n<\/tr>\n<tr>\n<td class=\"tg-d93i\">22<\/td>\n<td class=\"tg-d93i\">0.7<\/td>\n<td class=\"tg-d93i\">0.92<\/td>\n<td class=\"tg-d93i\">0.96<\/td>\n<td class=\"tg-d93i\">48.5<\/td>\n<\/tr>\n<tr>\n<td class=\"tg-d93i\">21<\/td>\n<td class=\"tg-d93i\">0.8<\/td>\n<td class=\"tg-d93i\">1<\/td>\n<td class=\"tg-d93i\">1.04<\/td>\n<td class=\"tg-d93i\">37.2<\/td>\n<\/tr>\n<tr>\n<td class=\"tg-d93i\" rowspan=\"2\">19<\/td>\n<td class=\"tg-d93i\">1<\/td>\n<td class=\"tg-d93i\">1.19<\/td>\n<td class=\"tg-d93i\">1.23<\/td>\n<td class=\"tg-d93i\">23.8<\/td>\n<\/tr>\n<tr>\n<td class=\"tg-d93i\">1.2<\/td>\n<td class=\"tg-d93i\">1.43<\/td>\n<td class=\"tg-d93i\">1.47<\/td>\n<td class=\"tg-d93i\">16.5<\/td>\n<\/tr>\n<\/tbody>\n<\/table>\n","protected":false},"excerpt":{"rendered":"<p>Los cables de los equipos de fondo de pozo para exploraci\u00f3n de gas natural tienen bajas p\u00e9rdidas y un alto voltaje de aislamiento, y son componentes clave en el proceso de extracci\u00f3n de gas natural de yacimientos subterr\u00e1neos. Estos cables est\u00e1n sujetos a entornos hostiles, incluidas altas temperaturas, presi\u00f3n y condiciones corrosivas.<\/p>\n","protected":false},"featured_media":12366,"template":"","meta":{"_eb_attr":"","site-sidebar-layout":"default","site-content-layout":"","ast-site-content-layout":"default","site-content-style":"default","site-sidebar-style":"default","ast-global-header-display":"","ast-banner-title-visibility":"","ast-main-header-display":"","ast-hfb-above-header-display":"","ast-hfb-below-header-display":"","ast-hfb-mobile-header-display":"","site-post-title":"","ast-breadcrumbs-content":"","ast-featured-img":"","footer-sml-layout":"","theme-transparent-header-meta":"default","adv-header-id-meta":"","stick-header-meta":"","header-above-stick-meta":"","header-main-stick-meta":"","header-below-stick-meta":"","astra-migrate-meta-layouts":"set","ast-page-background-enabled":"default","ast-page-background-meta":{"desktop":{"background-color":"","background-image":"","background-repeat":"repeat","background-position":"center center","background-size":"auto","background-attachment":"scroll","background-type":"","background-media":"","overlay-type":"","overlay-color":"","overlay-opacity":"","overlay-gradient":""},"tablet":{"background-color":"","background-image":"","background-repeat":"repeat","background-position":"center center","background-size":"auto","background-attachment":"scroll","background-type":"","background-media":"","overlay-type":"","overlay-color":"","overlay-opacity":"","overlay-gradient":""},"mobile":{"background-color":"","background-image":"","background-repeat":"repeat","background-position":"center center","background-size":"auto","background-attachment":"scroll","background-type":"","background-media":"","overlay-type":"","overlay-color":"","overlay-opacity":"","overlay-gradient":""}},"ast-content-background-meta":{"desktop":{"background-color":"var(--ast-global-color-5)","background-image":"","background-repeat":"repeat","background-position":"center center","background-size":"auto","background-attachment":"scroll","background-type":"","background-media":"","overlay-type":"","overlay-color":"","overlay-opacity":"","overlay-gradient":""},"tablet":{"background-color":"var(--ast-global-color-5)","background-image":"","background-repeat":"repeat","background-position":"center center","background-size":"auto","background-attachment":"scroll","background-type":"","background-media":"","overlay-type":"","overlay-color":"","overlay-opacity":"","overlay-gradient":""},"mobile":{"background-color":"var(--ast-global-color-5)","background-image":"","background-repeat":"repeat","background-position":"center center","background-size":"auto","background-attachment":"scroll","background-type":"","background-media":"","overlay-type":"","overlay-color":"","overlay-opacity":"","overlay-gradient":""}}},"product_brand":[],"product_cat":[598],"product_tag":[640,656,655],"class_list":{"0":"post-16148","1":"product","2":"type-product","3":"status-publish","4":"has-post-thumbnail","6":"product_cat-petroleo-gas","7":"product_tag-alambre-de-alta-frecuencia-resistente-a-altas-temperaturas-tewp","8":"product_tag-cable-de-alta-frecuencia-tewp","9":"product_tag-tewp-32awg-17awg-200-es","10":"desktop-align-center","11":"tablet-align-left","12":"mobile-align-left","14":"first","15":"instock","16":"shipping-taxable","17":"product-type-simple"},"yoast_head":"<!-- This site is optimized with the Yoast SEO plugin v27.5 - https:\/\/yoast.com\/product\/yoast-seo-wordpress\/ -->\n<title>Cable de equipo de fondo de pozo para exploraci\u00f3n de gas natural<\/title>\n<meta name=\"description\" content=\"Los cables de los equipos de fondo de pozo para exploraci\u00f3n de gas natural tienen bajas p\u00e9rdidas y un alto voltaje de aislamiento, y son componentes clave en el proceso de extracci\u00f3n de gas natural de yacimientos subterr\u00e1neos.\" \/>\n<meta name=\"robots\" content=\"index, follow, max-snippet:-1, max-image-preview:large, max-video-preview:-1\" \/>\n<link rel=\"canonical\" href=\"https:\/\/www.tstcables.com\/es\/producto\/tewp-cable-resistente-a-altas-temperaturas-32awg-17awg-200%e2%84%83-copy\/\" \/>\n<meta property=\"og:locale\" content=\"es_ES\" \/>\n<meta property=\"og:type\" content=\"article\" \/>\n<meta property=\"og:title\" content=\"Cable de equipo de fondo de pozo para exploraci\u00f3n de gas natural\" \/>\n<meta property=\"og:description\" content=\"Los cables de los equipos de fondo de pozo para exploraci\u00f3n de gas natural tienen bajas p\u00e9rdidas y un alto voltaje de aislamiento, y son componentes clave en el proceso de extracci\u00f3n de gas natural de yacimientos subterr\u00e1neos.\" \/>\n<meta property=\"og:url\" content=\"https:\/\/www.tstcables.com\/es\/producto\/tewp-cable-resistente-a-altas-temperaturas-32awg-17awg-200%e2%84%83-copy\/\" \/>\n<meta property=\"og:site_name\" content=\"TST CABLES supplier &amp; Manufacture\" \/>\n<meta property=\"article:modified_time\" content=\"2024-05-07T02:43:45+00:00\" \/>\n<meta property=\"og:image\" content=\"https:\/\/www.tstcables.com\/wp-content\/uploads\/2024\/03\/2-7.jpg\" \/>\n\t<meta property=\"og:image:width\" content=\"640\" \/>\n\t<meta property=\"og:image:height\" content=\"640\" \/>\n\t<meta property=\"og:image:type\" content=\"image\/jpeg\" \/>\n<meta name=\"twitter:card\" content=\"summary_large_image\" \/>\n<meta name=\"twitter:label1\" content=\"Tiempo de lectura\" \/>\n\t<meta name=\"twitter:data1\" content=\"1 minuto\" \/>\n<script type=\"application\/ld+json\" class=\"yoast-schema-graph\">{\"@context\":\"https:\\\/\\\/schema.org\",\"@graph\":[{\"@type\":\"WebPage\",\"@id\":\"https:\\\/\\\/www.tstcables.com\\\/es\\\/producto\\\/tewp-cable-resistente-a-altas-temperaturas-32awg-17awg-200%e2%84%83-copy\\\/\",\"url\":\"https:\\\/\\\/www.tstcables.com\\\/es\\\/producto\\\/tewp-cable-resistente-a-altas-temperaturas-32awg-17awg-200%e2%84%83-copy\\\/\",\"name\":\"Cable de equipo de fondo de pozo para exploraci\u00f3n de gas natural\",\"isPartOf\":{\"@id\":\"https:\\\/\\\/www.tstcables.com\\\/es\\\/#website\"},\"primaryImageOfPage\":{\"@id\":\"https:\\\/\\\/www.tstcables.com\\\/es\\\/producto\\\/tewp-cable-resistente-a-altas-temperaturas-32awg-17awg-200%e2%84%83-copy\\\/#primaryimage\"},\"image\":{\"@id\":\"https:\\\/\\\/www.tstcables.com\\\/es\\\/producto\\\/tewp-cable-resistente-a-altas-temperaturas-32awg-17awg-200%e2%84%83-copy\\\/#primaryimage\"},\"thumbnailUrl\":\"https:\\\/\\\/www.tstcables.com\\\/wp-content\\\/uploads\\\/2024\\\/03\\\/2-7.jpg\",\"datePublished\":\"2024-04-12T07:04:34+00:00\",\"dateModified\":\"2024-05-07T02:43:45+00:00\",\"description\":\"Los cables de los equipos de fondo de pozo para exploraci\u00f3n de gas natural tienen bajas p\u00e9rdidas y un alto voltaje de aislamiento, y son componentes clave en el proceso de extracci\u00f3n de gas natural de yacimientos subterr\u00e1neos.\",\"breadcrumb\":{\"@id\":\"https:\\\/\\\/www.tstcables.com\\\/es\\\/producto\\\/tewp-cable-resistente-a-altas-temperaturas-32awg-17awg-200%e2%84%83-copy\\\/#breadcrumb\"},\"inLanguage\":\"es\",\"potentialAction\":[{\"@type\":\"ReadAction\",\"target\":[\"https:\\\/\\\/www.tstcables.com\\\/es\\\/producto\\\/tewp-cable-resistente-a-altas-temperaturas-32awg-17awg-200%e2%84%83-copy\\\/\"]}]},{\"@type\":\"ImageObject\",\"inLanguage\":\"es\",\"@id\":\"https:\\\/\\\/www.tstcables.com\\\/es\\\/producto\\\/tewp-cable-resistente-a-altas-temperaturas-32awg-17awg-200%e2%84%83-copy\\\/#primaryimage\",\"url\":\"https:\\\/\\\/www.tstcables.com\\\/wp-content\\\/uploads\\\/2024\\\/03\\\/2-7.jpg\",\"contentUrl\":\"https:\\\/\\\/www.tstcables.com\\\/wp-content\\\/uploads\\\/2024\\\/03\\\/2-7.jpg\",\"width\":640,\"height\":640,\"caption\":\"TEWP high temperature resistant\"},{\"@type\":\"BreadcrumbList\",\"@id\":\"https:\\\/\\\/www.tstcables.com\\\/es\\\/producto\\\/tewp-cable-resistente-a-altas-temperaturas-32awg-17awg-200%e2%84%83-copy\\\/#breadcrumb\",\"itemListElement\":[{\"@type\":\"ListItem\",\"position\":1,\"name\":\"\u9996\u9875\",\"item\":\"https:\\\/\\\/www.tstcables.com\\\/es\\\/\"},{\"@type\":\"ListItem\",\"position\":2,\"name\":\"Product\",\"item\":\"https:\\\/\\\/www.tstcables.com\\\/product\\\/\"},{\"@type\":\"ListItem\",\"position\":3,\"name\":\"Cable de equipo de fondo de pozo para exploraci\u00f3n de gas natural\"}]},{\"@type\":\"WebSite\",\"@id\":\"https:\\\/\\\/www.tstcables.com\\\/es\\\/#website\",\"url\":\"https:\\\/\\\/www.tstcables.com\\\/es\\\/\",\"name\":\"TST Cable supplier & Manufacture\",\"description\":\"TST CABLES  supplier &amp; Manufacture official website\",\"publisher\":{\"@id\":\"https:\\\/\\\/www.tstcables.com\\\/es\\\/#organization\"},\"potentialAction\":[{\"@type\":\"SearchAction\",\"target\":{\"@type\":\"EntryPoint\",\"urlTemplate\":\"https:\\\/\\\/www.tstcables.com\\\/es\\\/?s={search_term_string}\"},\"query-input\":{\"@type\":\"PropertyValueSpecification\",\"valueRequired\":true,\"valueName\":\"search_term_string\"}}],\"inLanguage\":\"es\"},{\"@type\":\"Organization\",\"@id\":\"https:\\\/\\\/www.tstcables.com\\\/es\\\/#organization\",\"name\":\"TST Cable supplier & Manufacture\",\"url\":\"https:\\\/\\\/www.tstcables.com\\\/es\\\/\",\"logo\":{\"@type\":\"ImageObject\",\"inLanguage\":\"es\",\"@id\":\"https:\\\/\\\/www.tstcables.com\\\/es\\\/#\\\/schema\\\/logo\\\/image\\\/\",\"url\":\"https:\\\/\\\/www.tstcables.com\\\/wp-content\\\/uploads\\\/2024\\\/04\\\/cropped-\u753b\u677f-1-\u62f7\u8d1d-4-1.png\",\"contentUrl\":\"https:\\\/\\\/www.tstcables.com\\\/wp-content\\\/uploads\\\/2024\\\/04\\\/cropped-\u753b\u677f-1-\u62f7\u8d1d-4-1.png\",\"width\":300,\"height\":100,\"caption\":\"TST Cable supplier & Manufacture\"},\"image\":{\"@id\":\"https:\\\/\\\/www.tstcables.com\\\/es\\\/#\\\/schema\\\/logo\\\/image\\\/\"}}]}<\/script>\n<!-- \/ Yoast SEO plugin. -->","yoast_head_json":{"title":"Cable de equipo de fondo de pozo para exploraci\u00f3n de gas natural","description":"Los cables de los equipos de fondo de pozo para exploraci\u00f3n de gas natural tienen bajas p\u00e9rdidas y un alto voltaje de aislamiento, y son componentes clave en el proceso de extracci\u00f3n de gas natural de yacimientos subterr\u00e1neos.","robots":{"index":"index","follow":"follow","max-snippet":"max-snippet:-1","max-image-preview":"max-image-preview:large","max-video-preview":"max-video-preview:-1"},"canonical":"https:\/\/www.tstcables.com\/es\/producto\/tewp-cable-resistente-a-altas-temperaturas-32awg-17awg-200%e2%84%83-copy\/","og_locale":"es_ES","og_type":"article","og_title":"Cable de equipo de fondo de pozo para exploraci\u00f3n de gas natural","og_description":"Los cables de los equipos de fondo de pozo para exploraci\u00f3n de gas natural tienen bajas p\u00e9rdidas y un alto voltaje de aislamiento, y son componentes clave en el proceso de extracci\u00f3n de gas natural de yacimientos subterr\u00e1neos.","og_url":"https:\/\/www.tstcables.com\/es\/producto\/tewp-cable-resistente-a-altas-temperaturas-32awg-17awg-200%e2%84%83-copy\/","og_site_name":"TST CABLES supplier &amp; Manufacture","article_modified_time":"2024-05-07T02:43:45+00:00","og_image":[{"width":640,"height":640,"url":"https:\/\/www.tstcables.com\/wp-content\/uploads\/2024\/03\/2-7.jpg","type":"image\/jpeg"}],"twitter_card":"summary_large_image","twitter_misc":{"Tiempo de lectura":"1 minuto"},"schema":{"@context":"https:\/\/schema.org","@graph":[{"@type":"WebPage","@id":"https:\/\/www.tstcables.com\/es\/producto\/tewp-cable-resistente-a-altas-temperaturas-32awg-17awg-200%e2%84%83-copy\/","url":"https:\/\/www.tstcables.com\/es\/producto\/tewp-cable-resistente-a-altas-temperaturas-32awg-17awg-200%e2%84%83-copy\/","name":"Cable de equipo de fondo de pozo para exploraci\u00f3n de gas natural","isPartOf":{"@id":"https:\/\/www.tstcables.com\/es\/#website"},"primaryImageOfPage":{"@id":"https:\/\/www.tstcables.com\/es\/producto\/tewp-cable-resistente-a-altas-temperaturas-32awg-17awg-200%e2%84%83-copy\/#primaryimage"},"image":{"@id":"https:\/\/www.tstcables.com\/es\/producto\/tewp-cable-resistente-a-altas-temperaturas-32awg-17awg-200%e2%84%83-copy\/#primaryimage"},"thumbnailUrl":"https:\/\/www.tstcables.com\/wp-content\/uploads\/2024\/03\/2-7.jpg","datePublished":"2024-04-12T07:04:34+00:00","dateModified":"2024-05-07T02:43:45+00:00","description":"Los cables de los equipos de fondo de pozo para exploraci\u00f3n de gas natural tienen bajas p\u00e9rdidas y un alto voltaje de aislamiento, y son componentes clave en el proceso de extracci\u00f3n de gas natural de yacimientos subterr\u00e1neos.","breadcrumb":{"@id":"https:\/\/www.tstcables.com\/es\/producto\/tewp-cable-resistente-a-altas-temperaturas-32awg-17awg-200%e2%84%83-copy\/#breadcrumb"},"inLanguage":"es","potentialAction":[{"@type":"ReadAction","target":["https:\/\/www.tstcables.com\/es\/producto\/tewp-cable-resistente-a-altas-temperaturas-32awg-17awg-200%e2%84%83-copy\/"]}]},{"@type":"ImageObject","inLanguage":"es","@id":"https:\/\/www.tstcables.com\/es\/producto\/tewp-cable-resistente-a-altas-temperaturas-32awg-17awg-200%e2%84%83-copy\/#primaryimage","url":"https:\/\/www.tstcables.com\/wp-content\/uploads\/2024\/03\/2-7.jpg","contentUrl":"https:\/\/www.tstcables.com\/wp-content\/uploads\/2024\/03\/2-7.jpg","width":640,"height":640,"caption":"TEWP high temperature resistant"},{"@type":"BreadcrumbList","@id":"https:\/\/www.tstcables.com\/es\/producto\/tewp-cable-resistente-a-altas-temperaturas-32awg-17awg-200%e2%84%83-copy\/#breadcrumb","itemListElement":[{"@type":"ListItem","position":1,"name":"\u9996\u9875","item":"https:\/\/www.tstcables.com\/es\/"},{"@type":"ListItem","position":2,"name":"Product","item":"https:\/\/www.tstcables.com\/product\/"},{"@type":"ListItem","position":3,"name":"Cable de equipo de fondo de pozo para exploraci\u00f3n de gas natural"}]},{"@type":"WebSite","@id":"https:\/\/www.tstcables.com\/es\/#website","url":"https:\/\/www.tstcables.com\/es\/","name":"TST Cable supplier & Manufacture","description":"TST CABLES  supplier &amp; Manufacture official website","publisher":{"@id":"https:\/\/www.tstcables.com\/es\/#organization"},"potentialAction":[{"@type":"SearchAction","target":{"@type":"EntryPoint","urlTemplate":"https:\/\/www.tstcables.com\/es\/?s={search_term_string}"},"query-input":{"@type":"PropertyValueSpecification","valueRequired":true,"valueName":"search_term_string"}}],"inLanguage":"es"},{"@type":"Organization","@id":"https:\/\/www.tstcables.com\/es\/#organization","name":"TST Cable supplier & Manufacture","url":"https:\/\/www.tstcables.com\/es\/","logo":{"@type":"ImageObject","inLanguage":"es","@id":"https:\/\/www.tstcables.com\/es\/#\/schema\/logo\/image\/","url":"https:\/\/www.tstcables.com\/wp-content\/uploads\/2024\/04\/cropped-\u753b\u677f-1-\u62f7\u8d1d-4-1.png","contentUrl":"https:\/\/www.tstcables.com\/wp-content\/uploads\/2024\/04\/cropped-\u753b\u677f-1-\u62f7\u8d1d-4-1.png","width":300,"height":100,"caption":"TST Cable supplier & Manufacture"},"image":{"@id":"https:\/\/www.tstcables.com\/es\/#\/schema\/logo\/image\/"}}]}},"_links":{"self":[{"href":"https:\/\/www.tstcables.com\/es\/wp-json\/wp\/v2\/product\/16148","targetHints":{"allow":["GET"]}}],"collection":[{"href":"https:\/\/www.tstcables.com\/es\/wp-json\/wp\/v2\/product"}],"about":[{"href":"https:\/\/www.tstcables.com\/es\/wp-json\/wp\/v2\/types\/product"}],"version-history":[{"count":0,"href":"https:\/\/www.tstcables.com\/es\/wp-json\/wp\/v2\/product\/16148\/revisions"}],"wp:featuredmedia":[{"embeddable":true,"href":"https:\/\/www.tstcables.com\/es\/wp-json\/wp\/v2\/media\/12366"}],"wp:attachment":[{"href":"https:\/\/www.tstcables.com\/es\/wp-json\/wp\/v2\/media?parent=16148"}],"wp:term":[{"taxonomy":"product_brand","embeddable":true,"href":"https:\/\/www.tstcables.com\/es\/wp-json\/wp\/v2\/product_brand?post=16148"},{"taxonomy":"product_cat","embeddable":true,"href":"https:\/\/www.tstcables.com\/es\/wp-json\/wp\/v2\/product_cat?post=16148"},{"taxonomy":"product_tag","embeddable":true,"href":"https:\/\/www.tstcables.com\/es\/wp-json\/wp\/v2\/product_tag?post=16148"}],"curies":[{"name":"wp","href":"https:\/\/api.w.org\/{rel}","templated":true}]}}