{"id":16156,"date":"2024-04-12T15:15:13","date_gmt":"2024-04-12T07:15:13","guid":{"rendered":"https:\/\/www.tstcables.com\/?post_type=product&#038;p=16156"},"modified":"2024-05-07T10:43:43","modified_gmt":"2024-05-07T02:43:43","slug":"alambre-y-cable-multipolar-de-alta-temperatura-y-baja-temperatura-copy","status":"publish","type":"product","link":"https:\/\/www.tstcables.com\/es\/producto\/alambre-y-cable-multipolar-de-alta-temperatura-y-baja-temperatura-copy\/","title":{"rendered":"Cable para equipos de transmisi\u00f3n de gas natural"},"content":{"rendered":"<p>Aplicaci\u00f3n\uff1a<\/p>\n<p>Equipos de transporte de gas natural<\/p>\n<p>Caracter\u00edstica\uff1a<\/p>\n<ul>\n<li>Resistencia a la temperatura: -60 a 180\u00b0C<\/li>\n<li>Capa aislante\/resistente al desgaste, indeformable<\/li>\n<li>Resistencia al desgaste<\/li>\n<li>Resistencia a temperaturas ultrabajas<\/li>\n<li>Anticongelante y resistente al fr\u00edo<\/li>\n<li>Excelentes propiedades mec\u00e1nicas<\/li>\n<li>Aislamiento el\u00e9ctrico superior<\/li>\n<\/ul>\n<p>Norma del sector:<\/p>\n<ul>\n<li>EN45545-2<\/li>\n<\/ul>\n<p>Estructura\uff1a<\/p>\n<ul>\n<li>Conductor: Conductor de cobre esta\u00f1ado, estructura de 5 \u00f3 6 clases.<\/li>\n<li>Blindaje: Trenza de cobre esta\u00f1ado o cobre plateado.<\/li>\n<li>Cubierta: Material de caucho de silicona.<\/li>\n<\/ul>\n<p>Par\u00e1metro de selecci\u00f3n<\/p>\n<table class=\"tg\">\n<thead>\n<tr>\n<th class=\"tg-949j\" colspan=\"2\">N\u00famero de n\u00facleos * secci\u00f3n transversal nominal\/mm<\/th>\n<th class=\"tg-grqh\" colspan=\"2\">Di\u00e1metro exterior del aislamiento\/mm<\/th>\n<th class=\"tg-d93i\" rowspan=\"2\">Di\u00e1metro exterior del cable\/mm<\/th>\n<\/tr>\n<tr>\n<th class=\"tg-949j\">5\u00d70.50<\/th>\n<th class=\"tg-grqh\">0.2<\/th>\n<th class=\"tg-949j\">1.30\u00b10.1<\/th>\n<th class=\"tg-grqh\">1.2<\/th>\n<\/tr>\n<\/thead>\n<tbody>\n<tr>\n<td class=\"tg-949j\">4\u00d70.5<\/td>\n<td class=\"tg-grqh\">0.2<\/td>\n<td class=\"tg-949j\">1.30\u00b10.1<\/td>\n<td class=\"tg-grqh\">1.2<\/td>\n<td class=\"tg-7fn2\">6.0\u00b10.2<\/td>\n<\/tr>\n<tr>\n<td class=\"tg-949j\">5\u00d70.50<\/td>\n<td class=\"tg-grqh\">0.2<\/td>\n<td class=\"tg-949j\">1.30\u00b10.1<\/td>\n<td class=\"tg-grqh\">1.2<\/td>\n<td class=\"tg-7fn2\">6.4\u00b10.2<\/td>\n<\/tr>\n<tr>\n<td class=\"tg-949j\">6\u00d70.5<\/td>\n<td class=\"tg-grqh\">0.2<\/td>\n<td class=\"tg-949j\">1.30\u00b10.1<\/td>\n<td class=\"tg-grqh\">1.2<\/td>\n<td class=\"tg-7fn2\">6.8\u00b10.2<\/td>\n<\/tr>\n<tr>\n<td class=\"tg-949j\">7\u00d70.50<\/td>\n<td class=\"tg-grqh\">0.2<\/td>\n<td class=\"tg-949j\">1.30\u00b10.1<\/td>\n<td class=\"tg-grqh\">1.2<\/td>\n<td class=\"tg-7fn2\">6.8\u00b10.2<\/td>\n<\/tr>\n<tr>\n<td class=\"tg-949j\">8\u00d70.50<\/td>\n<td class=\"tg-grqh\">0.2<\/td>\n<td class=\"tg-949j\">1.30\u00b10.1<\/td>\n<td class=\"tg-grqh\">1.2<\/td>\n<td class=\"tg-7fn2\">7.2\u00b10.2<\/td>\n<\/tr>\n<tr>\n<td class=\"tg-949j\">2\u00d70.75<\/td>\n<td class=\"tg-grqh\">0.2<\/td>\n<td class=\"tg-949j\">1.55\u00b10.1<\/td>\n<td class=\"tg-grqh\">1.2<\/td>\n<td class=\"tg-7fn2\">6.0\u00b10.2<\/td>\n<\/tr>\n<tr>\n<td class=\"tg-7fn2\">3\u00d70.75<\/td>\n<td class=\"tg-d93i\">0.2<\/td>\n<td class=\"tg-7fn2\">1.55\u00b10.1<\/td>\n<td class=\"tg-d93i\">1.2<\/td>\n<td class=\"tg-7fn2\">6.2\u00b10.2<\/td>\n<\/tr>\n<tr>\n<td class=\"tg-7fn2\">4\u00d70.75<\/td>\n<td class=\"tg-d93i\">0.2<\/td>\n<td class=\"tg-7fn2\">1.55\u00b10.1<\/td>\n<td class=\"tg-d93i\">1.2<\/td>\n<td class=\"tg-7fn2\">6.6\u00b10.2<\/td>\n<\/tr>\n<tr>\n<td class=\"tg-7fn2\">5\u00d70.75<\/td>\n<td class=\"tg-d93i\">0.2<\/td>\n<td class=\"tg-7fn2\">1.55\u00b10.1<\/td>\n<td class=\"tg-d93i\">1.2<\/td>\n<td class=\"tg-7fn2\">7.1\u00b10.2<\/td>\n<\/tr>\n<tr>\n<td class=\"tg-7fn2\" rowspan=\"2\">6\u00d70.75<\/td>\n<td class=\"tg-d93i\">0.2<\/td>\n<td class=\"tg-7fn2\">1.55\u00b10.1<\/td>\n<td class=\"tg-d93i\">1.2<\/td>\n<td class=\"tg-7fn2\">7.6\u00b10.2<\/td>\n<\/tr>\n<tr>\n<td class=\"tg-d93i\">0.2<\/td>\n<td class=\"tg-7fn2\">1.55\u00b10.1<\/td>\n<td class=\"tg-d93i\">1.2<\/td>\n<td class=\"tg-7fn2\">7.6\u00b10.2<\/td>\n<\/tr>\n<tr>\n<td class=\"tg-1771\">8\u00d70.75<\/td>\n<td class=\"tg-qfl9\">0.2<\/td>\n<td class=\"tg-1771\">1.55\u00b10.1<\/td>\n<td class=\"tg-qfl9\">1.2<\/td>\n<td class=\"tg-1771\">8.0\u00b10.2<\/td>\n<\/tr>\n<tr>\n<td class=\"tg-1771\">2\u00d71.0<\/td>\n<td class=\"tg-qfl9\">0.2<\/td>\n<td class=\"tg-1771\">1.65\u00b10.1<\/td>\n<td class=\"tg-qfl9\">1.2<\/td>\n<td class=\"tg-1771\">6.2\u00b10.2<\/td>\n<\/tr>\n<tr>\n<td class=\"tg-1771\">3\u00d71.0<\/td>\n<td class=\"tg-qfl9\">0.2<\/td>\n<td class=\"tg-1771\">1.65\u00b10.1<\/td>\n<td class=\"tg-qfl9\">1.2<\/td>\n<td class=\"tg-1771\">6.5\u00b10.2<\/td>\n<\/tr>\n<tr>\n<td class=\"tg-1771\">4\u00d71.0<\/td>\n<td class=\"tg-qfl9\">0.2<\/td>\n<td class=\"tg-1771\">1.65\u00b10.1<\/td>\n<td class=\"tg-qfl9\">1.2<\/td>\n<td class=\"tg-1771\">6.9\u00b10.2<\/td>\n<\/tr>\n<tr>\n<td class=\"tg-1771\">5\u00d71.0<\/td>\n<td class=\"tg-qfl9\">0.2<\/td>\n<td class=\"tg-1771\">1.65\u00b10.1<\/td>\n<td class=\"tg-qfl9\">1.2<\/td>\n<td class=\"tg-1771\">7.4\u00b10.2<\/td>\n<\/tr>\n<tr>\n<td class=\"tg-1771\">6\u00d71.0<\/td>\n<td class=\"tg-qfl9\">0.2<\/td>\n<td class=\"tg-1771\">1.65\u00b10.1<\/td>\n<td class=\"tg-qfl9\">1.2<\/td>\n<td class=\"tg-1771\">7.9\u00b10.2<\/td>\n<\/tr>\n<tr>\n<td class=\"tg-1771\">7\u00d71.0<\/td>\n<td class=\"tg-qfl9\">0.2<\/td>\n<td class=\"tg-1771\">1.65\u00b10.1<\/td>\n<td class=\"tg-qfl9\">1.2<\/td>\n<td class=\"tg-1771\">7.9\u00b10.2<\/td>\n<\/tr>\n<tr>\n<td class=\"tg-1771\">8\u00d71.0<\/td>\n<td class=\"tg-qfl9\">0.2<\/td>\n<td class=\"tg-1771\">1.65\u00b10.1<\/td>\n<td class=\"tg-qfl9\">1.2<\/td>\n<td class=\"tg-1771\">7.9\u00b10.2<\/td>\n<\/tr>\n<\/tbody>\n<\/table>\n","protected":false},"excerpt":{"rendered":"<p>Los cables para equipos de transmisi\u00f3n de gas natural son resistentes al desgaste, a temperaturas ultrabajas y tienen excelentes propiedades mec\u00e1nicas. Son una parte importante de la infraestructura que transporta el gas natural desde el sitio de producci\u00f3n hasta la red de distribuci\u00f3n y los usuarios finales.<\/p>\n","protected":false},"featured_media":12606,"template":"","meta":{"_eb_attr":"","site-sidebar-layout":"default","site-content-layout":"","ast-site-content-layout":"default","site-content-style":"default","site-sidebar-style":"default","ast-global-header-display":"","ast-banner-title-visibility":"","ast-main-header-display":"","ast-hfb-above-header-display":"","ast-hfb-below-header-display":"","ast-hfb-mobile-header-display":"","site-post-title":"","ast-breadcrumbs-content":"","ast-featured-img":"","footer-sml-layout":"","theme-transparent-header-meta":"default","adv-header-id-meta":"","stick-header-meta":"","header-above-stick-meta":"","header-main-stick-meta":"","header-below-stick-meta":"","astra-migrate-meta-layouts":"set","ast-page-background-enabled":"default","ast-page-background-meta":{"desktop":{"background-color":"","background-image":"","background-repeat":"repeat","background-position":"center center","background-size":"auto","background-attachment":"scroll","background-type":"","background-media":"","overlay-type":"","overlay-color":"","overlay-opacity":"","overlay-gradient":""},"tablet":{"background-color":"","background-image":"","background-repeat":"repeat","background-position":"center center","background-size":"auto","background-attachment":"scroll","background-type":"","background-media":"","overlay-type":"","overlay-color":"","overlay-opacity":"","overlay-gradient":""},"mobile":{"background-color":"","background-image":"","background-repeat":"repeat","background-position":"center center","background-size":"auto","background-attachment":"scroll","background-type":"","background-media":"","overlay-type":"","overlay-color":"","overlay-opacity":"","overlay-gradient":""}},"ast-content-background-meta":{"desktop":{"background-color":"var(--ast-global-color-5)","background-image":"","background-repeat":"repeat","background-position":"center center","background-size":"auto","background-attachment":"scroll","background-type":"","background-media":"","overlay-type":"","overlay-color":"","overlay-opacity":"","overlay-gradient":""},"tablet":{"background-color":"var(--ast-global-color-5)","background-image":"","background-repeat":"repeat","background-position":"center center","background-size":"auto","background-attachment":"scroll","background-type":"","background-media":"","overlay-type":"","overlay-color":"","overlay-opacity":"","overlay-gradient":""},"mobile":{"background-color":"var(--ast-global-color-5)","background-image":"","background-repeat":"repeat","background-position":"center center","background-size":"auto","background-attachment":"scroll","background-type":"","background-media":"","overlay-type":"","overlay-color":"","overlay-opacity":"","overlay-gradient":""}}},"product_brand":[],"product_cat":[598],"product_tag":[669,670],"class_list":{"0":"post-16156","1":"product","2":"type-product","3":"status-publish","4":"has-post-thumbnail","6":"product_cat-petroleo-gas","7":"product_tag-hilos-y-cables-de-baja-temperatura","8":"product_tag-hilos-y-cables-multifilares-de-baja-temperatura","9":"desktop-align-center","10":"tablet-align-left","11":"mobile-align-left","13":"first","14":"instock","15":"shipping-taxable","16":"product-type-simple"},"yoast_head":"<!-- This site is optimized with the Yoast SEO plugin v27.5 - https:\/\/yoast.com\/product\/yoast-seo-wordpress\/ -->\n<title>Cable para equipos de transmisi\u00f3n de gas natural<\/title>\n<meta name=\"description\" content=\"Los cables para equipos de transmisi\u00f3n de gas natural son resistentes al desgaste, a temperaturas ultrabajas y tienen excelentes propiedades mec\u00e1nicas.\" \/>\n<meta name=\"robots\" content=\"index, follow, max-snippet:-1, max-image-preview:large, max-video-preview:-1\" \/>\n<link rel=\"canonical\" href=\"https:\/\/www.tstcables.com\/es\/producto\/alambre-y-cable-multipolar-de-alta-temperatura-y-baja-temperatura-copy\/\" \/>\n<meta property=\"og:locale\" content=\"es_ES\" \/>\n<meta property=\"og:type\" content=\"article\" \/>\n<meta property=\"og:title\" content=\"Cable para equipos de transmisi\u00f3n de gas natural\" \/>\n<meta property=\"og:description\" content=\"Los cables para equipos de transmisi\u00f3n de gas natural son resistentes al desgaste, a temperaturas ultrabajas y tienen excelentes propiedades mec\u00e1nicas.\" \/>\n<meta property=\"og:url\" content=\"https:\/\/www.tstcables.com\/es\/producto\/alambre-y-cable-multipolar-de-alta-temperatura-y-baja-temperatura-copy\/\" \/>\n<meta property=\"og:site_name\" content=\"TST CABLES supplier &amp; Manufacture\" \/>\n<meta property=\"article:modified_time\" content=\"2024-05-07T02:43:43+00:00\" \/>\n<meta property=\"og:image\" content=\"https:\/\/www.tstcables.com\/wp-content\/uploads\/2024\/03\/4-8.jpg\" \/>\n\t<meta property=\"og:image:width\" content=\"750\" \/>\n\t<meta property=\"og:image:height\" content=\"750\" \/>\n\t<meta property=\"og:image:type\" content=\"image\/jpeg\" \/>\n<meta name=\"twitter:card\" content=\"summary_large_image\" \/>\n<meta name=\"twitter:label1\" content=\"Tiempo de lectura\" \/>\n\t<meta name=\"twitter:data1\" content=\"1 minuto\" \/>\n<script type=\"application\/ld+json\" class=\"yoast-schema-graph\">{\"@context\":\"https:\\\/\\\/schema.org\",\"@graph\":[{\"@type\":\"WebPage\",\"@id\":\"https:\\\/\\\/www.tstcables.com\\\/es\\\/producto\\\/alambre-y-cable-multipolar-de-alta-temperatura-y-baja-temperatura-copy\\\/\",\"url\":\"https:\\\/\\\/www.tstcables.com\\\/es\\\/producto\\\/alambre-y-cable-multipolar-de-alta-temperatura-y-baja-temperatura-copy\\\/\",\"name\":\"Cable para equipos de transmisi\u00f3n de gas natural\",\"isPartOf\":{\"@id\":\"https:\\\/\\\/www.tstcables.com\\\/es\\\/#website\"},\"primaryImageOfPage\":{\"@id\":\"https:\\\/\\\/www.tstcables.com\\\/es\\\/producto\\\/alambre-y-cable-multipolar-de-alta-temperatura-y-baja-temperatura-copy\\\/#primaryimage\"},\"image\":{\"@id\":\"https:\\\/\\\/www.tstcables.com\\\/es\\\/producto\\\/alambre-y-cable-multipolar-de-alta-temperatura-y-baja-temperatura-copy\\\/#primaryimage\"},\"thumbnailUrl\":\"https:\\\/\\\/www.tstcables.com\\\/wp-content\\\/uploads\\\/2024\\\/03\\\/4-8.jpg\",\"datePublished\":\"2024-04-12T07:15:13+00:00\",\"dateModified\":\"2024-05-07T02:43:43+00:00\",\"description\":\"Los cables para equipos de transmisi\u00f3n de gas natural son resistentes al desgaste, a temperaturas ultrabajas y tienen excelentes propiedades mec\u00e1nicas.\",\"breadcrumb\":{\"@id\":\"https:\\\/\\\/www.tstcables.com\\\/es\\\/producto\\\/alambre-y-cable-multipolar-de-alta-temperatura-y-baja-temperatura-copy\\\/#breadcrumb\"},\"inLanguage\":\"es\",\"potentialAction\":[{\"@type\":\"ReadAction\",\"target\":[\"https:\\\/\\\/www.tstcables.com\\\/es\\\/producto\\\/alambre-y-cable-multipolar-de-alta-temperatura-y-baja-temperatura-copy\\\/\"]}]},{\"@type\":\"ImageObject\",\"inLanguage\":\"es\",\"@id\":\"https:\\\/\\\/www.tstcables.com\\\/es\\\/producto\\\/alambre-y-cable-multipolar-de-alta-temperatura-y-baja-temperatura-copy\\\/#primaryimage\",\"url\":\"https:\\\/\\\/www.tstcables.com\\\/wp-content\\\/uploads\\\/2024\\\/03\\\/4-8.jpg\",\"contentUrl\":\"https:\\\/\\\/www.tstcables.com\\\/wp-content\\\/uploads\\\/2024\\\/03\\\/4-8.jpg\",\"width\":750,\"height\":750,\"caption\":\"Fire-resistant wire smoke halogen-free flame retardant GN450-NY\"},{\"@type\":\"BreadcrumbList\",\"@id\":\"https:\\\/\\\/www.tstcables.com\\\/es\\\/producto\\\/alambre-y-cable-multipolar-de-alta-temperatura-y-baja-temperatura-copy\\\/#breadcrumb\",\"itemListElement\":[{\"@type\":\"ListItem\",\"position\":1,\"name\":\"\u9996\u9875\",\"item\":\"https:\\\/\\\/www.tstcables.com\\\/es\\\/\"},{\"@type\":\"ListItem\",\"position\":2,\"name\":\"Product\",\"item\":\"https:\\\/\\\/www.tstcables.com\\\/product\\\/\"},{\"@type\":\"ListItem\",\"position\":3,\"name\":\"Cable para equipos de transmisi\u00f3n de gas natural\"}]},{\"@type\":\"WebSite\",\"@id\":\"https:\\\/\\\/www.tstcables.com\\\/es\\\/#website\",\"url\":\"https:\\\/\\\/www.tstcables.com\\\/es\\\/\",\"name\":\"TST Cable supplier & Manufacture\",\"description\":\"TST CABLES  supplier &amp; Manufacture official website\",\"publisher\":{\"@id\":\"https:\\\/\\\/www.tstcables.com\\\/es\\\/#organization\"},\"potentialAction\":[{\"@type\":\"SearchAction\",\"target\":{\"@type\":\"EntryPoint\",\"urlTemplate\":\"https:\\\/\\\/www.tstcables.com\\\/es\\\/?s={search_term_string}\"},\"query-input\":{\"@type\":\"PropertyValueSpecification\",\"valueRequired\":true,\"valueName\":\"search_term_string\"}}],\"inLanguage\":\"es\"},{\"@type\":\"Organization\",\"@id\":\"https:\\\/\\\/www.tstcables.com\\\/es\\\/#organization\",\"name\":\"TST Cable supplier & Manufacture\",\"url\":\"https:\\\/\\\/www.tstcables.com\\\/es\\\/\",\"logo\":{\"@type\":\"ImageObject\",\"inLanguage\":\"es\",\"@id\":\"https:\\\/\\\/www.tstcables.com\\\/es\\\/#\\\/schema\\\/logo\\\/image\\\/\",\"url\":\"https:\\\/\\\/www.tstcables.com\\\/wp-content\\\/uploads\\\/2024\\\/04\\\/cropped-\u753b\u677f-1-\u62f7\u8d1d-4-1.png\",\"contentUrl\":\"https:\\\/\\\/www.tstcables.com\\\/wp-content\\\/uploads\\\/2024\\\/04\\\/cropped-\u753b\u677f-1-\u62f7\u8d1d-4-1.png\",\"width\":300,\"height\":100,\"caption\":\"TST Cable supplier & Manufacture\"},\"image\":{\"@id\":\"https:\\\/\\\/www.tstcables.com\\\/es\\\/#\\\/schema\\\/logo\\\/image\\\/\"}}]}<\/script>\n<!-- \/ Yoast SEO plugin. -->","yoast_head_json":{"title":"Cable para equipos de transmisi\u00f3n de gas natural","description":"Los cables para equipos de transmisi\u00f3n de gas natural son resistentes al desgaste, a temperaturas ultrabajas y tienen excelentes propiedades mec\u00e1nicas.","robots":{"index":"index","follow":"follow","max-snippet":"max-snippet:-1","max-image-preview":"max-image-preview:large","max-video-preview":"max-video-preview:-1"},"canonical":"https:\/\/www.tstcables.com\/es\/producto\/alambre-y-cable-multipolar-de-alta-temperatura-y-baja-temperatura-copy\/","og_locale":"es_ES","og_type":"article","og_title":"Cable para equipos de transmisi\u00f3n de gas natural","og_description":"Los cables para equipos de transmisi\u00f3n de gas natural son resistentes al desgaste, a temperaturas ultrabajas y tienen excelentes propiedades mec\u00e1nicas.","og_url":"https:\/\/www.tstcables.com\/es\/producto\/alambre-y-cable-multipolar-de-alta-temperatura-y-baja-temperatura-copy\/","og_site_name":"TST CABLES supplier &amp; Manufacture","article_modified_time":"2024-05-07T02:43:43+00:00","og_image":[{"width":750,"height":750,"url":"https:\/\/www.tstcables.com\/wp-content\/uploads\/2024\/03\/4-8.jpg","type":"image\/jpeg"}],"twitter_card":"summary_large_image","twitter_misc":{"Tiempo de lectura":"1 minuto"},"schema":{"@context":"https:\/\/schema.org","@graph":[{"@type":"WebPage","@id":"https:\/\/www.tstcables.com\/es\/producto\/alambre-y-cable-multipolar-de-alta-temperatura-y-baja-temperatura-copy\/","url":"https:\/\/www.tstcables.com\/es\/producto\/alambre-y-cable-multipolar-de-alta-temperatura-y-baja-temperatura-copy\/","name":"Cable para equipos de transmisi\u00f3n de gas natural","isPartOf":{"@id":"https:\/\/www.tstcables.com\/es\/#website"},"primaryImageOfPage":{"@id":"https:\/\/www.tstcables.com\/es\/producto\/alambre-y-cable-multipolar-de-alta-temperatura-y-baja-temperatura-copy\/#primaryimage"},"image":{"@id":"https:\/\/www.tstcables.com\/es\/producto\/alambre-y-cable-multipolar-de-alta-temperatura-y-baja-temperatura-copy\/#primaryimage"},"thumbnailUrl":"https:\/\/www.tstcables.com\/wp-content\/uploads\/2024\/03\/4-8.jpg","datePublished":"2024-04-12T07:15:13+00:00","dateModified":"2024-05-07T02:43:43+00:00","description":"Los cables para equipos de transmisi\u00f3n de gas natural son resistentes al desgaste, a temperaturas ultrabajas y tienen excelentes propiedades mec\u00e1nicas.","breadcrumb":{"@id":"https:\/\/www.tstcables.com\/es\/producto\/alambre-y-cable-multipolar-de-alta-temperatura-y-baja-temperatura-copy\/#breadcrumb"},"inLanguage":"es","potentialAction":[{"@type":"ReadAction","target":["https:\/\/www.tstcables.com\/es\/producto\/alambre-y-cable-multipolar-de-alta-temperatura-y-baja-temperatura-copy\/"]}]},{"@type":"ImageObject","inLanguage":"es","@id":"https:\/\/www.tstcables.com\/es\/producto\/alambre-y-cable-multipolar-de-alta-temperatura-y-baja-temperatura-copy\/#primaryimage","url":"https:\/\/www.tstcables.com\/wp-content\/uploads\/2024\/03\/4-8.jpg","contentUrl":"https:\/\/www.tstcables.com\/wp-content\/uploads\/2024\/03\/4-8.jpg","width":750,"height":750,"caption":"Fire-resistant wire smoke halogen-free flame retardant GN450-NY"},{"@type":"BreadcrumbList","@id":"https:\/\/www.tstcables.com\/es\/producto\/alambre-y-cable-multipolar-de-alta-temperatura-y-baja-temperatura-copy\/#breadcrumb","itemListElement":[{"@type":"ListItem","position":1,"name":"\u9996\u9875","item":"https:\/\/www.tstcables.com\/es\/"},{"@type":"ListItem","position":2,"name":"Product","item":"https:\/\/www.tstcables.com\/product\/"},{"@type":"ListItem","position":3,"name":"Cable para equipos de transmisi\u00f3n de gas natural"}]},{"@type":"WebSite","@id":"https:\/\/www.tstcables.com\/es\/#website","url":"https:\/\/www.tstcables.com\/es\/","name":"TST Cable supplier & Manufacture","description":"TST CABLES  supplier &amp; Manufacture official website","publisher":{"@id":"https:\/\/www.tstcables.com\/es\/#organization"},"potentialAction":[{"@type":"SearchAction","target":{"@type":"EntryPoint","urlTemplate":"https:\/\/www.tstcables.com\/es\/?s={search_term_string}"},"query-input":{"@type":"PropertyValueSpecification","valueRequired":true,"valueName":"search_term_string"}}],"inLanguage":"es"},{"@type":"Organization","@id":"https:\/\/www.tstcables.com\/es\/#organization","name":"TST Cable supplier & Manufacture","url":"https:\/\/www.tstcables.com\/es\/","logo":{"@type":"ImageObject","inLanguage":"es","@id":"https:\/\/www.tstcables.com\/es\/#\/schema\/logo\/image\/","url":"https:\/\/www.tstcables.com\/wp-content\/uploads\/2024\/04\/cropped-\u753b\u677f-1-\u62f7\u8d1d-4-1.png","contentUrl":"https:\/\/www.tstcables.com\/wp-content\/uploads\/2024\/04\/cropped-\u753b\u677f-1-\u62f7\u8d1d-4-1.png","width":300,"height":100,"caption":"TST Cable supplier & Manufacture"},"image":{"@id":"https:\/\/www.tstcables.com\/es\/#\/schema\/logo\/image\/"}}]}},"_links":{"self":[{"href":"https:\/\/www.tstcables.com\/es\/wp-json\/wp\/v2\/product\/16156","targetHints":{"allow":["GET"]}}],"collection":[{"href":"https:\/\/www.tstcables.com\/es\/wp-json\/wp\/v2\/product"}],"about":[{"href":"https:\/\/www.tstcables.com\/es\/wp-json\/wp\/v2\/types\/product"}],"version-history":[{"count":0,"href":"https:\/\/www.tstcables.com\/es\/wp-json\/wp\/v2\/product\/16156\/revisions"}],"wp:featuredmedia":[{"embeddable":true,"href":"https:\/\/www.tstcables.com\/es\/wp-json\/wp\/v2\/media\/12606"}],"wp:attachment":[{"href":"https:\/\/www.tstcables.com\/es\/wp-json\/wp\/v2\/media?parent=16156"}],"wp:term":[{"taxonomy":"product_brand","embeddable":true,"href":"https:\/\/www.tstcables.com\/es\/wp-json\/wp\/v2\/product_brand?post=16156"},{"taxonomy":"product_cat","embeddable":true,"href":"https:\/\/www.tstcables.com\/es\/wp-json\/wp\/v2\/product_cat?post=16156"},{"taxonomy":"product_tag","embeddable":true,"href":"https:\/\/www.tstcables.com\/es\/wp-json\/wp\/v2\/product_tag?post=16156"}],"curies":[{"name":"wp","href":"https:\/\/api.w.org\/{rel}","templated":true}]}}