{"id":16173,"date":"2024-04-12T15:20:09","date_gmt":"2024-04-12T07:20:09","guid":{"rendered":"https:\/\/www.tstcables.com\/?post_type=product&#038;p=16173"},"modified":"2024-05-07T10:43:41","modified_gmt":"2024-05-07T02:43:41","slug":"cable-unipolar-de-alta-temperatura-y-baja-temperatura-copy","status":"publish","type":"product","link":"https:\/\/www.tstcables.com\/es\/producto\/cable-unipolar-de-alta-temperatura-y-baja-temperatura-copy\/","title":{"rendered":"Cable para equipo de licuefacci\u00f3n de gas natural"},"content":{"rendered":"<p>Aplicaci\u00f3n\uff1a<\/p>\n<p>Equipos de licuefacci\u00f3n de gas natural<\/p>\n<p>Caracter\u00edstica\uff1a<\/p>\n<ul>\n<li>Resistencia a la temperatura: -60 a 180\u00b0C<\/li>\n<li>Cobre esta\u00f1ado<\/li>\n<li>Resistencia a la oxidaci\u00f3n<\/li>\n<li>Alta conductividad<\/li>\n<li>Resistencia a temperaturas ultrabajas<\/li>\n<li>Anticongelante y resistente al fr\u00edo<\/li>\n<li>Excelentes propiedades mec\u00e1nicas<\/li>\n<\/ul>\n<p>Norma del sector:<\/p>\n<ul>\n<li>EN45545-2<\/li>\n<\/ul>\n<p>Estructura\uff1a<\/p>\n<ul>\n<li>Conductor: Conductor de cobre esta\u00f1ado, estructura de 5 \u00f3 6 clases.<\/li>\n<li>Resistencia al fuego: Cumple la norma EN45545-2 R15\/R16 HL3.<\/li>\n<\/ul>\n<p>Par\u00e1metro de selecci\u00f3n<\/p>\n<table class=\"tg\">\n<thead>\n<tr>\n<th class=\"tg-949j\" rowspan=\"2\">Secci\u00f3n nominal del conductor<\/th>\n<th class=\"tg-949j\" rowspan=\"2\">N\u00famero de hilos * di\u00e1metro del hilo<\/th>\n<th class=\"tg-949j\" colspan=\"2\">Di\u00e1metro del conductor (d)<\/th>\n<th class=\"tg-7fn2\" colspan=\"2\">Di\u00e1metro exterior del cable (D)<\/th>\n<th class=\"tg-7fn2\">20\u2103 resistencia del conductor<\/th>\n<\/tr>\n<tr>\n<th class=\"tg-949j\">M\u00edn. mm<\/th>\n<th class=\"tg-949j\">M\u00edn. mm<\/th>\n<th class=\"tg-7fn2\">M\u00edn. mm<\/th>\n<th class=\"tg-1771\">Max. mm<\/th>\n<th class=\"tg-1771\">MJ\/K m<\/th>\n<\/tr>\n<\/thead>\n<tbody>\n<tr>\n<td class=\"tg-grqh\">0.5<\/td>\n<td class=\"tg-949j\">19\u00d70.18<\/td>\n<td class=\"tg-grqh\">0.8<\/td>\n<td class=\"tg-grqh\">0.18<\/td>\n<td class=\"tg-d93i\">1.3<\/td>\n<td class=\"tg-qfl9\">1.45<\/td>\n<td class=\"tg-qfl9\">40.1<\/td>\n<\/tr>\n<tr>\n<td class=\"tg-grqh\">0.75<\/td>\n<td class=\"tg-949j\">37\u00d70.16<\/td>\n<td class=\"tg-grqh\">1<\/td>\n<td class=\"tg-grqh\">0.18<\/td>\n<td class=\"tg-d93i\">1.5<\/td>\n<td class=\"tg-qfl9\">1.65<\/td>\n<td class=\"tg-qfl9\">26.7<\/td>\n<\/tr>\n<tr>\n<td class=\"tg-grqh\">1<\/td>\n<td class=\"tg-949j\">37\u00d70.18<\/td>\n<td class=\"tg-grqh\">1.1<\/td>\n<td class=\"tg-grqh\">0.18<\/td>\n<td class=\"tg-d93i\">1.6<\/td>\n<td class=\"tg-qfl9\">1.8<\/td>\n<td class=\"tg-qfl9\">20<\/td>\n<\/tr>\n<tr>\n<td class=\"tg-grqh\">1.5<\/td>\n<td class=\"tg-949j\">37\u00d70.23<\/td>\n<td class=\"tg-grqh\">1.45<\/td>\n<td class=\"tg-grqh\">0.22<\/td>\n<td class=\"tg-d93i\">1.95<\/td>\n<td class=\"tg-qfl9\">2.3<\/td>\n<td class=\"tg-qfl9\">13.7<\/td>\n<\/tr>\n<tr>\n<td class=\"tg-grqh\">2.5<\/td>\n<td class=\"tg-949j\">37\u00d70.30<\/td>\n<td class=\"tg-grqh\">1.85<\/td>\n<td class=\"tg-grqh\">0.28<\/td>\n<td class=\"tg-d93i\">2.35<\/td>\n<td class=\"tg-qfl9\">2.85<\/td>\n<td class=\"tg-qfl9\">8.21<\/td>\n<\/tr>\n<\/tbody>\n<\/table>\n","protected":false},"excerpt":{"rendered":"<p>Los cables para equipos de licuefacci\u00f3n de gas natural son antioxidantes, de alta conductividad, anticongelantes y resistentes al fr\u00edo y desempe\u00f1an un papel clave en el proceso de licuefacci\u00f3n, convirtiendo el gas natural en l\u00edquido para su almacenamiento y transporte.<\/p>\n","protected":false},"featured_media":12558,"template":"","meta":{"_eb_attr":"","site-sidebar-layout":"default","site-content-layout":"","ast-site-content-layout":"default","site-content-style":"default","site-sidebar-style":"default","ast-global-header-display":"","ast-banner-title-visibility":"","ast-main-header-display":"","ast-hfb-above-header-display":"","ast-hfb-below-header-display":"","ast-hfb-mobile-header-display":"","site-post-title":"","ast-breadcrumbs-content":"","ast-featured-img":"","footer-sml-layout":"","theme-transparent-header-meta":"default","adv-header-id-meta":"","stick-header-meta":"","header-above-stick-meta":"","header-main-stick-meta":"","header-below-stick-meta":"","astra-migrate-meta-layouts":"set","ast-page-background-enabled":"default","ast-page-background-meta":{"desktop":{"background-color":"","background-image":"","background-repeat":"repeat","background-position":"center center","background-size":"auto","background-attachment":"scroll","background-type":"","background-media":"","overlay-type":"","overlay-color":"","overlay-opacity":"","overlay-gradient":""},"tablet":{"background-color":"","background-image":"","background-repeat":"repeat","background-position":"center center","background-size":"auto","background-attachment":"scroll","background-type":"","background-media":"","overlay-type":"","overlay-color":"","overlay-opacity":"","overlay-gradient":""},"mobile":{"background-color":"","background-image":"","background-repeat":"repeat","background-position":"center center","background-size":"auto","background-attachment":"scroll","background-type":"","background-media":"","overlay-type":"","overlay-color":"","overlay-opacity":"","overlay-gradient":""}},"ast-content-background-meta":{"desktop":{"background-color":"var(--ast-global-color-5)","background-image":"","background-repeat":"repeat","background-position":"center center","background-size":"auto","background-attachment":"scroll","background-type":"","background-media":"","overlay-type":"","overlay-color":"","overlay-opacity":"","overlay-gradient":""},"tablet":{"background-color":"var(--ast-global-color-5)","background-image":"","background-repeat":"repeat","background-position":"center center","background-size":"auto","background-attachment":"scroll","background-type":"","background-media":"","overlay-type":"","overlay-color":"","overlay-opacity":"","overlay-gradient":""},"mobile":{"background-color":"var(--ast-global-color-5)","background-image":"","background-repeat":"repeat","background-position":"center center","background-size":"auto","background-attachment":"scroll","background-type":"","background-media":"","overlay-type":"","overlay-color":"","overlay-opacity":"","overlay-gradient":""}}},"product_brand":[],"product_cat":[598],"product_tag":[881,880,669],"class_list":{"0":"post-16173","1":"product","2":"type-product","3":"status-publish","4":"has-post-thumbnail","6":"product_cat-petroleo-gas","7":"product_tag-alambre-y-cable-unipolar-de-alto-frio","8":"product_tag-cables-unipolares","9":"product_tag-hilos-y-cables-de-baja-temperatura","10":"desktop-align-center","11":"tablet-align-left","12":"mobile-align-left","14":"first","15":"instock","16":"shipping-taxable","17":"product-type-simple"},"yoast_head":"<!-- This site is optimized with the Yoast SEO plugin v27.5 - https:\/\/yoast.com\/product\/yoast-seo-wordpress\/ -->\n<title>Cable para equipo de licuefacci\u00f3n de gas natural<\/title>\n<meta name=\"description\" content=\"Los cables de los equipos de licuefacci\u00f3n de gas natural son antioxidantes, de alta conductividad, anticongelantes y resistentes al fr\u00edo.\" \/>\n<meta name=\"robots\" content=\"index, follow, max-snippet:-1, max-image-preview:large, max-video-preview:-1\" \/>\n<link rel=\"canonical\" href=\"https:\/\/www.tstcables.com\/es\/producto\/cable-unipolar-de-alta-temperatura-y-baja-temperatura-copy\/\" \/>\n<meta property=\"og:locale\" content=\"es_ES\" \/>\n<meta property=\"og:type\" content=\"article\" \/>\n<meta property=\"og:title\" content=\"Cable para equipo de licuefacci\u00f3n de gas natural\" \/>\n<meta property=\"og:description\" content=\"Los cables de los equipos de licuefacci\u00f3n de gas natural son antioxidantes, de alta conductividad, anticongelantes y resistentes al fr\u00edo.\" \/>\n<meta property=\"og:url\" content=\"https:\/\/www.tstcables.com\/es\/producto\/cable-unipolar-de-alta-temperatura-y-baja-temperatura-copy\/\" \/>\n<meta property=\"og:site_name\" content=\"TST CABLES supplier &amp; Manufacture\" \/>\n<meta property=\"article:modified_time\" content=\"2024-05-07T02:43:41+00:00\" \/>\n<meta property=\"og:image\" content=\"https:\/\/www.tstcables.com\/wp-content\/uploads\/2024\/03\/3-11.jpg\" \/>\n\t<meta property=\"og:image:width\" content=\"750\" \/>\n\t<meta property=\"og:image:height\" content=\"750\" \/>\n\t<meta property=\"og:image:type\" content=\"image\/jpeg\" \/>\n<meta name=\"twitter:card\" content=\"summary_large_image\" \/>\n<meta name=\"twitter:label1\" content=\"Tiempo de lectura\" \/>\n\t<meta name=\"twitter:data1\" content=\"1 minuto\" \/>\n<script type=\"application\/ld+json\" class=\"yoast-schema-graph\">{\"@context\":\"https:\\\/\\\/schema.org\",\"@graph\":[{\"@type\":\"WebPage\",\"@id\":\"https:\\\/\\\/www.tstcables.com\\\/es\\\/producto\\\/cable-unipolar-de-alta-temperatura-y-baja-temperatura-copy\\\/\",\"url\":\"https:\\\/\\\/www.tstcables.com\\\/es\\\/producto\\\/cable-unipolar-de-alta-temperatura-y-baja-temperatura-copy\\\/\",\"name\":\"Cable para equipo de licuefacci\u00f3n de gas natural\",\"isPartOf\":{\"@id\":\"https:\\\/\\\/www.tstcables.com\\\/es\\\/#website\"},\"primaryImageOfPage\":{\"@id\":\"https:\\\/\\\/www.tstcables.com\\\/es\\\/producto\\\/cable-unipolar-de-alta-temperatura-y-baja-temperatura-copy\\\/#primaryimage\"},\"image\":{\"@id\":\"https:\\\/\\\/www.tstcables.com\\\/es\\\/producto\\\/cable-unipolar-de-alta-temperatura-y-baja-temperatura-copy\\\/#primaryimage\"},\"thumbnailUrl\":\"https:\\\/\\\/www.tstcables.com\\\/wp-content\\\/uploads\\\/2024\\\/03\\\/3-11.jpg\",\"datePublished\":\"2024-04-12T07:20:09+00:00\",\"dateModified\":\"2024-05-07T02:43:41+00:00\",\"description\":\"Los cables de los equipos de licuefacci\u00f3n de gas natural son antioxidantes, de alta conductividad, anticongelantes y resistentes al fr\u00edo.\",\"breadcrumb\":{\"@id\":\"https:\\\/\\\/www.tstcables.com\\\/es\\\/producto\\\/cable-unipolar-de-alta-temperatura-y-baja-temperatura-copy\\\/#breadcrumb\"},\"inLanguage\":\"es\",\"potentialAction\":[{\"@type\":\"ReadAction\",\"target\":[\"https:\\\/\\\/www.tstcables.com\\\/es\\\/producto\\\/cable-unipolar-de-alta-temperatura-y-baja-temperatura-copy\\\/\"]}]},{\"@type\":\"ImageObject\",\"inLanguage\":\"es\",\"@id\":\"https:\\\/\\\/www.tstcables.com\\\/es\\\/producto\\\/cable-unipolar-de-alta-temperatura-y-baja-temperatura-copy\\\/#primaryimage\",\"url\":\"https:\\\/\\\/www.tstcables.com\\\/wp-content\\\/uploads\\\/2024\\\/03\\\/3-11.jpg\",\"contentUrl\":\"https:\\\/\\\/www.tstcables.com\\\/wp-content\\\/uploads\\\/2024\\\/03\\\/3-11.jpg\",\"width\":750,\"height\":750,\"caption\":\"AFPF200 AFPF250 Teflon high temperature shielded cable\"},{\"@type\":\"BreadcrumbList\",\"@id\":\"https:\\\/\\\/www.tstcables.com\\\/es\\\/producto\\\/cable-unipolar-de-alta-temperatura-y-baja-temperatura-copy\\\/#breadcrumb\",\"itemListElement\":[{\"@type\":\"ListItem\",\"position\":1,\"name\":\"\u9996\u9875\",\"item\":\"https:\\\/\\\/www.tstcables.com\\\/es\\\/\"},{\"@type\":\"ListItem\",\"position\":2,\"name\":\"Product\",\"item\":\"https:\\\/\\\/www.tstcables.com\\\/product\\\/\"},{\"@type\":\"ListItem\",\"position\":3,\"name\":\"Cable para equipo de licuefacci\u00f3n de gas natural\"}]},{\"@type\":\"WebSite\",\"@id\":\"https:\\\/\\\/www.tstcables.com\\\/es\\\/#website\",\"url\":\"https:\\\/\\\/www.tstcables.com\\\/es\\\/\",\"name\":\"TST Cable supplier & Manufacture\",\"description\":\"TST CABLES  supplier &amp; Manufacture official website\",\"publisher\":{\"@id\":\"https:\\\/\\\/www.tstcables.com\\\/es\\\/#organization\"},\"potentialAction\":[{\"@type\":\"SearchAction\",\"target\":{\"@type\":\"EntryPoint\",\"urlTemplate\":\"https:\\\/\\\/www.tstcables.com\\\/es\\\/?s={search_term_string}\"},\"query-input\":{\"@type\":\"PropertyValueSpecification\",\"valueRequired\":true,\"valueName\":\"search_term_string\"}}],\"inLanguage\":\"es\"},{\"@type\":\"Organization\",\"@id\":\"https:\\\/\\\/www.tstcables.com\\\/es\\\/#organization\",\"name\":\"TST Cable supplier & Manufacture\",\"url\":\"https:\\\/\\\/www.tstcables.com\\\/es\\\/\",\"logo\":{\"@type\":\"ImageObject\",\"inLanguage\":\"es\",\"@id\":\"https:\\\/\\\/www.tstcables.com\\\/es\\\/#\\\/schema\\\/logo\\\/image\\\/\",\"url\":\"https:\\\/\\\/www.tstcables.com\\\/wp-content\\\/uploads\\\/2024\\\/04\\\/cropped-\u753b\u677f-1-\u62f7\u8d1d-4-1.png\",\"contentUrl\":\"https:\\\/\\\/www.tstcables.com\\\/wp-content\\\/uploads\\\/2024\\\/04\\\/cropped-\u753b\u677f-1-\u62f7\u8d1d-4-1.png\",\"width\":300,\"height\":100,\"caption\":\"TST Cable supplier & Manufacture\"},\"image\":{\"@id\":\"https:\\\/\\\/www.tstcables.com\\\/es\\\/#\\\/schema\\\/logo\\\/image\\\/\"}}]}<\/script>\n<!-- \/ Yoast SEO plugin. -->","yoast_head_json":{"title":"Cable para equipo de licuefacci\u00f3n de gas natural","description":"Los cables de los equipos de licuefacci\u00f3n de gas natural son antioxidantes, de alta conductividad, anticongelantes y resistentes al fr\u00edo.","robots":{"index":"index","follow":"follow","max-snippet":"max-snippet:-1","max-image-preview":"max-image-preview:large","max-video-preview":"max-video-preview:-1"},"canonical":"https:\/\/www.tstcables.com\/es\/producto\/cable-unipolar-de-alta-temperatura-y-baja-temperatura-copy\/","og_locale":"es_ES","og_type":"article","og_title":"Cable para equipo de licuefacci\u00f3n de gas natural","og_description":"Los cables de los equipos de licuefacci\u00f3n de gas natural son antioxidantes, de alta conductividad, anticongelantes y resistentes al fr\u00edo.","og_url":"https:\/\/www.tstcables.com\/es\/producto\/cable-unipolar-de-alta-temperatura-y-baja-temperatura-copy\/","og_site_name":"TST CABLES supplier &amp; Manufacture","article_modified_time":"2024-05-07T02:43:41+00:00","og_image":[{"width":750,"height":750,"url":"https:\/\/www.tstcables.com\/wp-content\/uploads\/2024\/03\/3-11.jpg","type":"image\/jpeg"}],"twitter_card":"summary_large_image","twitter_misc":{"Tiempo de lectura":"1 minuto"},"schema":{"@context":"https:\/\/schema.org","@graph":[{"@type":"WebPage","@id":"https:\/\/www.tstcables.com\/es\/producto\/cable-unipolar-de-alta-temperatura-y-baja-temperatura-copy\/","url":"https:\/\/www.tstcables.com\/es\/producto\/cable-unipolar-de-alta-temperatura-y-baja-temperatura-copy\/","name":"Cable para equipo de licuefacci\u00f3n de gas natural","isPartOf":{"@id":"https:\/\/www.tstcables.com\/es\/#website"},"primaryImageOfPage":{"@id":"https:\/\/www.tstcables.com\/es\/producto\/cable-unipolar-de-alta-temperatura-y-baja-temperatura-copy\/#primaryimage"},"image":{"@id":"https:\/\/www.tstcables.com\/es\/producto\/cable-unipolar-de-alta-temperatura-y-baja-temperatura-copy\/#primaryimage"},"thumbnailUrl":"https:\/\/www.tstcables.com\/wp-content\/uploads\/2024\/03\/3-11.jpg","datePublished":"2024-04-12T07:20:09+00:00","dateModified":"2024-05-07T02:43:41+00:00","description":"Los cables de los equipos de licuefacci\u00f3n de gas natural son antioxidantes, de alta conductividad, anticongelantes y resistentes al fr\u00edo.","breadcrumb":{"@id":"https:\/\/www.tstcables.com\/es\/producto\/cable-unipolar-de-alta-temperatura-y-baja-temperatura-copy\/#breadcrumb"},"inLanguage":"es","potentialAction":[{"@type":"ReadAction","target":["https:\/\/www.tstcables.com\/es\/producto\/cable-unipolar-de-alta-temperatura-y-baja-temperatura-copy\/"]}]},{"@type":"ImageObject","inLanguage":"es","@id":"https:\/\/www.tstcables.com\/es\/producto\/cable-unipolar-de-alta-temperatura-y-baja-temperatura-copy\/#primaryimage","url":"https:\/\/www.tstcables.com\/wp-content\/uploads\/2024\/03\/3-11.jpg","contentUrl":"https:\/\/www.tstcables.com\/wp-content\/uploads\/2024\/03\/3-11.jpg","width":750,"height":750,"caption":"AFPF200 AFPF250 Teflon high temperature shielded cable"},{"@type":"BreadcrumbList","@id":"https:\/\/www.tstcables.com\/es\/producto\/cable-unipolar-de-alta-temperatura-y-baja-temperatura-copy\/#breadcrumb","itemListElement":[{"@type":"ListItem","position":1,"name":"\u9996\u9875","item":"https:\/\/www.tstcables.com\/es\/"},{"@type":"ListItem","position":2,"name":"Product","item":"https:\/\/www.tstcables.com\/product\/"},{"@type":"ListItem","position":3,"name":"Cable para equipo de licuefacci\u00f3n de gas natural"}]},{"@type":"WebSite","@id":"https:\/\/www.tstcables.com\/es\/#website","url":"https:\/\/www.tstcables.com\/es\/","name":"TST Cable supplier & Manufacture","description":"TST CABLES  supplier &amp; Manufacture official website","publisher":{"@id":"https:\/\/www.tstcables.com\/es\/#organization"},"potentialAction":[{"@type":"SearchAction","target":{"@type":"EntryPoint","urlTemplate":"https:\/\/www.tstcables.com\/es\/?s={search_term_string}"},"query-input":{"@type":"PropertyValueSpecification","valueRequired":true,"valueName":"search_term_string"}}],"inLanguage":"es"},{"@type":"Organization","@id":"https:\/\/www.tstcables.com\/es\/#organization","name":"TST Cable supplier & Manufacture","url":"https:\/\/www.tstcables.com\/es\/","logo":{"@type":"ImageObject","inLanguage":"es","@id":"https:\/\/www.tstcables.com\/es\/#\/schema\/logo\/image\/","url":"https:\/\/www.tstcables.com\/wp-content\/uploads\/2024\/04\/cropped-\u753b\u677f-1-\u62f7\u8d1d-4-1.png","contentUrl":"https:\/\/www.tstcables.com\/wp-content\/uploads\/2024\/04\/cropped-\u753b\u677f-1-\u62f7\u8d1d-4-1.png","width":300,"height":100,"caption":"TST Cable supplier & Manufacture"},"image":{"@id":"https:\/\/www.tstcables.com\/es\/#\/schema\/logo\/image\/"}}]}},"_links":{"self":[{"href":"https:\/\/www.tstcables.com\/es\/wp-json\/wp\/v2\/product\/16173","targetHints":{"allow":["GET"]}}],"collection":[{"href":"https:\/\/www.tstcables.com\/es\/wp-json\/wp\/v2\/product"}],"about":[{"href":"https:\/\/www.tstcables.com\/es\/wp-json\/wp\/v2\/types\/product"}],"version-history":[{"count":0,"href":"https:\/\/www.tstcables.com\/es\/wp-json\/wp\/v2\/product\/16173\/revisions"}],"wp:featuredmedia":[{"embeddable":true,"href":"https:\/\/www.tstcables.com\/es\/wp-json\/wp\/v2\/media\/12558"}],"wp:attachment":[{"href":"https:\/\/www.tstcables.com\/es\/wp-json\/wp\/v2\/media?parent=16173"}],"wp:term":[{"taxonomy":"product_brand","embeddable":true,"href":"https:\/\/www.tstcables.com\/es\/wp-json\/wp\/v2\/product_brand?post=16173"},{"taxonomy":"product_cat","embeddable":true,"href":"https:\/\/www.tstcables.com\/es\/wp-json\/wp\/v2\/product_cat?post=16173"},{"taxonomy":"product_tag","embeddable":true,"href":"https:\/\/www.tstcables.com\/es\/wp-json\/wp\/v2\/product_tag?post=16173"}],"curies":[{"name":"wp","href":"https:\/\/api.w.org\/{rel}","templated":true}]}}