{"id":16262,"date":"2024-04-13T10:09:43","date_gmt":"2024-04-13T02:09:43","guid":{"rendered":"https:\/\/www.tstcables.com\/?post_type=product&#038;p=16262"},"modified":"2024-05-07T10:38:38","modified_gmt":"2024-05-07T02:38:38","slug":"cable-mvb-bus-de-tren-multifuncional-copy","status":"publish","type":"product","link":"https:\/\/www.tstcables.com\/es\/producto\/cable-mvb-bus-de-tren-multifuncional-copy\/","title":{"rendered":"Cable del sistema de adquisici\u00f3n de datos de energ\u00eda e\u00f3lica."},"content":{"rendered":"<p>Aplicaci\u00f3n\uff1a<\/p>\n<p>Sistema de adquisici\u00f3n de datos de energ\u00eda e\u00f3lica<\/p>\n<p>Caracter\u00edstica\uff1a<\/p>\n<ul>\n<li>Tensi\u00f3n nominal: 300 V CA<\/li>\n<li>Gama de temperaturas: -40\u00b0C a 90\u00b0C<\/li>\n<li>Radio de curvatura: 6D (D se refiere al di\u00e1metro exterior del cable)<\/li>\n<li>Capacitancia de funcionamiento: &lt;46pF\/m (1,0MHz)<\/li>\n<li>Impedancia de transferencia: &lt;20m\u03a9\/m (20MHz)<\/li>\n<\/ul>\n<p>Estructura\uff1a<\/p>\n<ul>\n<li>Conductor: Conductor de cobre esta\u00f1ado, estructura de clase 5.<\/li>\n<li>Aislamiento: Material aislante de polietileno.<\/li>\n<li>Cinta de poli\u00e9ster.<\/li>\n<li>Cinta compuesta de aluminio y pl\u00e1stico.<\/li>\n<\/ul>\n<p>Par\u00e1metro de selecci\u00f3n<\/p>\n<table class=\"tg\">\n<thead>\n<tr>\n<th class=\"tg-949j\" rowspan=\"2\">Especificaciones del modelo<\/th>\n<th class=\"tg-949j\" rowspan=\"2\">Di\u00e1metro del conductor \uff08mm\uff09<\/th>\n<th class=\"tg-949j\" rowspan=\"2\">Di\u00e1metro del aislamiento \uff08mm\uff09<\/th>\n<th class=\"tg-949j\">Di\u00e1metro exterior\uff08D\uff09<\/th>\n<\/tr>\n<tr>\n<th class=\"tg-949j\">M\u00edn.mm<\/th>\n<\/tr>\n<\/thead>\n<tbody>\n<tr>\n<td class=\"tg-949j\">2\u00d70,5(Tipo s\u00f3lido)<\/td>\n<td class=\"tg-grqh\">0.9<\/td>\n<td class=\"tg-grqh\">3.3<\/td>\n<td class=\"tg-grqh\">8.5<\/td>\n<\/tr>\n<tr>\n<td class=\"tg-949j\">2\u00d70,5 (tipo espuma)<\/td>\n<td class=\"tg-grqh\">0.9<\/td>\n<td class=\"tg-grqh\">2.4<\/td>\n<td class=\"tg-grqh\">6.7<\/td>\n<\/tr>\n<tr>\n<td class=\"tg-949j\">2\u00d70,75 (tipo espuma)<\/td>\n<td class=\"tg-grqh\">1.15<\/td>\n<td class=\"tg-grqh\">3.3<\/td>\n<td class=\"tg-grqh\">8.5<\/td>\n<\/tr>\n<tr>\n<td class=\"tg-949j\">2\u00d70,75(Tipo s\u00f3lido)<\/td>\n<td class=\"tg-grqh\">1.15<\/td>\n<td class=\"tg-grqh\">4.2<\/td>\n<td class=\"tg-grqh\">10.3<\/td>\n<\/tr>\n<\/tbody>\n<\/table>\n","protected":false},"excerpt":{"rendered":"<p>Los cables del sistema de adquisici\u00f3n de datos de energ\u00eda e\u00f3lica son resistentes a la tracci\u00f3n y al desgaste y se adaptan a entornos hostiles. Son una parte importante del sistema de energ\u00eda e\u00f3lica y son responsables de transmitir datos desde diversos sensores y equipos como anem\u00f3metros, turbinas e\u00f3licas y convertidores de potencia al sistema de control y adquisici\u00f3n de datos.<\/p>\n","protected":false},"featured_media":12486,"template":"","meta":{"_eb_attr":"","site-sidebar-layout":"default","site-content-layout":"","ast-site-content-layout":"default","site-content-style":"default","site-sidebar-style":"default","ast-global-header-display":"","ast-banner-title-visibility":"","ast-main-header-display":"","ast-hfb-above-header-display":"","ast-hfb-below-header-display":"","ast-hfb-mobile-header-display":"","site-post-title":"","ast-breadcrumbs-content":"","ast-featured-img":"","footer-sml-layout":"","theme-transparent-header-meta":"default","adv-header-id-meta":"","stick-header-meta":"","header-above-stick-meta":"","header-main-stick-meta":"","header-below-stick-meta":"","astra-migrate-meta-layouts":"set","ast-page-background-enabled":"default","ast-page-background-meta":{"desktop":{"background-color":"","background-image":"","background-repeat":"repeat","background-position":"center center","background-size":"auto","background-attachment":"scroll","background-type":"","background-media":"","overlay-type":"","overlay-color":"","overlay-opacity":"","overlay-gradient":""},"tablet":{"background-color":"","background-image":"","background-repeat":"repeat","background-position":"center center","background-size":"auto","background-attachment":"scroll","background-type":"","background-media":"","overlay-type":"","overlay-color":"","overlay-opacity":"","overlay-gradient":""},"mobile":{"background-color":"","background-image":"","background-repeat":"repeat","background-position":"center center","background-size":"auto","background-attachment":"scroll","background-type":"","background-media":"","overlay-type":"","overlay-color":"","overlay-opacity":"","overlay-gradient":""}},"ast-content-background-meta":{"desktop":{"background-color":"var(--ast-global-color-5)","background-image":"","background-repeat":"repeat","background-position":"center center","background-size":"auto","background-attachment":"scroll","background-type":"","background-media":"","overlay-type":"","overlay-color":"","overlay-opacity":"","overlay-gradient":""},"tablet":{"background-color":"var(--ast-global-color-5)","background-image":"","background-repeat":"repeat","background-position":"center center","background-size":"auto","background-attachment":"scroll","background-type":"","background-media":"","overlay-type":"","overlay-color":"","overlay-opacity":"","overlay-gradient":""},"mobile":{"background-color":"var(--ast-global-color-5)","background-image":"","background-repeat":"repeat","background-position":"center center","background-size":"auto","background-attachment":"scroll","background-type":"","background-media":"","overlay-type":"","overlay-color":"","overlay-opacity":"","overlay-gradient":""}}},"product_brand":[],"product_cat":[610],"product_tag":[665],"class_list":{"0":"post-16262","1":"product","2":"type-product","3":"status-publish","4":"has-post-thumbnail","6":"product_cat-energia-eolica","7":"product_tag-cable-mvb-bus-de-tren-multifuncional","8":"desktop-align-center","9":"tablet-align-left","10":"mobile-align-left","12":"first","13":"instock","14":"shipping-taxable","15":"product-type-simple"},"yoast_head":"<!-- This site is optimized with the Yoast SEO plugin v27.5 - https:\/\/yoast.com\/product\/yoast-seo-wordpress\/ -->\n<title>Cable del sistema de adquisici\u00f3n de datos de energ\u00eda e\u00f3lica.<\/title>\n<meta name=\"description\" content=\"Los cables del sistema de adquisici\u00f3n de datos de energ\u00eda e\u00f3lica son resistentes a la tracci\u00f3n y al desgaste y se adaptan a entornos hostiles.\" \/>\n<meta name=\"robots\" content=\"index, follow, max-snippet:-1, max-image-preview:large, max-video-preview:-1\" \/>\n<link rel=\"canonical\" href=\"https:\/\/www.tstcables.com\/es\/producto\/cable-mvb-bus-de-tren-multifuncional-copy\/\" \/>\n<meta property=\"og:locale\" content=\"es_ES\" \/>\n<meta property=\"og:type\" content=\"article\" \/>\n<meta property=\"og:title\" content=\"Cable del sistema de adquisici\u00f3n de datos de energ\u00eda e\u00f3lica.\" \/>\n<meta property=\"og:description\" content=\"Los cables del sistema de adquisici\u00f3n de datos de energ\u00eda e\u00f3lica son resistentes a la tracci\u00f3n y al desgaste y se adaptan a entornos hostiles.\" \/>\n<meta property=\"og:url\" content=\"https:\/\/www.tstcables.com\/es\/producto\/cable-mvb-bus-de-tren-multifuncional-copy\/\" \/>\n<meta property=\"og:site_name\" content=\"TST CABLES supplier &amp; Manufacture\" \/>\n<meta property=\"article:modified_time\" content=\"2024-05-07T02:38:38+00:00\" \/>\n<meta property=\"og:image\" content=\"https:\/\/www.tstcables.com\/wp-content\/uploads\/2024\/03\/WTB-6.jpg\" \/>\n\t<meta property=\"og:image:width\" content=\"640\" \/>\n\t<meta property=\"og:image:height\" content=\"640\" \/>\n\t<meta property=\"og:image:type\" content=\"image\/jpeg\" \/>\n<meta name=\"twitter:card\" content=\"summary_large_image\" \/>\n<meta name=\"twitter:label1\" content=\"Tiempo de lectura\" \/>\n\t<meta name=\"twitter:data1\" content=\"1 minuto\" \/>\n<script type=\"application\/ld+json\" class=\"yoast-schema-graph\">{\"@context\":\"https:\\\/\\\/schema.org\",\"@graph\":[{\"@type\":\"WebPage\",\"@id\":\"https:\\\/\\\/www.tstcables.com\\\/es\\\/producto\\\/cable-mvb-bus-de-tren-multifuncional-copy\\\/\",\"url\":\"https:\\\/\\\/www.tstcables.com\\\/es\\\/producto\\\/cable-mvb-bus-de-tren-multifuncional-copy\\\/\",\"name\":\"Cable del sistema de adquisici\u00f3n de datos de energ\u00eda e\u00f3lica.\",\"isPartOf\":{\"@id\":\"https:\\\/\\\/www.tstcables.com\\\/es\\\/#website\"},\"primaryImageOfPage\":{\"@id\":\"https:\\\/\\\/www.tstcables.com\\\/es\\\/producto\\\/cable-mvb-bus-de-tren-multifuncional-copy\\\/#primaryimage\"},\"image\":{\"@id\":\"https:\\\/\\\/www.tstcables.com\\\/es\\\/producto\\\/cable-mvb-bus-de-tren-multifuncional-copy\\\/#primaryimage\"},\"thumbnailUrl\":\"https:\\\/\\\/www.tstcables.com\\\/wp-content\\\/uploads\\\/2024\\\/03\\\/WTB-6.jpg\",\"datePublished\":\"2024-04-13T02:09:43+00:00\",\"dateModified\":\"2024-05-07T02:38:38+00:00\",\"description\":\"Los cables del sistema de adquisici\u00f3n de datos de energ\u00eda e\u00f3lica son resistentes a la tracci\u00f3n y al desgaste y se adaptan a entornos hostiles.\",\"breadcrumb\":{\"@id\":\"https:\\\/\\\/www.tstcables.com\\\/es\\\/producto\\\/cable-mvb-bus-de-tren-multifuncional-copy\\\/#breadcrumb\"},\"inLanguage\":\"es\",\"potentialAction\":[{\"@type\":\"ReadAction\",\"target\":[\"https:\\\/\\\/www.tstcables.com\\\/es\\\/producto\\\/cable-mvb-bus-de-tren-multifuncional-copy\\\/\"]}]},{\"@type\":\"ImageObject\",\"inLanguage\":\"es\",\"@id\":\"https:\\\/\\\/www.tstcables.com\\\/es\\\/producto\\\/cable-mvb-bus-de-tren-multifuncional-copy\\\/#primaryimage\",\"url\":\"https:\\\/\\\/www.tstcables.com\\\/wp-content\\\/uploads\\\/2024\\\/03\\\/WTB-6.jpg\",\"contentUrl\":\"https:\\\/\\\/www.tstcables.com\\\/wp-content\\\/uploads\\\/2024\\\/03\\\/WTB-6.jpg\",\"width\":640,\"height\":640,\"caption\":\"Multifunctional integrated Wire Cable\"},{\"@type\":\"BreadcrumbList\",\"@id\":\"https:\\\/\\\/www.tstcables.com\\\/es\\\/producto\\\/cable-mvb-bus-de-tren-multifuncional-copy\\\/#breadcrumb\",\"itemListElement\":[{\"@type\":\"ListItem\",\"position\":1,\"name\":\"\u9996\u9875\",\"item\":\"https:\\\/\\\/www.tstcables.com\\\/es\\\/\"},{\"@type\":\"ListItem\",\"position\":2,\"name\":\"Product\",\"item\":\"https:\\\/\\\/www.tstcables.com\\\/product\\\/\"},{\"@type\":\"ListItem\",\"position\":3,\"name\":\"Cable del sistema de adquisici\u00f3n de datos de energ\u00eda e\u00f3lica.\"}]},{\"@type\":\"WebSite\",\"@id\":\"https:\\\/\\\/www.tstcables.com\\\/es\\\/#website\",\"url\":\"https:\\\/\\\/www.tstcables.com\\\/es\\\/\",\"name\":\"TST Cable supplier & Manufacture\",\"description\":\"TST CABLES  supplier &amp; Manufacture official website\",\"publisher\":{\"@id\":\"https:\\\/\\\/www.tstcables.com\\\/es\\\/#organization\"},\"potentialAction\":[{\"@type\":\"SearchAction\",\"target\":{\"@type\":\"EntryPoint\",\"urlTemplate\":\"https:\\\/\\\/www.tstcables.com\\\/es\\\/?s={search_term_string}\"},\"query-input\":{\"@type\":\"PropertyValueSpecification\",\"valueRequired\":true,\"valueName\":\"search_term_string\"}}],\"inLanguage\":\"es\"},{\"@type\":\"Organization\",\"@id\":\"https:\\\/\\\/www.tstcables.com\\\/es\\\/#organization\",\"name\":\"TST Cable supplier & Manufacture\",\"url\":\"https:\\\/\\\/www.tstcables.com\\\/es\\\/\",\"logo\":{\"@type\":\"ImageObject\",\"inLanguage\":\"es\",\"@id\":\"https:\\\/\\\/www.tstcables.com\\\/es\\\/#\\\/schema\\\/logo\\\/image\\\/\",\"url\":\"https:\\\/\\\/www.tstcables.com\\\/wp-content\\\/uploads\\\/2024\\\/04\\\/cropped-\u753b\u677f-1-\u62f7\u8d1d-4-1.png\",\"contentUrl\":\"https:\\\/\\\/www.tstcables.com\\\/wp-content\\\/uploads\\\/2024\\\/04\\\/cropped-\u753b\u677f-1-\u62f7\u8d1d-4-1.png\",\"width\":300,\"height\":100,\"caption\":\"TST Cable supplier & Manufacture\"},\"image\":{\"@id\":\"https:\\\/\\\/www.tstcables.com\\\/es\\\/#\\\/schema\\\/logo\\\/image\\\/\"}}]}<\/script>\n<!-- \/ Yoast SEO plugin. -->","yoast_head_json":{"title":"Cable del sistema de adquisici\u00f3n de datos de energ\u00eda e\u00f3lica.","description":"Los cables del sistema de adquisici\u00f3n de datos de energ\u00eda e\u00f3lica son resistentes a la tracci\u00f3n y al desgaste y se adaptan a entornos hostiles.","robots":{"index":"index","follow":"follow","max-snippet":"max-snippet:-1","max-image-preview":"max-image-preview:large","max-video-preview":"max-video-preview:-1"},"canonical":"https:\/\/www.tstcables.com\/es\/producto\/cable-mvb-bus-de-tren-multifuncional-copy\/","og_locale":"es_ES","og_type":"article","og_title":"Cable del sistema de adquisici\u00f3n de datos de energ\u00eda e\u00f3lica.","og_description":"Los cables del sistema de adquisici\u00f3n de datos de energ\u00eda e\u00f3lica son resistentes a la tracci\u00f3n y al desgaste y se adaptan a entornos hostiles.","og_url":"https:\/\/www.tstcables.com\/es\/producto\/cable-mvb-bus-de-tren-multifuncional-copy\/","og_site_name":"TST CABLES supplier &amp; Manufacture","article_modified_time":"2024-05-07T02:38:38+00:00","og_image":[{"width":640,"height":640,"url":"https:\/\/www.tstcables.com\/wp-content\/uploads\/2024\/03\/WTB-6.jpg","type":"image\/jpeg"}],"twitter_card":"summary_large_image","twitter_misc":{"Tiempo de lectura":"1 minuto"},"schema":{"@context":"https:\/\/schema.org","@graph":[{"@type":"WebPage","@id":"https:\/\/www.tstcables.com\/es\/producto\/cable-mvb-bus-de-tren-multifuncional-copy\/","url":"https:\/\/www.tstcables.com\/es\/producto\/cable-mvb-bus-de-tren-multifuncional-copy\/","name":"Cable del sistema de adquisici\u00f3n de datos de energ\u00eda e\u00f3lica.","isPartOf":{"@id":"https:\/\/www.tstcables.com\/es\/#website"},"primaryImageOfPage":{"@id":"https:\/\/www.tstcables.com\/es\/producto\/cable-mvb-bus-de-tren-multifuncional-copy\/#primaryimage"},"image":{"@id":"https:\/\/www.tstcables.com\/es\/producto\/cable-mvb-bus-de-tren-multifuncional-copy\/#primaryimage"},"thumbnailUrl":"https:\/\/www.tstcables.com\/wp-content\/uploads\/2024\/03\/WTB-6.jpg","datePublished":"2024-04-13T02:09:43+00:00","dateModified":"2024-05-07T02:38:38+00:00","description":"Los cables del sistema de adquisici\u00f3n de datos de energ\u00eda e\u00f3lica son resistentes a la tracci\u00f3n y al desgaste y se adaptan a entornos hostiles.","breadcrumb":{"@id":"https:\/\/www.tstcables.com\/es\/producto\/cable-mvb-bus-de-tren-multifuncional-copy\/#breadcrumb"},"inLanguage":"es","potentialAction":[{"@type":"ReadAction","target":["https:\/\/www.tstcables.com\/es\/producto\/cable-mvb-bus-de-tren-multifuncional-copy\/"]}]},{"@type":"ImageObject","inLanguage":"es","@id":"https:\/\/www.tstcables.com\/es\/producto\/cable-mvb-bus-de-tren-multifuncional-copy\/#primaryimage","url":"https:\/\/www.tstcables.com\/wp-content\/uploads\/2024\/03\/WTB-6.jpg","contentUrl":"https:\/\/www.tstcables.com\/wp-content\/uploads\/2024\/03\/WTB-6.jpg","width":640,"height":640,"caption":"Multifunctional integrated Wire Cable"},{"@type":"BreadcrumbList","@id":"https:\/\/www.tstcables.com\/es\/producto\/cable-mvb-bus-de-tren-multifuncional-copy\/#breadcrumb","itemListElement":[{"@type":"ListItem","position":1,"name":"\u9996\u9875","item":"https:\/\/www.tstcables.com\/es\/"},{"@type":"ListItem","position":2,"name":"Product","item":"https:\/\/www.tstcables.com\/product\/"},{"@type":"ListItem","position":3,"name":"Cable del sistema de adquisici\u00f3n de datos de energ\u00eda e\u00f3lica."}]},{"@type":"WebSite","@id":"https:\/\/www.tstcables.com\/es\/#website","url":"https:\/\/www.tstcables.com\/es\/","name":"TST Cable supplier & Manufacture","description":"TST CABLES  supplier &amp; Manufacture official website","publisher":{"@id":"https:\/\/www.tstcables.com\/es\/#organization"},"potentialAction":[{"@type":"SearchAction","target":{"@type":"EntryPoint","urlTemplate":"https:\/\/www.tstcables.com\/es\/?s={search_term_string}"},"query-input":{"@type":"PropertyValueSpecification","valueRequired":true,"valueName":"search_term_string"}}],"inLanguage":"es"},{"@type":"Organization","@id":"https:\/\/www.tstcables.com\/es\/#organization","name":"TST Cable supplier & Manufacture","url":"https:\/\/www.tstcables.com\/es\/","logo":{"@type":"ImageObject","inLanguage":"es","@id":"https:\/\/www.tstcables.com\/es\/#\/schema\/logo\/image\/","url":"https:\/\/www.tstcables.com\/wp-content\/uploads\/2024\/04\/cropped-\u753b\u677f-1-\u62f7\u8d1d-4-1.png","contentUrl":"https:\/\/www.tstcables.com\/wp-content\/uploads\/2024\/04\/cropped-\u753b\u677f-1-\u62f7\u8d1d-4-1.png","width":300,"height":100,"caption":"TST Cable supplier & Manufacture"},"image":{"@id":"https:\/\/www.tstcables.com\/es\/#\/schema\/logo\/image\/"}}]}},"_links":{"self":[{"href":"https:\/\/www.tstcables.com\/es\/wp-json\/wp\/v2\/product\/16262","targetHints":{"allow":["GET"]}}],"collection":[{"href":"https:\/\/www.tstcables.com\/es\/wp-json\/wp\/v2\/product"}],"about":[{"href":"https:\/\/www.tstcables.com\/es\/wp-json\/wp\/v2\/types\/product"}],"version-history":[{"count":0,"href":"https:\/\/www.tstcables.com\/es\/wp-json\/wp\/v2\/product\/16262\/revisions"}],"wp:featuredmedia":[{"embeddable":true,"href":"https:\/\/www.tstcables.com\/es\/wp-json\/wp\/v2\/media\/12486"}],"wp:attachment":[{"href":"https:\/\/www.tstcables.com\/es\/wp-json\/wp\/v2\/media?parent=16262"}],"wp:term":[{"taxonomy":"product_brand","embeddable":true,"href":"https:\/\/www.tstcables.com\/es\/wp-json\/wp\/v2\/product_brand?post=16262"},{"taxonomy":"product_cat","embeddable":true,"href":"https:\/\/www.tstcables.com\/es\/wp-json\/wp\/v2\/product_cat?post=16262"},{"taxonomy":"product_tag","embeddable":true,"href":"https:\/\/www.tstcables.com\/es\/wp-json\/wp\/v2\/product_tag?post=16262"}],"curies":[{"name":"wp","href":"https:\/\/api.w.org\/{rel}","templated":true}]}}