{"id":16298,"date":"2024-04-13T10:46:50","date_gmt":"2024-04-13T02:46:50","guid":{"rendered":"https:\/\/www.tstcables.com\/?post_type=product&#038;p=16298"},"modified":"2024-05-07T10:30:06","modified_gmt":"2024-05-07T02:30:06","slug":"cable-coaxial-de-50%cf%89-75%cf%89-copy","status":"publish","type":"product","link":"https:\/\/www.tstcables.com\/es\/producto\/cable-coaxial-de-50%cf%89-75%cf%89-copy\/","title":{"rendered":"Hilos y cables ign\u00edfugos sin hal\u00f3genos y con baja emisi\u00f3n de humos"},"content":{"rendered":"<p>Caracter\u00edstica\uff1a<\/p>\n<ul>\n<li>Gama de temperaturas: -40\u00b0C a 90\u00b0C<\/li>\n<li>Radio de curvatura: 6D (D se refiere al di\u00e1metro exterior del cable)<\/li>\n<li>Tasa de transmisi\u00f3n (%): 66%<\/li>\n<\/ul>\n<p>Estructura\uff1a<\/p>\n<ul>\n<li>Conductor: Cobre esta\u00f1ado o cobre desnudo.<\/li>\n<li>Aislamiento: Polietileno.<\/li>\n<li>Trenzado.<\/li>\n<li>Cubierta: Poliolefina reticulada irradiada.<\/li>\n<\/ul>\n<p>Par\u00e1metro de selecci\u00f3n<\/p>\n<table class=\"tg\">\n<tbody>\n<tr>\n<td class=\"tg-c3ow\" rowspan=\"2\">Especificaciones del modelo<\/td>\n<td class=\"tg-c3ow\" rowspan=\"2\"><span style=\"color: #000;\">N\u00famero de conductores interiores * di\u00e1metro\uff08mm\uff09<\/span><\/td>\n<td class=\"tg-c3ow\" rowspan=\"2\"><span style=\"color: #000;\">Di\u00e1metro del aislamiento \uff08mm\uff09<\/span><\/td>\n<td class=\"tg-c3ow\" colspan=\"2\">Conductor exterior<\/td>\n<td class=\"tg-c3ow\" colspan=\"2\"><span style=\"color: #000;\">Di\u00e1metro exterior\uff08D\uff09<\/span><\/td>\n<td class=\"tg-baqh\" rowspan=\"2\"><span style=\"color: #000;\">Impedancia(\u03a9)<\/span><\/td>\n<td class=\"tg-baqh\" rowspan=\"2\"><span style=\"color: #000;\">Atenuaci\u00f3n dB\/m<\/span><\/td>\n<\/tr>\n<tr>\n<td class=\"tg-c3ow\">Material<\/td>\n<td class=\"tg-c3ow\"><span style=\"color: #000;\">Di\u00e1metro del cable trenzadomm<\/span><\/td>\n<td class=\"tg-c3ow\"><span style=\"color: #000;\">M\u00edn.mm<\/span><\/td>\n<td class=\"tg-c3ow\"><span style=\"color: #000;\">M\u00e1x.mm<\/span><\/td>\n<\/tr>\n<tr>\n<td class=\"tg-c3ow\"><span style=\"color: #000;\">SYYZ-50-2-1<\/span><\/td>\n<td class=\"tg-c3ow\"><span style=\"color: #000;\">7&#215;0,16cobre desnudo<\/span><\/td>\n<td class=\"tg-c3ow\"><span style=\"color: #000;\">1.5\u00b10.1<\/span><\/td>\n<td class=\"tg-c3ow\">cobre desnudo<\/td>\n<td class=\"tg-c3ow\"><span style=\"color: #000;\">0.1<\/span><\/td>\n<td class=\"tg-c3ow\"><span style=\"color: #000;\">2.6<\/span><\/td>\n<td class=\"tg-c3ow\"><span style=\"color: #000;\">3<\/span><\/td>\n<td class=\"tg-baqh\"><span style=\"color: #000;\">50\u00b12<\/span><\/td>\n<td class=\"tg-baqh\"><span style=\"color: #000;\">200MHz\u22640.45<\/span><\/td>\n<\/tr>\n<tr>\n<td class=\"tg-baqh\"><span style=\"color: #000;\">SYYZ-50-3-1<\/span><\/td>\n<td class=\"tg-baqh\"><span style=\"color: #000;\">7&#215;0,32cobre desnudo<\/span><\/td>\n<td class=\"tg-baqh\"><span style=\"color: #000;\">2.95\u00b10.1<\/span><br \/>\n<span style=\"color: #000;\">3<\/span><\/td>\n<td class=\"tg-baqh\">cobre desnudo<\/td>\n<td class=\"tg-baqh\"><span style=\"color: #000;\">0.15<\/span><\/td>\n<td class=\"tg-baqh\"><span style=\"color: #000;\">4.8<\/span><\/td>\n<td class=\"tg-baqh\"><span style=\"color: #000;\">5.2<\/span><\/td>\n<td class=\"tg-baqh\"><span style=\"color: #000;\">50\u00b12<\/span><\/td>\n<td class=\"tg-baqh\"><span style=\"color: #000;\">200MHz\u22640.24<\/span><\/td>\n<\/tr>\n<tr>\n<td class=\"tg-baqh\"><span style=\"color: #000;\">SYYZ-50-5-1<\/span><\/td>\n<td class=\"tg-baqh\"><span style=\"color: #000;\">1&#215;1,4bare cobre<\/span><\/td>\n<td class=\"tg-baqh\"><span style=\"color: #000;\">4.8\u00b10.2<\/span><\/td>\n<td class=\"tg-baqh\">cobre desnudo<\/td>\n<td class=\"tg-baqh\"><span style=\"color: #000;\">0.15<\/span><\/td>\n<td class=\"tg-baqh\"><span style=\"color: #000;\">6.9<\/span><\/td>\n<td class=\"tg-baqh\"><span style=\"color: #000;\">7.5<\/span><\/td>\n<td class=\"tg-baqh\"><span style=\"color: #000;\">50\u00b12<\/span><\/td>\n<td class=\"tg-baqh\"><span style=\"color: #000;\">200MHz\u22640.15<\/span><\/td>\n<\/tr>\n<tr>\n<td class=\"tg-baqh\"><span style=\"color: #000;\">SYYZ-50-7-2<\/span><\/td>\n<td class=\"tg-baqh\"><span style=\"color: #000;\">7&#215;0,75cobre desnudo<\/span><\/td>\n<td class=\"tg-baqh\"><span style=\"color: #000;\">7.25\u00b10.2<\/span><br \/>\n<span style=\"color: #000;\">5<\/span><\/td>\n<td class=\"tg-baqh\">cobre desnudo<\/td>\n<td class=\"tg-baqh\"><span style=\"color: #000;\">0.18<\/span><\/td>\n<td class=\"tg-baqh\"><span style=\"color: #000;\">10<\/span><\/td>\n<td class=\"tg-baqh\"><span style=\"color: #000;\">10.6<\/span><\/td>\n<td class=\"tg-baqh\"><span style=\"color: #000;\">50\u00b12<\/span><\/td>\n<td class=\"tg-baqh\"><span style=\"color: #000;\">200MHz\u22640.11<\/span><\/td>\n<\/tr>\n<tr>\n<td class=\"tg-baqh\"><span style=\"color: #000;\">RG58<\/span><\/td>\n<td class=\"tg-baqh\"><span style=\"color: #000;\">19&#215;0,18Cobre esta\u00f1ado<\/span><\/td>\n<td class=\"tg-baqh\"><span style=\"color: #000;\">0.9\u00b10.1<\/span><\/td>\n<td class=\"tg-baqh\">Papel de aluminio + cobre esta\u00f1ado<\/td>\n<td class=\"tg-baqh\"><span style=\"color: #000;\">0.12<\/span><\/td>\n<td class=\"tg-baqh\"><span style=\"color: #000;\">4.8<\/span><\/td>\n<td class=\"tg-baqh\"><span style=\"color: #000;\">5.1<\/span><\/td>\n<td class=\"tg-baqh\"><span style=\"color: #000;\">50\u00b12<\/span><\/td>\n<td class=\"tg-baqh\"><span style=\"color: #000;\">400MHz\u22640.35<\/span><\/td>\n<\/tr>\n<\/tbody>\n<\/table>\n","protected":false},"excerpt":{"rendered":"<p>Los cables para sistemas de aire acondicionado tienen una transmisi\u00f3n r\u00e1pida de la se\u00f1al y una gran capacidad antiinterferente. Son componentes clave del avi\u00f3n y se encargan de transmitir energ\u00eda, se\u00f1ales de control y datos entre las unidades de aire acondicionado, los sensores de temperatura y los m\u00f3dulos de control.<\/p>\n","protected":false},"featured_media":10772,"template":"","meta":{"_eb_attr":"","site-sidebar-layout":"default","site-content-layout":"","ast-site-content-layout":"default","site-content-style":"default","site-sidebar-style":"default","ast-global-header-display":"","ast-banner-title-visibility":"","ast-main-header-display":"","ast-hfb-above-header-display":"","ast-hfb-below-header-display":"","ast-hfb-mobile-header-display":"","site-post-title":"","ast-breadcrumbs-content":"","ast-featured-img":"","footer-sml-layout":"","theme-transparent-header-meta":"default","adv-header-id-meta":"","stick-header-meta":"","header-above-stick-meta":"","header-main-stick-meta":"","header-below-stick-meta":"","astra-migrate-meta-layouts":"set","ast-page-background-enabled":"default","ast-page-background-meta":{"desktop":{"background-color":"","background-image":"","background-repeat":"repeat","background-position":"center center","background-size":"auto","background-attachment":"scroll","background-type":"","background-media":"","overlay-type":"","overlay-color":"","overlay-opacity":"","overlay-gradient":""},"tablet":{"background-color":"","background-image":"","background-repeat":"repeat","background-position":"center center","background-size":"auto","background-attachment":"scroll","background-type":"","background-media":"","overlay-type":"","overlay-color":"","overlay-opacity":"","overlay-gradient":""},"mobile":{"background-color":"","background-image":"","background-repeat":"repeat","background-position":"center center","background-size":"auto","background-attachment":"scroll","background-type":"","background-media":"","overlay-type":"","overlay-color":"","overlay-opacity":"","overlay-gradient":""}},"ast-content-background-meta":{"desktop":{"background-color":"var(--ast-global-color-5)","background-image":"","background-repeat":"repeat","background-position":"center center","background-size":"auto","background-attachment":"scroll","background-type":"","background-media":"","overlay-type":"","overlay-color":"","overlay-opacity":"","overlay-gradient":""},"tablet":{"background-color":"var(--ast-global-color-5)","background-image":"","background-repeat":"repeat","background-position":"center center","background-size":"auto","background-attachment":"scroll","background-type":"","background-media":"","overlay-type":"","overlay-color":"","overlay-opacity":"","overlay-gradient":""},"mobile":{"background-color":"var(--ast-global-color-5)","background-image":"","background-repeat":"repeat","background-position":"center center","background-size":"auto","background-attachment":"scroll","background-type":"","background-media":"","overlay-type":"","overlay-color":"","overlay-opacity":"","overlay-gradient":""}}},"product_brand":[],"product_cat":[599],"product_tag":[650,651],"class_list":{"0":"post-16298","1":"product","2":"type-product","3":"status-publish","4":"has-post-thumbnail","6":"product_cat-aviacion","7":"product_tag-cable-coaxial-de-50","8":"product_tag-cable-coaxial-de-75","9":"desktop-align-center","10":"tablet-align-left","11":"mobile-align-left","13":"first","14":"instock","15":"shipping-taxable","16":"product-type-simple"},"yoast_head":"<!-- This site is optimized with the Yoast SEO plugin v27.5 - https:\/\/yoast.com\/product\/yoast-seo-wordpress\/ -->\n<title>Hilos y cables ign\u00edfugos sin hal\u00f3genos y con baja emisi\u00f3n de humos<\/title>\n<meta name=\"description\" content=\"Los cables para sistemas de aire acondicionado tienen una transmisi\u00f3n r\u00e1pida de la se\u00f1al y una gran capacidad antiinterferente.\" \/>\n<meta name=\"robots\" content=\"index, follow, max-snippet:-1, max-image-preview:large, max-video-preview:-1\" \/>\n<link rel=\"canonical\" href=\"https:\/\/www.tstcables.com\/es\/producto\/cable-coaxial-de-50%cf%89-75%cf%89-copy\/\" \/>\n<meta property=\"og:locale\" content=\"es_ES\" \/>\n<meta property=\"og:type\" content=\"article\" \/>\n<meta property=\"og:title\" content=\"Hilos y cables ign\u00edfugos sin hal\u00f3genos y con baja emisi\u00f3n de humos\" \/>\n<meta property=\"og:description\" content=\"Los cables para sistemas de aire acondicionado tienen una transmisi\u00f3n r\u00e1pida de la se\u00f1al y una gran capacidad antiinterferente.\" \/>\n<meta property=\"og:url\" content=\"https:\/\/www.tstcables.com\/es\/producto\/cable-coaxial-de-50%cf%89-75%cf%89-copy\/\" \/>\n<meta property=\"og:site_name\" content=\"TST CABLES supplier &amp; Manufacture\" \/>\n<meta property=\"article:modified_time\" content=\"2024-05-07T02:30:06+00:00\" \/>\n<meta property=\"og:image\" content=\"https:\/\/www.tstcables.com\/wp-content\/uploads\/2024\/03\/50-ohm-coax-cable_.jpg\" \/>\n\t<meta property=\"og:image:width\" content=\"522\" \/>\n\t<meta property=\"og:image:height\" content=\"522\" \/>\n\t<meta property=\"og:image:type\" content=\"image\/jpeg\" \/>\n<meta name=\"twitter:card\" content=\"summary_large_image\" \/>\n<meta name=\"twitter:label1\" content=\"Tiempo de lectura\" \/>\n\t<meta name=\"twitter:data1\" content=\"1 minuto\" \/>\n<script type=\"application\/ld+json\" class=\"yoast-schema-graph\">{\"@context\":\"https:\\\/\\\/schema.org\",\"@graph\":[{\"@type\":\"WebPage\",\"@id\":\"https:\\\/\\\/www.tstcables.com\\\/es\\\/producto\\\/cable-coaxial-de-50%cf%89-75%cf%89-copy\\\/\",\"url\":\"https:\\\/\\\/www.tstcables.com\\\/es\\\/producto\\\/cable-coaxial-de-50%cf%89-75%cf%89-copy\\\/\",\"name\":\"Hilos y cables ign\u00edfugos sin hal\u00f3genos y con baja emisi\u00f3n de humos\",\"isPartOf\":{\"@id\":\"https:\\\/\\\/www.tstcables.com\\\/es\\\/#website\"},\"primaryImageOfPage\":{\"@id\":\"https:\\\/\\\/www.tstcables.com\\\/es\\\/producto\\\/cable-coaxial-de-50%cf%89-75%cf%89-copy\\\/#primaryimage\"},\"image\":{\"@id\":\"https:\\\/\\\/www.tstcables.com\\\/es\\\/producto\\\/cable-coaxial-de-50%cf%89-75%cf%89-copy\\\/#primaryimage\"},\"thumbnailUrl\":\"https:\\\/\\\/www.tstcables.com\\\/wp-content\\\/uploads\\\/2024\\\/03\\\/50-ohm-coax-cable_.jpg\",\"datePublished\":\"2024-04-13T02:46:50+00:00\",\"dateModified\":\"2024-05-07T02:30:06+00:00\",\"description\":\"Los cables para sistemas de aire acondicionado tienen una transmisi\u00f3n r\u00e1pida de la se\u00f1al y una gran capacidad antiinterferente.\",\"breadcrumb\":{\"@id\":\"https:\\\/\\\/www.tstcables.com\\\/es\\\/producto\\\/cable-coaxial-de-50%cf%89-75%cf%89-copy\\\/#breadcrumb\"},\"inLanguage\":\"es\",\"potentialAction\":[{\"@type\":\"ReadAction\",\"target\":[\"https:\\\/\\\/www.tstcables.com\\\/es\\\/producto\\\/cable-coaxial-de-50%cf%89-75%cf%89-copy\\\/\"]}]},{\"@type\":\"ImageObject\",\"inLanguage\":\"es\",\"@id\":\"https:\\\/\\\/www.tstcables.com\\\/es\\\/producto\\\/cable-coaxial-de-50%cf%89-75%cf%89-copy\\\/#primaryimage\",\"url\":\"https:\\\/\\\/www.tstcables.com\\\/wp-content\\\/uploads\\\/2024\\\/03\\\/50-ohm-coax-cable_.jpg\",\"contentUrl\":\"https:\\\/\\\/www.tstcables.com\\\/wp-content\\\/uploads\\\/2024\\\/03\\\/50-ohm-coax-cable_.jpg\",\"width\":522,\"height\":522,\"caption\":\"50\u03a9\\\/75\u03a9 coaxial cable\"},{\"@type\":\"BreadcrumbList\",\"@id\":\"https:\\\/\\\/www.tstcables.com\\\/es\\\/producto\\\/cable-coaxial-de-50%cf%89-75%cf%89-copy\\\/#breadcrumb\",\"itemListElement\":[{\"@type\":\"ListItem\",\"position\":1,\"name\":\"\u9996\u9875\",\"item\":\"https:\\\/\\\/www.tstcables.com\\\/es\\\/\"},{\"@type\":\"ListItem\",\"position\":2,\"name\":\"Product\",\"item\":\"https:\\\/\\\/www.tstcables.com\\\/product\\\/\"},{\"@type\":\"ListItem\",\"position\":3,\"name\":\"Hilos y cables ign\u00edfugos sin hal\u00f3genos y con baja emisi\u00f3n de humos\"}]},{\"@type\":\"WebSite\",\"@id\":\"https:\\\/\\\/www.tstcables.com\\\/es\\\/#website\",\"url\":\"https:\\\/\\\/www.tstcables.com\\\/es\\\/\",\"name\":\"TST Cable supplier & Manufacture\",\"description\":\"TST CABLES  supplier &amp; Manufacture official website\",\"publisher\":{\"@id\":\"https:\\\/\\\/www.tstcables.com\\\/es\\\/#organization\"},\"potentialAction\":[{\"@type\":\"SearchAction\",\"target\":{\"@type\":\"EntryPoint\",\"urlTemplate\":\"https:\\\/\\\/www.tstcables.com\\\/es\\\/?s={search_term_string}\"},\"query-input\":{\"@type\":\"PropertyValueSpecification\",\"valueRequired\":true,\"valueName\":\"search_term_string\"}}],\"inLanguage\":\"es\"},{\"@type\":\"Organization\",\"@id\":\"https:\\\/\\\/www.tstcables.com\\\/es\\\/#organization\",\"name\":\"TST Cable supplier & Manufacture\",\"url\":\"https:\\\/\\\/www.tstcables.com\\\/es\\\/\",\"logo\":{\"@type\":\"ImageObject\",\"inLanguage\":\"es\",\"@id\":\"https:\\\/\\\/www.tstcables.com\\\/es\\\/#\\\/schema\\\/logo\\\/image\\\/\",\"url\":\"https:\\\/\\\/www.tstcables.com\\\/wp-content\\\/uploads\\\/2024\\\/04\\\/cropped-\u753b\u677f-1-\u62f7\u8d1d-4-1.png\",\"contentUrl\":\"https:\\\/\\\/www.tstcables.com\\\/wp-content\\\/uploads\\\/2024\\\/04\\\/cropped-\u753b\u677f-1-\u62f7\u8d1d-4-1.png\",\"width\":300,\"height\":100,\"caption\":\"TST Cable supplier & Manufacture\"},\"image\":{\"@id\":\"https:\\\/\\\/www.tstcables.com\\\/es\\\/#\\\/schema\\\/logo\\\/image\\\/\"}}]}<\/script>\n<!-- \/ Yoast SEO plugin. -->","yoast_head_json":{"title":"Hilos y cables ign\u00edfugos sin hal\u00f3genos y con baja emisi\u00f3n de humos","description":"Los cables para sistemas de aire acondicionado tienen una transmisi\u00f3n r\u00e1pida de la se\u00f1al y una gran capacidad antiinterferente.","robots":{"index":"index","follow":"follow","max-snippet":"max-snippet:-1","max-image-preview":"max-image-preview:large","max-video-preview":"max-video-preview:-1"},"canonical":"https:\/\/www.tstcables.com\/es\/producto\/cable-coaxial-de-50%cf%89-75%cf%89-copy\/","og_locale":"es_ES","og_type":"article","og_title":"Hilos y cables ign\u00edfugos sin hal\u00f3genos y con baja emisi\u00f3n de humos","og_description":"Los cables para sistemas de aire acondicionado tienen una transmisi\u00f3n r\u00e1pida de la se\u00f1al y una gran capacidad antiinterferente.","og_url":"https:\/\/www.tstcables.com\/es\/producto\/cable-coaxial-de-50%cf%89-75%cf%89-copy\/","og_site_name":"TST CABLES supplier &amp; Manufacture","article_modified_time":"2024-05-07T02:30:06+00:00","og_image":[{"width":522,"height":522,"url":"https:\/\/www.tstcables.com\/wp-content\/uploads\/2024\/03\/50-ohm-coax-cable_.jpg","type":"image\/jpeg"}],"twitter_card":"summary_large_image","twitter_misc":{"Tiempo de lectura":"1 minuto"},"schema":{"@context":"https:\/\/schema.org","@graph":[{"@type":"WebPage","@id":"https:\/\/www.tstcables.com\/es\/producto\/cable-coaxial-de-50%cf%89-75%cf%89-copy\/","url":"https:\/\/www.tstcables.com\/es\/producto\/cable-coaxial-de-50%cf%89-75%cf%89-copy\/","name":"Hilos y cables ign\u00edfugos sin hal\u00f3genos y con baja emisi\u00f3n de humos","isPartOf":{"@id":"https:\/\/www.tstcables.com\/es\/#website"},"primaryImageOfPage":{"@id":"https:\/\/www.tstcables.com\/es\/producto\/cable-coaxial-de-50%cf%89-75%cf%89-copy\/#primaryimage"},"image":{"@id":"https:\/\/www.tstcables.com\/es\/producto\/cable-coaxial-de-50%cf%89-75%cf%89-copy\/#primaryimage"},"thumbnailUrl":"https:\/\/www.tstcables.com\/wp-content\/uploads\/2024\/03\/50-ohm-coax-cable_.jpg","datePublished":"2024-04-13T02:46:50+00:00","dateModified":"2024-05-07T02:30:06+00:00","description":"Los cables para sistemas de aire acondicionado tienen una transmisi\u00f3n r\u00e1pida de la se\u00f1al y una gran capacidad antiinterferente.","breadcrumb":{"@id":"https:\/\/www.tstcables.com\/es\/producto\/cable-coaxial-de-50%cf%89-75%cf%89-copy\/#breadcrumb"},"inLanguage":"es","potentialAction":[{"@type":"ReadAction","target":["https:\/\/www.tstcables.com\/es\/producto\/cable-coaxial-de-50%cf%89-75%cf%89-copy\/"]}]},{"@type":"ImageObject","inLanguage":"es","@id":"https:\/\/www.tstcables.com\/es\/producto\/cable-coaxial-de-50%cf%89-75%cf%89-copy\/#primaryimage","url":"https:\/\/www.tstcables.com\/wp-content\/uploads\/2024\/03\/50-ohm-coax-cable_.jpg","contentUrl":"https:\/\/www.tstcables.com\/wp-content\/uploads\/2024\/03\/50-ohm-coax-cable_.jpg","width":522,"height":522,"caption":"50\u03a9\/75\u03a9 coaxial cable"},{"@type":"BreadcrumbList","@id":"https:\/\/www.tstcables.com\/es\/producto\/cable-coaxial-de-50%cf%89-75%cf%89-copy\/#breadcrumb","itemListElement":[{"@type":"ListItem","position":1,"name":"\u9996\u9875","item":"https:\/\/www.tstcables.com\/es\/"},{"@type":"ListItem","position":2,"name":"Product","item":"https:\/\/www.tstcables.com\/product\/"},{"@type":"ListItem","position":3,"name":"Hilos y cables ign\u00edfugos sin hal\u00f3genos y con baja emisi\u00f3n de humos"}]},{"@type":"WebSite","@id":"https:\/\/www.tstcables.com\/es\/#website","url":"https:\/\/www.tstcables.com\/es\/","name":"TST Cable supplier & Manufacture","description":"TST CABLES  supplier &amp; Manufacture official website","publisher":{"@id":"https:\/\/www.tstcables.com\/es\/#organization"},"potentialAction":[{"@type":"SearchAction","target":{"@type":"EntryPoint","urlTemplate":"https:\/\/www.tstcables.com\/es\/?s={search_term_string}"},"query-input":{"@type":"PropertyValueSpecification","valueRequired":true,"valueName":"search_term_string"}}],"inLanguage":"es"},{"@type":"Organization","@id":"https:\/\/www.tstcables.com\/es\/#organization","name":"TST Cable supplier & Manufacture","url":"https:\/\/www.tstcables.com\/es\/","logo":{"@type":"ImageObject","inLanguage":"es","@id":"https:\/\/www.tstcables.com\/es\/#\/schema\/logo\/image\/","url":"https:\/\/www.tstcables.com\/wp-content\/uploads\/2024\/04\/cropped-\u753b\u677f-1-\u62f7\u8d1d-4-1.png","contentUrl":"https:\/\/www.tstcables.com\/wp-content\/uploads\/2024\/04\/cropped-\u753b\u677f-1-\u62f7\u8d1d-4-1.png","width":300,"height":100,"caption":"TST Cable supplier & Manufacture"},"image":{"@id":"https:\/\/www.tstcables.com\/es\/#\/schema\/logo\/image\/"}}]}},"_links":{"self":[{"href":"https:\/\/www.tstcables.com\/es\/wp-json\/wp\/v2\/product\/16298","targetHints":{"allow":["GET"]}}],"collection":[{"href":"https:\/\/www.tstcables.com\/es\/wp-json\/wp\/v2\/product"}],"about":[{"href":"https:\/\/www.tstcables.com\/es\/wp-json\/wp\/v2\/types\/product"}],"version-history":[{"count":0,"href":"https:\/\/www.tstcables.com\/es\/wp-json\/wp\/v2\/product\/16298\/revisions"}],"wp:featuredmedia":[{"embeddable":true,"href":"https:\/\/www.tstcables.com\/es\/wp-json\/wp\/v2\/media\/10772"}],"wp:attachment":[{"href":"https:\/\/www.tstcables.com\/es\/wp-json\/wp\/v2\/media?parent=16298"}],"wp:term":[{"taxonomy":"product_brand","embeddable":true,"href":"https:\/\/www.tstcables.com\/es\/wp-json\/wp\/v2\/product_brand?post=16298"},{"taxonomy":"product_cat","embeddable":true,"href":"https:\/\/www.tstcables.com\/es\/wp-json\/wp\/v2\/product_cat?post=16298"},{"taxonomy":"product_tag","embeddable":true,"href":"https:\/\/www.tstcables.com\/es\/wp-json\/wp\/v2\/product_tag?post=16298"}],"curies":[{"name":"wp","href":"https:\/\/api.w.org\/{rel}","templated":true}]}}