{"id":16304,"date":"2024-04-13T10:54:42","date_gmt":"2024-04-13T02:54:42","guid":{"rendered":"https:\/\/www.tstcables.com\/?post_type=product&#038;p=16304"},"modified":"2024-05-07T10:30:05","modified_gmt":"2024-05-07T02:30:05","slug":"tewl-cable-de-alta-frecuencia-alta-tension-y-bajas-perdidas-30awg-18awg-155%e2%84%83-copy","status":"publish","type":"product","link":"https:\/\/www.tstcables.com\/es\/producto\/tewl-cable-de-alta-frecuencia-alta-tension-y-bajas-perdidas-30awg-18awg-155%e2%84%83-copy\/","title":{"rendered":"Cable del sistema de iluminaci\u00f3n a\u00e9rea."},"content":{"rendered":"<p><strong>Norma del sector<\/strong><\/p>\n<p>Gama de especificaciones: 30AWG&#8211;18AWG<br \/>\nGrado de resistencia a la temperatura: Grado F (155\u2103)<\/p>\n<p><strong>Aplicaciones<\/strong><br \/>\nSistema de iluminaci\u00f3n a\u00e9reo<\/p>\n<p><strong>Caracter\u00edsticas del producto:<\/strong><br \/>\n1. Baja p\u00e9rdida.<br \/>\nEl dise\u00f1o especial de la estructura del conductor, que utiliza alambre trenzado con revestimiento especial, reduce las corrientes par\u00e1sitas en el interior del conductor.<br \/>\ncon lo que se consigue un menor di\u00e1metro exterior del conductor y una excelente soldabilidad; su rendimiento de baja p\u00e9rdida es equivalente a<br \/>\nLa l\u00ednea Litz reduce las p\u00e9rdidas innecesarias;<br \/>\n2. 3. Tres capas de protecci\u00f3n aislante, sin agujeros;<br \/>\nLas m\u00faltiples capas de revestimiento aislante de distintos materiales eliminan la posibilidad de que se formen agujeros de alfiler.<br \/>\n3. Con una tensi\u00f3n de aislamiento elevada, se pueden omitir la cinta aislante y las capas aislantes y reducir el volumen;<br \/>\n4. La bobina es f\u00e1cil de enrollar, porque la superficie tiene un coeficiente de fricci\u00f3n muy bajo, lo que ofrece oportunidades para el bobinado autom\u00e1tico a alta velocidad.<br \/>\nprovides the possibility;<br \/>\n5. Mayor nivel de temperatura y excelente rendimiento.<br \/>\nLos grados de temperatura incluyen 155\u00b0C, 180\u00b0C y 200\u00b0C.<\/p>\n<p><strong>Par\u00e1metros t\u00e9cnicos<\/strong><\/p>\n<table class=\"tg\">\n<thead>\n<tr>\n<th class=\"tg-949j\" colspan=\"3\">Tipo de aislamiento<\/th>\n<th class=\"tg-7fn2\" colspan=\"6\">Aislamiento reforzado<\/th>\n<\/tr>\n<\/thead>\n<tbody>\n<tr>\n<td class=\"tg-949j\" colspan=\"3\">Grado de resistencia al calor<\/td>\n<td class=\"tg-7fn2\" colspan=\"6\">Clase F (155\u2103) \uff09<\/td>\n<\/tr>\n<tr>\n<td class=\"tg-949j\" colspan=\"3\">N\u00famero de modelo<\/td>\n<td class=\"tg-7fn2\" colspan=\"3\">TEWL<\/td>\n<td class=\"tg-7fn2\" colspan=\"3\">TEWL-SB .<\/td>\n<\/tr>\n<tr>\n<td class=\"tg-7fn2\" colspan=\"3\">Tama\u00f1o del conductor<\/td>\n<td class=\"tg-7fn2\" rowspan=\"2\">Di\u00e1metro exterior est\u00e1ndar<\/td>\n<td class=\"tg-7fn2\" rowspan=\"2\">Di\u00e1metro exterior m\u00e1ximo<\/td>\n<td class=\"tg-7fn2\" rowspan=\"2\">(E\/m) Peso est\u00e1ndar<\/td>\n<td class=\"tg-7fn2\" rowspan=\"2\">Di\u00e1metro exterior est\u00e1ndar<\/td>\n<td class=\"tg-7fn2\" rowspan=\"2\">Di\u00e1metro exterior m\u00e1ximo<\/td>\n<td class=\"tg-7fn2\" rowspan=\"2\">\uff08E\/m\uff09 Peso est\u00e1ndar<\/td>\n<\/tr>\n<tr>\n<td class=\"tg-7fn2\">AWG<\/td>\n<td class=\"tg-7fn2\">Elemento Alambre (mm)<\/td>\n<td class=\"tg-7fn2\">N\u00famero de filamento<\/td>\n<\/tr>\n<tr>\n<td class=\"tg-d93i\">30<\/td>\n<td class=\"tg-d93i\">0.1<\/td>\n<td class=\"tg-d93i\">7<\/td>\n<td class=\"tg-d93i\">57<\/td>\n<td class=\"tg-d93i\">0.72<\/td>\n<td class=\"tg-d93i\">0.75<\/td>\n<td class=\"tg-d93i\">0.65<\/td>\n<td class=\"tg-d93i\">0.8<\/td>\n<td class=\"tg-d93i\">0.95<\/td>\n<\/tr>\n<tr>\n<td class=\"tg-d93i\">29<\/td>\n<td class=\"tg-d93i\">0.1<\/td>\n<td class=\"tg-d93i\">9<\/td>\n<td class=\"tg-d93i\">61<\/td>\n<td class=\"tg-d93i\">0.76<\/td>\n<td class=\"tg-d93i\">0.9<\/td>\n<td class=\"tg-d93i\">0.69<\/td>\n<td class=\"tg-d93i\">0.84<\/td>\n<td class=\"tg-d93i\">1.1<\/td>\n<\/tr>\n<tr>\n<td class=\"tg-d93i\">28<\/td>\n<td class=\"tg-d93i\">0.1<\/td>\n<td class=\"tg-d93i\">11<\/td>\n<td class=\"tg-d93i\">0.65<\/td>\n<td class=\"tg-d93i\">0.8<\/td>\n<td class=\"tg-d93i\">1.06<\/td>\n<td class=\"tg-d93i\">0.73<\/td>\n<td class=\"tg-d93i\">0.88<\/td>\n<td class=\"tg-d93i\">1.26<\/td>\n<\/tr>\n<tr>\n<td class=\"tg-d93i\">27<\/td>\n<td class=\"tg-d93i\">0.1<\/td>\n<td class=\"tg-d93i\">13<\/td>\n<td class=\"tg-d93i\">0.7<\/td>\n<td class=\"tg-d93i\">0.85<\/td>\n<td class=\"tg-d93i\">1.24<\/td>\n<td class=\"tg-d93i\">0.78<\/td>\n<td class=\"tg-d93i\">0.93<\/td>\n<td class=\"tg-d93i\">1.44<\/td>\n<\/tr>\n<tr>\n<td class=\"tg-d93i\">26<\/td>\n<td class=\"tg-d93i\">0.1<\/td>\n<td class=\"tg-d93i\">17<\/td>\n<td class=\"tg-d93i\">0.75<\/td>\n<td class=\"tg-d93i\">0.9<\/td>\n<td class=\"tg-d93i\">1.56<\/td>\n<td class=\"tg-d93i\">0.83<\/td>\n<td class=\"tg-d93i\">0.98<\/td>\n<td class=\"tg-d93i\">1.76<\/td>\n<\/tr>\n<tr>\n<td class=\"tg-d93i\">25<\/td>\n<td class=\"tg-d93i\">0.1<\/td>\n<td class=\"tg-d93i\">21<\/td>\n<td class=\"tg-d93i\">0.82<\/td>\n<td class=\"tg-d93i\">0.97<\/td>\n<td class=\"tg-d93i\">1.89<\/td>\n<td class=\"tg-d93i\">0.9<\/td>\n<td class=\"tg-d93i\">1.05<\/td>\n<td class=\"tg-d93i\">2.09<\/td>\n<\/tr>\n<tr>\n<td class=\"tg-d93i\">24<\/td>\n<td class=\"tg-d93i\">0.1<\/td>\n<td class=\"tg-d93i\">27<\/td>\n<td class=\"tg-d93i\">0.89<\/td>\n<td class=\"tg-d93i\">1.04<\/td>\n<td class=\"tg-d93i\">2.35<\/td>\n<td class=\"tg-d93i\">0.97<\/td>\n<td class=\"tg-d93i\">1.12<\/td>\n<td class=\"tg-d93i\">2.55<\/td>\n<\/tr>\n<tr>\n<td class=\"tg-d93i\">23<\/td>\n<td class=\"tg-d93i\">0.1<\/td>\n<td class=\"tg-d93i\">33<\/td>\n<td class=\"tg-d93i\">1.01<\/td>\n<td class=\"tg-d93i\">1.16<\/td>\n<td class=\"tg-d93i\">2.92<\/td>\n<td class=\"tg-d93i\">1.09<\/td>\n<td class=\"tg-d93i\">1.24<\/td>\n<td class=\"tg-d93i\">3.12<\/td>\n<\/tr>\n<tr>\n<td class=\"tg-d93i\">22<\/td>\n<td class=\"tg-d93i\">0.1<\/td>\n<td class=\"tg-d93i\">40<\/td>\n<td class=\"tg-d93i\">1.07<\/td>\n<td class=\"tg-d93i\">1.22<\/td>\n<td class=\"tg-d93i\">3.45<\/td>\n<td class=\"tg-d93i\">1.15<\/td>\n<td class=\"tg-d93i\">1.3<\/td>\n<td class=\"tg-d93i\">3.65<\/td>\n<\/tr>\n<tr>\n<td class=\"tg-d93i\">22<\/td>\n<td class=\"tg-d93i\">0.1<\/td>\n<td class=\"tg-d93i\">4.2<\/td>\n<td class=\"tg-d93i\">1.11<\/td>\n<td class=\"tg-d93i\">1.26<\/td>\n<td class=\"tg-d93i\">3.64<\/td>\n<td class=\"tg-d93i\">1.19<\/td>\n<td class=\"tg-d93i\">1.34<\/td>\n<td class=\"tg-d93i\">3.84<\/td>\n<\/tr>\n<tr>\n<td class=\"tg-d93i\">21<\/td>\n<td class=\"tg-d93i\">0.1<\/td>\n<td class=\"tg-d93i\">55<\/td>\n<td class=\"tg-d93i\">1.28<\/td>\n<td class=\"tg-d93i\">1.43<\/td>\n<td class=\"tg-d93i\">4.75<\/td>\n<td class=\"tg-d93i\">1.00%<\/td>\n<td class=\"tg-d93i\">1.51<\/td>\n<td class=\"tg-d93i\">4.95<\/td>\n<\/tr>\n<tr>\n<td class=\"tg-d93i\">20<\/td>\n<td class=\"tg-d93i\">0.1<\/td>\n<td class=\"tg-d93i\">70<\/td>\n<td class=\"tg-d93i\">1.38<\/td>\n<td class=\"tg-d93i\">1.53<\/td>\n<td class=\"tg-d93i\">5.89<\/td>\n<td class=\"tg-d93i\">1.46<\/td>\n<td class=\"tg-d93i\">1.61<\/td>\n<td class=\"tg-d93i\">609<\/td>\n<\/tr>\n<tr>\n<td class=\"tg-d93i\">19<\/td>\n<td class=\"tg-d93i\">0.1<\/td>\n<td class=\"tg-d93i\">84<\/td>\n<td class=\"tg-d93i\">1.48<\/td>\n<td class=\"tg-d93i\">1.63<\/td>\n<td class=\"tg-d93i\">6.90%<\/td>\n<td class=\"tg-d93i\">1.56<\/td>\n<td class=\"tg-d93i\">1.71<\/td>\n<td class=\"tg-d93i\">7.16<\/td>\n<\/tr>\n<tr>\n<td class=\"tg-d93i\">19<\/td>\n<td class=\"tg-d93i\">0.1<\/td>\n<td class=\"tg-d93i\">95<\/td>\n<td class=\"tg-d93i\">1.55<\/td>\n<td class=\"tg-d93i\">1.7<\/td>\n<td class=\"tg-d93i\">7.78<\/td>\n<td class=\"tg-d93i\">1.63<\/td>\n<td class=\"tg-d93i\">1.78<\/td>\n<td class=\"tg-d93i\">7.98<\/td>\n<\/tr>\n<tr>\n<td class=\"tg-d93i\">18<\/td>\n<td class=\"tg-d93i\">0.1<\/td>\n<td class=\"tg-d93i\">105<\/td>\n<td class=\"tg-d93i\">1.61<\/td>\n<td class=\"tg-d93i\">1.76<\/td>\n<td class=\"tg-d93i\">8.54<\/td>\n<td class=\"tg-d93i\">1.69<\/td>\n<td class=\"tg-d93i\">1.84<\/td>\n<td class=\"tg-d93i\">8.74<\/td>\n<\/tr>\n<tr>\n<td class=\"tg-d93i\">18<\/td>\n<td class=\"tg-d93i\">0.1<\/td>\n<td class=\"tg-d93i\">120<\/td>\n<td class=\"tg-d93i\">1.69<\/td>\n<td class=\"tg-d93i\">1.84<\/td>\n<td class=\"tg-d93i\">9.67<\/td>\n<td class=\"tg-d93i\">1.77<\/td>\n<td class=\"tg-d93i\">1.92<\/td>\n<td class=\"tg-d93i\">9.87<\/td>\n<\/tr>\n<\/tbody>\n<\/table>\n","protected":false},"excerpt":{"rendered":"<p>Los cables del sistema de iluminaci\u00f3n a\u00e9rea tienen bajas p\u00e9rdidas y buen aislamiento. Son componentes importantes de la aeronave y son responsables de transmitir energ\u00eda, se\u00f1ales de control y datos entre accesorios de iluminaci\u00f3n, paneles de control y sistemas de control de iluminaci\u00f3n.<\/p>\n","protected":false},"featured_media":12438,"template":"","meta":{"_eb_attr":"","site-sidebar-layout":"default","site-content-layout":"","ast-site-content-layout":"default","site-content-style":"default","site-sidebar-style":"default","ast-global-header-display":"","ast-banner-title-visibility":"","ast-main-header-display":"","ast-hfb-above-header-display":"","ast-hfb-below-header-display":"","ast-hfb-mobile-header-display":"","site-post-title":"","ast-breadcrumbs-content":"","ast-featured-img":"","footer-sml-layout":"","theme-transparent-header-meta":"default","adv-header-id-meta":"","stick-header-meta":"","header-above-stick-meta":"","header-main-stick-meta":"","header-below-stick-meta":"","astra-migrate-meta-layouts":"set","ast-page-background-enabled":"default","ast-page-background-meta":{"desktop":{"background-color":"","background-image":"","background-repeat":"repeat","background-position":"center center","background-size":"auto","background-attachment":"scroll","background-type":"","background-media":"","overlay-type":"","overlay-color":"","overlay-opacity":"","overlay-gradient":""},"tablet":{"background-color":"","background-image":"","background-repeat":"repeat","background-position":"center center","background-size":"auto","background-attachment":"scroll","background-type":"","background-media":"","overlay-type":"","overlay-color":"","overlay-opacity":"","overlay-gradient":""},"mobile":{"background-color":"","background-image":"","background-repeat":"repeat","background-position":"center center","background-size":"auto","background-attachment":"scroll","background-type":"","background-media":"","overlay-type":"","overlay-color":"","overlay-opacity":"","overlay-gradient":""}},"ast-content-background-meta":{"desktop":{"background-color":"var(--ast-global-color-5)","background-image":"","background-repeat":"repeat","background-position":"center center","background-size":"auto","background-attachment":"scroll","background-type":"","background-media":"","overlay-type":"","overlay-color":"","overlay-opacity":"","overlay-gradient":""},"tablet":{"background-color":"var(--ast-global-color-5)","background-image":"","background-repeat":"repeat","background-position":"center center","background-size":"auto","background-attachment":"scroll","background-type":"","background-media":"","overlay-type":"","overlay-color":"","overlay-opacity":"","overlay-gradient":""},"mobile":{"background-color":"var(--ast-global-color-5)","background-image":"","background-repeat":"repeat","background-position":"center center","background-size":"auto","background-attachment":"scroll","background-type":"","background-media":"","overlay-type":"","overlay-color":"","overlay-opacity":"","overlay-gradient":""}}},"product_brand":[],"product_cat":[599],"product_tag":[642],"class_list":{"0":"post-16304","1":"product","2":"type-product","3":"status-publish","4":"has-post-thumbnail","6":"product_cat-aviacion","7":"product_tag-cable-de-alta-frecuencia-alta-tension-y-bajas-perdidas-tewl","8":"desktop-align-center","9":"tablet-align-left","10":"mobile-align-left","12":"first","13":"instock","14":"shipping-taxable","15":"product-type-simple"},"yoast_head":"<!-- This site is optimized with the Yoast SEO plugin v27.5 - https:\/\/yoast.com\/product\/yoast-seo-wordpress\/ -->\n<title>Cable del sistema de iluminaci\u00f3n a\u00e9rea.<\/title>\n<meta name=\"description\" content=\"Los cables del sistema de iluminaci\u00f3n a\u00e9rea tienen bajas p\u00e9rdidas y buen aislamiento.\" \/>\n<meta name=\"robots\" content=\"index, follow, max-snippet:-1, max-image-preview:large, max-video-preview:-1\" \/>\n<link rel=\"canonical\" href=\"https:\/\/www.tstcables.com\/es\/producto\/tewl-cable-de-alta-frecuencia-alta-tension-y-bajas-perdidas-30awg-18awg-155%e2%84%83-copy\/\" \/>\n<meta property=\"og:locale\" content=\"es_ES\" \/>\n<meta property=\"og:type\" content=\"article\" \/>\n<meta property=\"og:title\" content=\"Cable del sistema de iluminaci\u00f3n a\u00e9rea.\" \/>\n<meta property=\"og:description\" content=\"Los cables del sistema de iluminaci\u00f3n a\u00e9rea tienen bajas p\u00e9rdidas y buen aislamiento.\" \/>\n<meta property=\"og:url\" content=\"https:\/\/www.tstcables.com\/es\/producto\/tewl-cable-de-alta-frecuencia-alta-tension-y-bajas-perdidas-30awg-18awg-155%e2%84%83-copy\/\" \/>\n<meta property=\"og:site_name\" content=\"TST CABLES supplier &amp; Manufacture\" \/>\n<meta property=\"article:modified_time\" content=\"2024-05-07T02:30:05+00:00\" \/>\n<meta property=\"og:image\" content=\"https:\/\/www.tstcables.com\/wp-content\/uploads\/2024\/03\/3-9.jpg\" \/>\n\t<meta property=\"og:image:width\" content=\"640\" \/>\n\t<meta property=\"og:image:height\" content=\"640\" \/>\n\t<meta property=\"og:image:type\" content=\"image\/jpeg\" \/>\n<meta name=\"twitter:card\" content=\"summary_large_image\" \/>\n<meta name=\"twitter:label1\" content=\"Tiempo de lectura\" \/>\n\t<meta name=\"twitter:data1\" content=\"1 minuto\" \/>\n<script type=\"application\/ld+json\" class=\"yoast-schema-graph\">{\"@context\":\"https:\\\/\\\/schema.org\",\"@graph\":[{\"@type\":\"WebPage\",\"@id\":\"https:\\\/\\\/www.tstcables.com\\\/es\\\/producto\\\/tewl-cable-de-alta-frecuencia-alta-tension-y-bajas-perdidas-30awg-18awg-155%e2%84%83-copy\\\/\",\"url\":\"https:\\\/\\\/www.tstcables.com\\\/es\\\/producto\\\/tewl-cable-de-alta-frecuencia-alta-tension-y-bajas-perdidas-30awg-18awg-155%e2%84%83-copy\\\/\",\"name\":\"Cable del sistema de iluminaci\u00f3n a\u00e9rea.\",\"isPartOf\":{\"@id\":\"https:\\\/\\\/www.tstcables.com\\\/es\\\/#website\"},\"primaryImageOfPage\":{\"@id\":\"https:\\\/\\\/www.tstcables.com\\\/es\\\/producto\\\/tewl-cable-de-alta-frecuencia-alta-tension-y-bajas-perdidas-30awg-18awg-155%e2%84%83-copy\\\/#primaryimage\"},\"image\":{\"@id\":\"https:\\\/\\\/www.tstcables.com\\\/es\\\/producto\\\/tewl-cable-de-alta-frecuencia-alta-tension-y-bajas-perdidas-30awg-18awg-155%e2%84%83-copy\\\/#primaryimage\"},\"thumbnailUrl\":\"https:\\\/\\\/www.tstcables.com\\\/wp-content\\\/uploads\\\/2024\\\/03\\\/3-9.jpg\",\"datePublished\":\"2024-04-13T02:54:42+00:00\",\"dateModified\":\"2024-05-07T02:30:05+00:00\",\"description\":\"Los cables del sistema de iluminaci\u00f3n a\u00e9rea tienen bajas p\u00e9rdidas y buen aislamiento.\",\"breadcrumb\":{\"@id\":\"https:\\\/\\\/www.tstcables.com\\\/es\\\/producto\\\/tewl-cable-de-alta-frecuencia-alta-tension-y-bajas-perdidas-30awg-18awg-155%e2%84%83-copy\\\/#breadcrumb\"},\"inLanguage\":\"es\",\"potentialAction\":[{\"@type\":\"ReadAction\",\"target\":[\"https:\\\/\\\/www.tstcables.com\\\/es\\\/producto\\\/tewl-cable-de-alta-frecuencia-alta-tension-y-bajas-perdidas-30awg-18awg-155%e2%84%83-copy\\\/\"]}]},{\"@type\":\"ImageObject\",\"inLanguage\":\"es\",\"@id\":\"https:\\\/\\\/www.tstcables.com\\\/es\\\/producto\\\/tewl-cable-de-alta-frecuencia-alta-tension-y-bajas-perdidas-30awg-18awg-155%e2%84%83-copy\\\/#primaryimage\",\"url\":\"https:\\\/\\\/www.tstcables.com\\\/wp-content\\\/uploads\\\/2024\\\/03\\\/3-9.jpg\",\"contentUrl\":\"https:\\\/\\\/www.tstcables.com\\\/wp-content\\\/uploads\\\/2024\\\/03\\\/3-9.jpg\",\"width\":640,\"height\":640,\"caption\":\"TEWL high-frequency high-voltage low-loss wire 30AWG--18AWG\"},{\"@type\":\"BreadcrumbList\",\"@id\":\"https:\\\/\\\/www.tstcables.com\\\/es\\\/producto\\\/tewl-cable-de-alta-frecuencia-alta-tension-y-bajas-perdidas-30awg-18awg-155%e2%84%83-copy\\\/#breadcrumb\",\"itemListElement\":[{\"@type\":\"ListItem\",\"position\":1,\"name\":\"\u9996\u9875\",\"item\":\"https:\\\/\\\/www.tstcables.com\\\/es\\\/\"},{\"@type\":\"ListItem\",\"position\":2,\"name\":\"Product\",\"item\":\"https:\\\/\\\/www.tstcables.com\\\/product\\\/\"},{\"@type\":\"ListItem\",\"position\":3,\"name\":\"Cable del sistema de iluminaci\u00f3n a\u00e9rea.\"}]},{\"@type\":\"WebSite\",\"@id\":\"https:\\\/\\\/www.tstcables.com\\\/es\\\/#website\",\"url\":\"https:\\\/\\\/www.tstcables.com\\\/es\\\/\",\"name\":\"TST Cable supplier & Manufacture\",\"description\":\"TST CABLES  supplier &amp; Manufacture official website\",\"publisher\":{\"@id\":\"https:\\\/\\\/www.tstcables.com\\\/es\\\/#organization\"},\"potentialAction\":[{\"@type\":\"SearchAction\",\"target\":{\"@type\":\"EntryPoint\",\"urlTemplate\":\"https:\\\/\\\/www.tstcables.com\\\/es\\\/?s={search_term_string}\"},\"query-input\":{\"@type\":\"PropertyValueSpecification\",\"valueRequired\":true,\"valueName\":\"search_term_string\"}}],\"inLanguage\":\"es\"},{\"@type\":\"Organization\",\"@id\":\"https:\\\/\\\/www.tstcables.com\\\/es\\\/#organization\",\"name\":\"TST Cable supplier & Manufacture\",\"url\":\"https:\\\/\\\/www.tstcables.com\\\/es\\\/\",\"logo\":{\"@type\":\"ImageObject\",\"inLanguage\":\"es\",\"@id\":\"https:\\\/\\\/www.tstcables.com\\\/es\\\/#\\\/schema\\\/logo\\\/image\\\/\",\"url\":\"https:\\\/\\\/www.tstcables.com\\\/wp-content\\\/uploads\\\/2024\\\/04\\\/cropped-\u753b\u677f-1-\u62f7\u8d1d-4-1.png\",\"contentUrl\":\"https:\\\/\\\/www.tstcables.com\\\/wp-content\\\/uploads\\\/2024\\\/04\\\/cropped-\u753b\u677f-1-\u62f7\u8d1d-4-1.png\",\"width\":300,\"height\":100,\"caption\":\"TST Cable supplier & Manufacture\"},\"image\":{\"@id\":\"https:\\\/\\\/www.tstcables.com\\\/es\\\/#\\\/schema\\\/logo\\\/image\\\/\"}}]}<\/script>\n<!-- \/ Yoast SEO plugin. -->","yoast_head_json":{"title":"Cable del sistema de iluminaci\u00f3n a\u00e9rea.","description":"Los cables del sistema de iluminaci\u00f3n a\u00e9rea tienen bajas p\u00e9rdidas y buen aislamiento.","robots":{"index":"index","follow":"follow","max-snippet":"max-snippet:-1","max-image-preview":"max-image-preview:large","max-video-preview":"max-video-preview:-1"},"canonical":"https:\/\/www.tstcables.com\/es\/producto\/tewl-cable-de-alta-frecuencia-alta-tension-y-bajas-perdidas-30awg-18awg-155%e2%84%83-copy\/","og_locale":"es_ES","og_type":"article","og_title":"Cable del sistema de iluminaci\u00f3n a\u00e9rea.","og_description":"Los cables del sistema de iluminaci\u00f3n a\u00e9rea tienen bajas p\u00e9rdidas y buen aislamiento.","og_url":"https:\/\/www.tstcables.com\/es\/producto\/tewl-cable-de-alta-frecuencia-alta-tension-y-bajas-perdidas-30awg-18awg-155%e2%84%83-copy\/","og_site_name":"TST CABLES supplier &amp; Manufacture","article_modified_time":"2024-05-07T02:30:05+00:00","og_image":[{"width":640,"height":640,"url":"https:\/\/www.tstcables.com\/wp-content\/uploads\/2024\/03\/3-9.jpg","type":"image\/jpeg"}],"twitter_card":"summary_large_image","twitter_misc":{"Tiempo de lectura":"1 minuto"},"schema":{"@context":"https:\/\/schema.org","@graph":[{"@type":"WebPage","@id":"https:\/\/www.tstcables.com\/es\/producto\/tewl-cable-de-alta-frecuencia-alta-tension-y-bajas-perdidas-30awg-18awg-155%e2%84%83-copy\/","url":"https:\/\/www.tstcables.com\/es\/producto\/tewl-cable-de-alta-frecuencia-alta-tension-y-bajas-perdidas-30awg-18awg-155%e2%84%83-copy\/","name":"Cable del sistema de iluminaci\u00f3n a\u00e9rea.","isPartOf":{"@id":"https:\/\/www.tstcables.com\/es\/#website"},"primaryImageOfPage":{"@id":"https:\/\/www.tstcables.com\/es\/producto\/tewl-cable-de-alta-frecuencia-alta-tension-y-bajas-perdidas-30awg-18awg-155%e2%84%83-copy\/#primaryimage"},"image":{"@id":"https:\/\/www.tstcables.com\/es\/producto\/tewl-cable-de-alta-frecuencia-alta-tension-y-bajas-perdidas-30awg-18awg-155%e2%84%83-copy\/#primaryimage"},"thumbnailUrl":"https:\/\/www.tstcables.com\/wp-content\/uploads\/2024\/03\/3-9.jpg","datePublished":"2024-04-13T02:54:42+00:00","dateModified":"2024-05-07T02:30:05+00:00","description":"Los cables del sistema de iluminaci\u00f3n a\u00e9rea tienen bajas p\u00e9rdidas y buen aislamiento.","breadcrumb":{"@id":"https:\/\/www.tstcables.com\/es\/producto\/tewl-cable-de-alta-frecuencia-alta-tension-y-bajas-perdidas-30awg-18awg-155%e2%84%83-copy\/#breadcrumb"},"inLanguage":"es","potentialAction":[{"@type":"ReadAction","target":["https:\/\/www.tstcables.com\/es\/producto\/tewl-cable-de-alta-frecuencia-alta-tension-y-bajas-perdidas-30awg-18awg-155%e2%84%83-copy\/"]}]},{"@type":"ImageObject","inLanguage":"es","@id":"https:\/\/www.tstcables.com\/es\/producto\/tewl-cable-de-alta-frecuencia-alta-tension-y-bajas-perdidas-30awg-18awg-155%e2%84%83-copy\/#primaryimage","url":"https:\/\/www.tstcables.com\/wp-content\/uploads\/2024\/03\/3-9.jpg","contentUrl":"https:\/\/www.tstcables.com\/wp-content\/uploads\/2024\/03\/3-9.jpg","width":640,"height":640,"caption":"TEWL high-frequency high-voltage low-loss wire 30AWG--18AWG"},{"@type":"BreadcrumbList","@id":"https:\/\/www.tstcables.com\/es\/producto\/tewl-cable-de-alta-frecuencia-alta-tension-y-bajas-perdidas-30awg-18awg-155%e2%84%83-copy\/#breadcrumb","itemListElement":[{"@type":"ListItem","position":1,"name":"\u9996\u9875","item":"https:\/\/www.tstcables.com\/es\/"},{"@type":"ListItem","position":2,"name":"Product","item":"https:\/\/www.tstcables.com\/product\/"},{"@type":"ListItem","position":3,"name":"Cable del sistema de iluminaci\u00f3n a\u00e9rea."}]},{"@type":"WebSite","@id":"https:\/\/www.tstcables.com\/es\/#website","url":"https:\/\/www.tstcables.com\/es\/","name":"TST Cable supplier & Manufacture","description":"TST CABLES  supplier &amp; Manufacture official website","publisher":{"@id":"https:\/\/www.tstcables.com\/es\/#organization"},"potentialAction":[{"@type":"SearchAction","target":{"@type":"EntryPoint","urlTemplate":"https:\/\/www.tstcables.com\/es\/?s={search_term_string}"},"query-input":{"@type":"PropertyValueSpecification","valueRequired":true,"valueName":"search_term_string"}}],"inLanguage":"es"},{"@type":"Organization","@id":"https:\/\/www.tstcables.com\/es\/#organization","name":"TST Cable supplier & Manufacture","url":"https:\/\/www.tstcables.com\/es\/","logo":{"@type":"ImageObject","inLanguage":"es","@id":"https:\/\/www.tstcables.com\/es\/#\/schema\/logo\/image\/","url":"https:\/\/www.tstcables.com\/wp-content\/uploads\/2024\/04\/cropped-\u753b\u677f-1-\u62f7\u8d1d-4-1.png","contentUrl":"https:\/\/www.tstcables.com\/wp-content\/uploads\/2024\/04\/cropped-\u753b\u677f-1-\u62f7\u8d1d-4-1.png","width":300,"height":100,"caption":"TST Cable supplier & Manufacture"},"image":{"@id":"https:\/\/www.tstcables.com\/es\/#\/schema\/logo\/image\/"}}]}},"_links":{"self":[{"href":"https:\/\/www.tstcables.com\/es\/wp-json\/wp\/v2\/product\/16304","targetHints":{"allow":["GET"]}}],"collection":[{"href":"https:\/\/www.tstcables.com\/es\/wp-json\/wp\/v2\/product"}],"about":[{"href":"https:\/\/www.tstcables.com\/es\/wp-json\/wp\/v2\/types\/product"}],"version-history":[{"count":0,"href":"https:\/\/www.tstcables.com\/es\/wp-json\/wp\/v2\/product\/16304\/revisions"}],"wp:featuredmedia":[{"embeddable":true,"href":"https:\/\/www.tstcables.com\/es\/wp-json\/wp\/v2\/media\/12438"}],"wp:attachment":[{"href":"https:\/\/www.tstcables.com\/es\/wp-json\/wp\/v2\/media?parent=16304"}],"wp:term":[{"taxonomy":"product_brand","embeddable":true,"href":"https:\/\/www.tstcables.com\/es\/wp-json\/wp\/v2\/product_brand?post=16304"},{"taxonomy":"product_cat","embeddable":true,"href":"https:\/\/www.tstcables.com\/es\/wp-json\/wp\/v2\/product_cat?post=16304"},{"taxonomy":"product_tag","embeddable":true,"href":"https:\/\/www.tstcables.com\/es\/wp-json\/wp\/v2\/product_tag?post=16304"}],"curies":[{"name":"wp","href":"https:\/\/api.w.org\/{rel}","templated":true}]}}