{"id":16310,"date":"2024-04-13T11:00:34","date_gmt":"2024-04-13T03:00:34","guid":{"rendered":"https:\/\/www.tstcables.com\/?post_type=product&#038;p=16310"},"modified":"2024-05-07T10:30:03","modified_gmt":"2024-05-07T02:30:03","slug":"tewp-cable-de-alta-frecuencia-resistente-a-altas-temperaturas-32awg-17awg-180%e2%84%83-copy","status":"publish","type":"product","link":"https:\/\/www.tstcables.com\/es\/producto\/tewp-cable-de-alta-frecuencia-resistente-a-altas-temperaturas-32awg-17awg-180%e2%84%83-copy\/","title":{"rendered":"Cable PI (poliimida) extruido Cable apantallado multipolar AIPI-220 600 V"},"content":{"rendered":"<p><strong>Aplicaciones<\/strong><br \/>\nCable PI (poliimida) extruido Cable apantallado multipolar AIPI-220 600 V<\/p>\n<p><strong>Caracter\u00edsticas del producto:<\/strong><br \/>\n1. Baja p\u00e9rdida.<br \/>\nEl dise\u00f1o especial de la estructura del conductor, que utiliza alambre trenzado con revestimiento especial, reduce las corrientes par\u00e1sitas en el interior del conductor.<br \/>\ncon lo que se consigue un menor di\u00e1metro exterior del conductor y una excelente soldabilidad; su rendimiento de baja p\u00e9rdida es equivalente a<br \/>\nLa l\u00ednea Litz reduce las p\u00e9rdidas innecesarias;<br \/>\n2. 3. Tres capas de protecci\u00f3n aislante, sin agujeros;<br \/>\nLas m\u00faltiples capas de revestimiento aislante de distintos materiales eliminan la posibilidad de que se formen agujeros de alfiler.<br \/>\n3. Con una tensi\u00f3n de aislamiento elevada, se pueden omitir la cinta aislante y las capas aislantes y reducir el volumen;<br \/>\n4. Mayor nivel de temperatura y excelente rendimiento.<br \/>\nLos grados de temperatura incluyen 155\u00b0C, 180\u00b0C y 200\u00b0C.<br \/>\n5. F\u00e1cil de despegar.<br \/>\nGracias al uso de materiales de revestimiento especiales, el conductor es m\u00e1s f\u00e1cil de despegar. Se puede soldar directamente sin eliminar por completo la capa aislante.<\/p>\n<p><strong>Par\u00e1metros t\u00e9cnicos<\/strong><\/p>\n<table class=\"tg\">\n<thead>\n<tr>\n<th class=\"tg-949j\" colspan=\"2\">Tama\u00f1o del conductor<\/th>\n<th class=\"tg-949j\">Exterior est\u00e1ndar<\/th>\n<th class=\"tg-7fn2\">Exterior m\u00e1ximo<\/th>\n<th class=\"tg-7fn2\">Conductor m\u00e1ximo<\/th>\n<\/tr>\n<\/thead>\n<tbody>\n<tr>\n<td class=\"tg-949j\" rowspan=\"2\">AWG<\/td>\n<td class=\"tg-949j\">Di\u00e1metro exterior<\/td>\n<td class=\"tg-949j\">di\u00e1metro<\/td>\n<td class=\"tg-7fn2\">di\u00e1metro<\/td>\n<td class=\"tg-d93i\">Resistencia(\u03a9\/km)<\/td>\n<\/tr>\n<tr>\n<td class=\"tg-949j\">(mm)<\/td>\n<td class=\"tg-grqh\"><\/td>\n<td class=\"tg-d93i\"><\/td>\n<td class=\"tg-d93i\"><\/td>\n<\/tr>\n<tr>\n<td class=\"tg-d93i\" colspan=\"3\">32<\/td>\n<td class=\"tg-d93i\" rowspan=\"2\">0.55<\/td>\n<td class=\"tg-d93i\" rowspan=\"2\">583<\/td>\n<\/tr>\n<tr>\n<td class=\"tg-d93i\">30<\/td>\n<td class=\"tg-d93i\">0.254<\/td>\n<td class=\"tg-d93i\">0.56<\/td>\n<\/tr>\n<tr>\n<td class=\"tg-d93i\">28<\/td>\n<td class=\"tg-d93i\">0.32<\/td>\n<td class=\"tg-d93i\">0.62<\/td>\n<td class=\"tg-d93i\">0.67<\/td>\n<td class=\"tg-d93i\">237<\/td>\n<\/tr>\n<tr>\n<td class=\"tg-d93i\">26<\/td>\n<td class=\"tg-d93i\">0.404<\/td>\n<td class=\"tg-d93i\">0.7<\/td>\n<td class=\"tg-d93i\">0.75<\/td>\n<td class=\"tg-d93i\">145<\/td>\n<\/tr>\n<tr>\n<td class=\"tg-d93i\">25<\/td>\n<td class=\"tg-d93i\">0.45<\/td>\n<td class=\"tg-d93i\">0.75<\/td>\n<td class=\"tg-d93i\">0.8<\/td>\n<td class=\"tg-d93i\">120<\/td>\n<\/tr>\n<tr>\n<td class=\"tg-d93i\">24<\/td>\n<td class=\"tg-d93i\">0.51<\/td>\n<td class=\"tg-d93i\">0.81<\/td>\n<td class=\"tg-d93i\">0.86<\/td>\n<td class=\"tg-d93i\">89.3<\/td>\n<\/tr>\n<tr>\n<td class=\"tg-d93i\">23<\/td>\n<td class=\"tg-d93i\">0.6<\/td>\n<td class=\"tg-d93i\">0.9<\/td>\n<td class=\"tg-d93i\">0.95<\/td>\n<td class=\"tg-d93i\">66.1<\/td>\n<\/tr>\n<tr>\n<td class=\"tg-d93i\">22<\/td>\n<td class=\"tg-d93i\">0.64<\/td>\n<td class=\"tg-d93i\">0.94<\/td>\n<td class=\"tg-d93i\">0.99<\/td>\n<td class=\"tg-d93i\">56.3<\/td>\n<\/tr>\n<tr>\n<td class=\"tg-d93i\">22<\/td>\n<td class=\"tg-d93i\">0.7<\/td>\n<td class=\"tg-d93i\">1<\/td>\n<td class=\"tg-d93i\">1.05<\/td>\n<td class=\"tg-d93i\">48.5<\/td>\n<\/tr>\n<tr>\n<td class=\"tg-d93i\">20<\/td>\n<td class=\"tg-d93i\">0.81<\/td>\n<td class=\"tg-d93i\">1.11<\/td>\n<td class=\"tg-d93i\">1.16<\/td>\n<td class=\"tg-d93i\">35.2<\/td>\n<\/tr>\n<tr>\n<td class=\"tg-d93i\">20<\/td>\n<td class=\"tg-d93i\">0.9<\/td>\n<td class=\"tg-d93i\">1.2<\/td>\n<td class=\"tg-d93i\">1.25<\/td>\n<td class=\"tg-d93i\">29.4<\/td>\n<\/tr>\n<tr>\n<td class=\"tg-d93i\">19<\/td>\n<td class=\"tg-d93i\">1<\/td>\n<td class=\"tg-d93i\">1.3<\/td>\n<td class=\"tg-d93i\">1.35<\/td>\n<td class=\"tg-d93i\">23.8<\/td>\n<\/tr>\n<tr>\n<td class=\"tg-d93i\">17<\/td>\n<td class=\"tg-d93i\">1.2<\/td>\n<td class=\"tg-d93i\">1.5<\/td>\n<td class=\"tg-d93i\">1.55<\/td>\n<td class=\"tg-d93i\">16.5<\/td>\n<\/tr>\n<\/tbody>\n<\/table>\n","protected":false},"excerpt":{"rendered":"<p>Los cables de los sistemas de comunicaciones a\u00e9reas est\u00e1n aislados para alta tensi\u00f3n y baja p\u00e9rdida y son componentes cr\u00edticos en las aeronaves responsables de transmitir se\u00f1ales de voz y datos entre equipos de comunicaciones como radios, transceptores, sistemas de intercomunicaci\u00f3n y antenas.<\/p>\n","protected":false},"featured_media":12446,"template":"","meta":{"_eb_attr":"","site-sidebar-layout":"default","site-content-layout":"","ast-site-content-layout":"default","site-content-style":"default","site-sidebar-style":"default","ast-global-header-display":"","ast-banner-title-visibility":"","ast-main-header-display":"","ast-hfb-above-header-display":"","ast-hfb-below-header-display":"","ast-hfb-mobile-header-display":"","site-post-title":"","ast-breadcrumbs-content":"","ast-featured-img":"","footer-sml-layout":"","theme-transparent-header-meta":"default","adv-header-id-meta":"","stick-header-meta":"","header-above-stick-meta":"","header-main-stick-meta":"","header-below-stick-meta":"","astra-migrate-meta-layouts":"set","ast-page-background-enabled":"default","ast-page-background-meta":{"desktop":{"background-color":"","background-image":"","background-repeat":"repeat","background-position":"center center","background-size":"auto","background-attachment":"scroll","background-type":"","background-media":"","overlay-type":"","overlay-color":"","overlay-opacity":"","overlay-gradient":""},"tablet":{"background-color":"","background-image":"","background-repeat":"repeat","background-position":"center center","background-size":"auto","background-attachment":"scroll","background-type":"","background-media":"","overlay-type":"","overlay-color":"","overlay-opacity":"","overlay-gradient":""},"mobile":{"background-color":"","background-image":"","background-repeat":"repeat","background-position":"center center","background-size":"auto","background-attachment":"scroll","background-type":"","background-media":"","overlay-type":"","overlay-color":"","overlay-opacity":"","overlay-gradient":""}},"ast-content-background-meta":{"desktop":{"background-color":"var(--ast-global-color-5)","background-image":"","background-repeat":"repeat","background-position":"center center","background-size":"auto","background-attachment":"scroll","background-type":"","background-media":"","overlay-type":"","overlay-color":"","overlay-opacity":"","overlay-gradient":""},"tablet":{"background-color":"var(--ast-global-color-5)","background-image":"","background-repeat":"repeat","background-position":"center center","background-size":"auto","background-attachment":"scroll","background-type":"","background-media":"","overlay-type":"","overlay-color":"","overlay-opacity":"","overlay-gradient":""},"mobile":{"background-color":"var(--ast-global-color-5)","background-image":"","background-repeat":"repeat","background-position":"center center","background-size":"auto","background-attachment":"scroll","background-type":"","background-media":"","overlay-type":"","overlay-color":"","overlay-opacity":"","overlay-gradient":""}}},"product_brand":[],"product_cat":[599],"product_tag":[640,641],"class_list":{"0":"post-16310","1":"product","2":"type-product","3":"status-publish","4":"has-post-thumbnail","6":"product_cat-aviacion","7":"product_tag-alambre-de-alta-frecuencia-resistente-a-altas-temperaturas-tewp","8":"product_tag-cables-de-alta-temperatura-tewp","9":"desktop-align-center","10":"tablet-align-left","11":"mobile-align-left","13":"first","14":"instock","15":"shipping-taxable","16":"product-type-simple"},"yoast_head":"<!-- This site is optimized with the Yoast SEO plugin v27.5 - https:\/\/yoast.com\/product\/yoast-seo-wordpress\/ -->\n<title>Cable PI (poliimida) extruido Cable apantallado multipolar AIPI-220 600 V<\/title>\n<meta name=\"description\" content=\"Los cables de los sistemas de comunicaciones a\u00e9reas est\u00e1n aislados para alta tensi\u00f3n y baja p\u00e9rdida y son componentes cr\u00edticos en las aeronaves responsables de la transmisi\u00f3n de voz.\" \/>\n<meta name=\"robots\" content=\"index, follow, max-snippet:-1, max-image-preview:large, max-video-preview:-1\" \/>\n<link rel=\"canonical\" href=\"https:\/\/www.tstcables.com\/es\/producto\/tewp-cable-de-alta-frecuencia-resistente-a-altas-temperaturas-32awg-17awg-180%e2%84%83-copy\/\" \/>\n<meta property=\"og:locale\" content=\"es_ES\" \/>\n<meta property=\"og:type\" content=\"article\" \/>\n<meta property=\"og:title\" content=\"Cable PI (poliimida) extruido Cable apantallado multipolar AIPI-220 600 V\" \/>\n<meta property=\"og:description\" content=\"Los cables de los sistemas de comunicaciones a\u00e9reas est\u00e1n aislados para alta tensi\u00f3n y baja p\u00e9rdida y son componentes cr\u00edticos en las aeronaves responsables de la transmisi\u00f3n de voz.\" \/>\n<meta property=\"og:url\" content=\"https:\/\/www.tstcables.com\/es\/producto\/tewp-cable-de-alta-frecuencia-resistente-a-altas-temperaturas-32awg-17awg-180%e2%84%83-copy\/\" \/>\n<meta property=\"og:site_name\" content=\"TST CABLES supplier &amp; Manufacture\" \/>\n<meta property=\"article:modified_time\" content=\"2024-05-07T02:30:03+00:00\" \/>\n<meta property=\"og:image\" content=\"https:\/\/www.tstcables.com\/wp-content\/uploads\/2024\/03\/4-5.jpg\" \/>\n\t<meta property=\"og:image:width\" content=\"640\" \/>\n\t<meta property=\"og:image:height\" content=\"640\" \/>\n\t<meta property=\"og:image:type\" content=\"image\/jpeg\" \/>\n<meta name=\"twitter:card\" content=\"summary_large_image\" \/>\n<meta name=\"twitter:label1\" content=\"Tiempo de lectura\" \/>\n\t<meta name=\"twitter:data1\" content=\"1 minuto\" \/>\n<script type=\"application\/ld+json\" class=\"yoast-schema-graph\">{\"@context\":\"https:\\\/\\\/schema.org\",\"@graph\":[{\"@type\":\"WebPage\",\"@id\":\"https:\\\/\\\/www.tstcables.com\\\/es\\\/producto\\\/tewp-cable-de-alta-frecuencia-resistente-a-altas-temperaturas-32awg-17awg-180%e2%84%83-copy\\\/\",\"url\":\"https:\\\/\\\/www.tstcables.com\\\/es\\\/producto\\\/tewp-cable-de-alta-frecuencia-resistente-a-altas-temperaturas-32awg-17awg-180%e2%84%83-copy\\\/\",\"name\":\"Cable PI (poliimida) extruido Cable apantallado multipolar AIPI-220 600 V\",\"isPartOf\":{\"@id\":\"https:\\\/\\\/www.tstcables.com\\\/es\\\/#website\"},\"primaryImageOfPage\":{\"@id\":\"https:\\\/\\\/www.tstcables.com\\\/es\\\/producto\\\/tewp-cable-de-alta-frecuencia-resistente-a-altas-temperaturas-32awg-17awg-180%e2%84%83-copy\\\/#primaryimage\"},\"image\":{\"@id\":\"https:\\\/\\\/www.tstcables.com\\\/es\\\/producto\\\/tewp-cable-de-alta-frecuencia-resistente-a-altas-temperaturas-32awg-17awg-180%e2%84%83-copy\\\/#primaryimage\"},\"thumbnailUrl\":\"https:\\\/\\\/www.tstcables.com\\\/wp-content\\\/uploads\\\/2024\\\/03\\\/4-5.jpg\",\"datePublished\":\"2024-04-13T03:00:34+00:00\",\"dateModified\":\"2024-05-07T02:30:03+00:00\",\"description\":\"Los cables de los sistemas de comunicaciones a\u00e9reas est\u00e1n aislados para alta tensi\u00f3n y baja p\u00e9rdida y son componentes cr\u00edticos en las aeronaves responsables de la transmisi\u00f3n de voz.\",\"breadcrumb\":{\"@id\":\"https:\\\/\\\/www.tstcables.com\\\/es\\\/producto\\\/tewp-cable-de-alta-frecuencia-resistente-a-altas-temperaturas-32awg-17awg-180%e2%84%83-copy\\\/#breadcrumb\"},\"inLanguage\":\"es\",\"potentialAction\":[{\"@type\":\"ReadAction\",\"target\":[\"https:\\\/\\\/www.tstcables.com\\\/es\\\/producto\\\/tewp-cable-de-alta-frecuencia-resistente-a-altas-temperaturas-32awg-17awg-180%e2%84%83-copy\\\/\"]}]},{\"@type\":\"ImageObject\",\"inLanguage\":\"es\",\"@id\":\"https:\\\/\\\/www.tstcables.com\\\/es\\\/producto\\\/tewp-cable-de-alta-frecuencia-resistente-a-altas-temperaturas-32awg-17awg-180%e2%84%83-copy\\\/#primaryimage\",\"url\":\"https:\\\/\\\/www.tstcables.com\\\/wp-content\\\/uploads\\\/2024\\\/03\\\/4-5.jpg\",\"contentUrl\":\"https:\\\/\\\/www.tstcables.com\\\/wp-content\\\/uploads\\\/2024\\\/03\\\/4-5.jpg\",\"width\":640,\"height\":640,\"caption\":\"Fire Resistant Computer Wire & Cable\"},{\"@type\":\"BreadcrumbList\",\"@id\":\"https:\\\/\\\/www.tstcables.com\\\/es\\\/producto\\\/tewp-cable-de-alta-frecuencia-resistente-a-altas-temperaturas-32awg-17awg-180%e2%84%83-copy\\\/#breadcrumb\",\"itemListElement\":[{\"@type\":\"ListItem\",\"position\":1,\"name\":\"\u9996\u9875\",\"item\":\"https:\\\/\\\/www.tstcables.com\\\/es\\\/\"},{\"@type\":\"ListItem\",\"position\":2,\"name\":\"Product\",\"item\":\"https:\\\/\\\/www.tstcables.com\\\/product\\\/\"},{\"@type\":\"ListItem\",\"position\":3,\"name\":\"Cable PI (poliimida) extruido Cable apantallado multipolar AIPI-220 600 V\"}]},{\"@type\":\"WebSite\",\"@id\":\"https:\\\/\\\/www.tstcables.com\\\/es\\\/#website\",\"url\":\"https:\\\/\\\/www.tstcables.com\\\/es\\\/\",\"name\":\"TST Cable supplier & Manufacture\",\"description\":\"TST CABLES  supplier &amp; Manufacture official website\",\"publisher\":{\"@id\":\"https:\\\/\\\/www.tstcables.com\\\/es\\\/#organization\"},\"potentialAction\":[{\"@type\":\"SearchAction\",\"target\":{\"@type\":\"EntryPoint\",\"urlTemplate\":\"https:\\\/\\\/www.tstcables.com\\\/es\\\/?s={search_term_string}\"},\"query-input\":{\"@type\":\"PropertyValueSpecification\",\"valueRequired\":true,\"valueName\":\"search_term_string\"}}],\"inLanguage\":\"es\"},{\"@type\":\"Organization\",\"@id\":\"https:\\\/\\\/www.tstcables.com\\\/es\\\/#organization\",\"name\":\"TST Cable supplier & Manufacture\",\"url\":\"https:\\\/\\\/www.tstcables.com\\\/es\\\/\",\"logo\":{\"@type\":\"ImageObject\",\"inLanguage\":\"es\",\"@id\":\"https:\\\/\\\/www.tstcables.com\\\/es\\\/#\\\/schema\\\/logo\\\/image\\\/\",\"url\":\"https:\\\/\\\/www.tstcables.com\\\/wp-content\\\/uploads\\\/2024\\\/04\\\/cropped-\u753b\u677f-1-\u62f7\u8d1d-4-1.png\",\"contentUrl\":\"https:\\\/\\\/www.tstcables.com\\\/wp-content\\\/uploads\\\/2024\\\/04\\\/cropped-\u753b\u677f-1-\u62f7\u8d1d-4-1.png\",\"width\":300,\"height\":100,\"caption\":\"TST Cable supplier & Manufacture\"},\"image\":{\"@id\":\"https:\\\/\\\/www.tstcables.com\\\/es\\\/#\\\/schema\\\/logo\\\/image\\\/\"}}]}<\/script>\n<!-- \/ Yoast SEO plugin. -->","yoast_head_json":{"title":"Cable PI (poliimida) extruido Cable apantallado multipolar AIPI-220 600 V","description":"Los cables de los sistemas de comunicaciones a\u00e9reas est\u00e1n aislados para alta tensi\u00f3n y baja p\u00e9rdida y son componentes cr\u00edticos en las aeronaves responsables de la transmisi\u00f3n de voz.","robots":{"index":"index","follow":"follow","max-snippet":"max-snippet:-1","max-image-preview":"max-image-preview:large","max-video-preview":"max-video-preview:-1"},"canonical":"https:\/\/www.tstcables.com\/es\/producto\/tewp-cable-de-alta-frecuencia-resistente-a-altas-temperaturas-32awg-17awg-180%e2%84%83-copy\/","og_locale":"es_ES","og_type":"article","og_title":"Cable PI (poliimida) extruido Cable apantallado multipolar AIPI-220 600 V","og_description":"Los cables de los sistemas de comunicaciones a\u00e9reas est\u00e1n aislados para alta tensi\u00f3n y baja p\u00e9rdida y son componentes cr\u00edticos en las aeronaves responsables de la transmisi\u00f3n de voz.","og_url":"https:\/\/www.tstcables.com\/es\/producto\/tewp-cable-de-alta-frecuencia-resistente-a-altas-temperaturas-32awg-17awg-180%e2%84%83-copy\/","og_site_name":"TST CABLES supplier &amp; Manufacture","article_modified_time":"2024-05-07T02:30:03+00:00","og_image":[{"width":640,"height":640,"url":"https:\/\/www.tstcables.com\/wp-content\/uploads\/2024\/03\/4-5.jpg","type":"image\/jpeg"}],"twitter_card":"summary_large_image","twitter_misc":{"Tiempo de lectura":"1 minuto"},"schema":{"@context":"https:\/\/schema.org","@graph":[{"@type":"WebPage","@id":"https:\/\/www.tstcables.com\/es\/producto\/tewp-cable-de-alta-frecuencia-resistente-a-altas-temperaturas-32awg-17awg-180%e2%84%83-copy\/","url":"https:\/\/www.tstcables.com\/es\/producto\/tewp-cable-de-alta-frecuencia-resistente-a-altas-temperaturas-32awg-17awg-180%e2%84%83-copy\/","name":"Cable PI (poliimida) extruido Cable apantallado multipolar AIPI-220 600 V","isPartOf":{"@id":"https:\/\/www.tstcables.com\/es\/#website"},"primaryImageOfPage":{"@id":"https:\/\/www.tstcables.com\/es\/producto\/tewp-cable-de-alta-frecuencia-resistente-a-altas-temperaturas-32awg-17awg-180%e2%84%83-copy\/#primaryimage"},"image":{"@id":"https:\/\/www.tstcables.com\/es\/producto\/tewp-cable-de-alta-frecuencia-resistente-a-altas-temperaturas-32awg-17awg-180%e2%84%83-copy\/#primaryimage"},"thumbnailUrl":"https:\/\/www.tstcables.com\/wp-content\/uploads\/2024\/03\/4-5.jpg","datePublished":"2024-04-13T03:00:34+00:00","dateModified":"2024-05-07T02:30:03+00:00","description":"Los cables de los sistemas de comunicaciones a\u00e9reas est\u00e1n aislados para alta tensi\u00f3n y baja p\u00e9rdida y son componentes cr\u00edticos en las aeronaves responsables de la transmisi\u00f3n de voz.","breadcrumb":{"@id":"https:\/\/www.tstcables.com\/es\/producto\/tewp-cable-de-alta-frecuencia-resistente-a-altas-temperaturas-32awg-17awg-180%e2%84%83-copy\/#breadcrumb"},"inLanguage":"es","potentialAction":[{"@type":"ReadAction","target":["https:\/\/www.tstcables.com\/es\/producto\/tewp-cable-de-alta-frecuencia-resistente-a-altas-temperaturas-32awg-17awg-180%e2%84%83-copy\/"]}]},{"@type":"ImageObject","inLanguage":"es","@id":"https:\/\/www.tstcables.com\/es\/producto\/tewp-cable-de-alta-frecuencia-resistente-a-altas-temperaturas-32awg-17awg-180%e2%84%83-copy\/#primaryimage","url":"https:\/\/www.tstcables.com\/wp-content\/uploads\/2024\/03\/4-5.jpg","contentUrl":"https:\/\/www.tstcables.com\/wp-content\/uploads\/2024\/03\/4-5.jpg","width":640,"height":640,"caption":"Fire Resistant Computer Wire & Cable"},{"@type":"BreadcrumbList","@id":"https:\/\/www.tstcables.com\/es\/producto\/tewp-cable-de-alta-frecuencia-resistente-a-altas-temperaturas-32awg-17awg-180%e2%84%83-copy\/#breadcrumb","itemListElement":[{"@type":"ListItem","position":1,"name":"\u9996\u9875","item":"https:\/\/www.tstcables.com\/es\/"},{"@type":"ListItem","position":2,"name":"Product","item":"https:\/\/www.tstcables.com\/product\/"},{"@type":"ListItem","position":3,"name":"Cable PI (poliimida) extruido Cable apantallado multipolar AIPI-220 600 V"}]},{"@type":"WebSite","@id":"https:\/\/www.tstcables.com\/es\/#website","url":"https:\/\/www.tstcables.com\/es\/","name":"TST Cable supplier & Manufacture","description":"TST CABLES  supplier &amp; Manufacture official website","publisher":{"@id":"https:\/\/www.tstcables.com\/es\/#organization"},"potentialAction":[{"@type":"SearchAction","target":{"@type":"EntryPoint","urlTemplate":"https:\/\/www.tstcables.com\/es\/?s={search_term_string}"},"query-input":{"@type":"PropertyValueSpecification","valueRequired":true,"valueName":"search_term_string"}}],"inLanguage":"es"},{"@type":"Organization","@id":"https:\/\/www.tstcables.com\/es\/#organization","name":"TST Cable supplier & Manufacture","url":"https:\/\/www.tstcables.com\/es\/","logo":{"@type":"ImageObject","inLanguage":"es","@id":"https:\/\/www.tstcables.com\/es\/#\/schema\/logo\/image\/","url":"https:\/\/www.tstcables.com\/wp-content\/uploads\/2024\/04\/cropped-\u753b\u677f-1-\u62f7\u8d1d-4-1.png","contentUrl":"https:\/\/www.tstcables.com\/wp-content\/uploads\/2024\/04\/cropped-\u753b\u677f-1-\u62f7\u8d1d-4-1.png","width":300,"height":100,"caption":"TST Cable supplier & Manufacture"},"image":{"@id":"https:\/\/www.tstcables.com\/es\/#\/schema\/logo\/image\/"}}]}},"_links":{"self":[{"href":"https:\/\/www.tstcables.com\/es\/wp-json\/wp\/v2\/product\/16310","targetHints":{"allow":["GET"]}}],"collection":[{"href":"https:\/\/www.tstcables.com\/es\/wp-json\/wp\/v2\/product"}],"about":[{"href":"https:\/\/www.tstcables.com\/es\/wp-json\/wp\/v2\/types\/product"}],"version-history":[{"count":0,"href":"https:\/\/www.tstcables.com\/es\/wp-json\/wp\/v2\/product\/16310\/revisions"}],"wp:featuredmedia":[{"embeddable":true,"href":"https:\/\/www.tstcables.com\/es\/wp-json\/wp\/v2\/media\/12446"}],"wp:attachment":[{"href":"https:\/\/www.tstcables.com\/es\/wp-json\/wp\/v2\/media?parent=16310"}],"wp:term":[{"taxonomy":"product_brand","embeddable":true,"href":"https:\/\/www.tstcables.com\/es\/wp-json\/wp\/v2\/product_brand?post=16310"},{"taxonomy":"product_cat","embeddable":true,"href":"https:\/\/www.tstcables.com\/es\/wp-json\/wp\/v2\/product_cat?post=16310"},{"taxonomy":"product_tag","embeddable":true,"href":"https:\/\/www.tstcables.com\/es\/wp-json\/wp\/v2\/product_tag?post=16310"}],"curies":[{"name":"wp","href":"https:\/\/api.w.org\/{rel}","templated":true}]}}