{"id":16549,"date":"2024-04-15T16:04:58","date_gmt":"2024-04-15T08:04:58","guid":{"rendered":"https:\/\/www.tstcables.com\/product\/cable-de-alta-temperatura-de-25-mm2\/"},"modified":"2024-05-27T15:00:17","modified_gmt":"2024-05-27T07:00:17","slug":"cable-de-alta-temperatura-de-25-mm2","status":"publish","type":"product","link":"https:\/\/www.tstcables.com\/es\/producto\/cable-de-alta-temperatura-de-25-mm2\/","title":{"rendered":"Cable de alta temperatura de 2,5 mm"},"content":{"rendered":"<p><strong> Descripci\u00f3n del producto<\/strong><\/p>\n<p>El alambre y cable de alta temperatura de 2,5 mm se refiere al alambre y cable que puede seguir funcionando de forma estable a 125\u2103, 135\u2103, 150\u2103, 180\u2103, 200\u2103, 250\u2103, 300\u2103, 500\u2103 y 500\u2103 por encima de un determinado entorno de alta temperatura, y la transmisi\u00f3n normal de se\u00f1ales o energ\u00eda el\u00e9ctrica no se ver\u00e1 afectada. TSTCABLES Tres formas comunes de cable de 2,5 mm2 resistente a altas temperaturas: cable unipolar, cable coaxial, cable multipolar.<\/p>\n<p>Gama de especificaciones: 32AWG-17AWG<br \/>\nGrado de resistencia a la temperatura: grado H (180\u2103)<\/p>\n<p><strong>Aplicaciones<\/strong><br \/>\nlInterruptores diversos, fuentes de alimentaci\u00f3n, transformadores, fuentes de alimentaci\u00f3n para iluminaci\u00f3n, transformadores<br \/>\nlVeh\u00edculos de nueva energ\u00eda<br \/>\nlCarga inal\u00e1mbrica de tel\u00e9fonos m\u00f3viles<\/p>\n<p><strong>Caracter\u00edsticas del producto:<\/strong><br \/>\n1. Baja p\u00e9rdida.<br \/>\nEl dise\u00f1o especial de la estructura del conductor, que utiliza alambre trenzado con revestimiento especial, reduce las corrientes par\u00e1sitas en el interior del conductor.<br \/>\ncon lo que se consigue un menor di\u00e1metro exterior del conductor y una excelente soldabilidad; su rendimiento de baja p\u00e9rdida es equivalente a<br \/>\nLa l\u00ednea Litz reduce las p\u00e9rdidas innecesarias;<br \/>\n2. 3. Tres capas de protecci\u00f3n aislante, sin agujeros;<br \/>\nLas m\u00faltiples capas de revestimiento aislante de distintos materiales eliminan la posibilidad de que se formen agujeros de alfiler.<br \/>\n3. Con una tensi\u00f3n de aislamiento elevada, se pueden omitir la cinta aislante y las capas aislantes y reducir el volumen;<br \/>\n4. La bobina es f\u00e1cil de enrollar, porque la superficie tiene un coeficiente de fricci\u00f3n muy bajo, lo que ofrece oportunidades para el bobinado autom\u00e1tico a alta velocidad.<br \/>\nprovides the possibility;<br \/>\n5. Mayor nivel de temperatura y excelente rendimiento.<br \/>\nLos grados de temperatura incluyen 155\u00b0C, 180\u00b0C y 200\u00b0C.<br \/>\n6. F\u00e1cil de despegar.<br \/>\nGracias al uso de materiales de revestimiento especiales, el conductor es m\u00e1s f\u00e1cil de despegar. Se puede soldar directamente sin eliminar por completo la capa aislante.<\/p>\n<p><strong>Par\u00e1metros t\u00e9cnicos<\/strong><\/p>\n<table class=\"tg\">\n<thead>\n<tr>\n<th class=\"tg-amwm\" colspan=\"2\">Tama\u00f1o del conductor<\/th>\n<th class=\"tg-amwm\" rowspan=\"2\">Exterior est\u00e1ndar<br \/>\ndi\u00e1metro<\/th>\n<th class=\"tg-amwm\" rowspan=\"2\">Exterior m\u00e1ximo<br \/>\ndi\u00e1metro<\/th>\n<th class=\"tg-amwm\" rowspan=\"2\">Conductor m\u00e1ximo<br \/>\nResistencia(\u03a9\/km)<\/th>\n<th class=\"tg-amwm\" rowspan=\"2\">Est\u00e1ndar<br \/>\nPeso (g\/m)<\/th>\n<\/tr>\n<tr>\n<th class=\"tg-wa1i\">AWG<\/th>\n<th class=\"tg-amwm\">Di\u00e1metro exterior<br \/>\n(mm)<\/th>\n<\/tr>\n<\/thead>\n<tbody>\n<tr>\n<td class=\"tg-nrix\">32<\/td>\n<td class=\"tg-nrix\">0.203<\/td>\n<td class=\"tg-nrix\">0.51<\/td>\n<td class=\"tg-nrix\">0.55<\/td>\n<td class=\"tg-nrix\">583<\/td>\n<td class=\"tg-nrix\">0.6<\/td>\n<\/tr>\n<tr>\n<td class=\"tg-nrix\">30<\/td>\n<td class=\"tg-nrix\">0.254<\/td>\n<td class=\"tg-nrix\">0.56<\/td>\n<td class=\"tg-nrix\">0.61<\/td>\n<td class=\"tg-nrix\">373<\/td>\n<td class=\"tg-nrix\">0.79<\/td>\n<\/tr>\n<tr>\n<td class=\"tg-nrix\">28<\/td>\n<td class=\"tg-nrix\">0.32<\/td>\n<td class=\"tg-nrix\">0.62<\/td>\n<td class=\"tg-nrix\">0.67<\/td>\n<td class=\"tg-nrix\">237<\/td>\n<td class=\"tg-nrix\">1.09<\/td>\n<\/tr>\n<tr>\n<td class=\"tg-nrix\">26<\/td>\n<td class=\"tg-nrix\">0.404<\/td>\n<td class=\"tg-nrix\">0.7<\/td>\n<td class=\"tg-nrix\">0.75<\/td>\n<td class=\"tg-nrix\">145<\/td>\n<td class=\"tg-nrix\">1.57<\/td>\n<\/tr>\n<tr>\n<td class=\"tg-nrix\">25<\/td>\n<td class=\"tg-nrix\">0.45<\/td>\n<td class=\"tg-nrix\">0.75<\/td>\n<td class=\"tg-nrix\">0.8<\/td>\n<td class=\"tg-nrix\">120<\/td>\n<td class=\"tg-nrix\">1.96<\/td>\n<\/tr>\n<tr>\n<td class=\"tg-nrix\">24<\/td>\n<td class=\"tg-nrix\">0.51<\/td>\n<td class=\"tg-nrix\">0.81<\/td>\n<td class=\"tg-nrix\">0.86<\/td>\n<td class=\"tg-nrix\">89.3<\/td>\n<td class=\"tg-nrix\">2.36<\/td>\n<\/tr>\n<tr>\n<td class=\"tg-nrix\">23<\/td>\n<td class=\"tg-nrix\">0.6<\/td>\n<td class=\"tg-nrix\">0.9<\/td>\n<td class=\"tg-nrix\">0.95<\/td>\n<td class=\"tg-nrix\">66.1<\/td>\n<td class=\"tg-nrix\">3.2<\/td>\n<\/tr>\n<tr>\n<td class=\"tg-nrix\">22<\/td>\n<td class=\"tg-nrix\">0.64<\/td>\n<td class=\"tg-nrix\">0.94<\/td>\n<td class=\"tg-nrix\">0.99<\/td>\n<td class=\"tg-nrix\">56.3<\/td>\n<td class=\"tg-nrix\">3.51<\/td>\n<\/tr>\n<tr>\n<td class=\"tg-nrix\">22<\/td>\n<td class=\"tg-nrix\">0.7<\/td>\n<td class=\"tg-nrix\">1<\/td>\n<td class=\"tg-nrix\">1.05<\/td>\n<td class=\"tg-nrix\">48.5<\/td>\n<td class=\"tg-nrix\">4.83<\/td>\n<\/tr>\n<tr>\n<td class=\"tg-nrix\">20<\/td>\n<td class=\"tg-nrix\">0.81<\/td>\n<td class=\"tg-nrix\">1.11<\/td>\n<td class=\"tg-nrix\">1.16<\/td>\n<td class=\"tg-nrix\">35.2<\/td>\n<td class=\"tg-nrix\">5.36<\/td>\n<\/tr>\n<tr>\n<td class=\"tg-nrix\">20<\/td>\n<td class=\"tg-nrix\">0.9<\/td>\n<td class=\"tg-nrix\">1.2<\/td>\n<td class=\"tg-nrix\">1.25<\/td>\n<td class=\"tg-nrix\">29.4<\/td>\n<td class=\"tg-nrix\">6.56<\/td>\n<\/tr>\n<tr>\n<td class=\"tg-nrix\">19<\/td>\n<td class=\"tg-nrix\">1<\/td>\n<td class=\"tg-nrix\">1.3<\/td>\n<td class=\"tg-nrix\">1.35<\/td>\n<td class=\"tg-nrix\">23.8<\/td>\n<td class=\"tg-nrix\">7.95<\/td>\n<\/tr>\n<tr>\n<td class=\"tg-nrix\">17<\/td>\n<td class=\"tg-nrix\">1.2<\/td>\n<td class=\"tg-nrix\">1.5<\/td>\n<td class=\"tg-nrix\">1.55<\/td>\n<td class=\"tg-nrix\">16.5<\/td>\n<td class=\"tg-nrix\">11.13<\/td>\n<\/tr>\n<\/tbody>\n<\/table>\n<p><span class=\"Y2IQFc\" lang=\"en\">Nota: Este productos con otros par\u00e1metros se pueden personalizar de acuerdo a las necesidades<\/span><\/p>\n","protected":false},"excerpt":{"rendered":"<p>El alambre y cable de alta temperatura de 2,5 mm2 se refiere al alambre y cable que puede seguir funcionando de forma estable a 125\u2103, 135\u2103, 150\u2103, 180\u2103, 200\u2103, 250\u2103, 300\u2103, 500\u2103 y 500\u2103 por encima de un determinado entorno de alta temperatura, y la transmisi\u00f3n normal de se\u00f1ales o energ\u00eda el\u00e9ctrica no se ver\u00e1 afectada. TSTCABLES Tres formas comunes de cable de 2,5 mm2 resistente a altas temperaturas: cable unipolar, cable coaxial, cable multipolar.<\/p>\n","protected":false},"featured_media":13318,"template":"","meta":{"_eb_attr":"","site-sidebar-layout":"default","site-content-layout":"","ast-site-content-layout":"default","site-content-style":"default","site-sidebar-style":"default","ast-global-header-display":"","ast-banner-title-visibility":"","ast-main-header-display":"","ast-hfb-above-header-display":"","ast-hfb-below-header-display":"","ast-hfb-mobile-header-display":"","site-post-title":"","ast-breadcrumbs-content":"","ast-featured-img":"","footer-sml-layout":"","theme-transparent-header-meta":"default","adv-header-id-meta":"","stick-header-meta":"","header-above-stick-meta":"","header-main-stick-meta":"","header-below-stick-meta":"","astra-migrate-meta-layouts":"default","ast-page-background-enabled":"default","ast-page-background-meta":{"desktop":{"background-color":"","background-image":"","background-repeat":"repeat","background-position":"center center","background-size":"auto","background-attachment":"scroll","background-type":"","background-media":"","overlay-type":"","overlay-color":"","overlay-opacity":"","overlay-gradient":""},"tablet":{"background-color":"","background-image":"","background-repeat":"repeat","background-position":"center center","background-size":"auto","background-attachment":"scroll","background-type":"","background-media":"","overlay-type":"","overlay-color":"","overlay-opacity":"","overlay-gradient":""},"mobile":{"background-color":"","background-image":"","background-repeat":"repeat","background-position":"center center","background-size":"auto","background-attachment":"scroll","background-type":"","background-media":"","overlay-type":"","overlay-color":"","overlay-opacity":"","overlay-gradient":""}},"ast-content-background-meta":{"desktop":{"background-color":"var(--ast-global-color-5)","background-image":"","background-repeat":"repeat","background-position":"center center","background-size":"auto","background-attachment":"scroll","background-type":"","background-media":"","overlay-type":"","overlay-color":"","overlay-opacity":"","overlay-gradient":""},"tablet":{"background-color":"var(--ast-global-color-5)","background-image":"","background-repeat":"repeat","background-position":"center center","background-size":"auto","background-attachment":"scroll","background-type":"","background-media":"","overlay-type":"","overlay-color":"","overlay-opacity":"","overlay-gradient":""},"mobile":{"background-color":"var(--ast-global-color-5)","background-image":"","background-repeat":"repeat","background-position":"center center","background-size":"auto","background-attachment":"scroll","background-type":"","background-media":"","overlay-type":"","overlay-color":"","overlay-opacity":"","overlay-gradient":""}}},"product_brand":[],"product_cat":[929,931,930,599,591,621,631,590,623,622,601,610,603,602,646,598,787,784,785,600,597],"product_tag":[932,933,934],"class_list":{"0":"post-16549","1":"product","2":"type-product","3":"status-publish","4":"has-post-thumbnail","6":"product_cat-arnes","7":"product_cat-arnes-del-automovil","8":"product_cat-arnes-industrial","9":"product_cat-aviacion","10":"product_cat-cable-de-alta-temperatura","11":"product_cat-cable-de-pequeno-tamano","12":"product_cat-cable-ligero","13":"product_cat-lsoh-cable-es","14":"product_cat-en50264-es","15":"product_cat-en50306-es","16":"product_cat-en50382-es","17":"product_cat-energia-eolica","18":"product_cat-norma-en","19":"product_cat-norma-ice","20":"product_cat-nuclear-es","21":"product_cat-petroleo-gas","22":"product_cat-product-by-standard-es","23":"product_cat-product-by-industry-es","24":"product_cat-product-by-material-es","25":"product_cat-marina","26":"product_cat-via-ferrea","27":"product_tag-cable-de-alta-temperatura","28":"product_tag-cable-de-alta-temperatura-de-25-mm2","29":"product_tag-proveedores-de-cables-de-alta-temperatura-de-25-mm2","30":"desktop-align-center","31":"tablet-align-left","32":"mobile-align-left","34":"first","35":"instock","36":"shipping-taxable","37":"product-type-simple"},"yoast_head":"<!-- This site is optimized with the Yoast SEO plugin v27.4 - https:\/\/yoast.com\/product\/yoast-seo-wordpress\/ -->\n<title>Cable de alta temperatura de 2,5 mm2<\/title>\n<meta name=\"description\" content=\"TSTCABLES Tres formas comunes de cable de 2,5 mm2 resistente a altas temperaturas: cable unipolar, cable coaxial, cable multipolar.\" \/>\n<meta name=\"robots\" content=\"index, follow, max-snippet:-1, max-image-preview:large, max-video-preview:-1\" \/>\n<link rel=\"canonical\" href=\"https:\/\/www.tstcables.com\/es\/producto\/cable-de-alta-temperatura-de-25-mm2\/\" \/>\n<meta property=\"og:locale\" content=\"es_ES\" \/>\n<meta property=\"og:type\" content=\"article\" \/>\n<meta property=\"og:title\" content=\"Cable de alta temperatura de 2,5 mm2\" \/>\n<meta property=\"og:description\" content=\"TSTCABLES Tres formas comunes de cable de 2,5 mm2 resistente a altas temperaturas: cable unipolar, cable coaxial, cable multipolar.\" \/>\n<meta property=\"og:url\" content=\"https:\/\/www.tstcables.com\/es\/producto\/cable-de-alta-temperatura-de-25-mm2\/\" \/>\n<meta property=\"og:site_name\" content=\"TST CABLES supplier &amp; Manufacture\" \/>\n<meta property=\"article:modified_time\" content=\"2024-05-27T07:00:17+00:00\" \/>\n<meta property=\"og:image\" content=\"https:\/\/www.tstcables.com\/wp-content\/uploads\/2024\/03\/1-3.webp\" \/>\n\t<meta property=\"og:image:width\" content=\"640\" \/>\n\t<meta property=\"og:image:height\" content=\"640\" \/>\n\t<meta property=\"og:image:type\" content=\"image\/webp\" \/>\n<meta name=\"twitter:card\" content=\"summary_large_image\" \/>\n<meta name=\"twitter:label1\" content=\"Tiempo de lectura\" \/>\n\t<meta name=\"twitter:data1\" content=\"2 minutos\" \/>\n<script type=\"application\/ld+json\" class=\"yoast-schema-graph\">{\"@context\":\"https:\\\/\\\/schema.org\",\"@graph\":[{\"@type\":\"WebPage\",\"@id\":\"https:\\\/\\\/www.tstcables.com\\\/es\\\/producto\\\/cable-de-alta-temperatura-de-25-mm2\\\/\",\"url\":\"https:\\\/\\\/www.tstcables.com\\\/es\\\/producto\\\/cable-de-alta-temperatura-de-25-mm2\\\/\",\"name\":\"Cable de alta temperatura de 2,5 mm2\",\"isPartOf\":{\"@id\":\"https:\\\/\\\/www.tstcables.com\\\/es\\\/#website\"},\"primaryImageOfPage\":{\"@id\":\"https:\\\/\\\/www.tstcables.com\\\/es\\\/producto\\\/cable-de-alta-temperatura-de-25-mm2\\\/#primaryimage\"},\"image\":{\"@id\":\"https:\\\/\\\/www.tstcables.com\\\/es\\\/producto\\\/cable-de-alta-temperatura-de-25-mm2\\\/#primaryimage\"},\"thumbnailUrl\":\"https:\\\/\\\/www.tstcables.com\\\/wp-content\\\/uploads\\\/2024\\\/03\\\/1-3.webp\",\"datePublished\":\"2024-04-15T08:04:58+00:00\",\"dateModified\":\"2024-05-27T07:00:17+00:00\",\"description\":\"TSTCABLES Tres formas comunes de cable de 2,5 mm2 resistente a altas temperaturas: cable unipolar, cable coaxial, cable multipolar.\",\"breadcrumb\":{\"@id\":\"https:\\\/\\\/www.tstcables.com\\\/es\\\/producto\\\/cable-de-alta-temperatura-de-25-mm2\\\/#breadcrumb\"},\"inLanguage\":\"es\",\"potentialAction\":[{\"@type\":\"ReadAction\",\"target\":[\"https:\\\/\\\/www.tstcables.com\\\/es\\\/producto\\\/cable-de-alta-temperatura-de-25-mm2\\\/\"]}]},{\"@type\":\"ImageObject\",\"inLanguage\":\"es\",\"@id\":\"https:\\\/\\\/www.tstcables.com\\\/es\\\/producto\\\/cable-de-alta-temperatura-de-25-mm2\\\/#primaryimage\",\"url\":\"https:\\\/\\\/www.tstcables.com\\\/wp-content\\\/uploads\\\/2024\\\/03\\\/1-3.webp\",\"contentUrl\":\"https:\\\/\\\/www.tstcables.com\\\/wp-content\\\/uploads\\\/2024\\\/03\\\/1-3.webp\",\"width\":640,\"height\":640,\"caption\":\"Silicone High Voltage Wire & Cable\"},{\"@type\":\"BreadcrumbList\",\"@id\":\"https:\\\/\\\/www.tstcables.com\\\/es\\\/producto\\\/cable-de-alta-temperatura-de-25-mm2\\\/#breadcrumb\",\"itemListElement\":[{\"@type\":\"ListItem\",\"position\":1,\"name\":\"\u9996\u9875\",\"item\":\"https:\\\/\\\/www.tstcables.com\\\/es\\\/\"},{\"@type\":\"ListItem\",\"position\":2,\"name\":\"Product\",\"item\":\"https:\\\/\\\/www.tstcables.com\\\/product\\\/\"},{\"@type\":\"ListItem\",\"position\":3,\"name\":\"Cable de alta temperatura de 2,5 mm\"}]},{\"@type\":\"WebSite\",\"@id\":\"https:\\\/\\\/www.tstcables.com\\\/es\\\/#website\",\"url\":\"https:\\\/\\\/www.tstcables.com\\\/es\\\/\",\"name\":\"TST Cable supplier & Manufacture\",\"description\":\"TST CABLES  supplier &amp; Manufacture official website\",\"publisher\":{\"@id\":\"https:\\\/\\\/www.tstcables.com\\\/es\\\/#organization\"},\"potentialAction\":[{\"@type\":\"SearchAction\",\"target\":{\"@type\":\"EntryPoint\",\"urlTemplate\":\"https:\\\/\\\/www.tstcables.com\\\/es\\\/?s={search_term_string}\"},\"query-input\":{\"@type\":\"PropertyValueSpecification\",\"valueRequired\":true,\"valueName\":\"search_term_string\"}}],\"inLanguage\":\"es\"},{\"@type\":\"Organization\",\"@id\":\"https:\\\/\\\/www.tstcables.com\\\/es\\\/#organization\",\"name\":\"TST Cable supplier & Manufacture\",\"url\":\"https:\\\/\\\/www.tstcables.com\\\/es\\\/\",\"logo\":{\"@type\":\"ImageObject\",\"inLanguage\":\"es\",\"@id\":\"https:\\\/\\\/www.tstcables.com\\\/es\\\/#\\\/schema\\\/logo\\\/image\\\/\",\"url\":\"https:\\\/\\\/www.tstcables.com\\\/wp-content\\\/uploads\\\/2024\\\/04\\\/cropped-\u753b\u677f-1-\u62f7\u8d1d-4-1.png\",\"contentUrl\":\"https:\\\/\\\/www.tstcables.com\\\/wp-content\\\/uploads\\\/2024\\\/04\\\/cropped-\u753b\u677f-1-\u62f7\u8d1d-4-1.png\",\"width\":300,\"height\":100,\"caption\":\"TST Cable supplier & Manufacture\"},\"image\":{\"@id\":\"https:\\\/\\\/www.tstcables.com\\\/es\\\/#\\\/schema\\\/logo\\\/image\\\/\"}}]}<\/script>\n<!-- \/ Yoast SEO plugin. -->","yoast_head_json":{"title":"Cable de alta temperatura de 2,5 mm2","description":"TSTCABLES Tres formas comunes de cable de 2,5 mm2 resistente a altas temperaturas: cable unipolar, cable coaxial, cable multipolar.","robots":{"index":"index","follow":"follow","max-snippet":"max-snippet:-1","max-image-preview":"max-image-preview:large","max-video-preview":"max-video-preview:-1"},"canonical":"https:\/\/www.tstcables.com\/es\/producto\/cable-de-alta-temperatura-de-25-mm2\/","og_locale":"es_ES","og_type":"article","og_title":"Cable de alta temperatura de 2,5 mm2","og_description":"TSTCABLES Tres formas comunes de cable de 2,5 mm2 resistente a altas temperaturas: cable unipolar, cable coaxial, cable multipolar.","og_url":"https:\/\/www.tstcables.com\/es\/producto\/cable-de-alta-temperatura-de-25-mm2\/","og_site_name":"TST CABLES supplier &amp; Manufacture","article_modified_time":"2024-05-27T07:00:17+00:00","og_image":[{"width":640,"height":640,"url":"https:\/\/www.tstcables.com\/wp-content\/uploads\/2024\/03\/1-3.webp","type":"image\/webp"}],"twitter_card":"summary_large_image","twitter_misc":{"Tiempo de lectura":"2 minutos"},"schema":{"@context":"https:\/\/schema.org","@graph":[{"@type":"WebPage","@id":"https:\/\/www.tstcables.com\/es\/producto\/cable-de-alta-temperatura-de-25-mm2\/","url":"https:\/\/www.tstcables.com\/es\/producto\/cable-de-alta-temperatura-de-25-mm2\/","name":"Cable de alta temperatura de 2,5 mm2","isPartOf":{"@id":"https:\/\/www.tstcables.com\/es\/#website"},"primaryImageOfPage":{"@id":"https:\/\/www.tstcables.com\/es\/producto\/cable-de-alta-temperatura-de-25-mm2\/#primaryimage"},"image":{"@id":"https:\/\/www.tstcables.com\/es\/producto\/cable-de-alta-temperatura-de-25-mm2\/#primaryimage"},"thumbnailUrl":"https:\/\/www.tstcables.com\/wp-content\/uploads\/2024\/03\/1-3.webp","datePublished":"2024-04-15T08:04:58+00:00","dateModified":"2024-05-27T07:00:17+00:00","description":"TSTCABLES Tres formas comunes de cable de 2,5 mm2 resistente a altas temperaturas: cable unipolar, cable coaxial, cable multipolar.","breadcrumb":{"@id":"https:\/\/www.tstcables.com\/es\/producto\/cable-de-alta-temperatura-de-25-mm2\/#breadcrumb"},"inLanguage":"es","potentialAction":[{"@type":"ReadAction","target":["https:\/\/www.tstcables.com\/es\/producto\/cable-de-alta-temperatura-de-25-mm2\/"]}]},{"@type":"ImageObject","inLanguage":"es","@id":"https:\/\/www.tstcables.com\/es\/producto\/cable-de-alta-temperatura-de-25-mm2\/#primaryimage","url":"https:\/\/www.tstcables.com\/wp-content\/uploads\/2024\/03\/1-3.webp","contentUrl":"https:\/\/www.tstcables.com\/wp-content\/uploads\/2024\/03\/1-3.webp","width":640,"height":640,"caption":"Silicone High Voltage Wire & Cable"},{"@type":"BreadcrumbList","@id":"https:\/\/www.tstcables.com\/es\/producto\/cable-de-alta-temperatura-de-25-mm2\/#breadcrumb","itemListElement":[{"@type":"ListItem","position":1,"name":"\u9996\u9875","item":"https:\/\/www.tstcables.com\/es\/"},{"@type":"ListItem","position":2,"name":"Product","item":"https:\/\/www.tstcables.com\/product\/"},{"@type":"ListItem","position":3,"name":"Cable de alta temperatura de 2,5 mm"}]},{"@type":"WebSite","@id":"https:\/\/www.tstcables.com\/es\/#website","url":"https:\/\/www.tstcables.com\/es\/","name":"TST Cable supplier & Manufacture","description":"TST CABLES  supplier &amp; Manufacture official website","publisher":{"@id":"https:\/\/www.tstcables.com\/es\/#organization"},"potentialAction":[{"@type":"SearchAction","target":{"@type":"EntryPoint","urlTemplate":"https:\/\/www.tstcables.com\/es\/?s={search_term_string}"},"query-input":{"@type":"PropertyValueSpecification","valueRequired":true,"valueName":"search_term_string"}}],"inLanguage":"es"},{"@type":"Organization","@id":"https:\/\/www.tstcables.com\/es\/#organization","name":"TST Cable supplier & Manufacture","url":"https:\/\/www.tstcables.com\/es\/","logo":{"@type":"ImageObject","inLanguage":"es","@id":"https:\/\/www.tstcables.com\/es\/#\/schema\/logo\/image\/","url":"https:\/\/www.tstcables.com\/wp-content\/uploads\/2024\/04\/cropped-\u753b\u677f-1-\u62f7\u8d1d-4-1.png","contentUrl":"https:\/\/www.tstcables.com\/wp-content\/uploads\/2024\/04\/cropped-\u753b\u677f-1-\u62f7\u8d1d-4-1.png","width":300,"height":100,"caption":"TST Cable supplier & Manufacture"},"image":{"@id":"https:\/\/www.tstcables.com\/es\/#\/schema\/logo\/image\/"}}]}},"_links":{"self":[{"href":"https:\/\/www.tstcables.com\/es\/wp-json\/wp\/v2\/product\/16549","targetHints":{"allow":["GET"]}}],"collection":[{"href":"https:\/\/www.tstcables.com\/es\/wp-json\/wp\/v2\/product"}],"about":[{"href":"https:\/\/www.tstcables.com\/es\/wp-json\/wp\/v2\/types\/product"}],"version-history":[{"count":0,"href":"https:\/\/www.tstcables.com\/es\/wp-json\/wp\/v2\/product\/16549\/revisions"}],"wp:featuredmedia":[{"embeddable":true,"href":"https:\/\/www.tstcables.com\/es\/wp-json\/wp\/v2\/media\/13318"}],"wp:attachment":[{"href":"https:\/\/www.tstcables.com\/es\/wp-json\/wp\/v2\/media?parent=16549"}],"wp:term":[{"taxonomy":"product_brand","embeddable":true,"href":"https:\/\/www.tstcables.com\/es\/wp-json\/wp\/v2\/product_brand?post=16549"},{"taxonomy":"product_cat","embeddable":true,"href":"https:\/\/www.tstcables.com\/es\/wp-json\/wp\/v2\/product_cat?post=16549"},{"taxonomy":"product_tag","embeddable":true,"href":"https:\/\/www.tstcables.com\/es\/wp-json\/wp\/v2\/product_tag?post=16549"}],"curies":[{"name":"wp","href":"https:\/\/api.w.org\/{rel}","templated":true}]}}