{"id":17629,"date":"2024-04-13T10:24:07","date_gmt":"2024-04-13T02:24:07","guid":{"rendered":"https:\/\/www.tstcables.com\/product\/cable-del-sistema-de-monitoreo-remoto\/"},"modified":"2024-04-13T10:24:07","modified_gmt":"2024-04-13T02:24:07","slug":"cable-del-sistema-de-monitoreo-remoto","status":"publish","type":"product","link":"https:\/\/www.tstcables.com\/es\/producto\/cable-del-sistema-de-monitoreo-remoto\/","title":{"rendered":"Cable del sistema de monitoreo remoto"},"content":{"rendered":"<p><strong><b>Norma del sector<\/b><\/strong><\/p>\n<ul>\n<li>Q31\/0114000209C025-2017<\/li>\n<\/ul>\n<p><strong><b>Caracter\u00edsticas del producto<\/b><\/strong><\/p>\n<ol>\n<li>Tensi\u00f3n nominal: 500 V<\/li>\n<li>Temperatura de trabajo: -60\u2103~300\u2103 (hasta 350\u2103 en poco tiempo)<\/li>\n<li>Conductor: cable trenzado niquelado<\/li>\n<li>Aislamiento: aislamiento de doble capa<\/li>\n<\/ol>\n<p><strong><b>Caracter\u00edsticas<\/b><\/strong><\/p>\n<p>Sistema de control remoto<\/p>\n<p><strong><b>Par\u00e1metros t\u00e9cnicos<\/b><\/strong><\/p>\n<table class=\"tg\">\n<thead>\n<tr>\n<th class=\"tg-grqh\" rowspan=\"2\">Secci\u00f3n nominal (mm2)<\/th>\n<th class=\"tg-grqh\" rowspan=\"2\">Estructura del conductor N\u00famero de ra\u00edz \/di\u00e1metro(mm)<\/th>\n<th class=\"tg-grqh\" rowspan=\"2\">Espesor del aislamiento (mm)<\/th>\n<th class=\"tg-grqh\">Control del di\u00e1metro exterior (mm)<\/th>\n<th class=\"tg-d93i\">Resistencia CC del conductor (Q\/km)<\/th>\n<\/tr>\n<tr>\n<th class=\"tg-grqh\">2.2\u00b10.2<\/th>\n<th class=\"tg-d93i\">200<\/th>\n<\/tr>\n<\/thead>\n<tbody>\n<tr>\n<td class=\"tg-grqh\">1.25<\/td>\n<td class=\"tg-949j\">40\/0.20<\/td>\n<td class=\"tg-grqh\">0.4<\/td>\n<td class=\"tg-grqh\">2.4\u00b10.2<\/td>\n<td class=\"tg-d93i\">200<\/td>\n<\/tr>\n<tr>\n<td class=\"tg-grqh\">1.5<\/td>\n<td class=\"tg-949j\">48\/0.20<\/td>\n<td class=\"tg-grqh\">0.4<\/td>\n<td class=\"tg-949j\">2.6\u571f0.2<\/td>\n<td class=\"tg-d93i\">200<\/td>\n<\/tr>\n<tr>\n<td class=\"tg-grqh\">2.5<\/td>\n<td class=\"tg-949j\">35\/0.30<\/td>\n<td class=\"tg-grqh\">0.4<\/td>\n<td class=\"tg-949j\">3.0\u571f0.3<\/td>\n<td class=\"tg-d93i\">100<\/td>\n<\/tr>\n<tr>\n<td class=\"tg-grqh\">4<\/td>\n<td class=\"tg-949j\">56\/0.30<\/td>\n<td class=\"tg-grqh\">0.4<\/td>\n<td class=\"tg-grqh\">3.7\u00b10.3<\/td>\n<td class=\"tg-d93i\">100<\/td>\n<\/tr>\n<tr>\n<td class=\"tg-d93i\">6<\/td>\n<td class=\"tg-7fn2\">84\/0.30<\/td>\n<td class=\"tg-d93i\">0.4<\/td>\n<td class=\"tg-d93i\">4.6\u00b10.3<\/td>\n<td class=\"tg-d93i\">100<\/td>\n<\/tr>\n<tr>\n<td class=\"tg-d93i\">10<\/td>\n<td class=\"tg-7fn2\">140\/0.30<\/td>\n<td class=\"tg-d93i\">0.4<\/td>\n<td class=\"tg-d93i\">5.6\u00b10.3<\/td>\n<td class=\"tg-d93i\">100<\/td>\n<\/tr>\n<\/tbody>\n<\/table>\n","protected":false},"excerpt":{"rendered":"<p>El cable del sistema de monitoreo remoto tiene un buen aislamiento y es resistente a temperaturas ultraaltas. Es una parte importante del sistema de monitoreo remoto y es responsable de transmitir datos, se\u00f1ales de control y energ\u00eda entre el equipo de monitoreo remoto y la estaci\u00f3n central de monitoreo.<\/p>\n","protected":false},"featured_media":13286,"template":"","meta":{"_eb_attr":"","site-sidebar-layout":"default","site-content-layout":"","ast-site-content-layout":"default","site-content-style":"default","site-sidebar-style":"default","ast-global-header-display":"","ast-banner-title-visibility":"","ast-main-header-display":"","ast-hfb-above-header-display":"","ast-hfb-below-header-display":"","ast-hfb-mobile-header-display":"","site-post-title":"","ast-breadcrumbs-content":"","ast-featured-img":"","footer-sml-layout":"","theme-transparent-header-meta":"default","adv-header-id-meta":"","stick-header-meta":"","header-above-stick-meta":"","header-main-stick-meta":"","header-below-stick-meta":"","astra-migrate-meta-layouts":"default","ast-page-background-enabled":"default","ast-page-background-meta":{"desktop":{"background-color":"","background-image":"","background-repeat":"repeat","background-position":"center center","background-size":"auto","background-attachment":"scroll","background-type":"","background-media":"","overlay-type":"","overlay-color":"","overlay-opacity":"","overlay-gradient":""},"tablet":{"background-color":"","background-image":"","background-repeat":"repeat","background-position":"center center","background-size":"auto","background-attachment":"scroll","background-type":"","background-media":"","overlay-type":"","overlay-color":"","overlay-opacity":"","overlay-gradient":""},"mobile":{"background-color":"","background-image":"","background-repeat":"repeat","background-position":"center center","background-size":"auto","background-attachment":"scroll","background-type":"","background-media":"","overlay-type":"","overlay-color":"","overlay-opacity":"","overlay-gradient":""}},"ast-content-background-meta":{"desktop":{"background-color":"var(--ast-global-color-5)","background-image":"","background-repeat":"repeat","background-position":"center center","background-size":"auto","background-attachment":"scroll","background-type":"","background-media":"","overlay-type":"","overlay-color":"","overlay-opacity":"","overlay-gradient":""},"tablet":{"background-color":"var(--ast-global-color-5)","background-image":"","background-repeat":"repeat","background-position":"center center","background-size":"auto","background-attachment":"scroll","background-type":"","background-media":"","overlay-type":"","overlay-color":"","overlay-opacity":"","overlay-gradient":""},"mobile":{"background-color":"var(--ast-global-color-5)","background-image":"","background-repeat":"repeat","background-position":"center center","background-size":"auto","background-attachment":"scroll","background-type":"","background-media":"","overlay-type":"","overlay-color":"","overlay-opacity":"","overlay-gradient":""}}},"product_brand":[],"product_cat":[610],"product_tag":[1212,1211,1213],"class_list":{"0":"post-17629","1":"product","2":"type-product","3":"status-publish","4":"has-post-thumbnail","6":"product_cat-energia-eolica","7":"product_tag-alambre-de-resistencia-al-fuego-3501200","8":"product_tag-customized-cable-gnfr500-02-es","9":"product_tag-gnfr500-02-es","10":"desktop-align-center","11":"tablet-align-left","12":"mobile-align-left","14":"first","15":"instock","16":"shipping-taxable","17":"product-type-simple"},"yoast_head":"<!-- This site is optimized with the Yoast SEO plugin v27.5 - https:\/\/yoast.com\/product\/yoast-seo-wordpress\/ -->\n<title>Cable del sistema de monitoreo remoto<\/title>\n<meta name=\"description\" content=\"El cable del sistema de monitoreo remoto tiene un buen aislamiento y es resistente a temperaturas ultraaltas.\" \/>\n<meta name=\"robots\" content=\"index, follow, max-snippet:-1, max-image-preview:large, max-video-preview:-1\" \/>\n<link rel=\"canonical\" href=\"https:\/\/www.tstcables.com\/es\/producto\/cable-del-sistema-de-monitoreo-remoto\/\" \/>\n<meta property=\"og:locale\" content=\"es_ES\" \/>\n<meta property=\"og:type\" content=\"article\" \/>\n<meta property=\"og:title\" content=\"Cable del sistema de monitoreo remoto\" \/>\n<meta property=\"og:description\" content=\"El cable del sistema de monitoreo remoto tiene un buen aislamiento y es resistente a temperaturas ultraaltas.\" \/>\n<meta property=\"og:url\" content=\"https:\/\/www.tstcables.com\/es\/producto\/cable-del-sistema-de-monitoreo-remoto\/\" \/>\n<meta property=\"og:site_name\" content=\"TST CABLES supplier &amp; Manufacture\" \/>\n<meta property=\"og:image\" content=\"https:\/\/www.tstcables.com\/wp-content\/uploads\/2024\/03\/EN50306-4-5pe-2.jpg\" \/>\n\t<meta property=\"og:image:width\" content=\"1000\" \/>\n\t<meta property=\"og:image:height\" content=\"1000\" \/>\n\t<meta property=\"og:image:type\" content=\"image\/jpeg\" \/>\n<meta name=\"twitter:card\" content=\"summary_large_image\" \/>\n<script type=\"application\/ld+json\" class=\"yoast-schema-graph\">{\"@context\":\"https:\\\/\\\/schema.org\",\"@graph\":[{\"@type\":\"WebPage\",\"@id\":\"https:\\\/\\\/www.tstcables.com\\\/es\\\/producto\\\/cable-del-sistema-de-monitoreo-remoto\\\/\",\"url\":\"https:\\\/\\\/www.tstcables.com\\\/es\\\/producto\\\/cable-del-sistema-de-monitoreo-remoto\\\/\",\"name\":\"Cable del sistema de monitoreo remoto\",\"isPartOf\":{\"@id\":\"https:\\\/\\\/www.tstcables.com\\\/es\\\/#website\"},\"primaryImageOfPage\":{\"@id\":\"https:\\\/\\\/www.tstcables.com\\\/es\\\/producto\\\/cable-del-sistema-de-monitoreo-remoto\\\/#primaryimage\"},\"image\":{\"@id\":\"https:\\\/\\\/www.tstcables.com\\\/es\\\/producto\\\/cable-del-sistema-de-monitoreo-remoto\\\/#primaryimage\"},\"thumbnailUrl\":\"https:\\\/\\\/www.tstcables.com\\\/wp-content\\\/uploads\\\/2024\\\/03\\\/EN50306-4-5pe-2.jpg\",\"datePublished\":\"2024-04-13T02:24:07+00:00\",\"description\":\"El cable del sistema de monitoreo remoto tiene un buen aislamiento y es resistente a temperaturas ultraaltas.\",\"breadcrumb\":{\"@id\":\"https:\\\/\\\/www.tstcables.com\\\/es\\\/producto\\\/cable-del-sistema-de-monitoreo-remoto\\\/#breadcrumb\"},\"inLanguage\":\"es\",\"potentialAction\":[{\"@type\":\"ReadAction\",\"target\":[\"https:\\\/\\\/www.tstcables.com\\\/es\\\/producto\\\/cable-del-sistema-de-monitoreo-remoto\\\/\"]}]},{\"@type\":\"ImageObject\",\"inLanguage\":\"es\",\"@id\":\"https:\\\/\\\/www.tstcables.com\\\/es\\\/producto\\\/cable-del-sistema-de-monitoreo-remoto\\\/#primaryimage\",\"url\":\"https:\\\/\\\/www.tstcables.com\\\/wp-content\\\/uploads\\\/2024\\\/03\\\/EN50306-4-5pe-2.jpg\",\"contentUrl\":\"https:\\\/\\\/www.tstcables.com\\\/wp-content\\\/uploads\\\/2024\\\/03\\\/EN50306-4-5pe-2.jpg\",\"width\":1000,\"height\":1000,\"caption\":\"High temperature fire-resistant wire waterproof material insulation GN350-N1\"},{\"@type\":\"BreadcrumbList\",\"@id\":\"https:\\\/\\\/www.tstcables.com\\\/es\\\/producto\\\/cable-del-sistema-de-monitoreo-remoto\\\/#breadcrumb\",\"itemListElement\":[{\"@type\":\"ListItem\",\"position\":1,\"name\":\"\u9996\u9875\",\"item\":\"https:\\\/\\\/www.tstcables.com\\\/es\\\/\"},{\"@type\":\"ListItem\",\"position\":2,\"name\":\"Product\",\"item\":\"https:\\\/\\\/www.tstcables.com\\\/product\\\/\"},{\"@type\":\"ListItem\",\"position\":3,\"name\":\"Cable del sistema de monitoreo remoto\"}]},{\"@type\":\"WebSite\",\"@id\":\"https:\\\/\\\/www.tstcables.com\\\/es\\\/#website\",\"url\":\"https:\\\/\\\/www.tstcables.com\\\/es\\\/\",\"name\":\"TST Cable supplier & Manufacture\",\"description\":\"TST CABLES  supplier &amp; Manufacture official website\",\"publisher\":{\"@id\":\"https:\\\/\\\/www.tstcables.com\\\/es\\\/#organization\"},\"potentialAction\":[{\"@type\":\"SearchAction\",\"target\":{\"@type\":\"EntryPoint\",\"urlTemplate\":\"https:\\\/\\\/www.tstcables.com\\\/es\\\/?s={search_term_string}\"},\"query-input\":{\"@type\":\"PropertyValueSpecification\",\"valueRequired\":true,\"valueName\":\"search_term_string\"}}],\"inLanguage\":\"es\"},{\"@type\":\"Organization\",\"@id\":\"https:\\\/\\\/www.tstcables.com\\\/es\\\/#organization\",\"name\":\"TST Cable supplier & Manufacture\",\"url\":\"https:\\\/\\\/www.tstcables.com\\\/es\\\/\",\"logo\":{\"@type\":\"ImageObject\",\"inLanguage\":\"es\",\"@id\":\"https:\\\/\\\/www.tstcables.com\\\/es\\\/#\\\/schema\\\/logo\\\/image\\\/\",\"url\":\"https:\\\/\\\/www.tstcables.com\\\/wp-content\\\/uploads\\\/2024\\\/04\\\/cropped-\u753b\u677f-1-\u62f7\u8d1d-4-1.png\",\"contentUrl\":\"https:\\\/\\\/www.tstcables.com\\\/wp-content\\\/uploads\\\/2024\\\/04\\\/cropped-\u753b\u677f-1-\u62f7\u8d1d-4-1.png\",\"width\":300,\"height\":100,\"caption\":\"TST Cable supplier & Manufacture\"},\"image\":{\"@id\":\"https:\\\/\\\/www.tstcables.com\\\/es\\\/#\\\/schema\\\/logo\\\/image\\\/\"}}]}<\/script>\n<!-- \/ Yoast SEO plugin. -->","yoast_head_json":{"title":"Cable del sistema de monitoreo remoto","description":"El cable del sistema de monitoreo remoto tiene un buen aislamiento y es resistente a temperaturas ultraaltas.","robots":{"index":"index","follow":"follow","max-snippet":"max-snippet:-1","max-image-preview":"max-image-preview:large","max-video-preview":"max-video-preview:-1"},"canonical":"https:\/\/www.tstcables.com\/es\/producto\/cable-del-sistema-de-monitoreo-remoto\/","og_locale":"es_ES","og_type":"article","og_title":"Cable del sistema de monitoreo remoto","og_description":"El cable del sistema de monitoreo remoto tiene un buen aislamiento y es resistente a temperaturas ultraaltas.","og_url":"https:\/\/www.tstcables.com\/es\/producto\/cable-del-sistema-de-monitoreo-remoto\/","og_site_name":"TST CABLES supplier &amp; Manufacture","og_image":[{"width":1000,"height":1000,"url":"https:\/\/www.tstcables.com\/wp-content\/uploads\/2024\/03\/EN50306-4-5pe-2.jpg","type":"image\/jpeg"}],"twitter_card":"summary_large_image","schema":{"@context":"https:\/\/schema.org","@graph":[{"@type":"WebPage","@id":"https:\/\/www.tstcables.com\/es\/producto\/cable-del-sistema-de-monitoreo-remoto\/","url":"https:\/\/www.tstcables.com\/es\/producto\/cable-del-sistema-de-monitoreo-remoto\/","name":"Cable del sistema de monitoreo remoto","isPartOf":{"@id":"https:\/\/www.tstcables.com\/es\/#website"},"primaryImageOfPage":{"@id":"https:\/\/www.tstcables.com\/es\/producto\/cable-del-sistema-de-monitoreo-remoto\/#primaryimage"},"image":{"@id":"https:\/\/www.tstcables.com\/es\/producto\/cable-del-sistema-de-monitoreo-remoto\/#primaryimage"},"thumbnailUrl":"https:\/\/www.tstcables.com\/wp-content\/uploads\/2024\/03\/EN50306-4-5pe-2.jpg","datePublished":"2024-04-13T02:24:07+00:00","description":"El cable del sistema de monitoreo remoto tiene un buen aislamiento y es resistente a temperaturas ultraaltas.","breadcrumb":{"@id":"https:\/\/www.tstcables.com\/es\/producto\/cable-del-sistema-de-monitoreo-remoto\/#breadcrumb"},"inLanguage":"es","potentialAction":[{"@type":"ReadAction","target":["https:\/\/www.tstcables.com\/es\/producto\/cable-del-sistema-de-monitoreo-remoto\/"]}]},{"@type":"ImageObject","inLanguage":"es","@id":"https:\/\/www.tstcables.com\/es\/producto\/cable-del-sistema-de-monitoreo-remoto\/#primaryimage","url":"https:\/\/www.tstcables.com\/wp-content\/uploads\/2024\/03\/EN50306-4-5pe-2.jpg","contentUrl":"https:\/\/www.tstcables.com\/wp-content\/uploads\/2024\/03\/EN50306-4-5pe-2.jpg","width":1000,"height":1000,"caption":"High temperature fire-resistant wire waterproof material insulation GN350-N1"},{"@type":"BreadcrumbList","@id":"https:\/\/www.tstcables.com\/es\/producto\/cable-del-sistema-de-monitoreo-remoto\/#breadcrumb","itemListElement":[{"@type":"ListItem","position":1,"name":"\u9996\u9875","item":"https:\/\/www.tstcables.com\/es\/"},{"@type":"ListItem","position":2,"name":"Product","item":"https:\/\/www.tstcables.com\/product\/"},{"@type":"ListItem","position":3,"name":"Cable del sistema de monitoreo remoto"}]},{"@type":"WebSite","@id":"https:\/\/www.tstcables.com\/es\/#website","url":"https:\/\/www.tstcables.com\/es\/","name":"TST Cable supplier & Manufacture","description":"TST CABLES  supplier &amp; Manufacture official website","publisher":{"@id":"https:\/\/www.tstcables.com\/es\/#organization"},"potentialAction":[{"@type":"SearchAction","target":{"@type":"EntryPoint","urlTemplate":"https:\/\/www.tstcables.com\/es\/?s={search_term_string}"},"query-input":{"@type":"PropertyValueSpecification","valueRequired":true,"valueName":"search_term_string"}}],"inLanguage":"es"},{"@type":"Organization","@id":"https:\/\/www.tstcables.com\/es\/#organization","name":"TST Cable supplier & Manufacture","url":"https:\/\/www.tstcables.com\/es\/","logo":{"@type":"ImageObject","inLanguage":"es","@id":"https:\/\/www.tstcables.com\/es\/#\/schema\/logo\/image\/","url":"https:\/\/www.tstcables.com\/wp-content\/uploads\/2024\/04\/cropped-\u753b\u677f-1-\u62f7\u8d1d-4-1.png","contentUrl":"https:\/\/www.tstcables.com\/wp-content\/uploads\/2024\/04\/cropped-\u753b\u677f-1-\u62f7\u8d1d-4-1.png","width":300,"height":100,"caption":"TST Cable supplier & Manufacture"},"image":{"@id":"https:\/\/www.tstcables.com\/es\/#\/schema\/logo\/image\/"}}]}},"_links":{"self":[{"href":"https:\/\/www.tstcables.com\/es\/wp-json\/wp\/v2\/product\/17629","targetHints":{"allow":["GET"]}}],"collection":[{"href":"https:\/\/www.tstcables.com\/es\/wp-json\/wp\/v2\/product"}],"about":[{"href":"https:\/\/www.tstcables.com\/es\/wp-json\/wp\/v2\/types\/product"}],"version-history":[{"count":0,"href":"https:\/\/www.tstcables.com\/es\/wp-json\/wp\/v2\/product\/17629\/revisions"}],"wp:featuredmedia":[{"embeddable":true,"href":"https:\/\/www.tstcables.com\/es\/wp-json\/wp\/v2\/media\/13286"}],"wp:attachment":[{"href":"https:\/\/www.tstcables.com\/es\/wp-json\/wp\/v2\/media?parent=17629"}],"wp:term":[{"taxonomy":"product_brand","embeddable":true,"href":"https:\/\/www.tstcables.com\/es\/wp-json\/wp\/v2\/product_brand?post=17629"},{"taxonomy":"product_cat","embeddable":true,"href":"https:\/\/www.tstcables.com\/es\/wp-json\/wp\/v2\/product_cat?post=17629"},{"taxonomy":"product_tag","embeddable":true,"href":"https:\/\/www.tstcables.com\/es\/wp-json\/wp\/v2\/product_tag?post=17629"}],"curies":[{"name":"wp","href":"https:\/\/api.w.org\/{rel}","templated":true}]}}