{"id":17634,"date":"2024-04-12T15:27:52","date_gmt":"2024-04-12T07:27:52","guid":{"rendered":"https:\/\/www.tstcables.com\/product\/cable-para-equipos-de-petroleo-y-gas-marinos\/"},"modified":"2024-04-12T15:27:52","modified_gmt":"2024-04-12T07:27:52","slug":"cable-para-equipos-de-petroleo-y-gas-marinos","status":"publish","type":"product","link":"https:\/\/www.tstcables.com\/es\/producto\/cable-para-equipos-de-petroleo-y-gas-marinos\/","title":{"rendered":"Cable para equipos de petr\u00f3leo y gas marinos"},"content":{"rendered":"<p><strong>Aplicaciones<\/strong><\/p>\n<p>Equipos de petr\u00f3leo y gas en alta mar<\/p>\n<p><strong>Norma del sector<\/strong><\/p>\n<ul>\n<li>lEN45545-2<\/li>\n<\/ul>\n<p><strong>Caracter\u00edsticas del producto:<\/strong><\/p>\n<ol>\n<li>Resistencia a temperaturas prolongadas: -50-250\u2103<\/li>\n<li>Nivel de tensi\u00f3n soportado: 300V 600V<\/li>\n<li>Resistente a la radiaci\u00f3n gamma: 850KGy puede utilizarse durante mucho tiempo.<\/li>\n<li>Baja emisi\u00f3n de humos, sin hal\u00f3genos, ign\u00edfugo, resistente a altas y bajas temperaturas<\/li>\n<li>Resistente a los \u00e1lcalis salinos<\/li>\n<li>Adaptable a entornos dif\u00edciles.<\/li>\n<\/ol>\n<p><strong>Par\u00e1metros t\u00e9cnicos<\/strong><\/p>\n<table class=\"tg\">\n<thead>\n<tr>\n<th class=\"tg-grqh\" rowspan=\"2\">Secci\u00f3n nominal<\/th>\n<th class=\"tg-grqh\" rowspan=\"2\">estructura del conductor ra\u00edz\/di\u00e1metro<\/th>\n<th class=\"tg-grqh\" colspan=\"2\">Di\u00e1metro del conductor d<\/th>\n<th class=\"tg-d93i\" colspan=\"2\">Di\u00e1metro exterior del cable D<\/th>\n<\/tr>\n<tr>\n<th class=\"tg-grqh\">Min\/mm<\/th>\n<th class=\"tg-grqh\">Min\/mm<\/th>\n<th class=\"tg-d93i\">Min\/mm<\/th>\n<th class=\"tg-d93i\">M\u00e1x \u03a9\/km<\/th>\n<\/tr>\n<\/thead>\n<tbody>\n<tr>\n<td class=\"tg-grqh\">0.06<\/td>\n<td class=\"tg-grqh\">7\/0.10<\/td>\n<td class=\"tg-grqh\">0.3<\/td>\n<td class=\"tg-grqh\">0.18<\/td>\n<td class=\"tg-d93i\">0.66<\/td>\n<td class=\"tg-d93i\">330<\/td>\n<\/tr>\n<tr>\n<td class=\"tg-grqh\">0.08<\/td>\n<td class=\"tg-grqh\">7\/0.12<\/td>\n<td class=\"tg-grqh\">0.36<\/td>\n<td class=\"tg-grqh\">0.18<\/td>\n<td class=\"tg-d93i\">0.72<\/td>\n<td class=\"tg-d93i\">227<\/td>\n<\/tr>\n<tr>\n<td class=\"tg-grqh\">0.14<\/td>\n<td class=\"tg-grqh\">19\/0.10<\/td>\n<td class=\"tg-grqh\">0.5<\/td>\n<td class=\"tg-grqh\">0.2<\/td>\n<td class=\"tg-d93i\">0.9<\/td>\n<td class=\"tg-d93i\">126<\/td>\n<\/tr>\n<tr>\n<td class=\"tg-grqh\">0.2<\/td>\n<td class=\"tg-grqh\">19\/0.12<\/td>\n<td class=\"tg-grqh\">0.6<\/td>\n<td class=\"tg-grqh\">0.2<\/td>\n<td class=\"tg-d93i\">1<\/td>\n<td class=\"tg-d93i\">83.5<\/td>\n<\/tr>\n<tr>\n<td class=\"tg-grqh\">0.4\/0.3<\/td>\n<td class=\"tg-grqh\">19\/0.16<\/td>\n<td class=\"tg-grqh\">0.8<\/td>\n<td class=\"tg-grqh\">0.2<\/td>\n<td class=\"tg-d93i\">1.2<\/td>\n<td class=\"tg-d93i\">49.5<\/td>\n<\/tr>\n<tr>\n<td class=\"tg-d93i\">0.5<\/td>\n<td class=\"tg-d93i\">19\/0.18<\/td>\n<td class=\"tg-d93i\">0.9<\/td>\n<td class=\"tg-d93i\">0.2<\/td>\n<td class=\"tg-d93i\">1.4<\/td>\n<td class=\"tg-d93i\">30.2<\/td>\n<\/tr>\n<tr>\n<td class=\"tg-d93i\">0.75<\/td>\n<td class=\"tg-d93i\">37\/0.16<\/td>\n<td class=\"tg-d93i\">1.12<\/td>\n<td class=\"tg-d93i\">0.2<\/td>\n<td class=\"tg-d93i\">1.52<\/td>\n<td class=\"tg-d93i\">22.7<\/td>\n<\/tr>\n<tr>\n<td class=\"tg-d93i\">1<\/td>\n<td class=\"tg-d93i\">37\/0.18<\/td>\n<td class=\"tg-d93i\">1.26<\/td>\n<td class=\"tg-d93i\">0.2<\/td>\n<td class=\"tg-d93i\">1.66<\/td>\n<td class=\"tg-d93i\">19<\/td>\n<\/tr>\n<\/tbody>\n<\/table>\n","protected":false},"excerpt":{"rendered":"<p>Los cables para equipos de petr\u00f3leo y gas marinos son resistentes a las sales y los \u00e1lcalis y se adaptan a entornos hostiles. Son componentes clave para la exploraci\u00f3n y producci\u00f3n de reservas de petr\u00f3leo y gas en entornos marinos.<\/p>\n","protected":false},"featured_media":13046,"template":"","meta":{"_eb_attr":"","site-sidebar-layout":"default","site-content-layout":"","ast-site-content-layout":"default","site-content-style":"default","site-sidebar-style":"default","ast-global-header-display":"","ast-banner-title-visibility":"","ast-main-header-display":"","ast-hfb-above-header-display":"","ast-hfb-below-header-display":"","ast-hfb-mobile-header-display":"","site-post-title":"","ast-breadcrumbs-content":"","ast-featured-img":"","footer-sml-layout":"","theme-transparent-header-meta":"default","adv-header-id-meta":"","stick-header-meta":"","header-above-stick-meta":"","header-main-stick-meta":"","header-below-stick-meta":"","astra-migrate-meta-layouts":"default","ast-page-background-enabled":"default","ast-page-background-meta":{"desktop":{"background-color":"","background-image":"","background-repeat":"repeat","background-position":"center center","background-size":"auto","background-attachment":"scroll","background-type":"","background-media":"","overlay-type":"","overlay-color":"","overlay-opacity":"","overlay-gradient":""},"tablet":{"background-color":"","background-image":"","background-repeat":"repeat","background-position":"center center","background-size":"auto","background-attachment":"scroll","background-type":"","background-media":"","overlay-type":"","overlay-color":"","overlay-opacity":"","overlay-gradient":""},"mobile":{"background-color":"","background-image":"","background-repeat":"repeat","background-position":"center center","background-size":"auto","background-attachment":"scroll","background-type":"","background-media":"","overlay-type":"","overlay-color":"","overlay-opacity":"","overlay-gradient":""}},"ast-content-background-meta":{"desktop":{"background-color":"var(--ast-global-color-5)","background-image":"","background-repeat":"repeat","background-position":"center center","background-size":"auto","background-attachment":"scroll","background-type":"","background-media":"","overlay-type":"","overlay-color":"","overlay-opacity":"","overlay-gradient":""},"tablet":{"background-color":"var(--ast-global-color-5)","background-image":"","background-repeat":"repeat","background-position":"center center","background-size":"auto","background-attachment":"scroll","background-type":"","background-media":"","overlay-type":"","overlay-color":"","overlay-opacity":"","overlay-gradient":""},"mobile":{"background-color":"var(--ast-global-color-5)","background-image":"","background-repeat":"repeat","background-position":"center center","background-size":"auto","background-attachment":"scroll","background-type":"","background-media":"","overlay-type":"","overlay-color":"","overlay-opacity":"","overlay-gradient":""}}},"product_brand":[],"product_cat":[598],"product_tag":[1217,1214,1219],"class_list":{"0":"post-17634","1":"product","2":"type-product","3":"status-publish","4":"has-post-thumbnail","6":"product_cat-petroleo-gas","7":"product_tag-cable-unipolar","8":"product_tag-cable-unipolar-con-cubierta-de-peek-polieteretercetona","9":"product_tag-cable-unipolar-con-cubierta-th-j-ak-250","10":"desktop-align-center","11":"tablet-align-left","12":"mobile-align-left","14":"first","15":"instock","16":"shipping-taxable","17":"product-type-simple"},"yoast_head":"<!-- This site is optimized with the Yoast SEO plugin v27.5 - https:\/\/yoast.com\/product\/yoast-seo-wordpress\/ -->\n<title>Cable para equipos de petr\u00f3leo y gas marinos<\/title>\n<meta name=\"description\" content=\"Los cables para equipos de petr\u00f3leo y gas marinos son resistentes a las sales y los \u00e1lcalis y se adaptan a entornos hostiles.\" \/>\n<meta name=\"robots\" content=\"index, follow, max-snippet:-1, max-image-preview:large, max-video-preview:-1\" \/>\n<link rel=\"canonical\" href=\"https:\/\/www.tstcables.com\/es\/producto\/cable-para-equipos-de-petroleo-y-gas-marinos\/\" \/>\n<meta property=\"og:locale\" content=\"es_ES\" \/>\n<meta property=\"og:type\" content=\"article\" \/>\n<meta property=\"og:title\" content=\"Cable para equipos de petr\u00f3leo y gas marinos\" \/>\n<meta property=\"og:description\" content=\"Los cables para equipos de petr\u00f3leo y gas marinos son resistentes a las sales y los \u00e1lcalis y se adaptan a entornos hostiles.\" \/>\n<meta property=\"og:url\" content=\"https:\/\/www.tstcables.com\/es\/producto\/cable-para-equipos-de-petroleo-y-gas-marinos\/\" \/>\n<meta property=\"og:site_name\" content=\"TST CABLES supplier &amp; Manufacture\" \/>\n<meta property=\"og:image\" content=\"https:\/\/www.tstcables.com\/wp-content\/uploads\/2024\/03\/1-21.jpg\" \/>\n\t<meta property=\"og:image:width\" content=\"750\" \/>\n\t<meta property=\"og:image:height\" content=\"750\" \/>\n\t<meta property=\"og:image:type\" content=\"image\/jpeg\" \/>\n<meta name=\"twitter:card\" content=\"summary_large_image\" \/>\n<meta name=\"twitter:label1\" content=\"Tiempo de lectura\" \/>\n\t<meta name=\"twitter:data1\" content=\"1 minuto\" \/>\n<script type=\"application\/ld+json\" class=\"yoast-schema-graph\">{\"@context\":\"https:\\\/\\\/schema.org\",\"@graph\":[{\"@type\":\"WebPage\",\"@id\":\"https:\\\/\\\/www.tstcables.com\\\/es\\\/producto\\\/cable-para-equipos-de-petroleo-y-gas-marinos\\\/\",\"url\":\"https:\\\/\\\/www.tstcables.com\\\/es\\\/producto\\\/cable-para-equipos-de-petroleo-y-gas-marinos\\\/\",\"name\":\"Cable para equipos de petr\u00f3leo y gas marinos\",\"isPartOf\":{\"@id\":\"https:\\\/\\\/www.tstcables.com\\\/es\\\/#website\"},\"primaryImageOfPage\":{\"@id\":\"https:\\\/\\\/www.tstcables.com\\\/es\\\/producto\\\/cable-para-equipos-de-petroleo-y-gas-marinos\\\/#primaryimage\"},\"image\":{\"@id\":\"https:\\\/\\\/www.tstcables.com\\\/es\\\/producto\\\/cable-para-equipos-de-petroleo-y-gas-marinos\\\/#primaryimage\"},\"thumbnailUrl\":\"https:\\\/\\\/www.tstcables.com\\\/wp-content\\\/uploads\\\/2024\\\/03\\\/1-21.jpg\",\"datePublished\":\"2024-04-12T07:27:52+00:00\",\"description\":\"Los cables para equipos de petr\u00f3leo y gas marinos son resistentes a las sales y los \u00e1lcalis y se adaptan a entornos hostiles.\",\"breadcrumb\":{\"@id\":\"https:\\\/\\\/www.tstcables.com\\\/es\\\/producto\\\/cable-para-equipos-de-petroleo-y-gas-marinos\\\/#breadcrumb\"},\"inLanguage\":\"es\",\"potentialAction\":[{\"@type\":\"ReadAction\",\"target\":[\"https:\\\/\\\/www.tstcables.com\\\/es\\\/producto\\\/cable-para-equipos-de-petroleo-y-gas-marinos\\\/\"]}]},{\"@type\":\"ImageObject\",\"inLanguage\":\"es\",\"@id\":\"https:\\\/\\\/www.tstcables.com\\\/es\\\/producto\\\/cable-para-equipos-de-petroleo-y-gas-marinos\\\/#primaryimage\",\"url\":\"https:\\\/\\\/www.tstcables.com\\\/wp-content\\\/uploads\\\/2024\\\/03\\\/1-21.jpg\",\"contentUrl\":\"https:\\\/\\\/www.tstcables.com\\\/wp-content\\\/uploads\\\/2024\\\/03\\\/1-21.jpg\",\"width\":750,\"height\":750,\"caption\":\"Silicone High Voltage Wire & Cable\"},{\"@type\":\"BreadcrumbList\",\"@id\":\"https:\\\/\\\/www.tstcables.com\\\/es\\\/producto\\\/cable-para-equipos-de-petroleo-y-gas-marinos\\\/#breadcrumb\",\"itemListElement\":[{\"@type\":\"ListItem\",\"position\":1,\"name\":\"\u9996\u9875\",\"item\":\"https:\\\/\\\/www.tstcables.com\\\/es\\\/\"},{\"@type\":\"ListItem\",\"position\":2,\"name\":\"Product\",\"item\":\"https:\\\/\\\/www.tstcables.com\\\/product\\\/\"},{\"@type\":\"ListItem\",\"position\":3,\"name\":\"Cable para equipos de petr\u00f3leo y gas marinos\"}]},{\"@type\":\"WebSite\",\"@id\":\"https:\\\/\\\/www.tstcables.com\\\/es\\\/#website\",\"url\":\"https:\\\/\\\/www.tstcables.com\\\/es\\\/\",\"name\":\"TST Cable supplier & Manufacture\",\"description\":\"TST CABLES  supplier &amp; Manufacture official website\",\"publisher\":{\"@id\":\"https:\\\/\\\/www.tstcables.com\\\/es\\\/#organization\"},\"potentialAction\":[{\"@type\":\"SearchAction\",\"target\":{\"@type\":\"EntryPoint\",\"urlTemplate\":\"https:\\\/\\\/www.tstcables.com\\\/es\\\/?s={search_term_string}\"},\"query-input\":{\"@type\":\"PropertyValueSpecification\",\"valueRequired\":true,\"valueName\":\"search_term_string\"}}],\"inLanguage\":\"es\"},{\"@type\":\"Organization\",\"@id\":\"https:\\\/\\\/www.tstcables.com\\\/es\\\/#organization\",\"name\":\"TST Cable supplier & Manufacture\",\"url\":\"https:\\\/\\\/www.tstcables.com\\\/es\\\/\",\"logo\":{\"@type\":\"ImageObject\",\"inLanguage\":\"es\",\"@id\":\"https:\\\/\\\/www.tstcables.com\\\/es\\\/#\\\/schema\\\/logo\\\/image\\\/\",\"url\":\"https:\\\/\\\/www.tstcables.com\\\/wp-content\\\/uploads\\\/2024\\\/04\\\/cropped-\u753b\u677f-1-\u62f7\u8d1d-4-1.png\",\"contentUrl\":\"https:\\\/\\\/www.tstcables.com\\\/wp-content\\\/uploads\\\/2024\\\/04\\\/cropped-\u753b\u677f-1-\u62f7\u8d1d-4-1.png\",\"width\":300,\"height\":100,\"caption\":\"TST Cable supplier & Manufacture\"},\"image\":{\"@id\":\"https:\\\/\\\/www.tstcables.com\\\/es\\\/#\\\/schema\\\/logo\\\/image\\\/\"}}]}<\/script>\n<!-- \/ Yoast SEO plugin. -->","yoast_head_json":{"title":"Cable para equipos de petr\u00f3leo y gas marinos","description":"Los cables para equipos de petr\u00f3leo y gas marinos son resistentes a las sales y los \u00e1lcalis y se adaptan a entornos hostiles.","robots":{"index":"index","follow":"follow","max-snippet":"max-snippet:-1","max-image-preview":"max-image-preview:large","max-video-preview":"max-video-preview:-1"},"canonical":"https:\/\/www.tstcables.com\/es\/producto\/cable-para-equipos-de-petroleo-y-gas-marinos\/","og_locale":"es_ES","og_type":"article","og_title":"Cable para equipos de petr\u00f3leo y gas marinos","og_description":"Los cables para equipos de petr\u00f3leo y gas marinos son resistentes a las sales y los \u00e1lcalis y se adaptan a entornos hostiles.","og_url":"https:\/\/www.tstcables.com\/es\/producto\/cable-para-equipos-de-petroleo-y-gas-marinos\/","og_site_name":"TST CABLES supplier &amp; Manufacture","og_image":[{"width":750,"height":750,"url":"https:\/\/www.tstcables.com\/wp-content\/uploads\/2024\/03\/1-21.jpg","type":"image\/jpeg"}],"twitter_card":"summary_large_image","twitter_misc":{"Tiempo de lectura":"1 minuto"},"schema":{"@context":"https:\/\/schema.org","@graph":[{"@type":"WebPage","@id":"https:\/\/www.tstcables.com\/es\/producto\/cable-para-equipos-de-petroleo-y-gas-marinos\/","url":"https:\/\/www.tstcables.com\/es\/producto\/cable-para-equipos-de-petroleo-y-gas-marinos\/","name":"Cable para equipos de petr\u00f3leo y gas marinos","isPartOf":{"@id":"https:\/\/www.tstcables.com\/es\/#website"},"primaryImageOfPage":{"@id":"https:\/\/www.tstcables.com\/es\/producto\/cable-para-equipos-de-petroleo-y-gas-marinos\/#primaryimage"},"image":{"@id":"https:\/\/www.tstcables.com\/es\/producto\/cable-para-equipos-de-petroleo-y-gas-marinos\/#primaryimage"},"thumbnailUrl":"https:\/\/www.tstcables.com\/wp-content\/uploads\/2024\/03\/1-21.jpg","datePublished":"2024-04-12T07:27:52+00:00","description":"Los cables para equipos de petr\u00f3leo y gas marinos son resistentes a las sales y los \u00e1lcalis y se adaptan a entornos hostiles.","breadcrumb":{"@id":"https:\/\/www.tstcables.com\/es\/producto\/cable-para-equipos-de-petroleo-y-gas-marinos\/#breadcrumb"},"inLanguage":"es","potentialAction":[{"@type":"ReadAction","target":["https:\/\/www.tstcables.com\/es\/producto\/cable-para-equipos-de-petroleo-y-gas-marinos\/"]}]},{"@type":"ImageObject","inLanguage":"es","@id":"https:\/\/www.tstcables.com\/es\/producto\/cable-para-equipos-de-petroleo-y-gas-marinos\/#primaryimage","url":"https:\/\/www.tstcables.com\/wp-content\/uploads\/2024\/03\/1-21.jpg","contentUrl":"https:\/\/www.tstcables.com\/wp-content\/uploads\/2024\/03\/1-21.jpg","width":750,"height":750,"caption":"Silicone High Voltage Wire & Cable"},{"@type":"BreadcrumbList","@id":"https:\/\/www.tstcables.com\/es\/producto\/cable-para-equipos-de-petroleo-y-gas-marinos\/#breadcrumb","itemListElement":[{"@type":"ListItem","position":1,"name":"\u9996\u9875","item":"https:\/\/www.tstcables.com\/es\/"},{"@type":"ListItem","position":2,"name":"Product","item":"https:\/\/www.tstcables.com\/product\/"},{"@type":"ListItem","position":3,"name":"Cable para equipos de petr\u00f3leo y gas marinos"}]},{"@type":"WebSite","@id":"https:\/\/www.tstcables.com\/es\/#website","url":"https:\/\/www.tstcables.com\/es\/","name":"TST Cable supplier & Manufacture","description":"TST CABLES  supplier &amp; Manufacture official website","publisher":{"@id":"https:\/\/www.tstcables.com\/es\/#organization"},"potentialAction":[{"@type":"SearchAction","target":{"@type":"EntryPoint","urlTemplate":"https:\/\/www.tstcables.com\/es\/?s={search_term_string}"},"query-input":{"@type":"PropertyValueSpecification","valueRequired":true,"valueName":"search_term_string"}}],"inLanguage":"es"},{"@type":"Organization","@id":"https:\/\/www.tstcables.com\/es\/#organization","name":"TST Cable supplier & Manufacture","url":"https:\/\/www.tstcables.com\/es\/","logo":{"@type":"ImageObject","inLanguage":"es","@id":"https:\/\/www.tstcables.com\/es\/#\/schema\/logo\/image\/","url":"https:\/\/www.tstcables.com\/wp-content\/uploads\/2024\/04\/cropped-\u753b\u677f-1-\u62f7\u8d1d-4-1.png","contentUrl":"https:\/\/www.tstcables.com\/wp-content\/uploads\/2024\/04\/cropped-\u753b\u677f-1-\u62f7\u8d1d-4-1.png","width":300,"height":100,"caption":"TST Cable supplier & Manufacture"},"image":{"@id":"https:\/\/www.tstcables.com\/es\/#\/schema\/logo\/image\/"}}]}},"_links":{"self":[{"href":"https:\/\/www.tstcables.com\/es\/wp-json\/wp\/v2\/product\/17634","targetHints":{"allow":["GET"]}}],"collection":[{"href":"https:\/\/www.tstcables.com\/es\/wp-json\/wp\/v2\/product"}],"about":[{"href":"https:\/\/www.tstcables.com\/es\/wp-json\/wp\/v2\/types\/product"}],"version-history":[{"count":0,"href":"https:\/\/www.tstcables.com\/es\/wp-json\/wp\/v2\/product\/17634\/revisions"}],"wp:featuredmedia":[{"embeddable":true,"href":"https:\/\/www.tstcables.com\/es\/wp-json\/wp\/v2\/media\/13046"}],"wp:attachment":[{"href":"https:\/\/www.tstcables.com\/es\/wp-json\/wp\/v2\/media?parent=17634"}],"wp:term":[{"taxonomy":"product_brand","embeddable":true,"href":"https:\/\/www.tstcables.com\/es\/wp-json\/wp\/v2\/product_brand?post=17634"},{"taxonomy":"product_cat","embeddable":true,"href":"https:\/\/www.tstcables.com\/es\/wp-json\/wp\/v2\/product_cat?post=17634"},{"taxonomy":"product_tag","embeddable":true,"href":"https:\/\/www.tstcables.com\/es\/wp-json\/wp\/v2\/product_tag?post=17634"}],"curies":[{"name":"wp","href":"https:\/\/api.w.org\/{rel}","templated":true}]}}