{"id":17639,"date":"2024-04-12T14:57:35","date_gmt":"2024-04-12T06:57:35","guid":{"rendered":"https:\/\/www.tstcables.com\/product\/cable-para-equipo-de-transporte-de-petroleo\/"},"modified":"2024-04-12T14:57:35","modified_gmt":"2024-04-12T06:57:35","slug":"cable-para-equipo-de-transporte-de-petroleo","status":"publish","type":"product","link":"https:\/\/www.tstcables.com\/es\/producto\/cable-para-equipo-de-transporte-de-petroleo\/","title":{"rendered":"Cable para equipo de transporte de petr\u00f3leo"},"content":{"rendered":"<p>Aplicaci\u00f3n\uff1a<\/p>\n<p>El cable sensor de temperatura para veh\u00edculos ferroviarios se utiliza principalmente para la transmisi\u00f3n de se\u00f1ales y datos del sensor de temperatura.<\/p>\n<p>Caracter\u00edstica\uff1a<\/p>\n<ul>\n<li>Resistencia a la temperatura: -40\u00b0C a 125\u00b0C<\/li>\n<li>Tensi\u00f3n nominal: 750V (tensi\u00f3n de prueba de 4000V\/5min)<\/li>\n<li>Radio de curvatura del cable: 6D (6 veces el di\u00e1metro exterior del cable)<\/li>\n<li>Gran flexibilidad y resistencia a la torsi\u00f3n<\/li>\n<li>Resistencia al aceite, a los rayos UV y a la intemperie<\/li>\n<\/ul>\n<p>Norma del sector:<\/p>\n<ul>\n<li>EN45545-2<\/li>\n<\/ul>\n<p>Estructura\uff1a<\/p>\n<ul>\n<li>Conductor: Conductor de cobre plateado, estructura de 5 \u00f3 6 clases.<\/li>\n<li>Aislamiento: Poliolefina reticulada irradiada.<\/li>\n<li>Blindaje: Trenza de cobre esta\u00f1ado.<\/li>\n<li>Cubierta: Poliolefina reticulada irradiada.<\/li>\n<\/ul>\n<p>Par\u00e1metro de selecci\u00f3n<\/p>\n<table class=\"tg\">\n<thead>\n<tr>\n<th class=\"tg-949j\" rowspan=\"3\">N\u00famero de n\u00facleos * Secci\u00f3n nominal\/mm2<\/th>\n<th class=\"tg-949j\" rowspan=\"3\">Espesor del aislamiento\/mm<\/th>\n<th class=\"tg-949j\" rowspan=\"2\">Di\u00e1metro exterior del aislamiento\/ mm<\/th>\n<th class=\"tg-949j\" colspan=\"2\" rowspan=\"2\">Grosor de la vaina\/mm<\/th>\n<th class=\"tg-0lax\"><\/th>\n<\/tr>\n<tr>\n<th class=\"tg-0lax\"><\/th>\n<\/tr>\n<tr>\n<th class=\"tg-949j\">1.10\u00b10.05<\/th>\n<th class=\"tg-grqh\">0.5<\/th>\n<th class=\"tg-7fn2\">3.70\u00b10.20<\/th>\n<th class=\"tg-0lax\"><\/th>\n<\/tr>\n<\/thead>\n<tbody>\n<tr>\n<td class=\"tg-949j\">2\u00d70.35<\/td>\n<td class=\"tg-grqh\">0.25<\/td>\n<td class=\"tg-949j\">1.25\u00b10.05<\/td>\n<td class=\"tg-grqh\">0.5<\/td>\n<td class=\"tg-7fn2\">4.40\u00b10.20<\/td>\n<td class=\"tg-0lax\"><\/td>\n<\/tr>\n<tr>\n<td class=\"tg-949j\">2\u00d70.50<\/td>\n<td class=\"tg-grqh\">0.25<\/td>\n<td class=\"tg-949j\">1.40\u00b10.05<\/td>\n<td class=\"tg-grqh\">0.5<\/td>\n<td class=\"tg-7fn2\">4.30\u00b10.20<\/td>\n<td class=\"tg-0lax\"><\/td>\n<\/tr>\n<tr>\n<td class=\"tg-949j\">3\u00d70.20<\/td>\n<td class=\"tg-grqh\">0.25<\/td>\n<td class=\"tg-949j\">1.10\u00b10.05<\/td>\n<td class=\"tg-grqh\">0.5<\/td>\n<td class=\"tg-7fn2\">3.90\u00b10.20<\/td>\n<td class=\"tg-0lax\"><\/td>\n<\/tr>\n<tr>\n<td class=\"tg-949j\">3\u00d70.35<\/td>\n<td class=\"tg-grqh\">0.25<\/td>\n<td class=\"tg-949j\">1.25\u00b10.05<\/td>\n<td class=\"tg-grqh\">0.5<\/td>\n<td class=\"tg-7fn2\">4.2\u00b10.20<\/td>\n<td class=\"tg-0lax\"><\/td>\n<\/tr>\n<tr>\n<td class=\"tg-949j\">3\u00d70.50<\/td>\n<td class=\"tg-grqh\">0.25<\/td>\n<td class=\"tg-949j\">1.40\u00b10.05<\/td>\n<td class=\"tg-grqh\">0.5<\/td>\n<td class=\"tg-7fn2\">4.50\u00b10.20<\/td>\n<td class=\"tg-0lax\"><\/td>\n<\/tr>\n<tr>\n<td class=\"tg-7fn2\">4\u00d70.20<\/td>\n<td class=\"tg-d93i\">0.25<\/td>\n<td class=\"tg-7fn2\">1.10\u00b10.05<\/td>\n<td class=\"tg-d93i\">0.5<\/td>\n<td class=\"tg-7fn2\">4.20\u00b10.10<\/td>\n<td class=\"tg-0lax\"><\/td>\n<\/tr>\n<tr>\n<td class=\"tg-7fn2\">4\u00d70.35<\/td>\n<td class=\"tg-d93i\">0.25<\/td>\n<td class=\"tg-7fn2\">1.25\u00b10.05<\/td>\n<td class=\"tg-d93i\">0.5<\/td>\n<td class=\"tg-7fn2\">4.50\u00b10.20<\/td>\n<td class=\"tg-0lax\"><\/td>\n<\/tr>\n<tr>\n<td class=\"tg-7fn2\">4\u00d70.50<\/td>\n<td class=\"tg-d93i\">0.25<\/td>\n<td class=\"tg-7fn2\">1.40\u00b10.05<\/td>\n<td class=\"tg-d93i\">0.5<\/td>\n<td class=\"tg-7fn2\">4.80\u00b10.20<\/td>\n<td class=\"tg-0lax\"><\/td>\n<\/tr>\n<tr>\n<td class=\"tg-7fn2\" rowspan=\"2\">6\u00d70.20<\/td>\n<td class=\"tg-d93i\">0.25<\/td>\n<td class=\"tg-7fn2\">1.10\u00b10.05<\/td>\n<td class=\"tg-d93i\">0.5<\/td>\n<td class=\"tg-7fn2\">4.80\u00b10.10<\/td>\n<td class=\"tg-0lax\"><\/td>\n<\/tr>\n<tr>\n<td class=\"tg-d93i\">0.25<\/td>\n<td class=\"tg-7fn2\">1.25\u00b10.05<\/td>\n<td class=\"tg-d93i\">0.5<\/td>\n<td class=\"tg-7fn2\">5.30\u00b10.2<\/td>\n<td class=\"tg-0lax\"><\/td>\n<\/tr>\n<tr>\n<td class=\"tg-7fn2\">6\u00d70.50<\/td>\n<td class=\"tg-d93i\">0.25<\/td>\n<td class=\"tg-7fn2\">1.40\u00b10.05<\/td>\n<td class=\"tg-d93i\">0.8<\/td>\n<td class=\"tg-7fn2\">6.20\u00b10.20<\/td>\n<td class=\"tg-0lax\"><\/td>\n<\/tr>\n<\/tbody>\n<\/table>\n","protected":false},"excerpt":{"rendered":"<p>Los cables para equipos de transporte de petr\u00f3leo son resistentes al desgaste, la flexi\u00f3n, la deformaci\u00f3n y al petr\u00f3leo, y desempe\u00f1an un papel vital en el transporte seguro y eficiente de petr\u00f3leo desde los sitios de producci\u00f3n hasta las instalaciones de almacenamiento o las redes de distribuci\u00f3n.<\/p>\n","protected":false},"featured_media":12958,"template":"","meta":{"_eb_attr":"","site-sidebar-layout":"default","site-content-layout":"","ast-site-content-layout":"default","site-content-style":"default","site-sidebar-style":"default","ast-global-header-display":"","ast-banner-title-visibility":"","ast-main-header-display":"","ast-hfb-above-header-display":"","ast-hfb-below-header-display":"","ast-hfb-mobile-header-display":"","site-post-title":"","ast-breadcrumbs-content":"","ast-featured-img":"","footer-sml-layout":"","theme-transparent-header-meta":"default","adv-header-id-meta":"","stick-header-meta":"","header-above-stick-meta":"","header-main-stick-meta":"","header-below-stick-meta":"","astra-migrate-meta-layouts":"default","ast-page-background-enabled":"default","ast-page-background-meta":{"desktop":{"background-color":"","background-image":"","background-repeat":"repeat","background-position":"center center","background-size":"auto","background-attachment":"scroll","background-type":"","background-media":"","overlay-type":"","overlay-color":"","overlay-opacity":"","overlay-gradient":""},"tablet":{"background-color":"","background-image":"","background-repeat":"repeat","background-position":"center center","background-size":"auto","background-attachment":"scroll","background-type":"","background-media":"","overlay-type":"","overlay-color":"","overlay-opacity":"","overlay-gradient":""},"mobile":{"background-color":"","background-image":"","background-repeat":"repeat","background-position":"center center","background-size":"auto","background-attachment":"scroll","background-type":"","background-media":"","overlay-type":"","overlay-color":"","overlay-opacity":"","overlay-gradient":""}},"ast-content-background-meta":{"desktop":{"background-color":"var(--ast-global-color-5)","background-image":"","background-repeat":"repeat","background-position":"center center","background-size":"auto","background-attachment":"scroll","background-type":"","background-media":"","overlay-type":"","overlay-color":"","overlay-opacity":"","overlay-gradient":""},"tablet":{"background-color":"var(--ast-global-color-5)","background-image":"","background-repeat":"repeat","background-position":"center center","background-size":"auto","background-attachment":"scroll","background-type":"","background-media":"","overlay-type":"","overlay-color":"","overlay-opacity":"","overlay-gradient":""},"mobile":{"background-color":"var(--ast-global-color-5)","background-image":"","background-repeat":"repeat","background-position":"center center","background-size":"auto","background-attachment":"scroll","background-type":"","background-media":"","overlay-type":"","overlay-color":"","overlay-opacity":"","overlay-gradient":""}}},"product_brand":[],"product_cat":[598],"product_tag":[1222,1220,1221],"class_list":{"0":"post-17639","1":"product","2":"type-product","3":"status-publish","4":"has-post-thumbnail","6":"product_cat-petroleo-gas","7":"product_tag-cable-de-temperatura","8":"product_tag-cable-del-sensor-de-temperatura","9":"product_tag-cable-sensor","10":"desktop-align-center","11":"tablet-align-left","12":"mobile-align-left","14":"first","15":"instock","16":"shipping-taxable","17":"product-type-simple"},"yoast_head":"<!-- This site is optimized with the Yoast SEO plugin v27.5 - https:\/\/yoast.com\/product\/yoast-seo-wordpress\/ -->\n<title>Cable para equipo de transporte de petr\u00f3leo<\/title>\n<meta name=\"description\" content=\"Los cables para equipos de transporte de petr\u00f3leo son resistentes al desgaste, la flexi\u00f3n, la deformaci\u00f3n y al petr\u00f3leo, y desempe\u00f1an un papel vital en el transporte seguro y eficiente de petr\u00f3leo desde los sitios de producci\u00f3n hasta las instalaciones de almacenamiento o las redes de distribuci\u00f3n.\" \/>\n<meta name=\"robots\" content=\"index, follow, max-snippet:-1, max-image-preview:large, max-video-preview:-1\" \/>\n<link rel=\"canonical\" href=\"https:\/\/www.tstcables.com\/es\/producto\/cable-para-equipo-de-transporte-de-petroleo\/\" \/>\n<meta property=\"og:locale\" content=\"es_ES\" \/>\n<meta property=\"og:type\" content=\"article\" \/>\n<meta property=\"og:title\" content=\"Cable para equipo de transporte de petr\u00f3leo\" \/>\n<meta property=\"og:description\" content=\"Los cables para equipos de transporte de petr\u00f3leo son resistentes al desgaste, la flexi\u00f3n, la deformaci\u00f3n y al petr\u00f3leo, y desempe\u00f1an un papel vital en el transporte seguro y eficiente de petr\u00f3leo desde los sitios de producci\u00f3n hasta las instalaciones de almacenamiento o las redes de distribuci\u00f3n.\" \/>\n<meta property=\"og:url\" content=\"https:\/\/www.tstcables.com\/es\/producto\/cable-para-equipo-de-transporte-de-petroleo\/\" \/>\n<meta property=\"og:site_name\" content=\"TST CABLES supplier &amp; Manufacture\" \/>\n<meta property=\"og:image\" content=\"https:\/\/www.tstcables.com\/wp-content\/uploads\/2024\/03\/1-18.jpg\" \/>\n\t<meta property=\"og:image:width\" content=\"640\" \/>\n\t<meta property=\"og:image:height\" content=\"640\" \/>\n\t<meta property=\"og:image:type\" content=\"image\/jpeg\" \/>\n<meta name=\"twitter:card\" content=\"summary_large_image\" \/>\n<meta name=\"twitter:label1\" content=\"Tiempo de lectura\" \/>\n\t<meta name=\"twitter:data1\" content=\"1 minuto\" \/>\n<script type=\"application\/ld+json\" class=\"yoast-schema-graph\">{\"@context\":\"https:\\\/\\\/schema.org\",\"@graph\":[{\"@type\":\"WebPage\",\"@id\":\"https:\\\/\\\/www.tstcables.com\\\/es\\\/producto\\\/cable-para-equipo-de-transporte-de-petroleo\\\/\",\"url\":\"https:\\\/\\\/www.tstcables.com\\\/es\\\/producto\\\/cable-para-equipo-de-transporte-de-petroleo\\\/\",\"name\":\"Cable para equipo de transporte de petr\u00f3leo\",\"isPartOf\":{\"@id\":\"https:\\\/\\\/www.tstcables.com\\\/es\\\/#website\"},\"primaryImageOfPage\":{\"@id\":\"https:\\\/\\\/www.tstcables.com\\\/es\\\/producto\\\/cable-para-equipo-de-transporte-de-petroleo\\\/#primaryimage\"},\"image\":{\"@id\":\"https:\\\/\\\/www.tstcables.com\\\/es\\\/producto\\\/cable-para-equipo-de-transporte-de-petroleo\\\/#primaryimage\"},\"thumbnailUrl\":\"https:\\\/\\\/www.tstcables.com\\\/wp-content\\\/uploads\\\/2024\\\/03\\\/1-18.jpg\",\"datePublished\":\"2024-04-12T06:57:35+00:00\",\"description\":\"Los cables para equipos de transporte de petr\u00f3leo son resistentes al desgaste, la flexi\u00f3n, la deformaci\u00f3n y al petr\u00f3leo, y desempe\u00f1an un papel vital en el transporte seguro y eficiente de petr\u00f3leo desde los sitios de producci\u00f3n hasta las instalaciones de almacenamiento o las redes de distribuci\u00f3n.\",\"breadcrumb\":{\"@id\":\"https:\\\/\\\/www.tstcables.com\\\/es\\\/producto\\\/cable-para-equipo-de-transporte-de-petroleo\\\/#breadcrumb\"},\"inLanguage\":\"es\",\"potentialAction\":[{\"@type\":\"ReadAction\",\"target\":[\"https:\\\/\\\/www.tstcables.com\\\/es\\\/producto\\\/cable-para-equipo-de-transporte-de-petroleo\\\/\"]}]},{\"@type\":\"ImageObject\",\"inLanguage\":\"es\",\"@id\":\"https:\\\/\\\/www.tstcables.com\\\/es\\\/producto\\\/cable-para-equipo-de-transporte-de-petroleo\\\/#primaryimage\",\"url\":\"https:\\\/\\\/www.tstcables.com\\\/wp-content\\\/uploads\\\/2024\\\/03\\\/1-18.jpg\",\"contentUrl\":\"https:\\\/\\\/www.tstcables.com\\\/wp-content\\\/uploads\\\/2024\\\/03\\\/1-18.jpg\",\"width\":640,\"height\":640,\"caption\":\"temperature sensor cable\"},{\"@type\":\"BreadcrumbList\",\"@id\":\"https:\\\/\\\/www.tstcables.com\\\/es\\\/producto\\\/cable-para-equipo-de-transporte-de-petroleo\\\/#breadcrumb\",\"itemListElement\":[{\"@type\":\"ListItem\",\"position\":1,\"name\":\"\u9996\u9875\",\"item\":\"https:\\\/\\\/www.tstcables.com\\\/es\\\/\"},{\"@type\":\"ListItem\",\"position\":2,\"name\":\"Product\",\"item\":\"https:\\\/\\\/www.tstcables.com\\\/product\\\/\"},{\"@type\":\"ListItem\",\"position\":3,\"name\":\"Cable para equipo de transporte de petr\u00f3leo\"}]},{\"@type\":\"WebSite\",\"@id\":\"https:\\\/\\\/www.tstcables.com\\\/es\\\/#website\",\"url\":\"https:\\\/\\\/www.tstcables.com\\\/es\\\/\",\"name\":\"TST Cable supplier & Manufacture\",\"description\":\"TST CABLES  supplier &amp; Manufacture official website\",\"publisher\":{\"@id\":\"https:\\\/\\\/www.tstcables.com\\\/es\\\/#organization\"},\"potentialAction\":[{\"@type\":\"SearchAction\",\"target\":{\"@type\":\"EntryPoint\",\"urlTemplate\":\"https:\\\/\\\/www.tstcables.com\\\/es\\\/?s={search_term_string}\"},\"query-input\":{\"@type\":\"PropertyValueSpecification\",\"valueRequired\":true,\"valueName\":\"search_term_string\"}}],\"inLanguage\":\"es\"},{\"@type\":\"Organization\",\"@id\":\"https:\\\/\\\/www.tstcables.com\\\/es\\\/#organization\",\"name\":\"TST Cable supplier & Manufacture\",\"url\":\"https:\\\/\\\/www.tstcables.com\\\/es\\\/\",\"logo\":{\"@type\":\"ImageObject\",\"inLanguage\":\"es\",\"@id\":\"https:\\\/\\\/www.tstcables.com\\\/es\\\/#\\\/schema\\\/logo\\\/image\\\/\",\"url\":\"https:\\\/\\\/www.tstcables.com\\\/wp-content\\\/uploads\\\/2024\\\/04\\\/cropped-\u753b\u677f-1-\u62f7\u8d1d-4-1.png\",\"contentUrl\":\"https:\\\/\\\/www.tstcables.com\\\/wp-content\\\/uploads\\\/2024\\\/04\\\/cropped-\u753b\u677f-1-\u62f7\u8d1d-4-1.png\",\"width\":300,\"height\":100,\"caption\":\"TST Cable supplier & Manufacture\"},\"image\":{\"@id\":\"https:\\\/\\\/www.tstcables.com\\\/es\\\/#\\\/schema\\\/logo\\\/image\\\/\"}}]}<\/script>\n<!-- \/ Yoast SEO plugin. -->","yoast_head_json":{"title":"Cable para equipo de transporte de petr\u00f3leo","description":"Los cables para equipos de transporte de petr\u00f3leo son resistentes al desgaste, la flexi\u00f3n, la deformaci\u00f3n y al petr\u00f3leo, y desempe\u00f1an un papel vital en el transporte seguro y eficiente de petr\u00f3leo desde los sitios de producci\u00f3n hasta las instalaciones de almacenamiento o las redes de distribuci\u00f3n.","robots":{"index":"index","follow":"follow","max-snippet":"max-snippet:-1","max-image-preview":"max-image-preview:large","max-video-preview":"max-video-preview:-1"},"canonical":"https:\/\/www.tstcables.com\/es\/producto\/cable-para-equipo-de-transporte-de-petroleo\/","og_locale":"es_ES","og_type":"article","og_title":"Cable para equipo de transporte de petr\u00f3leo","og_description":"Los cables para equipos de transporte de petr\u00f3leo son resistentes al desgaste, la flexi\u00f3n, la deformaci\u00f3n y al petr\u00f3leo, y desempe\u00f1an un papel vital en el transporte seguro y eficiente de petr\u00f3leo desde los sitios de producci\u00f3n hasta las instalaciones de almacenamiento o las redes de distribuci\u00f3n.","og_url":"https:\/\/www.tstcables.com\/es\/producto\/cable-para-equipo-de-transporte-de-petroleo\/","og_site_name":"TST CABLES supplier &amp; Manufacture","og_image":[{"width":640,"height":640,"url":"https:\/\/www.tstcables.com\/wp-content\/uploads\/2024\/03\/1-18.jpg","type":"image\/jpeg"}],"twitter_card":"summary_large_image","twitter_misc":{"Tiempo de lectura":"1 minuto"},"schema":{"@context":"https:\/\/schema.org","@graph":[{"@type":"WebPage","@id":"https:\/\/www.tstcables.com\/es\/producto\/cable-para-equipo-de-transporte-de-petroleo\/","url":"https:\/\/www.tstcables.com\/es\/producto\/cable-para-equipo-de-transporte-de-petroleo\/","name":"Cable para equipo de transporte de petr\u00f3leo","isPartOf":{"@id":"https:\/\/www.tstcables.com\/es\/#website"},"primaryImageOfPage":{"@id":"https:\/\/www.tstcables.com\/es\/producto\/cable-para-equipo-de-transporte-de-petroleo\/#primaryimage"},"image":{"@id":"https:\/\/www.tstcables.com\/es\/producto\/cable-para-equipo-de-transporte-de-petroleo\/#primaryimage"},"thumbnailUrl":"https:\/\/www.tstcables.com\/wp-content\/uploads\/2024\/03\/1-18.jpg","datePublished":"2024-04-12T06:57:35+00:00","description":"Los cables para equipos de transporte de petr\u00f3leo son resistentes al desgaste, la flexi\u00f3n, la deformaci\u00f3n y al petr\u00f3leo, y desempe\u00f1an un papel vital en el transporte seguro y eficiente de petr\u00f3leo desde los sitios de producci\u00f3n hasta las instalaciones de almacenamiento o las redes de distribuci\u00f3n.","breadcrumb":{"@id":"https:\/\/www.tstcables.com\/es\/producto\/cable-para-equipo-de-transporte-de-petroleo\/#breadcrumb"},"inLanguage":"es","potentialAction":[{"@type":"ReadAction","target":["https:\/\/www.tstcables.com\/es\/producto\/cable-para-equipo-de-transporte-de-petroleo\/"]}]},{"@type":"ImageObject","inLanguage":"es","@id":"https:\/\/www.tstcables.com\/es\/producto\/cable-para-equipo-de-transporte-de-petroleo\/#primaryimage","url":"https:\/\/www.tstcables.com\/wp-content\/uploads\/2024\/03\/1-18.jpg","contentUrl":"https:\/\/www.tstcables.com\/wp-content\/uploads\/2024\/03\/1-18.jpg","width":640,"height":640,"caption":"temperature sensor cable"},{"@type":"BreadcrumbList","@id":"https:\/\/www.tstcables.com\/es\/producto\/cable-para-equipo-de-transporte-de-petroleo\/#breadcrumb","itemListElement":[{"@type":"ListItem","position":1,"name":"\u9996\u9875","item":"https:\/\/www.tstcables.com\/es\/"},{"@type":"ListItem","position":2,"name":"Product","item":"https:\/\/www.tstcables.com\/product\/"},{"@type":"ListItem","position":3,"name":"Cable para equipo de transporte de petr\u00f3leo"}]},{"@type":"WebSite","@id":"https:\/\/www.tstcables.com\/es\/#website","url":"https:\/\/www.tstcables.com\/es\/","name":"TST Cable supplier & Manufacture","description":"TST CABLES  supplier &amp; Manufacture official website","publisher":{"@id":"https:\/\/www.tstcables.com\/es\/#organization"},"potentialAction":[{"@type":"SearchAction","target":{"@type":"EntryPoint","urlTemplate":"https:\/\/www.tstcables.com\/es\/?s={search_term_string}"},"query-input":{"@type":"PropertyValueSpecification","valueRequired":true,"valueName":"search_term_string"}}],"inLanguage":"es"},{"@type":"Organization","@id":"https:\/\/www.tstcables.com\/es\/#organization","name":"TST Cable supplier & Manufacture","url":"https:\/\/www.tstcables.com\/es\/","logo":{"@type":"ImageObject","inLanguage":"es","@id":"https:\/\/www.tstcables.com\/es\/#\/schema\/logo\/image\/","url":"https:\/\/www.tstcables.com\/wp-content\/uploads\/2024\/04\/cropped-\u753b\u677f-1-\u62f7\u8d1d-4-1.png","contentUrl":"https:\/\/www.tstcables.com\/wp-content\/uploads\/2024\/04\/cropped-\u753b\u677f-1-\u62f7\u8d1d-4-1.png","width":300,"height":100,"caption":"TST Cable supplier & Manufacture"},"image":{"@id":"https:\/\/www.tstcables.com\/es\/#\/schema\/logo\/image\/"}}]}},"_links":{"self":[{"href":"https:\/\/www.tstcables.com\/es\/wp-json\/wp\/v2\/product\/17639","targetHints":{"allow":["GET"]}}],"collection":[{"href":"https:\/\/www.tstcables.com\/es\/wp-json\/wp\/v2\/product"}],"about":[{"href":"https:\/\/www.tstcables.com\/es\/wp-json\/wp\/v2\/types\/product"}],"version-history":[{"count":0,"href":"https:\/\/www.tstcables.com\/es\/wp-json\/wp\/v2\/product\/17639\/revisions"}],"wp:featuredmedia":[{"embeddable":true,"href":"https:\/\/www.tstcables.com\/es\/wp-json\/wp\/v2\/media\/12958"}],"wp:attachment":[{"href":"https:\/\/www.tstcables.com\/es\/wp-json\/wp\/v2\/media?parent=17639"}],"wp:term":[{"taxonomy":"product_brand","embeddable":true,"href":"https:\/\/www.tstcables.com\/es\/wp-json\/wp\/v2\/product_brand?post=17639"},{"taxonomy":"product_cat","embeddable":true,"href":"https:\/\/www.tstcables.com\/es\/wp-json\/wp\/v2\/product_cat?post=17639"},{"taxonomy":"product_tag","embeddable":true,"href":"https:\/\/www.tstcables.com\/es\/wp-json\/wp\/v2\/product_tag?post=17639"}],"curies":[{"name":"wp","href":"https:\/\/api.w.org\/{rel}","templated":true}]}}