{"id":17640,"date":"2024-04-12T14:47:59","date_gmt":"2024-04-12T06:47:59","guid":{"rendered":"https:\/\/www.tstcables.com\/product\/cable-para-equipos-de-refinacion-de-petroleo\/"},"modified":"2024-04-12T14:47:59","modified_gmt":"2024-04-12T06:47:59","slug":"cable-para-equipos-de-refinacion-de-petroleo","status":"publish","type":"product","link":"https:\/\/www.tstcables.com\/es\/producto\/cable-para-equipos-de-refinacion-de-petroleo\/","title":{"rendered":"Cable para equipos de refinaci\u00f3n de petr\u00f3leo"},"content":{"rendered":"<p><strong>Aplicaciones<\/strong><br \/>\nEquipos de refinado de petr\u00f3leo<\/p>\n<p><strong>Norma del sector<\/strong><\/p>\n<ul>\n<li style=\"text-align: left;\">Q31\/0114000209C025-2017<\/li>\n<\/ul>\n<p><strong>Caracter\u00edsticas del producto<\/strong><br \/>\n1.Tensi\u00f3n nominal: 300\/500V<br \/>\n2.Rango de temperatura: 600\u2103, puede soportar temperaturas de hasta 800\u2103 en poco tiempo.<br \/>\n3.\u2103 conductor: alambre trenzado de n\u00edquel puro<br \/>\n4.Color: amarillo tierra, se puede elegir gasa negra, gasa roja, etc.<\/p>\n<p><strong>Par\u00e1metros t\u00e9cnicos<\/strong><\/p>\n<table class=\"tg\">\n<thead>\n<tr>\n<th class=\"tg-grqh\">Cruz nominal<br \/>\nsecci\u00f3n (mm2)<\/th>\n<th class=\"tg-grqh\">N\u00famero de estructuras conductoras\/di\u00e1metro del cable (mm)<\/th>\n<th class=\"tg-grqh\" colspan=\"2\">Espesor del aislamiento (mm)<\/th>\n<th class=\"tg-d93i\">Longitud de embalaje (m)<\/th>\n<\/tr>\n<\/thead>\n<tbody>\n<tr>\n<td class=\"tg-grqh\" rowspan=\"2\">0.5<\/td>\n<td class=\"tg-949j\" rowspan=\"2\">7 \u00d7 0.30<\/td>\n<td class=\"tg-grqh\">0.5<\/td>\n<td class=\"tg-grqh\">2.3\u00b10.3<\/td>\n<td class=\"tg-d93i\">200<\/td>\n<\/tr>\n<tr>\n<td class=\"tg-grqh\">0.5<\/td>\n<td class=\"tg-949j\">2.5\u00b10.3<\/td>\n<td class=\"tg-d93i\">200<\/td>\n<\/tr>\n<tr>\n<td class=\"tg-grqh\">1<\/td>\n<td class=\"tg-949j\">14 \u00d7 0.30<\/td>\n<td class=\"tg-grqh\">0.5<\/td>\n<td class=\"tg-grqh\">2.6\u00b10.3<\/td>\n<td class=\"tg-d93i\">200<\/td>\n<\/tr>\n<tr>\n<td class=\"tg-grqh\">1.2<\/td>\n<td class=\"tg-949j\">40 \u00d7 0.19<\/td>\n<td class=\"tg-grqh\">0.5<\/td>\n<td class=\"tg-grqh\">2.7 \u00b1 0.3<\/td>\n<td class=\"tg-d93i\">100<\/td>\n<\/tr>\n<tr>\n<td class=\"tg-grqh\">1.5<\/td>\n<td class=\"tg-949j\">21 \u00d7 0.30<\/td>\n<td class=\"tg-grqh\">0.5<\/td>\n<td class=\"tg-grqh\">2.9\u00b10.3<\/td>\n<td class=\"tg-d93i\">100<\/td>\n<\/tr>\n<tr>\n<td class=\"tg-grqh\">2<\/td>\n<td class=\"tg-949j\">28 \u00d7 0.30<\/td>\n<td class=\"tg-grqh\">0.6<\/td>\n<td class=\"tg-grqh\">3.3\u00b10.5<\/td>\n<td class=\"tg-d93i\">100<\/td>\n<\/tr>\n<tr>\n<td class=\"tg-grqh\">2.5<\/td>\n<td class=\"tg-949j\">35 \u00d7 0.30<\/td>\n<td class=\"tg-grqh\">0.6<\/td>\n<td class=\"tg-grqh\">3.6\u00b10.5<\/td>\n<td class=\"tg-d93i\">100<\/td>\n<\/tr>\n<tr>\n<td class=\"tg-d93i\">4<\/td>\n<td class=\"tg-7fn2\">56 \u00d7 0.30<\/td>\n<td class=\"tg-d93i\">0.8<\/td>\n<td class=\"tg-7fn2\">4.7\u00b10.5<\/td>\n<td class=\"tg-d93i\">100<\/td>\n<\/tr>\n<tr>\n<td class=\"tg-d93i\">6<\/td>\n<td class=\"tg-7fn2\">84 \u00d7 0.30<\/td>\n<td class=\"tg-d93i\">0.8<\/td>\n<td class=\"tg-d93i\">5.5\u00b10.5<\/td>\n<td class=\"tg-d93i\">100<\/td>\n<\/tr>\n<tr>\n<td class=\"tg-d93i\">10<\/td>\n<td class=\"tg-7fn2\">84 \u00d7 0.40<\/td>\n<td class=\"tg-d93i\">0.8<\/td>\n<td class=\"tg-d93i\">6.6\u00b10.5<\/td>\n<td class=\"tg-d93i\">100<\/td>\n<\/tr>\n<tr>\n<td class=\"tg-d93i\" rowspan=\"2\">16<\/td>\n<td class=\"tg-7fn2\">228 \u00d7 0.30<\/td>\n<td class=\"tg-d93i\">0.8<\/td>\n<td class=\"tg-7fn2\">7.8\u00b10.5<\/td>\n<td class=\"tg-d93i\">100<\/td>\n<\/tr>\n<tr>\n<td class=\"tg-7fn2\">126 \u00d7 0.40<\/td>\n<td class=\"tg-d93i\">0.8<\/td>\n<td class=\"tg-d93i\">7.8\u00b10.5<\/td>\n<td class=\"tg-d93i\">100<\/td>\n<\/tr>\n<tr>\n<td class=\"tg-d93i\" rowspan=\"2\">25<\/td>\n<td class=\"tg-7fn2\">196 \u00d7 0.40<\/td>\n<td class=\"tg-d93i\">0.8<\/td>\n<td class=\"tg-7fn2\">9.5\u00b10.5<\/td>\n<td class=\"tg-d93i\">100<\/td>\n<\/tr>\n<tr>\n<td class=\"tg-7fn2\">361 \u00d7 0.30<\/td>\n<td class=\"tg-d93i\">0.8<\/td>\n<td class=\"tg-d93i\">9.5\u00b10.5<\/td>\n<td class=\"tg-d93i\">100<\/td>\n<\/tr>\n<tr>\n<td class=\"tg-d93i\">35<\/td>\n<td class=\"tg-7fn2\">494 \u00d7 0.30<\/td>\n<td class=\"tg-d93i\">1<\/td>\n<td class=\"tg-7fn2\">11.2\u00b11.0<\/td>\n<td class=\"tg-d93i\">100<\/td>\n<\/tr>\n<tr>\n<td class=\"tg-d93i\" rowspan=\"2\">50<\/td>\n<td class=\"tg-7fn2\">396 \u00d7 0.40<\/td>\n<td class=\"tg-d93i\">1.2<\/td>\n<td class=\"tg-7fn2\">13.2\u00b11.0<\/td>\n<td class=\"tg-d93i\">100<\/td>\n<\/tr>\n<tr>\n<td class=\"tg-7fn2\">703 \u00d7 0.30<\/td>\n<td class=\"tg-d93i\">1.2<\/td>\n<td class=\"tg-7fn2\">13.2\u00b11.0<\/td>\n<td class=\"tg-d93i\">100<\/td>\n<\/tr>\n<tr>\n<td class=\"tg-d93i\" rowspan=\"2\">70<\/td>\n<td class=\"tg-7fn2\">551 \u00d7 0.40<\/td>\n<td class=\"tg-d93i\">1.2<\/td>\n<td class=\"tg-7fn2\">15.4\u00b1 1.0<\/td>\n<td class=\"tg-d93i\">100<\/td>\n<\/tr>\n<tr>\n<td class=\"tg-7fn2\">988 \u00d7 0.30<\/td>\n<td class=\"tg-d93i\">1.2<\/td>\n<td class=\"tg-7fn2\">15.4\u00b1 1.0<\/td>\n<td class=\"tg-d93i\">100<\/td>\n<\/tr>\n<tr>\n<td class=\"tg-d93i\">95<\/td>\n<td class=\"tg-7fn2\">760\u00d7 0.40<\/td>\n<td class=\"tg-d93i\">1.2<\/td>\n<td class=\"tg-7fn2\">17.4\u00b1 1.0<\/td>\n<td class=\"tg-d93i\">100<\/td>\n<\/tr>\n<\/tbody>\n<\/table>\n","protected":false},"excerpt":{"rendered":"<p>Los cables para equipos de refinaci\u00f3n de petr\u00f3leo son resistentes a temperaturas ultraaltas y admiten la personalizaci\u00f3n. Son una parte importante de la industria de refinaci\u00f3n de petr\u00f3leo y conectan varios equipos e instrumentos involucrados en el proceso de refinaci\u00f3n de petr\u00f3leo.<\/p>\n","protected":false},"featured_media":13070,"template":"","meta":{"_eb_attr":"","site-sidebar-layout":"default","site-content-layout":"","ast-site-content-layout":"default","site-content-style":"default","site-sidebar-style":"default","ast-global-header-display":"","ast-banner-title-visibility":"","ast-main-header-display":"","ast-hfb-above-header-display":"","ast-hfb-below-header-display":"","ast-hfb-mobile-header-display":"","site-post-title":"","ast-breadcrumbs-content":"","ast-featured-img":"","footer-sml-layout":"","theme-transparent-header-meta":"default","adv-header-id-meta":"","stick-header-meta":"","header-above-stick-meta":"","header-main-stick-meta":"","header-below-stick-meta":"","astra-migrate-meta-layouts":"default","ast-page-background-enabled":"default","ast-page-background-meta":{"desktop":{"background-color":"","background-image":"","background-repeat":"repeat","background-position":"center center","background-size":"auto","background-attachment":"scroll","background-type":"","background-media":"","overlay-type":"","overlay-color":"","overlay-opacity":"","overlay-gradient":""},"tablet":{"background-color":"","background-image":"","background-repeat":"repeat","background-position":"center center","background-size":"auto","background-attachment":"scroll","background-type":"","background-media":"","overlay-type":"","overlay-color":"","overlay-opacity":"","overlay-gradient":""},"mobile":{"background-color":"","background-image":"","background-repeat":"repeat","background-position":"center center","background-size":"auto","background-attachment":"scroll","background-type":"","background-media":"","overlay-type":"","overlay-color":"","overlay-opacity":"","overlay-gradient":""}},"ast-content-background-meta":{"desktop":{"background-color":"var(--ast-global-color-5)","background-image":"","background-repeat":"repeat","background-position":"center center","background-size":"auto","background-attachment":"scroll","background-type":"","background-media":"","overlay-type":"","overlay-color":"","overlay-opacity":"","overlay-gradient":""},"tablet":{"background-color":"var(--ast-global-color-5)","background-image":"","background-repeat":"repeat","background-position":"center center","background-size":"auto","background-attachment":"scroll","background-type":"","background-media":"","overlay-type":"","overlay-color":"","overlay-opacity":"","overlay-gradient":""},"mobile":{"background-color":"var(--ast-global-color-5)","background-image":"","background-repeat":"repeat","background-position":"center center","background-size":"auto","background-attachment":"scroll","background-type":"","background-media":"","overlay-type":"","overlay-color":"","overlay-opacity":"","overlay-gradient":""}}},"product_brand":[],"product_cat":[598],"product_tag":[1224,1223,1225],"class_list":{"0":"post-17640","1":"product","2":"type-product","3":"status-publish","4":"has-post-thumbnail","6":"product_cat-petroleo-gas","7":"product_tag-gn800-es","8":"product_tag-low-smoke-halogen-free-type-es","9":"product_tag-lszh-cable-es","10":"desktop-align-center","11":"tablet-align-left","12":"mobile-align-left","14":"first","15":"instock","16":"shipping-taxable","17":"product-type-simple"},"yoast_head":"<!-- This site is optimized with the Yoast SEO plugin v27.5 - https:\/\/yoast.com\/product\/yoast-seo-wordpress\/ -->\n<title>Cable para equipos de refinaci\u00f3n de petr\u00f3leo<\/title>\n<meta name=\"description\" content=\"Los cables para equipos de refinaci\u00f3n de petr\u00f3leo son resistentes a temperaturas ultraaltas y admiten la personalizaci\u00f3n.\" \/>\n<meta name=\"robots\" content=\"index, follow, max-snippet:-1, max-image-preview:large, max-video-preview:-1\" \/>\n<link rel=\"canonical\" href=\"https:\/\/www.tstcables.com\/es\/producto\/cable-para-equipos-de-refinacion-de-petroleo\/\" \/>\n<meta property=\"og:locale\" content=\"es_ES\" \/>\n<meta property=\"og:type\" content=\"article\" \/>\n<meta property=\"og:title\" content=\"Cable para equipos de refinaci\u00f3n de petr\u00f3leo\" \/>\n<meta property=\"og:description\" content=\"Los cables para equipos de refinaci\u00f3n de petr\u00f3leo son resistentes a temperaturas ultraaltas y admiten la personalizaci\u00f3n.\" \/>\n<meta property=\"og:url\" content=\"https:\/\/www.tstcables.com\/es\/producto\/cable-para-equipos-de-refinacion-de-petroleo\/\" \/>\n<meta property=\"og:site_name\" content=\"TST CABLES supplier &amp; Manufacture\" \/>\n<meta property=\"og:image\" content=\"https:\/\/www.tstcables.com\/wp-content\/uploads\/2024\/03\/4-12.jpg\" \/>\n\t<meta property=\"og:image:width\" content=\"750\" \/>\n\t<meta property=\"og:image:height\" content=\"750\" \/>\n\t<meta property=\"og:image:type\" content=\"image\/jpeg\" \/>\n<meta name=\"twitter:card\" content=\"summary_large_image\" \/>\n<script type=\"application\/ld+json\" class=\"yoast-schema-graph\">{\"@context\":\"https:\\\/\\\/schema.org\",\"@graph\":[{\"@type\":\"WebPage\",\"@id\":\"https:\\\/\\\/www.tstcables.com\\\/es\\\/producto\\\/cable-para-equipos-de-refinacion-de-petroleo\\\/\",\"url\":\"https:\\\/\\\/www.tstcables.com\\\/es\\\/producto\\\/cable-para-equipos-de-refinacion-de-petroleo\\\/\",\"name\":\"Cable para equipos de refinaci\u00f3n de petr\u00f3leo\",\"isPartOf\":{\"@id\":\"https:\\\/\\\/www.tstcables.com\\\/es\\\/#website\"},\"primaryImageOfPage\":{\"@id\":\"https:\\\/\\\/www.tstcables.com\\\/es\\\/producto\\\/cable-para-equipos-de-refinacion-de-petroleo\\\/#primaryimage\"},\"image\":{\"@id\":\"https:\\\/\\\/www.tstcables.com\\\/es\\\/producto\\\/cable-para-equipos-de-refinacion-de-petroleo\\\/#primaryimage\"},\"thumbnailUrl\":\"https:\\\/\\\/www.tstcables.com\\\/wp-content\\\/uploads\\\/2024\\\/03\\\/4-12.jpg\",\"datePublished\":\"2024-04-12T06:47:59+00:00\",\"description\":\"Los cables para equipos de refinaci\u00f3n de petr\u00f3leo son resistentes a temperaturas ultraaltas y admiten la personalizaci\u00f3n.\",\"breadcrumb\":{\"@id\":\"https:\\\/\\\/www.tstcables.com\\\/es\\\/producto\\\/cable-para-equipos-de-refinacion-de-petroleo\\\/#breadcrumb\"},\"inLanguage\":\"es\",\"potentialAction\":[{\"@type\":\"ReadAction\",\"target\":[\"https:\\\/\\\/www.tstcables.com\\\/es\\\/producto\\\/cable-para-equipos-de-refinacion-de-petroleo\\\/\"]}]},{\"@type\":\"ImageObject\",\"inLanguage\":\"es\",\"@id\":\"https:\\\/\\\/www.tstcables.com\\\/es\\\/producto\\\/cable-para-equipos-de-refinacion-de-petroleo\\\/#primaryimage\",\"url\":\"https:\\\/\\\/www.tstcables.com\\\/wp-content\\\/uploads\\\/2024\\\/03\\\/4-12.jpg\",\"contentUrl\":\"https:\\\/\\\/www.tstcables.com\\\/wp-content\\\/uploads\\\/2024\\\/03\\\/4-12.jpg\",\"width\":750,\"height\":750,\"caption\":\"Low smoke halogen-free type GN800\"},{\"@type\":\"BreadcrumbList\",\"@id\":\"https:\\\/\\\/www.tstcables.com\\\/es\\\/producto\\\/cable-para-equipos-de-refinacion-de-petroleo\\\/#breadcrumb\",\"itemListElement\":[{\"@type\":\"ListItem\",\"position\":1,\"name\":\"\u9996\u9875\",\"item\":\"https:\\\/\\\/www.tstcables.com\\\/es\\\/\"},{\"@type\":\"ListItem\",\"position\":2,\"name\":\"Product\",\"item\":\"https:\\\/\\\/www.tstcables.com\\\/product\\\/\"},{\"@type\":\"ListItem\",\"position\":3,\"name\":\"Cable para equipos de refinaci\u00f3n de petr\u00f3leo\"}]},{\"@type\":\"WebSite\",\"@id\":\"https:\\\/\\\/www.tstcables.com\\\/es\\\/#website\",\"url\":\"https:\\\/\\\/www.tstcables.com\\\/es\\\/\",\"name\":\"TST Cable supplier & Manufacture\",\"description\":\"TST CABLES  supplier &amp; Manufacture official website\",\"publisher\":{\"@id\":\"https:\\\/\\\/www.tstcables.com\\\/es\\\/#organization\"},\"potentialAction\":[{\"@type\":\"SearchAction\",\"target\":{\"@type\":\"EntryPoint\",\"urlTemplate\":\"https:\\\/\\\/www.tstcables.com\\\/es\\\/?s={search_term_string}\"},\"query-input\":{\"@type\":\"PropertyValueSpecification\",\"valueRequired\":true,\"valueName\":\"search_term_string\"}}],\"inLanguage\":\"es\"},{\"@type\":\"Organization\",\"@id\":\"https:\\\/\\\/www.tstcables.com\\\/es\\\/#organization\",\"name\":\"TST Cable supplier & Manufacture\",\"url\":\"https:\\\/\\\/www.tstcables.com\\\/es\\\/\",\"logo\":{\"@type\":\"ImageObject\",\"inLanguage\":\"es\",\"@id\":\"https:\\\/\\\/www.tstcables.com\\\/es\\\/#\\\/schema\\\/logo\\\/image\\\/\",\"url\":\"https:\\\/\\\/www.tstcables.com\\\/wp-content\\\/uploads\\\/2024\\\/04\\\/cropped-\u753b\u677f-1-\u62f7\u8d1d-4-1.png\",\"contentUrl\":\"https:\\\/\\\/www.tstcables.com\\\/wp-content\\\/uploads\\\/2024\\\/04\\\/cropped-\u753b\u677f-1-\u62f7\u8d1d-4-1.png\",\"width\":300,\"height\":100,\"caption\":\"TST Cable supplier & Manufacture\"},\"image\":{\"@id\":\"https:\\\/\\\/www.tstcables.com\\\/es\\\/#\\\/schema\\\/logo\\\/image\\\/\"}}]}<\/script>\n<!-- \/ Yoast SEO plugin. -->","yoast_head_json":{"title":"Cable para equipos de refinaci\u00f3n de petr\u00f3leo","description":"Los cables para equipos de refinaci\u00f3n de petr\u00f3leo son resistentes a temperaturas ultraaltas y admiten la personalizaci\u00f3n.","robots":{"index":"index","follow":"follow","max-snippet":"max-snippet:-1","max-image-preview":"max-image-preview:large","max-video-preview":"max-video-preview:-1"},"canonical":"https:\/\/www.tstcables.com\/es\/producto\/cable-para-equipos-de-refinacion-de-petroleo\/","og_locale":"es_ES","og_type":"article","og_title":"Cable para equipos de refinaci\u00f3n de petr\u00f3leo","og_description":"Los cables para equipos de refinaci\u00f3n de petr\u00f3leo son resistentes a temperaturas ultraaltas y admiten la personalizaci\u00f3n.","og_url":"https:\/\/www.tstcables.com\/es\/producto\/cable-para-equipos-de-refinacion-de-petroleo\/","og_site_name":"TST CABLES supplier &amp; Manufacture","og_image":[{"width":750,"height":750,"url":"https:\/\/www.tstcables.com\/wp-content\/uploads\/2024\/03\/4-12.jpg","type":"image\/jpeg"}],"twitter_card":"summary_large_image","schema":{"@context":"https:\/\/schema.org","@graph":[{"@type":"WebPage","@id":"https:\/\/www.tstcables.com\/es\/producto\/cable-para-equipos-de-refinacion-de-petroleo\/","url":"https:\/\/www.tstcables.com\/es\/producto\/cable-para-equipos-de-refinacion-de-petroleo\/","name":"Cable para equipos de refinaci\u00f3n de petr\u00f3leo","isPartOf":{"@id":"https:\/\/www.tstcables.com\/es\/#website"},"primaryImageOfPage":{"@id":"https:\/\/www.tstcables.com\/es\/producto\/cable-para-equipos-de-refinacion-de-petroleo\/#primaryimage"},"image":{"@id":"https:\/\/www.tstcables.com\/es\/producto\/cable-para-equipos-de-refinacion-de-petroleo\/#primaryimage"},"thumbnailUrl":"https:\/\/www.tstcables.com\/wp-content\/uploads\/2024\/03\/4-12.jpg","datePublished":"2024-04-12T06:47:59+00:00","description":"Los cables para equipos de refinaci\u00f3n de petr\u00f3leo son resistentes a temperaturas ultraaltas y admiten la personalizaci\u00f3n.","breadcrumb":{"@id":"https:\/\/www.tstcables.com\/es\/producto\/cable-para-equipos-de-refinacion-de-petroleo\/#breadcrumb"},"inLanguage":"es","potentialAction":[{"@type":"ReadAction","target":["https:\/\/www.tstcables.com\/es\/producto\/cable-para-equipos-de-refinacion-de-petroleo\/"]}]},{"@type":"ImageObject","inLanguage":"es","@id":"https:\/\/www.tstcables.com\/es\/producto\/cable-para-equipos-de-refinacion-de-petroleo\/#primaryimage","url":"https:\/\/www.tstcables.com\/wp-content\/uploads\/2024\/03\/4-12.jpg","contentUrl":"https:\/\/www.tstcables.com\/wp-content\/uploads\/2024\/03\/4-12.jpg","width":750,"height":750,"caption":"Low smoke halogen-free type GN800"},{"@type":"BreadcrumbList","@id":"https:\/\/www.tstcables.com\/es\/producto\/cable-para-equipos-de-refinacion-de-petroleo\/#breadcrumb","itemListElement":[{"@type":"ListItem","position":1,"name":"\u9996\u9875","item":"https:\/\/www.tstcables.com\/es\/"},{"@type":"ListItem","position":2,"name":"Product","item":"https:\/\/www.tstcables.com\/product\/"},{"@type":"ListItem","position":3,"name":"Cable para equipos de refinaci\u00f3n de petr\u00f3leo"}]},{"@type":"WebSite","@id":"https:\/\/www.tstcables.com\/es\/#website","url":"https:\/\/www.tstcables.com\/es\/","name":"TST Cable supplier & Manufacture","description":"TST CABLES  supplier &amp; Manufacture official website","publisher":{"@id":"https:\/\/www.tstcables.com\/es\/#organization"},"potentialAction":[{"@type":"SearchAction","target":{"@type":"EntryPoint","urlTemplate":"https:\/\/www.tstcables.com\/es\/?s={search_term_string}"},"query-input":{"@type":"PropertyValueSpecification","valueRequired":true,"valueName":"search_term_string"}}],"inLanguage":"es"},{"@type":"Organization","@id":"https:\/\/www.tstcables.com\/es\/#organization","name":"TST Cable supplier & Manufacture","url":"https:\/\/www.tstcables.com\/es\/","logo":{"@type":"ImageObject","inLanguage":"es","@id":"https:\/\/www.tstcables.com\/es\/#\/schema\/logo\/image\/","url":"https:\/\/www.tstcables.com\/wp-content\/uploads\/2024\/04\/cropped-\u753b\u677f-1-\u62f7\u8d1d-4-1.png","contentUrl":"https:\/\/www.tstcables.com\/wp-content\/uploads\/2024\/04\/cropped-\u753b\u677f-1-\u62f7\u8d1d-4-1.png","width":300,"height":100,"caption":"TST Cable supplier & Manufacture"},"image":{"@id":"https:\/\/www.tstcables.com\/es\/#\/schema\/logo\/image\/"}}]}},"_links":{"self":[{"href":"https:\/\/www.tstcables.com\/es\/wp-json\/wp\/v2\/product\/17640","targetHints":{"allow":["GET"]}}],"collection":[{"href":"https:\/\/www.tstcables.com\/es\/wp-json\/wp\/v2\/product"}],"about":[{"href":"https:\/\/www.tstcables.com\/es\/wp-json\/wp\/v2\/types\/product"}],"version-history":[{"count":0,"href":"https:\/\/www.tstcables.com\/es\/wp-json\/wp\/v2\/product\/17640\/revisions"}],"wp:featuredmedia":[{"embeddable":true,"href":"https:\/\/www.tstcables.com\/es\/wp-json\/wp\/v2\/media\/13070"}],"wp:attachment":[{"href":"https:\/\/www.tstcables.com\/es\/wp-json\/wp\/v2\/media?parent=17640"}],"wp:term":[{"taxonomy":"product_brand","embeddable":true,"href":"https:\/\/www.tstcables.com\/es\/wp-json\/wp\/v2\/product_brand?post=17640"},{"taxonomy":"product_cat","embeddable":true,"href":"https:\/\/www.tstcables.com\/es\/wp-json\/wp\/v2\/product_cat?post=17640"},{"taxonomy":"product_tag","embeddable":true,"href":"https:\/\/www.tstcables.com\/es\/wp-json\/wp\/v2\/product_tag?post=17640"}],"curies":[{"name":"wp","href":"https:\/\/api.w.org\/{rel}","templated":true}]}}