{"id":17641,"date":"2024-04-12T14:36:45","date_gmt":"2024-04-12T06:36:45","guid":{"rendered":"https:\/\/www.tstcables.com\/product\/cables-de-sensores-de-vibracion-velocidad-aceleracion-y-resolucion\/"},"modified":"2024-04-12T14:36:45","modified_gmt":"2024-04-12T06:36:45","slug":"cables-de-sensores-de-vibracion-velocidad-aceleracion-y-resolucion","status":"publish","type":"product","link":"https:\/\/www.tstcables.com\/es\/producto\/cables-de-sensores-de-vibracion-velocidad-aceleracion-y-resolucion\/","title":{"rendered":"Cables de sensores de vibraci\u00f3n, velocidad, aceleraci\u00f3n y resoluci\u00f3n"},"content":{"rendered":"<p><strong>Aplicaciones<\/strong><\/p>\n<p>equipo de fondo de pozo para prospecci\u00f3n petrol\u00edfera<\/p>\n<p><strong>Norma del sector<\/strong><\/p>\n<ul>\n<li>lEN45545-2<\/li>\n<\/ul>\n<p><strong>Caracter\u00edsticas del producto:<\/strong><\/p>\n<ol>\n<li>Resistencia a temperaturas prolongadas: -50-250\u2103<\/li>\n<li>Nivel de tensi\u00f3n soportado: 300V 600V<\/li>\n<li>Resistente a la radiaci\u00f3n gamma: 850KGy puede utilizarse durante mucho tiempo.<\/li>\n<li>Baja emisi\u00f3n de humos, sin hal\u00f3genos, ign\u00edfugo, resistente a altas y bajas temperaturas<\/li>\n<\/ol>\n<p><strong>Par\u00e1metros t\u00e9cnicos<\/strong><\/p>\n<table class=\"tg\">\n<thead>\n<tr>\n<th class=\"tg-grqh\">N\u00famero de hilos conductores y secci\u00f3n nominal<\/th>\n<th class=\"tg-grqh\">Espesor m\u00ednimo de la funda<\/th>\n<th class=\"tg-grqh\" colspan=\"2\">Di\u00e1metro exterior del cable D<\/th>\n<\/tr>\n<\/thead>\n<tbody>\n<tr>\n<td class=\"tg-949j\" rowspan=\"2\">mm2<\/td>\n<td class=\"tg-949j\" rowspan=\"2\">mm<\/td>\n<td class=\"tg-949j\">Min<\/td>\n<td class=\"tg-949j\">Max<\/td>\n<\/tr>\n<tr>\n<td class=\"tg-grqh\">mm<\/td>\n<td class=\"tg-949j\">\u03a9\/km<\/td>\n<\/tr>\n<tr>\n<td class=\"tg-949j\">2*0.06<\/td>\n<td class=\"tg-grqh\">0.25<\/td>\n<td class=\"tg-grqh\">2.4<\/td>\n<td class=\"tg-grqh\">330<\/td>\n<\/tr>\n<tr>\n<td class=\"tg-949j\">2*0.08<\/td>\n<td class=\"tg-grqh\">0.25<\/td>\n<td class=\"tg-grqh\">2.55<\/td>\n<td class=\"tg-grqh\">227<\/td>\n<\/tr>\n<tr>\n<td class=\"tg-949j\">2*0.14<\/td>\n<td class=\"tg-grqh\">0.25<\/td>\n<td class=\"tg-grqh\">2.8<\/td>\n<td class=\"tg-grqh\">126<\/td>\n<\/tr>\n<tr>\n<td class=\"tg-949j\">2*0.2<\/td>\n<td class=\"tg-grqh\">0.25<\/td>\n<td class=\"tg-grqh\">3<\/td>\n<td class=\"tg-grqh\">83.5<\/td>\n<\/tr>\n<tr>\n<td class=\"tg-949j\">2*0.35<\/td>\n<td class=\"tg-grqh\">0.25<\/td>\n<td class=\"tg-grqh\">3.3<\/td>\n<td class=\"tg-grqh\">49.5<\/td>\n<\/tr>\n<tr>\n<td class=\"tg-7fn2\">2*0.5<\/td>\n<td class=\"tg-d93i\">0.25<\/td>\n<td class=\"tg-d93i\">3.6<\/td>\n<td class=\"tg-d93i\">40.1<\/td>\n<\/tr>\n<tr>\n<td class=\"tg-7fn2\">3*0.06<\/td>\n<td class=\"tg-d93i\">0.25<\/td>\n<td class=\"tg-d93i\">2.5<\/td>\n<td class=\"tg-d93i\">330<\/td>\n<\/tr>\n<tr>\n<td class=\"tg-7fn2\">3*0.08<\/td>\n<td class=\"tg-d93i\">0.25<\/td>\n<td class=\"tg-d93i\">2.55<\/td>\n<td class=\"tg-d93i\">227<\/td>\n<\/tr>\n<tr>\n<td class=\"tg-7fn2\">3*0.14<\/td>\n<td class=\"tg-d93i\">0.25<\/td>\n<td class=\"tg-d93i\">2.95<\/td>\n<td class=\"tg-d93i\">126<\/td>\n<\/tr>\n<tr>\n<td class=\"tg-7fn2\">3*0.2<\/td>\n<td class=\"tg-d93i\">0.25<\/td>\n<td class=\"tg-d93i\">3.15<\/td>\n<td class=\"tg-d93i\">83.5<\/td>\n<\/tr>\n<tr>\n<td class=\"tg-7fn2\">3*0.35<\/td>\n<td class=\"tg-d93i\">0.25<\/td>\n<td class=\"tg-d93i\">3.5<\/td>\n<td class=\"tg-d93i\">49.5<\/td>\n<\/tr>\n<tr>\n<td class=\"tg-7fn2\">3*0.5<\/td>\n<td class=\"tg-d93i\">0.25<\/td>\n<td class=\"tg-d93i\">3.8<\/td>\n<td class=\"tg-d93i\">40.1<\/td>\n<\/tr>\n<tr>\n<td class=\"tg-7fn2\">4*0.06<\/td>\n<td class=\"tg-d93i\">0.25<\/td>\n<td class=\"tg-d93i\">2.7<\/td>\n<td class=\"tg-d93i\">330<\/td>\n<\/tr>\n<tr>\n<td class=\"tg-7fn2\">4*0.08<\/td>\n<td class=\"tg-d93i\">0.25<\/td>\n<td class=\"tg-d93i\">2.85<\/td>\n<td class=\"tg-d93i\">227<\/td>\n<\/tr>\n<tr>\n<td class=\"tg-7fn2\">4*0.14<\/td>\n<td class=\"tg-d93i\">0.25<\/td>\n<td class=\"tg-d93i\">3.15<\/td>\n<td class=\"tg-d93i\">126<\/td>\n<\/tr>\n<tr>\n<td class=\"tg-7fn2\">4*0.2<\/td>\n<td class=\"tg-d93i\">0.25<\/td>\n<td class=\"tg-d93i\">3.4<\/td>\n<td class=\"tg-d93i\">83.5<\/td>\n<\/tr>\n<tr>\n<td class=\"tg-7fn2\">4*0.35<\/td>\n<td class=\"tg-d93i\">0.25<\/td>\n<td class=\"tg-d93i\">3.8<\/td>\n<td class=\"tg-d93i\">49.5<\/td>\n<\/tr>\n<tr>\n<td class=\"tg-7fn2\">4*0.5<\/td>\n<td class=\"tg-d93i\">0.25<\/td>\n<td class=\"tg-d93i\">4.15<\/td>\n<td class=\"tg-d93i\">40.1<\/td>\n<\/tr>\n<tr>\n<td class=\"tg-7fn2\">5*0.06<\/td>\n<td class=\"tg-d93i\">0.25<\/td>\n<td class=\"tg-d93i\">2.9<\/td>\n<td class=\"tg-d93i\">330<\/td>\n<\/tr>\n<tr>\n<td class=\"tg-7fn2\">5*0.08<\/td>\n<td class=\"tg-d93i\">0.25<\/td>\n<td class=\"tg-d93i\">3.05<\/td>\n<td class=\"tg-d93i\">227<\/td>\n<\/tr>\n<tr>\n<td class=\"tg-7fn2\">5*0.14<\/td>\n<td class=\"tg-d93i\">0.25<\/td>\n<td class=\"tg-d93i\">3.45<\/td>\n<td class=\"tg-d93i\">126<\/td>\n<\/tr>\n<tr>\n<td class=\"tg-7fn2\">5*0.2<\/td>\n<td class=\"tg-d93i\">0.25<\/td>\n<td class=\"tg-d93i\">3.7<\/td>\n<td class=\"tg-d93i\">83.5<\/td>\n<\/tr>\n<tr>\n<td class=\"tg-7fn2\">5*0.35<\/td>\n<td class=\"tg-d93i\">0.25<\/td>\n<td class=\"tg-d93i\">4.1<\/td>\n<td class=\"tg-d93i\">49.5<\/td>\n<\/tr>\n<\/tbody>\n<\/table>\n","protected":false},"excerpt":{"rendered":"<p>Los cables para equipos de fondo de pozo para exploraci\u00f3n petrolera son resistentes a altas y bajas temperaturas, tienen poco humo y no contienen hal\u00f3genos. Son componentes clave en las operaciones de perforaci\u00f3n y exploraci\u00f3n petrolera. Son responsables de transmitir energ\u00eda, datos y se\u00f1ales de control entre los equipos de superficie y de fondo de pozo.<\/p>\n","protected":false},"featured_media":13038,"template":"","meta":{"_eb_attr":"","site-sidebar-layout":"default","site-content-layout":"","ast-site-content-layout":"default","site-content-style":"default","site-sidebar-style":"default","ast-global-header-display":"","ast-banner-title-visibility":"","ast-main-header-display":"","ast-hfb-above-header-display":"","ast-hfb-below-header-display":"","ast-hfb-mobile-header-display":"","site-post-title":"","ast-breadcrumbs-content":"","ast-featured-img":"","footer-sml-layout":"","theme-transparent-header-meta":"default","adv-header-id-meta":"","stick-header-meta":"","header-above-stick-meta":"","header-main-stick-meta":"","header-below-stick-meta":"","astra-migrate-meta-layouts":"default","ast-page-background-enabled":"default","ast-page-background-meta":{"desktop":{"background-color":"","background-image":"","background-repeat":"repeat","background-position":"center center","background-size":"auto","background-attachment":"scroll","background-type":"","background-media":"","overlay-type":"","overlay-color":"","overlay-opacity":"","overlay-gradient":""},"tablet":{"background-color":"","background-image":"","background-repeat":"repeat","background-position":"center center","background-size":"auto","background-attachment":"scroll","background-type":"","background-media":"","overlay-type":"","overlay-color":"","overlay-opacity":"","overlay-gradient":""},"mobile":{"background-color":"","background-image":"","background-repeat":"repeat","background-position":"center center","background-size":"auto","background-attachment":"scroll","background-type":"","background-media":"","overlay-type":"","overlay-color":"","overlay-opacity":"","overlay-gradient":""}},"ast-content-background-meta":{"desktop":{"background-color":"var(--ast-global-color-5)","background-image":"","background-repeat":"repeat","background-position":"center center","background-size":"auto","background-attachment":"scroll","background-type":"","background-media":"","overlay-type":"","overlay-color":"","overlay-opacity":"","overlay-gradient":""},"tablet":{"background-color":"var(--ast-global-color-5)","background-image":"","background-repeat":"repeat","background-position":"center center","background-size":"auto","background-attachment":"scroll","background-type":"","background-media":"","overlay-type":"","overlay-color":"","overlay-opacity":"","overlay-gradient":""},"mobile":{"background-color":"var(--ast-global-color-5)","background-image":"","background-repeat":"repeat","background-position":"center center","background-size":"auto","background-attachment":"scroll","background-type":"","background-media":"","overlay-type":"","overlay-color":"","overlay-opacity":"","overlay-gradient":""}}},"product_brand":[],"product_cat":[598],"product_tag":[1227,1228,1214,1226],"class_list":{"0":"post-17641","1":"product","2":"type-product","3":"status-publish","4":"has-post-thumbnail","6":"product_cat-petroleo-gas","7":"product_tag-cable-de-barco-peek","8":"product_tag-cable-peek-th-j-akpk-200","9":"product_tag-cable-unipolar-con-cubierta-de-peek-polieteretercetona","10":"product_tag-th-j-akpk-200-cable-multifilar-apantallado-de-600-v","11":"desktop-align-center","12":"tablet-align-left","13":"mobile-align-left","15":"first","16":"instock","17":"shipping-taxable","18":"product-type-simple"},"yoast_head":"<!-- This site is optimized with the Yoast SEO plugin v27.5 - https:\/\/yoast.com\/product\/yoast-seo-wordpress\/ -->\n<title>Cables de sensores de vibraci\u00f3n, velocidad, aceleraci\u00f3n y resoluci\u00f3n<\/title>\n<meta name=\"description\" content=\"Los cables para equipos de fondo de pozo para exploraci\u00f3n petrolera son resistentes a altas y bajas temperaturas, tienen poco humo y no contienen hal\u00f3genos.\" \/>\n<meta name=\"robots\" content=\"index, follow, max-snippet:-1, max-image-preview:large, max-video-preview:-1\" \/>\n<link rel=\"canonical\" href=\"https:\/\/www.tstcables.com\/es\/producto\/cables-de-sensores-de-vibracion-velocidad-aceleracion-y-resolucion\/\" \/>\n<meta property=\"og:locale\" content=\"es_ES\" \/>\n<meta property=\"og:type\" content=\"article\" \/>\n<meta property=\"og:title\" content=\"Cables de sensores de vibraci\u00f3n, velocidad, aceleraci\u00f3n y resoluci\u00f3n\" \/>\n<meta property=\"og:description\" content=\"Los cables para equipos de fondo de pozo para exploraci\u00f3n petrolera son resistentes a altas y bajas temperaturas, tienen poco humo y no contienen hal\u00f3genos.\" \/>\n<meta property=\"og:url\" content=\"https:\/\/www.tstcables.com\/es\/producto\/cables-de-sensores-de-vibracion-velocidad-aceleracion-y-resolucion\/\" \/>\n<meta property=\"og:site_name\" content=\"TST CABLES supplier &amp; Manufacture\" \/>\n<meta property=\"og:image\" content=\"https:\/\/www.tstcables.com\/wp-content\/uploads\/2024\/03\/1-20.jpg\" \/>\n\t<meta property=\"og:image:width\" content=\"750\" \/>\n\t<meta property=\"og:image:height\" content=\"750\" \/>\n\t<meta property=\"og:image:type\" content=\"image\/jpeg\" \/>\n<meta name=\"twitter:card\" content=\"summary_large_image\" \/>\n<script type=\"application\/ld+json\" class=\"yoast-schema-graph\">{\"@context\":\"https:\\\/\\\/schema.org\",\"@graph\":[{\"@type\":\"WebPage\",\"@id\":\"https:\\\/\\\/www.tstcables.com\\\/es\\\/producto\\\/cables-de-sensores-de-vibracion-velocidad-aceleracion-y-resolucion\\\/\",\"url\":\"https:\\\/\\\/www.tstcables.com\\\/es\\\/producto\\\/cables-de-sensores-de-vibracion-velocidad-aceleracion-y-resolucion\\\/\",\"name\":\"Cables de sensores de vibraci\u00f3n, velocidad, aceleraci\u00f3n y resoluci\u00f3n\",\"isPartOf\":{\"@id\":\"https:\\\/\\\/www.tstcables.com\\\/es\\\/#website\"},\"primaryImageOfPage\":{\"@id\":\"https:\\\/\\\/www.tstcables.com\\\/es\\\/producto\\\/cables-de-sensores-de-vibracion-velocidad-aceleracion-y-resolucion\\\/#primaryimage\"},\"image\":{\"@id\":\"https:\\\/\\\/www.tstcables.com\\\/es\\\/producto\\\/cables-de-sensores-de-vibracion-velocidad-aceleracion-y-resolucion\\\/#primaryimage\"},\"thumbnailUrl\":\"https:\\\/\\\/www.tstcables.com\\\/wp-content\\\/uploads\\\/2024\\\/03\\\/1-20.jpg\",\"datePublished\":\"2024-04-12T06:36:45+00:00\",\"description\":\"Los cables para equipos de fondo de pozo para exploraci\u00f3n petrolera son resistentes a altas y bajas temperaturas, tienen poco humo y no contienen hal\u00f3genos.\",\"breadcrumb\":{\"@id\":\"https:\\\/\\\/www.tstcables.com\\\/es\\\/producto\\\/cables-de-sensores-de-vibracion-velocidad-aceleracion-y-resolucion\\\/#breadcrumb\"},\"inLanguage\":\"es\",\"potentialAction\":[{\"@type\":\"ReadAction\",\"target\":[\"https:\\\/\\\/www.tstcables.com\\\/es\\\/producto\\\/cables-de-sensores-de-vibracion-velocidad-aceleracion-y-resolucion\\\/\"]}]},{\"@type\":\"ImageObject\",\"inLanguage\":\"es\",\"@id\":\"https:\\\/\\\/www.tstcables.com\\\/es\\\/producto\\\/cables-de-sensores-de-vibracion-velocidad-aceleracion-y-resolucion\\\/#primaryimage\",\"url\":\"https:\\\/\\\/www.tstcables.com\\\/wp-content\\\/uploads\\\/2024\\\/03\\\/1-20.jpg\",\"contentUrl\":\"https:\\\/\\\/www.tstcables.com\\\/wp-content\\\/uploads\\\/2024\\\/03\\\/1-20.jpg\",\"width\":750,\"height\":750,\"caption\":\"AFPF200 AFPF250 Teflon high temperature shielded cable\"},{\"@type\":\"BreadcrumbList\",\"@id\":\"https:\\\/\\\/www.tstcables.com\\\/es\\\/producto\\\/cables-de-sensores-de-vibracion-velocidad-aceleracion-y-resolucion\\\/#breadcrumb\",\"itemListElement\":[{\"@type\":\"ListItem\",\"position\":1,\"name\":\"\u9996\u9875\",\"item\":\"https:\\\/\\\/www.tstcables.com\\\/es\\\/\"},{\"@type\":\"ListItem\",\"position\":2,\"name\":\"Product\",\"item\":\"https:\\\/\\\/www.tstcables.com\\\/product\\\/\"},{\"@type\":\"ListItem\",\"position\":3,\"name\":\"Cables de sensores de vibraci\u00f3n, velocidad, aceleraci\u00f3n y resoluci\u00f3n\"}]},{\"@type\":\"WebSite\",\"@id\":\"https:\\\/\\\/www.tstcables.com\\\/es\\\/#website\",\"url\":\"https:\\\/\\\/www.tstcables.com\\\/es\\\/\",\"name\":\"TST Cable supplier & Manufacture\",\"description\":\"TST CABLES  supplier &amp; Manufacture official website\",\"publisher\":{\"@id\":\"https:\\\/\\\/www.tstcables.com\\\/es\\\/#organization\"},\"potentialAction\":[{\"@type\":\"SearchAction\",\"target\":{\"@type\":\"EntryPoint\",\"urlTemplate\":\"https:\\\/\\\/www.tstcables.com\\\/es\\\/?s={search_term_string}\"},\"query-input\":{\"@type\":\"PropertyValueSpecification\",\"valueRequired\":true,\"valueName\":\"search_term_string\"}}],\"inLanguage\":\"es\"},{\"@type\":\"Organization\",\"@id\":\"https:\\\/\\\/www.tstcables.com\\\/es\\\/#organization\",\"name\":\"TST Cable supplier & Manufacture\",\"url\":\"https:\\\/\\\/www.tstcables.com\\\/es\\\/\",\"logo\":{\"@type\":\"ImageObject\",\"inLanguage\":\"es\",\"@id\":\"https:\\\/\\\/www.tstcables.com\\\/es\\\/#\\\/schema\\\/logo\\\/image\\\/\",\"url\":\"https:\\\/\\\/www.tstcables.com\\\/wp-content\\\/uploads\\\/2024\\\/04\\\/cropped-\u753b\u677f-1-\u62f7\u8d1d-4-1.png\",\"contentUrl\":\"https:\\\/\\\/www.tstcables.com\\\/wp-content\\\/uploads\\\/2024\\\/04\\\/cropped-\u753b\u677f-1-\u62f7\u8d1d-4-1.png\",\"width\":300,\"height\":100,\"caption\":\"TST Cable supplier & Manufacture\"},\"image\":{\"@id\":\"https:\\\/\\\/www.tstcables.com\\\/es\\\/#\\\/schema\\\/logo\\\/image\\\/\"}}]}<\/script>\n<!-- \/ Yoast SEO plugin. -->","yoast_head_json":{"title":"Cables de sensores de vibraci\u00f3n, velocidad, aceleraci\u00f3n y resoluci\u00f3n","description":"Los cables para equipos de fondo de pozo para exploraci\u00f3n petrolera son resistentes a altas y bajas temperaturas, tienen poco humo y no contienen hal\u00f3genos.","robots":{"index":"index","follow":"follow","max-snippet":"max-snippet:-1","max-image-preview":"max-image-preview:large","max-video-preview":"max-video-preview:-1"},"canonical":"https:\/\/www.tstcables.com\/es\/producto\/cables-de-sensores-de-vibracion-velocidad-aceleracion-y-resolucion\/","og_locale":"es_ES","og_type":"article","og_title":"Cables de sensores de vibraci\u00f3n, velocidad, aceleraci\u00f3n y resoluci\u00f3n","og_description":"Los cables para equipos de fondo de pozo para exploraci\u00f3n petrolera son resistentes a altas y bajas temperaturas, tienen poco humo y no contienen hal\u00f3genos.","og_url":"https:\/\/www.tstcables.com\/es\/producto\/cables-de-sensores-de-vibracion-velocidad-aceleracion-y-resolucion\/","og_site_name":"TST CABLES supplier &amp; Manufacture","og_image":[{"width":750,"height":750,"url":"https:\/\/www.tstcables.com\/wp-content\/uploads\/2024\/03\/1-20.jpg","type":"image\/jpeg"}],"twitter_card":"summary_large_image","schema":{"@context":"https:\/\/schema.org","@graph":[{"@type":"WebPage","@id":"https:\/\/www.tstcables.com\/es\/producto\/cables-de-sensores-de-vibracion-velocidad-aceleracion-y-resolucion\/","url":"https:\/\/www.tstcables.com\/es\/producto\/cables-de-sensores-de-vibracion-velocidad-aceleracion-y-resolucion\/","name":"Cables de sensores de vibraci\u00f3n, velocidad, aceleraci\u00f3n y resoluci\u00f3n","isPartOf":{"@id":"https:\/\/www.tstcables.com\/es\/#website"},"primaryImageOfPage":{"@id":"https:\/\/www.tstcables.com\/es\/producto\/cables-de-sensores-de-vibracion-velocidad-aceleracion-y-resolucion\/#primaryimage"},"image":{"@id":"https:\/\/www.tstcables.com\/es\/producto\/cables-de-sensores-de-vibracion-velocidad-aceleracion-y-resolucion\/#primaryimage"},"thumbnailUrl":"https:\/\/www.tstcables.com\/wp-content\/uploads\/2024\/03\/1-20.jpg","datePublished":"2024-04-12T06:36:45+00:00","description":"Los cables para equipos de fondo de pozo para exploraci\u00f3n petrolera son resistentes a altas y bajas temperaturas, tienen poco humo y no contienen hal\u00f3genos.","breadcrumb":{"@id":"https:\/\/www.tstcables.com\/es\/producto\/cables-de-sensores-de-vibracion-velocidad-aceleracion-y-resolucion\/#breadcrumb"},"inLanguage":"es","potentialAction":[{"@type":"ReadAction","target":["https:\/\/www.tstcables.com\/es\/producto\/cables-de-sensores-de-vibracion-velocidad-aceleracion-y-resolucion\/"]}]},{"@type":"ImageObject","inLanguage":"es","@id":"https:\/\/www.tstcables.com\/es\/producto\/cables-de-sensores-de-vibracion-velocidad-aceleracion-y-resolucion\/#primaryimage","url":"https:\/\/www.tstcables.com\/wp-content\/uploads\/2024\/03\/1-20.jpg","contentUrl":"https:\/\/www.tstcables.com\/wp-content\/uploads\/2024\/03\/1-20.jpg","width":750,"height":750,"caption":"AFPF200 AFPF250 Teflon high temperature shielded cable"},{"@type":"BreadcrumbList","@id":"https:\/\/www.tstcables.com\/es\/producto\/cables-de-sensores-de-vibracion-velocidad-aceleracion-y-resolucion\/#breadcrumb","itemListElement":[{"@type":"ListItem","position":1,"name":"\u9996\u9875","item":"https:\/\/www.tstcables.com\/es\/"},{"@type":"ListItem","position":2,"name":"Product","item":"https:\/\/www.tstcables.com\/product\/"},{"@type":"ListItem","position":3,"name":"Cables de sensores de vibraci\u00f3n, velocidad, aceleraci\u00f3n y resoluci\u00f3n"}]},{"@type":"WebSite","@id":"https:\/\/www.tstcables.com\/es\/#website","url":"https:\/\/www.tstcables.com\/es\/","name":"TST Cable supplier & Manufacture","description":"TST CABLES  supplier &amp; Manufacture official website","publisher":{"@id":"https:\/\/www.tstcables.com\/es\/#organization"},"potentialAction":[{"@type":"SearchAction","target":{"@type":"EntryPoint","urlTemplate":"https:\/\/www.tstcables.com\/es\/?s={search_term_string}"},"query-input":{"@type":"PropertyValueSpecification","valueRequired":true,"valueName":"search_term_string"}}],"inLanguage":"es"},{"@type":"Organization","@id":"https:\/\/www.tstcables.com\/es\/#organization","name":"TST Cable supplier & Manufacture","url":"https:\/\/www.tstcables.com\/es\/","logo":{"@type":"ImageObject","inLanguage":"es","@id":"https:\/\/www.tstcables.com\/es\/#\/schema\/logo\/image\/","url":"https:\/\/www.tstcables.com\/wp-content\/uploads\/2024\/04\/cropped-\u753b\u677f-1-\u62f7\u8d1d-4-1.png","contentUrl":"https:\/\/www.tstcables.com\/wp-content\/uploads\/2024\/04\/cropped-\u753b\u677f-1-\u62f7\u8d1d-4-1.png","width":300,"height":100,"caption":"TST Cable supplier & Manufacture"},"image":{"@id":"https:\/\/www.tstcables.com\/es\/#\/schema\/logo\/image\/"}}]}},"_links":{"self":[{"href":"https:\/\/www.tstcables.com\/es\/wp-json\/wp\/v2\/product\/17641","targetHints":{"allow":["GET"]}}],"collection":[{"href":"https:\/\/www.tstcables.com\/es\/wp-json\/wp\/v2\/product"}],"about":[{"href":"https:\/\/www.tstcables.com\/es\/wp-json\/wp\/v2\/types\/product"}],"version-history":[{"count":0,"href":"https:\/\/www.tstcables.com\/es\/wp-json\/wp\/v2\/product\/17641\/revisions"}],"wp:featuredmedia":[{"embeddable":true,"href":"https:\/\/www.tstcables.com\/es\/wp-json\/wp\/v2\/media\/13038"}],"wp:attachment":[{"href":"https:\/\/www.tstcables.com\/es\/wp-json\/wp\/v2\/media?parent=17641"}],"wp:term":[{"taxonomy":"product_brand","embeddable":true,"href":"https:\/\/www.tstcables.com\/es\/wp-json\/wp\/v2\/product_brand?post=17641"},{"taxonomy":"product_cat","embeddable":true,"href":"https:\/\/www.tstcables.com\/es\/wp-json\/wp\/v2\/product_cat?post=17641"},{"taxonomy":"product_tag","embeddable":true,"href":"https:\/\/www.tstcables.com\/es\/wp-json\/wp\/v2\/product_tag?post=17641"}],"curies":[{"name":"wp","href":"https:\/\/api.w.org\/{rel}","templated":true}]}}