{"id":17642,"date":"2024-04-11T17:09:32","date_gmt":"2024-04-11T09:09:32","guid":{"rendered":"https:\/\/www.tstcables.com\/product\/cable-unipolar-con-cubierta-de-peek-polieteretercetona-th-j-ak-250-cable-unipolar-de-300-v\/"},"modified":"2024-04-11T17:09:32","modified_gmt":"2024-04-11T09:09:32","slug":"cable-unipolar-con-cubierta-de-peek-polieteretercetona-th-j-ak-250-cable-unipolar-de-300-v","status":"publish","type":"product","link":"https:\/\/www.tstcables.com\/es\/producto\/cable-unipolar-con-cubierta-de-peek-polieteretercetona-th-j-ak-250-cable-unipolar-de-300-v\/","title":{"rendered":"Cable unipolar con cubierta de PEEK (polieteretercetona) TH\/J-AK-250 Cable unipolar de 300 V"},"content":{"rendered":"<p>Aplicaci\u00f3n\uff1a<\/p>\n<p>Sistema de aire acondicionado del veh\u00edculo<\/p>\n<p>Feature\uff1a<\/p>\n<ul>\n<li>Resistencia t\u00e9rmica: -50\u00b0C a 125\u00b0C<\/li>\n<li>Tensi\u00f3n nominal: 600V<\/li>\n<li>Resistencia del aislamiento: 10MPa &gt;<\/li>\n<li>Alargamiento a la rotura: 125 &gt;<\/li>\n<\/ul>\n<p>Norma del sector:<\/p>\n<ul>\n<li>Cumplir con los requisitos de cables para locomotoras y veh\u00edculos de pasajeros TB\/T1484.1-2017 y TJ\/CL254-2013.<\/li>\n<li>Supera los requisitos EN45545, HL1, HL2 y HL3 dentro y fuera del veh\u00edculo.<\/li>\n<li>Cumpla los requisitos de la norma BS6853:1999 para locomotoras de la, lb y clase en relaci\u00f3n con los cables internos y externos.<\/li>\n<li>Ha superado las pruebas de fuego, humo y toxicidad BS6853:1999 y DIN5510-2:2009.<\/li>\n<li>Comply with the requirements of flammability class S1~S5 in DIN5510-2:2009.<\/li>\n<li>Certificaci\u00f3n CRCC de productos ferroviarios de China aprobada.<\/li>\n<\/ul>\n<p>Estructura\uff1a<\/p>\n<ul>\n<li>Conductor: Hilo flexible de cobre recocido esta\u00f1ado con estructura de clase 5.<\/li>\n<li>Aislamiento: Compuesto elastom\u00e9rico est\u00e1ndar de baja emisi\u00f3n de humos y sin hal\u00f3genos.<\/li>\n<li>Cubierta: Compuesto elastom\u00e9rico est\u00e1ndar de baja emisi\u00f3n de humos y sin hal\u00f3genos.<\/li>\n<\/ul>\n<p>Par\u00e1metro de selecci\u00f3n<\/p>\n<table class=\"tg\">\n<thead>\n<tr>\n<th class=\"tg-949j\" rowspan=\"2\">Conductor Secci\u00f3n nominal<\/th>\n<th class=\"tg-7fn2\" rowspan=\"2\">N\u00famero de hilos*Di\u00e1metro del conductor<\/th>\n<th class=\"tg-7fn2\" colspan=\"2\">Di\u00e1metro del conductor<\/th>\n<th class=\"tg-7fn2\">Di\u00e1metro exterior (D)<\/th>\n<th class=\"tg-7fn2\" rowspan=\"2\">Resistencia del conductor m\u00e1x. a 20\u2103<\/th>\n<\/tr>\n<tr>\n<th class=\"tg-7fn2\">min<\/th>\n<th class=\"tg-7fn2\">min<\/th>\n<th class=\"tg-1771\">min<\/th>\n<\/tr>\n<\/thead>\n<tbody>\n<tr>\n<td class=\"tg-7fn2\">mm2<\/td>\n<td class=\"tg-7fn2\">n xmm<\/td>\n<td class=\"tg-7fn2\">mm<\/td>\n<td class=\"tg-7fn2\">mm<\/td>\n<td class=\"tg-1771\">mm<\/td>\n<td class=\"tg-1771\">\u03a92\/km<\/td>\n<\/tr>\n<tr>\n<td class=\"tg-d93i\">0.5<\/td>\n<td class=\"tg-7fn2\">19\u00d70.18<\/td>\n<td class=\"tg-d93i\">0.8<\/td>\n<td class=\"tg-d93i\">0.18<\/td>\n<td class=\"tg-qfl9\">1.2<\/td>\n<td class=\"tg-qfl9\">40.1<\/td>\n<\/tr>\n<tr>\n<td class=\"tg-d93i\">0.75<\/td>\n<td class=\"tg-7fn2\">37\u00d70.16<\/td>\n<td class=\"tg-d93i\">1<\/td>\n<td class=\"tg-d93i\">0.18<\/td>\n<td class=\"tg-qfl9\">1.4<\/td>\n<td class=\"tg-qfl9\">26.7<\/td>\n<\/tr>\n<tr>\n<td class=\"tg-qfl9\">1<\/td>\n<td class=\"tg-1771\">37\u00d70.18a<\/td>\n<td class=\"tg-qfl9\">1.1<\/td>\n<td class=\"tg-qfl9\">0.18<\/td>\n<td class=\"tg-qfl9\">1.5<\/td>\n<td class=\"tg-qfl9\">20<\/td>\n<\/tr>\n<tr>\n<td class=\"tg-qfl9\">1.5<\/td>\n<td class=\"tg-1771\">37\u00d70.23a<\/td>\n<td class=\"tg-qfl9\">1.45<\/td>\n<td class=\"tg-qfl9\">0.22<\/td>\n<td class=\"tg-qfl9\">1.85<\/td>\n<td class=\"tg-qfl9\">13.7<\/td>\n<\/tr>\n<tr>\n<td class=\"tg-qfl9\">2.5<\/td>\n<td class=\"tg-1771\">37\u00d70.30a<\/td>\n<td class=\"tg-qfl9\">1.85<\/td>\n<td class=\"tg-qfl9\">0.28<\/td>\n<td class=\"tg-qfl9\">2.25<\/td>\n<td class=\"tg-qfl9\">8.21<\/td>\n<\/tr>\n<\/tbody>\n<\/table>\n","protected":false},"excerpt":{"rendered":"<p>Los cables del sistema de aire acondicionado del veh\u00edculo son resistentes a la tracci\u00f3n y est\u00e1n bien aislados, y son un componente importante para transmitir se\u00f1ales de control y energ\u00eda entre la unidad de aire acondicionado, los sensores de temperatura y el m\u00f3dulo de control.<\/p>\n","protected":false},"featured_media":11379,"template":"","meta":{"_eb_attr":"","site-sidebar-layout":"default","site-content-layout":"","ast-site-content-layout":"default","site-content-style":"default","site-sidebar-style":"default","ast-global-header-display":"","ast-banner-title-visibility":"","ast-main-header-display":"","ast-hfb-above-header-display":"","ast-hfb-below-header-display":"","ast-hfb-mobile-header-display":"","site-post-title":"","ast-breadcrumbs-content":"","ast-featured-img":"","footer-sml-layout":"","theme-transparent-header-meta":"default","adv-header-id-meta":"","stick-header-meta":"","header-above-stick-meta":"","header-main-stick-meta":"","header-below-stick-meta":"","astra-migrate-meta-layouts":"default","ast-page-background-enabled":"default","ast-page-background-meta":{"desktop":{"background-color":"","background-image":"","background-repeat":"repeat","background-position":"center center","background-size":"auto","background-attachment":"scroll","background-type":"","background-media":"","overlay-type":"","overlay-color":"","overlay-opacity":"","overlay-gradient":""},"tablet":{"background-color":"","background-image":"","background-repeat":"repeat","background-position":"center center","background-size":"auto","background-attachment":"scroll","background-type":"","background-media":"","overlay-type":"","overlay-color":"","overlay-opacity":"","overlay-gradient":""},"mobile":{"background-color":"","background-image":"","background-repeat":"repeat","background-position":"center center","background-size":"auto","background-attachment":"scroll","background-type":"","background-media":"","overlay-type":"","overlay-color":"","overlay-opacity":"","overlay-gradient":""}},"ast-content-background-meta":{"desktop":{"background-color":"var(--ast-global-color-5)","background-image":"","background-repeat":"repeat","background-position":"center center","background-size":"auto","background-attachment":"scroll","background-type":"","background-media":"","overlay-type":"","overlay-color":"","overlay-opacity":"","overlay-gradient":""},"tablet":{"background-color":"var(--ast-global-color-5)","background-image":"","background-repeat":"repeat","background-position":"center center","background-size":"auto","background-attachment":"scroll","background-type":"","background-media":"","overlay-type":"","overlay-color":"","overlay-opacity":"","overlay-gradient":""},"mobile":{"background-color":"var(--ast-global-color-5)","background-image":"","background-repeat":"repeat","background-position":"center center","background-size":"auto","background-attachment":"scroll","background-type":"","background-media":"","overlay-type":"","overlay-color":"","overlay-opacity":"","overlay-gradient":""}}},"product_brand":[],"product_cat":[597],"product_tag":[1229,1230],"class_list":{"0":"post-17642","1":"product","2":"type-product","3":"status-publish","4":"has-post-thumbnail","6":"product_cat-via-ferrea","7":"product_tag-alambres-y-cables-delgados","8":"product_tag-cable-de-senal-de-control","9":"desktop-align-center","10":"tablet-align-left","11":"mobile-align-left","13":"first","14":"instock","15":"shipping-taxable","16":"product-type-simple"},"yoast_head":"<!-- This site is optimized with the Yoast SEO plugin v27.5 - https:\/\/yoast.com\/product\/yoast-seo-wordpress\/ -->\n<title>Cable unipolar con cubierta de PEEK (polieteretercetona) TH\/J-AK-250 Cable unipolar de 300 V<\/title>\n<meta name=\"description\" content=\"Los cables del sistema de aire acondicionado del autom\u00f3vil son resistentes a la tracci\u00f3n y est\u00e1n bien aisladosVeh\u00edculo\" \/>\n<meta name=\"robots\" content=\"index, follow, max-snippet:-1, max-image-preview:large, max-video-preview:-1\" \/>\n<link rel=\"canonical\" href=\"https:\/\/www.tstcables.com\/es\/producto\/cable-unipolar-con-cubierta-de-peek-polieteretercetona-th-j-ak-250-cable-unipolar-de-300-v\/\" \/>\n<meta property=\"og:locale\" content=\"es_ES\" \/>\n<meta property=\"og:type\" content=\"article\" \/>\n<meta property=\"og:title\" content=\"Cable unipolar con cubierta de PEEK (polieteretercetona) TH\/J-AK-250 Cable unipolar de 300 V\" \/>\n<meta property=\"og:description\" content=\"Los cables del sistema de aire acondicionado del autom\u00f3vil son resistentes a la tracci\u00f3n y est\u00e1n bien aisladosVeh\u00edculo\" \/>\n<meta property=\"og:url\" content=\"https:\/\/www.tstcables.com\/es\/producto\/cable-unipolar-con-cubierta-de-peek-polieteretercetona-th-j-ak-250-cable-unipolar-de-300-v\/\" \/>\n<meta property=\"og:site_name\" content=\"TST CABLES supplier &amp; Manufacture\" \/>\n<meta property=\"og:image\" content=\"https:\/\/www.tstcables.com\/wp-content\/uploads\/2024\/03\/decedc6e1c91a68a.jpg\" \/>\n\t<meta property=\"og:image:width\" content=\"500\" \/>\n\t<meta property=\"og:image:height\" content=\"500\" \/>\n\t<meta property=\"og:image:type\" content=\"image\/jpeg\" \/>\n<meta name=\"twitter:card\" content=\"summary_large_image\" \/>\n<meta name=\"twitter:label1\" content=\"Tiempo de lectura\" \/>\n\t<meta name=\"twitter:data1\" content=\"1 minuto\" \/>\n<script type=\"application\/ld+json\" class=\"yoast-schema-graph\">{\"@context\":\"https:\\\/\\\/schema.org\",\"@graph\":[{\"@type\":\"WebPage\",\"@id\":\"https:\\\/\\\/www.tstcables.com\\\/es\\\/producto\\\/cable-unipolar-con-cubierta-de-peek-polieteretercetona-th-j-ak-250-cable-unipolar-de-300-v\\\/\",\"url\":\"https:\\\/\\\/www.tstcables.com\\\/es\\\/producto\\\/cable-unipolar-con-cubierta-de-peek-polieteretercetona-th-j-ak-250-cable-unipolar-de-300-v\\\/\",\"name\":\"Cable unipolar con cubierta de PEEK (polieteretercetona) TH\\\/J-AK-250 Cable unipolar de 300 V\",\"isPartOf\":{\"@id\":\"https:\\\/\\\/www.tstcables.com\\\/es\\\/#website\"},\"primaryImageOfPage\":{\"@id\":\"https:\\\/\\\/www.tstcables.com\\\/es\\\/producto\\\/cable-unipolar-con-cubierta-de-peek-polieteretercetona-th-j-ak-250-cable-unipolar-de-300-v\\\/#primaryimage\"},\"image\":{\"@id\":\"https:\\\/\\\/www.tstcables.com\\\/es\\\/producto\\\/cable-unipolar-con-cubierta-de-peek-polieteretercetona-th-j-ak-250-cable-unipolar-de-300-v\\\/#primaryimage\"},\"thumbnailUrl\":\"https:\\\/\\\/www.tstcables.com\\\/wp-content\\\/uploads\\\/2024\\\/03\\\/decedc6e1c91a68a.jpg\",\"datePublished\":\"2024-04-11T09:09:32+00:00\",\"description\":\"Los cables del sistema de aire acondicionado del autom\u00f3vil son resistentes a la tracci\u00f3n y est\u00e1n bien aisladosVeh\u00edculo\",\"breadcrumb\":{\"@id\":\"https:\\\/\\\/www.tstcables.com\\\/es\\\/producto\\\/cable-unipolar-con-cubierta-de-peek-polieteretercetona-th-j-ak-250-cable-unipolar-de-300-v\\\/#breadcrumb\"},\"inLanguage\":\"es\",\"potentialAction\":[{\"@type\":\"ReadAction\",\"target\":[\"https:\\\/\\\/www.tstcables.com\\\/es\\\/producto\\\/cable-unipolar-con-cubierta-de-peek-polieteretercetona-th-j-ak-250-cable-unipolar-de-300-v\\\/\"]}]},{\"@type\":\"ImageObject\",\"inLanguage\":\"es\",\"@id\":\"https:\\\/\\\/www.tstcables.com\\\/es\\\/producto\\\/cable-unipolar-con-cubierta-de-peek-polieteretercetona-th-j-ak-250-cable-unipolar-de-300-v\\\/#primaryimage\",\"url\":\"https:\\\/\\\/www.tstcables.com\\\/wp-content\\\/uploads\\\/2024\\\/03\\\/decedc6e1c91a68a.jpg\",\"contentUrl\":\"https:\\\/\\\/www.tstcables.com\\\/wp-content\\\/uploads\\\/2024\\\/03\\\/decedc6e1c91a68a.jpg\",\"width\":500,\"height\":500,\"caption\":\"EN50306-2\"},{\"@type\":\"BreadcrumbList\",\"@id\":\"https:\\\/\\\/www.tstcables.com\\\/es\\\/producto\\\/cable-unipolar-con-cubierta-de-peek-polieteretercetona-th-j-ak-250-cable-unipolar-de-300-v\\\/#breadcrumb\",\"itemListElement\":[{\"@type\":\"ListItem\",\"position\":1,\"name\":\"\u9996\u9875\",\"item\":\"https:\\\/\\\/www.tstcables.com\\\/es\\\/\"},{\"@type\":\"ListItem\",\"position\":2,\"name\":\"Product\",\"item\":\"https:\\\/\\\/www.tstcables.com\\\/product\\\/\"},{\"@type\":\"ListItem\",\"position\":3,\"name\":\"Cable unipolar con cubierta de PEEK (polieteretercetona) TH\\\/J-AK-250 Cable unipolar de 300 V\"}]},{\"@type\":\"WebSite\",\"@id\":\"https:\\\/\\\/www.tstcables.com\\\/es\\\/#website\",\"url\":\"https:\\\/\\\/www.tstcables.com\\\/es\\\/\",\"name\":\"TST Cable supplier & Manufacture\",\"description\":\"TST CABLES  supplier &amp; Manufacture official website\",\"publisher\":{\"@id\":\"https:\\\/\\\/www.tstcables.com\\\/es\\\/#organization\"},\"potentialAction\":[{\"@type\":\"SearchAction\",\"target\":{\"@type\":\"EntryPoint\",\"urlTemplate\":\"https:\\\/\\\/www.tstcables.com\\\/es\\\/?s={search_term_string}\"},\"query-input\":{\"@type\":\"PropertyValueSpecification\",\"valueRequired\":true,\"valueName\":\"search_term_string\"}}],\"inLanguage\":\"es\"},{\"@type\":\"Organization\",\"@id\":\"https:\\\/\\\/www.tstcables.com\\\/es\\\/#organization\",\"name\":\"TST Cable supplier & Manufacture\",\"url\":\"https:\\\/\\\/www.tstcables.com\\\/es\\\/\",\"logo\":{\"@type\":\"ImageObject\",\"inLanguage\":\"es\",\"@id\":\"https:\\\/\\\/www.tstcables.com\\\/es\\\/#\\\/schema\\\/logo\\\/image\\\/\",\"url\":\"https:\\\/\\\/www.tstcables.com\\\/wp-content\\\/uploads\\\/2024\\\/04\\\/cropped-\u753b\u677f-1-\u62f7\u8d1d-4-1.png\",\"contentUrl\":\"https:\\\/\\\/www.tstcables.com\\\/wp-content\\\/uploads\\\/2024\\\/04\\\/cropped-\u753b\u677f-1-\u62f7\u8d1d-4-1.png\",\"width\":300,\"height\":100,\"caption\":\"TST Cable supplier & Manufacture\"},\"image\":{\"@id\":\"https:\\\/\\\/www.tstcables.com\\\/es\\\/#\\\/schema\\\/logo\\\/image\\\/\"}}]}<\/script>\n<!-- \/ Yoast SEO plugin. -->","yoast_head_json":{"title":"Cable unipolar con cubierta de PEEK (polieteretercetona) TH\/J-AK-250 Cable unipolar de 300 V","description":"Los cables del sistema de aire acondicionado del autom\u00f3vil son resistentes a la tracci\u00f3n y est\u00e1n bien aisladosVeh\u00edculo","robots":{"index":"index","follow":"follow","max-snippet":"max-snippet:-1","max-image-preview":"max-image-preview:large","max-video-preview":"max-video-preview:-1"},"canonical":"https:\/\/www.tstcables.com\/es\/producto\/cable-unipolar-con-cubierta-de-peek-polieteretercetona-th-j-ak-250-cable-unipolar-de-300-v\/","og_locale":"es_ES","og_type":"article","og_title":"Cable unipolar con cubierta de PEEK (polieteretercetona) TH\/J-AK-250 Cable unipolar de 300 V","og_description":"Los cables del sistema de aire acondicionado del autom\u00f3vil son resistentes a la tracci\u00f3n y est\u00e1n bien aisladosVeh\u00edculo","og_url":"https:\/\/www.tstcables.com\/es\/producto\/cable-unipolar-con-cubierta-de-peek-polieteretercetona-th-j-ak-250-cable-unipolar-de-300-v\/","og_site_name":"TST CABLES supplier &amp; Manufacture","og_image":[{"width":500,"height":500,"url":"https:\/\/www.tstcables.com\/wp-content\/uploads\/2024\/03\/decedc6e1c91a68a.jpg","type":"image\/jpeg"}],"twitter_card":"summary_large_image","twitter_misc":{"Tiempo de lectura":"1 minuto"},"schema":{"@context":"https:\/\/schema.org","@graph":[{"@type":"WebPage","@id":"https:\/\/www.tstcables.com\/es\/producto\/cable-unipolar-con-cubierta-de-peek-polieteretercetona-th-j-ak-250-cable-unipolar-de-300-v\/","url":"https:\/\/www.tstcables.com\/es\/producto\/cable-unipolar-con-cubierta-de-peek-polieteretercetona-th-j-ak-250-cable-unipolar-de-300-v\/","name":"Cable unipolar con cubierta de PEEK (polieteretercetona) TH\/J-AK-250 Cable unipolar de 300 V","isPartOf":{"@id":"https:\/\/www.tstcables.com\/es\/#website"},"primaryImageOfPage":{"@id":"https:\/\/www.tstcables.com\/es\/producto\/cable-unipolar-con-cubierta-de-peek-polieteretercetona-th-j-ak-250-cable-unipolar-de-300-v\/#primaryimage"},"image":{"@id":"https:\/\/www.tstcables.com\/es\/producto\/cable-unipolar-con-cubierta-de-peek-polieteretercetona-th-j-ak-250-cable-unipolar-de-300-v\/#primaryimage"},"thumbnailUrl":"https:\/\/www.tstcables.com\/wp-content\/uploads\/2024\/03\/decedc6e1c91a68a.jpg","datePublished":"2024-04-11T09:09:32+00:00","description":"Los cables del sistema de aire acondicionado del autom\u00f3vil son resistentes a la tracci\u00f3n y est\u00e1n bien aisladosVeh\u00edculo","breadcrumb":{"@id":"https:\/\/www.tstcables.com\/es\/producto\/cable-unipolar-con-cubierta-de-peek-polieteretercetona-th-j-ak-250-cable-unipolar-de-300-v\/#breadcrumb"},"inLanguage":"es","potentialAction":[{"@type":"ReadAction","target":["https:\/\/www.tstcables.com\/es\/producto\/cable-unipolar-con-cubierta-de-peek-polieteretercetona-th-j-ak-250-cable-unipolar-de-300-v\/"]}]},{"@type":"ImageObject","inLanguage":"es","@id":"https:\/\/www.tstcables.com\/es\/producto\/cable-unipolar-con-cubierta-de-peek-polieteretercetona-th-j-ak-250-cable-unipolar-de-300-v\/#primaryimage","url":"https:\/\/www.tstcables.com\/wp-content\/uploads\/2024\/03\/decedc6e1c91a68a.jpg","contentUrl":"https:\/\/www.tstcables.com\/wp-content\/uploads\/2024\/03\/decedc6e1c91a68a.jpg","width":500,"height":500,"caption":"EN50306-2"},{"@type":"BreadcrumbList","@id":"https:\/\/www.tstcables.com\/es\/producto\/cable-unipolar-con-cubierta-de-peek-polieteretercetona-th-j-ak-250-cable-unipolar-de-300-v\/#breadcrumb","itemListElement":[{"@type":"ListItem","position":1,"name":"\u9996\u9875","item":"https:\/\/www.tstcables.com\/es\/"},{"@type":"ListItem","position":2,"name":"Product","item":"https:\/\/www.tstcables.com\/product\/"},{"@type":"ListItem","position":3,"name":"Cable unipolar con cubierta de PEEK (polieteretercetona) TH\/J-AK-250 Cable unipolar de 300 V"}]},{"@type":"WebSite","@id":"https:\/\/www.tstcables.com\/es\/#website","url":"https:\/\/www.tstcables.com\/es\/","name":"TST Cable supplier & Manufacture","description":"TST CABLES  supplier &amp; Manufacture official website","publisher":{"@id":"https:\/\/www.tstcables.com\/es\/#organization"},"potentialAction":[{"@type":"SearchAction","target":{"@type":"EntryPoint","urlTemplate":"https:\/\/www.tstcables.com\/es\/?s={search_term_string}"},"query-input":{"@type":"PropertyValueSpecification","valueRequired":true,"valueName":"search_term_string"}}],"inLanguage":"es"},{"@type":"Organization","@id":"https:\/\/www.tstcables.com\/es\/#organization","name":"TST Cable supplier & Manufacture","url":"https:\/\/www.tstcables.com\/es\/","logo":{"@type":"ImageObject","inLanguage":"es","@id":"https:\/\/www.tstcables.com\/es\/#\/schema\/logo\/image\/","url":"https:\/\/www.tstcables.com\/wp-content\/uploads\/2024\/04\/cropped-\u753b\u677f-1-\u62f7\u8d1d-4-1.png","contentUrl":"https:\/\/www.tstcables.com\/wp-content\/uploads\/2024\/04\/cropped-\u753b\u677f-1-\u62f7\u8d1d-4-1.png","width":300,"height":100,"caption":"TST Cable supplier & Manufacture"},"image":{"@id":"https:\/\/www.tstcables.com\/es\/#\/schema\/logo\/image\/"}}]}},"_links":{"self":[{"href":"https:\/\/www.tstcables.com\/es\/wp-json\/wp\/v2\/product\/17642","targetHints":{"allow":["GET"]}}],"collection":[{"href":"https:\/\/www.tstcables.com\/es\/wp-json\/wp\/v2\/product"}],"about":[{"href":"https:\/\/www.tstcables.com\/es\/wp-json\/wp\/v2\/types\/product"}],"version-history":[{"count":0,"href":"https:\/\/www.tstcables.com\/es\/wp-json\/wp\/v2\/product\/17642\/revisions"}],"wp:featuredmedia":[{"embeddable":true,"href":"https:\/\/www.tstcables.com\/es\/wp-json\/wp\/v2\/media\/11379"}],"wp:attachment":[{"href":"https:\/\/www.tstcables.com\/es\/wp-json\/wp\/v2\/media?parent=17642"}],"wp:term":[{"taxonomy":"product_brand","embeddable":true,"href":"https:\/\/www.tstcables.com\/es\/wp-json\/wp\/v2\/product_brand?post=17642"},{"taxonomy":"product_cat","embeddable":true,"href":"https:\/\/www.tstcables.com\/es\/wp-json\/wp\/v2\/product_cat?post=17642"},{"taxonomy":"product_tag","embeddable":true,"href":"https:\/\/www.tstcables.com\/es\/wp-json\/wp\/v2\/product_tag?post=17642"}],"curies":[{"name":"wp","href":"https:\/\/api.w.org\/{rel}","templated":true}]}}