{"id":17643,"date":"2024-04-11T17:02:36","date_gmt":"2024-04-11T09:02:36","guid":{"rendered":"https:\/\/www.tstcables.com\/product\/cable-pi-poliimida-extruido-th-j-aipi-220-cable-apantallado-multifilar-de-600-v\/"},"modified":"2024-04-11T17:02:36","modified_gmt":"2024-04-11T09:02:36","slug":"cable-pi-poliimida-extruido-th-j-aipi-220-cable-apantallado-multifilar-de-600-v","status":"publish","type":"product","link":"https:\/\/www.tstcables.com\/es\/producto\/cable-pi-poliimida-extruido-th-j-aipi-220-cable-apantallado-multifilar-de-600-v\/","title":{"rendered":"Cable PI (poliimida) extruido TH\/J-AIPI-220 Cable apantallado multifilar de 600 V"},"content":{"rendered":"<p>Aplicaci\u00f3n\uff1a<\/p>\n<p>Sistema de puertas del veh\u00edculo<\/p>\n<p>Caracter\u00edstica\uff1a<\/p>\n<ul>\n<li>Resistencia a la temperatura: de -40\u00b0C a +125\u00b0C.<\/li>\n<li>Tensi\u00f3n nominal: 450\/750V.<\/li>\n<li>Prueba de tensi\u00f3n soportada: 3000V\/5min.<\/li>\n<li>Estructura del conductor: Cobre desnudo, esta\u00f1ado.<\/li>\n<\/ul>\n<p>Norma del sector:<\/p>\n<ul>\n<li>GB\/T 9330.3-2008<\/li>\n<li>GB\/T19666-2005<\/li>\n<\/ul>\n<p>Estructura\uff1a<\/p>\n<ul>\n<li>Blindaje (cinta de cobre\/blindaje trenzado\/cinta compuesta de aluminio y pl\u00e1stico)<\/li>\n<li>Conductor (n\u00facleo de cobre\/n\u00facleo de cobre blando)<\/li>\n<li>Capa aislante (PE)<\/li>\n<\/ul>\n<p>Par\u00e1metro de selecci\u00f3n<\/p>\n<table class=\"tg\">\n<thead>\n<tr>\n<th class=\"tg-949j\" rowspan=\"2\">N\u00famero de producto<\/th>\n<th class=\"tg-7fn2\" rowspan=\"2\">Categor\u00eda de productos<\/th>\n<th class=\"tg-7fn2\" colspan=\"2\">N\u00famero de n\u00facleos<\/th>\n<\/tr>\n<tr>\n<th class=\"tg-7fn2\">1 n\u00facleo<\/th>\n<th class=\"tg-7fn2\">0.5-240mm2<\/th>\n<\/tr>\n<\/thead>\n<tbody>\n<tr>\n<td class=\"tg-7fn2\">KYJYP<\/td>\n<td class=\"tg-7fn2\">Cable de control apantallado trenzado con cubierta de poliolefina y aislamiento XLPE<\/td>\n<td class=\"tg-7fn2\">1-48 n\u00facleo<\/td>\n<td class=\"tg-7fn2\">0.5-50mm2<\/td>\n<\/tr>\n<tr>\n<td class=\"tg-7fn2\">KYJYP2<\/td>\n<td class=\"tg-7fn2\">Cable de control apantallado con cinta de cobre y aislamiento de poliolefina XLPE<\/td>\n<td class=\"tg-7fn2\">1-48 n\u00facleo<\/td>\n<td class=\"tg-7fn2\">0.5-50mm2<\/td>\n<\/tr>\n<tr>\n<td class=\"tg-7fn2\">KYJYP3<\/td>\n<td class=\"tg-7fn2\">Cable de control apantallado con cinta compuesta de aluminio y pl\u00e1stico con aislamiento de XLPE y cubierta de polvolefina<\/td>\n<td class=\"tg-7fn2\">1-48 n\u00facleo<\/td>\n<td class=\"tg-7fn2\">0.5-50mm2<\/td>\n<\/tr>\n<\/tbody>\n<\/table>\n","protected":false},"excerpt":{"rendered":"<p>Los cables del sistema de puertas son resistentes a la compresi\u00f3n y la abrasi\u00f3n, as\u00ed como a las altas temperaturas, y desempe\u00f1an un papel vital en el funcionamiento de las puertas, facilitando la transmisi\u00f3n de se\u00f1ales y energ\u00eda entre la unidad de control de la puerta, los sensores y los actuadores.<\/p>\n","protected":false},"featured_media":13334,"template":"","meta":{"_eb_attr":"","site-sidebar-layout":"default","site-content-layout":"","ast-site-content-layout":"default","site-content-style":"default","site-sidebar-style":"default","ast-global-header-display":"","ast-banner-title-visibility":"","ast-main-header-display":"","ast-hfb-above-header-display":"","ast-hfb-below-header-display":"","ast-hfb-mobile-header-display":"","site-post-title":"","ast-breadcrumbs-content":"","ast-featured-img":"","footer-sml-layout":"","theme-transparent-header-meta":"default","adv-header-id-meta":"","stick-header-meta":"","header-above-stick-meta":"","header-main-stick-meta":"","header-below-stick-meta":"","astra-migrate-meta-layouts":"default","ast-page-background-enabled":"default","ast-page-background-meta":{"desktop":{"background-color":"","background-image":"","background-repeat":"repeat","background-position":"center center","background-size":"auto","background-attachment":"scroll","background-type":"","background-media":"","overlay-type":"","overlay-color":"","overlay-opacity":"","overlay-gradient":""},"tablet":{"background-color":"","background-image":"","background-repeat":"repeat","background-position":"center center","background-size":"auto","background-attachment":"scroll","background-type":"","background-media":"","overlay-type":"","overlay-color":"","overlay-opacity":"","overlay-gradient":""},"mobile":{"background-color":"","background-image":"","background-repeat":"repeat","background-position":"center center","background-size":"auto","background-attachment":"scroll","background-type":"","background-media":"","overlay-type":"","overlay-color":"","overlay-opacity":"","overlay-gradient":""}},"ast-content-background-meta":{"desktop":{"background-color":"var(--ast-global-color-5)","background-image":"","background-repeat":"repeat","background-position":"center center","background-size":"auto","background-attachment":"scroll","background-type":"","background-media":"","overlay-type":"","overlay-color":"","overlay-opacity":"","overlay-gradient":""},"tablet":{"background-color":"var(--ast-global-color-5)","background-image":"","background-repeat":"repeat","background-position":"center center","background-size":"auto","background-attachment":"scroll","background-type":"","background-media":"","overlay-type":"","overlay-color":"","overlay-opacity":"","overlay-gradient":""},"mobile":{"background-color":"var(--ast-global-color-5)","background-image":"","background-repeat":"repeat","background-position":"center center","background-size":"auto","background-attachment":"scroll","background-type":"","background-media":"","overlay-type":"","overlay-color":"","overlay-opacity":"","overlay-gradient":""}}},"product_brand":[],"product_cat":[597],"product_tag":[1232,1231,1225],"class_list":{"0":"post-17643","1":"product","2":"type-product","3":"status-publish","4":"has-post-thumbnail","6":"product_cat-via-ferrea","7":"product_tag-hilos-y-cables-ignifugos","8":"product_tag-hilos-y-cables-sin-halogenos-y-con-baja-emision-de-humos","9":"product_tag-lszh-cable-es","10":"desktop-align-center","11":"tablet-align-left","12":"mobile-align-left","14":"first","15":"instock","16":"shipping-taxable","17":"product-type-simple"},"yoast_head":"<!-- This site is optimized with the Yoast SEO plugin v27.5 - https:\/\/yoast.com\/product\/yoast-seo-wordpress\/ -->\n<title>Cable PI (poliimida) extruido TH\/J-AIPI-220 Cable apantallado multifilar de 600 V<\/title>\n<meta name=\"description\" content=\"Los cables del sistema de puertas son resistentes a la compresi\u00f3n y la abrasi\u00f3n, a las altas temperaturas, y desempe\u00f1an un papel vital en el funcionamiento de las puertas\" \/>\n<meta name=\"robots\" content=\"index, follow, max-snippet:-1, max-image-preview:large, max-video-preview:-1\" \/>\n<link rel=\"canonical\" href=\"https:\/\/www.tstcables.com\/es\/producto\/cable-pi-poliimida-extruido-th-j-aipi-220-cable-apantallado-multifilar-de-600-v\/\" \/>\n<meta property=\"og:locale\" content=\"es_ES\" \/>\n<meta property=\"og:type\" content=\"article\" \/>\n<meta property=\"og:title\" content=\"Cable PI (poliimida) extruido TH\/J-AIPI-220 Cable apantallado multifilar de 600 V\" \/>\n<meta property=\"og:description\" content=\"Los cables del sistema de puertas son resistentes a la compresi\u00f3n y la abrasi\u00f3n, a las altas temperaturas, y desempe\u00f1an un papel vital en el funcionamiento de las puertas\" \/>\n<meta property=\"og:url\" content=\"https:\/\/www.tstcables.com\/es\/producto\/cable-pi-poliimida-extruido-th-j-aipi-220-cable-apantallado-multifilar-de-600-v\/\" \/>\n<meta property=\"og:site_name\" content=\"TST CABLES supplier &amp; Manufacture\" \/>\n<meta property=\"og:image\" content=\"https:\/\/www.tstcables.com\/wp-content\/uploads\/2024\/03\/3-1.webp\" \/>\n\t<meta property=\"og:image:width\" content=\"640\" \/>\n\t<meta property=\"og:image:height\" content=\"640\" \/>\n\t<meta property=\"og:image:type\" content=\"image\/webp\" \/>\n<meta name=\"twitter:card\" content=\"summary_large_image\" \/>\n<meta name=\"twitter:label1\" content=\"Tiempo de lectura\" \/>\n\t<meta name=\"twitter:data1\" content=\"1 minuto\" \/>\n<script type=\"application\/ld+json\" class=\"yoast-schema-graph\">{\"@context\":\"https:\\\/\\\/schema.org\",\"@graph\":[{\"@type\":\"WebPage\",\"@id\":\"https:\\\/\\\/www.tstcables.com\\\/es\\\/producto\\\/cable-pi-poliimida-extruido-th-j-aipi-220-cable-apantallado-multifilar-de-600-v\\\/\",\"url\":\"https:\\\/\\\/www.tstcables.com\\\/es\\\/producto\\\/cable-pi-poliimida-extruido-th-j-aipi-220-cable-apantallado-multifilar-de-600-v\\\/\",\"name\":\"Cable PI (poliimida) extruido TH\\\/J-AIPI-220 Cable apantallado multifilar de 600 V\",\"isPartOf\":{\"@id\":\"https:\\\/\\\/www.tstcables.com\\\/es\\\/#website\"},\"primaryImageOfPage\":{\"@id\":\"https:\\\/\\\/www.tstcables.com\\\/es\\\/producto\\\/cable-pi-poliimida-extruido-th-j-aipi-220-cable-apantallado-multifilar-de-600-v\\\/#primaryimage\"},\"image\":{\"@id\":\"https:\\\/\\\/www.tstcables.com\\\/es\\\/producto\\\/cable-pi-poliimida-extruido-th-j-aipi-220-cable-apantallado-multifilar-de-600-v\\\/#primaryimage\"},\"thumbnailUrl\":\"https:\\\/\\\/www.tstcables.com\\\/wp-content\\\/uploads\\\/2024\\\/03\\\/3-1.webp\",\"datePublished\":\"2024-04-11T09:02:36+00:00\",\"description\":\"Los cables del sistema de puertas son resistentes a la compresi\u00f3n y la abrasi\u00f3n, a las altas temperaturas, y desempe\u00f1an un papel vital en el funcionamiento de las puertas\",\"breadcrumb\":{\"@id\":\"https:\\\/\\\/www.tstcables.com\\\/es\\\/producto\\\/cable-pi-poliimida-extruido-th-j-aipi-220-cable-apantallado-multifilar-de-600-v\\\/#breadcrumb\"},\"inLanguage\":\"es\",\"potentialAction\":[{\"@type\":\"ReadAction\",\"target\":[\"https:\\\/\\\/www.tstcables.com\\\/es\\\/producto\\\/cable-pi-poliimida-extruido-th-j-aipi-220-cable-apantallado-multifilar-de-600-v\\\/\"]}]},{\"@type\":\"ImageObject\",\"inLanguage\":\"es\",\"@id\":\"https:\\\/\\\/www.tstcables.com\\\/es\\\/producto\\\/cable-pi-poliimida-extruido-th-j-aipi-220-cable-apantallado-multifilar-de-600-v\\\/#primaryimage\",\"url\":\"https:\\\/\\\/www.tstcables.com\\\/wp-content\\\/uploads\\\/2024\\\/03\\\/3-1.webp\",\"contentUrl\":\"https:\\\/\\\/www.tstcables.com\\\/wp-content\\\/uploads\\\/2024\\\/03\\\/3-1.webp\",\"width\":640,\"height\":640,\"caption\":\"Fire-resistant wire smoke halogen-free flame retardant GN450-NY\"},{\"@type\":\"BreadcrumbList\",\"@id\":\"https:\\\/\\\/www.tstcables.com\\\/es\\\/producto\\\/cable-pi-poliimida-extruido-th-j-aipi-220-cable-apantallado-multifilar-de-600-v\\\/#breadcrumb\",\"itemListElement\":[{\"@type\":\"ListItem\",\"position\":1,\"name\":\"\u9996\u9875\",\"item\":\"https:\\\/\\\/www.tstcables.com\\\/es\\\/\"},{\"@type\":\"ListItem\",\"position\":2,\"name\":\"Product\",\"item\":\"https:\\\/\\\/www.tstcables.com\\\/product\\\/\"},{\"@type\":\"ListItem\",\"position\":3,\"name\":\"Cable PI (poliimida) extruido TH\\\/J-AIPI-220 Cable apantallado multifilar de 600 V\"}]},{\"@type\":\"WebSite\",\"@id\":\"https:\\\/\\\/www.tstcables.com\\\/es\\\/#website\",\"url\":\"https:\\\/\\\/www.tstcables.com\\\/es\\\/\",\"name\":\"TST Cable supplier & Manufacture\",\"description\":\"TST CABLES  supplier &amp; Manufacture official website\",\"publisher\":{\"@id\":\"https:\\\/\\\/www.tstcables.com\\\/es\\\/#organization\"},\"potentialAction\":[{\"@type\":\"SearchAction\",\"target\":{\"@type\":\"EntryPoint\",\"urlTemplate\":\"https:\\\/\\\/www.tstcables.com\\\/es\\\/?s={search_term_string}\"},\"query-input\":{\"@type\":\"PropertyValueSpecification\",\"valueRequired\":true,\"valueName\":\"search_term_string\"}}],\"inLanguage\":\"es\"},{\"@type\":\"Organization\",\"@id\":\"https:\\\/\\\/www.tstcables.com\\\/es\\\/#organization\",\"name\":\"TST Cable supplier & Manufacture\",\"url\":\"https:\\\/\\\/www.tstcables.com\\\/es\\\/\",\"logo\":{\"@type\":\"ImageObject\",\"inLanguage\":\"es\",\"@id\":\"https:\\\/\\\/www.tstcables.com\\\/es\\\/#\\\/schema\\\/logo\\\/image\\\/\",\"url\":\"https:\\\/\\\/www.tstcables.com\\\/wp-content\\\/uploads\\\/2024\\\/04\\\/cropped-\u753b\u677f-1-\u62f7\u8d1d-4-1.png\",\"contentUrl\":\"https:\\\/\\\/www.tstcables.com\\\/wp-content\\\/uploads\\\/2024\\\/04\\\/cropped-\u753b\u677f-1-\u62f7\u8d1d-4-1.png\",\"width\":300,\"height\":100,\"caption\":\"TST Cable supplier & Manufacture\"},\"image\":{\"@id\":\"https:\\\/\\\/www.tstcables.com\\\/es\\\/#\\\/schema\\\/logo\\\/image\\\/\"}}]}<\/script>\n<!-- \/ Yoast SEO plugin. -->","yoast_head_json":{"title":"Cable PI (poliimida) extruido TH\/J-AIPI-220 Cable apantallado multifilar de 600 V","description":"Los cables del sistema de puertas son resistentes a la compresi\u00f3n y la abrasi\u00f3n, a las altas temperaturas, y desempe\u00f1an un papel vital en el funcionamiento de las puertas","robots":{"index":"index","follow":"follow","max-snippet":"max-snippet:-1","max-image-preview":"max-image-preview:large","max-video-preview":"max-video-preview:-1"},"canonical":"https:\/\/www.tstcables.com\/es\/producto\/cable-pi-poliimida-extruido-th-j-aipi-220-cable-apantallado-multifilar-de-600-v\/","og_locale":"es_ES","og_type":"article","og_title":"Cable PI (poliimida) extruido TH\/J-AIPI-220 Cable apantallado multifilar de 600 V","og_description":"Los cables del sistema de puertas son resistentes a la compresi\u00f3n y la abrasi\u00f3n, a las altas temperaturas, y desempe\u00f1an un papel vital en el funcionamiento de las puertas","og_url":"https:\/\/www.tstcables.com\/es\/producto\/cable-pi-poliimida-extruido-th-j-aipi-220-cable-apantallado-multifilar-de-600-v\/","og_site_name":"TST CABLES supplier &amp; Manufacture","og_image":[{"width":640,"height":640,"url":"https:\/\/www.tstcables.com\/wp-content\/uploads\/2024\/03\/3-1.webp","type":"image\/webp"}],"twitter_card":"summary_large_image","twitter_misc":{"Tiempo de lectura":"1 minuto"},"schema":{"@context":"https:\/\/schema.org","@graph":[{"@type":"WebPage","@id":"https:\/\/www.tstcables.com\/es\/producto\/cable-pi-poliimida-extruido-th-j-aipi-220-cable-apantallado-multifilar-de-600-v\/","url":"https:\/\/www.tstcables.com\/es\/producto\/cable-pi-poliimida-extruido-th-j-aipi-220-cable-apantallado-multifilar-de-600-v\/","name":"Cable PI (poliimida) extruido TH\/J-AIPI-220 Cable apantallado multifilar de 600 V","isPartOf":{"@id":"https:\/\/www.tstcables.com\/es\/#website"},"primaryImageOfPage":{"@id":"https:\/\/www.tstcables.com\/es\/producto\/cable-pi-poliimida-extruido-th-j-aipi-220-cable-apantallado-multifilar-de-600-v\/#primaryimage"},"image":{"@id":"https:\/\/www.tstcables.com\/es\/producto\/cable-pi-poliimida-extruido-th-j-aipi-220-cable-apantallado-multifilar-de-600-v\/#primaryimage"},"thumbnailUrl":"https:\/\/www.tstcables.com\/wp-content\/uploads\/2024\/03\/3-1.webp","datePublished":"2024-04-11T09:02:36+00:00","description":"Los cables del sistema de puertas son resistentes a la compresi\u00f3n y la abrasi\u00f3n, a las altas temperaturas, y desempe\u00f1an un papel vital en el funcionamiento de las puertas","breadcrumb":{"@id":"https:\/\/www.tstcables.com\/es\/producto\/cable-pi-poliimida-extruido-th-j-aipi-220-cable-apantallado-multifilar-de-600-v\/#breadcrumb"},"inLanguage":"es","potentialAction":[{"@type":"ReadAction","target":["https:\/\/www.tstcables.com\/es\/producto\/cable-pi-poliimida-extruido-th-j-aipi-220-cable-apantallado-multifilar-de-600-v\/"]}]},{"@type":"ImageObject","inLanguage":"es","@id":"https:\/\/www.tstcables.com\/es\/producto\/cable-pi-poliimida-extruido-th-j-aipi-220-cable-apantallado-multifilar-de-600-v\/#primaryimage","url":"https:\/\/www.tstcables.com\/wp-content\/uploads\/2024\/03\/3-1.webp","contentUrl":"https:\/\/www.tstcables.com\/wp-content\/uploads\/2024\/03\/3-1.webp","width":640,"height":640,"caption":"Fire-resistant wire smoke halogen-free flame retardant GN450-NY"},{"@type":"BreadcrumbList","@id":"https:\/\/www.tstcables.com\/es\/producto\/cable-pi-poliimida-extruido-th-j-aipi-220-cable-apantallado-multifilar-de-600-v\/#breadcrumb","itemListElement":[{"@type":"ListItem","position":1,"name":"\u9996\u9875","item":"https:\/\/www.tstcables.com\/es\/"},{"@type":"ListItem","position":2,"name":"Product","item":"https:\/\/www.tstcables.com\/product\/"},{"@type":"ListItem","position":3,"name":"Cable PI (poliimida) extruido TH\/J-AIPI-220 Cable apantallado multifilar de 600 V"}]},{"@type":"WebSite","@id":"https:\/\/www.tstcables.com\/es\/#website","url":"https:\/\/www.tstcables.com\/es\/","name":"TST Cable supplier & Manufacture","description":"TST CABLES  supplier &amp; Manufacture official website","publisher":{"@id":"https:\/\/www.tstcables.com\/es\/#organization"},"potentialAction":[{"@type":"SearchAction","target":{"@type":"EntryPoint","urlTemplate":"https:\/\/www.tstcables.com\/es\/?s={search_term_string}"},"query-input":{"@type":"PropertyValueSpecification","valueRequired":true,"valueName":"search_term_string"}}],"inLanguage":"es"},{"@type":"Organization","@id":"https:\/\/www.tstcables.com\/es\/#organization","name":"TST Cable supplier & Manufacture","url":"https:\/\/www.tstcables.com\/es\/","logo":{"@type":"ImageObject","inLanguage":"es","@id":"https:\/\/www.tstcables.com\/es\/#\/schema\/logo\/image\/","url":"https:\/\/www.tstcables.com\/wp-content\/uploads\/2024\/04\/cropped-\u753b\u677f-1-\u62f7\u8d1d-4-1.png","contentUrl":"https:\/\/www.tstcables.com\/wp-content\/uploads\/2024\/04\/cropped-\u753b\u677f-1-\u62f7\u8d1d-4-1.png","width":300,"height":100,"caption":"TST Cable supplier & Manufacture"},"image":{"@id":"https:\/\/www.tstcables.com\/es\/#\/schema\/logo\/image\/"}}]}},"_links":{"self":[{"href":"https:\/\/www.tstcables.com\/es\/wp-json\/wp\/v2\/product\/17643","targetHints":{"allow":["GET"]}}],"collection":[{"href":"https:\/\/www.tstcables.com\/es\/wp-json\/wp\/v2\/product"}],"about":[{"href":"https:\/\/www.tstcables.com\/es\/wp-json\/wp\/v2\/types\/product"}],"version-history":[{"count":0,"href":"https:\/\/www.tstcables.com\/es\/wp-json\/wp\/v2\/product\/17643\/revisions"}],"wp:featuredmedia":[{"embeddable":true,"href":"https:\/\/www.tstcables.com\/es\/wp-json\/wp\/v2\/media\/13334"}],"wp:attachment":[{"href":"https:\/\/www.tstcables.com\/es\/wp-json\/wp\/v2\/media?parent=17643"}],"wp:term":[{"taxonomy":"product_brand","embeddable":true,"href":"https:\/\/www.tstcables.com\/es\/wp-json\/wp\/v2\/product_brand?post=17643"},{"taxonomy":"product_cat","embeddable":true,"href":"https:\/\/www.tstcables.com\/es\/wp-json\/wp\/v2\/product_cat?post=17643"},{"taxonomy":"product_tag","embeddable":true,"href":"https:\/\/www.tstcables.com\/es\/wp-json\/wp\/v2\/product_tag?post=17643"}],"curies":[{"name":"wp","href":"https:\/\/api.w.org\/{rel}","templated":true}]}}