{"id":17657,"date":"2024-04-11T16:19:47","date_gmt":"2024-04-11T08:19:47","guid":{"rendered":"https:\/\/www.tstcables.com\/product\/cable-coaxial-de-50%cf%89-75%cf%89-2\/"},"modified":"2024-04-11T16:19:47","modified_gmt":"2024-04-11T08:19:47","slug":"cable-coaxial-de-50%cf%89-75%cf%89-2","status":"publish","type":"product","link":"https:\/\/www.tstcables.com\/es\/producto\/cable-coaxial-de-50%cf%89-75%cf%89-2\/","title":{"rendered":"Cable coaxial de 50\u03a9\/75\u03a9"},"content":{"rendered":"<p><strong><b>Par\u00e1metros del producto<\/b><\/strong><\/p>\n<ul>\n<li>Conductor: Conductor de cobre esta\u00f1ado Construcci\u00f3n de categor\u00eda 6<\/li>\n<li>Aislamiento: caucho de silicona<\/li>\n<li>Tensi\u00f3n nominal: 3,6\/6,0kV<\/li>\n<li>Rigidez diel\u00e9ctrica:8MPa &gt;<\/li>\n<li>Radio de curvatura del cable: 6D (D di\u00e1metro exterior del cable)<\/li>\n<li>Temperatura de funcionamiento: de -50\u00b0C a +150\u00b0C<\/li>\n<li>Tensi\u00f3n de servicio:300V\/500V<\/li>\n<li>Tensi\u00f3n de prueba: 2500 V<\/li>\n<\/ul>\n<p><strong>Estructura de cable optimizada:<\/strong><br \/>\npuente de alimentaci\u00f3n, puente de control, puente de datos, puente integral<\/p>\n<p><strong>Solicitudes satisfechas<\/strong><br \/>\n\u2460 Resistencia al fuego \u2461 Baja emisi\u00f3n de humos<\/p>\n<p>\u2462 Baja toxicidad \u2463 Resistencia al envejecimiento por el sol \u2464 Resistencia al aceite<\/p>\n<p>\u2465 Resistencia a la intemperie \u2466 Resistencia mec\u00e1nica<\/p>\n<p><strong><b>Propiedades ign\u00edfugas<\/b><\/strong><\/p>\n<ul>\n<li>EN45545-2 HL1 \u2014 HL3 Test<\/li>\n<li>vertical simple EN60332-1-2<\/li>\n<li>Densidad del humo EN61034-2<\/li>\n<li>toxicidad EN50305-9-2<\/li>\n<\/ul>\n<p><strong><b>Todas las certificaciones de cualificaci\u00f3n para el sector ferroviario<\/b><\/strong><\/p>\n<ul>\n<li>Empresa con certificaci\u00f3n CRCC<\/li>\n<li>TS22163 (Sistema Internacional de Gesti\u00f3n de la Calidad Ferroviaria)<\/li>\n<li>ISO9001 (sistema de calidad)<\/li>\n<li>Certificaci\u00f3n CE de producto<\/li>\n<li>ECER118 protecci\u00f3n contra incendios<\/li>\n<\/ul>\n","protected":false},"excerpt":{"rendered":"<p>Los cables puente para tr\u00e1nsito ferroviario son resistentes al fuego, no emiten humos ni hal\u00f3genos y son una parte importante de la infraestructura el\u00e9ctrica de los sistemas ferroviarios, ya que proporcionan conexiones temporales entre las fuentes de alimentaci\u00f3n y diversos equipos.<\/p>\n","protected":false},"featured_media":9350,"template":"","meta":{"_eb_attr":"","site-sidebar-layout":"default","site-content-layout":"","ast-site-content-layout":"default","site-content-style":"default","site-sidebar-style":"default","ast-global-header-display":"","ast-banner-title-visibility":"","ast-main-header-display":"","ast-hfb-above-header-display":"","ast-hfb-below-header-display":"","ast-hfb-mobile-header-display":"","site-post-title":"","ast-breadcrumbs-content":"","ast-featured-img":"","footer-sml-layout":"","theme-transparent-header-meta":"default","adv-header-id-meta":"","stick-header-meta":"","header-above-stick-meta":"","header-main-stick-meta":"","header-below-stick-meta":"","astra-migrate-meta-layouts":"default","ast-page-background-enabled":"default","ast-page-background-meta":{"desktop":{"background-color":"","background-image":"","background-repeat":"repeat","background-position":"center center","background-size":"auto","background-attachment":"scroll","background-type":"","background-media":"","overlay-type":"","overlay-color":"","overlay-opacity":"","overlay-gradient":""},"tablet":{"background-color":"","background-image":"","background-repeat":"repeat","background-position":"center center","background-size":"auto","background-attachment":"scroll","background-type":"","background-media":"","overlay-type":"","overlay-color":"","overlay-opacity":"","overlay-gradient":""},"mobile":{"background-color":"","background-image":"","background-repeat":"repeat","background-position":"center center","background-size":"auto","background-attachment":"scroll","background-type":"","background-media":"","overlay-type":"","overlay-color":"","overlay-opacity":"","overlay-gradient":""}},"ast-content-background-meta":{"desktop":{"background-color":"var(--ast-global-color-5)","background-image":"","background-repeat":"repeat","background-position":"center center","background-size":"auto","background-attachment":"scroll","background-type":"","background-media":"","overlay-type":"","overlay-color":"","overlay-opacity":"","overlay-gradient":""},"tablet":{"background-color":"var(--ast-global-color-5)","background-image":"","background-repeat":"repeat","background-position":"center center","background-size":"auto","background-attachment":"scroll","background-type":"","background-media":"","overlay-type":"","overlay-color":"","overlay-opacity":"","overlay-gradient":""},"mobile":{"background-color":"var(--ast-global-color-5)","background-image":"","background-repeat":"repeat","background-position":"center center","background-size":"auto","background-attachment":"scroll","background-type":"","background-media":"","overlay-type":"","overlay-color":"","overlay-opacity":"","overlay-gradient":""}}},"product_brand":[],"product_cat":[597],"product_tag":[1236,1237,1238],"class_list":{"0":"post-17657","1":"product","2":"type-product","3":"status-publish","4":"has-post-thumbnail","6":"product_cat-via-ferrea","7":"product_tag-cable-ferroviario","8":"product_tag-cable-puente-tst-382","9":"product_tag-tst-cable-de-arranque-del-vehiculo","10":"desktop-align-center","11":"tablet-align-left","12":"mobile-align-left","14":"first","15":"instock","16":"shipping-taxable","17":"product-type-simple"},"yoast_head":"<!-- This site is optimized with the Yoast SEO plugin v27.5 - https:\/\/yoast.com\/product\/yoast-seo-wordpress\/ -->\n<title>Cable coaxial de 50\u03a9\/75\u03a9<\/title>\n<meta name=\"description\" content=\"Los cables de puente para tr\u00e1nsito ferroviario son ign\u00edfugos, de baja emisi\u00f3n de humos y no contienen hal\u00f3genos\" \/>\n<meta name=\"robots\" content=\"index, follow, max-snippet:-1, max-image-preview:large, max-video-preview:-1\" \/>\n<link rel=\"canonical\" href=\"https:\/\/www.tstcables.com\/es\/producto\/cable-coaxial-de-50%cf%89-75%cf%89-2\/\" \/>\n<meta property=\"og:locale\" content=\"es_ES\" \/>\n<meta property=\"og:type\" content=\"article\" \/>\n<meta property=\"og:title\" content=\"Cable coaxial de 50\u03a9\/75\u03a9\" \/>\n<meta property=\"og:description\" content=\"Los cables de puente para tr\u00e1nsito ferroviario son ign\u00edfugos, de baja emisi\u00f3n de humos y no contienen hal\u00f3genos\" \/>\n<meta property=\"og:url\" content=\"https:\/\/www.tstcables.com\/es\/producto\/cable-coaxial-de-50%cf%89-75%cf%89-2\/\" \/>\n<meta property=\"og:site_name\" content=\"TST CABLES supplier &amp; Manufacture\" \/>\n<meta property=\"og:image\" content=\"https:\/\/www.tstcables.com\/wp-content\/uploads\/2024\/03\/image_vehiclejumpercable.png\" \/>\n\t<meta property=\"og:image:width\" content=\"900\" \/>\n\t<meta property=\"og:image:height\" content=\"900\" \/>\n\t<meta property=\"og:image:type\" content=\"image\/png\" \/>\n<meta name=\"twitter:card\" content=\"summary_large_image\" \/>\n<meta name=\"twitter:label1\" content=\"Tiempo de lectura\" \/>\n\t<meta name=\"twitter:data1\" content=\"1 minuto\" \/>\n<script type=\"application\/ld+json\" class=\"yoast-schema-graph\">{\"@context\":\"https:\\\/\\\/schema.org\",\"@graph\":[{\"@type\":\"WebPage\",\"@id\":\"https:\\\/\\\/www.tstcables.com\\\/es\\\/producto\\\/cable-coaxial-de-50%cf%89-75%cf%89-2\\\/\",\"url\":\"https:\\\/\\\/www.tstcables.com\\\/es\\\/producto\\\/cable-coaxial-de-50%cf%89-75%cf%89-2\\\/\",\"name\":\"Cable coaxial de 50\u03a9\\\/75\u03a9\",\"isPartOf\":{\"@id\":\"https:\\\/\\\/www.tstcables.com\\\/es\\\/#website\"},\"primaryImageOfPage\":{\"@id\":\"https:\\\/\\\/www.tstcables.com\\\/es\\\/producto\\\/cable-coaxial-de-50%cf%89-75%cf%89-2\\\/#primaryimage\"},\"image\":{\"@id\":\"https:\\\/\\\/www.tstcables.com\\\/es\\\/producto\\\/cable-coaxial-de-50%cf%89-75%cf%89-2\\\/#primaryimage\"},\"thumbnailUrl\":\"https:\\\/\\\/www.tstcables.com\\\/wp-content\\\/uploads\\\/2024\\\/03\\\/image_vehiclejumpercable.png\",\"datePublished\":\"2024-04-11T08:19:47+00:00\",\"description\":\"Los cables de puente para tr\u00e1nsito ferroviario son ign\u00edfugos, de baja emisi\u00f3n de humos y no contienen hal\u00f3genos\",\"breadcrumb\":{\"@id\":\"https:\\\/\\\/www.tstcables.com\\\/es\\\/producto\\\/cable-coaxial-de-50%cf%89-75%cf%89-2\\\/#breadcrumb\"},\"inLanguage\":\"es\",\"potentialAction\":[{\"@type\":\"ReadAction\",\"target\":[\"https:\\\/\\\/www.tstcables.com\\\/es\\\/producto\\\/cable-coaxial-de-50%cf%89-75%cf%89-2\\\/\"]}]},{\"@type\":\"ImageObject\",\"inLanguage\":\"es\",\"@id\":\"https:\\\/\\\/www.tstcables.com\\\/es\\\/producto\\\/cable-coaxial-de-50%cf%89-75%cf%89-2\\\/#primaryimage\",\"url\":\"https:\\\/\\\/www.tstcables.com\\\/wp-content\\\/uploads\\\/2024\\\/03\\\/image_vehiclejumpercable.png\",\"contentUrl\":\"https:\\\/\\\/www.tstcables.com\\\/wp-content\\\/uploads\\\/2024\\\/03\\\/image_vehiclejumpercable.png\",\"width\":900,\"height\":900,\"caption\":\"Vehicle jumper cable\"},{\"@type\":\"BreadcrumbList\",\"@id\":\"https:\\\/\\\/www.tstcables.com\\\/es\\\/producto\\\/cable-coaxial-de-50%cf%89-75%cf%89-2\\\/#breadcrumb\",\"itemListElement\":[{\"@type\":\"ListItem\",\"position\":1,\"name\":\"\u9996\u9875\",\"item\":\"https:\\\/\\\/www.tstcables.com\\\/es\\\/\"},{\"@type\":\"ListItem\",\"position\":2,\"name\":\"Product\",\"item\":\"https:\\\/\\\/www.tstcables.com\\\/product\\\/\"},{\"@type\":\"ListItem\",\"position\":3,\"name\":\"Cable coaxial de 50\u03a9\\\/75\u03a9\"}]},{\"@type\":\"WebSite\",\"@id\":\"https:\\\/\\\/www.tstcables.com\\\/es\\\/#website\",\"url\":\"https:\\\/\\\/www.tstcables.com\\\/es\\\/\",\"name\":\"TST Cable supplier & Manufacture\",\"description\":\"TST CABLES  supplier &amp; Manufacture official website\",\"publisher\":{\"@id\":\"https:\\\/\\\/www.tstcables.com\\\/es\\\/#organization\"},\"potentialAction\":[{\"@type\":\"SearchAction\",\"target\":{\"@type\":\"EntryPoint\",\"urlTemplate\":\"https:\\\/\\\/www.tstcables.com\\\/es\\\/?s={search_term_string}\"},\"query-input\":{\"@type\":\"PropertyValueSpecification\",\"valueRequired\":true,\"valueName\":\"search_term_string\"}}],\"inLanguage\":\"es\"},{\"@type\":\"Organization\",\"@id\":\"https:\\\/\\\/www.tstcables.com\\\/es\\\/#organization\",\"name\":\"TST Cable supplier & Manufacture\",\"url\":\"https:\\\/\\\/www.tstcables.com\\\/es\\\/\",\"logo\":{\"@type\":\"ImageObject\",\"inLanguage\":\"es\",\"@id\":\"https:\\\/\\\/www.tstcables.com\\\/es\\\/#\\\/schema\\\/logo\\\/image\\\/\",\"url\":\"https:\\\/\\\/www.tstcables.com\\\/wp-content\\\/uploads\\\/2024\\\/04\\\/cropped-\u753b\u677f-1-\u62f7\u8d1d-4-1.png\",\"contentUrl\":\"https:\\\/\\\/www.tstcables.com\\\/wp-content\\\/uploads\\\/2024\\\/04\\\/cropped-\u753b\u677f-1-\u62f7\u8d1d-4-1.png\",\"width\":300,\"height\":100,\"caption\":\"TST Cable supplier & Manufacture\"},\"image\":{\"@id\":\"https:\\\/\\\/www.tstcables.com\\\/es\\\/#\\\/schema\\\/logo\\\/image\\\/\"}}]}<\/script>\n<!-- \/ Yoast SEO plugin. -->","yoast_head_json":{"title":"Cable coaxial de 50\u03a9\/75\u03a9","description":"Los cables de puente para tr\u00e1nsito ferroviario son ign\u00edfugos, de baja emisi\u00f3n de humos y no contienen hal\u00f3genos","robots":{"index":"index","follow":"follow","max-snippet":"max-snippet:-1","max-image-preview":"max-image-preview:large","max-video-preview":"max-video-preview:-1"},"canonical":"https:\/\/www.tstcables.com\/es\/producto\/cable-coaxial-de-50%cf%89-75%cf%89-2\/","og_locale":"es_ES","og_type":"article","og_title":"Cable coaxial de 50\u03a9\/75\u03a9","og_description":"Los cables de puente para tr\u00e1nsito ferroviario son ign\u00edfugos, de baja emisi\u00f3n de humos y no contienen hal\u00f3genos","og_url":"https:\/\/www.tstcables.com\/es\/producto\/cable-coaxial-de-50%cf%89-75%cf%89-2\/","og_site_name":"TST CABLES supplier &amp; Manufacture","og_image":[{"width":900,"height":900,"url":"https:\/\/www.tstcables.com\/wp-content\/uploads\/2024\/03\/image_vehiclejumpercable.png","type":"image\/png"}],"twitter_card":"summary_large_image","twitter_misc":{"Tiempo de lectura":"1 minuto"},"schema":{"@context":"https:\/\/schema.org","@graph":[{"@type":"WebPage","@id":"https:\/\/www.tstcables.com\/es\/producto\/cable-coaxial-de-50%cf%89-75%cf%89-2\/","url":"https:\/\/www.tstcables.com\/es\/producto\/cable-coaxial-de-50%cf%89-75%cf%89-2\/","name":"Cable coaxial de 50\u03a9\/75\u03a9","isPartOf":{"@id":"https:\/\/www.tstcables.com\/es\/#website"},"primaryImageOfPage":{"@id":"https:\/\/www.tstcables.com\/es\/producto\/cable-coaxial-de-50%cf%89-75%cf%89-2\/#primaryimage"},"image":{"@id":"https:\/\/www.tstcables.com\/es\/producto\/cable-coaxial-de-50%cf%89-75%cf%89-2\/#primaryimage"},"thumbnailUrl":"https:\/\/www.tstcables.com\/wp-content\/uploads\/2024\/03\/image_vehiclejumpercable.png","datePublished":"2024-04-11T08:19:47+00:00","description":"Los cables de puente para tr\u00e1nsito ferroviario son ign\u00edfugos, de baja emisi\u00f3n de humos y no contienen hal\u00f3genos","breadcrumb":{"@id":"https:\/\/www.tstcables.com\/es\/producto\/cable-coaxial-de-50%cf%89-75%cf%89-2\/#breadcrumb"},"inLanguage":"es","potentialAction":[{"@type":"ReadAction","target":["https:\/\/www.tstcables.com\/es\/producto\/cable-coaxial-de-50%cf%89-75%cf%89-2\/"]}]},{"@type":"ImageObject","inLanguage":"es","@id":"https:\/\/www.tstcables.com\/es\/producto\/cable-coaxial-de-50%cf%89-75%cf%89-2\/#primaryimage","url":"https:\/\/www.tstcables.com\/wp-content\/uploads\/2024\/03\/image_vehiclejumpercable.png","contentUrl":"https:\/\/www.tstcables.com\/wp-content\/uploads\/2024\/03\/image_vehiclejumpercable.png","width":900,"height":900,"caption":"Vehicle jumper cable"},{"@type":"BreadcrumbList","@id":"https:\/\/www.tstcables.com\/es\/producto\/cable-coaxial-de-50%cf%89-75%cf%89-2\/#breadcrumb","itemListElement":[{"@type":"ListItem","position":1,"name":"\u9996\u9875","item":"https:\/\/www.tstcables.com\/es\/"},{"@type":"ListItem","position":2,"name":"Product","item":"https:\/\/www.tstcables.com\/product\/"},{"@type":"ListItem","position":3,"name":"Cable coaxial de 50\u03a9\/75\u03a9"}]},{"@type":"WebSite","@id":"https:\/\/www.tstcables.com\/es\/#website","url":"https:\/\/www.tstcables.com\/es\/","name":"TST Cable supplier & Manufacture","description":"TST CABLES  supplier &amp; Manufacture official website","publisher":{"@id":"https:\/\/www.tstcables.com\/es\/#organization"},"potentialAction":[{"@type":"SearchAction","target":{"@type":"EntryPoint","urlTemplate":"https:\/\/www.tstcables.com\/es\/?s={search_term_string}"},"query-input":{"@type":"PropertyValueSpecification","valueRequired":true,"valueName":"search_term_string"}}],"inLanguage":"es"},{"@type":"Organization","@id":"https:\/\/www.tstcables.com\/es\/#organization","name":"TST Cable supplier & Manufacture","url":"https:\/\/www.tstcables.com\/es\/","logo":{"@type":"ImageObject","inLanguage":"es","@id":"https:\/\/www.tstcables.com\/es\/#\/schema\/logo\/image\/","url":"https:\/\/www.tstcables.com\/wp-content\/uploads\/2024\/04\/cropped-\u753b\u677f-1-\u62f7\u8d1d-4-1.png","contentUrl":"https:\/\/www.tstcables.com\/wp-content\/uploads\/2024\/04\/cropped-\u753b\u677f-1-\u62f7\u8d1d-4-1.png","width":300,"height":100,"caption":"TST Cable supplier & Manufacture"},"image":{"@id":"https:\/\/www.tstcables.com\/es\/#\/schema\/logo\/image\/"}}]}},"_links":{"self":[{"href":"https:\/\/www.tstcables.com\/es\/wp-json\/wp\/v2\/product\/17657","targetHints":{"allow":["GET"]}}],"collection":[{"href":"https:\/\/www.tstcables.com\/es\/wp-json\/wp\/v2\/product"}],"about":[{"href":"https:\/\/www.tstcables.com\/es\/wp-json\/wp\/v2\/types\/product"}],"version-history":[{"count":0,"href":"https:\/\/www.tstcables.com\/es\/wp-json\/wp\/v2\/product\/17657\/revisions"}],"wp:featuredmedia":[{"embeddable":true,"href":"https:\/\/www.tstcables.com\/es\/wp-json\/wp\/v2\/media\/9350"}],"wp:attachment":[{"href":"https:\/\/www.tstcables.com\/es\/wp-json\/wp\/v2\/media?parent=17657"}],"wp:term":[{"taxonomy":"product_brand","embeddable":true,"href":"https:\/\/www.tstcables.com\/es\/wp-json\/wp\/v2\/product_brand?post=17657"},{"taxonomy":"product_cat","embeddable":true,"href":"https:\/\/www.tstcables.com\/es\/wp-json\/wp\/v2\/product_cat?post=17657"},{"taxonomy":"product_tag","embeddable":true,"href":"https:\/\/www.tstcables.com\/es\/wp-json\/wp\/v2\/product_tag?post=17657"}],"curies":[{"name":"wp","href":"https:\/\/api.w.org\/{rel}","templated":true}]}}