{"id":17658,"date":"2024-04-11T16:12:37","date_gmt":"2024-04-11T08:12:37","guid":{"rendered":"https:\/\/www.tstcables.com\/product\/tewl-cable-de-alta-frecuencia-alta-tension-y-bajas-perdidas-30awg-18awg-155%e2%84%83-2\/"},"modified":"2024-04-11T16:12:37","modified_gmt":"2024-04-11T08:12:37","slug":"tewl-cable-de-alta-frecuencia-alta-tension-y-bajas-perdidas-30awg-18awg-155%e2%84%83-2","status":"publish","type":"product","link":"https:\/\/www.tstcables.com\/es\/producto\/tewl-cable-de-alta-frecuencia-alta-tension-y-bajas-perdidas-30awg-18awg-155%e2%84%83-2\/","title":{"rendered":"TEWL cable de alta frecuencia, alta tensi\u00f3n y bajas p\u00e9rdidas 30AWG-18AWG 155\u2103"},"content":{"rendered":"<p>Aplicaci\u00f3n\uff1a<\/p>\n<p>Sistema de iluminaci\u00f3n<\/p>\n<p>Caracter\u00edstica\uff1a<\/p>\n<ul>\n<li>Resistencia a la temperatura: -40\u00b0C a 125\u00b0C<\/li>\n<li>Tensi\u00f3n nominal: 600V (tensi\u00f3n de prueba de 3500V\/5min)<\/li>\n<li>Cumple los requisitos de la norma EN50200 para 30 minutos y 90 minutos<\/li>\n<\/ul>\n<p>Norma del sector:<\/p>\n<ul>\n<li>Cumplir con los requisitos de cables para locomotoras y veh\u00edculos de pasajeros TBIT1484.1-2017 y TJ\/CL254-2013.<\/li>\n<li>Supera los requisitos EN45545, HL1, HL2 y HL3 dentro y fuera del veh\u00edculo.<\/li>\n<li>Cumpla los requisitos de la norma BS6853:1999 para locomotoras de la, lb y clase en relaci\u00f3n con los cables internos y externos.<\/li>\n<li>Ha superado las pruebas de fuego, humo y toxicidad BS6853:1999 y DIN5510-2:2009.<\/li>\n<li>Comply with the requirements of flammability class S1~S5 in DIN5510-2:2009.<\/li>\n<li>Certificaci\u00f3n CRCC de productos ferroviarios de China aprobada.<\/li>\n<\/ul>\n<p>Estructura\uff1a<\/p>\n<ul>\n<li>Conductor: Conductor de cobre plateado con estructura de clase 5.<\/li>\n<li>Aislamiento: Polietileno reticulado irradiado.<\/li>\n<\/ul>\n<p>Par\u00e1metro de selecci\u00f3n<\/p>\n<table class=\"tg\">\n<thead>\n<tr>\n<th class=\"tg-949j\" rowspan=\"2\">N\u00famero de n\u00facleos x secci\u00f3n transversal nominal<\/th>\n<th class=\"tg-7fn2\" rowspan=\"2\">Di\u00e1metro del conductor \uff08d\uff09<\/th>\n<th class=\"tg-7fn2\" rowspan=\"2\">Espesor medio del aislamiento<\/th>\n<th class=\"tg-7fn2\">Di\u00e1metro exterior \uff08D\uff09<\/th>\n<th class=\"tg-7fn2\">20\u2103 resistencia del conductor<\/th>\n<\/tr>\n<tr>\n<th class=\"tg-1771\">M\u00edn. mm<\/th>\n<th class=\"tg-1771\">Max.\u03a9\/km<\/th>\n<\/tr>\n<\/thead>\n<tbody>\n<tr>\n<td class=\"tg-1771\">2\u00d70.75<\/td>\n<td class=\"tg-qfl9\">1.1<\/td>\n<td class=\"tg-qfl9\">0.4<\/td>\n<td class=\"tg-qfl9\">6.5<\/td>\n<td class=\"tg-qfl9\">26.7<\/td>\n<\/tr>\n<tr>\n<td class=\"tg-1771\">4\u00d70.75<\/td>\n<td class=\"tg-qfl9\">1.1<\/td>\n<td class=\"tg-qfl9\">0.4<\/td>\n<td class=\"tg-qfl9\">7.2<\/td>\n<td class=\"tg-qfl9\">26.7<\/td>\n<\/tr>\n<tr>\n<td class=\"tg-1771\">2\u00d71.0<\/td>\n<td class=\"tg-qfl9\">1.3<\/td>\n<td class=\"tg-qfl9\">0.5<\/td>\n<td class=\"tg-qfl9\">7<\/td>\n<td class=\"tg-qfl9\">20<\/td>\n<\/tr>\n<tr>\n<td class=\"tg-1771\">2\u00d71.5<\/td>\n<td class=\"tg-qfl9\">1.5<\/td>\n<td class=\"tg-qfl9\">0.5<\/td>\n<td class=\"tg-qfl9\">7.2<\/td>\n<td class=\"tg-qfl9\">13.7<\/td>\n<\/tr>\n<tr>\n<td class=\"tg-1771\">3\u00d71.0<\/td>\n<td class=\"tg-qfl9\">1.3<\/td>\n<td class=\"tg-qfl9\">0.5<\/td>\n<td class=\"tg-qfl9\">7.3<\/td>\n<td class=\"tg-qfl9\">20<\/td>\n<\/tr>\n<tr>\n<td class=\"tg-1771\">2\u00d72.5<\/td>\n<td class=\"tg-qfl9\">1.9<\/td>\n<td class=\"tg-qfl9\">0.5<\/td>\n<td class=\"tg-qfl9\">8.5<\/td>\n<td class=\"tg-qfl9\">8.21<\/td>\n<\/tr>\n<tr>\n<td class=\"tg-1771\">2x2x1.0<\/td>\n<td class=\"tg-qfl9\">1.3<\/td>\n<td class=\"tg-qfl9\">0.5<\/td>\n<td class=\"tg-qfl9\">10.3<\/td>\n<td class=\"tg-qfl9\">20<\/td>\n<\/tr>\n<tr>\n<td class=\"tg-1771\">3x2x0.5<\/td>\n<td class=\"tg-qfl9\">1.1<\/td>\n<td class=\"tg-qfl9\">0.4<\/td>\n<td class=\"tg-qfl9\">10.2<\/td>\n<td class=\"tg-qfl9\">40.1<\/td>\n<\/tr>\n<tr>\n<td class=\"tg-1771\">6x2x0.75<\/td>\n<td class=\"tg-qfl9\">1.1<\/td>\n<td class=\"tg-qfl9\">0.4<\/td>\n<td class=\"tg-qfl9\">16.4<\/td>\n<td class=\"tg-qfl9\">40.1<\/td>\n<\/tr>\n<\/tbody>\n<\/table>\n","protected":false},"excerpt":{"rendered":"<p>Los cables de alumbrado de tr\u00e1nsito ferroviario son resistentes a altas temperaturas y tienen una tensi\u00f3n nominal de 600 V. Constituyen una parte importante del alumbrado de diversas zonas del sistema de transporte ferroviario (incluidos los compartimentos de pasajeros, los andenes y las estaciones).<\/p>\n","protected":false},"featured_media":11326,"template":"","meta":{"_eb_attr":"","site-sidebar-layout":"default","site-content-layout":"","ast-site-content-layout":"default","site-content-style":"default","site-sidebar-style":"default","ast-global-header-display":"","ast-banner-title-visibility":"","ast-main-header-display":"","ast-hfb-above-header-display":"","ast-hfb-below-header-display":"","ast-hfb-mobile-header-display":"","site-post-title":"","ast-breadcrumbs-content":"","ast-featured-img":"","footer-sml-layout":"","theme-transparent-header-meta":"default","adv-header-id-meta":"","stick-header-meta":"","header-above-stick-meta":"","header-main-stick-meta":"","header-below-stick-meta":"","astra-migrate-meta-layouts":"default","ast-page-background-enabled":"default","ast-page-background-meta":{"desktop":{"background-color":"","background-image":"","background-repeat":"repeat","background-position":"center center","background-size":"auto","background-attachment":"scroll","background-type":"","background-media":"","overlay-type":"","overlay-color":"","overlay-opacity":"","overlay-gradient":""},"tablet":{"background-color":"","background-image":"","background-repeat":"repeat","background-position":"center center","background-size":"auto","background-attachment":"scroll","background-type":"","background-media":"","overlay-type":"","overlay-color":"","overlay-opacity":"","overlay-gradient":""},"mobile":{"background-color":"","background-image":"","background-repeat":"repeat","background-position":"center center","background-size":"auto","background-attachment":"scroll","background-type":"","background-media":"","overlay-type":"","overlay-color":"","overlay-opacity":"","overlay-gradient":""}},"ast-content-background-meta":{"desktop":{"background-color":"var(--ast-global-color-5)","background-image":"","background-repeat":"repeat","background-position":"center center","background-size":"auto","background-attachment":"scroll","background-type":"","background-media":"","overlay-type":"","overlay-color":"","overlay-opacity":"","overlay-gradient":""},"tablet":{"background-color":"var(--ast-global-color-5)","background-image":"","background-repeat":"repeat","background-position":"center center","background-size":"auto","background-attachment":"scroll","background-type":"","background-media":"","overlay-type":"","overlay-color":"","overlay-opacity":"","overlay-gradient":""},"mobile":{"background-color":"var(--ast-global-color-5)","background-image":"","background-repeat":"repeat","background-position":"center center","background-size":"auto","background-attachment":"scroll","background-type":"","background-media":"","overlay-type":"","overlay-color":"","overlay-opacity":"","overlay-gradient":""}}},"product_brand":[],"product_cat":[597],"product_tag":[1207],"class_list":{"0":"post-17658","1":"product","2":"type-product","3":"status-publish","4":"has-post-thumbnail","6":"product_cat-via-ferrea","7":"product_tag-cables-resistentes-al-fuego","8":"desktop-align-center","9":"tablet-align-left","10":"mobile-align-left","12":"first","13":"instock","14":"shipping-taxable","15":"product-type-simple"},"yoast_head":"<!-- This site is optimized with the Yoast SEO plugin v27.5 - https:\/\/yoast.com\/product\/yoast-seo-wordpress\/ -->\n<title>TEWL cable de alta frecuencia, alta tensi\u00f3n y bajas p\u00e9rdidas 30AWG-18AWG 155\u2103<\/title>\n<meta name=\"description\" content=\"Los cables de alumbrado de tr\u00e1nsito ferroviario son resistentes a altas temperaturas y tienen una tensi\u00f3n nominal de 600 V.\" \/>\n<meta name=\"robots\" content=\"index, follow, max-snippet:-1, max-image-preview:large, max-video-preview:-1\" \/>\n<link rel=\"canonical\" href=\"https:\/\/www.tstcables.com\/es\/producto\/tewl-cable-de-alta-frecuencia-alta-tension-y-bajas-perdidas-30awg-18awg-155%e2%84%83-2\/\" \/>\n<meta property=\"og:locale\" content=\"es_ES\" \/>\n<meta property=\"og:type\" content=\"article\" \/>\n<meta property=\"og:title\" content=\"TEWL cable de alta frecuencia, alta tensi\u00f3n y bajas p\u00e9rdidas 30AWG-18AWG 155\u2103\" \/>\n<meta property=\"og:description\" content=\"Los cables de alumbrado de tr\u00e1nsito ferroviario son resistentes a altas temperaturas y tienen una tensi\u00f3n nominal de 600 V.\" \/>\n<meta property=\"og:url\" content=\"https:\/\/www.tstcables.com\/es\/producto\/tewl-cable-de-alta-frecuencia-alta-tension-y-bajas-perdidas-30awg-18awg-155%e2%84%83-2\/\" \/>\n<meta property=\"og:site_name\" content=\"TST CABLES supplier &amp; Manufacture\" \/>\n<meta property=\"og:image\" content=\"https:\/\/www.tstcables.com\/wp-content\/uploads\/2024\/03\/c83b414e251c9798.jpg\" \/>\n\t<meta property=\"og:image:width\" content=\"800\" \/>\n\t<meta property=\"og:image:height\" content=\"800\" \/>\n\t<meta property=\"og:image:type\" content=\"image\/jpeg\" \/>\n<meta name=\"twitter:card\" content=\"summary_large_image\" \/>\n<meta name=\"twitter:label1\" content=\"Tiempo de lectura\" \/>\n\t<meta name=\"twitter:data1\" content=\"1 minuto\" \/>\n<script type=\"application\/ld+json\" class=\"yoast-schema-graph\">{\"@context\":\"https:\\\/\\\/schema.org\",\"@graph\":[{\"@type\":\"WebPage\",\"@id\":\"https:\\\/\\\/www.tstcables.com\\\/es\\\/producto\\\/tewl-cable-de-alta-frecuencia-alta-tension-y-bajas-perdidas-30awg-18awg-155%e2%84%83-2\\\/\",\"url\":\"https:\\\/\\\/www.tstcables.com\\\/es\\\/producto\\\/tewl-cable-de-alta-frecuencia-alta-tension-y-bajas-perdidas-30awg-18awg-155%e2%84%83-2\\\/\",\"name\":\"TEWL cable de alta frecuencia, alta tensi\u00f3n y bajas p\u00e9rdidas 30AWG-18AWG 155\u2103\",\"isPartOf\":{\"@id\":\"https:\\\/\\\/www.tstcables.com\\\/es\\\/#website\"},\"primaryImageOfPage\":{\"@id\":\"https:\\\/\\\/www.tstcables.com\\\/es\\\/producto\\\/tewl-cable-de-alta-frecuencia-alta-tension-y-bajas-perdidas-30awg-18awg-155%e2%84%83-2\\\/#primaryimage\"},\"image\":{\"@id\":\"https:\\\/\\\/www.tstcables.com\\\/es\\\/producto\\\/tewl-cable-de-alta-frecuencia-alta-tension-y-bajas-perdidas-30awg-18awg-155%e2%84%83-2\\\/#primaryimage\"},\"thumbnailUrl\":\"https:\\\/\\\/www.tstcables.com\\\/wp-content\\\/uploads\\\/2024\\\/03\\\/c83b414e251c9798.jpg\",\"datePublished\":\"2024-04-11T08:12:37+00:00\",\"description\":\"Los cables de alumbrado de tr\u00e1nsito ferroviario son resistentes a altas temperaturas y tienen una tensi\u00f3n nominal de 600 V.\",\"breadcrumb\":{\"@id\":\"https:\\\/\\\/www.tstcables.com\\\/es\\\/producto\\\/tewl-cable-de-alta-frecuencia-alta-tension-y-bajas-perdidas-30awg-18awg-155%e2%84%83-2\\\/#breadcrumb\"},\"inLanguage\":\"es\",\"potentialAction\":[{\"@type\":\"ReadAction\",\"target\":[\"https:\\\/\\\/www.tstcables.com\\\/es\\\/producto\\\/tewl-cable-de-alta-frecuencia-alta-tension-y-bajas-perdidas-30awg-18awg-155%e2%84%83-2\\\/\"]}]},{\"@type\":\"ImageObject\",\"inLanguage\":\"es\",\"@id\":\"https:\\\/\\\/www.tstcables.com\\\/es\\\/producto\\\/tewl-cable-de-alta-frecuencia-alta-tension-y-bajas-perdidas-30awg-18awg-155%e2%84%83-2\\\/#primaryimage\",\"url\":\"https:\\\/\\\/www.tstcables.com\\\/wp-content\\\/uploads\\\/2024\\\/03\\\/c83b414e251c9798.jpg\",\"contentUrl\":\"https:\\\/\\\/www.tstcables.com\\\/wp-content\\\/uploads\\\/2024\\\/03\\\/c83b414e251c9798.jpg\",\"width\":800,\"height\":800,\"caption\":\"EN50264-3-1 fire-resistant wire &cable\"},{\"@type\":\"BreadcrumbList\",\"@id\":\"https:\\\/\\\/www.tstcables.com\\\/es\\\/producto\\\/tewl-cable-de-alta-frecuencia-alta-tension-y-bajas-perdidas-30awg-18awg-155%e2%84%83-2\\\/#breadcrumb\",\"itemListElement\":[{\"@type\":\"ListItem\",\"position\":1,\"name\":\"\u9996\u9875\",\"item\":\"https:\\\/\\\/www.tstcables.com\\\/es\\\/\"},{\"@type\":\"ListItem\",\"position\":2,\"name\":\"Product\",\"item\":\"https:\\\/\\\/www.tstcables.com\\\/product\\\/\"},{\"@type\":\"ListItem\",\"position\":3,\"name\":\"TEWL cable de alta frecuencia, alta tensi\u00f3n y bajas p\u00e9rdidas 30AWG-18AWG 155\u2103\"}]},{\"@type\":\"WebSite\",\"@id\":\"https:\\\/\\\/www.tstcables.com\\\/es\\\/#website\",\"url\":\"https:\\\/\\\/www.tstcables.com\\\/es\\\/\",\"name\":\"TST Cable supplier & Manufacture\",\"description\":\"TST CABLES  supplier &amp; Manufacture official website\",\"publisher\":{\"@id\":\"https:\\\/\\\/www.tstcables.com\\\/es\\\/#organization\"},\"potentialAction\":[{\"@type\":\"SearchAction\",\"target\":{\"@type\":\"EntryPoint\",\"urlTemplate\":\"https:\\\/\\\/www.tstcables.com\\\/es\\\/?s={search_term_string}\"},\"query-input\":{\"@type\":\"PropertyValueSpecification\",\"valueRequired\":true,\"valueName\":\"search_term_string\"}}],\"inLanguage\":\"es\"},{\"@type\":\"Organization\",\"@id\":\"https:\\\/\\\/www.tstcables.com\\\/es\\\/#organization\",\"name\":\"TST Cable supplier & Manufacture\",\"url\":\"https:\\\/\\\/www.tstcables.com\\\/es\\\/\",\"logo\":{\"@type\":\"ImageObject\",\"inLanguage\":\"es\",\"@id\":\"https:\\\/\\\/www.tstcables.com\\\/es\\\/#\\\/schema\\\/logo\\\/image\\\/\",\"url\":\"https:\\\/\\\/www.tstcables.com\\\/wp-content\\\/uploads\\\/2024\\\/04\\\/cropped-\u753b\u677f-1-\u62f7\u8d1d-4-1.png\",\"contentUrl\":\"https:\\\/\\\/www.tstcables.com\\\/wp-content\\\/uploads\\\/2024\\\/04\\\/cropped-\u753b\u677f-1-\u62f7\u8d1d-4-1.png\",\"width\":300,\"height\":100,\"caption\":\"TST Cable supplier & Manufacture\"},\"image\":{\"@id\":\"https:\\\/\\\/www.tstcables.com\\\/es\\\/#\\\/schema\\\/logo\\\/image\\\/\"}}]}<\/script>\n<!-- \/ Yoast SEO plugin. -->","yoast_head_json":{"title":"TEWL cable de alta frecuencia, alta tensi\u00f3n y bajas p\u00e9rdidas 30AWG-18AWG 155\u2103","description":"Los cables de alumbrado de tr\u00e1nsito ferroviario son resistentes a altas temperaturas y tienen una tensi\u00f3n nominal de 600 V.","robots":{"index":"index","follow":"follow","max-snippet":"max-snippet:-1","max-image-preview":"max-image-preview:large","max-video-preview":"max-video-preview:-1"},"canonical":"https:\/\/www.tstcables.com\/es\/producto\/tewl-cable-de-alta-frecuencia-alta-tension-y-bajas-perdidas-30awg-18awg-155%e2%84%83-2\/","og_locale":"es_ES","og_type":"article","og_title":"TEWL cable de alta frecuencia, alta tensi\u00f3n y bajas p\u00e9rdidas 30AWG-18AWG 155\u2103","og_description":"Los cables de alumbrado de tr\u00e1nsito ferroviario son resistentes a altas temperaturas y tienen una tensi\u00f3n nominal de 600 V.","og_url":"https:\/\/www.tstcables.com\/es\/producto\/tewl-cable-de-alta-frecuencia-alta-tension-y-bajas-perdidas-30awg-18awg-155%e2%84%83-2\/","og_site_name":"TST CABLES supplier &amp; Manufacture","og_image":[{"width":800,"height":800,"url":"https:\/\/www.tstcables.com\/wp-content\/uploads\/2024\/03\/c83b414e251c9798.jpg","type":"image\/jpeg"}],"twitter_card":"summary_large_image","twitter_misc":{"Tiempo de lectura":"1 minuto"},"schema":{"@context":"https:\/\/schema.org","@graph":[{"@type":"WebPage","@id":"https:\/\/www.tstcables.com\/es\/producto\/tewl-cable-de-alta-frecuencia-alta-tension-y-bajas-perdidas-30awg-18awg-155%e2%84%83-2\/","url":"https:\/\/www.tstcables.com\/es\/producto\/tewl-cable-de-alta-frecuencia-alta-tension-y-bajas-perdidas-30awg-18awg-155%e2%84%83-2\/","name":"TEWL cable de alta frecuencia, alta tensi\u00f3n y bajas p\u00e9rdidas 30AWG-18AWG 155\u2103","isPartOf":{"@id":"https:\/\/www.tstcables.com\/es\/#website"},"primaryImageOfPage":{"@id":"https:\/\/www.tstcables.com\/es\/producto\/tewl-cable-de-alta-frecuencia-alta-tension-y-bajas-perdidas-30awg-18awg-155%e2%84%83-2\/#primaryimage"},"image":{"@id":"https:\/\/www.tstcables.com\/es\/producto\/tewl-cable-de-alta-frecuencia-alta-tension-y-bajas-perdidas-30awg-18awg-155%e2%84%83-2\/#primaryimage"},"thumbnailUrl":"https:\/\/www.tstcables.com\/wp-content\/uploads\/2024\/03\/c83b414e251c9798.jpg","datePublished":"2024-04-11T08:12:37+00:00","description":"Los cables de alumbrado de tr\u00e1nsito ferroviario son resistentes a altas temperaturas y tienen una tensi\u00f3n nominal de 600 V.","breadcrumb":{"@id":"https:\/\/www.tstcables.com\/es\/producto\/tewl-cable-de-alta-frecuencia-alta-tension-y-bajas-perdidas-30awg-18awg-155%e2%84%83-2\/#breadcrumb"},"inLanguage":"es","potentialAction":[{"@type":"ReadAction","target":["https:\/\/www.tstcables.com\/es\/producto\/tewl-cable-de-alta-frecuencia-alta-tension-y-bajas-perdidas-30awg-18awg-155%e2%84%83-2\/"]}]},{"@type":"ImageObject","inLanguage":"es","@id":"https:\/\/www.tstcables.com\/es\/producto\/tewl-cable-de-alta-frecuencia-alta-tension-y-bajas-perdidas-30awg-18awg-155%e2%84%83-2\/#primaryimage","url":"https:\/\/www.tstcables.com\/wp-content\/uploads\/2024\/03\/c83b414e251c9798.jpg","contentUrl":"https:\/\/www.tstcables.com\/wp-content\/uploads\/2024\/03\/c83b414e251c9798.jpg","width":800,"height":800,"caption":"EN50264-3-1 fire-resistant wire &cable"},{"@type":"BreadcrumbList","@id":"https:\/\/www.tstcables.com\/es\/producto\/tewl-cable-de-alta-frecuencia-alta-tension-y-bajas-perdidas-30awg-18awg-155%e2%84%83-2\/#breadcrumb","itemListElement":[{"@type":"ListItem","position":1,"name":"\u9996\u9875","item":"https:\/\/www.tstcables.com\/es\/"},{"@type":"ListItem","position":2,"name":"Product","item":"https:\/\/www.tstcables.com\/product\/"},{"@type":"ListItem","position":3,"name":"TEWL cable de alta frecuencia, alta tensi\u00f3n y bajas p\u00e9rdidas 30AWG-18AWG 155\u2103"}]},{"@type":"WebSite","@id":"https:\/\/www.tstcables.com\/es\/#website","url":"https:\/\/www.tstcables.com\/es\/","name":"TST Cable supplier & Manufacture","description":"TST CABLES  supplier &amp; Manufacture official website","publisher":{"@id":"https:\/\/www.tstcables.com\/es\/#organization"},"potentialAction":[{"@type":"SearchAction","target":{"@type":"EntryPoint","urlTemplate":"https:\/\/www.tstcables.com\/es\/?s={search_term_string}"},"query-input":{"@type":"PropertyValueSpecification","valueRequired":true,"valueName":"search_term_string"}}],"inLanguage":"es"},{"@type":"Organization","@id":"https:\/\/www.tstcables.com\/es\/#organization","name":"TST Cable supplier & Manufacture","url":"https:\/\/www.tstcables.com\/es\/","logo":{"@type":"ImageObject","inLanguage":"es","@id":"https:\/\/www.tstcables.com\/es\/#\/schema\/logo\/image\/","url":"https:\/\/www.tstcables.com\/wp-content\/uploads\/2024\/04\/cropped-\u753b\u677f-1-\u62f7\u8d1d-4-1.png","contentUrl":"https:\/\/www.tstcables.com\/wp-content\/uploads\/2024\/04\/cropped-\u753b\u677f-1-\u62f7\u8d1d-4-1.png","width":300,"height":100,"caption":"TST Cable supplier & Manufacture"},"image":{"@id":"https:\/\/www.tstcables.com\/es\/#\/schema\/logo\/image\/"}}]}},"_links":{"self":[{"href":"https:\/\/www.tstcables.com\/es\/wp-json\/wp\/v2\/product\/17658","targetHints":{"allow":["GET"]}}],"collection":[{"href":"https:\/\/www.tstcables.com\/es\/wp-json\/wp\/v2\/product"}],"about":[{"href":"https:\/\/www.tstcables.com\/es\/wp-json\/wp\/v2\/types\/product"}],"version-history":[{"count":0,"href":"https:\/\/www.tstcables.com\/es\/wp-json\/wp\/v2\/product\/17658\/revisions"}],"wp:featuredmedia":[{"embeddable":true,"href":"https:\/\/www.tstcables.com\/es\/wp-json\/wp\/v2\/media\/11326"}],"wp:attachment":[{"href":"https:\/\/www.tstcables.com\/es\/wp-json\/wp\/v2\/media?parent=17658"}],"wp:term":[{"taxonomy":"product_brand","embeddable":true,"href":"https:\/\/www.tstcables.com\/es\/wp-json\/wp\/v2\/product_brand?post=17658"},{"taxonomy":"product_cat","embeddable":true,"href":"https:\/\/www.tstcables.com\/es\/wp-json\/wp\/v2\/product_cat?post=17658"},{"taxonomy":"product_tag","embeddable":true,"href":"https:\/\/www.tstcables.com\/es\/wp-json\/wp\/v2\/product_tag?post=17658"}],"curies":[{"name":"wp","href":"https:\/\/api.w.org\/{rel}","templated":true}]}}