{"id":17687,"date":"2024-03-23T17:40:05","date_gmt":"2024-03-23T09:40:05","guid":{"rendered":"https:\/\/www.tstcables.com\/product\/cable-del-sensor-fotoelectrico-de-velocidad\/"},"modified":"2024-03-23T17:40:05","modified_gmt":"2024-03-23T09:40:05","slug":"cable-del-sensor-fotoelectrico-de-velocidad","status":"publish","type":"product","link":"https:\/\/www.tstcables.com\/es\/producto\/cable-del-sensor-fotoelectrico-de-velocidad\/","title":{"rendered":"Cable del sensor fotoel\u00e9ctrico de velocidad"},"content":{"rendered":"<p>Aplicaci\u00f3n\uff1a<\/p>\n<p>Los cables sensores para veh\u00edculos ferroviarios se utilizan principalmente para la transmisi\u00f3n de se\u00f1ales y datos del sensor de velocidad.<\/p>\n<p>Caracter\u00edstica\uff1a<\/p>\n<ul>\n<li>Resistencia a la temperatura: -40\u00b0C a 125\u00b0C<\/li>\n<li>Tensi\u00f3n nominal: 750V (Tensi\u00f3n de prueba: 4000V\/5min)<\/li>\n<li>Resistencia al fuego: Cumple la norma EN45545-2 R15\/R16 HL3<\/li>\n<li>Resistencia del aislamiento: 12Mpa&gt;<\/li>\n<li>Resistencia de la vaina: 10Mpa&gt;<\/li>\n<li>Radio de curvatura del cable: 6 veces el di\u00e1metro exterior (6D)<\/li>\n<li>Color: Negro<\/li>\n<\/ul>\n<p>Norma del sector:<\/p>\n<ul>\n<li>EN45545-2<\/li>\n<\/ul>\n<p>Estructura\uff1a<\/p>\n<ul>\n<li>Conductor: Conductor de cobre plateado, estructura de 5 \u00f3 6 clases.<\/li>\n<li>Aislamiento: Poliolefina reticulada irradiada.<\/li>\n<li>Blindaje: Trenza de cobre esta\u00f1ado.<\/li>\n<li>Cubierta: Poliolefina reticulada irradiada o elast\u00f3mero de caucho.<\/li>\n<\/ul>\n<p>Par\u00e1metro de selecci\u00f3n<\/p>\n<style type=\"text\/css\">\n.tg  {border-collapse:collapse;border-color:#ccc;border-spacing:0;}<br \/>.tg td{background-color:#fff;border-color:#ccc;border-style:solid;border-width:1px;color:#333;<br \/>  font-family:Arial, sans-serif;font-size:14px;overflow:hidden;padding:10px 5px;word-break:normal;}<br \/>.tg th{background-color:#f0f0f0;border-color:#ccc;border-style:solid;border-width:1px;color:#333;<br \/>  font-family:Arial, sans-serif;font-size:14px;font-weight:normal;overflow:hidden;padding:10px 5px;word-break:normal;}<br \/>.tg .tg-0pky{border-color:inherit;text-align:left;vertical-align:top}<br \/>.tg .tg-0lax{text-align:left;vertical-align:top}<br \/><\/style>\n<table class=\"tg\">\n<thead>\n<tr>\n<th class=\"tg-0pky\" rowspan=\"2\"><span style=\"color: #000;\">N\u00famero de n\u00facleos * secci\u00f3n transversal nominal\/mm<\/span><\/th>\n<th class=\"tg-0pky\" rowspan=\"2\"><span style=\"color: #000;\">Espesor del aislamiento\/mm<\/span><\/th>\n<th class=\"tg-0pky\"><span style=\"color: #000;\">Di\u00e1metro exterior del aislamiento\/ mm<\/span><\/th>\n<th class=\"tg-0pky\" colspan=\"2\"><span style=\"color: #000;\">Grosor de la vaina\/mm<\/span><\/th>\n<th class=\"tg-0pky\" colspan=\"2\"><span style=\"color: #000;\">Peso medio KG\/Km<\/span><\/th>\n<\/tr>\n<tr>\n<th class=\"tg-0pky\"><span style=\"color: #000;\">1.3\u00b10.1<\/span><\/th>\n<th class=\"tg-0pky\"><span style=\"color: #000;\">0.8<\/span><\/th>\n<th class=\"tg-0pky\"><span style=\"color: #000;\">6.8\u00b10.3<\/span><\/th>\n<th class=\"tg-0pky\"><span style=\"color: #000;\">61.9<\/span><\/th>\n<th class=\"tg-0pky\"><span style=\"color: #000;\">633<\/span><\/th>\n<\/tr>\n<\/thead>\n<tbody>\n<tr>\n<td class=\"tg-0pky\"><span style=\"color: #000;\">9&#215;0.35<\/span><\/td>\n<td class=\"tg-0pky\"><span style=\"color: #000;\">0.30\u00b10.05<\/span><\/td>\n<td class=\"tg-0pky\"><span style=\"color: #000;\">1.3\u00b10.1<\/span><\/td>\n<td class=\"tg-0pky\"><span style=\"color: #000;\">0.8<\/span><\/td>\n<td class=\"tg-0pky\"><span style=\"color: #000;\">7.3\u00b10.3<\/span><\/td>\n<td class=\"tg-0pky\"><span style=\"color: #000;\">82.4<\/span><\/td>\n<td class=\"tg-0pky\"><span style=\"color: #000;\">721<\/span><\/td>\n<\/tr>\n<tr>\n<td class=\"tg-0pky\"><span style=\"color: #000;\">12&#215;0.35<\/span><\/td>\n<td class=\"tg-0pky\"><span style=\"color: #000;\">0.30\u00b10.05<\/span><\/td>\n<td class=\"tg-0pky\"><span style=\"color: #000;\">1.3\u00b10.1<\/span><\/td>\n<td class=\"tg-0pky\"><span style=\"color: #000;\">0.8<\/span><\/td>\n<td class=\"tg-0pky\"><span style=\"color: #000;\">9.6\u00b10.3<\/span><\/td>\n<td class=\"tg-0pky\"><span style=\"color: #000;\">108.6<\/span><\/td>\n<td class=\"tg-0pky\"><span style=\"color: #000;\">837<\/span><\/td>\n<\/tr>\n<tr>\n<td class=\"tg-0pky\"><span style=\"color: #000;\">18&#215;0.35<\/span><\/td>\n<td class=\"tg-0pky\"><span style=\"color: #000;\">0.30\u00b10.05<\/span><\/td>\n<td class=\"tg-0pky\"><span style=\"color: #000;\">1.3\u00b10.1<\/span><\/td>\n<td class=\"tg-0pky\"><span style=\"color: #000;\">0.8<\/span><\/td>\n<td class=\"tg-0pky\"><span style=\"color: #000;\">10.4\u00b10.3<\/span><\/td>\n<td class=\"tg-0pky\"><span style=\"color: #000;\">126.3<\/span><\/td>\n<td class=\"tg-0pky\"><span style=\"color: #000;\">1013<\/span><\/td>\n<\/tr>\n<tr>\n<td class=\"tg-0pky\"><span style=\"color: #000;\">6&#215;0.50<\/span><\/td>\n<td class=\"tg-0pky\"><span style=\"color: #000;\">0.30\u00b10.05<\/span><\/td>\n<td class=\"tg-0pky\"><span style=\"color: #000;\">1.5\u00b10.1<\/span><\/td>\n<td class=\"tg-0pky\"><span style=\"color: #000;\">4.5<\/span><\/td>\n<td class=\"tg-0pky\"><span style=\"color: #000;\">14.0\u00b10.3<\/span><\/td>\n<td class=\"tg-0pky\"><span style=\"color: #000;\">192.1<\/span><\/td>\n<td class=\"tg-0pky\"><span style=\"color: #000;\">1692<\/span><\/td>\n<\/tr>\n<tr>\n<td class=\"tg-0pky\"><span style=\"color: #000;\">9&#215;0.50<\/span><\/td>\n<td class=\"tg-0pky\"><span style=\"color: #000;\">0.30\u00b10.05<\/span><\/td>\n<td class=\"tg-0pky\"><span style=\"color: #000;\">1.5\u00b10.1<\/span><\/td>\n<td class=\"tg-0pky\"><span style=\"color: #000;\">4<\/span><\/td>\n<td class=\"tg-0pky\"><span style=\"color: #000;\">14.0\u00b10.3<\/span><\/td>\n<td class=\"tg-0pky\"><span style=\"color: #000;\">206.9<\/span><\/td>\n<td class=\"tg-0pky\"><span style=\"color: #000;\">1863<\/span><\/td>\n<\/tr>\n<tr>\n<td class=\"tg-0pky\"><span style=\"color: #000;\">12&#215;0.50<\/span><\/td>\n<td class=\"tg-0pky\"><span style=\"color: #000;\">0.30\u00b10.05<\/span><\/td>\n<td class=\"tg-0pky\"><span style=\"color: #000;\">1.5\u00b10.1<\/span><\/td>\n<td class=\"tg-0pky\"><span style=\"color: #000;\">3.6<\/span><\/td>\n<td class=\"tg-0pky\"><span style=\"color: #000;\">14.0\u00b10.3<\/span><\/td>\n<td class=\"tg-0pky\"><span style=\"color: #000;\">218.6<\/span><\/td>\n<td class=\"tg-0pky\"><span style=\"color: #000;\">1981<\/span><\/td>\n<\/tr>\n<tr>\n<td class=\"tg-0lax\"><span style=\"color: #000;\">18&#215;0.50<\/span><\/td>\n<td class=\"tg-0lax\"><span style=\"color: #000;\">0.30\u00b10.05<\/span><\/td>\n<td class=\"tg-0lax\"><span style=\"color: #000;\">1.5\u00b10.1<\/span><\/td>\n<td class=\"tg-0lax\"><span style=\"color: #000;\">3<\/span><\/td>\n<td class=\"tg-0lax\"><span style=\"color: #000;\">14.0\u00b10.3<\/span><\/td>\n<td class=\"tg-0lax\"><span style=\"color: #000;\">247.2<\/span><\/td>\n<td class=\"tg-0lax\"><span style=\"color: #000;\">2095<\/span><\/td>\n<\/tr>\n<tr>\n<td class=\"tg-0lax\"><span style=\"color: #000;\">20&#215;0.50<\/span><\/td>\n<td class=\"tg-0lax\"><span style=\"color: #000;\">0.20\u00b10.05<\/span><\/td>\n<td class=\"tg-0lax\"><span style=\"color: #000;\">1.3\u00b10.1<\/span><\/td>\n<td class=\"tg-0lax\"><span style=\"color: #000;\">2.9<\/span><\/td>\n<td class=\"tg-0lax\"><span style=\"color: #000;\">12.8\u00b10.3<\/span><\/td>\n<td class=\"tg-0lax\"><span style=\"color: #000;\">286.3<\/span><\/td>\n<td class=\"tg-0lax\"><span style=\"color: #000;\">2243<\/span><\/td>\n<\/tr>\n<tr>\n<td class=\"tg-0lax\"><span style=\"color: #000;\">20&#215;0.50<\/span><\/td>\n<td class=\"tg-0lax\"><span style=\"color: #000;\">0.25\u00b10.05<\/span><\/td>\n<td class=\"tg-0lax\"><span style=\"color: #000;\">1.4\u00b10.1<\/span><\/td>\n<td class=\"tg-0lax\"><span style=\"color: #000;\">3.9<\/span><\/td>\n<td class=\"tg-0lax\"><span style=\"color: #000;\">14.0\u00b10.3<\/span><\/td>\n<td class=\"tg-0lax\"><span style=\"color: #000;\">294.8<\/span><\/td>\n<td class=\"tg-0lax\"><span style=\"color: #000;\">2469<\/span><\/td>\n<\/tr>\n<\/tbody>\n<\/table>\n","protected":false},"excerpt":{"rendered":"<p>Los cables de los sensores fotoel\u00e9ctricos de velocidad est\u00e1n fabricados con materiales flexibles que proporcionan una excelente resistencia a la tracci\u00f3n y a la torsi\u00f3n. Son resistentes al aceite, la abrasi\u00f3n, la fatiga y los \u00e1cidos y \u00e1lcalis, lo que les permite mantener un buen rendimiento en entornos de trabajo complejos. Esto garantiza la fiabilidad y estabilidad de las conexiones, evitando eficazmente interrupciones de la se\u00f1al y problemas de transmisi\u00f3n. Los cables sensores desempe\u00f1an un papel crucial en el mantenimiento de una transmisi\u00f3n ininterrumpida y precisa de los datos de los sensores en las aplicaciones de veh\u00edculos ferroviarios.<\/p>\n","protected":false},"featured_media":12942,"template":"","meta":{"_eb_attr":"","site-sidebar-layout":"default","site-content-layout":"","ast-site-content-layout":"default","site-content-style":"default","site-sidebar-style":"default","ast-global-header-display":"","ast-banner-title-visibility":"","ast-main-header-display":"","ast-hfb-above-header-display":"","ast-hfb-below-header-display":"","ast-hfb-mobile-header-display":"","site-post-title":"","ast-breadcrumbs-content":"","ast-featured-img":"","footer-sml-layout":"","theme-transparent-header-meta":"default","adv-header-id-meta":"","stick-header-meta":"","header-above-stick-meta":"","header-main-stick-meta":"","header-below-stick-meta":"","astra-migrate-meta-layouts":"default","ast-page-background-enabled":"default","ast-page-background-meta":{"desktop":{"background-color":"","background-image":"","background-repeat":"repeat","background-position":"center center","background-size":"auto","background-attachment":"scroll","background-type":"","background-media":"","overlay-type":"","overlay-color":"","overlay-opacity":"","overlay-gradient":""},"tablet":{"background-color":"","background-image":"","background-repeat":"repeat","background-position":"center center","background-size":"auto","background-attachment":"scroll","background-type":"","background-media":"","overlay-type":"","overlay-color":"","overlay-opacity":"","overlay-gradient":""},"mobile":{"background-color":"","background-image":"","background-repeat":"repeat","background-position":"center center","background-size":"auto","background-attachment":"scroll","background-type":"","background-media":"","overlay-type":"","overlay-color":"","overlay-opacity":"","overlay-gradient":""}},"ast-content-background-meta":{"desktop":{"background-color":"var(--ast-global-color-5)","background-image":"","background-repeat":"repeat","background-position":"center center","background-size":"auto","background-attachment":"scroll","background-type":"","background-media":"","overlay-type":"","overlay-color":"","overlay-opacity":"","overlay-gradient":""},"tablet":{"background-color":"var(--ast-global-color-5)","background-image":"","background-repeat":"repeat","background-position":"center center","background-size":"auto","background-attachment":"scroll","background-type":"","background-media":"","overlay-type":"","overlay-color":"","overlay-opacity":"","overlay-gradient":""},"mobile":{"background-color":"var(--ast-global-color-5)","background-image":"","background-repeat":"repeat","background-position":"center center","background-size":"auto","background-attachment":"scroll","background-type":"","background-media":"","overlay-type":"","overlay-color":"","overlay-opacity":"","overlay-gradient":""}}},"product_brand":[],"product_cat":[599,590,623,622,601,610,603,602,598,600,597],"product_tag":[1209,1240],"class_list":{"0":"post-17687","1":"product","2":"type-product","3":"status-publish","4":"has-post-thumbnail","6":"product_cat-aviacion","7":"product_cat-lsoh-cable-es","8":"product_cat-en50264-es","9":"product_cat-en50306-es","10":"product_cat-en50382-es","11":"product_cat-energia-eolica","12":"product_cat-norma-en","13":"product_cat-norma-ice","14":"product_cat-petroleo-gas","15":"product_cat-marina","16":"product_cat-via-ferrea","17":"product_tag-cable-del-sensor-de-velocidad","18":"product_tag-cable-del-sensor-fotoelectrico-de-velocidad","19":"desktop-align-center","20":"tablet-align-left","21":"mobile-align-left","23":"first","24":"instock","25":"shipping-taxable","26":"product-type-simple"},"yoast_head":"<!-- This site is optimized with the Yoast SEO plugin v27.6 - https:\/\/yoast.com\/product\/yoast-seo-wordpress\/ -->\n<title>Cable del sensor fotoel\u00e9ctrico de velocidad<\/title>\n<meta name=\"description\" content=\"Los cables de los sensores fotoel\u00e9ctricos de velocidad est\u00e1n fabricados con materiales flexibles que proporcionan una excelente resistencia a la tracci\u00f3n y a la torsi\u00f3n.\" \/>\n<meta name=\"robots\" content=\"index, follow, max-snippet:-1, max-image-preview:large, max-video-preview:-1\" \/>\n<link rel=\"canonical\" href=\"https:\/\/www.tstcables.com\/es\/producto\/cable-del-sensor-fotoelectrico-de-velocidad\/\" \/>\n<meta property=\"og:locale\" content=\"es_ES\" \/>\n<meta property=\"og:type\" content=\"article\" \/>\n<meta property=\"og:title\" content=\"Cable del sensor fotoel\u00e9ctrico de velocidad\" \/>\n<meta property=\"og:description\" content=\"Los cables de los sensores fotoel\u00e9ctricos de velocidad est\u00e1n fabricados con materiales flexibles que proporcionan una excelente resistencia a la tracci\u00f3n y a la torsi\u00f3n.\" \/>\n<meta property=\"og:url\" content=\"https:\/\/www.tstcables.com\/es\/producto\/cable-del-sensor-fotoelectrico-de-velocidad\/\" \/>\n<meta property=\"og:site_name\" content=\"TST CABLES supplier &amp; Manufacture\" \/>\n<meta property=\"og:image\" content=\"https:\/\/www.tstcables.com\/wp-content\/uploads\/2024\/03\/2-15.jpg\" \/>\n\t<meta property=\"og:image:width\" content=\"640\" \/>\n\t<meta property=\"og:image:height\" content=\"640\" \/>\n\t<meta property=\"og:image:type\" content=\"image\/jpeg\" \/>\n<meta name=\"twitter:card\" content=\"summary_large_image\" \/>\n<meta name=\"twitter:label1\" content=\"Tiempo de lectura\" \/>\n\t<meta name=\"twitter:data1\" content=\"1 minuto\" \/>\n<script type=\"application\/ld+json\" class=\"yoast-schema-graph\">{\"@context\":\"https:\\\/\\\/schema.org\",\"@graph\":[{\"@type\":\"WebPage\",\"@id\":\"https:\\\/\\\/www.tstcables.com\\\/es\\\/producto\\\/cable-del-sensor-fotoelectrico-de-velocidad\\\/\",\"url\":\"https:\\\/\\\/www.tstcables.com\\\/es\\\/producto\\\/cable-del-sensor-fotoelectrico-de-velocidad\\\/\",\"name\":\"Cable del sensor fotoel\u00e9ctrico de velocidad\",\"isPartOf\":{\"@id\":\"https:\\\/\\\/www.tstcables.com\\\/es\\\/#website\"},\"primaryImageOfPage\":{\"@id\":\"https:\\\/\\\/www.tstcables.com\\\/es\\\/producto\\\/cable-del-sensor-fotoelectrico-de-velocidad\\\/#primaryimage\"},\"image\":{\"@id\":\"https:\\\/\\\/www.tstcables.com\\\/es\\\/producto\\\/cable-del-sensor-fotoelectrico-de-velocidad\\\/#primaryimage\"},\"thumbnailUrl\":\"https:\\\/\\\/www.tstcables.com\\\/wp-content\\\/uploads\\\/2024\\\/03\\\/2-15.jpg\",\"datePublished\":\"2024-03-23T09:40:05+00:00\",\"description\":\"Los cables de los sensores fotoel\u00e9ctricos de velocidad est\u00e1n fabricados con materiales flexibles que proporcionan una excelente resistencia a la tracci\u00f3n y a la torsi\u00f3n.\",\"breadcrumb\":{\"@id\":\"https:\\\/\\\/www.tstcables.com\\\/es\\\/producto\\\/cable-del-sensor-fotoelectrico-de-velocidad\\\/#breadcrumb\"},\"inLanguage\":\"es\",\"potentialAction\":[{\"@type\":\"ReadAction\",\"target\":[\"https:\\\/\\\/www.tstcables.com\\\/es\\\/producto\\\/cable-del-sensor-fotoelectrico-de-velocidad\\\/\"]}]},{\"@type\":\"ImageObject\",\"inLanguage\":\"es\",\"@id\":\"https:\\\/\\\/www.tstcables.com\\\/es\\\/producto\\\/cable-del-sensor-fotoelectrico-de-velocidad\\\/#primaryimage\",\"url\":\"https:\\\/\\\/www.tstcables.com\\\/wp-content\\\/uploads\\\/2024\\\/03\\\/2-15.jpg\",\"contentUrl\":\"https:\\\/\\\/www.tstcables.com\\\/wp-content\\\/uploads\\\/2024\\\/03\\\/2-15.jpg\",\"width\":640,\"height\":640,\"caption\":\"Photoelectric speed sensor cable\"},{\"@type\":\"BreadcrumbList\",\"@id\":\"https:\\\/\\\/www.tstcables.com\\\/es\\\/producto\\\/cable-del-sensor-fotoelectrico-de-velocidad\\\/#breadcrumb\",\"itemListElement\":[{\"@type\":\"ListItem\",\"position\":1,\"name\":\"\u9996\u9875\",\"item\":\"https:\\\/\\\/www.tstcables.com\\\/es\\\/\"},{\"@type\":\"ListItem\",\"position\":2,\"name\":\"Product\",\"item\":\"https:\\\/\\\/www.tstcables.com\\\/product\\\/\"},{\"@type\":\"ListItem\",\"position\":3,\"name\":\"Cable del sensor fotoel\u00e9ctrico de velocidad\"}]},{\"@type\":\"WebSite\",\"@id\":\"https:\\\/\\\/www.tstcables.com\\\/es\\\/#website\",\"url\":\"https:\\\/\\\/www.tstcables.com\\\/es\\\/\",\"name\":\"TST Cable supplier & Manufacture\",\"description\":\"TST CABLES  supplier &amp; Manufacture official website\",\"publisher\":{\"@id\":\"https:\\\/\\\/www.tstcables.com\\\/es\\\/#organization\"},\"potentialAction\":[{\"@type\":\"SearchAction\",\"target\":{\"@type\":\"EntryPoint\",\"urlTemplate\":\"https:\\\/\\\/www.tstcables.com\\\/es\\\/?s={search_term_string}\"},\"query-input\":{\"@type\":\"PropertyValueSpecification\",\"valueRequired\":true,\"valueName\":\"search_term_string\"}}],\"inLanguage\":\"es\"},{\"@type\":\"Organization\",\"@id\":\"https:\\\/\\\/www.tstcables.com\\\/es\\\/#organization\",\"name\":\"TST Cable supplier & Manufacture\",\"url\":\"https:\\\/\\\/www.tstcables.com\\\/es\\\/\",\"logo\":{\"@type\":\"ImageObject\",\"inLanguage\":\"es\",\"@id\":\"https:\\\/\\\/www.tstcables.com\\\/es\\\/#\\\/schema\\\/logo\\\/image\\\/\",\"url\":\"https:\\\/\\\/www.tstcables.com\\\/wp-content\\\/uploads\\\/2024\\\/04\\\/cropped-\u753b\u677f-1-\u62f7\u8d1d-4-1.png\",\"contentUrl\":\"https:\\\/\\\/www.tstcables.com\\\/wp-content\\\/uploads\\\/2024\\\/04\\\/cropped-\u753b\u677f-1-\u62f7\u8d1d-4-1.png\",\"width\":300,\"height\":100,\"caption\":\"TST Cable supplier & Manufacture\"},\"image\":{\"@id\":\"https:\\\/\\\/www.tstcables.com\\\/es\\\/#\\\/schema\\\/logo\\\/image\\\/\"}}]}<\/script>\n<!-- \/ Yoast SEO plugin. -->","yoast_head_json":{"title":"Cable del sensor fotoel\u00e9ctrico de velocidad","description":"Los cables de los sensores fotoel\u00e9ctricos de velocidad est\u00e1n fabricados con materiales flexibles que proporcionan una excelente resistencia a la tracci\u00f3n y a la torsi\u00f3n.","robots":{"index":"index","follow":"follow","max-snippet":"max-snippet:-1","max-image-preview":"max-image-preview:large","max-video-preview":"max-video-preview:-1"},"canonical":"https:\/\/www.tstcables.com\/es\/producto\/cable-del-sensor-fotoelectrico-de-velocidad\/","og_locale":"es_ES","og_type":"article","og_title":"Cable del sensor fotoel\u00e9ctrico de velocidad","og_description":"Los cables de los sensores fotoel\u00e9ctricos de velocidad est\u00e1n fabricados con materiales flexibles que proporcionan una excelente resistencia a la tracci\u00f3n y a la torsi\u00f3n.","og_url":"https:\/\/www.tstcables.com\/es\/producto\/cable-del-sensor-fotoelectrico-de-velocidad\/","og_site_name":"TST CABLES supplier &amp; Manufacture","og_image":[{"width":640,"height":640,"url":"https:\/\/www.tstcables.com\/wp-content\/uploads\/2024\/03\/2-15.jpg","type":"image\/jpeg"}],"twitter_card":"summary_large_image","twitter_misc":{"Tiempo de lectura":"1 minuto"},"schema":{"@context":"https:\/\/schema.org","@graph":[{"@type":"WebPage","@id":"https:\/\/www.tstcables.com\/es\/producto\/cable-del-sensor-fotoelectrico-de-velocidad\/","url":"https:\/\/www.tstcables.com\/es\/producto\/cable-del-sensor-fotoelectrico-de-velocidad\/","name":"Cable del sensor fotoel\u00e9ctrico de velocidad","isPartOf":{"@id":"https:\/\/www.tstcables.com\/es\/#website"},"primaryImageOfPage":{"@id":"https:\/\/www.tstcables.com\/es\/producto\/cable-del-sensor-fotoelectrico-de-velocidad\/#primaryimage"},"image":{"@id":"https:\/\/www.tstcables.com\/es\/producto\/cable-del-sensor-fotoelectrico-de-velocidad\/#primaryimage"},"thumbnailUrl":"https:\/\/www.tstcables.com\/wp-content\/uploads\/2024\/03\/2-15.jpg","datePublished":"2024-03-23T09:40:05+00:00","description":"Los cables de los sensores fotoel\u00e9ctricos de velocidad est\u00e1n fabricados con materiales flexibles que proporcionan una excelente resistencia a la tracci\u00f3n y a la torsi\u00f3n.","breadcrumb":{"@id":"https:\/\/www.tstcables.com\/es\/producto\/cable-del-sensor-fotoelectrico-de-velocidad\/#breadcrumb"},"inLanguage":"es","potentialAction":[{"@type":"ReadAction","target":["https:\/\/www.tstcables.com\/es\/producto\/cable-del-sensor-fotoelectrico-de-velocidad\/"]}]},{"@type":"ImageObject","inLanguage":"es","@id":"https:\/\/www.tstcables.com\/es\/producto\/cable-del-sensor-fotoelectrico-de-velocidad\/#primaryimage","url":"https:\/\/www.tstcables.com\/wp-content\/uploads\/2024\/03\/2-15.jpg","contentUrl":"https:\/\/www.tstcables.com\/wp-content\/uploads\/2024\/03\/2-15.jpg","width":640,"height":640,"caption":"Photoelectric speed sensor cable"},{"@type":"BreadcrumbList","@id":"https:\/\/www.tstcables.com\/es\/producto\/cable-del-sensor-fotoelectrico-de-velocidad\/#breadcrumb","itemListElement":[{"@type":"ListItem","position":1,"name":"\u9996\u9875","item":"https:\/\/www.tstcables.com\/es\/"},{"@type":"ListItem","position":2,"name":"Product","item":"https:\/\/www.tstcables.com\/product\/"},{"@type":"ListItem","position":3,"name":"Cable del sensor fotoel\u00e9ctrico de velocidad"}]},{"@type":"WebSite","@id":"https:\/\/www.tstcables.com\/es\/#website","url":"https:\/\/www.tstcables.com\/es\/","name":"TST Cable supplier & Manufacture","description":"TST CABLES  supplier &amp; Manufacture official website","publisher":{"@id":"https:\/\/www.tstcables.com\/es\/#organization"},"potentialAction":[{"@type":"SearchAction","target":{"@type":"EntryPoint","urlTemplate":"https:\/\/www.tstcables.com\/es\/?s={search_term_string}"},"query-input":{"@type":"PropertyValueSpecification","valueRequired":true,"valueName":"search_term_string"}}],"inLanguage":"es"},{"@type":"Organization","@id":"https:\/\/www.tstcables.com\/es\/#organization","name":"TST Cable supplier & Manufacture","url":"https:\/\/www.tstcables.com\/es\/","logo":{"@type":"ImageObject","inLanguage":"es","@id":"https:\/\/www.tstcables.com\/es\/#\/schema\/logo\/image\/","url":"https:\/\/www.tstcables.com\/wp-content\/uploads\/2024\/04\/cropped-\u753b\u677f-1-\u62f7\u8d1d-4-1.png","contentUrl":"https:\/\/www.tstcables.com\/wp-content\/uploads\/2024\/04\/cropped-\u753b\u677f-1-\u62f7\u8d1d-4-1.png","width":300,"height":100,"caption":"TST Cable supplier & Manufacture"},"image":{"@id":"https:\/\/www.tstcables.com\/es\/#\/schema\/logo\/image\/"}}]}},"_links":{"self":[{"href":"https:\/\/www.tstcables.com\/es\/wp-json\/wp\/v2\/product\/17687","targetHints":{"allow":["GET"]}}],"collection":[{"href":"https:\/\/www.tstcables.com\/es\/wp-json\/wp\/v2\/product"}],"about":[{"href":"https:\/\/www.tstcables.com\/es\/wp-json\/wp\/v2\/types\/product"}],"version-history":[{"count":0,"href":"https:\/\/www.tstcables.com\/es\/wp-json\/wp\/v2\/product\/17687\/revisions"}],"wp:featuredmedia":[{"embeddable":true,"href":"https:\/\/www.tstcables.com\/es\/wp-json\/wp\/v2\/media\/12942"}],"wp:attachment":[{"href":"https:\/\/www.tstcables.com\/es\/wp-json\/wp\/v2\/media?parent=17687"}],"wp:term":[{"taxonomy":"product_brand","embeddable":true,"href":"https:\/\/www.tstcables.com\/es\/wp-json\/wp\/v2\/product_brand?post=17687"},{"taxonomy":"product_cat","embeddable":true,"href":"https:\/\/www.tstcables.com\/es\/wp-json\/wp\/v2\/product_cat?post=17687"},{"taxonomy":"product_tag","embeddable":true,"href":"https:\/\/www.tstcables.com\/es\/wp-json\/wp\/v2\/product_tag?post=17687"}],"curies":[{"name":"wp","href":"https:\/\/api.w.org\/{rel}","templated":true}]}}