{"id":17692,"date":"2024-03-23T17:13:18","date_gmt":"2024-03-23T09:13:18","guid":{"rendered":"https:\/\/www.tstcables.com\/product\/en50264-600v-alambre-y-cable-ferroviarios-ignifugos-de-alta-temperatura-y-resistentes-al-calor\/"},"modified":"2024-03-23T17:13:18","modified_gmt":"2024-03-23T09:13:18","slug":"en50264-600v-alambre-y-cable-ferroviarios-ignifugos-de-alta-temperatura-y-resistentes-al-calor","status":"publish","type":"product","link":"https:\/\/www.tstcables.com\/es\/producto\/en50264-600v-alambre-y-cable-ferroviarios-ignifugos-de-alta-temperatura-y-resistentes-al-calor\/","title":{"rendered":"EN50264 600V Alambre y cable ferroviarios ign\u00edfugos de alta temperatura y resistentes al calor"},"content":{"rendered":"<p>Aplicaci\u00f3n\uff1a<\/p>\n<p>Los cables e hilos ferroviarios TST-Z-FR 600 V, resistentes al fuego y a altas temperaturas, son adecuados para su uso en vagones de pasajeros, EMU (Unidades El\u00e9ctricas M\u00faltiples), trenes de alta velocidad, as\u00ed como en armarios de distribuci\u00f3n interna y sistemas de alimentaci\u00f3n de veh\u00edculos de metro y locomotoras. Se utilizan principalmente en sistemas de cable de metro, puertas mosquiteras de andenes, puertas blindadas, sistemas de protecci\u00f3n contra incendios, PIS (sistemas de informaci\u00f3n al pasajero), CCTV (sistemas de monitoreo de televisi\u00f3n de circuito cerrado) y otras aplicaciones.<\/p>\n<p>Caracter\u00edstica\uff1a<\/p>\n<ul>\n<li>Resistencia a la temperatura: -40-90 \u2103<\/li>\n<li>Nivel de voltaje soportado: 600 V (voltaje de prueba 3500 V\/5 min)<\/li>\n<li>Cobre esta\u00f1ado de alta precisi\u00f3n, buena conductividad y larga vida \u00fatil.<\/li>\n<\/ul>\n<p>Norma del sector:<\/p>\n<ul>\n<li style=\"list-style-type: none;\">\n<ul>\n<li>Cumplir con los requisitos de cables para locomotoras y veh\u00edculos de pasajeros TB\/T1484.1-2017 y TJ\/CL254-2013.<\/li>\n<\/ul>\n<\/li>\n<\/ul>\n<ul>\n<li>Supera los requisitos EN45545, HL1, HL2 y HL3 dentro y fuera del veh\u00edculo.<\/li>\n<li>Cumple con los requisitos de BS6853:1999 para locomotoras de categor\u00eda IA, IB, etc. en cuanto a cables dentro y fuera del veh\u00edculo.<\/li>\n<li>Ha superado las pruebas de fuego, humo y toxicidad BS6853:1999 y DIN5510-2:2009.<\/li>\n<li>Comply with the requirements of flammability class S1~S5 in DIN5510-2:2009.<\/li>\n<li>Certificaci\u00f3n CRCC de productos ferroviarios de China aprobada.<\/li>\n<\/ul>\n<p>Estructura\uff1a<\/p>\n<ul>\n<li>Conductor: Conductor de cobre plateado Estructura categor\u00eda 5<\/li>\n<li>Aislamiento: poliolefina reticulada por irradiaci\u00f3n.<\/li>\n<li>Envoltura: cinta de mica<\/li>\n<li>Aislamiento: poliolefina reticulada por irradiaci\u00f3n.<\/li>\n<li>Vaina<\/li>\n<\/ul>\n<p>Par\u00e1metro de selecci\u00f3n<\/p>\n<table class=\"tg\">\n<thead>\n<tr>\n<th class=\"tg-0pky\" rowspan=\"2\">N\u00famero de n\u00facleos x secci\u00f3n transversal nominal<\/th>\n<th class=\"tg-0pky\" rowspan=\"2\">Di\u00e1metro del conductor \uff08d\uff09<\/th>\n<th class=\"tg-0pky\">Espesor medio del aislamiento<\/th>\n<th class=\"tg-0pky\" colspan=\"2\">Di\u00e1metro exterior \uff08D\uff09<\/th>\n<th class=\"tg-0pky\" colspan=\"2\">20\u2103 conductor resistance<\/th>\n<th class=\"tg-0pky\" rowspan=\"2\">Valor calor\u00edfico de combusti\u00f3n<\/th>\n<\/tr>\n<tr>\n<th class=\"tg-0pky\"><span style=\"color: #000;\">M\u00edn.mm<\/span><\/th>\n<th class=\"tg-0pky\"><span style=\"color: #000;\">M\u00edn. mm<\/span><\/th>\n<th class=\"tg-0pky\"><span style=\"color: #000;\">Max. mm<\/span><\/th>\n<th class=\"tg-0pky\"><span style=\"color: #000;\">Max.\u03a9\/km<\/span><\/th>\n<th class=\"tg-0pky\"><span style=\"color: #000;\">kg\/km<\/span><\/th>\n<\/tr>\n<\/thead>\n<tbody>\n<tr>\n<td class=\"tg-0pky\"><span style=\"color: #000;\">2&#215;0.75<\/span><\/td>\n<td class=\"tg-0pky\"><span style=\"color: #000;\">1.1<\/span><\/td>\n<td class=\"tg-0pky\"><span style=\"color: #000;\">0.4<\/span><\/td>\n<td class=\"tg-0pky\"><span style=\"color: #000;\">6.5<\/span><\/td>\n<td class=\"tg-0pky\"><span style=\"color: #000;\">7.5<\/span><\/td>\n<td class=\"tg-0pky\"><span style=\"color: #000;\">26.7<\/span><\/td>\n<td class=\"tg-0pky\"><span style=\"color: #000;\">81<\/span><\/td>\n<td class=\"tg-0pky\"><span style=\"color: #000;\">766<\/span><\/td>\n<\/tr>\n<tr>\n<td class=\"tg-0pky\"><span style=\"color: #000;\">4&#215;0.75<\/span><\/td>\n<td class=\"tg-0pky\"><span style=\"color: #000;\">1.1<\/span><\/td>\n<td class=\"tg-0pky\"><span style=\"color: #000;\">0.4<\/span><\/td>\n<td class=\"tg-0pky\"><span style=\"color: #000;\">7.2<\/span><\/td>\n<td class=\"tg-0pky\"><span style=\"color: #000;\">8.3<\/span><\/td>\n<td class=\"tg-0pky\"><span style=\"color: #000;\">26.7<\/span><\/td>\n<td class=\"tg-0pky\"><span style=\"color: #000;\">109<\/span><\/td>\n<td class=\"tg-0pky\"><span style=\"color: #000;\">926<\/span><\/td>\n<\/tr>\n<tr>\n<td class=\"tg-0pky\"><span style=\"color: #000;\">2&#215;1.0<\/span><\/td>\n<td class=\"tg-0pky\"><span style=\"color: #000;\">1.3<\/span><\/td>\n<td class=\"tg-0pky\"><span style=\"color: #000;\">0.5<\/span><\/td>\n<td class=\"tg-0pky\"><span style=\"color: #000;\">7<\/span><\/td>\n<td class=\"tg-0pky\"><span style=\"color: #000;\">8.5<\/span><\/td>\n<td class=\"tg-0pky\"><span style=\"color: #000;\">20<\/span><\/td>\n<td class=\"tg-0pky\"><span style=\"color: #000;\">89<\/span><\/td>\n<td class=\"tg-0pky\"><span style=\"color: #000;\">768<\/span><\/td>\n<\/tr>\n<tr>\n<td class=\"tg-0pky\"><span style=\"color: #000;\">2&#215;1.5<\/span><\/td>\n<td class=\"tg-0pky\"><span style=\"color: #000;\">1.5<\/span><\/td>\n<td class=\"tg-0pky\"><span style=\"color: #000;\">0.5<\/span><\/td>\n<td class=\"tg-0pky\"><span style=\"color: #000;\">7.2<\/span><\/td>\n<td class=\"tg-0pky\"><span style=\"color: #000;\">8.5<\/span><\/td>\n<td class=\"tg-0pky\"><span style=\"color: #000;\">13.7<\/span><\/td>\n<td class=\"tg-0pky\"><span style=\"color: #000;\">113<\/span><\/td>\n<td class=\"tg-0pky\"><span style=\"color: #000;\">1017<\/span><\/td>\n<\/tr>\n<tr>\n<td class=\"tg-0pky\"><span style=\"color: #000;\">3&#215;1.0<\/span><\/td>\n<td class=\"tg-0pky\"><span style=\"color: #000;\">1.3<\/span><\/td>\n<td class=\"tg-0pky\"><span style=\"color: #000;\">0.5<\/span><\/td>\n<td class=\"tg-0pky\"><span style=\"color: #000;\">7.3<\/span><\/td>\n<td class=\"tg-0pky\"><span style=\"color: #000;\">8.9<\/span><\/td>\n<td class=\"tg-0pky\"><span style=\"color: #000;\">20<\/span><\/td>\n<td class=\"tg-0pky\"><span style=\"color: #000;\">106<\/span><\/td>\n<td class=\"tg-0pky\"><span style=\"color: #000;\">879<\/span><\/td>\n<\/tr>\n<tr>\n<td class=\"tg-0pky\"><span style=\"color: #000;\">2&#215;2.5<\/span><\/td>\n<td class=\"tg-0pky\"><span style=\"color: #000;\">1.9<\/span><\/td>\n<td class=\"tg-0pky\"><span style=\"color: #000;\">0.5<\/span><\/td>\n<td class=\"tg-0pky\"><span style=\"color: #000;\">8.5<\/span><\/td>\n<td class=\"tg-0pky\"><span style=\"color: #000;\">9.4<\/span><\/td>\n<td class=\"tg-0pky\"><span style=\"color: #000;\">8.21<\/span><\/td>\n<td class=\"tg-0pky\"><span style=\"color: #000;\">146<\/span><\/td>\n<td class=\"tg-0pky\"><span style=\"color: #000;\">1221<\/span><\/td>\n<\/tr>\n<tr>\n<td class=\"tg-0lax\"><span style=\"color: #000;\">2x2x1.0<\/span><\/td>\n<td class=\"tg-0lax\"><span style=\"color: #000;\">1.3<\/span><\/td>\n<td class=\"tg-0lax\"><span style=\"color: #000;\">0.5<\/span><\/td>\n<td class=\"tg-0lax\"><span style=\"color: #000;\">10.3<\/span><\/td>\n<td class=\"tg-0lax\"><span style=\"color: #000;\">12.1<\/span><\/td>\n<td class=\"tg-0lax\"><span style=\"color: #000;\">20<\/span><\/td>\n<td class=\"tg-0lax\"><span style=\"color: #000;\">193<\/span><\/td>\n<td class=\"tg-0lax\"><span style=\"color: #000;\">1948<\/span><\/td>\n<\/tr>\n<tr>\n<td class=\"tg-0lax\"><span style=\"color: #000;\">3x2x0.5<\/span><\/td>\n<td class=\"tg-0lax\"><span style=\"color: #000;\">1.1<\/span><\/td>\n<td class=\"tg-0lax\"><span style=\"color: #000;\">0.4<\/span><\/td>\n<td class=\"tg-0lax\"><span style=\"color: #000;\">10.2<\/span><\/td>\n<td class=\"tg-0lax\"><span style=\"color: #000;\">11.6<\/span><\/td>\n<td class=\"tg-0lax\"><span style=\"color: #000;\">40.1<\/span><\/td>\n<td class=\"tg-0lax\"><span style=\"color: #000;\">184<\/span><\/td>\n<td class=\"tg-0lax\"><span style=\"color: #000;\">1692<\/span><\/td>\n<\/tr>\n<tr>\n<td class=\"tg-0lax\"><span style=\"color: #000;\">6x2x0.75<\/span><\/td>\n<td class=\"tg-0lax\"><span style=\"color: #000;\">1.1<\/span><\/td>\n<td class=\"tg-0lax\"><span style=\"color: #000;\">0.4<\/span><\/td>\n<td class=\"tg-0lax\"><span style=\"color: #000;\">16.4<\/span><\/td>\n<td class=\"tg-0lax\"><span style=\"color: #000;\">17.8<\/span><\/td>\n<td class=\"tg-0lax\"><span style=\"color: #000;\">40.1<\/span><\/td>\n<td class=\"tg-0lax\"><span style=\"color: #000;\">392<\/span><\/td>\n<td class=\"tg-0lax\"><span style=\"color: #000;\">3412<\/span><\/td>\n<\/tr>\n<\/tbody>\n<\/table>\n","protected":false},"excerpt":{"rendered":"<p>Los alambres y cables ferroviarios resistentes al fuego y a altas temperaturas y al calor se refieren a cables que pueden mantener un funcionamiento seguro durante un cierto per\u00edodo de tiempo en condiciones de combusti\u00f3n de llama. Cumplen la norma europea EN50264. El polietileno reticulado irradiado ofrece muchas ventajas, como una elevada temperatura nominal y propiedades el\u00e9ctricas, mec\u00e1nicas y qu\u00edmicas estables. Adem\u00e1s, el uso de materiales y estructuras de baja emisi\u00f3n de humos, sin hal\u00f3genos e ign\u00edfugos aumenta considerablemente la seguridad y el respeto por el medio ambiente de los alambres y cables.<\/p>\n","protected":false},"featured_media":11233,"template":"","meta":{"_eb_attr":"","site-sidebar-layout":"default","site-content-layout":"","ast-site-content-layout":"default","site-content-style":"default","site-sidebar-style":"default","ast-global-header-display":"","ast-banner-title-visibility":"","ast-main-header-display":"","ast-hfb-above-header-display":"","ast-hfb-below-header-display":"","ast-hfb-mobile-header-display":"","site-post-title":"","ast-breadcrumbs-content":"","ast-featured-img":"","footer-sml-layout":"","theme-transparent-header-meta":"default","adv-header-id-meta":"","stick-header-meta":"","header-above-stick-meta":"","header-main-stick-meta":"","header-below-stick-meta":"","astra-migrate-meta-layouts":"default","ast-page-background-enabled":"default","ast-page-background-meta":{"desktop":{"background-color":"","background-image":"","background-repeat":"repeat","background-position":"center center","background-size":"auto","background-attachment":"scroll","background-type":"","background-media":"","overlay-type":"","overlay-color":"","overlay-opacity":"","overlay-gradient":""},"tablet":{"background-color":"","background-image":"","background-repeat":"repeat","background-position":"center center","background-size":"auto","background-attachment":"scroll","background-type":"","background-media":"","overlay-type":"","overlay-color":"","overlay-opacity":"","overlay-gradient":""},"mobile":{"background-color":"","background-image":"","background-repeat":"repeat","background-position":"center center","background-size":"auto","background-attachment":"scroll","background-type":"","background-media":"","overlay-type":"","overlay-color":"","overlay-opacity":"","overlay-gradient":""}},"ast-content-background-meta":{"desktop":{"background-color":"var(--ast-global-color-5)","background-image":"","background-repeat":"repeat","background-position":"center center","background-size":"auto","background-attachment":"scroll","background-type":"","background-media":"","overlay-type":"","overlay-color":"","overlay-opacity":"","overlay-gradient":""},"tablet":{"background-color":"var(--ast-global-color-5)","background-image":"","background-repeat":"repeat","background-position":"center center","background-size":"auto","background-attachment":"scroll","background-type":"","background-media":"","overlay-type":"","overlay-color":"","overlay-opacity":"","overlay-gradient":""},"mobile":{"background-color":"var(--ast-global-color-5)","background-image":"","background-repeat":"repeat","background-position":"center center","background-size":"auto","background-attachment":"scroll","background-type":"","background-media":"","overlay-type":"","overlay-color":"","overlay-opacity":"","overlay-gradient":""}}},"product_brand":[],"product_cat":[591,590,595,623,603,602,597],"product_tag":[1242,1243,1241],"class_list":{"0":"post-17692","1":"product","2":"type-product","3":"status-publish","4":"has-post-thumbnail","6":"product_cat-cable-de-alta-temperatura","7":"product_cat-lsoh-cable-es","8":"product_cat-cable-personalizado","9":"product_cat-en50264-es","10":"product_cat-norma-en","11":"product_cat-norma-ice","12":"product_cat-via-ferrea","13":"product_tag-cable-de-alambre-resistente-al-fuego-en50264-600v","14":"product_tag-cable-en50264-600v","15":"product_tag-cable-resistente-al-fuego","16":"desktop-align-center","17":"tablet-align-left","18":"mobile-align-left","20":"first","21":"instock","22":"shipping-taxable","23":"product-type-simple"},"yoast_head":"<!-- This site is optimized with the Yoast SEO plugin v27.4 - https:\/\/yoast.com\/product\/yoast-seo-wordpress\/ -->\n<title>Alambre y cable ferroviarios ign\u00edfugos de alta temperatura y resistentes al calor<\/title>\n<meta name=\"description\" content=\"Los cables resistentes al fuego se refieren a cables que pueden mantener un funcionamiento seguro durante un cierto periodo de tiempo en condiciones de combusti\u00f3n de llama.\" \/>\n<meta name=\"robots\" content=\"index, follow, max-snippet:-1, max-image-preview:large, max-video-preview:-1\" \/>\n<link rel=\"canonical\" href=\"https:\/\/www.tstcables.com\/es\/producto\/en50264-600v-alambre-y-cable-ferroviarios-ignifugos-de-alta-temperatura-y-resistentes-al-calor\/\" \/>\n<meta property=\"og:locale\" content=\"es_ES\" \/>\n<meta property=\"og:type\" content=\"article\" \/>\n<meta property=\"og:title\" content=\"Alambre y cable ferroviarios ign\u00edfugos de alta temperatura y resistentes al calor\" \/>\n<meta property=\"og:description\" content=\"Los cables resistentes al fuego se refieren a cables que pueden mantener un funcionamiento seguro durante un cierto periodo de tiempo en condiciones de combusti\u00f3n de llama.\" \/>\n<meta property=\"og:url\" content=\"https:\/\/www.tstcables.com\/es\/producto\/en50264-600v-alambre-y-cable-ferroviarios-ignifugos-de-alta-temperatura-y-resistentes-al-calor\/\" \/>\n<meta property=\"og:site_name\" content=\"TST CABLES supplier &amp; Manufacture\" \/>\n<meta property=\"og:image\" content=\"https:\/\/www.tstcables.com\/wp-content\/uploads\/2024\/03\/2fd7abdb27a29e66.jpg\" \/>\n\t<meta property=\"og:image:width\" content=\"800\" \/>\n\t<meta property=\"og:image:height\" content=\"800\" \/>\n\t<meta property=\"og:image:type\" content=\"image\/jpeg\" \/>\n<meta name=\"twitter:card\" content=\"summary_large_image\" \/>\n<meta name=\"twitter:label1\" content=\"Tiempo de lectura\" \/>\n\t<meta name=\"twitter:data1\" content=\"2 minutos\" \/>\n<script type=\"application\/ld+json\" class=\"yoast-schema-graph\">{\"@context\":\"https:\\\/\\\/schema.org\",\"@graph\":[{\"@type\":\"WebPage\",\"@id\":\"https:\\\/\\\/www.tstcables.com\\\/es\\\/producto\\\/en50264-600v-alambre-y-cable-ferroviarios-ignifugos-de-alta-temperatura-y-resistentes-al-calor\\\/\",\"url\":\"https:\\\/\\\/www.tstcables.com\\\/es\\\/producto\\\/en50264-600v-alambre-y-cable-ferroviarios-ignifugos-de-alta-temperatura-y-resistentes-al-calor\\\/\",\"name\":\"Alambre y cable ferroviarios ign\u00edfugos de alta temperatura y resistentes al calor\",\"isPartOf\":{\"@id\":\"https:\\\/\\\/www.tstcables.com\\\/es\\\/#website\"},\"primaryImageOfPage\":{\"@id\":\"https:\\\/\\\/www.tstcables.com\\\/es\\\/producto\\\/en50264-600v-alambre-y-cable-ferroviarios-ignifugos-de-alta-temperatura-y-resistentes-al-calor\\\/#primaryimage\"},\"image\":{\"@id\":\"https:\\\/\\\/www.tstcables.com\\\/es\\\/producto\\\/en50264-600v-alambre-y-cable-ferroviarios-ignifugos-de-alta-temperatura-y-resistentes-al-calor\\\/#primaryimage\"},\"thumbnailUrl\":\"https:\\\/\\\/www.tstcables.com\\\/wp-content\\\/uploads\\\/2024\\\/03\\\/2fd7abdb27a29e66.jpg\",\"datePublished\":\"2024-03-23T09:13:18+00:00\",\"description\":\"Los cables resistentes al fuego se refieren a cables que pueden mantener un funcionamiento seguro durante un cierto periodo de tiempo en condiciones de combusti\u00f3n de llama.\",\"breadcrumb\":{\"@id\":\"https:\\\/\\\/www.tstcables.com\\\/es\\\/producto\\\/en50264-600v-alambre-y-cable-ferroviarios-ignifugos-de-alta-temperatura-y-resistentes-al-calor\\\/#breadcrumb\"},\"inLanguage\":\"es\",\"potentialAction\":[{\"@type\":\"ReadAction\",\"target\":[\"https:\\\/\\\/www.tstcables.com\\\/es\\\/producto\\\/en50264-600v-alambre-y-cable-ferroviarios-ignifugos-de-alta-temperatura-y-resistentes-al-calor\\\/\"]}]},{\"@type\":\"ImageObject\",\"inLanguage\":\"es\",\"@id\":\"https:\\\/\\\/www.tstcables.com\\\/es\\\/producto\\\/en50264-600v-alambre-y-cable-ferroviarios-ignifugos-de-alta-temperatura-y-resistentes-al-calor\\\/#primaryimage\",\"url\":\"https:\\\/\\\/www.tstcables.com\\\/wp-content\\\/uploads\\\/2024\\\/03\\\/2fd7abdb27a29e66.jpg\",\"contentUrl\":\"https:\\\/\\\/www.tstcables.com\\\/wp-content\\\/uploads\\\/2024\\\/03\\\/2fd7abdb27a29e66.jpg\",\"width\":800,\"height\":800,\"caption\":\"EN50264 fire-resistant wire &cable\"},{\"@type\":\"BreadcrumbList\",\"@id\":\"https:\\\/\\\/www.tstcables.com\\\/es\\\/producto\\\/en50264-600v-alambre-y-cable-ferroviarios-ignifugos-de-alta-temperatura-y-resistentes-al-calor\\\/#breadcrumb\",\"itemListElement\":[{\"@type\":\"ListItem\",\"position\":1,\"name\":\"\u9996\u9875\",\"item\":\"https:\\\/\\\/www.tstcables.com\\\/es\\\/\"},{\"@type\":\"ListItem\",\"position\":2,\"name\":\"Product\",\"item\":\"https:\\\/\\\/www.tstcables.com\\\/product\\\/\"},{\"@type\":\"ListItem\",\"position\":3,\"name\":\"EN50264 600V Alambre y cable ferroviarios ign\u00edfugos de alta temperatura y resistentes al calor\"}]},{\"@type\":\"WebSite\",\"@id\":\"https:\\\/\\\/www.tstcables.com\\\/es\\\/#website\",\"url\":\"https:\\\/\\\/www.tstcables.com\\\/es\\\/\",\"name\":\"TST Cable supplier & Manufacture\",\"description\":\"TST CABLES  supplier &amp; Manufacture official website\",\"publisher\":{\"@id\":\"https:\\\/\\\/www.tstcables.com\\\/es\\\/#organization\"},\"potentialAction\":[{\"@type\":\"SearchAction\",\"target\":{\"@type\":\"EntryPoint\",\"urlTemplate\":\"https:\\\/\\\/www.tstcables.com\\\/es\\\/?s={search_term_string}\"},\"query-input\":{\"@type\":\"PropertyValueSpecification\",\"valueRequired\":true,\"valueName\":\"search_term_string\"}}],\"inLanguage\":\"es\"},{\"@type\":\"Organization\",\"@id\":\"https:\\\/\\\/www.tstcables.com\\\/es\\\/#organization\",\"name\":\"TST Cable supplier & Manufacture\",\"url\":\"https:\\\/\\\/www.tstcables.com\\\/es\\\/\",\"logo\":{\"@type\":\"ImageObject\",\"inLanguage\":\"es\",\"@id\":\"https:\\\/\\\/www.tstcables.com\\\/es\\\/#\\\/schema\\\/logo\\\/image\\\/\",\"url\":\"https:\\\/\\\/www.tstcables.com\\\/wp-content\\\/uploads\\\/2024\\\/04\\\/cropped-\u753b\u677f-1-\u62f7\u8d1d-4-1.png\",\"contentUrl\":\"https:\\\/\\\/www.tstcables.com\\\/wp-content\\\/uploads\\\/2024\\\/04\\\/cropped-\u753b\u677f-1-\u62f7\u8d1d-4-1.png\",\"width\":300,\"height\":100,\"caption\":\"TST Cable supplier & Manufacture\"},\"image\":{\"@id\":\"https:\\\/\\\/www.tstcables.com\\\/es\\\/#\\\/schema\\\/logo\\\/image\\\/\"}}]}<\/script>\n<!-- \/ Yoast SEO plugin. -->","yoast_head_json":{"title":"Alambre y cable ferroviarios ign\u00edfugos de alta temperatura y resistentes al calor","description":"Los cables resistentes al fuego se refieren a cables que pueden mantener un funcionamiento seguro durante un cierto periodo de tiempo en condiciones de combusti\u00f3n de llama.","robots":{"index":"index","follow":"follow","max-snippet":"max-snippet:-1","max-image-preview":"max-image-preview:large","max-video-preview":"max-video-preview:-1"},"canonical":"https:\/\/www.tstcables.com\/es\/producto\/en50264-600v-alambre-y-cable-ferroviarios-ignifugos-de-alta-temperatura-y-resistentes-al-calor\/","og_locale":"es_ES","og_type":"article","og_title":"Alambre y cable ferroviarios ign\u00edfugos de alta temperatura y resistentes al calor","og_description":"Los cables resistentes al fuego se refieren a cables que pueden mantener un funcionamiento seguro durante un cierto periodo de tiempo en condiciones de combusti\u00f3n de llama.","og_url":"https:\/\/www.tstcables.com\/es\/producto\/en50264-600v-alambre-y-cable-ferroviarios-ignifugos-de-alta-temperatura-y-resistentes-al-calor\/","og_site_name":"TST CABLES supplier &amp; Manufacture","og_image":[{"width":800,"height":800,"url":"https:\/\/www.tstcables.com\/wp-content\/uploads\/2024\/03\/2fd7abdb27a29e66.jpg","type":"image\/jpeg"}],"twitter_card":"summary_large_image","twitter_misc":{"Tiempo de lectura":"2 minutos"},"schema":{"@context":"https:\/\/schema.org","@graph":[{"@type":"WebPage","@id":"https:\/\/www.tstcables.com\/es\/producto\/en50264-600v-alambre-y-cable-ferroviarios-ignifugos-de-alta-temperatura-y-resistentes-al-calor\/","url":"https:\/\/www.tstcables.com\/es\/producto\/en50264-600v-alambre-y-cable-ferroviarios-ignifugos-de-alta-temperatura-y-resistentes-al-calor\/","name":"Alambre y cable ferroviarios ign\u00edfugos de alta temperatura y resistentes al calor","isPartOf":{"@id":"https:\/\/www.tstcables.com\/es\/#website"},"primaryImageOfPage":{"@id":"https:\/\/www.tstcables.com\/es\/producto\/en50264-600v-alambre-y-cable-ferroviarios-ignifugos-de-alta-temperatura-y-resistentes-al-calor\/#primaryimage"},"image":{"@id":"https:\/\/www.tstcables.com\/es\/producto\/en50264-600v-alambre-y-cable-ferroviarios-ignifugos-de-alta-temperatura-y-resistentes-al-calor\/#primaryimage"},"thumbnailUrl":"https:\/\/www.tstcables.com\/wp-content\/uploads\/2024\/03\/2fd7abdb27a29e66.jpg","datePublished":"2024-03-23T09:13:18+00:00","description":"Los cables resistentes al fuego se refieren a cables que pueden mantener un funcionamiento seguro durante un cierto periodo de tiempo en condiciones de combusti\u00f3n de llama.","breadcrumb":{"@id":"https:\/\/www.tstcables.com\/es\/producto\/en50264-600v-alambre-y-cable-ferroviarios-ignifugos-de-alta-temperatura-y-resistentes-al-calor\/#breadcrumb"},"inLanguage":"es","potentialAction":[{"@type":"ReadAction","target":["https:\/\/www.tstcables.com\/es\/producto\/en50264-600v-alambre-y-cable-ferroviarios-ignifugos-de-alta-temperatura-y-resistentes-al-calor\/"]}]},{"@type":"ImageObject","inLanguage":"es","@id":"https:\/\/www.tstcables.com\/es\/producto\/en50264-600v-alambre-y-cable-ferroviarios-ignifugos-de-alta-temperatura-y-resistentes-al-calor\/#primaryimage","url":"https:\/\/www.tstcables.com\/wp-content\/uploads\/2024\/03\/2fd7abdb27a29e66.jpg","contentUrl":"https:\/\/www.tstcables.com\/wp-content\/uploads\/2024\/03\/2fd7abdb27a29e66.jpg","width":800,"height":800,"caption":"EN50264 fire-resistant wire &cable"},{"@type":"BreadcrumbList","@id":"https:\/\/www.tstcables.com\/es\/producto\/en50264-600v-alambre-y-cable-ferroviarios-ignifugos-de-alta-temperatura-y-resistentes-al-calor\/#breadcrumb","itemListElement":[{"@type":"ListItem","position":1,"name":"\u9996\u9875","item":"https:\/\/www.tstcables.com\/es\/"},{"@type":"ListItem","position":2,"name":"Product","item":"https:\/\/www.tstcables.com\/product\/"},{"@type":"ListItem","position":3,"name":"EN50264 600V Alambre y cable ferroviarios ign\u00edfugos de alta temperatura y resistentes al calor"}]},{"@type":"WebSite","@id":"https:\/\/www.tstcables.com\/es\/#website","url":"https:\/\/www.tstcables.com\/es\/","name":"TST Cable supplier & Manufacture","description":"TST CABLES  supplier &amp; Manufacture official website","publisher":{"@id":"https:\/\/www.tstcables.com\/es\/#organization"},"potentialAction":[{"@type":"SearchAction","target":{"@type":"EntryPoint","urlTemplate":"https:\/\/www.tstcables.com\/es\/?s={search_term_string}"},"query-input":{"@type":"PropertyValueSpecification","valueRequired":true,"valueName":"search_term_string"}}],"inLanguage":"es"},{"@type":"Organization","@id":"https:\/\/www.tstcables.com\/es\/#organization","name":"TST Cable supplier & Manufacture","url":"https:\/\/www.tstcables.com\/es\/","logo":{"@type":"ImageObject","inLanguage":"es","@id":"https:\/\/www.tstcables.com\/es\/#\/schema\/logo\/image\/","url":"https:\/\/www.tstcables.com\/wp-content\/uploads\/2024\/04\/cropped-\u753b\u677f-1-\u62f7\u8d1d-4-1.png","contentUrl":"https:\/\/www.tstcables.com\/wp-content\/uploads\/2024\/04\/cropped-\u753b\u677f-1-\u62f7\u8d1d-4-1.png","width":300,"height":100,"caption":"TST Cable supplier & Manufacture"},"image":{"@id":"https:\/\/www.tstcables.com\/es\/#\/schema\/logo\/image\/"}}]}},"_links":{"self":[{"href":"https:\/\/www.tstcables.com\/es\/wp-json\/wp\/v2\/product\/17692","targetHints":{"allow":["GET"]}}],"collection":[{"href":"https:\/\/www.tstcables.com\/es\/wp-json\/wp\/v2\/product"}],"about":[{"href":"https:\/\/www.tstcables.com\/es\/wp-json\/wp\/v2\/types\/product"}],"version-history":[{"count":0,"href":"https:\/\/www.tstcables.com\/es\/wp-json\/wp\/v2\/product\/17692\/revisions"}],"wp:featuredmedia":[{"embeddable":true,"href":"https:\/\/www.tstcables.com\/es\/wp-json\/wp\/v2\/media\/11233"}],"wp:attachment":[{"href":"https:\/\/www.tstcables.com\/es\/wp-json\/wp\/v2\/media?parent=17692"}],"wp:term":[{"taxonomy":"product_brand","embeddable":true,"href":"https:\/\/www.tstcables.com\/es\/wp-json\/wp\/v2\/product_brand?post=17692"},{"taxonomy":"product_cat","embeddable":true,"href":"https:\/\/www.tstcables.com\/es\/wp-json\/wp\/v2\/product_cat?post=17692"},{"taxonomy":"product_tag","embeddable":true,"href":"https:\/\/www.tstcables.com\/es\/wp-json\/wp\/v2\/product_tag?post=17692"}],"curies":[{"name":"wp","href":"https:\/\/api.w.org\/{rel}","templated":true}]}}