{"id":17713,"date":"2024-03-23T17:12:26","date_gmt":"2024-03-23T09:12:26","guid":{"rendered":"https:\/\/www.tstcables.com\/product\/peek-resistente-al-desgaste-retardante-de-llama-baja-emision-de-humos-cable-sin-halogenos-ak250-300v\/"},"modified":"2024-05-08T10:17:34","modified_gmt":"2024-05-08T02:17:34","slug":"peek-resistente-al-desgaste-retardante-de-llama-baja-emision-de-humos-cable-sin-halogenos-ak250-300v","status":"publish","type":"product","link":"https:\/\/www.tstcables.com\/es\/producto\/peek-resistente-al-desgaste-retardante-de-llama-baja-emision-de-humos-cable-sin-halogenos-ak250-300v\/","title":{"rendered":"PEEK Resistente al desgaste Retardante de llama Baja emisi\u00f3n de humos Cable sin hal\u00f3genos AK250 300V"},"content":{"rendered":"<p><strong>Aplicaciones<\/strong><\/p>\n<p>El cable PEEK resistente al desgaste, retardante de llama, de baja emisi\u00f3n de humos y libre de hal\u00f3genos tiene resistencia al agua de mar, peso ligero, tama\u00f1o reducido, retardante de llama, retardante de llama de baja emisi\u00f3n de humos y libre de hal\u00f3genos, resistencia a altas y bajas temperaturas, resistencia a la radiaci\u00f3n y buenas propiedades mec\u00e1nicas. Se utiliza ampliamente en cables de temperatura ultra alta para locomotoras de tracci\u00f3n de alta velocidad de tr\u00e1nsito ferroviario, barcos e industrias aeron\u00e1uticas; cables de bobinado de motores de bombas sumergibles de yacimientos petrol\u00edferos, cables conductores de motores de bombas sumergibles de pozos profundos de yacimientos petrol\u00edferos, cables de bobinado de energ\u00eda nuclear y back-ends de sensores, etc.<\/p>\n<p>&nbsp;<\/p>\n<p><strong>Norma del sector<\/strong><\/p>\n<ul>\n<li>lEN45545-2<\/li>\n<\/ul>\n<p><strong>Caracter\u00edsticas del producto:<\/strong><\/p>\n<ol>\n<li>Resistencia a temperaturas prolongadas: -50-250\u2103<\/li>\n<li>Nivel de tensi\u00f3n soportado: 300V 600V<\/li>\n<li>Resistente a la radiaci\u00f3n gamma: 850KGy puede utilizarse durante mucho tiempo.<\/li>\n<li>Baja emisi\u00f3n de humos, sin hal\u00f3genos, ign\u00edfugo, resistente a altas y bajas temperaturas<\/li>\n<\/ol>\n<p><strong>Par\u00e1metros t\u00e9cnicos<\/strong><\/p>\n<table>\n<tbody>\n<tr>\n<td rowspan=\"2\"><strong><b>Secci\u00f3n nominal<\/b><\/strong><\/td>\n<td><strong><b>Par\u00e1metros t\u00e9cnicos<\/b><\/strong><\/td>\n<td rowspan=\"2\"><strong><b>Di\u00e1metro del conductor d<\/b><\/strong><\/td>\n<td rowspan=\"2\"><strong><b>Grosor del aislamiento<\/b><\/strong><\/td>\n<td rowspan=\"2\"><strong><b>Di\u00e1metro exterior del cable D<\/b><\/strong><\/td>\n<td rowspan=\"2\"><strong><b>20\u2103 conductor resistance<\/b><\/strong><\/td>\n<td rowspan=\"2\"><strong><b>Peso medio<\/b><\/strong><\/td>\n<\/tr>\n<tr>\n<td><strong><b>ra\u00edz\/di\u00e1metro<\/b><\/strong><\/td>\n<\/tr>\n<tr>\n<td rowspan=\"2\">mm 2<\/td>\n<td rowspan=\"2\">mm<\/td>\n<td>Min<\/td>\n<td>Min<\/td>\n<td>Min<\/td>\n<td>Max<\/td>\n<td rowspan=\"2\">Kg\/km<\/td>\n<\/tr>\n<tr>\n<td>mm<\/td>\n<td>mm<\/td>\n<td>mm<\/td>\n<td>\u03a9\/km<\/td>\n<\/tr>\n<tr>\n<td>0.06<\/td>\n<td>7\/0.10<\/td>\n<td>0.3<\/td>\n<td>0.18<\/td>\n<td>0.66<\/td>\n<td>330<\/td>\n<td>0.85<\/td>\n<\/tr>\n<tr>\n<td>0.08<\/td>\n<td>7\/0.12<\/td>\n<td>0.36<\/td>\n<td>0.18<\/td>\n<td>0.72<\/td>\n<td>227<\/td>\n<td>1.1<\/td>\n<\/tr>\n<tr>\n<td>0.14<\/td>\n<td>19\/0.10<\/td>\n<td>0.5<\/td>\n<td>0.2<\/td>\n<td>0.9<\/td>\n<td>126<\/td>\n<td>1.9<\/td>\n<\/tr>\n<tr>\n<td>0.2<\/td>\n<td>19\/0.12<\/td>\n<td>0.6<\/td>\n<td>0.2<\/td>\n<td>1<\/td>\n<td>83.5<\/td>\n<td>2.6<\/td>\n<\/tr>\n<tr>\n<td>0.4\/0.3<\/td>\n<td>19\/0.16<\/td>\n<td>0.8<\/td>\n<td>0.2<\/td>\n<td>1.2<\/td>\n<td>49.5<\/td>\n<td>4.3<\/td>\n<\/tr>\n<tr>\n<td>0.5<\/td>\n<td>19\/0.18<\/td>\n<td>0.9<\/td>\n<td>0.2<\/td>\n<td>1.4<\/td>\n<td>30.2<\/td>\n<td>5.3<\/td>\n<\/tr>\n<tr>\n<td>0.75<\/td>\n<td>37\/0.16<\/td>\n<td>1.12<\/td>\n<td>0.2<\/td>\n<td>1.52<\/td>\n<td>22.7<\/td>\n<td>7.8<\/td>\n<\/tr>\n<tr>\n<td>1<\/td>\n<td>37\/0.18<\/td>\n<td>1.26<\/td>\n<td>0.2<\/td>\n<td>1.66<\/td>\n<td>19<\/td>\n<td>9.7<\/td>\n<\/tr>\n<\/tbody>\n<\/table>\n<p>Nota: Los productos con otras especificaciones tambi\u00e9n se pueden personalizar seg\u00fan las necesidades.<\/p>\n","protected":false},"excerpt":{"rendered":"<p>El cable PEEK resistente al desgaste, retardante de llama, de baja emisi\u00f3n de humos y libre de hal\u00f3genos tiene resistencia al agua de mar, peso ligero, tama\u00f1o reducido, retardante de llama, retardante de llama de baja emisi\u00f3n de humos y libre de hal\u00f3genos, resistencia a altas y bajas temperaturas, resistencia a la radiaci\u00f3n y buenas propiedades mec\u00e1nicas.<\/p>\n","protected":false},"featured_media":13046,"template":"","meta":{"_eb_attr":"","site-sidebar-layout":"default","site-content-layout":"","ast-site-content-layout":"default","site-content-style":"default","site-sidebar-style":"default","ast-global-header-display":"","ast-banner-title-visibility":"","ast-main-header-display":"","ast-hfb-above-header-display":"","ast-hfb-below-header-display":"","ast-hfb-mobile-header-display":"","site-post-title":"","ast-breadcrumbs-content":"","ast-featured-img":"","footer-sml-layout":"","theme-transparent-header-meta":"default","adv-header-id-meta":"","stick-header-meta":"","header-above-stick-meta":"","header-main-stick-meta":"","header-below-stick-meta":"","astra-migrate-meta-layouts":"default","ast-page-background-enabled":"default","ast-page-background-meta":{"desktop":{"background-color":"","background-image":"","background-repeat":"repeat","background-position":"center center","background-size":"auto","background-attachment":"scroll","background-type":"","background-media":"","overlay-type":"","overlay-color":"","overlay-opacity":"","overlay-gradient":""},"tablet":{"background-color":"","background-image":"","background-repeat":"repeat","background-position":"center center","background-size":"auto","background-attachment":"scroll","background-type":"","background-media":"","overlay-type":"","overlay-color":"","overlay-opacity":"","overlay-gradient":""},"mobile":{"background-color":"","background-image":"","background-repeat":"repeat","background-position":"center center","background-size":"auto","background-attachment":"scroll","background-type":"","background-media":"","overlay-type":"","overlay-color":"","overlay-opacity":"","overlay-gradient":""}},"ast-content-background-meta":{"desktop":{"background-color":"var(--ast-global-color-5)","background-image":"","background-repeat":"repeat","background-position":"center center","background-size":"auto","background-attachment":"scroll","background-type":"","background-media":"","overlay-type":"","overlay-color":"","overlay-opacity":"","overlay-gradient":""},"tablet":{"background-color":"var(--ast-global-color-5)","background-image":"","background-repeat":"repeat","background-position":"center center","background-size":"auto","background-attachment":"scroll","background-type":"","background-media":"","overlay-type":"","overlay-color":"","overlay-opacity":"","overlay-gradient":""},"mobile":{"background-color":"var(--ast-global-color-5)","background-image":"","background-repeat":"repeat","background-position":"center center","background-size":"auto","background-attachment":"scroll","background-type":"","background-media":"","overlay-type":"","overlay-color":"","overlay-opacity":"","overlay-gradient":""}}},"product_brand":[],"product_cat":[599,591,590,644,595,630,623,622,610,603,602,646,598,600,597],"product_tag":[1217,1214,1219],"class_list":{"0":"post-17713","1":"product","2":"type-product","3":"status-publish","4":"has-post-thumbnail","6":"product_cat-aviacion","7":"product_cat-cable-de-alta-temperatura","8":"product_cat-lsoh-cable-es","9":"product_cat-cable-peek","10":"product_cat-cable-personalizado","11":"product_cat-cable-resistente-al-desgaste","12":"product_cat-en50264-es","13":"product_cat-en50306-es","14":"product_cat-energia-eolica","15":"product_cat-norma-en","16":"product_cat-norma-ice","17":"product_cat-nuclear-es","18":"product_cat-petroleo-gas","19":"product_cat-marina","20":"product_cat-via-ferrea","21":"product_tag-cable-unipolar","22":"product_tag-cable-unipolar-con-cubierta-de-peek-polieteretercetona","23":"product_tag-cable-unipolar-con-cubierta-th-j-ak-250","24":"desktop-align-center","25":"tablet-align-left","26":"mobile-align-left","28":"first","29":"instock","30":"shipping-taxable","31":"product-type-simple"},"yoast_head":"<!-- This site is optimized with the Yoast SEO plugin v27.5 - https:\/\/yoast.com\/product\/yoast-seo-wordpress\/ -->\n<title>PEEK Resistente al desgaste Retardante de llama Baja emisi\u00f3n de humos Cable sin hal\u00f3genos<\/title>\n<meta name=\"description\" content=\"El cable PEEK resistente al desgaste, retardante de llama, de baja emisi\u00f3n de humos y sin hal\u00f3genos es resistente al agua de mar, ligero, de peque\u00f1o tama\u00f1o y retardante de llama.\" \/>\n<meta name=\"robots\" content=\"index, follow, max-snippet:-1, max-image-preview:large, max-video-preview:-1\" \/>\n<link rel=\"canonical\" href=\"https:\/\/www.tstcables.com\/es\/producto\/peek-resistente-al-desgaste-retardante-de-llama-baja-emision-de-humos-cable-sin-halogenos-ak250-300v\/\" \/>\n<meta property=\"og:locale\" content=\"es_ES\" \/>\n<meta property=\"og:type\" content=\"article\" \/>\n<meta property=\"og:title\" content=\"PEEK Resistente al desgaste Retardante de llama Baja emisi\u00f3n de humos Cable sin hal\u00f3genos\" \/>\n<meta property=\"og:description\" content=\"El cable PEEK resistente al desgaste, retardante de llama, de baja emisi\u00f3n de humos y sin hal\u00f3genos es resistente al agua de mar, ligero, de peque\u00f1o tama\u00f1o y retardante de llama.\" \/>\n<meta property=\"og:url\" content=\"https:\/\/www.tstcables.com\/es\/producto\/peek-resistente-al-desgaste-retardante-de-llama-baja-emision-de-humos-cable-sin-halogenos-ak250-300v\/\" \/>\n<meta property=\"og:site_name\" content=\"TST CABLES supplier &amp; Manufacture\" \/>\n<meta property=\"article:modified_time\" content=\"2024-05-08T02:17:34+00:00\" \/>\n<meta property=\"og:image\" content=\"https:\/\/www.tstcables.com\/wp-content\/uploads\/2024\/03\/1-21.jpg\" \/>\n\t<meta property=\"og:image:width\" content=\"750\" \/>\n\t<meta property=\"og:image:height\" content=\"750\" \/>\n\t<meta property=\"og:image:type\" content=\"image\/jpeg\" \/>\n<meta name=\"twitter:card\" content=\"summary_large_image\" \/>\n<meta name=\"twitter:label1\" content=\"Tiempo de lectura\" \/>\n\t<meta name=\"twitter:data1\" content=\"1 minuto\" \/>\n<script type=\"application\/ld+json\" class=\"yoast-schema-graph\">{\"@context\":\"https:\\\/\\\/schema.org\",\"@graph\":[{\"@type\":\"WebPage\",\"@id\":\"https:\\\/\\\/www.tstcables.com\\\/es\\\/producto\\\/peek-resistente-al-desgaste-retardante-de-llama-baja-emision-de-humos-cable-sin-halogenos-ak250-300v\\\/\",\"url\":\"https:\\\/\\\/www.tstcables.com\\\/es\\\/producto\\\/peek-resistente-al-desgaste-retardante-de-llama-baja-emision-de-humos-cable-sin-halogenos-ak250-300v\\\/\",\"name\":\"PEEK Resistente al desgaste Retardante de llama Baja emisi\u00f3n de humos Cable sin hal\u00f3genos\",\"isPartOf\":{\"@id\":\"https:\\\/\\\/www.tstcables.com\\\/es\\\/#website\"},\"primaryImageOfPage\":{\"@id\":\"https:\\\/\\\/www.tstcables.com\\\/es\\\/producto\\\/peek-resistente-al-desgaste-retardante-de-llama-baja-emision-de-humos-cable-sin-halogenos-ak250-300v\\\/#primaryimage\"},\"image\":{\"@id\":\"https:\\\/\\\/www.tstcables.com\\\/es\\\/producto\\\/peek-resistente-al-desgaste-retardante-de-llama-baja-emision-de-humos-cable-sin-halogenos-ak250-300v\\\/#primaryimage\"},\"thumbnailUrl\":\"https:\\\/\\\/www.tstcables.com\\\/wp-content\\\/uploads\\\/2024\\\/03\\\/1-21.jpg\",\"datePublished\":\"2024-03-23T09:12:26+00:00\",\"dateModified\":\"2024-05-08T02:17:34+00:00\",\"description\":\"El cable PEEK resistente al desgaste, retardante de llama, de baja emisi\u00f3n de humos y sin hal\u00f3genos es resistente al agua de mar, ligero, de peque\u00f1o tama\u00f1o y retardante de llama.\",\"breadcrumb\":{\"@id\":\"https:\\\/\\\/www.tstcables.com\\\/es\\\/producto\\\/peek-resistente-al-desgaste-retardante-de-llama-baja-emision-de-humos-cable-sin-halogenos-ak250-300v\\\/#breadcrumb\"},\"inLanguage\":\"es\",\"potentialAction\":[{\"@type\":\"ReadAction\",\"target\":[\"https:\\\/\\\/www.tstcables.com\\\/es\\\/producto\\\/peek-resistente-al-desgaste-retardante-de-llama-baja-emision-de-humos-cable-sin-halogenos-ak250-300v\\\/\"]}]},{\"@type\":\"ImageObject\",\"inLanguage\":\"es\",\"@id\":\"https:\\\/\\\/www.tstcables.com\\\/es\\\/producto\\\/peek-resistente-al-desgaste-retardante-de-llama-baja-emision-de-humos-cable-sin-halogenos-ak250-300v\\\/#primaryimage\",\"url\":\"https:\\\/\\\/www.tstcables.com\\\/wp-content\\\/uploads\\\/2024\\\/03\\\/1-21.jpg\",\"contentUrl\":\"https:\\\/\\\/www.tstcables.com\\\/wp-content\\\/uploads\\\/2024\\\/03\\\/1-21.jpg\",\"width\":750,\"height\":750,\"caption\":\"Silicone High Voltage Wire & Cable\"},{\"@type\":\"BreadcrumbList\",\"@id\":\"https:\\\/\\\/www.tstcables.com\\\/es\\\/producto\\\/peek-resistente-al-desgaste-retardante-de-llama-baja-emision-de-humos-cable-sin-halogenos-ak250-300v\\\/#breadcrumb\",\"itemListElement\":[{\"@type\":\"ListItem\",\"position\":1,\"name\":\"\u9996\u9875\",\"item\":\"https:\\\/\\\/www.tstcables.com\\\/es\\\/\"},{\"@type\":\"ListItem\",\"position\":2,\"name\":\"Product\",\"item\":\"https:\\\/\\\/www.tstcables.com\\\/product\\\/\"},{\"@type\":\"ListItem\",\"position\":3,\"name\":\"PEEK Resistente al desgaste Retardante de llama Baja emisi\u00f3n de humos Cable sin hal\u00f3genos AK250 300V\"}]},{\"@type\":\"WebSite\",\"@id\":\"https:\\\/\\\/www.tstcables.com\\\/es\\\/#website\",\"url\":\"https:\\\/\\\/www.tstcables.com\\\/es\\\/\",\"name\":\"TST Cable supplier & Manufacture\",\"description\":\"TST CABLES  supplier &amp; Manufacture official website\",\"publisher\":{\"@id\":\"https:\\\/\\\/www.tstcables.com\\\/es\\\/#organization\"},\"potentialAction\":[{\"@type\":\"SearchAction\",\"target\":{\"@type\":\"EntryPoint\",\"urlTemplate\":\"https:\\\/\\\/www.tstcables.com\\\/es\\\/?s={search_term_string}\"},\"query-input\":{\"@type\":\"PropertyValueSpecification\",\"valueRequired\":true,\"valueName\":\"search_term_string\"}}],\"inLanguage\":\"es\"},{\"@type\":\"Organization\",\"@id\":\"https:\\\/\\\/www.tstcables.com\\\/es\\\/#organization\",\"name\":\"TST Cable supplier & Manufacture\",\"url\":\"https:\\\/\\\/www.tstcables.com\\\/es\\\/\",\"logo\":{\"@type\":\"ImageObject\",\"inLanguage\":\"es\",\"@id\":\"https:\\\/\\\/www.tstcables.com\\\/es\\\/#\\\/schema\\\/logo\\\/image\\\/\",\"url\":\"https:\\\/\\\/www.tstcables.com\\\/wp-content\\\/uploads\\\/2024\\\/04\\\/cropped-\u753b\u677f-1-\u62f7\u8d1d-4-1.png\",\"contentUrl\":\"https:\\\/\\\/www.tstcables.com\\\/wp-content\\\/uploads\\\/2024\\\/04\\\/cropped-\u753b\u677f-1-\u62f7\u8d1d-4-1.png\",\"width\":300,\"height\":100,\"caption\":\"TST Cable supplier & Manufacture\"},\"image\":{\"@id\":\"https:\\\/\\\/www.tstcables.com\\\/es\\\/#\\\/schema\\\/logo\\\/image\\\/\"}}]}<\/script>\n<!-- \/ Yoast SEO plugin. -->","yoast_head_json":{"title":"PEEK Resistente al desgaste Retardante de llama Baja emisi\u00f3n de humos Cable sin hal\u00f3genos","description":"El cable PEEK resistente al desgaste, retardante de llama, de baja emisi\u00f3n de humos y sin hal\u00f3genos es resistente al agua de mar, ligero, de peque\u00f1o tama\u00f1o y retardante de llama.","robots":{"index":"index","follow":"follow","max-snippet":"max-snippet:-1","max-image-preview":"max-image-preview:large","max-video-preview":"max-video-preview:-1"},"canonical":"https:\/\/www.tstcables.com\/es\/producto\/peek-resistente-al-desgaste-retardante-de-llama-baja-emision-de-humos-cable-sin-halogenos-ak250-300v\/","og_locale":"es_ES","og_type":"article","og_title":"PEEK Resistente al desgaste Retardante de llama Baja emisi\u00f3n de humos Cable sin hal\u00f3genos","og_description":"El cable PEEK resistente al desgaste, retardante de llama, de baja emisi\u00f3n de humos y sin hal\u00f3genos es resistente al agua de mar, ligero, de peque\u00f1o tama\u00f1o y retardante de llama.","og_url":"https:\/\/www.tstcables.com\/es\/producto\/peek-resistente-al-desgaste-retardante-de-llama-baja-emision-de-humos-cable-sin-halogenos-ak250-300v\/","og_site_name":"TST CABLES supplier &amp; Manufacture","article_modified_time":"2024-05-08T02:17:34+00:00","og_image":[{"width":750,"height":750,"url":"https:\/\/www.tstcables.com\/wp-content\/uploads\/2024\/03\/1-21.jpg","type":"image\/jpeg"}],"twitter_card":"summary_large_image","twitter_misc":{"Tiempo de lectura":"1 minuto"},"schema":{"@context":"https:\/\/schema.org","@graph":[{"@type":"WebPage","@id":"https:\/\/www.tstcables.com\/es\/producto\/peek-resistente-al-desgaste-retardante-de-llama-baja-emision-de-humos-cable-sin-halogenos-ak250-300v\/","url":"https:\/\/www.tstcables.com\/es\/producto\/peek-resistente-al-desgaste-retardante-de-llama-baja-emision-de-humos-cable-sin-halogenos-ak250-300v\/","name":"PEEK Resistente al desgaste Retardante de llama Baja emisi\u00f3n de humos Cable sin hal\u00f3genos","isPartOf":{"@id":"https:\/\/www.tstcables.com\/es\/#website"},"primaryImageOfPage":{"@id":"https:\/\/www.tstcables.com\/es\/producto\/peek-resistente-al-desgaste-retardante-de-llama-baja-emision-de-humos-cable-sin-halogenos-ak250-300v\/#primaryimage"},"image":{"@id":"https:\/\/www.tstcables.com\/es\/producto\/peek-resistente-al-desgaste-retardante-de-llama-baja-emision-de-humos-cable-sin-halogenos-ak250-300v\/#primaryimage"},"thumbnailUrl":"https:\/\/www.tstcables.com\/wp-content\/uploads\/2024\/03\/1-21.jpg","datePublished":"2024-03-23T09:12:26+00:00","dateModified":"2024-05-08T02:17:34+00:00","description":"El cable PEEK resistente al desgaste, retardante de llama, de baja emisi\u00f3n de humos y sin hal\u00f3genos es resistente al agua de mar, ligero, de peque\u00f1o tama\u00f1o y retardante de llama.","breadcrumb":{"@id":"https:\/\/www.tstcables.com\/es\/producto\/peek-resistente-al-desgaste-retardante-de-llama-baja-emision-de-humos-cable-sin-halogenos-ak250-300v\/#breadcrumb"},"inLanguage":"es","potentialAction":[{"@type":"ReadAction","target":["https:\/\/www.tstcables.com\/es\/producto\/peek-resistente-al-desgaste-retardante-de-llama-baja-emision-de-humos-cable-sin-halogenos-ak250-300v\/"]}]},{"@type":"ImageObject","inLanguage":"es","@id":"https:\/\/www.tstcables.com\/es\/producto\/peek-resistente-al-desgaste-retardante-de-llama-baja-emision-de-humos-cable-sin-halogenos-ak250-300v\/#primaryimage","url":"https:\/\/www.tstcables.com\/wp-content\/uploads\/2024\/03\/1-21.jpg","contentUrl":"https:\/\/www.tstcables.com\/wp-content\/uploads\/2024\/03\/1-21.jpg","width":750,"height":750,"caption":"Silicone High Voltage Wire & Cable"},{"@type":"BreadcrumbList","@id":"https:\/\/www.tstcables.com\/es\/producto\/peek-resistente-al-desgaste-retardante-de-llama-baja-emision-de-humos-cable-sin-halogenos-ak250-300v\/#breadcrumb","itemListElement":[{"@type":"ListItem","position":1,"name":"\u9996\u9875","item":"https:\/\/www.tstcables.com\/es\/"},{"@type":"ListItem","position":2,"name":"Product","item":"https:\/\/www.tstcables.com\/product\/"},{"@type":"ListItem","position":3,"name":"PEEK Resistente al desgaste Retardante de llama Baja emisi\u00f3n de humos Cable sin hal\u00f3genos AK250 300V"}]},{"@type":"WebSite","@id":"https:\/\/www.tstcables.com\/es\/#website","url":"https:\/\/www.tstcables.com\/es\/","name":"TST Cable supplier & Manufacture","description":"TST CABLES  supplier &amp; Manufacture official website","publisher":{"@id":"https:\/\/www.tstcables.com\/es\/#organization"},"potentialAction":[{"@type":"SearchAction","target":{"@type":"EntryPoint","urlTemplate":"https:\/\/www.tstcables.com\/es\/?s={search_term_string}"},"query-input":{"@type":"PropertyValueSpecification","valueRequired":true,"valueName":"search_term_string"}}],"inLanguage":"es"},{"@type":"Organization","@id":"https:\/\/www.tstcables.com\/es\/#organization","name":"TST Cable supplier & Manufacture","url":"https:\/\/www.tstcables.com\/es\/","logo":{"@type":"ImageObject","inLanguage":"es","@id":"https:\/\/www.tstcables.com\/es\/#\/schema\/logo\/image\/","url":"https:\/\/www.tstcables.com\/wp-content\/uploads\/2024\/04\/cropped-\u753b\u677f-1-\u62f7\u8d1d-4-1.png","contentUrl":"https:\/\/www.tstcables.com\/wp-content\/uploads\/2024\/04\/cropped-\u753b\u677f-1-\u62f7\u8d1d-4-1.png","width":300,"height":100,"caption":"TST Cable supplier & Manufacture"},"image":{"@id":"https:\/\/www.tstcables.com\/es\/#\/schema\/logo\/image\/"}}]}},"_links":{"self":[{"href":"https:\/\/www.tstcables.com\/es\/wp-json\/wp\/v2\/product\/17713","targetHints":{"allow":["GET"]}}],"collection":[{"href":"https:\/\/www.tstcables.com\/es\/wp-json\/wp\/v2\/product"}],"about":[{"href":"https:\/\/www.tstcables.com\/es\/wp-json\/wp\/v2\/types\/product"}],"version-history":[{"count":0,"href":"https:\/\/www.tstcables.com\/es\/wp-json\/wp\/v2\/product\/17713\/revisions"}],"wp:featuredmedia":[{"embeddable":true,"href":"https:\/\/www.tstcables.com\/es\/wp-json\/wp\/v2\/media\/13046"}],"wp:attachment":[{"href":"https:\/\/www.tstcables.com\/es\/wp-json\/wp\/v2\/media?parent=17713"}],"wp:term":[{"taxonomy":"product_brand","embeddable":true,"href":"https:\/\/www.tstcables.com\/es\/wp-json\/wp\/v2\/product_brand?post=17713"},{"taxonomy":"product_cat","embeddable":true,"href":"https:\/\/www.tstcables.com\/es\/wp-json\/wp\/v2\/product_cat?post=17713"},{"taxonomy":"product_tag","embeddable":true,"href":"https:\/\/www.tstcables.com\/es\/wp-json\/wp\/v2\/product_tag?post=17713"}],"curies":[{"name":"wp","href":"https:\/\/api.w.org\/{rel}","templated":true}]}}