{"id":17725,"date":"2024-03-23T16:21:07","date_gmt":"2024-03-23T08:21:07","guid":{"rendered":"https:\/\/www.tstcables.com\/product\/200%e2%84%83-cable-e-hilo-de-control-de-senales-ferroviarias-ligero-resistente-a-altas-temperaturas-y-antiinterferencias\/"},"modified":"2024-03-23T16:21:07","modified_gmt":"2024-03-23T08:21:07","slug":"200%e2%84%83-cable-e-hilo-de-control-de-senales-ferroviarias-ligero-resistente-a-altas-temperaturas-y-antiinterferencias","status":"publish","type":"product","link":"https:\/\/www.tstcables.com\/es\/producto\/200%e2%84%83-cable-e-hilo-de-control-de-senales-ferroviarias-ligero-resistente-a-altas-temperaturas-y-antiinterferencias\/","title":{"rendered":"200\u2103 Cable e hilo de control de se\u00f1ales ferroviarias, ligero, resistente a altas temperaturas y antiinterferencias"},"content":{"rendered":"<p>Aplicaci\u00f3n\uff1a<\/p>\n<p>El cable y alambre de control de se\u00f1ales ferroviarias, ligero, resistente a altas temperaturas y antiinterferencias, es especialmente adecuado para el cableado de paneles de control, cajas de control el\u00e9ctrico, cableado de vagones, alimentaci\u00f3n de diversos sistemas en cajas de terminales y conexiones a tierra para dispositivos m\u00f3viles dentro de veh\u00edculos ferroviarios. Cumple los requisitos de las normas europeas de protecci\u00f3n contra incendios en ferrocarriles, lo que garantiza el cumplimiento de los reglamentos y normas de seguridad en aplicaciones ferroviarias.<\/p>\n<p>Caracter\u00edstica\uff1a<\/p>\n<ul>\n<li>Resistencia a la temperatura: de -50\u00b0C a 200\u00b0C<\/li>\n<li>Tensi\u00f3n nominal: 600V<\/li>\n<li>Resistencia del aislamiento: 10MPa &gt;<\/li>\n<li>Alargamiento a la rotura: 125%. &gt;<\/li>\n<li>Resistencia al fuego: Cumple la norma HL3 de EN45545-2 R15\/R16<\/li>\n<\/ul>\n<p>Norma del sector:<\/p>\n<ul>\n<li>Cumplen los requisitos de TB\/T1484.1-2017 y TJ\/CL254-2013 para cables de locomotoras y veh\u00edculos de pasajeros a trav\u00e9s de EN45545, requisitos HL1, HL2 y HL3 dentro y fuera del veh\u00edculo.<\/li>\n<li>Cumpla los requisitos de la norma BS6853:1999 para locomotoras de la, lb y clase en lo que respecta a los cables internos y externos. Aprobado<\/li>\n<li>BS6853:1999 y DIN5510-2:2009 ensayos de fuego, humo y toxicidad. Comply with the requirements of flammability class S1~S5 in DIN5510-2:2009.<\/li>\n<li>Certificaci\u00f3n CRCC de productos ferroviarios de China aprobada.<\/li>\n<\/ul>\n<p>Estructura\uff1a<\/p>\n<ul>\n<li>Conductor: Hilo flexible de cobre recocido esta\u00f1ado con estructura de clase 5.<\/li>\n<li>Aislamiento: Compuesto elastom\u00e9rico est\u00e1ndar de baja emisi\u00f3n de humos y sin hal\u00f3genos.<\/li>\n<li>Cubierta: Compuesto elastom\u00e9rico est\u00e1ndar de baja emisi\u00f3n de humos y sin hal\u00f3genos.<\/li>\n<li>Radio de curvatura del cable: 6 veces el di\u00e1metro exterior del cable (6D).<\/li>\n<\/ul>\n<p>Par\u00e1metro de selecci\u00f3n<\/p>\n<table class=\"tg\">\n<thead>\n<tr>\n<th class=\"tg-0pky\" rowspan=\"2\">Secci\u00f3n nominal<\/th>\n<th class=\"tg-0pky\" rowspan=\"2\">N\u00famero de hilos * Di\u00e1metro del conductor<\/th>\n<th class=\"tg-0pky\" colspan=\"2\">Di\u00e1metro del conductor<\/th>\n<th class=\"tg-0pky\">Espesor medio del aislamiento<\/th>\n<th class=\"tg-0pky\" colspan=\"2\">Di\u00e1metro exterior (D)<\/th>\n<th class=\"tg-0pky\" rowspan=\"2\">20\u2103 resistencia m\u00e1xima del conductor<\/th>\n<th class=\"tg-0pky\" rowspan=\"2\">Peso de referencia<\/th>\n<th class=\"tg-0lax\" rowspan=\"2\">Carga de fuego<\/th>\n<\/tr>\n<tr>\n<th class=\"tg-0pky\"><span style=\"color: #000;\">min<\/span><\/th>\n<th class=\"tg-0pky\"><span style=\"color: #000;\">max<\/span><\/th>\n<th class=\"tg-0pky\"><span style=\"color: #000;\">min<\/span><\/th>\n<th class=\"tg-0pky\"><span style=\"color: #000;\">min<\/span><\/th>\n<th class=\"tg-0pky\"><span style=\"color: #000;\">max<\/span><\/th>\n<\/tr>\n<\/thead>\n<tbody>\n<tr>\n<td class=\"tg-0pky\"><span style=\"color: #000;\">mm<\/span><\/td>\n<td class=\"tg-0pky\"><span style=\"color: #000;\">n xmm<\/span><\/td>\n<td class=\"tg-0pky\"><span style=\"color: #000;\">mm<\/span><\/td>\n<td class=\"tg-0pky\"><span style=\"color: #000;\">mm<\/span><\/td>\n<td class=\"tg-0pky\"><span style=\"color: #000;\">mm<\/span><\/td>\n<td class=\"tg-0pky\"><span style=\"color: #000;\">mm<\/span><\/td>\n<td class=\"tg-0pky\"><span style=\"color: #000;\">mm<\/span><\/td>\n<td class=\"tg-0pky\"><span style=\"color: #000;\">\u03a9\/km<\/span><\/td>\n<td class=\"tg-0pky\"><span style=\"color: #000;\">Kg\/k m<\/span><\/td>\n<td class=\"tg-0lax\"><span style=\"color: #000;\">KJ\/m<\/span><\/td>\n<\/tr>\n<tr>\n<td class=\"tg-0pky\"><span style=\"color: #000;\">0.5<\/span><\/td>\n<td class=\"tg-0pky\"><span style=\"color: #000;\">19&#215;0.18<\/span><\/td>\n<td class=\"tg-0pky\"><span style=\"color: #000;\">0.8<\/span><\/td>\n<td class=\"tg-0pky\"><span style=\"color: #000;\">0.95<\/span><\/td>\n<td class=\"tg-0pky\"><span style=\"color: #000;\">0.18<\/span><\/td>\n<td class=\"tg-0pky\"><span style=\"color: #000;\">1.15<\/span><\/td>\n<td class=\"tg-0pky\"><span style=\"color: #000;\">1.45<\/span><\/td>\n<td class=\"tg-0pky\"><span style=\"color: #000;\">40.1<\/span><\/td>\n<td class=\"tg-0pky\"><span style=\"color: #000;\">5.9<\/span><\/td>\n<td class=\"tg-0lax\"><span style=\"color: #000;\">22<\/span><\/td>\n<\/tr>\n<tr>\n<td class=\"tg-0pky\"><span style=\"color: #000;\">0.75<\/span><\/td>\n<td class=\"tg-0pky\"><span style=\"color: #000;\">37&#215;0.16a<\/span><\/td>\n<td class=\"tg-0pky\"><span style=\"color: #000;\">1<\/span><\/td>\n<td class=\"tg-0pky\"><span style=\"color: #000;\">1.15<\/span><\/td>\n<td class=\"tg-0pky\"><span style=\"color: #000;\">0.18<\/span><\/td>\n<td class=\"tg-0pky\"><span style=\"color: #000;\">1.35<\/span><\/td>\n<td class=\"tg-0pky\"><span style=\"color: #000;\">1.65<\/span><\/td>\n<td class=\"tg-0pky\"><span style=\"color: #000;\">26.7<\/span><\/td>\n<td class=\"tg-0pky\"><span style=\"color: #000;\">8.1<\/span><\/td>\n<td class=\"tg-0lax\"><span style=\"color: #000;\">27<\/span><\/td>\n<\/tr>\n<tr>\n<td class=\"tg-0pky\"><span style=\"color: #000;\">1<\/span><\/td>\n<td class=\"tg-0pky\"><span style=\"color: #000;\">37&#215;0.18a<\/span><\/td>\n<td class=\"tg-0pky\"><span style=\"color: #000;\">1.1<\/span><\/td>\n<td class=\"tg-0pky\"><span style=\"color: #000;\">1.3<\/span><\/td>\n<td class=\"tg-0pky\"><span style=\"color: #000;\">0.18<\/span><\/td>\n<td class=\"tg-0pky\"><span style=\"color: #000;\">1.45<\/span><\/td>\n<td class=\"tg-0pky\"><span style=\"color: #000;\">1.8<\/span><\/td>\n<td class=\"tg-0pky\"><span style=\"color: #000;\">20<\/span><\/td>\n<td class=\"tg-0pky\"><span style=\"color: #000;\">10.1<\/span><\/td>\n<td class=\"tg-0lax\"><span style=\"color: #000;\">33<\/span><\/td>\n<\/tr>\n<tr>\n<td class=\"tg-0pky\"><span style=\"color: #000;\">1.5<\/span><\/td>\n<td class=\"tg-0pky\"><span style=\"color: #000;\">37&#215;0.23a<\/span><\/td>\n<td class=\"tg-0pky\"><span style=\"color: #000;\">1.45<\/span><\/td>\n<td class=\"tg-0pky\"><span style=\"color: #000;\">1.65<\/span><\/td>\n<td class=\"tg-0pky\"><span style=\"color: #000;\">0.22<\/span><\/td>\n<td class=\"tg-0pky\"><span style=\"color: #000;\">1.95<\/span><\/td>\n<td class=\"tg-0pky\"><span style=\"color: #000;\">2.3<\/span><\/td>\n<td class=\"tg-0pky\"><span style=\"color: #000;\">13.7<\/span><\/td>\n<td class=\"tg-0pky\"><span style=\"color: #000;\">16.5<\/span><\/td>\n<td class=\"tg-0lax\"><span style=\"color: #000;\">58<\/span><\/td>\n<\/tr>\n<tr>\n<td class=\"tg-0pky\"><span style=\"color: #000;\">2.5<\/span><\/td>\n<td class=\"tg-0pky\"><span style=\"color: #000;\">37&#215;0.30<\/span><\/td>\n<td class=\"tg-0pky\"><span style=\"color: #000;\">1.85<\/span><\/td>\n<td class=\"tg-0pky\"><span style=\"color: #000;\">2.15<\/span><\/td>\n<td class=\"tg-0pky\"><span style=\"color: #000;\">0.28<\/span><\/td>\n<td class=\"tg-0pky\"><span style=\"color: #000;\">2.5<\/span><\/td>\n<td class=\"tg-0pky\"><span style=\"color: #000;\">2.85<\/span><\/td>\n<td class=\"tg-0pky\"><span style=\"color: #000;\">8.21<\/span><\/td>\n<td class=\"tg-0pky\"><span style=\"color: #000;\">27.5<\/span><\/td>\n<td class=\"tg-0lax\"><span style=\"color: #000;\">72<\/span><\/td>\n<\/tr>\n<\/tbody>\n<\/table>\n","protected":false},"excerpt":{"rendered":"<p>Cables e hilos ligeros de control de se\u00f1ales ferroviarias, resistentes a altas temperaturas y antiinterferencias, desarrollados espec\u00edficamente para veh\u00edculos ferroviarios. Este cable est\u00e1 libre de hal\u00f3genos, lo que significa que no contiene compuestos halogenados. En caso de incendio, no libera gases corrosivos, por lo que es m\u00e1s seguro para los pasajeros y el equipo. Es ign\u00edfugo, lo que significa que resiste la propagaci\u00f3n del fuego, y emite bajos niveles de humo, lo que reduce la obstrucci\u00f3n de la visibilidad y los posibles riesgos respiratorios. El cable tambi\u00e9n tiene un bajo \u00edndice de toxicidad, lo que minimiza los efectos nocivos de cualquier posible emisi\u00f3n.<\/p>\n","protected":false},"featured_media":13094,"template":"","meta":{"_eb_attr":"","site-sidebar-layout":"default","site-content-layout":"","ast-site-content-layout":"default","site-content-style":"default","site-sidebar-style":"default","ast-global-header-display":"","ast-banner-title-visibility":"","ast-main-header-display":"","ast-hfb-above-header-display":"","ast-hfb-below-header-display":"","ast-hfb-mobile-header-display":"","site-post-title":"","ast-breadcrumbs-content":"","ast-featured-img":"","footer-sml-layout":"","theme-transparent-header-meta":"default","adv-header-id-meta":"","stick-header-meta":"","header-above-stick-meta":"","header-main-stick-meta":"","header-below-stick-meta":"","astra-migrate-meta-layouts":"default","ast-page-background-enabled":"default","ast-page-background-meta":{"desktop":{"background-color":"","background-image":"","background-repeat":"repeat","background-position":"center center","background-size":"auto","background-attachment":"scroll","background-type":"","background-media":"","overlay-type":"","overlay-color":"","overlay-opacity":"","overlay-gradient":""},"tablet":{"background-color":"","background-image":"","background-repeat":"repeat","background-position":"center center","background-size":"auto","background-attachment":"scroll","background-type":"","background-media":"","overlay-type":"","overlay-color":"","overlay-opacity":"","overlay-gradient":""},"mobile":{"background-color":"","background-image":"","background-repeat":"repeat","background-position":"center center","background-size":"auto","background-attachment":"scroll","background-type":"","background-media":"","overlay-type":"","overlay-color":"","overlay-opacity":"","overlay-gradient":""}},"ast-content-background-meta":{"desktop":{"background-color":"var(--ast-global-color-5)","background-image":"","background-repeat":"repeat","background-position":"center center","background-size":"auto","background-attachment":"scroll","background-type":"","background-media":"","overlay-type":"","overlay-color":"","overlay-opacity":"","overlay-gradient":""},"tablet":{"background-color":"var(--ast-global-color-5)","background-image":"","background-repeat":"repeat","background-position":"center center","background-size":"auto","background-attachment":"scroll","background-type":"","background-media":"","overlay-type":"","overlay-color":"","overlay-opacity":"","overlay-gradient":""},"mobile":{"background-color":"var(--ast-global-color-5)","background-image":"","background-repeat":"repeat","background-position":"center center","background-size":"auto","background-attachment":"scroll","background-type":"","background-media":"","overlay-type":"","overlay-color":"","overlay-opacity":"","overlay-gradient":""}}},"product_brand":[],"product_cat":[599,591,590,595,623,622,601,603,602,597],"product_tag":[932,1230,880],"class_list":{"0":"post-17725","1":"product","2":"type-product","3":"status-publish","4":"has-post-thumbnail","6":"product_cat-aviacion","7":"product_cat-cable-de-alta-temperatura","8":"product_cat-lsoh-cable-es","9":"product_cat-cable-personalizado","10":"product_cat-en50264-es","11":"product_cat-en50306-es","12":"product_cat-en50382-es","13":"product_cat-norma-en","14":"product_cat-norma-ice","15":"product_cat-via-ferrea","16":"product_tag-cable-de-alta-temperatura","17":"product_tag-cable-de-senal-de-control","18":"product_tag-cables-unipolares","19":"desktop-align-center","20":"tablet-align-left","21":"mobile-align-left","23":"first","24":"instock","25":"shipping-taxable","26":"product-type-simple"},"yoast_head":"<!-- This site is optimized with the Yoast SEO plugin v27.4 - https:\/\/yoast.com\/product\/yoast-seo-wordpress\/ -->\n<title>Cable y alambre ligeros de control de se\u00f1ales ferroviarias, resistentes a altas temperaturas y antiinterferencias<\/title>\n<meta name=\"description\" content=\"El cable y alambre de control de se\u00f1ales ferroviarias, ligero, resistente a altas temperaturas y antiinterferencias, est\u00e1 libre de hal\u00f3genos, lo que significa que no contiene compuestos halogenados.\" \/>\n<meta name=\"robots\" content=\"index, follow, max-snippet:-1, max-image-preview:large, max-video-preview:-1\" \/>\n<link rel=\"canonical\" href=\"https:\/\/www.tstcables.com\/es\/producto\/200%e2%84%83-cable-e-hilo-de-control-de-senales-ferroviarias-ligero-resistente-a-altas-temperaturas-y-antiinterferencias\/\" \/>\n<meta property=\"og:locale\" content=\"es_ES\" \/>\n<meta property=\"og:type\" content=\"article\" \/>\n<meta property=\"og:title\" content=\"Cable y alambre ligeros de control de se\u00f1ales ferroviarias, resistentes a altas temperaturas y antiinterferencias\" \/>\n<meta property=\"og:description\" content=\"El cable y alambre de control de se\u00f1ales ferroviarias, ligero, resistente a altas temperaturas y antiinterferencias, est\u00e1 libre de hal\u00f3genos, lo que significa que no contiene compuestos halogenados.\" \/>\n<meta property=\"og:url\" content=\"https:\/\/www.tstcables.com\/es\/producto\/200%e2%84%83-cable-e-hilo-de-control-de-senales-ferroviarias-ligero-resistente-a-altas-temperaturas-y-antiinterferencias\/\" \/>\n<meta property=\"og:site_name\" content=\"TST CABLES supplier &amp; Manufacture\" \/>\n<meta property=\"og:image\" content=\"https:\/\/www.tstcables.com\/wp-content\/uploads\/2024\/03\/1-22.jpg\" \/>\n\t<meta property=\"og:image:width\" content=\"750\" \/>\n\t<meta property=\"og:image:height\" content=\"750\" \/>\n\t<meta property=\"og:image:type\" content=\"image\/jpeg\" \/>\n<meta name=\"twitter:card\" content=\"summary_large_image\" \/>\n<meta name=\"twitter:label1\" content=\"Tiempo de lectura\" \/>\n\t<meta name=\"twitter:data1\" content=\"2 minutos\" \/>\n<script type=\"application\/ld+json\" class=\"yoast-schema-graph\">{\"@context\":\"https:\\\/\\\/schema.org\",\"@graph\":[{\"@type\":\"WebPage\",\"@id\":\"https:\\\/\\\/www.tstcables.com\\\/es\\\/producto\\\/200%e2%84%83-cable-e-hilo-de-control-de-senales-ferroviarias-ligero-resistente-a-altas-temperaturas-y-antiinterferencias\\\/\",\"url\":\"https:\\\/\\\/www.tstcables.com\\\/es\\\/producto\\\/200%e2%84%83-cable-e-hilo-de-control-de-senales-ferroviarias-ligero-resistente-a-altas-temperaturas-y-antiinterferencias\\\/\",\"name\":\"Cable y alambre ligeros de control de se\u00f1ales ferroviarias, resistentes a altas temperaturas y antiinterferencias\",\"isPartOf\":{\"@id\":\"https:\\\/\\\/www.tstcables.com\\\/es\\\/#website\"},\"primaryImageOfPage\":{\"@id\":\"https:\\\/\\\/www.tstcables.com\\\/es\\\/producto\\\/200%e2%84%83-cable-e-hilo-de-control-de-senales-ferroviarias-ligero-resistente-a-altas-temperaturas-y-antiinterferencias\\\/#primaryimage\"},\"image\":{\"@id\":\"https:\\\/\\\/www.tstcables.com\\\/es\\\/producto\\\/200%e2%84%83-cable-e-hilo-de-control-de-senales-ferroviarias-ligero-resistente-a-altas-temperaturas-y-antiinterferencias\\\/#primaryimage\"},\"thumbnailUrl\":\"https:\\\/\\\/www.tstcables.com\\\/wp-content\\\/uploads\\\/2024\\\/03\\\/1-22.jpg\",\"datePublished\":\"2024-03-23T08:21:07+00:00\",\"description\":\"El cable y alambre de control de se\u00f1ales ferroviarias, ligero, resistente a altas temperaturas y antiinterferencias, est\u00e1 libre de hal\u00f3genos, lo que significa que no contiene compuestos halogenados.\",\"breadcrumb\":{\"@id\":\"https:\\\/\\\/www.tstcables.com\\\/es\\\/producto\\\/200%e2%84%83-cable-e-hilo-de-control-de-senales-ferroviarias-ligero-resistente-a-altas-temperaturas-y-antiinterferencias\\\/#breadcrumb\"},\"inLanguage\":\"es\",\"potentialAction\":[{\"@type\":\"ReadAction\",\"target\":[\"https:\\\/\\\/www.tstcables.com\\\/es\\\/producto\\\/200%e2%84%83-cable-e-hilo-de-control-de-senales-ferroviarias-ligero-resistente-a-altas-temperaturas-y-antiinterferencias\\\/\"]}]},{\"@type\":\"ImageObject\",\"inLanguage\":\"es\",\"@id\":\"https:\\\/\\\/www.tstcables.com\\\/es\\\/producto\\\/200%e2%84%83-cable-e-hilo-de-control-de-senales-ferroviarias-ligero-resistente-a-altas-temperaturas-y-antiinterferencias\\\/#primaryimage\",\"url\":\"https:\\\/\\\/www.tstcables.com\\\/wp-content\\\/uploads\\\/2024\\\/03\\\/1-22.jpg\",\"contentUrl\":\"https:\\\/\\\/www.tstcables.com\\\/wp-content\\\/uploads\\\/2024\\\/03\\\/1-22.jpg\",\"width\":750,\"height\":750,\"caption\":\"200\u2103 thinned single core high temperature control signal wire cable\"},{\"@type\":\"BreadcrumbList\",\"@id\":\"https:\\\/\\\/www.tstcables.com\\\/es\\\/producto\\\/200%e2%84%83-cable-e-hilo-de-control-de-senales-ferroviarias-ligero-resistente-a-altas-temperaturas-y-antiinterferencias\\\/#breadcrumb\",\"itemListElement\":[{\"@type\":\"ListItem\",\"position\":1,\"name\":\"\u9996\u9875\",\"item\":\"https:\\\/\\\/www.tstcables.com\\\/es\\\/\"},{\"@type\":\"ListItem\",\"position\":2,\"name\":\"Product\",\"item\":\"https:\\\/\\\/www.tstcables.com\\\/product\\\/\"},{\"@type\":\"ListItem\",\"position\":3,\"name\":\"200\u2103 Cable e hilo de control de se\u00f1ales ferroviarias, ligero, resistente a altas temperaturas y antiinterferencias\"}]},{\"@type\":\"WebSite\",\"@id\":\"https:\\\/\\\/www.tstcables.com\\\/es\\\/#website\",\"url\":\"https:\\\/\\\/www.tstcables.com\\\/es\\\/\",\"name\":\"TST Cable supplier & Manufacture\",\"description\":\"TST CABLES  supplier &amp; Manufacture official website\",\"publisher\":{\"@id\":\"https:\\\/\\\/www.tstcables.com\\\/es\\\/#organization\"},\"potentialAction\":[{\"@type\":\"SearchAction\",\"target\":{\"@type\":\"EntryPoint\",\"urlTemplate\":\"https:\\\/\\\/www.tstcables.com\\\/es\\\/?s={search_term_string}\"},\"query-input\":{\"@type\":\"PropertyValueSpecification\",\"valueRequired\":true,\"valueName\":\"search_term_string\"}}],\"inLanguage\":\"es\"},{\"@type\":\"Organization\",\"@id\":\"https:\\\/\\\/www.tstcables.com\\\/es\\\/#organization\",\"name\":\"TST Cable supplier & Manufacture\",\"url\":\"https:\\\/\\\/www.tstcables.com\\\/es\\\/\",\"logo\":{\"@type\":\"ImageObject\",\"inLanguage\":\"es\",\"@id\":\"https:\\\/\\\/www.tstcables.com\\\/es\\\/#\\\/schema\\\/logo\\\/image\\\/\",\"url\":\"https:\\\/\\\/www.tstcables.com\\\/wp-content\\\/uploads\\\/2024\\\/04\\\/cropped-\u753b\u677f-1-\u62f7\u8d1d-4-1.png\",\"contentUrl\":\"https:\\\/\\\/www.tstcables.com\\\/wp-content\\\/uploads\\\/2024\\\/04\\\/cropped-\u753b\u677f-1-\u62f7\u8d1d-4-1.png\",\"width\":300,\"height\":100,\"caption\":\"TST Cable supplier & Manufacture\"},\"image\":{\"@id\":\"https:\\\/\\\/www.tstcables.com\\\/es\\\/#\\\/schema\\\/logo\\\/image\\\/\"}}]}<\/script>\n<!-- \/ Yoast SEO plugin. -->","yoast_head_json":{"title":"Cable y alambre ligeros de control de se\u00f1ales ferroviarias, resistentes a altas temperaturas y antiinterferencias","description":"El cable y alambre de control de se\u00f1ales ferroviarias, ligero, resistente a altas temperaturas y antiinterferencias, est\u00e1 libre de hal\u00f3genos, lo que significa que no contiene compuestos halogenados.","robots":{"index":"index","follow":"follow","max-snippet":"max-snippet:-1","max-image-preview":"max-image-preview:large","max-video-preview":"max-video-preview:-1"},"canonical":"https:\/\/www.tstcables.com\/es\/producto\/200%e2%84%83-cable-e-hilo-de-control-de-senales-ferroviarias-ligero-resistente-a-altas-temperaturas-y-antiinterferencias\/","og_locale":"es_ES","og_type":"article","og_title":"Cable y alambre ligeros de control de se\u00f1ales ferroviarias, resistentes a altas temperaturas y antiinterferencias","og_description":"El cable y alambre de control de se\u00f1ales ferroviarias, ligero, resistente a altas temperaturas y antiinterferencias, est\u00e1 libre de hal\u00f3genos, lo que significa que no contiene compuestos halogenados.","og_url":"https:\/\/www.tstcables.com\/es\/producto\/200%e2%84%83-cable-e-hilo-de-control-de-senales-ferroviarias-ligero-resistente-a-altas-temperaturas-y-antiinterferencias\/","og_site_name":"TST CABLES supplier &amp; Manufacture","og_image":[{"width":750,"height":750,"url":"https:\/\/www.tstcables.com\/wp-content\/uploads\/2024\/03\/1-22.jpg","type":"image\/jpeg"}],"twitter_card":"summary_large_image","twitter_misc":{"Tiempo de lectura":"2 minutos"},"schema":{"@context":"https:\/\/schema.org","@graph":[{"@type":"WebPage","@id":"https:\/\/www.tstcables.com\/es\/producto\/200%e2%84%83-cable-e-hilo-de-control-de-senales-ferroviarias-ligero-resistente-a-altas-temperaturas-y-antiinterferencias\/","url":"https:\/\/www.tstcables.com\/es\/producto\/200%e2%84%83-cable-e-hilo-de-control-de-senales-ferroviarias-ligero-resistente-a-altas-temperaturas-y-antiinterferencias\/","name":"Cable y alambre ligeros de control de se\u00f1ales ferroviarias, resistentes a altas temperaturas y antiinterferencias","isPartOf":{"@id":"https:\/\/www.tstcables.com\/es\/#website"},"primaryImageOfPage":{"@id":"https:\/\/www.tstcables.com\/es\/producto\/200%e2%84%83-cable-e-hilo-de-control-de-senales-ferroviarias-ligero-resistente-a-altas-temperaturas-y-antiinterferencias\/#primaryimage"},"image":{"@id":"https:\/\/www.tstcables.com\/es\/producto\/200%e2%84%83-cable-e-hilo-de-control-de-senales-ferroviarias-ligero-resistente-a-altas-temperaturas-y-antiinterferencias\/#primaryimage"},"thumbnailUrl":"https:\/\/www.tstcables.com\/wp-content\/uploads\/2024\/03\/1-22.jpg","datePublished":"2024-03-23T08:21:07+00:00","description":"El cable y alambre de control de se\u00f1ales ferroviarias, ligero, resistente a altas temperaturas y antiinterferencias, est\u00e1 libre de hal\u00f3genos, lo que significa que no contiene compuestos halogenados.","breadcrumb":{"@id":"https:\/\/www.tstcables.com\/es\/producto\/200%e2%84%83-cable-e-hilo-de-control-de-senales-ferroviarias-ligero-resistente-a-altas-temperaturas-y-antiinterferencias\/#breadcrumb"},"inLanguage":"es","potentialAction":[{"@type":"ReadAction","target":["https:\/\/www.tstcables.com\/es\/producto\/200%e2%84%83-cable-e-hilo-de-control-de-senales-ferroviarias-ligero-resistente-a-altas-temperaturas-y-antiinterferencias\/"]}]},{"@type":"ImageObject","inLanguage":"es","@id":"https:\/\/www.tstcables.com\/es\/producto\/200%e2%84%83-cable-e-hilo-de-control-de-senales-ferroviarias-ligero-resistente-a-altas-temperaturas-y-antiinterferencias\/#primaryimage","url":"https:\/\/www.tstcables.com\/wp-content\/uploads\/2024\/03\/1-22.jpg","contentUrl":"https:\/\/www.tstcables.com\/wp-content\/uploads\/2024\/03\/1-22.jpg","width":750,"height":750,"caption":"200\u2103 thinned single core high temperature control signal wire cable"},{"@type":"BreadcrumbList","@id":"https:\/\/www.tstcables.com\/es\/producto\/200%e2%84%83-cable-e-hilo-de-control-de-senales-ferroviarias-ligero-resistente-a-altas-temperaturas-y-antiinterferencias\/#breadcrumb","itemListElement":[{"@type":"ListItem","position":1,"name":"\u9996\u9875","item":"https:\/\/www.tstcables.com\/es\/"},{"@type":"ListItem","position":2,"name":"Product","item":"https:\/\/www.tstcables.com\/product\/"},{"@type":"ListItem","position":3,"name":"200\u2103 Cable e hilo de control de se\u00f1ales ferroviarias, ligero, resistente a altas temperaturas y antiinterferencias"}]},{"@type":"WebSite","@id":"https:\/\/www.tstcables.com\/es\/#website","url":"https:\/\/www.tstcables.com\/es\/","name":"TST Cable supplier & Manufacture","description":"TST CABLES  supplier &amp; Manufacture official website","publisher":{"@id":"https:\/\/www.tstcables.com\/es\/#organization"},"potentialAction":[{"@type":"SearchAction","target":{"@type":"EntryPoint","urlTemplate":"https:\/\/www.tstcables.com\/es\/?s={search_term_string}"},"query-input":{"@type":"PropertyValueSpecification","valueRequired":true,"valueName":"search_term_string"}}],"inLanguage":"es"},{"@type":"Organization","@id":"https:\/\/www.tstcables.com\/es\/#organization","name":"TST Cable supplier & Manufacture","url":"https:\/\/www.tstcables.com\/es\/","logo":{"@type":"ImageObject","inLanguage":"es","@id":"https:\/\/www.tstcables.com\/es\/#\/schema\/logo\/image\/","url":"https:\/\/www.tstcables.com\/wp-content\/uploads\/2024\/04\/cropped-\u753b\u677f-1-\u62f7\u8d1d-4-1.png","contentUrl":"https:\/\/www.tstcables.com\/wp-content\/uploads\/2024\/04\/cropped-\u753b\u677f-1-\u62f7\u8d1d-4-1.png","width":300,"height":100,"caption":"TST Cable supplier & Manufacture"},"image":{"@id":"https:\/\/www.tstcables.com\/es\/#\/schema\/logo\/image\/"}}]}},"_links":{"self":[{"href":"https:\/\/www.tstcables.com\/es\/wp-json\/wp\/v2\/product\/17725","targetHints":{"allow":["GET"]}}],"collection":[{"href":"https:\/\/www.tstcables.com\/es\/wp-json\/wp\/v2\/product"}],"about":[{"href":"https:\/\/www.tstcables.com\/es\/wp-json\/wp\/v2\/types\/product"}],"version-history":[{"count":0,"href":"https:\/\/www.tstcables.com\/es\/wp-json\/wp\/v2\/product\/17725\/revisions"}],"wp:featuredmedia":[{"embeddable":true,"href":"https:\/\/www.tstcables.com\/es\/wp-json\/wp\/v2\/media\/13094"}],"wp:attachment":[{"href":"https:\/\/www.tstcables.com\/es\/wp-json\/wp\/v2\/media?parent=17725"}],"wp:term":[{"taxonomy":"product_brand","embeddable":true,"href":"https:\/\/www.tstcables.com\/es\/wp-json\/wp\/v2\/product_brand?post=17725"},{"taxonomy":"product_cat","embeddable":true,"href":"https:\/\/www.tstcables.com\/es\/wp-json\/wp\/v2\/product_cat?post=17725"},{"taxonomy":"product_tag","embeddable":true,"href":"https:\/\/www.tstcables.com\/es\/wp-json\/wp\/v2\/product_tag?post=17725"}],"curies":[{"name":"wp","href":"https:\/\/api.w.org\/{rel}","templated":true}]}}