{"id":17726,"date":"2024-03-23T15:31:07","date_gmt":"2024-03-23T07:31:07","guid":{"rendered":"https:\/\/www.tstcables.com\/product\/cable-de-senal-de-control-fino-antiinterferencias-resistente-a-altas-temperaturas-600v-en50306-2\/"},"modified":"2024-03-23T15:31:07","modified_gmt":"2024-03-23T07:31:07","slug":"cable-de-senal-de-control-fino-antiinterferencias-resistente-a-altas-temperaturas-600v-en50306-2","status":"publish","type":"product","link":"https:\/\/www.tstcables.com\/es\/producto\/cable-de-senal-de-control-fino-antiinterferencias-resistente-a-altas-temperaturas-600v-en50306-2\/","title":{"rendered":"Cable de se\u00f1al de control fino antiinterferencias resistente a altas temperaturas 600V EN50306-2"},"content":{"rendered":"<p>Aplicaci\u00f3n\uff1a<\/p>\n<p>Como cable de pared delgada, es especialmente adecuado para el cableado de paneles de control y cajas de control el\u00e9ctrico, as\u00ed como para el cableado de vagones, la alimentaci\u00f3n de diversos sistemas en cajas de terminales y las conexiones a tierra de dispositivos m\u00f3viles dentro de veh\u00edculos ferroviarios. Cumple los requisitos de las normas europeas de protecci\u00f3n contra incendios en ferrocarriles.<\/p>\n<p>El cable fino y ligero TST-TW 600V MM ofrece unas caracter\u00edsticas de seguridad y rendimiento mejoradas, garantizando una transmisi\u00f3n fiable de las se\u00f1ales de control y minimizando al mismo tiempo los riesgos potenciales asociados a incidentes de incendio en aplicaciones ferroviarias.<\/p>\n<p>Caracter\u00edstica\uff1a<\/p>\n<ul>\n<li>Resistencia t\u00e9rmica: -50\u00b0C a 125\u00b0C<\/li>\n<li>Tensi\u00f3n nominal: 600V<\/li>\n<li>Resistencia del aislamiento: 10MPa &gt;<\/li>\n<li>Alargamiento a la rotura: 125%. &gt;<\/li>\n<li>Resistencia al fuego: Cumple la norma HL3 de EN45545-2 R15\/R16<\/li>\n<li>Cobre esta\u00f1ado de alta precisi\u00f3n con excelente conductividad y larga vida \u00fatil.<\/li>\n<\/ul>\n<p>Norma del sector:<\/p>\n<ul>\n<li>Cumplir con los requisitos de cables para locomotoras y veh\u00edculos de pasajeros TB\/T1484.1-2017 y TJ\/CL254-2013.<\/li>\n<li>Supera los requisitos EN45545, HL1, HL2 y HL3 dentro y fuera del veh\u00edculo.<\/li>\n<li>Cumpla los requisitos de la norma BS6853:1999 para locomotoras de la, lb y clase en relaci\u00f3n con los cables internos y externos.<\/li>\n<li>Ha superado las pruebas de fuego, humo y toxicidad BS6853:1999 y DIN5510-2:2009.<\/li>\n<li>Comply with the requirements of flammability class S1~S5 in DIN5510-2:2009.<\/li>\n<li>Certificaci\u00f3n CRCC de productos ferroviarios de China aprobada.<\/li>\n<\/ul>\n<p>Estructura\uff1a<\/p>\n<ul>\n<li>Conductor: Hilo flexible de cobre recocido esta\u00f1ado con estructura de clase 5.<\/li>\n<li>Aislamiento: Compuesto elastom\u00e9rico est\u00e1ndar de baja emisi\u00f3n de humos y sin hal\u00f3genos.<\/li>\n<li>Cubierta: Compuesto elastom\u00e9rico est\u00e1ndar de baja emisi\u00f3n de humos y sin hal\u00f3genos.<\/li>\n<li>Radio de curvatura del cable: 6 veces el di\u00e1metro exterior del cable (6D).<\/li>\n<\/ul>\n<p>Par\u00e1metro de selecci\u00f3n<\/p>\n<table class=\"tg\">\n<thead>\n<tr>\n<th class=\"tg-0pky\" rowspan=\"2\">Conductor Secci\u00f3n nominal<\/th>\n<th class=\"tg-0pky\" rowspan=\"2\"><span style=\"color: #000;\">N\u00famero de hilos*Di\u00e1metro del conductor<\/span><\/th>\n<th class=\"tg-0pky\" colspan=\"2\">Di\u00e1metro del conductor<\/th>\n<th class=\"tg-0pky\">Espesor medio del aislamiento<\/th>\n<th class=\"tg-0pky\" colspan=\"2\">Di\u00e1metro exterior (D)<\/th>\n<th class=\"tg-0pky\" rowspan=\"2\">Resistencia del conductor m\u00e1x. a 20\u2103<\/th>\n<th class=\"tg-0pky\" rowspan=\"2\">Peso de referencia<\/th>\n<th class=\"tg-0lax\" rowspan=\"2\">Carga de fuego<\/th>\n<\/tr>\n<tr>\n<th class=\"tg-0pky\"><span style=\"color: #000;\">min<\/span><\/th>\n<th class=\"tg-0pky\"><span style=\"color: #000;\">max<\/span><\/th>\n<th class=\"tg-0pky\"><span style=\"color: #000;\">min<\/span><\/th>\n<th class=\"tg-0pky\"><span style=\"color: #000;\">min<\/span><\/th>\n<th class=\"tg-0pky\"><span style=\"color: #000;\">max<\/span><\/th>\n<\/tr>\n<\/thead>\n<tbody>\n<tr>\n<td class=\"tg-0pky\"><span style=\"color: #000;\">mm2<\/span><\/td>\n<td class=\"tg-0pky\"><span style=\"color: #000;\">n xmm<\/span><\/td>\n<td class=\"tg-0pky\"><span style=\"color: #000;\">mm<\/span><\/td>\n<td class=\"tg-0pky\"><span style=\"color: #000;\">mm<\/span><\/td>\n<td class=\"tg-0pky\"><span style=\"color: #000;\">mm<\/span><\/td>\n<td class=\"tg-0pky\"><span style=\"color: #000;\">mm<\/span><\/td>\n<td class=\"tg-0pky\"><span style=\"color: #000;\">mm<\/span><\/td>\n<td class=\"tg-0pky\"><span style=\"color: #000;\">\u03a92\/km<\/span><\/td>\n<td class=\"tg-0pky\"><span style=\"color: #000;\">Kg\/k m<\/span><\/td>\n<td class=\"tg-0lax\"><span style=\"color: #000;\">KJ\/m<\/span><\/td>\n<\/tr>\n<tr>\n<td class=\"tg-0pky\"><span style=\"color: #000;\">0.5<\/span><\/td>\n<td class=\"tg-0pky\"><span style=\"color: #000;\">19&#215;0.18<\/span><\/td>\n<td class=\"tg-0pky\"><span style=\"color: #000;\">0.8<\/span><\/td>\n<td class=\"tg-0pky\"><span style=\"color: #000;\">0.95<\/span><\/td>\n<td class=\"tg-0pky\"><span style=\"color: #000;\">0.18<\/span><\/td>\n<td class=\"tg-0pky\"><span style=\"color: #000;\">1.2<\/span><\/td>\n<td class=\"tg-0pky\"><span style=\"color: #000;\">1.35<\/span><\/td>\n<td class=\"tg-0pky\"><span style=\"color: #000;\">40.1<\/span><\/td>\n<td class=\"tg-0pky\"><span style=\"color: #000;\">5.3<\/span><\/td>\n<td class=\"tg-0lax\"><span style=\"color: #000;\">17<\/span><\/td>\n<\/tr>\n<tr>\n<td class=\"tg-0pky\"><span style=\"color: #000;\">0.75<\/span><\/td>\n<td class=\"tg-0pky\"><span style=\"color: #000;\">37&#215;0.16<\/span><\/td>\n<td class=\"tg-0pky\"><span style=\"color: #000;\">1<\/span><\/td>\n<td class=\"tg-0pky\"><span style=\"color: #000;\">1.15<\/span><\/td>\n<td class=\"tg-0pky\"><span style=\"color: #000;\">0.18<\/span><\/td>\n<td class=\"tg-0pky\"><span style=\"color: #000;\">1.4<\/span><\/td>\n<td class=\"tg-0pky\"><span style=\"color: #000;\">1.55<\/span><\/td>\n<td class=\"tg-0pky\"><span style=\"color: #000;\">26.7<\/span><\/td>\n<td class=\"tg-0pky\"><span style=\"color: #000;\">7.8<\/span><\/td>\n<td class=\"tg-0lax\"><span style=\"color: #000;\">21<\/span><\/td>\n<\/tr>\n<tr>\n<td class=\"tg-0pky\"><span style=\"color: #000;\">1<\/span><\/td>\n<td class=\"tg-0pky\"><span style=\"color: #000;\">37&#215;0.18a<\/span><\/td>\n<td class=\"tg-0pky\"><span style=\"color: #000;\">1.1<\/span><\/td>\n<td class=\"tg-0pky\"><span style=\"color: #000;\">1.3<\/span><\/td>\n<td class=\"tg-0pky\"><span style=\"color: #000;\">0.18<\/span><\/td>\n<td class=\"tg-0pky\"><span style=\"color: #000;\">1.5<\/span><\/td>\n<td class=\"tg-0pky\"><span style=\"color: #000;\">1.7<\/span><\/td>\n<td class=\"tg-0pky\"><span style=\"color: #000;\">20<\/span><\/td>\n<td class=\"tg-0pky\"><span style=\"color: #000;\">9.7<\/span><\/td>\n<td class=\"tg-0lax\"><span style=\"color: #000;\">26<\/span><\/td>\n<\/tr>\n<tr>\n<td class=\"tg-0pky\"><span style=\"color: #000;\">1.5<\/span><\/td>\n<td class=\"tg-0pky\"><span style=\"color: #000;\">37&#215;0.23a<\/span><\/td>\n<td class=\"tg-0pky\"><span style=\"color: #000;\">1.45<\/span><\/td>\n<td class=\"tg-0pky\"><span style=\"color: #000;\">1.65<\/span><\/td>\n<td class=\"tg-0pky\"><span style=\"color: #000;\">0.22<\/span><\/td>\n<td class=\"tg-0pky\"><span style=\"color: #000;\">1.85<\/span><\/td>\n<td class=\"tg-0pky\"><span style=\"color: #000;\">2.05<\/span><\/td>\n<td class=\"tg-0pky\"><span style=\"color: #000;\">13.7<\/span><\/td>\n<td class=\"tg-0pky\"><span style=\"color: #000;\">15.4<\/span><\/td>\n<td class=\"tg-0lax\"><span style=\"color: #000;\">34<\/span><\/td>\n<\/tr>\n<tr>\n<td class=\"tg-0pky\"><span style=\"color: #000;\">2.5<\/span><\/td>\n<td class=\"tg-0pky\"><span style=\"color: #000;\">37&#215;0.30a<\/span><\/td>\n<td class=\"tg-0pky\"><span style=\"color: #000;\">1.85<\/span><\/td>\n<td class=\"tg-0pky\"><span style=\"color: #000;\">2.15<\/span><\/td>\n<td class=\"tg-0pky\"><span style=\"color: #000;\">0.28<\/span><\/td>\n<td class=\"tg-0pky\"><span style=\"color: #000;\">2.25<\/span><\/td>\n<td class=\"tg-0pky\"><span style=\"color: #000;\">2.55<\/span><\/td>\n<td class=\"tg-0pky\"><span style=\"color: #000;\">8.21<\/span><\/td>\n<td class=\"tg-0pky\"><span style=\"color: #000;\">25.4<\/span><\/td>\n<td class=\"tg-0lax\"><span style=\"color: #000;\">42<\/span><\/td>\n<\/tr>\n<tr>\n<td class=\"tg-0pky\" colspan=\"10\">Nota:<br \/>\n\u2605\u00aba\u00bb Este tipo de cable tambi\u00e9n puede suministrarse con conductores de estructura trenzada de 19 hebras, que tambi\u00e9n cumplen todos los requisitos de rendimiento de este producto est\u00e1ndar. \u2605Se pueden suministrar productos con especificaciones fuera del \u00e1mbito de esta tabla y que cumplan la norma EN50306-2 seg\u00fan los requisitos t\u00e9cnicos del comprador.<\/td>\n<\/tr>\n<\/tbody>\n<\/table>\n","protected":false},"excerpt":{"rendered":"<p>TST-TW 600V MM fino y ligero es un cable de se\u00f1al de control de \u00faltima generaci\u00f3n dise\u00f1ado espec\u00edficamente para veh\u00edculos ferroviarios. Es un cable sin hal\u00f3genos que no libera gases corrosivos en caso de incendio. Es ign\u00edfugo, no propaga las llamas, emite poco humo y tiene un bajo \u00edndice de toxicidad. Es ign\u00edfugo, no propaga las llamas, emite poco humo y tiene un \u00edndice de toEste cable se caracteriza por su menor tama\u00f1o, peso m\u00e1s ligero y mayor flexibilidad.xicidad.<\/p>\n<p>&nbsp;<\/p>\n","protected":false},"featured_media":11379,"template":"","meta":{"_eb_attr":"","site-sidebar-layout":"default","site-content-layout":"","ast-site-content-layout":"default","site-content-style":"default","site-sidebar-style":"default","ast-global-header-display":"","ast-banner-title-visibility":"","ast-main-header-display":"","ast-hfb-above-header-display":"","ast-hfb-below-header-display":"","ast-hfb-mobile-header-display":"","site-post-title":"","ast-breadcrumbs-content":"","ast-featured-img":"","footer-sml-layout":"","theme-transparent-header-meta":"default","adv-header-id-meta":"","stick-header-meta":"","header-above-stick-meta":"","header-main-stick-meta":"","header-below-stick-meta":"","astra-migrate-meta-layouts":"default","ast-page-background-enabled":"default","ast-page-background-meta":{"desktop":{"background-color":"","background-image":"","background-repeat":"repeat","background-position":"center center","background-size":"auto","background-attachment":"scroll","background-type":"","background-media":"","overlay-type":"","overlay-color":"","overlay-opacity":"","overlay-gradient":""},"tablet":{"background-color":"","background-image":"","background-repeat":"repeat","background-position":"center center","background-size":"auto","background-attachment":"scroll","background-type":"","background-media":"","overlay-type":"","overlay-color":"","overlay-opacity":"","overlay-gradient":""},"mobile":{"background-color":"","background-image":"","background-repeat":"repeat","background-position":"center center","background-size":"auto","background-attachment":"scroll","background-type":"","background-media":"","overlay-type":"","overlay-color":"","overlay-opacity":"","overlay-gradient":""}},"ast-content-background-meta":{"desktop":{"background-color":"var(--ast-global-color-5)","background-image":"","background-repeat":"repeat","background-position":"center center","background-size":"auto","background-attachment":"scroll","background-type":"","background-media":"","overlay-type":"","overlay-color":"","overlay-opacity":"","overlay-gradient":""},"tablet":{"background-color":"var(--ast-global-color-5)","background-image":"","background-repeat":"repeat","background-position":"center center","background-size":"auto","background-attachment":"scroll","background-type":"","background-media":"","overlay-type":"","overlay-color":"","overlay-opacity":"","overlay-gradient":""},"mobile":{"background-color":"var(--ast-global-color-5)","background-image":"","background-repeat":"repeat","background-position":"center center","background-size":"auto","background-attachment":"scroll","background-type":"","background-media":"","overlay-type":"","overlay-color":"","overlay-opacity":"","overlay-gradient":""}}},"product_brand":[],"product_cat":[599,591,590,595,623,622,601,610,603,602,598,600,597],"product_tag":[1229,1230],"class_list":{"0":"post-17726","1":"product","2":"type-product","3":"status-publish","4":"has-post-thumbnail","6":"product_cat-aviacion","7":"product_cat-cable-de-alta-temperatura","8":"product_cat-lsoh-cable-es","9":"product_cat-cable-personalizado","10":"product_cat-en50264-es","11":"product_cat-en50306-es","12":"product_cat-en50382-es","13":"product_cat-energia-eolica","14":"product_cat-norma-en","15":"product_cat-norma-ice","16":"product_cat-petroleo-gas","17":"product_cat-marina","18":"product_cat-via-ferrea","19":"product_tag-alambres-y-cables-delgados","20":"product_tag-cable-de-senal-de-control","21":"desktop-align-center","22":"tablet-align-left","23":"mobile-align-left","25":"first","26":"instock","27":"shipping-taxable","28":"product-type-simple"},"yoast_head":"<!-- This site is optimized with the Yoast SEO plugin v27.4 - https:\/\/yoast.com\/product\/yoast-seo-wordpress\/ -->\n<title>Hilo y cable de se\u00f1al de control TST-TW 600V MM<\/title>\n<meta name=\"description\" content=\"TST-TW 600V MM fino y ligero es un cable de se\u00f1al de control de \u00faltima generaci\u00f3n dise\u00f1ado espec\u00edficamente para veh\u00edculos ferroviarios. Es un cable sin hal\u00f3genos.\" \/>\n<meta name=\"robots\" content=\"index, follow, max-snippet:-1, max-image-preview:large, max-video-preview:-1\" \/>\n<link rel=\"canonical\" href=\"https:\/\/www.tstcables.com\/es\/producto\/cable-de-senal-de-control-fino-antiinterferencias-resistente-a-altas-temperaturas-600v-en50306-2\/\" \/>\n<meta property=\"og:locale\" content=\"es_ES\" \/>\n<meta property=\"og:type\" content=\"article\" \/>\n<meta property=\"og:title\" content=\"Hilo y cable de se\u00f1al de control TST-TW 600V MM\" \/>\n<meta property=\"og:description\" content=\"TST-TW 600V MM fino y ligero es un cable de se\u00f1al de control de \u00faltima generaci\u00f3n dise\u00f1ado espec\u00edficamente para veh\u00edculos ferroviarios. Es un cable sin hal\u00f3genos.\" \/>\n<meta property=\"og:url\" content=\"https:\/\/www.tstcables.com\/es\/producto\/cable-de-senal-de-control-fino-antiinterferencias-resistente-a-altas-temperaturas-600v-en50306-2\/\" \/>\n<meta property=\"og:site_name\" content=\"TST CABLES supplier &amp; Manufacture\" \/>\n<meta property=\"og:image\" content=\"https:\/\/www.tstcables.com\/wp-content\/uploads\/2024\/03\/decedc6e1c91a68a.jpg\" \/>\n\t<meta property=\"og:image:width\" content=\"500\" \/>\n\t<meta property=\"og:image:height\" content=\"500\" \/>\n\t<meta property=\"og:image:type\" content=\"image\/jpeg\" \/>\n<meta name=\"twitter:card\" content=\"summary_large_image\" \/>\n<meta name=\"twitter:label1\" content=\"Tiempo de lectura\" \/>\n\t<meta name=\"twitter:data1\" content=\"2 minutos\" \/>\n<script type=\"application\/ld+json\" class=\"yoast-schema-graph\">{\"@context\":\"https:\\\/\\\/schema.org\",\"@graph\":[{\"@type\":\"WebPage\",\"@id\":\"https:\\\/\\\/www.tstcables.com\\\/es\\\/producto\\\/cable-de-senal-de-control-fino-antiinterferencias-resistente-a-altas-temperaturas-600v-en50306-2\\\/\",\"url\":\"https:\\\/\\\/www.tstcables.com\\\/es\\\/producto\\\/cable-de-senal-de-control-fino-antiinterferencias-resistente-a-altas-temperaturas-600v-en50306-2\\\/\",\"name\":\"Hilo y cable de se\u00f1al de control TST-TW 600V MM\",\"isPartOf\":{\"@id\":\"https:\\\/\\\/www.tstcables.com\\\/es\\\/#website\"},\"primaryImageOfPage\":{\"@id\":\"https:\\\/\\\/www.tstcables.com\\\/es\\\/producto\\\/cable-de-senal-de-control-fino-antiinterferencias-resistente-a-altas-temperaturas-600v-en50306-2\\\/#primaryimage\"},\"image\":{\"@id\":\"https:\\\/\\\/www.tstcables.com\\\/es\\\/producto\\\/cable-de-senal-de-control-fino-antiinterferencias-resistente-a-altas-temperaturas-600v-en50306-2\\\/#primaryimage\"},\"thumbnailUrl\":\"https:\\\/\\\/www.tstcables.com\\\/wp-content\\\/uploads\\\/2024\\\/03\\\/decedc6e1c91a68a.jpg\",\"datePublished\":\"2024-03-23T07:31:07+00:00\",\"description\":\"TST-TW 600V MM fino y ligero es un cable de se\u00f1al de control de \u00faltima generaci\u00f3n dise\u00f1ado espec\u00edficamente para veh\u00edculos ferroviarios. Es un cable sin hal\u00f3genos.\",\"breadcrumb\":{\"@id\":\"https:\\\/\\\/www.tstcables.com\\\/es\\\/producto\\\/cable-de-senal-de-control-fino-antiinterferencias-resistente-a-altas-temperaturas-600v-en50306-2\\\/#breadcrumb\"},\"inLanguage\":\"es\",\"potentialAction\":[{\"@type\":\"ReadAction\",\"target\":[\"https:\\\/\\\/www.tstcables.com\\\/es\\\/producto\\\/cable-de-senal-de-control-fino-antiinterferencias-resistente-a-altas-temperaturas-600v-en50306-2\\\/\"]}]},{\"@type\":\"ImageObject\",\"inLanguage\":\"es\",\"@id\":\"https:\\\/\\\/www.tstcables.com\\\/es\\\/producto\\\/cable-de-senal-de-control-fino-antiinterferencias-resistente-a-altas-temperaturas-600v-en50306-2\\\/#primaryimage\",\"url\":\"https:\\\/\\\/www.tstcables.com\\\/wp-content\\\/uploads\\\/2024\\\/03\\\/decedc6e1c91a68a.jpg\",\"contentUrl\":\"https:\\\/\\\/www.tstcables.com\\\/wp-content\\\/uploads\\\/2024\\\/03\\\/decedc6e1c91a68a.jpg\",\"width\":500,\"height\":500,\"caption\":\"EN50306-2\"},{\"@type\":\"BreadcrumbList\",\"@id\":\"https:\\\/\\\/www.tstcables.com\\\/es\\\/producto\\\/cable-de-senal-de-control-fino-antiinterferencias-resistente-a-altas-temperaturas-600v-en50306-2\\\/#breadcrumb\",\"itemListElement\":[{\"@type\":\"ListItem\",\"position\":1,\"name\":\"\u9996\u9875\",\"item\":\"https:\\\/\\\/www.tstcables.com\\\/es\\\/\"},{\"@type\":\"ListItem\",\"position\":2,\"name\":\"Product\",\"item\":\"https:\\\/\\\/www.tstcables.com\\\/product\\\/\"},{\"@type\":\"ListItem\",\"position\":3,\"name\":\"Cable de se\u00f1al de control fino antiinterferencias resistente a altas temperaturas 600V EN50306-2\"}]},{\"@type\":\"WebSite\",\"@id\":\"https:\\\/\\\/www.tstcables.com\\\/es\\\/#website\",\"url\":\"https:\\\/\\\/www.tstcables.com\\\/es\\\/\",\"name\":\"TST Cable supplier & Manufacture\",\"description\":\"TST CABLES  supplier &amp; Manufacture official website\",\"publisher\":{\"@id\":\"https:\\\/\\\/www.tstcables.com\\\/es\\\/#organization\"},\"potentialAction\":[{\"@type\":\"SearchAction\",\"target\":{\"@type\":\"EntryPoint\",\"urlTemplate\":\"https:\\\/\\\/www.tstcables.com\\\/es\\\/?s={search_term_string}\"},\"query-input\":{\"@type\":\"PropertyValueSpecification\",\"valueRequired\":true,\"valueName\":\"search_term_string\"}}],\"inLanguage\":\"es\"},{\"@type\":\"Organization\",\"@id\":\"https:\\\/\\\/www.tstcables.com\\\/es\\\/#organization\",\"name\":\"TST Cable supplier & Manufacture\",\"url\":\"https:\\\/\\\/www.tstcables.com\\\/es\\\/\",\"logo\":{\"@type\":\"ImageObject\",\"inLanguage\":\"es\",\"@id\":\"https:\\\/\\\/www.tstcables.com\\\/es\\\/#\\\/schema\\\/logo\\\/image\\\/\",\"url\":\"https:\\\/\\\/www.tstcables.com\\\/wp-content\\\/uploads\\\/2024\\\/04\\\/cropped-\u753b\u677f-1-\u62f7\u8d1d-4-1.png\",\"contentUrl\":\"https:\\\/\\\/www.tstcables.com\\\/wp-content\\\/uploads\\\/2024\\\/04\\\/cropped-\u753b\u677f-1-\u62f7\u8d1d-4-1.png\",\"width\":300,\"height\":100,\"caption\":\"TST Cable supplier & Manufacture\"},\"image\":{\"@id\":\"https:\\\/\\\/www.tstcables.com\\\/es\\\/#\\\/schema\\\/logo\\\/image\\\/\"}}]}<\/script>\n<!-- \/ Yoast SEO plugin. -->","yoast_head_json":{"title":"Hilo y cable de se\u00f1al de control TST-TW 600V MM","description":"TST-TW 600V MM fino y ligero es un cable de se\u00f1al de control de \u00faltima generaci\u00f3n dise\u00f1ado espec\u00edficamente para veh\u00edculos ferroviarios. Es un cable sin hal\u00f3genos.","robots":{"index":"index","follow":"follow","max-snippet":"max-snippet:-1","max-image-preview":"max-image-preview:large","max-video-preview":"max-video-preview:-1"},"canonical":"https:\/\/www.tstcables.com\/es\/producto\/cable-de-senal-de-control-fino-antiinterferencias-resistente-a-altas-temperaturas-600v-en50306-2\/","og_locale":"es_ES","og_type":"article","og_title":"Hilo y cable de se\u00f1al de control TST-TW 600V MM","og_description":"TST-TW 600V MM fino y ligero es un cable de se\u00f1al de control de \u00faltima generaci\u00f3n dise\u00f1ado espec\u00edficamente para veh\u00edculos ferroviarios. Es un cable sin hal\u00f3genos.","og_url":"https:\/\/www.tstcables.com\/es\/producto\/cable-de-senal-de-control-fino-antiinterferencias-resistente-a-altas-temperaturas-600v-en50306-2\/","og_site_name":"TST CABLES supplier &amp; Manufacture","og_image":[{"width":500,"height":500,"url":"https:\/\/www.tstcables.com\/wp-content\/uploads\/2024\/03\/decedc6e1c91a68a.jpg","type":"image\/jpeg"}],"twitter_card":"summary_large_image","twitter_misc":{"Tiempo de lectura":"2 minutos"},"schema":{"@context":"https:\/\/schema.org","@graph":[{"@type":"WebPage","@id":"https:\/\/www.tstcables.com\/es\/producto\/cable-de-senal-de-control-fino-antiinterferencias-resistente-a-altas-temperaturas-600v-en50306-2\/","url":"https:\/\/www.tstcables.com\/es\/producto\/cable-de-senal-de-control-fino-antiinterferencias-resistente-a-altas-temperaturas-600v-en50306-2\/","name":"Hilo y cable de se\u00f1al de control TST-TW 600V MM","isPartOf":{"@id":"https:\/\/www.tstcables.com\/es\/#website"},"primaryImageOfPage":{"@id":"https:\/\/www.tstcables.com\/es\/producto\/cable-de-senal-de-control-fino-antiinterferencias-resistente-a-altas-temperaturas-600v-en50306-2\/#primaryimage"},"image":{"@id":"https:\/\/www.tstcables.com\/es\/producto\/cable-de-senal-de-control-fino-antiinterferencias-resistente-a-altas-temperaturas-600v-en50306-2\/#primaryimage"},"thumbnailUrl":"https:\/\/www.tstcables.com\/wp-content\/uploads\/2024\/03\/decedc6e1c91a68a.jpg","datePublished":"2024-03-23T07:31:07+00:00","description":"TST-TW 600V MM fino y ligero es un cable de se\u00f1al de control de \u00faltima generaci\u00f3n dise\u00f1ado espec\u00edficamente para veh\u00edculos ferroviarios. Es un cable sin hal\u00f3genos.","breadcrumb":{"@id":"https:\/\/www.tstcables.com\/es\/producto\/cable-de-senal-de-control-fino-antiinterferencias-resistente-a-altas-temperaturas-600v-en50306-2\/#breadcrumb"},"inLanguage":"es","potentialAction":[{"@type":"ReadAction","target":["https:\/\/www.tstcables.com\/es\/producto\/cable-de-senal-de-control-fino-antiinterferencias-resistente-a-altas-temperaturas-600v-en50306-2\/"]}]},{"@type":"ImageObject","inLanguage":"es","@id":"https:\/\/www.tstcables.com\/es\/producto\/cable-de-senal-de-control-fino-antiinterferencias-resistente-a-altas-temperaturas-600v-en50306-2\/#primaryimage","url":"https:\/\/www.tstcables.com\/wp-content\/uploads\/2024\/03\/decedc6e1c91a68a.jpg","contentUrl":"https:\/\/www.tstcables.com\/wp-content\/uploads\/2024\/03\/decedc6e1c91a68a.jpg","width":500,"height":500,"caption":"EN50306-2"},{"@type":"BreadcrumbList","@id":"https:\/\/www.tstcables.com\/es\/producto\/cable-de-senal-de-control-fino-antiinterferencias-resistente-a-altas-temperaturas-600v-en50306-2\/#breadcrumb","itemListElement":[{"@type":"ListItem","position":1,"name":"\u9996\u9875","item":"https:\/\/www.tstcables.com\/es\/"},{"@type":"ListItem","position":2,"name":"Product","item":"https:\/\/www.tstcables.com\/product\/"},{"@type":"ListItem","position":3,"name":"Cable de se\u00f1al de control fino antiinterferencias resistente a altas temperaturas 600V EN50306-2"}]},{"@type":"WebSite","@id":"https:\/\/www.tstcables.com\/es\/#website","url":"https:\/\/www.tstcables.com\/es\/","name":"TST Cable supplier & Manufacture","description":"TST CABLES  supplier &amp; Manufacture official website","publisher":{"@id":"https:\/\/www.tstcables.com\/es\/#organization"},"potentialAction":[{"@type":"SearchAction","target":{"@type":"EntryPoint","urlTemplate":"https:\/\/www.tstcables.com\/es\/?s={search_term_string}"},"query-input":{"@type":"PropertyValueSpecification","valueRequired":true,"valueName":"search_term_string"}}],"inLanguage":"es"},{"@type":"Organization","@id":"https:\/\/www.tstcables.com\/es\/#organization","name":"TST Cable supplier & Manufacture","url":"https:\/\/www.tstcables.com\/es\/","logo":{"@type":"ImageObject","inLanguage":"es","@id":"https:\/\/www.tstcables.com\/es\/#\/schema\/logo\/image\/","url":"https:\/\/www.tstcables.com\/wp-content\/uploads\/2024\/04\/cropped-\u753b\u677f-1-\u62f7\u8d1d-4-1.png","contentUrl":"https:\/\/www.tstcables.com\/wp-content\/uploads\/2024\/04\/cropped-\u753b\u677f-1-\u62f7\u8d1d-4-1.png","width":300,"height":100,"caption":"TST Cable supplier & Manufacture"},"image":{"@id":"https:\/\/www.tstcables.com\/es\/#\/schema\/logo\/image\/"}}]}},"_links":{"self":[{"href":"https:\/\/www.tstcables.com\/es\/wp-json\/wp\/v2\/product\/17726","targetHints":{"allow":["GET"]}}],"collection":[{"href":"https:\/\/www.tstcables.com\/es\/wp-json\/wp\/v2\/product"}],"about":[{"href":"https:\/\/www.tstcables.com\/es\/wp-json\/wp\/v2\/types\/product"}],"version-history":[{"count":0,"href":"https:\/\/www.tstcables.com\/es\/wp-json\/wp\/v2\/product\/17726\/revisions"}],"wp:featuredmedia":[{"embeddable":true,"href":"https:\/\/www.tstcables.com\/es\/wp-json\/wp\/v2\/media\/11379"}],"wp:attachment":[{"href":"https:\/\/www.tstcables.com\/es\/wp-json\/wp\/v2\/media?parent=17726"}],"wp:term":[{"taxonomy":"product_brand","embeddable":true,"href":"https:\/\/www.tstcables.com\/es\/wp-json\/wp\/v2\/product_brand?post=17726"},{"taxonomy":"product_cat","embeddable":true,"href":"https:\/\/www.tstcables.com\/es\/wp-json\/wp\/v2\/product_cat?post=17726"},{"taxonomy":"product_tag","embeddable":true,"href":"https:\/\/www.tstcables.com\/es\/wp-json\/wp\/v2\/product_tag?post=17726"}],"curies":[{"name":"wp","href":"https:\/\/api.w.org\/{rel}","templated":true}]}}