{"id":17731,"date":"2024-03-23T15:14:21","date_gmt":"2024-03-23T07:14:21","guid":{"rendered":"https:\/\/www.tstcables.com\/product\/ferrocarril-cc-ca-cable-multipolar-de-alta-presion-resistente-al-desgaste-por-sales-y-alcalis\/"},"modified":"2024-03-23T15:14:21","modified_gmt":"2024-03-23T07:14:21","slug":"ferrocarril-cc-ca-cable-multipolar-de-alta-presion-resistente-al-desgaste-por-sales-y-alcalis","status":"publish","type":"product","link":"https:\/\/www.tstcables.com\/es\/producto\/ferrocarril-cc-ca-cable-multipolar-de-alta-presion-resistente-al-desgaste-por-sales-y-alcalis\/","title":{"rendered":"Ferrocarril CC\/CA Cable multipolar de alta presi\u00f3n resistente al desgaste por sales y \u00e1lcalis"},"content":{"rendered":"<p>Aplicaci\u00f3n\uff1a<\/p>\n<p>Ferrocarril CC\/CA El cable multin\u00facleo resistente al desgaste alcalino y sal de alta presi\u00f3n es adecuado para componentes fijos y m\u00f3viles en las conexiones internas y externas de locomotoras y veh\u00edculos, tanto en aplicaciones de CC como de CA. Es especialmente adecuado para aplicaciones que implican tecnolog\u00eda de inversor. Proporciona conexiones el\u00e9ctricas confiables y al mismo tiempo cumple con los estrictos est\u00e1ndares de seguridad y rendimiento requeridos en los sistemas de tr\u00e1nsito ferroviario.<\/p>\n<p>Caracter\u00edstica\uff1a<\/p>\n<ul>\n<li>Resistencia a la temperatura: -40\u00b0C a 105\u00b0C.<\/li>\n<li>Clasificaci\u00f3n de voltaje: 3600V.<\/li>\n<li>Clasificaci\u00f3n de resistencia al fuego: HL3.<\/li>\n<li>Fuerza de aislamiento: Mayor que 10MPa.<\/li>\n<li>Elongaci\u00f3n a la rotura: Mayor al 125%.<\/li>\n<li>Radio de curvatura del cable: 6 veces el di\u00e1metro exterior del cable (6D).<\/li>\n<li>Caracter\u00edsticas: Resistente a la fluencia, al desgaste y a la compresi\u00f3n; bajo nivel de humo y libre de hal\u00f3genos; resistencia a los disolventes; resistencia a \u00e1cidos y \u00e1lcalis; resistencia al aceite mineral; resistencia al fueloil; excelente resistencia a bajas y altas temperaturas; tama\u00f1o compacto y ligero.<\/li>\n<\/ul>\n<p>Norma del sector:<\/p>\n<ul>\n<li>TB\/T1484.1-2017<\/li>\n<li>TJ\/CL254-2013<\/li>\n<li>EN45545\u3001HL1\u3001HL2 \u3001 HL3<\/li>\n<li>Cumple con los requisitos de BS6853:1999 para locomotoras clase la, lb y l en cuanto a cables internos y externos.<\/li>\n<li>Ha superado las pruebas de fuego, humo y toxicidad BS6853:1999 y DIN5510-2:2009.<\/li>\n<li>Comply with the requirements of flammability class S1~S5 in DIN5510-2:2009.<\/li>\n<\/ul>\n<p>Estructura\uff1a<\/p>\n<ul>\n<li>Conductor: Conductor de cobre esta\u00f1ado de estructura Clase 5 o Clase 6.<\/li>\n<li>Aislamiento: Poliolefina reticulada (XLPO) obtenida mediante reticulaci\u00f3n por radiaci\u00f3n.<\/li>\n<li>Blindaje: Trenza de cobre esta\u00f1ado.<\/li>\n<li>Chaqueta: Poliolefina reticulada (XLPO) o material elastom\u00e9rico.<\/li>\n<\/ul>\n<p>Par\u00e1metro de selecci\u00f3n<\/p>\n<table class=\"tg\">\n<thead>\n<tr>\n<th class=\"tg-0pky\" rowspan=\"2\">N\u00famero de n\u00facleos * secci\u00f3n nominal<\/th>\n<th class=\"tg-0pky\" rowspan=\"2\"><span style=\"color: #000;\">Di\u00e1metro del conductor (d)<\/span><\/th>\n<th class=\"tg-0pky\">Espesor medio del aislamiento<\/th>\n<th class=\"tg-0pky\" colspan=\"2\">Di\u00e1metro exterior D<\/th>\n<th class=\"tg-0lax\">20\u2103 conductor resistance<\/th>\n<th class=\"tg-0lax\">Resistencia de aislamiento de 20 \u2103<\/th>\n<th class=\"tg-0lax\">90\u2103 resistencia de aislamiento<\/th>\n<th class=\"tg-0lax\">Peso de referencia<\/th>\n<th class=\"tg-0lax\">Valor calor\u00edfico de combusti\u00f3n<\/th>\n<\/tr>\n<tr>\n<th class=\"tg-0pky\"><span style=\"color: #000;\">M\u00edn. mm<\/span><\/th>\n<th class=\"tg-0pky\"><span style=\"color: #000;\">M\u00edn. mm<\/span><\/th>\n<th class=\"tg-0pky\"><span style=\"color: #000;\">Max. mm<\/span><\/th>\n<th class=\"tg-0lax\"><span style=\"color: #000;\">Max.\u03a9\/km<\/span><\/th>\n<th class=\"tg-0lax\"><span style=\"color: #000;\">Min. m\u03a9.km<\/span><\/th>\n<th class=\"tg-0lax\"><span style=\"color: #000;\">Min. m\u03a9.km<\/span><\/th>\n<th class=\"tg-0lax\"><span style=\"color: #000;\">kg\/km<\/span><\/th>\n<th class=\"tg-0lax\"><span style=\"color: #000;\">KJ\/m<\/span><\/th>\n<\/tr>\n<\/thead>\n<tbody>\n<tr>\n<td class=\"tg-0pky\"><span style=\"color: #000;\">3X4.0<\/span><\/td>\n<td class=\"tg-0pky\"><span style=\"color: #000;\">2.4<\/span><\/td>\n<td class=\"tg-0pky\"><span style=\"color: #000;\">1.6<\/span><\/td>\n<td class=\"tg-0pky\"><span style=\"color: #000;\">16<\/span><\/td>\n<td class=\"tg-0pky\"><span style=\"color: #000;\">17<\/span><\/td>\n<td class=\"tg-0lax\"><span style=\"color: #000;\">5.09<\/span><\/td>\n<td class=\"tg-0lax\"><span style=\"color: #000;\">40<\/span><\/td>\n<td class=\"tg-0lax\"><span style=\"color: #000;\">0.4<\/span><\/td>\n<td class=\"tg-0lax\"><span style=\"color: #000;\">181<\/span><\/td>\n<td class=\"tg-0lax\"><span style=\"color: #000;\">4476<\/span><\/td>\n<\/tr>\n<tr>\n<td class=\"tg-0pky\"><span style=\"color: #000;\">6X4.0<\/span><\/td>\n<td class=\"tg-0pky\"><span style=\"color: #000;\">2.4<\/span><\/td>\n<td class=\"tg-0pky\"><span style=\"color: #000;\">1.6<\/span><\/td>\n<td class=\"tg-0pky\"><span style=\"color: #000;\">22.3<\/span><\/td>\n<td class=\"tg-0pky\"><span style=\"color: #000;\">23.3<\/span><\/td>\n<td class=\"tg-0lax\"><span style=\"color: #000;\">5.09<\/span><\/td>\n<td class=\"tg-0lax\"><span style=\"color: #000;\">40<\/span><\/td>\n<td class=\"tg-0lax\"><span style=\"color: #000;\">0.4<\/span><\/td>\n<td class=\"tg-0lax\"><span style=\"color: #000;\">342<\/span><\/td>\n<td class=\"tg-0lax\"><span style=\"color: #000;\">8623<\/span><\/td>\n<\/tr>\n<tr>\n<td class=\"tg-0pky\"><span style=\"color: #000;\">4X6.0<\/span><\/td>\n<td class=\"tg-0pky\"><span style=\"color: #000;\">2.95<\/span><\/td>\n<td class=\"tg-0pky\"><span style=\"color: #000;\">1.6<\/span><\/td>\n<td class=\"tg-0pky\"><span style=\"color: #000;\">20.3<\/span><\/td>\n<td class=\"tg-0pky\"><span style=\"color: #000;\">21.3<\/span><\/td>\n<td class=\"tg-0lax\"><span style=\"color: #000;\">3.39<\/span><\/td>\n<td class=\"tg-0lax\"><span style=\"color: #000;\">35<\/span><\/td>\n<td class=\"tg-0lax\"><span style=\"color: #000;\">0.35<\/span><\/td>\n<td class=\"tg-0lax\"><span style=\"color: #000;\">317<\/span><\/td>\n<td class=\"tg-0lax\"><span style=\"color: #000;\">7022<\/span><\/td>\n<\/tr>\n<tr>\n<td class=\"tg-0lax\"><span style=\"color: #000;\">2X10<\/span><\/td>\n<td class=\"tg-0lax\"><span style=\"color: #000;\">3.9<\/span><\/td>\n<td class=\"tg-0lax\"><span style=\"color: #000;\">1.8<\/span><\/td>\n<td class=\"tg-0lax\"><span style=\"color: #000;\">19.2<\/span><\/td>\n<td class=\"tg-0lax\"><span style=\"color: #000;\">20.2<\/span><\/td>\n<td class=\"tg-0lax\"><span style=\"color: #000;\">1.95<\/span><\/td>\n<td class=\"tg-0lax\"><span style=\"color: #000;\">30<\/span><\/td>\n<td class=\"tg-0lax\"><span style=\"color: #000;\">0.3<\/span><\/td>\n<td class=\"tg-0lax\"><span style=\"color: #000;\">283<\/span><\/td>\n<td class=\"tg-0lax\"><span style=\"color: #000;\">5938<\/span><\/td>\n<\/tr>\n<tr>\n<td class=\"tg-0lax\"><span style=\"color: #000;\">4X35<\/span><\/td>\n<td class=\"tg-0lax\"><span style=\"color: #000;\">7.8<\/span><\/td>\n<td class=\"tg-0lax\"><span style=\"color: #000;\">2.4<\/span><\/td>\n<td class=\"tg-0lax\"><span style=\"color: #000;\">39<\/span><\/td>\n<td class=\"tg-0lax\"><span style=\"color: #000;\">40.4<\/span><\/td>\n<td class=\"tg-0lax\"><span style=\"color: #000;\">0.565<\/span><\/td>\n<td class=\"tg-0lax\"><span style=\"color: #000;\">25<\/span><\/td>\n<td class=\"tg-0lax\"><span style=\"color: #000;\">0.25<\/span><\/td>\n<td class=\"tg-0lax\"><span style=\"color: #000;\">1583<\/span><\/td>\n<td class=\"tg-0lax\"><span style=\"color: #000;\">19237<\/span><\/td>\n<\/tr>\n<\/tbody>\n<\/table>\n","protected":false},"excerpt":{"rendered":"<p>El cable de alambre multin\u00facleo resistente al desgaste de \u00e1lcalis y sal de alta presi\u00f3n DC\/AC para ferrocarril es un cable unipolar compacto y flexible que cumple con los requisitos de los cables de tr\u00e1nsito ferroviario modernos. Tiene un di\u00e1metro peque\u00f1o y un dise\u00f1o liviano. No contiene hal\u00f3genos, es retardante de llama, produce poco humo y es poco t\u00f3xico, y cumple con los requisitos de resistencia a la abrasi\u00f3n, resistencia al ozono y resistencia al aceite.<\/p>\n<p>&nbsp;<\/p>\n","protected":false},"featured_media":12790,"template":"","meta":{"_eb_attr":"","site-sidebar-layout":"default","site-content-layout":"","ast-site-content-layout":"default","site-content-style":"default","site-sidebar-style":"default","ast-global-header-display":"","ast-banner-title-visibility":"","ast-main-header-display":"","ast-hfb-above-header-display":"","ast-hfb-below-header-display":"","ast-hfb-mobile-header-display":"","site-post-title":"","ast-breadcrumbs-content":"","ast-featured-img":"","footer-sml-layout":"","theme-transparent-header-meta":"default","adv-header-id-meta":"","stick-header-meta":"","header-above-stick-meta":"","header-main-stick-meta":"","header-below-stick-meta":"","astra-migrate-meta-layouts":"default","ast-page-background-enabled":"default","ast-page-background-meta":{"desktop":{"background-color":"","background-image":"","background-repeat":"repeat","background-position":"center center","background-size":"auto","background-attachment":"scroll","background-type":"","background-media":"","overlay-type":"","overlay-color":"","overlay-opacity":"","overlay-gradient":""},"tablet":{"background-color":"","background-image":"","background-repeat":"repeat","background-position":"center center","background-size":"auto","background-attachment":"scroll","background-type":"","background-media":"","overlay-type":"","overlay-color":"","overlay-opacity":"","overlay-gradient":""},"mobile":{"background-color":"","background-image":"","background-repeat":"repeat","background-position":"center center","background-size":"auto","background-attachment":"scroll","background-type":"","background-media":"","overlay-type":"","overlay-color":"","overlay-opacity":"","overlay-gradient":""}},"ast-content-background-meta":{"desktop":{"background-color":"var(--ast-global-color-5)","background-image":"","background-repeat":"repeat","background-position":"center center","background-size":"auto","background-attachment":"scroll","background-type":"","background-media":"","overlay-type":"","overlay-color":"","overlay-opacity":"","overlay-gradient":""},"tablet":{"background-color":"var(--ast-global-color-5)","background-image":"","background-repeat":"repeat","background-position":"center center","background-size":"auto","background-attachment":"scroll","background-type":"","background-media":"","overlay-type":"","overlay-color":"","overlay-opacity":"","overlay-gradient":""},"mobile":{"background-color":"var(--ast-global-color-5)","background-image":"","background-repeat":"repeat","background-position":"center center","background-size":"auto","background-attachment":"scroll","background-type":"","background-media":"","overlay-type":"","overlay-color":"","overlay-opacity":"","overlay-gradient":""}}},"product_brand":[],"product_cat":[599,591,590,595,643,630,623,622,601,603,602,597],"product_tag":[1248],"class_list":{"0":"post-17731","1":"product","2":"type-product","3":"status-publish","4":"has-post-thumbnail","6":"product_cat-aviacion","7":"product_cat-cable-de-alta-temperatura","8":"product_cat-lsoh-cable-es","9":"product_cat-cable-personalizado","10":"product_cat-cable-resistente-a-los-alcalis-salinos","11":"product_cat-cable-resistente-al-desgaste","12":"product_cat-en50264-es","13":"product_cat-en50306-es","14":"product_cat-en50382-es","15":"product_cat-norma-en","16":"product_cat-norma-ice","17":"product_cat-via-ferrea","18":"product_tag-alambres-y-cables-multinucleo","19":"desktop-align-center","20":"tablet-align-left","21":"mobile-align-left","23":"first","24":"instock","25":"shipping-taxable","26":"product-type-simple"},"yoast_head":"<!-- This site is optimized with the Yoast SEO plugin v27.5 - https:\/\/yoast.com\/product\/yoast-seo-wordpress\/ -->\n<title>Ferrocarril CC\/CA Cable multipolar de alta presi\u00f3n resistente al desgaste por sales y \u00e1lcalis<\/title>\n<meta name=\"description\" content=\"Cable multipolar ferroviario CC\/CA resistente al desgaste por sales y \u00e1lcalis cumple los requisitos de los modernos cables de transporte ferroviario.\" \/>\n<meta name=\"robots\" content=\"index, follow, max-snippet:-1, max-image-preview:large, max-video-preview:-1\" \/>\n<link rel=\"canonical\" href=\"https:\/\/www.tstcables.com\/es\/producto\/ferrocarril-cc-ca-cable-multipolar-de-alta-presion-resistente-al-desgaste-por-sales-y-alcalis\/\" \/>\n<meta property=\"og:locale\" content=\"es_ES\" \/>\n<meta property=\"og:type\" content=\"article\" \/>\n<meta property=\"og:title\" content=\"Ferrocarril CC\/CA Cable multipolar de alta presi\u00f3n resistente al desgaste por sales y \u00e1lcalis\" \/>\n<meta property=\"og:description\" content=\"Cable multipolar ferroviario CC\/CA resistente al desgaste por sales y \u00e1lcalis cumple los requisitos de los modernos cables de transporte ferroviario.\" \/>\n<meta property=\"og:url\" content=\"https:\/\/www.tstcables.com\/es\/producto\/ferrocarril-cc-ca-cable-multipolar-de-alta-presion-resistente-al-desgaste-por-sales-y-alcalis\/\" \/>\n<meta property=\"og:site_name\" content=\"TST CABLES supplier &amp; Manufacture\" \/>\n<meta property=\"og:image\" content=\"https:\/\/www.tstcables.com\/wp-content\/uploads\/2024\/03\/1-2.webp\" \/>\n\t<meta property=\"og:image:width\" content=\"640\" \/>\n\t<meta property=\"og:image:height\" content=\"640\" \/>\n\t<meta property=\"og:image:type\" content=\"image\/webp\" \/>\n<meta name=\"twitter:card\" content=\"summary_large_image\" \/>\n<meta name=\"twitter:label1\" content=\"Tiempo de lectura\" \/>\n\t<meta name=\"twitter:data1\" content=\"2 minutos\" \/>\n<script type=\"application\/ld+json\" class=\"yoast-schema-graph\">{\"@context\":\"https:\\\/\\\/schema.org\",\"@graph\":[{\"@type\":\"WebPage\",\"@id\":\"https:\\\/\\\/www.tstcables.com\\\/es\\\/producto\\\/ferrocarril-cc-ca-cable-multipolar-de-alta-presion-resistente-al-desgaste-por-sales-y-alcalis\\\/\",\"url\":\"https:\\\/\\\/www.tstcables.com\\\/es\\\/producto\\\/ferrocarril-cc-ca-cable-multipolar-de-alta-presion-resistente-al-desgaste-por-sales-y-alcalis\\\/\",\"name\":\"Ferrocarril CC\\\/CA Cable multipolar de alta presi\u00f3n resistente al desgaste por sales y \u00e1lcalis\",\"isPartOf\":{\"@id\":\"https:\\\/\\\/www.tstcables.com\\\/es\\\/#website\"},\"primaryImageOfPage\":{\"@id\":\"https:\\\/\\\/www.tstcables.com\\\/es\\\/producto\\\/ferrocarril-cc-ca-cable-multipolar-de-alta-presion-resistente-al-desgaste-por-sales-y-alcalis\\\/#primaryimage\"},\"image\":{\"@id\":\"https:\\\/\\\/www.tstcables.com\\\/es\\\/producto\\\/ferrocarril-cc-ca-cable-multipolar-de-alta-presion-resistente-al-desgaste-por-sales-y-alcalis\\\/#primaryimage\"},\"thumbnailUrl\":\"https:\\\/\\\/www.tstcables.com\\\/wp-content\\\/uploads\\\/2024\\\/03\\\/1-2.webp\",\"datePublished\":\"2024-03-23T07:14:21+00:00\",\"description\":\"Cable multipolar ferroviario CC\\\/CA resistente al desgaste por sales y \u00e1lcalis cumple los requisitos de los modernos cables de transporte ferroviario.\",\"breadcrumb\":{\"@id\":\"https:\\\/\\\/www.tstcables.com\\\/es\\\/producto\\\/ferrocarril-cc-ca-cable-multipolar-de-alta-presion-resistente-al-desgaste-por-sales-y-alcalis\\\/#breadcrumb\"},\"inLanguage\":\"es\",\"potentialAction\":[{\"@type\":\"ReadAction\",\"target\":[\"https:\\\/\\\/www.tstcables.com\\\/es\\\/producto\\\/ferrocarril-cc-ca-cable-multipolar-de-alta-presion-resistente-al-desgaste-por-sales-y-alcalis\\\/\"]}]},{\"@type\":\"ImageObject\",\"inLanguage\":\"es\",\"@id\":\"https:\\\/\\\/www.tstcables.com\\\/es\\\/producto\\\/ferrocarril-cc-ca-cable-multipolar-de-alta-presion-resistente-al-desgaste-por-sales-y-alcalis\\\/#primaryimage\",\"url\":\"https:\\\/\\\/www.tstcables.com\\\/wp-content\\\/uploads\\\/2024\\\/03\\\/1-2.webp\",\"contentUrl\":\"https:\\\/\\\/www.tstcables.com\\\/wp-content\\\/uploads\\\/2024\\\/03\\\/1-2.webp\",\"width\":640,\"height\":640,\"caption\":\"CAT7 cable (Category 7 network cable) EN50264 fire-resistant wire &cableEN50264 fire-resistant wire &cable\"},{\"@type\":\"BreadcrumbList\",\"@id\":\"https:\\\/\\\/www.tstcables.com\\\/es\\\/producto\\\/ferrocarril-cc-ca-cable-multipolar-de-alta-presion-resistente-al-desgaste-por-sales-y-alcalis\\\/#breadcrumb\",\"itemListElement\":[{\"@type\":\"ListItem\",\"position\":1,\"name\":\"\u9996\u9875\",\"item\":\"https:\\\/\\\/www.tstcables.com\\\/es\\\/\"},{\"@type\":\"ListItem\",\"position\":2,\"name\":\"Product\",\"item\":\"https:\\\/\\\/www.tstcables.com\\\/product\\\/\"},{\"@type\":\"ListItem\",\"position\":3,\"name\":\"Ferrocarril CC\\\/CA Cable multipolar de alta presi\u00f3n resistente al desgaste por sales y \u00e1lcalis\"}]},{\"@type\":\"WebSite\",\"@id\":\"https:\\\/\\\/www.tstcables.com\\\/es\\\/#website\",\"url\":\"https:\\\/\\\/www.tstcables.com\\\/es\\\/\",\"name\":\"TST Cable supplier & Manufacture\",\"description\":\"TST CABLES  supplier &amp; Manufacture official website\",\"publisher\":{\"@id\":\"https:\\\/\\\/www.tstcables.com\\\/es\\\/#organization\"},\"potentialAction\":[{\"@type\":\"SearchAction\",\"target\":{\"@type\":\"EntryPoint\",\"urlTemplate\":\"https:\\\/\\\/www.tstcables.com\\\/es\\\/?s={search_term_string}\"},\"query-input\":{\"@type\":\"PropertyValueSpecification\",\"valueRequired\":true,\"valueName\":\"search_term_string\"}}],\"inLanguage\":\"es\"},{\"@type\":\"Organization\",\"@id\":\"https:\\\/\\\/www.tstcables.com\\\/es\\\/#organization\",\"name\":\"TST Cable supplier & Manufacture\",\"url\":\"https:\\\/\\\/www.tstcables.com\\\/es\\\/\",\"logo\":{\"@type\":\"ImageObject\",\"inLanguage\":\"es\",\"@id\":\"https:\\\/\\\/www.tstcables.com\\\/es\\\/#\\\/schema\\\/logo\\\/image\\\/\",\"url\":\"https:\\\/\\\/www.tstcables.com\\\/wp-content\\\/uploads\\\/2024\\\/04\\\/cropped-\u753b\u677f-1-\u62f7\u8d1d-4-1.png\",\"contentUrl\":\"https:\\\/\\\/www.tstcables.com\\\/wp-content\\\/uploads\\\/2024\\\/04\\\/cropped-\u753b\u677f-1-\u62f7\u8d1d-4-1.png\",\"width\":300,\"height\":100,\"caption\":\"TST Cable supplier & Manufacture\"},\"image\":{\"@id\":\"https:\\\/\\\/www.tstcables.com\\\/es\\\/#\\\/schema\\\/logo\\\/image\\\/\"}}]}<\/script>\n<!-- \/ Yoast SEO plugin. -->","yoast_head_json":{"title":"Ferrocarril CC\/CA Cable multipolar de alta presi\u00f3n resistente al desgaste por sales y \u00e1lcalis","description":"Cable multipolar ferroviario CC\/CA resistente al desgaste por sales y \u00e1lcalis cumple los requisitos de los modernos cables de transporte ferroviario.","robots":{"index":"index","follow":"follow","max-snippet":"max-snippet:-1","max-image-preview":"max-image-preview:large","max-video-preview":"max-video-preview:-1"},"canonical":"https:\/\/www.tstcables.com\/es\/producto\/ferrocarril-cc-ca-cable-multipolar-de-alta-presion-resistente-al-desgaste-por-sales-y-alcalis\/","og_locale":"es_ES","og_type":"article","og_title":"Ferrocarril CC\/CA Cable multipolar de alta presi\u00f3n resistente al desgaste por sales y \u00e1lcalis","og_description":"Cable multipolar ferroviario CC\/CA resistente al desgaste por sales y \u00e1lcalis cumple los requisitos de los modernos cables de transporte ferroviario.","og_url":"https:\/\/www.tstcables.com\/es\/producto\/ferrocarril-cc-ca-cable-multipolar-de-alta-presion-resistente-al-desgaste-por-sales-y-alcalis\/","og_site_name":"TST CABLES supplier &amp; Manufacture","og_image":[{"width":640,"height":640,"url":"https:\/\/www.tstcables.com\/wp-content\/uploads\/2024\/03\/1-2.webp","type":"image\/webp"}],"twitter_card":"summary_large_image","twitter_misc":{"Tiempo de lectura":"2 minutos"},"schema":{"@context":"https:\/\/schema.org","@graph":[{"@type":"WebPage","@id":"https:\/\/www.tstcables.com\/es\/producto\/ferrocarril-cc-ca-cable-multipolar-de-alta-presion-resistente-al-desgaste-por-sales-y-alcalis\/","url":"https:\/\/www.tstcables.com\/es\/producto\/ferrocarril-cc-ca-cable-multipolar-de-alta-presion-resistente-al-desgaste-por-sales-y-alcalis\/","name":"Ferrocarril CC\/CA Cable multipolar de alta presi\u00f3n resistente al desgaste por sales y \u00e1lcalis","isPartOf":{"@id":"https:\/\/www.tstcables.com\/es\/#website"},"primaryImageOfPage":{"@id":"https:\/\/www.tstcables.com\/es\/producto\/ferrocarril-cc-ca-cable-multipolar-de-alta-presion-resistente-al-desgaste-por-sales-y-alcalis\/#primaryimage"},"image":{"@id":"https:\/\/www.tstcables.com\/es\/producto\/ferrocarril-cc-ca-cable-multipolar-de-alta-presion-resistente-al-desgaste-por-sales-y-alcalis\/#primaryimage"},"thumbnailUrl":"https:\/\/www.tstcables.com\/wp-content\/uploads\/2024\/03\/1-2.webp","datePublished":"2024-03-23T07:14:21+00:00","description":"Cable multipolar ferroviario CC\/CA resistente al desgaste por sales y \u00e1lcalis cumple los requisitos de los modernos cables de transporte ferroviario.","breadcrumb":{"@id":"https:\/\/www.tstcables.com\/es\/producto\/ferrocarril-cc-ca-cable-multipolar-de-alta-presion-resistente-al-desgaste-por-sales-y-alcalis\/#breadcrumb"},"inLanguage":"es","potentialAction":[{"@type":"ReadAction","target":["https:\/\/www.tstcables.com\/es\/producto\/ferrocarril-cc-ca-cable-multipolar-de-alta-presion-resistente-al-desgaste-por-sales-y-alcalis\/"]}]},{"@type":"ImageObject","inLanguage":"es","@id":"https:\/\/www.tstcables.com\/es\/producto\/ferrocarril-cc-ca-cable-multipolar-de-alta-presion-resistente-al-desgaste-por-sales-y-alcalis\/#primaryimage","url":"https:\/\/www.tstcables.com\/wp-content\/uploads\/2024\/03\/1-2.webp","contentUrl":"https:\/\/www.tstcables.com\/wp-content\/uploads\/2024\/03\/1-2.webp","width":640,"height":640,"caption":"CAT7 cable (Category 7 network cable) EN50264 fire-resistant wire &cableEN50264 fire-resistant wire &cable"},{"@type":"BreadcrumbList","@id":"https:\/\/www.tstcables.com\/es\/producto\/ferrocarril-cc-ca-cable-multipolar-de-alta-presion-resistente-al-desgaste-por-sales-y-alcalis\/#breadcrumb","itemListElement":[{"@type":"ListItem","position":1,"name":"\u9996\u9875","item":"https:\/\/www.tstcables.com\/es\/"},{"@type":"ListItem","position":2,"name":"Product","item":"https:\/\/www.tstcables.com\/product\/"},{"@type":"ListItem","position":3,"name":"Ferrocarril CC\/CA Cable multipolar de alta presi\u00f3n resistente al desgaste por sales y \u00e1lcalis"}]},{"@type":"WebSite","@id":"https:\/\/www.tstcables.com\/es\/#website","url":"https:\/\/www.tstcables.com\/es\/","name":"TST Cable supplier & Manufacture","description":"TST CABLES  supplier &amp; Manufacture official website","publisher":{"@id":"https:\/\/www.tstcables.com\/es\/#organization"},"potentialAction":[{"@type":"SearchAction","target":{"@type":"EntryPoint","urlTemplate":"https:\/\/www.tstcables.com\/es\/?s={search_term_string}"},"query-input":{"@type":"PropertyValueSpecification","valueRequired":true,"valueName":"search_term_string"}}],"inLanguage":"es"},{"@type":"Organization","@id":"https:\/\/www.tstcables.com\/es\/#organization","name":"TST Cable supplier & Manufacture","url":"https:\/\/www.tstcables.com\/es\/","logo":{"@type":"ImageObject","inLanguage":"es","@id":"https:\/\/www.tstcables.com\/es\/#\/schema\/logo\/image\/","url":"https:\/\/www.tstcables.com\/wp-content\/uploads\/2024\/04\/cropped-\u753b\u677f-1-\u62f7\u8d1d-4-1.png","contentUrl":"https:\/\/www.tstcables.com\/wp-content\/uploads\/2024\/04\/cropped-\u753b\u677f-1-\u62f7\u8d1d-4-1.png","width":300,"height":100,"caption":"TST Cable supplier & Manufacture"},"image":{"@id":"https:\/\/www.tstcables.com\/es\/#\/schema\/logo\/image\/"}}]}},"_links":{"self":[{"href":"https:\/\/www.tstcables.com\/es\/wp-json\/wp\/v2\/product\/17731","targetHints":{"allow":["GET"]}}],"collection":[{"href":"https:\/\/www.tstcables.com\/es\/wp-json\/wp\/v2\/product"}],"about":[{"href":"https:\/\/www.tstcables.com\/es\/wp-json\/wp\/v2\/types\/product"}],"version-history":[{"count":0,"href":"https:\/\/www.tstcables.com\/es\/wp-json\/wp\/v2\/product\/17731\/revisions"}],"wp:featuredmedia":[{"embeddable":true,"href":"https:\/\/www.tstcables.com\/es\/wp-json\/wp\/v2\/media\/12790"}],"wp:attachment":[{"href":"https:\/\/www.tstcables.com\/es\/wp-json\/wp\/v2\/media?parent=17731"}],"wp:term":[{"taxonomy":"product_brand","embeddable":true,"href":"https:\/\/www.tstcables.com\/es\/wp-json\/wp\/v2\/product_brand?post=17731"},{"taxonomy":"product_cat","embeddable":true,"href":"https:\/\/www.tstcables.com\/es\/wp-json\/wp\/v2\/product_cat?post=17731"},{"taxonomy":"product_tag","embeddable":true,"href":"https:\/\/www.tstcables.com\/es\/wp-json\/wp\/v2\/product_tag?post=17731"}],"curies":[{"name":"wp","href":"https:\/\/api.w.org\/{rel}","templated":true}]}}