{"id":17735,"date":"2024-03-23T14:38:41","date_gmt":"2024-03-23T06:38:41","guid":{"rendered":"https:\/\/www.tstcables.com\/product\/cables-y-alambres-de-carga-para-vehiculos-electricos\/"},"modified":"2024-03-23T14:38:41","modified_gmt":"2024-03-23T06:38:41","slug":"cables-y-alambres-de-carga-para-vehiculos-electricos","status":"publish","type":"product","link":"https:\/\/www.tstcables.com\/es\/producto\/cables-y-alambres-de-carga-para-vehiculos-electricos\/","title":{"rendered":"Cables y alambres de carga para veh\u00edculos el\u00e9ctricos"},"content":{"rendered":"<p>Aplicaci\u00f3n\uff1a<\/p>\n<p>Los alambres y cables de carga de veh\u00edculos el\u00e9ctricos se utilizan com\u00fanmente en estaciones de carga, estacionamientos, hoteles, comunidades, garajes y otras \u00e1reas. Los cables de carga port\u00e1tiles se pueden guardar dentro del veh\u00edculo para mayor comodidad.<\/p>\n<p>Caracter\u00edstica\uff1a<\/p>\n<ul>\n<li>Tensi\u00f3n nominal: CA 450\/750 V, CC 1,0 KV.<\/li>\n<li>\u00c1rea de secci\u00f3n transversal: 0,75 mm2, 1,5 mm2, 2,5 mm2, 4,0 mm2, 6,0 mm2, 16 mm2, 20 mm2, 35 mm2, 50 mm2, 80 mm2.<\/li>\n<li>N\u00famero de n\u00facleos de cable: L\u00ednea de se\u00f1al + L\u00ednea de control + L\u00ednea de alimentaci\u00f3n.<\/li>\n<li>Conductores: Conductores flexibles Clase 5 y Clase 6.<\/li>\n<li>Radio de curvatura: 5D (requisitos especiales).<\/li>\n<li>Nota: En el contexto de las caracter\u00edsticas del cable, \u00ab5D\u00bb se refiere a un radio de curvatura que es 5 veces el di\u00e1metro exterior del cable.<\/li>\n<\/ul>\n<p>Norma del sector:<\/p>\n<ul>\n<li>IEC 62893<\/li>\n<li>Eu &#8211; 50260<\/li>\n<li>ur62<\/li>\n<li>T33594<\/li>\n<\/ul>\n","protected":false},"excerpt":{"rendered":"<p>Los cables y alambres de carga de veh\u00edculos el\u00e9ctricos se utilizan para conectar equipos de carga de veh\u00edculos el\u00e9ctricos e infraestructuras de carga, lo que permite la transferencia de energ\u00eda a veh\u00edculos el\u00e9ctricos. Estos cables est\u00e1n equipados con un n\u00famero determinado de l\u00edneas de se\u00f1al, l\u00edneas de control, l\u00edneas auxiliares de potencia, etc., para garantizar un control preciso y un funcionamiento seguro durante todo el proceso de carga.<\/p>\n","protected":false},"featured_media":10718,"template":"","meta":{"_eb_attr":"","site-sidebar-layout":"default","site-content-layout":"","ast-site-content-layout":"default","site-content-style":"default","site-sidebar-style":"default","ast-global-header-display":"","ast-banner-title-visibility":"","ast-main-header-display":"","ast-hfb-above-header-display":"","ast-hfb-below-header-display":"","ast-hfb-mobile-header-display":"","site-post-title":"","ast-breadcrumbs-content":"","ast-featured-img":"","footer-sml-layout":"","theme-transparent-header-meta":"default","adv-header-id-meta":"","stick-header-meta":"","header-above-stick-meta":"","header-main-stick-meta":"","header-below-stick-meta":"","astra-migrate-meta-layouts":"default","ast-page-background-enabled":"default","ast-page-background-meta":{"desktop":{"background-color":"","background-image":"","background-repeat":"repeat","background-position":"center center","background-size":"auto","background-attachment":"scroll","background-type":"","background-media":"","overlay-type":"","overlay-color":"","overlay-opacity":"","overlay-gradient":""},"tablet":{"background-color":"","background-image":"","background-repeat":"repeat","background-position":"center center","background-size":"auto","background-attachment":"scroll","background-type":"","background-media":"","overlay-type":"","overlay-color":"","overlay-opacity":"","overlay-gradient":""},"mobile":{"background-color":"","background-image":"","background-repeat":"repeat","background-position":"center center","background-size":"auto","background-attachment":"scroll","background-type":"","background-media":"","overlay-type":"","overlay-color":"","overlay-opacity":"","overlay-gradient":""}},"ast-content-background-meta":{"desktop":{"background-color":"var(--ast-global-color-5)","background-image":"","background-repeat":"repeat","background-position":"center center","background-size":"auto","background-attachment":"scroll","background-type":"","background-media":"","overlay-type":"","overlay-color":"","overlay-opacity":"","overlay-gradient":""},"tablet":{"background-color":"var(--ast-global-color-5)","background-image":"","background-repeat":"repeat","background-position":"center center","background-size":"auto","background-attachment":"scroll","background-type":"","background-media":"","overlay-type":"","overlay-color":"","overlay-opacity":"","overlay-gradient":""},"mobile":{"background-color":"var(--ast-global-color-5)","background-image":"","background-repeat":"repeat","background-position":"center center","background-size":"auto","background-attachment":"scroll","background-type":"","background-media":"","overlay-type":"","overlay-color":"","overlay-opacity":"","overlay-gradient":""}}},"product_brand":[],"product_cat":[591,621,596,631,590,595,623,622,601,603,602,600,597],"product_tag":[1254,1255],"class_list":{"0":"post-17735","1":"product","2":"type-product","3":"status-publish","4":"has-post-thumbnail","6":"product_cat-cable-de-alta-temperatura","7":"product_cat-cable-de-pequeno-tamano","8":"product_cat-cable-de-silicona","9":"product_cat-cable-ligero","10":"product_cat-lsoh-cable-es","11":"product_cat-cable-personalizado","12":"product_cat-en50264-es","13":"product_cat-en50306-es","14":"product_cat-en50382-es","15":"product_cat-norma-en","16":"product_cat-norma-ice","17":"product_cat-marina","18":"product_cat-via-ferrea","19":"product_tag-alambre-y-cable-de-carga","20":"product_tag-alambres-y-cables-para-vehiculos-electricos","21":"desktop-align-center","22":"tablet-align-left","23":"mobile-align-left","25":"first","26":"instock","27":"shipping-taxable","28":"product-type-simple"},"yoast_head":"<!-- This site is optimized with the Yoast SEO plugin v27.4 - https:\/\/yoast.com\/product\/yoast-seo-wordpress\/ -->\n<title>Cables y alambres de carga para veh\u00edculos el\u00e9ctricos<\/title>\n<meta name=\"description\" content=\"El alambre y cable de carga de veh\u00edculos el\u00e9ctricos se utiliza para conectar equipos de carga de veh\u00edculos el\u00e9ctricos e infraestructura de carga.\" \/>\n<meta name=\"robots\" content=\"index, follow, max-snippet:-1, max-image-preview:large, max-video-preview:-1\" \/>\n<link rel=\"canonical\" href=\"https:\/\/www.tstcables.com\/es\/producto\/cables-y-alambres-de-carga-para-vehiculos-electricos\/\" \/>\n<meta property=\"og:locale\" content=\"es_ES\" \/>\n<meta property=\"og:type\" content=\"article\" \/>\n<meta property=\"og:title\" content=\"Cables y alambres de carga para veh\u00edculos el\u00e9ctricos\" \/>\n<meta property=\"og:description\" content=\"El alambre y cable de carga de veh\u00edculos el\u00e9ctricos se utiliza para conectar equipos de carga de veh\u00edculos el\u00e9ctricos e infraestructura de carga.\" \/>\n<meta property=\"og:url\" content=\"https:\/\/www.tstcables.com\/es\/producto\/cables-y-alambres-de-carga-para-vehiculos-electricos\/\" \/>\n<meta property=\"og:site_name\" content=\"TST CABLES supplier &amp; Manufacture\" \/>\n<meta property=\"og:image\" content=\"https:\/\/www.tstcables.com\/wp-content\/uploads\/2024\/03\/20161208101139_81404.png\" \/>\n\t<meta property=\"og:image:width\" content=\"422\" \/>\n\t<meta property=\"og:image:height\" content=\"278\" \/>\n\t<meta property=\"og:image:type\" content=\"image\/png\" \/>\n<meta name=\"twitter:card\" content=\"summary_large_image\" \/>\n<meta name=\"twitter:label1\" content=\"Tiempo de lectura\" \/>\n\t<meta name=\"twitter:data1\" content=\"1 minuto\" \/>\n<script type=\"application\/ld+json\" class=\"yoast-schema-graph\">{\"@context\":\"https:\\\/\\\/schema.org\",\"@graph\":[{\"@type\":\"WebPage\",\"@id\":\"https:\\\/\\\/www.tstcables.com\\\/es\\\/producto\\\/cables-y-alambres-de-carga-para-vehiculos-electricos\\\/\",\"url\":\"https:\\\/\\\/www.tstcables.com\\\/es\\\/producto\\\/cables-y-alambres-de-carga-para-vehiculos-electricos\\\/\",\"name\":\"Cables y alambres de carga para veh\u00edculos el\u00e9ctricos\",\"isPartOf\":{\"@id\":\"https:\\\/\\\/www.tstcables.com\\\/es\\\/#website\"},\"primaryImageOfPage\":{\"@id\":\"https:\\\/\\\/www.tstcables.com\\\/es\\\/producto\\\/cables-y-alambres-de-carga-para-vehiculos-electricos\\\/#primaryimage\"},\"image\":{\"@id\":\"https:\\\/\\\/www.tstcables.com\\\/es\\\/producto\\\/cables-y-alambres-de-carga-para-vehiculos-electricos\\\/#primaryimage\"},\"thumbnailUrl\":\"https:\\\/\\\/www.tstcables.com\\\/wp-content\\\/uploads\\\/2024\\\/03\\\/20161208101139_81404.png\",\"datePublished\":\"2024-03-23T06:38:41+00:00\",\"description\":\"El alambre y cable de carga de veh\u00edculos el\u00e9ctricos se utiliza para conectar equipos de carga de veh\u00edculos el\u00e9ctricos e infraestructura de carga.\",\"breadcrumb\":{\"@id\":\"https:\\\/\\\/www.tstcables.com\\\/es\\\/producto\\\/cables-y-alambres-de-carga-para-vehiculos-electricos\\\/#breadcrumb\"},\"inLanguage\":\"es\",\"potentialAction\":[{\"@type\":\"ReadAction\",\"target\":[\"https:\\\/\\\/www.tstcables.com\\\/es\\\/producto\\\/cables-y-alambres-de-carga-para-vehiculos-electricos\\\/\"]}]},{\"@type\":\"ImageObject\",\"inLanguage\":\"es\",\"@id\":\"https:\\\/\\\/www.tstcables.com\\\/es\\\/producto\\\/cables-y-alambres-de-carga-para-vehiculos-electricos\\\/#primaryimage\",\"url\":\"https:\\\/\\\/www.tstcables.com\\\/wp-content\\\/uploads\\\/2024\\\/03\\\/20161208101139_81404.png\",\"contentUrl\":\"https:\\\/\\\/www.tstcables.com\\\/wp-content\\\/uploads\\\/2024\\\/03\\\/20161208101139_81404.png\",\"width\":422,\"height\":278,\"caption\":\"Electric vehicle charging wire & cable\"},{\"@type\":\"BreadcrumbList\",\"@id\":\"https:\\\/\\\/www.tstcables.com\\\/es\\\/producto\\\/cables-y-alambres-de-carga-para-vehiculos-electricos\\\/#breadcrumb\",\"itemListElement\":[{\"@type\":\"ListItem\",\"position\":1,\"name\":\"\u9996\u9875\",\"item\":\"https:\\\/\\\/www.tstcables.com\\\/es\\\/\"},{\"@type\":\"ListItem\",\"position\":2,\"name\":\"Product\",\"item\":\"https:\\\/\\\/www.tstcables.com\\\/product\\\/\"},{\"@type\":\"ListItem\",\"position\":3,\"name\":\"Cables y alambres de carga para veh\u00edculos el\u00e9ctricos\"}]},{\"@type\":\"WebSite\",\"@id\":\"https:\\\/\\\/www.tstcables.com\\\/es\\\/#website\",\"url\":\"https:\\\/\\\/www.tstcables.com\\\/es\\\/\",\"name\":\"TST Cable supplier & Manufacture\",\"description\":\"TST CABLES  supplier &amp; Manufacture official website\",\"publisher\":{\"@id\":\"https:\\\/\\\/www.tstcables.com\\\/es\\\/#organization\"},\"potentialAction\":[{\"@type\":\"SearchAction\",\"target\":{\"@type\":\"EntryPoint\",\"urlTemplate\":\"https:\\\/\\\/www.tstcables.com\\\/es\\\/?s={search_term_string}\"},\"query-input\":{\"@type\":\"PropertyValueSpecification\",\"valueRequired\":true,\"valueName\":\"search_term_string\"}}],\"inLanguage\":\"es\"},{\"@type\":\"Organization\",\"@id\":\"https:\\\/\\\/www.tstcables.com\\\/es\\\/#organization\",\"name\":\"TST Cable supplier & Manufacture\",\"url\":\"https:\\\/\\\/www.tstcables.com\\\/es\\\/\",\"logo\":{\"@type\":\"ImageObject\",\"inLanguage\":\"es\",\"@id\":\"https:\\\/\\\/www.tstcables.com\\\/es\\\/#\\\/schema\\\/logo\\\/image\\\/\",\"url\":\"https:\\\/\\\/www.tstcables.com\\\/wp-content\\\/uploads\\\/2024\\\/04\\\/cropped-\u753b\u677f-1-\u62f7\u8d1d-4-1.png\",\"contentUrl\":\"https:\\\/\\\/www.tstcables.com\\\/wp-content\\\/uploads\\\/2024\\\/04\\\/cropped-\u753b\u677f-1-\u62f7\u8d1d-4-1.png\",\"width\":300,\"height\":100,\"caption\":\"TST Cable supplier & Manufacture\"},\"image\":{\"@id\":\"https:\\\/\\\/www.tstcables.com\\\/es\\\/#\\\/schema\\\/logo\\\/image\\\/\"}}]}<\/script>\n<!-- \/ Yoast SEO plugin. -->","yoast_head_json":{"title":"Cables y alambres de carga para veh\u00edculos el\u00e9ctricos","description":"El alambre y cable de carga de veh\u00edculos el\u00e9ctricos se utiliza para conectar equipos de carga de veh\u00edculos el\u00e9ctricos e infraestructura de carga.","robots":{"index":"index","follow":"follow","max-snippet":"max-snippet:-1","max-image-preview":"max-image-preview:large","max-video-preview":"max-video-preview:-1"},"canonical":"https:\/\/www.tstcables.com\/es\/producto\/cables-y-alambres-de-carga-para-vehiculos-electricos\/","og_locale":"es_ES","og_type":"article","og_title":"Cables y alambres de carga para veh\u00edculos el\u00e9ctricos","og_description":"El alambre y cable de carga de veh\u00edculos el\u00e9ctricos se utiliza para conectar equipos de carga de veh\u00edculos el\u00e9ctricos e infraestructura de carga.","og_url":"https:\/\/www.tstcables.com\/es\/producto\/cables-y-alambres-de-carga-para-vehiculos-electricos\/","og_site_name":"TST CABLES supplier &amp; Manufacture","og_image":[{"width":422,"height":278,"url":"https:\/\/www.tstcables.com\/wp-content\/uploads\/2024\/03\/20161208101139_81404.png","type":"image\/png"}],"twitter_card":"summary_large_image","twitter_misc":{"Tiempo de lectura":"1 minuto"},"schema":{"@context":"https:\/\/schema.org","@graph":[{"@type":"WebPage","@id":"https:\/\/www.tstcables.com\/es\/producto\/cables-y-alambres-de-carga-para-vehiculos-electricos\/","url":"https:\/\/www.tstcables.com\/es\/producto\/cables-y-alambres-de-carga-para-vehiculos-electricos\/","name":"Cables y alambres de carga para veh\u00edculos el\u00e9ctricos","isPartOf":{"@id":"https:\/\/www.tstcables.com\/es\/#website"},"primaryImageOfPage":{"@id":"https:\/\/www.tstcables.com\/es\/producto\/cables-y-alambres-de-carga-para-vehiculos-electricos\/#primaryimage"},"image":{"@id":"https:\/\/www.tstcables.com\/es\/producto\/cables-y-alambres-de-carga-para-vehiculos-electricos\/#primaryimage"},"thumbnailUrl":"https:\/\/www.tstcables.com\/wp-content\/uploads\/2024\/03\/20161208101139_81404.png","datePublished":"2024-03-23T06:38:41+00:00","description":"El alambre y cable de carga de veh\u00edculos el\u00e9ctricos se utiliza para conectar equipos de carga de veh\u00edculos el\u00e9ctricos e infraestructura de carga.","breadcrumb":{"@id":"https:\/\/www.tstcables.com\/es\/producto\/cables-y-alambres-de-carga-para-vehiculos-electricos\/#breadcrumb"},"inLanguage":"es","potentialAction":[{"@type":"ReadAction","target":["https:\/\/www.tstcables.com\/es\/producto\/cables-y-alambres-de-carga-para-vehiculos-electricos\/"]}]},{"@type":"ImageObject","inLanguage":"es","@id":"https:\/\/www.tstcables.com\/es\/producto\/cables-y-alambres-de-carga-para-vehiculos-electricos\/#primaryimage","url":"https:\/\/www.tstcables.com\/wp-content\/uploads\/2024\/03\/20161208101139_81404.png","contentUrl":"https:\/\/www.tstcables.com\/wp-content\/uploads\/2024\/03\/20161208101139_81404.png","width":422,"height":278,"caption":"Electric vehicle charging wire & cable"},{"@type":"BreadcrumbList","@id":"https:\/\/www.tstcables.com\/es\/producto\/cables-y-alambres-de-carga-para-vehiculos-electricos\/#breadcrumb","itemListElement":[{"@type":"ListItem","position":1,"name":"\u9996\u9875","item":"https:\/\/www.tstcables.com\/es\/"},{"@type":"ListItem","position":2,"name":"Product","item":"https:\/\/www.tstcables.com\/product\/"},{"@type":"ListItem","position":3,"name":"Cables y alambres de carga para veh\u00edculos el\u00e9ctricos"}]},{"@type":"WebSite","@id":"https:\/\/www.tstcables.com\/es\/#website","url":"https:\/\/www.tstcables.com\/es\/","name":"TST Cable supplier & Manufacture","description":"TST CABLES  supplier &amp; Manufacture official website","publisher":{"@id":"https:\/\/www.tstcables.com\/es\/#organization"},"potentialAction":[{"@type":"SearchAction","target":{"@type":"EntryPoint","urlTemplate":"https:\/\/www.tstcables.com\/es\/?s={search_term_string}"},"query-input":{"@type":"PropertyValueSpecification","valueRequired":true,"valueName":"search_term_string"}}],"inLanguage":"es"},{"@type":"Organization","@id":"https:\/\/www.tstcables.com\/es\/#organization","name":"TST Cable supplier & Manufacture","url":"https:\/\/www.tstcables.com\/es\/","logo":{"@type":"ImageObject","inLanguage":"es","@id":"https:\/\/www.tstcables.com\/es\/#\/schema\/logo\/image\/","url":"https:\/\/www.tstcables.com\/wp-content\/uploads\/2024\/04\/cropped-\u753b\u677f-1-\u62f7\u8d1d-4-1.png","contentUrl":"https:\/\/www.tstcables.com\/wp-content\/uploads\/2024\/04\/cropped-\u753b\u677f-1-\u62f7\u8d1d-4-1.png","width":300,"height":100,"caption":"TST Cable supplier & Manufacture"},"image":{"@id":"https:\/\/www.tstcables.com\/es\/#\/schema\/logo\/image\/"}}]}},"_links":{"self":[{"href":"https:\/\/www.tstcables.com\/es\/wp-json\/wp\/v2\/product\/17735","targetHints":{"allow":["GET"]}}],"collection":[{"href":"https:\/\/www.tstcables.com\/es\/wp-json\/wp\/v2\/product"}],"about":[{"href":"https:\/\/www.tstcables.com\/es\/wp-json\/wp\/v2\/types\/product"}],"version-history":[{"count":0,"href":"https:\/\/www.tstcables.com\/es\/wp-json\/wp\/v2\/product\/17735\/revisions"}],"wp:featuredmedia":[{"embeddable":true,"href":"https:\/\/www.tstcables.com\/es\/wp-json\/wp\/v2\/media\/10718"}],"wp:attachment":[{"href":"https:\/\/www.tstcables.com\/es\/wp-json\/wp\/v2\/media?parent=17735"}],"wp:term":[{"taxonomy":"product_brand","embeddable":true,"href":"https:\/\/www.tstcables.com\/es\/wp-json\/wp\/v2\/product_brand?post=17735"},{"taxonomy":"product_cat","embeddable":true,"href":"https:\/\/www.tstcables.com\/es\/wp-json\/wp\/v2\/product_cat?post=17735"},{"taxonomy":"product_tag","embeddable":true,"href":"https:\/\/www.tstcables.com\/es\/wp-json\/wp\/v2\/product_tag?post=17735"}],"curies":[{"name":"wp","href":"https:\/\/api.w.org\/{rel}","templated":true}]}}