{"id":17737,"date":"2024-03-23T14:36:05","date_gmt":"2024-03-23T06:36:05","guid":{"rendered":"https:\/\/www.tstcables.com\/product\/cable-ferroviario-cable-de-avion-cable-de-puente-para-vehiculo-en50382\/"},"modified":"2024-03-23T14:36:05","modified_gmt":"2024-03-23T06:36:05","slug":"cable-ferroviario-cable-de-avion-cable-de-puente-para-vehiculo-en50382","status":"publish","type":"product","link":"https:\/\/www.tstcables.com\/es\/producto\/cable-ferroviario-cable-de-avion-cable-de-puente-para-vehiculo-en50382\/","title":{"rendered":"Cable ferroviario Cable de avi\u00f3n Cable de puente para veh\u00edculo EN50382"},"content":{"rendered":"<p><strong><b>Presentaci\u00f3n del producto<\/b><\/strong><\/p>\n<p>TST Cables suministra cables para sistemas ferroviarios que cumplen con las normas EN 45545-2, IEC 60332-1-2 \/ IEC 60332-3, EN60305, EN 61034-2, EN 60864-2, EN 60754 -1 \/ EN 60754-2 que se aplican en el control ferroviario. sistema (cable de alimentaci\u00f3n ferroviaria, cable de control, cable de transmisi\u00f3n de datos ferroviario, cable sensor ferroviario, m\u00e1quina expendedora de billetes), sistema de comunicaci\u00f3n ferroviaria (cable coaxial ferroviario, cable RF, cable Ethernet ferroviario), sistema multimedia ferroviario (cable de altavoz, cable de micr\u00f3fono, cable de v\u00eddeo para monitor). Brindamos una amplia gama de servicios OEM de art\u00edculos de material rodante ferroviario, desde cables hasta especificaciones de cables multin\u00facleos para las aplicaciones del cliente.<\/p>\n<p>&nbsp;<\/p>\n<p><strong><b>Par\u00e1metros del producto<\/b><\/strong><\/p>\n<ul>\n<li>Modelo: Cable de puente TST-382<\/li>\n<li>Conductor: Conductor de cobre esta\u00f1ado Construcci\u00f3n de categor\u00eda 6<\/li>\n<li>Aislamiento: caucho de silicona<\/li>\n<li>Refuerzo trenzado: poli\u00e9ster o aramida<\/li>\n<li>Tensi\u00f3n nominal: 3,6\/6,0kV<\/li>\n<li>Rigidez diel\u00e9ctrica:8MPa &gt;<\/li>\n<li>Elongaci\u00f3n de rotura:200%&gt;<\/li>\n<li>Radio de curvatura del cable: 6D (D di\u00e1metro exterior del cable)<\/li>\n<li>Temperatura de funcionamiento: de -50\u00b0C a +150\u00b0C<\/li>\n<li>Tensi\u00f3n de servicio:300V\/500V<\/li>\n<li>Tensi\u00f3n de prueba: 2500 V<\/li>\n<li>Radio de curvatura m\u00ednimo en instalaci\u00f3n fija 5 x di\u00e1metro exterior<\/li>\n<li>Radio de curvatura m\u00ednimo en instalaci\u00f3n flexible 7,5 x di\u00e1metro exterior<\/li>\n<\/ul>\n<p>&nbsp;<\/p>\n<p><strong>Estructura de cable optimizada:<\/strong><br \/>\npuente de alimentaci\u00f3n, puente de control, puente de datos, puente integral<\/p>\n<p>&nbsp;<\/p>\n<p><strong>Solicitudes satisfechas<\/strong><br \/>\n\u2460 Resistencia al fuego \u2461 Baja emisi\u00f3n de humos<\/p>\n<p>\u2462 Baja toxicidad \u2463 Resistencia al envejecimiento por el sol \u2464 Resistencia al aceite<\/p>\n<p>\u2465 Resistencia a la intemperie \u2466 Resistencia mec\u00e1nica<\/p>\n<p><strong>Fiabilidad<\/strong><br \/>\nCables TST con muchos a\u00f1os de experiencia en cables de puente: La verificaci\u00f3n de la durabilidad a la flexi\u00f3n y a la torsi\u00f3n es una garant\u00eda eficaz para la seguridad de funcionamiento del veh\u00edculo. El experimento se realiz\u00f3 m\u00e1s de 500.000 veces seg\u00fan JRLS J 1000-5.4.2 y JRIS J 100-5.4.3, los experimentos se realizaron m\u00e1s de 500.000 veces.<\/p>\n<p>&nbsp;<\/p>\n<p><strong><b>Propiedades ign\u00edfugas<\/b><\/strong><\/p>\n<ul>\n<li>EN45545-2 HL1 \u2014 HL3 Test<\/li>\n<li>vertical simple EN60332-1-2<\/li>\n<li>Densidad del humo EN61034-2<\/li>\n<li>toxicidad EN50305-9-2<\/li>\n<\/ul>\n<p><strong><b> <\/b><\/strong><\/p>\n<p><strong><b>Todas las certificaciones de cualificaci\u00f3n para el sector ferroviario<\/b><\/strong><\/p>\n<ul>\n<li>Empresa con certificaci\u00f3n CRCC<\/li>\n<li>TS22163 (Sistema Internacional de Gesti\u00f3n de la Calidad Ferroviaria)<\/li>\n<li>ISO9001 (sistema de calidad)<\/li>\n<li>Certificaci\u00f3n CE de producto<\/li>\n<li>ECER118 protecci\u00f3n contra incendios<\/li>\n<\/ul>\n<p>&nbsp;<\/p>\n<p>&nbsp;<\/p>\n","protected":false},"excerpt":{"rendered":"<p>Cable ferroviario, cable para aviones, cable de puente para veh\u00edculos que se aplica en el sistema de control ferroviario (cable de alimentaci\u00f3n ferroviaria, cable de control, cable de transmisi\u00f3n de datos ferroviario, cable sensor ferroviario, m\u00e1quina expendedora de billetes), sistema de comunicaci\u00f3n ferroviaria (cable coaxial ferroviario, cable RF, cable Ethernet ferroviario), Sistema multimedia ferroviario (Cable de altavoz, Cable de micr\u00f3fono, Cable de v\u00eddeo para monitor).<\/p>\n","protected":false},"featured_media":9350,"template":"","meta":{"_eb_attr":"","site-sidebar-layout":"default","site-content-layout":"","ast-site-content-layout":"default","site-content-style":"default","site-sidebar-style":"default","ast-global-header-display":"","ast-banner-title-visibility":"","ast-main-header-display":"","ast-hfb-above-header-display":"","ast-hfb-below-header-display":"","ast-hfb-mobile-header-display":"","site-post-title":"","ast-breadcrumbs-content":"","ast-featured-img":"","footer-sml-layout":"","theme-transparent-header-meta":"default","adv-header-id-meta":"","stick-header-meta":"","header-above-stick-meta":"","header-main-stick-meta":"","header-below-stick-meta":"","astra-migrate-meta-layouts":"default","ast-page-background-enabled":"default","ast-page-background-meta":{"desktop":{"background-color":"","background-image":"","background-repeat":"repeat","background-position":"center center","background-size":"auto","background-attachment":"scroll","background-type":"","background-media":"","overlay-type":"","overlay-color":"","overlay-opacity":"","overlay-gradient":""},"tablet":{"background-color":"","background-image":"","background-repeat":"repeat","background-position":"center center","background-size":"auto","background-attachment":"scroll","background-type":"","background-media":"","overlay-type":"","overlay-color":"","overlay-opacity":"","overlay-gradient":""},"mobile":{"background-color":"","background-image":"","background-repeat":"repeat","background-position":"center center","background-size":"auto","background-attachment":"scroll","background-type":"","background-media":"","overlay-type":"","overlay-color":"","overlay-opacity":"","overlay-gradient":""}},"ast-content-background-meta":{"desktop":{"background-color":"var(--ast-global-color-5)","background-image":"","background-repeat":"repeat","background-position":"center center","background-size":"auto","background-attachment":"scroll","background-type":"","background-media":"","overlay-type":"","overlay-color":"","overlay-opacity":"","overlay-gradient":""},"tablet":{"background-color":"var(--ast-global-color-5)","background-image":"","background-repeat":"repeat","background-position":"center center","background-size":"auto","background-attachment":"scroll","background-type":"","background-media":"","overlay-type":"","overlay-color":"","overlay-opacity":"","overlay-gradient":""},"mobile":{"background-color":"var(--ast-global-color-5)","background-image":"","background-repeat":"repeat","background-position":"center center","background-size":"auto","background-attachment":"scroll","background-type":"","background-media":"","overlay-type":"","overlay-color":"","overlay-opacity":"","overlay-gradient":""}}},"product_brand":[],"product_cat":[599,596,590,595,630,623,622,601,603,602,597],"product_tag":[1236,1237,1238],"class_list":{"0":"post-17737","1":"product","2":"type-product","3":"status-publish","4":"has-post-thumbnail","6":"product_cat-aviacion","7":"product_cat-cable-de-silicona","8":"product_cat-lsoh-cable-es","9":"product_cat-cable-personalizado","10":"product_cat-cable-resistente-al-desgaste","11":"product_cat-en50264-es","12":"product_cat-en50306-es","13":"product_cat-en50382-es","14":"product_cat-norma-en","15":"product_cat-norma-ice","16":"product_cat-via-ferrea","17":"product_tag-cable-ferroviario","18":"product_tag-cable-puente-tst-382","19":"product_tag-tst-cable-de-arranque-del-vehiculo","20":"desktop-align-center","21":"tablet-align-left","22":"mobile-align-left","24":"first","25":"instock","26":"shipping-taxable","27":"product-type-simple"},"yoast_head":"<!-- This site is optimized with the Yoast SEO plugin v27.3 - https:\/\/yoast.com\/product\/yoast-seo-wordpress\/ -->\n<title>Cable ferroviario Cable de avi\u00f3n Cable de puente para veh\u00edculo EN50382<\/title>\n<meta name=\"description\" content=\"Cable ferroviario Cable para aviones El cable de puente para veh\u00edculos proporciona una amplia gama de servicios OEM de art\u00edculos de material rodante ferroviario, desde cables hasta especificaciones de cables multin\u00facleos para las aplicaciones del cliente.\" \/>\n<meta name=\"robots\" content=\"index, follow, max-snippet:-1, max-image-preview:large, max-video-preview:-1\" \/>\n<link rel=\"canonical\" href=\"https:\/\/www.tstcables.com\/es\/producto\/cable-ferroviario-cable-de-avion-cable-de-puente-para-vehiculo-en50382\/\" \/>\n<meta property=\"og:locale\" content=\"es_ES\" \/>\n<meta property=\"og:type\" content=\"article\" \/>\n<meta property=\"og:title\" content=\"Cable ferroviario Cable de avi\u00f3n Cable de puente para veh\u00edculo EN50382\" \/>\n<meta property=\"og:description\" content=\"Cable ferroviario Cable para aviones El cable de puente para veh\u00edculos proporciona una amplia gama de servicios OEM de art\u00edculos de material rodante ferroviario, desde cables hasta especificaciones de cables multin\u00facleos para las aplicaciones del cliente.\" \/>\n<meta property=\"og:url\" content=\"https:\/\/www.tstcables.com\/es\/producto\/cable-ferroviario-cable-de-avion-cable-de-puente-para-vehiculo-en50382\/\" \/>\n<meta property=\"og:site_name\" content=\"TST CABLES supplier &amp; Manufacture\" \/>\n<meta property=\"og:image\" content=\"https:\/\/www.tstcables.com\/wp-content\/uploads\/2024\/03\/image_vehiclejumpercable.png\" \/>\n\t<meta property=\"og:image:width\" content=\"900\" \/>\n\t<meta property=\"og:image:height\" content=\"900\" \/>\n\t<meta property=\"og:image:type\" content=\"image\/png\" \/>\n<meta name=\"twitter:card\" content=\"summary_large_image\" \/>\n<meta name=\"twitter:label1\" content=\"Tiempo de lectura\" \/>\n\t<meta name=\"twitter:data1\" content=\"2 minutos\" \/>\n<script type=\"application\/ld+json\" class=\"yoast-schema-graph\">{\"@context\":\"https:\\\/\\\/schema.org\",\"@graph\":[{\"@type\":\"WebPage\",\"@id\":\"https:\\\/\\\/www.tstcables.com\\\/es\\\/producto\\\/cable-ferroviario-cable-de-avion-cable-de-puente-para-vehiculo-en50382\\\/\",\"url\":\"https:\\\/\\\/www.tstcables.com\\\/es\\\/producto\\\/cable-ferroviario-cable-de-avion-cable-de-puente-para-vehiculo-en50382\\\/\",\"name\":\"Cable ferroviario Cable de avi\u00f3n Cable de puente para veh\u00edculo EN50382\",\"isPartOf\":{\"@id\":\"https:\\\/\\\/www.tstcables.com\\\/es\\\/#website\"},\"primaryImageOfPage\":{\"@id\":\"https:\\\/\\\/www.tstcables.com\\\/es\\\/producto\\\/cable-ferroviario-cable-de-avion-cable-de-puente-para-vehiculo-en50382\\\/#primaryimage\"},\"image\":{\"@id\":\"https:\\\/\\\/www.tstcables.com\\\/es\\\/producto\\\/cable-ferroviario-cable-de-avion-cable-de-puente-para-vehiculo-en50382\\\/#primaryimage\"},\"thumbnailUrl\":\"https:\\\/\\\/www.tstcables.com\\\/wp-content\\\/uploads\\\/2024\\\/03\\\/image_vehiclejumpercable.png\",\"datePublished\":\"2024-03-23T06:36:05+00:00\",\"description\":\"Cable ferroviario Cable para aviones El cable de puente para veh\u00edculos proporciona una amplia gama de servicios OEM de art\u00edculos de material rodante ferroviario, desde cables hasta especificaciones de cables multin\u00facleos para las aplicaciones del cliente.\",\"breadcrumb\":{\"@id\":\"https:\\\/\\\/www.tstcables.com\\\/es\\\/producto\\\/cable-ferroviario-cable-de-avion-cable-de-puente-para-vehiculo-en50382\\\/#breadcrumb\"},\"inLanguage\":\"es\",\"potentialAction\":[{\"@type\":\"ReadAction\",\"target\":[\"https:\\\/\\\/www.tstcables.com\\\/es\\\/producto\\\/cable-ferroviario-cable-de-avion-cable-de-puente-para-vehiculo-en50382\\\/\"]}]},{\"@type\":\"ImageObject\",\"inLanguage\":\"es\",\"@id\":\"https:\\\/\\\/www.tstcables.com\\\/es\\\/producto\\\/cable-ferroviario-cable-de-avion-cable-de-puente-para-vehiculo-en50382\\\/#primaryimage\",\"url\":\"https:\\\/\\\/www.tstcables.com\\\/wp-content\\\/uploads\\\/2024\\\/03\\\/image_vehiclejumpercable.png\",\"contentUrl\":\"https:\\\/\\\/www.tstcables.com\\\/wp-content\\\/uploads\\\/2024\\\/03\\\/image_vehiclejumpercable.png\",\"width\":900,\"height\":900,\"caption\":\"Vehicle jumper cable\"},{\"@type\":\"BreadcrumbList\",\"@id\":\"https:\\\/\\\/www.tstcables.com\\\/es\\\/producto\\\/cable-ferroviario-cable-de-avion-cable-de-puente-para-vehiculo-en50382\\\/#breadcrumb\",\"itemListElement\":[{\"@type\":\"ListItem\",\"position\":1,\"name\":\"\u9996\u9875\",\"item\":\"https:\\\/\\\/www.tstcables.com\\\/es\\\/\"},{\"@type\":\"ListItem\",\"position\":2,\"name\":\"Product\",\"item\":\"https:\\\/\\\/www.tstcables.com\\\/product\\\/\"},{\"@type\":\"ListItem\",\"position\":3,\"name\":\"Cable ferroviario Cable de avi\u00f3n Cable de puente para veh\u00edculo EN50382\"}]},{\"@type\":\"WebSite\",\"@id\":\"https:\\\/\\\/www.tstcables.com\\\/es\\\/#website\",\"url\":\"https:\\\/\\\/www.tstcables.com\\\/es\\\/\",\"name\":\"TST Cable supplier & Manufacture\",\"description\":\"TST CABLES  supplier &amp; Manufacture official website\",\"publisher\":{\"@id\":\"https:\\\/\\\/www.tstcables.com\\\/es\\\/#organization\"},\"potentialAction\":[{\"@type\":\"SearchAction\",\"target\":{\"@type\":\"EntryPoint\",\"urlTemplate\":\"https:\\\/\\\/www.tstcables.com\\\/es\\\/?s={search_term_string}\"},\"query-input\":{\"@type\":\"PropertyValueSpecification\",\"valueRequired\":true,\"valueName\":\"search_term_string\"}}],\"inLanguage\":\"es\"},{\"@type\":\"Organization\",\"@id\":\"https:\\\/\\\/www.tstcables.com\\\/es\\\/#organization\",\"name\":\"TST Cable supplier & Manufacture\",\"url\":\"https:\\\/\\\/www.tstcables.com\\\/es\\\/\",\"logo\":{\"@type\":\"ImageObject\",\"inLanguage\":\"es\",\"@id\":\"https:\\\/\\\/www.tstcables.com\\\/es\\\/#\\\/schema\\\/logo\\\/image\\\/\",\"url\":\"https:\\\/\\\/www.tstcables.com\\\/wp-content\\\/uploads\\\/2024\\\/04\\\/cropped-\u753b\u677f-1-\u62f7\u8d1d-4-1.png\",\"contentUrl\":\"https:\\\/\\\/www.tstcables.com\\\/wp-content\\\/uploads\\\/2024\\\/04\\\/cropped-\u753b\u677f-1-\u62f7\u8d1d-4-1.png\",\"width\":300,\"height\":100,\"caption\":\"TST Cable supplier & Manufacture\"},\"image\":{\"@id\":\"https:\\\/\\\/www.tstcables.com\\\/es\\\/#\\\/schema\\\/logo\\\/image\\\/\"}}]}<\/script>\n<!-- \/ Yoast SEO plugin. -->","yoast_head_json":{"title":"Cable ferroviario Cable de avi\u00f3n Cable de puente para veh\u00edculo EN50382","description":"Cable ferroviario Cable para aviones El cable de puente para veh\u00edculos proporciona una amplia gama de servicios OEM de art\u00edculos de material rodante ferroviario, desde cables hasta especificaciones de cables multin\u00facleos para las aplicaciones del cliente.","robots":{"index":"index","follow":"follow","max-snippet":"max-snippet:-1","max-image-preview":"max-image-preview:large","max-video-preview":"max-video-preview:-1"},"canonical":"https:\/\/www.tstcables.com\/es\/producto\/cable-ferroviario-cable-de-avion-cable-de-puente-para-vehiculo-en50382\/","og_locale":"es_ES","og_type":"article","og_title":"Cable ferroviario Cable de avi\u00f3n Cable de puente para veh\u00edculo EN50382","og_description":"Cable ferroviario Cable para aviones El cable de puente para veh\u00edculos proporciona una amplia gama de servicios OEM de art\u00edculos de material rodante ferroviario, desde cables hasta especificaciones de cables multin\u00facleos para las aplicaciones del cliente.","og_url":"https:\/\/www.tstcables.com\/es\/producto\/cable-ferroviario-cable-de-avion-cable-de-puente-para-vehiculo-en50382\/","og_site_name":"TST CABLES supplier &amp; Manufacture","og_image":[{"width":900,"height":900,"url":"https:\/\/www.tstcables.com\/wp-content\/uploads\/2024\/03\/image_vehiclejumpercable.png","type":"image\/png"}],"twitter_card":"summary_large_image","twitter_misc":{"Tiempo de lectura":"2 minutos"},"schema":{"@context":"https:\/\/schema.org","@graph":[{"@type":"WebPage","@id":"https:\/\/www.tstcables.com\/es\/producto\/cable-ferroviario-cable-de-avion-cable-de-puente-para-vehiculo-en50382\/","url":"https:\/\/www.tstcables.com\/es\/producto\/cable-ferroviario-cable-de-avion-cable-de-puente-para-vehiculo-en50382\/","name":"Cable ferroviario Cable de avi\u00f3n Cable de puente para veh\u00edculo EN50382","isPartOf":{"@id":"https:\/\/www.tstcables.com\/es\/#website"},"primaryImageOfPage":{"@id":"https:\/\/www.tstcables.com\/es\/producto\/cable-ferroviario-cable-de-avion-cable-de-puente-para-vehiculo-en50382\/#primaryimage"},"image":{"@id":"https:\/\/www.tstcables.com\/es\/producto\/cable-ferroviario-cable-de-avion-cable-de-puente-para-vehiculo-en50382\/#primaryimage"},"thumbnailUrl":"https:\/\/www.tstcables.com\/wp-content\/uploads\/2024\/03\/image_vehiclejumpercable.png","datePublished":"2024-03-23T06:36:05+00:00","description":"Cable ferroviario Cable para aviones El cable de puente para veh\u00edculos proporciona una amplia gama de servicios OEM de art\u00edculos de material rodante ferroviario, desde cables hasta especificaciones de cables multin\u00facleos para las aplicaciones del cliente.","breadcrumb":{"@id":"https:\/\/www.tstcables.com\/es\/producto\/cable-ferroviario-cable-de-avion-cable-de-puente-para-vehiculo-en50382\/#breadcrumb"},"inLanguage":"es","potentialAction":[{"@type":"ReadAction","target":["https:\/\/www.tstcables.com\/es\/producto\/cable-ferroviario-cable-de-avion-cable-de-puente-para-vehiculo-en50382\/"]}]},{"@type":"ImageObject","inLanguage":"es","@id":"https:\/\/www.tstcables.com\/es\/producto\/cable-ferroviario-cable-de-avion-cable-de-puente-para-vehiculo-en50382\/#primaryimage","url":"https:\/\/www.tstcables.com\/wp-content\/uploads\/2024\/03\/image_vehiclejumpercable.png","contentUrl":"https:\/\/www.tstcables.com\/wp-content\/uploads\/2024\/03\/image_vehiclejumpercable.png","width":900,"height":900,"caption":"Vehicle jumper cable"},{"@type":"BreadcrumbList","@id":"https:\/\/www.tstcables.com\/es\/producto\/cable-ferroviario-cable-de-avion-cable-de-puente-para-vehiculo-en50382\/#breadcrumb","itemListElement":[{"@type":"ListItem","position":1,"name":"\u9996\u9875","item":"https:\/\/www.tstcables.com\/es\/"},{"@type":"ListItem","position":2,"name":"Product","item":"https:\/\/www.tstcables.com\/product\/"},{"@type":"ListItem","position":3,"name":"Cable ferroviario Cable de avi\u00f3n Cable de puente para veh\u00edculo EN50382"}]},{"@type":"WebSite","@id":"https:\/\/www.tstcables.com\/es\/#website","url":"https:\/\/www.tstcables.com\/es\/","name":"TST Cable supplier & Manufacture","description":"TST CABLES  supplier &amp; Manufacture official website","publisher":{"@id":"https:\/\/www.tstcables.com\/es\/#organization"},"potentialAction":[{"@type":"SearchAction","target":{"@type":"EntryPoint","urlTemplate":"https:\/\/www.tstcables.com\/es\/?s={search_term_string}"},"query-input":{"@type":"PropertyValueSpecification","valueRequired":true,"valueName":"search_term_string"}}],"inLanguage":"es"},{"@type":"Organization","@id":"https:\/\/www.tstcables.com\/es\/#organization","name":"TST Cable supplier & Manufacture","url":"https:\/\/www.tstcables.com\/es\/","logo":{"@type":"ImageObject","inLanguage":"es","@id":"https:\/\/www.tstcables.com\/es\/#\/schema\/logo\/image\/","url":"https:\/\/www.tstcables.com\/wp-content\/uploads\/2024\/04\/cropped-\u753b\u677f-1-\u62f7\u8d1d-4-1.png","contentUrl":"https:\/\/www.tstcables.com\/wp-content\/uploads\/2024\/04\/cropped-\u753b\u677f-1-\u62f7\u8d1d-4-1.png","width":300,"height":100,"caption":"TST Cable supplier & Manufacture"},"image":{"@id":"https:\/\/www.tstcables.com\/es\/#\/schema\/logo\/image\/"}}]}},"_links":{"self":[{"href":"https:\/\/www.tstcables.com\/es\/wp-json\/wp\/v2\/product\/17737","targetHints":{"allow":["GET"]}}],"collection":[{"href":"https:\/\/www.tstcables.com\/es\/wp-json\/wp\/v2\/product"}],"about":[{"href":"https:\/\/www.tstcables.com\/es\/wp-json\/wp\/v2\/types\/product"}],"version-history":[{"count":0,"href":"https:\/\/www.tstcables.com\/es\/wp-json\/wp\/v2\/product\/17737\/revisions"}],"wp:featuredmedia":[{"embeddable":true,"href":"https:\/\/www.tstcables.com\/es\/wp-json\/wp\/v2\/media\/9350"}],"wp:attachment":[{"href":"https:\/\/www.tstcables.com\/es\/wp-json\/wp\/v2\/media?parent=17737"}],"wp:term":[{"taxonomy":"product_brand","embeddable":true,"href":"https:\/\/www.tstcables.com\/es\/wp-json\/wp\/v2\/product_brand?post=17737"},{"taxonomy":"product_cat","embeddable":true,"href":"https:\/\/www.tstcables.com\/es\/wp-json\/wp\/v2\/product_cat?post=17737"},{"taxonomy":"product_tag","embeddable":true,"href":"https:\/\/www.tstcables.com\/es\/wp-json\/wp\/v2\/product_tag?post=17737"}],"curies":[{"name":"wp","href":"https:\/\/api.w.org\/{rel}","templated":true}]}}