{"id":17739,"date":"2024-03-23T09:42:11","date_gmt":"2024-03-23T01:42:11","guid":{"rendered":"https:\/\/www.tstcables.com\/product\/akpk250-600v-cable-y-alambre-blindados-multinucleo-unipolar-peek-resistente-al-calor-a-altas-temperaturas-250-%e2%84%83\/"},"modified":"2024-03-23T09:42:11","modified_gmt":"2024-03-23T01:42:11","slug":"akpk250-600v-cable-y-alambre-blindados-multinucleo-unipolar-peek-resistente-al-calor-a-altas-temperaturas-250-%e2%84%83","status":"publish","type":"product","link":"https:\/\/www.tstcables.com\/es\/producto\/akpk250-600v-cable-y-alambre-blindados-multinucleo-unipolar-peek-resistente-al-calor-a-altas-temperaturas-250-%e2%84%83\/","title":{"rendered":"AKPK250 600V Cable y alambre blindados multin\u00facleo unipolar PEEK resistente al calor a altas temperaturas 250 \u2103"},"content":{"rendered":"<p>Aplicaci\u00f3n\uff1a<\/p>\n<p>TH\/J-AKPK-250 El cable y alambre blindado de m\u00faltiples n\u00facleos PEEK de alta temperatura a 250 \u2103 es adecuado para diversas industrias, incluidas la aeroespacial, la aviaci\u00f3n, la maquinaria de alta gama, la qu\u00edmica, la industria nuclear, el transporte ferroviario y otros campos relacionados. . Su resistencia a altas temperaturas, color personalizable y construcci\u00f3n robusta lo hacen ideal para aplicaciones exigentes en estas industrias.<\/p>\n<p>Caracter\u00edstica\uff1a<\/p>\n<ul>\n<li>Rango de temperatura: -60\u00b0C a +250\u00b0C<\/li>\n<li>Tensi\u00f3n nominal: 600V<\/li>\n<li>Tolerancia del di\u00e1metro exterior: \u00b10,1 mm<\/li>\n<li>Color: Personalizable.<\/li>\n<\/ul>\n<p>Estructura de conductores:<\/p>\n<ul>\n<li>Conductor: Alambre de cobre plateado o alambre de cobre niquelado.<\/li>\n<li>Material de aislamiento: Poli\u00e9ter \u00e9ter cetona (PEEK), un material termopl\u00e1stico de alta temperatura.<\/li>\n<li>Blindaje: Blindaje trenzado.<\/li>\n<li>Material de la cubierta: Poli\u00e9ter \u00e9ter cetona (PEEK), un material termopl\u00e1stico de alta temperatura.<\/li>\n<\/ul>\n","protected":false},"excerpt":{"rendered":"<p>TH\/J-AKPK-250 PEEK Cable apantallado unipolar multifilar, con capa de apantallamiento, capaz de soportar altas temperaturas de hasta 250\u00b0C, ampliamente utilizado en la industria aeroespacial, aviaci\u00f3n, maquinaria de alta gama, qu\u00edmica, nuclear, transporte ferroviario y otros campos.<\/p>\n","protected":false},"featured_media":13342,"template":"","meta":{"_eb_attr":"","site-sidebar-layout":"default","site-content-layout":"","ast-site-content-layout":"default","site-content-style":"default","site-sidebar-style":"default","ast-global-header-display":"","ast-banner-title-visibility":"","ast-main-header-display":"","ast-hfb-above-header-display":"","ast-hfb-below-header-display":"","ast-hfb-mobile-header-display":"","site-post-title":"","ast-breadcrumbs-content":"","ast-featured-img":"","footer-sml-layout":"","theme-transparent-header-meta":"default","adv-header-id-meta":"","stick-header-meta":"","header-above-stick-meta":"","header-main-stick-meta":"","header-below-stick-meta":"","astra-migrate-meta-layouts":"default","ast-page-background-enabled":"default","ast-page-background-meta":{"desktop":{"background-color":"","background-image":"","background-repeat":"repeat","background-position":"center center","background-size":"auto","background-attachment":"scroll","background-type":"","background-media":"","overlay-type":"","overlay-color":"","overlay-opacity":"","overlay-gradient":""},"tablet":{"background-color":"","background-image":"","background-repeat":"repeat","background-position":"center center","background-size":"auto","background-attachment":"scroll","background-type":"","background-media":"","overlay-type":"","overlay-color":"","overlay-opacity":"","overlay-gradient":""},"mobile":{"background-color":"","background-image":"","background-repeat":"repeat","background-position":"center center","background-size":"auto","background-attachment":"scroll","background-type":"","background-media":"","overlay-type":"","overlay-color":"","overlay-opacity":"","overlay-gradient":""}},"ast-content-background-meta":{"desktop":{"background-color":"var(--ast-global-color-5)","background-image":"","background-repeat":"repeat","background-position":"center center","background-size":"auto","background-attachment":"scroll","background-type":"","background-media":"","overlay-type":"","overlay-color":"","overlay-opacity":"","overlay-gradient":""},"tablet":{"background-color":"var(--ast-global-color-5)","background-image":"","background-repeat":"repeat","background-position":"center center","background-size":"auto","background-attachment":"scroll","background-type":"","background-media":"","overlay-type":"","overlay-color":"","overlay-opacity":"","overlay-gradient":""},"mobile":{"background-color":"var(--ast-global-color-5)","background-image":"","background-repeat":"repeat","background-position":"center center","background-size":"auto","background-attachment":"scroll","background-type":"","background-media":"","overlay-type":"","overlay-color":"","overlay-opacity":"","overlay-gradient":""}}},"product_brand":[],"product_cat":[599,591,644,623,622,610,603,602,646,598,600,597],"product_tag":[1258,1256,1248,1257,880],"class_list":{"0":"post-17739","1":"product","2":"type-product","3":"status-publish","4":"has-post-thumbnail","6":"product_cat-aviacion","7":"product_cat-cable-de-alta-temperatura","8":"product_cat-cable-peek","9":"product_cat-en50264-es","10":"product_cat-en50306-es","11":"product_cat-energia-eolica","12":"product_cat-norma-en","13":"product_cat-norma-ice","14":"product_cat-nuclear-es","15":"product_cat-petroleo-gas","16":"product_cat-marina","17":"product_cat-via-ferrea","18":"product_tag-alambres-y-cables-blindados","19":"product_tag-alambres-y-cables-de-alta-temperatura","20":"product_tag-alambres-y-cables-multinucleo","21":"product_tag-alambres-y-cables-peek","22":"product_tag-cables-unipolares","23":"desktop-align-center","24":"tablet-align-left","25":"mobile-align-left","27":"first","28":"instock","29":"shipping-taxable","30":"product-type-simple"},"yoast_head":"<!-- This site is optimized with the Yoast SEO plugin v27.4 - https:\/\/yoast.com\/product\/yoast-seo-wordpress\/ -->\n<title>Cable y alambre blindados resistentes al calor de alta temperatura PEEK<\/title>\n<meta name=\"description\" content=\"Cable blindado PEEK de un solo n\u00facleo y multin\u00facleo, con capa protectora, capaz de soportar altas temperaturas de hasta 250 \u00b0C, ampliamente utilizado en la industria aeroespacial y de aviaci\u00f3n.\" \/>\n<meta name=\"robots\" content=\"index, follow, max-snippet:-1, max-image-preview:large, max-video-preview:-1\" \/>\n<link rel=\"canonical\" href=\"https:\/\/www.tstcables.com\/es\/producto\/akpk250-600v-cable-y-alambre-blindados-multinucleo-unipolar-peek-resistente-al-calor-a-altas-temperaturas-250-%e2%84%83\/\" \/>\n<meta property=\"og:locale\" content=\"es_ES\" \/>\n<meta property=\"og:type\" content=\"article\" \/>\n<meta property=\"og:title\" content=\"Cable y alambre blindados resistentes al calor de alta temperatura PEEK\" \/>\n<meta property=\"og:description\" content=\"Cable blindado PEEK de un solo n\u00facleo y multin\u00facleo, con capa protectora, capaz de soportar altas temperaturas de hasta 250 \u00b0C, ampliamente utilizado en la industria aeroespacial y de aviaci\u00f3n.\" \/>\n<meta property=\"og:url\" content=\"https:\/\/www.tstcables.com\/es\/producto\/akpk250-600v-cable-y-alambre-blindados-multinucleo-unipolar-peek-resistente-al-calor-a-altas-temperaturas-250-%e2%84%83\/\" \/>\n<meta property=\"og:site_name\" content=\"TST CABLES supplier &amp; Manufacture\" \/>\n<meta property=\"og:image\" content=\"https:\/\/www.tstcables.com\/wp-content\/uploads\/2024\/03\/1-25.jpg\" \/>\n\t<meta property=\"og:image:width\" content=\"750\" \/>\n\t<meta property=\"og:image:height\" content=\"750\" \/>\n\t<meta property=\"og:image:type\" content=\"image\/jpeg\" \/>\n<meta name=\"twitter:card\" content=\"summary_large_image\" \/>\n<meta name=\"twitter:label1\" content=\"Tiempo de lectura\" \/>\n\t<meta name=\"twitter:data1\" content=\"1 minuto\" \/>\n<script type=\"application\/ld+json\" class=\"yoast-schema-graph\">{\"@context\":\"https:\\\/\\\/schema.org\",\"@graph\":[{\"@type\":\"WebPage\",\"@id\":\"https:\\\/\\\/www.tstcables.com\\\/es\\\/producto\\\/akpk250-600v-cable-y-alambre-blindados-multinucleo-unipolar-peek-resistente-al-calor-a-altas-temperaturas-250-%e2%84%83\\\/\",\"url\":\"https:\\\/\\\/www.tstcables.com\\\/es\\\/producto\\\/akpk250-600v-cable-y-alambre-blindados-multinucleo-unipolar-peek-resistente-al-calor-a-altas-temperaturas-250-%e2%84%83\\\/\",\"name\":\"Cable y alambre blindados resistentes al calor de alta temperatura PEEK\",\"isPartOf\":{\"@id\":\"https:\\\/\\\/www.tstcables.com\\\/es\\\/#website\"},\"primaryImageOfPage\":{\"@id\":\"https:\\\/\\\/www.tstcables.com\\\/es\\\/producto\\\/akpk250-600v-cable-y-alambre-blindados-multinucleo-unipolar-peek-resistente-al-calor-a-altas-temperaturas-250-%e2%84%83\\\/#primaryimage\"},\"image\":{\"@id\":\"https:\\\/\\\/www.tstcables.com\\\/es\\\/producto\\\/akpk250-600v-cable-y-alambre-blindados-multinucleo-unipolar-peek-resistente-al-calor-a-altas-temperaturas-250-%e2%84%83\\\/#primaryimage\"},\"thumbnailUrl\":\"https:\\\/\\\/www.tstcables.com\\\/wp-content\\\/uploads\\\/2024\\\/03\\\/1-25.jpg\",\"datePublished\":\"2024-03-23T01:42:11+00:00\",\"description\":\"Cable blindado PEEK de un solo n\u00facleo y multin\u00facleo, con capa protectora, capaz de soportar altas temperaturas de hasta 250 \u00b0C, ampliamente utilizado en la industria aeroespacial y de aviaci\u00f3n.\",\"breadcrumb\":{\"@id\":\"https:\\\/\\\/www.tstcables.com\\\/es\\\/producto\\\/akpk250-600v-cable-y-alambre-blindados-multinucleo-unipolar-peek-resistente-al-calor-a-altas-temperaturas-250-%e2%84%83\\\/#breadcrumb\"},\"inLanguage\":\"es\",\"potentialAction\":[{\"@type\":\"ReadAction\",\"target\":[\"https:\\\/\\\/www.tstcables.com\\\/es\\\/producto\\\/akpk250-600v-cable-y-alambre-blindados-multinucleo-unipolar-peek-resistente-al-calor-a-altas-temperaturas-250-%e2%84%83\\\/\"]}]},{\"@type\":\"ImageObject\",\"inLanguage\":\"es\",\"@id\":\"https:\\\/\\\/www.tstcables.com\\\/es\\\/producto\\\/akpk250-600v-cable-y-alambre-blindados-multinucleo-unipolar-peek-resistente-al-calor-a-altas-temperaturas-250-%e2%84%83\\\/#primaryimage\",\"url\":\"https:\\\/\\\/www.tstcables.com\\\/wp-content\\\/uploads\\\/2024\\\/03\\\/1-25.jpg\",\"contentUrl\":\"https:\\\/\\\/www.tstcables.com\\\/wp-content\\\/uploads\\\/2024\\\/03\\\/1-25.jpg\",\"width\":750,\"height\":750,\"caption\":\"PTFE tape wrapped Teflon AFR250\"},{\"@type\":\"BreadcrumbList\",\"@id\":\"https:\\\/\\\/www.tstcables.com\\\/es\\\/producto\\\/akpk250-600v-cable-y-alambre-blindados-multinucleo-unipolar-peek-resistente-al-calor-a-altas-temperaturas-250-%e2%84%83\\\/#breadcrumb\",\"itemListElement\":[{\"@type\":\"ListItem\",\"position\":1,\"name\":\"\u9996\u9875\",\"item\":\"https:\\\/\\\/www.tstcables.com\\\/es\\\/\"},{\"@type\":\"ListItem\",\"position\":2,\"name\":\"Product\",\"item\":\"https:\\\/\\\/www.tstcables.com\\\/product\\\/\"},{\"@type\":\"ListItem\",\"position\":3,\"name\":\"AKPK250 600V Cable y alambre blindados multin\u00facleo unipolar PEEK resistente al calor a altas temperaturas 250 \u2103\"}]},{\"@type\":\"WebSite\",\"@id\":\"https:\\\/\\\/www.tstcables.com\\\/es\\\/#website\",\"url\":\"https:\\\/\\\/www.tstcables.com\\\/es\\\/\",\"name\":\"TST Cable supplier & Manufacture\",\"description\":\"TST CABLES  supplier &amp; Manufacture official website\",\"publisher\":{\"@id\":\"https:\\\/\\\/www.tstcables.com\\\/es\\\/#organization\"},\"potentialAction\":[{\"@type\":\"SearchAction\",\"target\":{\"@type\":\"EntryPoint\",\"urlTemplate\":\"https:\\\/\\\/www.tstcables.com\\\/es\\\/?s={search_term_string}\"},\"query-input\":{\"@type\":\"PropertyValueSpecification\",\"valueRequired\":true,\"valueName\":\"search_term_string\"}}],\"inLanguage\":\"es\"},{\"@type\":\"Organization\",\"@id\":\"https:\\\/\\\/www.tstcables.com\\\/es\\\/#organization\",\"name\":\"TST Cable supplier & Manufacture\",\"url\":\"https:\\\/\\\/www.tstcables.com\\\/es\\\/\",\"logo\":{\"@type\":\"ImageObject\",\"inLanguage\":\"es\",\"@id\":\"https:\\\/\\\/www.tstcables.com\\\/es\\\/#\\\/schema\\\/logo\\\/image\\\/\",\"url\":\"https:\\\/\\\/www.tstcables.com\\\/wp-content\\\/uploads\\\/2024\\\/04\\\/cropped-\u753b\u677f-1-\u62f7\u8d1d-4-1.png\",\"contentUrl\":\"https:\\\/\\\/www.tstcables.com\\\/wp-content\\\/uploads\\\/2024\\\/04\\\/cropped-\u753b\u677f-1-\u62f7\u8d1d-4-1.png\",\"width\":300,\"height\":100,\"caption\":\"TST Cable supplier & Manufacture\"},\"image\":{\"@id\":\"https:\\\/\\\/www.tstcables.com\\\/es\\\/#\\\/schema\\\/logo\\\/image\\\/\"}}]}<\/script>\n<!-- \/ Yoast SEO plugin. -->","yoast_head_json":{"title":"Cable y alambre blindados resistentes al calor de alta temperatura PEEK","description":"Cable blindado PEEK de un solo n\u00facleo y multin\u00facleo, con capa protectora, capaz de soportar altas temperaturas de hasta 250 \u00b0C, ampliamente utilizado en la industria aeroespacial y de aviaci\u00f3n.","robots":{"index":"index","follow":"follow","max-snippet":"max-snippet:-1","max-image-preview":"max-image-preview:large","max-video-preview":"max-video-preview:-1"},"canonical":"https:\/\/www.tstcables.com\/es\/producto\/akpk250-600v-cable-y-alambre-blindados-multinucleo-unipolar-peek-resistente-al-calor-a-altas-temperaturas-250-%e2%84%83\/","og_locale":"es_ES","og_type":"article","og_title":"Cable y alambre blindados resistentes al calor de alta temperatura PEEK","og_description":"Cable blindado PEEK de un solo n\u00facleo y multin\u00facleo, con capa protectora, capaz de soportar altas temperaturas de hasta 250 \u00b0C, ampliamente utilizado en la industria aeroespacial y de aviaci\u00f3n.","og_url":"https:\/\/www.tstcables.com\/es\/producto\/akpk250-600v-cable-y-alambre-blindados-multinucleo-unipolar-peek-resistente-al-calor-a-altas-temperaturas-250-%e2%84%83\/","og_site_name":"TST CABLES supplier &amp; Manufacture","og_image":[{"width":750,"height":750,"url":"https:\/\/www.tstcables.com\/wp-content\/uploads\/2024\/03\/1-25.jpg","type":"image\/jpeg"}],"twitter_card":"summary_large_image","twitter_misc":{"Tiempo de lectura":"1 minuto"},"schema":{"@context":"https:\/\/schema.org","@graph":[{"@type":"WebPage","@id":"https:\/\/www.tstcables.com\/es\/producto\/akpk250-600v-cable-y-alambre-blindados-multinucleo-unipolar-peek-resistente-al-calor-a-altas-temperaturas-250-%e2%84%83\/","url":"https:\/\/www.tstcables.com\/es\/producto\/akpk250-600v-cable-y-alambre-blindados-multinucleo-unipolar-peek-resistente-al-calor-a-altas-temperaturas-250-%e2%84%83\/","name":"Cable y alambre blindados resistentes al calor de alta temperatura PEEK","isPartOf":{"@id":"https:\/\/www.tstcables.com\/es\/#website"},"primaryImageOfPage":{"@id":"https:\/\/www.tstcables.com\/es\/producto\/akpk250-600v-cable-y-alambre-blindados-multinucleo-unipolar-peek-resistente-al-calor-a-altas-temperaturas-250-%e2%84%83\/#primaryimage"},"image":{"@id":"https:\/\/www.tstcables.com\/es\/producto\/akpk250-600v-cable-y-alambre-blindados-multinucleo-unipolar-peek-resistente-al-calor-a-altas-temperaturas-250-%e2%84%83\/#primaryimage"},"thumbnailUrl":"https:\/\/www.tstcables.com\/wp-content\/uploads\/2024\/03\/1-25.jpg","datePublished":"2024-03-23T01:42:11+00:00","description":"Cable blindado PEEK de un solo n\u00facleo y multin\u00facleo, con capa protectora, capaz de soportar altas temperaturas de hasta 250 \u00b0C, ampliamente utilizado en la industria aeroespacial y de aviaci\u00f3n.","breadcrumb":{"@id":"https:\/\/www.tstcables.com\/es\/producto\/akpk250-600v-cable-y-alambre-blindados-multinucleo-unipolar-peek-resistente-al-calor-a-altas-temperaturas-250-%e2%84%83\/#breadcrumb"},"inLanguage":"es","potentialAction":[{"@type":"ReadAction","target":["https:\/\/www.tstcables.com\/es\/producto\/akpk250-600v-cable-y-alambre-blindados-multinucleo-unipolar-peek-resistente-al-calor-a-altas-temperaturas-250-%e2%84%83\/"]}]},{"@type":"ImageObject","inLanguage":"es","@id":"https:\/\/www.tstcables.com\/es\/producto\/akpk250-600v-cable-y-alambre-blindados-multinucleo-unipolar-peek-resistente-al-calor-a-altas-temperaturas-250-%e2%84%83\/#primaryimage","url":"https:\/\/www.tstcables.com\/wp-content\/uploads\/2024\/03\/1-25.jpg","contentUrl":"https:\/\/www.tstcables.com\/wp-content\/uploads\/2024\/03\/1-25.jpg","width":750,"height":750,"caption":"PTFE tape wrapped Teflon AFR250"},{"@type":"BreadcrumbList","@id":"https:\/\/www.tstcables.com\/es\/producto\/akpk250-600v-cable-y-alambre-blindados-multinucleo-unipolar-peek-resistente-al-calor-a-altas-temperaturas-250-%e2%84%83\/#breadcrumb","itemListElement":[{"@type":"ListItem","position":1,"name":"\u9996\u9875","item":"https:\/\/www.tstcables.com\/es\/"},{"@type":"ListItem","position":2,"name":"Product","item":"https:\/\/www.tstcables.com\/product\/"},{"@type":"ListItem","position":3,"name":"AKPK250 600V Cable y alambre blindados multin\u00facleo unipolar PEEK resistente al calor a altas temperaturas 250 \u2103"}]},{"@type":"WebSite","@id":"https:\/\/www.tstcables.com\/es\/#website","url":"https:\/\/www.tstcables.com\/es\/","name":"TST Cable supplier & Manufacture","description":"TST CABLES  supplier &amp; Manufacture official website","publisher":{"@id":"https:\/\/www.tstcables.com\/es\/#organization"},"potentialAction":[{"@type":"SearchAction","target":{"@type":"EntryPoint","urlTemplate":"https:\/\/www.tstcables.com\/es\/?s={search_term_string}"},"query-input":{"@type":"PropertyValueSpecification","valueRequired":true,"valueName":"search_term_string"}}],"inLanguage":"es"},{"@type":"Organization","@id":"https:\/\/www.tstcables.com\/es\/#organization","name":"TST Cable supplier & Manufacture","url":"https:\/\/www.tstcables.com\/es\/","logo":{"@type":"ImageObject","inLanguage":"es","@id":"https:\/\/www.tstcables.com\/es\/#\/schema\/logo\/image\/","url":"https:\/\/www.tstcables.com\/wp-content\/uploads\/2024\/04\/cropped-\u753b\u677f-1-\u62f7\u8d1d-4-1.png","contentUrl":"https:\/\/www.tstcables.com\/wp-content\/uploads\/2024\/04\/cropped-\u753b\u677f-1-\u62f7\u8d1d-4-1.png","width":300,"height":100,"caption":"TST Cable supplier & Manufacture"},"image":{"@id":"https:\/\/www.tstcables.com\/es\/#\/schema\/logo\/image\/"}}]}},"_links":{"self":[{"href":"https:\/\/www.tstcables.com\/es\/wp-json\/wp\/v2\/product\/17739","targetHints":{"allow":["GET"]}}],"collection":[{"href":"https:\/\/www.tstcables.com\/es\/wp-json\/wp\/v2\/product"}],"about":[{"href":"https:\/\/www.tstcables.com\/es\/wp-json\/wp\/v2\/types\/product"}],"version-history":[{"count":0,"href":"https:\/\/www.tstcables.com\/es\/wp-json\/wp\/v2\/product\/17739\/revisions"}],"wp:featuredmedia":[{"embeddable":true,"href":"https:\/\/www.tstcables.com\/es\/wp-json\/wp\/v2\/media\/13342"}],"wp:attachment":[{"href":"https:\/\/www.tstcables.com\/es\/wp-json\/wp\/v2\/media?parent=17739"}],"wp:term":[{"taxonomy":"product_brand","embeddable":true,"href":"https:\/\/www.tstcables.com\/es\/wp-json\/wp\/v2\/product_brand?post=17739"},{"taxonomy":"product_cat","embeddable":true,"href":"https:\/\/www.tstcables.com\/es\/wp-json\/wp\/v2\/product_cat?post=17739"},{"taxonomy":"product_tag","embeddable":true,"href":"https:\/\/www.tstcables.com\/es\/wp-json\/wp\/v2\/product_tag?post=17739"}],"curies":[{"name":"wp","href":"https:\/\/api.w.org\/{rel}","templated":true}]}}