{"id":17740,"date":"2024-03-23T09:24:58","date_gmt":"2024-03-23T01:24:58","guid":{"rendered":"https:\/\/www.tstcables.com\/product\/akk250-cable-y-cable-multinucleo-unipolar-peek-resistente-al-calor-a-altas-temperaturas-250-%e2%84%83\/"},"modified":"2024-03-23T09:24:58","modified_gmt":"2024-03-23T01:24:58","slug":"akk250-cable-y-cable-multinucleo-unipolar-peek-resistente-al-calor-a-altas-temperaturas-250-%e2%84%83","status":"publish","type":"product","link":"https:\/\/www.tstcables.com\/es\/producto\/akk250-cable-y-cable-multinucleo-unipolar-peek-resistente-al-calor-a-altas-temperaturas-250-%e2%84%83\/","title":{"rendered":"AKK250 Cable y cable multin\u00facleo unipolar PEEK resistente al calor a altas temperaturas 250 \u2103"},"content":{"rendered":"<p>Aplicaci\u00f3n\uff1a<\/p>\n<p>Aplicable a la industria aeroespacial, aviaci\u00f3n, maquinaria de alta gama, qu\u00edmica, industria nuclear, transporte ferroviario y otros campos.<\/p>\n<p>Caracter\u00edstica\uff1a<\/p>\n<ul>\n<li>Rango de temperatura: -60\u00b0C a +250\u00b0C<\/li>\n<li>Tensi\u00f3n nominal: 600V<\/li>\n<li>Tolerancia del di\u00e1metro exterior: \u00b10,1 mm<\/li>\n<li>Color: Personalizable.<\/li>\n<\/ul>\n<p>Estructura de conductores<\/p>\n<ul>\n<li>Conductor: Alambre de cobre plateado o alambre de cobre niquelado.<\/li>\n<li>Material de aislamiento: Poli\u00e9ter \u00e9ter cetona (PEEK), un material termopl\u00e1stico de alta temperatura.<\/li>\n<li>Material de la cubierta: Poli\u00e9ter \u00e9ter cetona (PEEK), un material termopl\u00e1stico de alta temperatura.<\/li>\n<\/ul>\n<p style=\"font-size: 40px;\">Par\u00e1metro de selecci\u00f3n<\/p>\n<table class=\"tg\">\n<thead>\n<tr>\n<th class=\"tg-nrix\" rowspan=\"2\">\u00c1rea de secci\u00f3n transversal mm2<\/th>\n<th class=\"tg-nrix\" rowspan=\"2\">Estructura de conductores<\/th>\n<th class=\"tg-nrix\" colspan=\"2\">Aislamiento<\/th>\n<th class=\"tg-nrix\" colspan=\"2\">Vaina<\/th>\n<th class=\"tg-nrix\" rowspan=\"2\">La resistencia del conductor no es mayor que (\u03a9\/KM) plateado a 20 \u2103<\/th>\n<\/tr>\n<tr>\n<th class=\"tg-nrix\">Espesor<br \/>\n(mm)<\/th>\n<th class=\"tg-nrix\">Di\u00e1metro exterior<br \/>\n(mm)<\/th>\n<th class=\"tg-nrix\">Espesor<br \/>\n(mm)<\/th>\n<th class=\"tg-nrix\">Di\u00e1metro exterior<br \/>\n(mm)<\/th>\n<\/tr>\n<\/thead>\n<tbody>\n<tr>\n<td class=\"tg-baqh\">2*0.12<\/td>\n<td class=\"tg-baqh\">7\/0.15<\/td>\n<td class=\"tg-nrix\">0.2<\/td>\n<td class=\"tg-nrix\">0.85<\/td>\n<td class=\"tg-nrix\">0.25<\/td>\n<td class=\"tg-nrix\">2.2<\/td>\n<td class=\"tg-nrix\">150<\/td>\n<\/tr>\n<tr>\n<td class=\"tg-baqh\">3*0.12<\/td>\n<td class=\"tg-baqh\">7\/0.15<\/td>\n<td class=\"tg-nrix\">0.2<\/td>\n<td class=\"tg-nrix\">0.85<\/td>\n<td class=\"tg-nrix\">0.25<\/td>\n<td class=\"tg-nrix\">2.3<\/td>\n<td class=\"tg-nrix\">150<\/td>\n<\/tr>\n<tr>\n<td class=\"tg-baqh\">4*0.12<\/td>\n<td class=\"tg-baqh\">7\/0.15<\/td>\n<td class=\"tg-nrix\">0.2<\/td>\n<td class=\"tg-nrix\">0.85<\/td>\n<td class=\"tg-nrix\">0.25<\/td>\n<td class=\"tg-nrix\">2.6<\/td>\n<td class=\"tg-nrix\">150<\/td>\n<\/tr>\n<tr>\n<td class=\"tg-baqh\">2*0.2<\/td>\n<td class=\"tg-baqh\">7\/0.20<\/td>\n<td class=\"tg-nrix\">0.2<\/td>\n<td class=\"tg-nrix\">1<\/td>\n<td class=\"tg-nrix\">0.25<\/td>\n<td class=\"tg-nrix\">2.5<\/td>\n<td class=\"tg-nrix\">83.5<\/td>\n<\/tr>\n<tr>\n<td class=\"tg-baqh\">3*0.2<\/td>\n<td class=\"tg-baqh\">7\/0.20<\/td>\n<td class=\"tg-nrix\">0.2<\/td>\n<td class=\"tg-nrix\">1<\/td>\n<td class=\"tg-nrix\">0.25<\/td>\n<td class=\"tg-nrix\">2.6<\/td>\n<td class=\"tg-nrix\">83.5<\/td>\n<\/tr>\n<tr>\n<td class=\"tg-baqh\">4*0.2<\/td>\n<td class=\"tg-baqh\">7\/0.20<\/td>\n<td class=\"tg-nrix\">0.2<\/td>\n<td class=\"tg-nrix\">1<\/td>\n<td class=\"tg-nrix\">0.25<\/td>\n<td class=\"tg-nrix\">2.9<\/td>\n<td class=\"tg-nrix\">83.5<\/td>\n<\/tr>\n<tr>\n<td class=\"tg-baqh\">2*0.35<\/td>\n<td class=\"tg-baqh\">19\/0.16<\/td>\n<td class=\"tg-nrix\">0.25<\/td>\n<td class=\"tg-nrix\">1.3<\/td>\n<td class=\"tg-nrix\">0.25<\/td>\n<td class=\"tg-nrix\">3.1<\/td>\n<td class=\"tg-nrix\">49.5<\/td>\n<\/tr>\n<tr>\n<td class=\"tg-baqh\">3*0.35<\/td>\n<td class=\"tg-baqh\">19\/0.16<\/td>\n<td class=\"tg-nrix\">0.25<\/td>\n<td class=\"tg-nrix\">1.3<\/td>\n<td class=\"tg-nrix\">0.25<\/td>\n<td class=\"tg-nrix\">3.2<\/td>\n<td class=\"tg-nrix\">49.5<\/td>\n<\/tr>\n<tr>\n<td class=\"tg-baqh\">4*0.35<\/td>\n<td class=\"tg-baqh\">19\/0.16<\/td>\n<td class=\"tg-nrix\">0.25<\/td>\n<td class=\"tg-nrix\">1.3<\/td>\n<td class=\"tg-nrix\">0.25<\/td>\n<td class=\"tg-nrix\">3.65<\/td>\n<td class=\"tg-nrix\">49.5<\/td>\n<\/tr>\n<tr>\n<td class=\"tg-baqh\">2*0.5<\/td>\n<td class=\"tg-baqh\">19\/0.18<\/td>\n<td class=\"tg-nrix\">0.25<\/td>\n<td class=\"tg-nrix\">1.4<\/td>\n<td class=\"tg-nrix\">0.25<\/td>\n<td class=\"tg-nrix\">3.3<\/td>\n<td class=\"tg-nrix\">36<\/td>\n<\/tr>\n<tr>\n<td class=\"tg-baqh\">3*0.5<\/td>\n<td class=\"tg-baqh\">19\/0.18<\/td>\n<td class=\"tg-nrix\">0.25<\/td>\n<td class=\"tg-nrix\">1.4<\/td>\n<td class=\"tg-nrix\">0.25<\/td>\n<td class=\"tg-nrix\">3.4<\/td>\n<td class=\"tg-nrix\">36<\/td>\n<\/tr>\n<tr>\n<td class=\"tg-baqh\">4*0.5<\/td>\n<td class=\"tg-baqh\">19\/0.18<\/td>\n<td class=\"tg-nrix\">0.25<\/td>\n<td class=\"tg-nrix\">1.4<\/td>\n<td class=\"tg-nrix\">0.3<\/td>\n<td class=\"tg-nrix\">4<\/td>\n<td class=\"tg-nrix\">36<\/td>\n<\/tr>\n<tr>\n<td class=\"tg-baqh\">2*0.75<\/td>\n<td class=\"tg-baqh\">19\/0.23<\/td>\n<td class=\"tg-nrix\">0.25<\/td>\n<td class=\"tg-nrix\">1.65<\/td>\n<td class=\"tg-nrix\">0.3<\/td>\n<td class=\"tg-nrix\">3.9<\/td>\n<td class=\"tg-nrix\">22.7<\/td>\n<\/tr>\n<tr>\n<td class=\"tg-baqh\">3*0.75<\/td>\n<td class=\"tg-baqh\">19\/0.23<\/td>\n<td class=\"tg-nrix\">0.25<\/td>\n<td class=\"tg-nrix\">1.65<\/td>\n<td class=\"tg-nrix\">0.3<\/td>\n<td class=\"tg-nrix\">4<\/td>\n<td class=\"tg-nrix\">22.7<\/td>\n<\/tr>\n<tr>\n<td class=\"tg-baqh\">4*0.75<\/td>\n<td class=\"tg-baqh\">19\/0.23<\/td>\n<td class=\"tg-nrix\">0.25<\/td>\n<td class=\"tg-nrix\">1.65<\/td>\n<td class=\"tg-nrix\">0.3<\/td>\n<td class=\"tg-nrix\">4.6<\/td>\n<td class=\"tg-nrix\">22.7<\/td>\n<\/tr>\n<tr>\n<td class=\"tg-baqh\">2*1<\/td>\n<td class=\"tg-baqh\">19\/0.26<\/td>\n<td class=\"tg-nrix\">0.25<\/td>\n<td class=\"tg-nrix\">1.8<\/td>\n<td class=\"tg-nrix\">0.3<\/td>\n<td class=\"tg-nrix\">4.2<\/td>\n<td class=\"tg-nrix\">19<\/td>\n<\/tr>\n<tr>\n<td class=\"tg-baqh\">3*1<\/td>\n<td class=\"tg-baqh\">19\/0.26<\/td>\n<td class=\"tg-nrix\">0.25<\/td>\n<td class=\"tg-nrix\">1.8<\/td>\n<td class=\"tg-nrix\">0.3<\/td>\n<td class=\"tg-nrix\">4.3<\/td>\n<td class=\"tg-nrix\">19<\/td>\n<\/tr>\n<tr>\n<td class=\"tg-baqh\">4*1<\/td>\n<td class=\"tg-baqh\">19\/0.26<\/td>\n<td class=\"tg-nrix\">0.25<\/td>\n<td class=\"tg-nrix\">1.8<\/td>\n<td class=\"tg-nrix\">0.3<\/td>\n<td class=\"tg-nrix\">5<\/td>\n<td class=\"tg-nrix\">19<\/td>\n<\/tr>\n<tr>\n<td class=\"tg-baqh\">2*1.5<\/td>\n<td class=\"tg-baqh\">19\/0.32<\/td>\n<td class=\"tg-nrix\">0.3<\/td>\n<td class=\"tg-nrix\">2.2<\/td>\n<td class=\"tg-nrix\">0.35<\/td>\n<td class=\"tg-nrix\">5.1<\/td>\n<td class=\"tg-nrix\">11.7<\/td>\n<\/tr>\n<tr>\n<td class=\"tg-baqh\">3*1.5<\/td>\n<td class=\"tg-baqh\">19\/0.32<\/td>\n<td class=\"tg-nrix\">0.3<\/td>\n<td class=\"tg-nrix\">2.2<\/td>\n<td class=\"tg-nrix\">0.35<\/td>\n<td class=\"tg-nrix\">5.2<\/td>\n<td class=\"tg-nrix\">11.7<\/td>\n<\/tr>\n<tr>\n<td class=\"tg-baqh\">4*1.5<\/td>\n<td class=\"tg-baqh\">19\/0.32<\/td>\n<td class=\"tg-nrix\">0.3<\/td>\n<td class=\"tg-nrix\">2.2<\/td>\n<td class=\"tg-nrix\">0.35<\/td>\n<td class=\"tg-nrix\">6<\/td>\n<td class=\"tg-nrix\">11.7<\/td>\n<\/tr>\n<tr>\n<td class=\"tg-baqh\">2*2.5<\/td>\n<td class=\"tg-baqh\">19\/0.41<\/td>\n<td class=\"tg-nrix\">0.35<\/td>\n<td class=\"tg-nrix\">2.75<\/td>\n<td class=\"tg-nrix\">0.35<\/td>\n<td class=\"tg-nrix\">6.2<\/td>\n<td class=\"tg-nrix\">6.86<\/td>\n<\/tr>\n<tr>\n<td class=\"tg-baqh\">3*2.5<\/td>\n<td class=\"tg-baqh\">19\/0.41<\/td>\n<td class=\"tg-nrix\">0.35<\/td>\n<td class=\"tg-nrix\">2.75<\/td>\n<td class=\"tg-nrix\">0.35<\/td>\n<td class=\"tg-nrix\">6.3<\/td>\n<td class=\"tg-nrix\">6.86<\/td>\n<\/tr>\n<tr>\n<td class=\"tg-baqh\">4*2.5<\/td>\n<td class=\"tg-baqh\">19\/0.41<\/td>\n<td class=\"tg-nrix\">0.35<\/td>\n<td class=\"tg-nrix\">2.75<\/td>\n<td class=\"tg-nrix\">0.35<\/td>\n<td class=\"tg-nrix\">7.4<\/td>\n<td class=\"tg-nrix\">6.86<\/td>\n<\/tr>\n<\/tbody>\n<\/table>\n","protected":false},"excerpt":{"rendered":"<p>Cable multin\u00facleo de un solo n\u00facleo TH\/J-AKK-250 PEEK, capaz de soportar altas temperaturas de hasta 250 \u00b0C, ampliamente utilizado en la industria aeroespacial, aviaci\u00f3n, maquinaria de alta gama, industria qu\u00edmica, nuclear, transporte ferroviario y otros campos. .<\/p>\n","protected":false},"featured_media":9630,"template":"","meta":{"_eb_attr":"","site-sidebar-layout":"default","site-content-layout":"","ast-site-content-layout":"default","site-content-style":"default","site-sidebar-style":"default","ast-global-header-display":"","ast-banner-title-visibility":"","ast-main-header-display":"","ast-hfb-above-header-display":"","ast-hfb-below-header-display":"","ast-hfb-mobile-header-display":"","site-post-title":"","ast-breadcrumbs-content":"","ast-featured-img":"","footer-sml-layout":"","theme-transparent-header-meta":"default","adv-header-id-meta":"","stick-header-meta":"","header-above-stick-meta":"","header-main-stick-meta":"","header-below-stick-meta":"","astra-migrate-meta-layouts":"default","ast-page-background-enabled":"default","ast-page-background-meta":{"desktop":{"background-color":"","background-image":"","background-repeat":"repeat","background-position":"center center","background-size":"auto","background-attachment":"scroll","background-type":"","background-media":"","overlay-type":"","overlay-color":"","overlay-opacity":"","overlay-gradient":""},"tablet":{"background-color":"","background-image":"","background-repeat":"repeat","background-position":"center center","background-size":"auto","background-attachment":"scroll","background-type":"","background-media":"","overlay-type":"","overlay-color":"","overlay-opacity":"","overlay-gradient":""},"mobile":{"background-color":"","background-image":"","background-repeat":"repeat","background-position":"center center","background-size":"auto","background-attachment":"scroll","background-type":"","background-media":"","overlay-type":"","overlay-color":"","overlay-opacity":"","overlay-gradient":""}},"ast-content-background-meta":{"desktop":{"background-color":"var(--ast-global-color-5)","background-image":"","background-repeat":"repeat","background-position":"center center","background-size":"auto","background-attachment":"scroll","background-type":"","background-media":"","overlay-type":"","overlay-color":"","overlay-opacity":"","overlay-gradient":""},"tablet":{"background-color":"var(--ast-global-color-5)","background-image":"","background-repeat":"repeat","background-position":"center center","background-size":"auto","background-attachment":"scroll","background-type":"","background-media":"","overlay-type":"","overlay-color":"","overlay-opacity":"","overlay-gradient":""},"mobile":{"background-color":"var(--ast-global-color-5)","background-image":"","background-repeat":"repeat","background-position":"center center","background-size":"auto","background-attachment":"scroll","background-type":"","background-media":"","overlay-type":"","overlay-color":"","overlay-opacity":"","overlay-gradient":""}}},"product_brand":[],"product_cat":[599,591,644,595,623,622,603,602,646,597],"product_tag":[1256,1248,1257,880],"class_list":{"0":"post-17740","1":"product","2":"type-product","3":"status-publish","4":"has-post-thumbnail","6":"product_cat-aviacion","7":"product_cat-cable-de-alta-temperatura","8":"product_cat-cable-peek","9":"product_cat-cable-personalizado","10":"product_cat-en50264-es","11":"product_cat-en50306-es","12":"product_cat-norma-en","13":"product_cat-norma-ice","14":"product_cat-nuclear-es","15":"product_cat-via-ferrea","16":"product_tag-alambres-y-cables-de-alta-temperatura","17":"product_tag-alambres-y-cables-multinucleo","18":"product_tag-alambres-y-cables-peek","19":"product_tag-cables-unipolares","20":"desktop-align-center","21":"tablet-align-left","22":"mobile-align-left","24":"first","25":"instock","26":"shipping-taxable","27":"product-type-simple"},"yoast_head":"<!-- This site is optimized with the Yoast SEO plugin v27.4 - https:\/\/yoast.com\/product\/yoast-seo-wordpress\/ -->\n<title>TH\/J-AKK-250 Alambre y cable multin\u00facleo unipolar PEEK de alta temperatura a 250 \u2103<\/title>\n<meta name=\"description\" content=\"TH\/J-AKK-250 Cable PEEK Monofilar Multifilar, capaz de soportar altas temperaturas de hasta 250\u00b0C.\" \/>\n<meta name=\"robots\" content=\"index, follow, max-snippet:-1, max-image-preview:large, max-video-preview:-1\" \/>\n<link rel=\"canonical\" href=\"https:\/\/www.tstcables.com\/es\/producto\/akk250-cable-y-cable-multinucleo-unipolar-peek-resistente-al-calor-a-altas-temperaturas-250-%e2%84%83\/\" \/>\n<meta property=\"og:locale\" content=\"es_ES\" \/>\n<meta property=\"og:type\" content=\"article\" \/>\n<meta property=\"og:title\" content=\"TH\/J-AKK-250 Alambre y cable multin\u00facleo unipolar PEEK de alta temperatura a 250 \u2103\" \/>\n<meta property=\"og:description\" content=\"TH\/J-AKK-250 Cable PEEK Monofilar Multifilar, capaz de soportar altas temperaturas de hasta 250\u00b0C.\" \/>\n<meta property=\"og:url\" content=\"https:\/\/www.tstcables.com\/es\/producto\/akk250-cable-y-cable-multinucleo-unipolar-peek-resistente-al-calor-a-altas-temperaturas-250-%e2%84%83\/\" \/>\n<meta property=\"og:site_name\" content=\"TST CABLES supplier &amp; Manufacture\" \/>\n<meta property=\"og:image\" content=\"https:\/\/www.tstcables.com\/wp-content\/uploads\/2024\/03\/5.jpg\" \/>\n\t<meta property=\"og:image:width\" content=\"750\" \/>\n\t<meta property=\"og:image:height\" content=\"750\" \/>\n\t<meta property=\"og:image:type\" content=\"image\/jpeg\" \/>\n<meta name=\"twitter:card\" content=\"summary_large_image\" \/>\n<meta name=\"twitter:label1\" content=\"Tiempo de lectura\" \/>\n\t<meta name=\"twitter:data1\" content=\"1 minuto\" \/>\n<script type=\"application\/ld+json\" class=\"yoast-schema-graph\">{\"@context\":\"https:\\\/\\\/schema.org\",\"@graph\":[{\"@type\":\"WebPage\",\"@id\":\"https:\\\/\\\/www.tstcables.com\\\/es\\\/producto\\\/akk250-cable-y-cable-multinucleo-unipolar-peek-resistente-al-calor-a-altas-temperaturas-250-%e2%84%83\\\/\",\"url\":\"https:\\\/\\\/www.tstcables.com\\\/es\\\/producto\\\/akk250-cable-y-cable-multinucleo-unipolar-peek-resistente-al-calor-a-altas-temperaturas-250-%e2%84%83\\\/\",\"name\":\"TH\\\/J-AKK-250 Alambre y cable multin\u00facleo unipolar PEEK de alta temperatura a 250 \u2103\",\"isPartOf\":{\"@id\":\"https:\\\/\\\/www.tstcables.com\\\/es\\\/#website\"},\"primaryImageOfPage\":{\"@id\":\"https:\\\/\\\/www.tstcables.com\\\/es\\\/producto\\\/akk250-cable-y-cable-multinucleo-unipolar-peek-resistente-al-calor-a-altas-temperaturas-250-%e2%84%83\\\/#primaryimage\"},\"image\":{\"@id\":\"https:\\\/\\\/www.tstcables.com\\\/es\\\/producto\\\/akk250-cable-y-cable-multinucleo-unipolar-peek-resistente-al-calor-a-altas-temperaturas-250-%e2%84%83\\\/#primaryimage\"},\"thumbnailUrl\":\"https:\\\/\\\/www.tstcables.com\\\/wp-content\\\/uploads\\\/2024\\\/03\\\/5.jpg\",\"datePublished\":\"2024-03-23T01:24:58+00:00\",\"description\":\"TH\\\/J-AKK-250 Cable PEEK Monofilar Multifilar, capaz de soportar altas temperaturas de hasta 250\u00b0C.\",\"breadcrumb\":{\"@id\":\"https:\\\/\\\/www.tstcables.com\\\/es\\\/producto\\\/akk250-cable-y-cable-multinucleo-unipolar-peek-resistente-al-calor-a-altas-temperaturas-250-%e2%84%83\\\/#breadcrumb\"},\"inLanguage\":\"es\",\"potentialAction\":[{\"@type\":\"ReadAction\",\"target\":[\"https:\\\/\\\/www.tstcables.com\\\/es\\\/producto\\\/akk250-cable-y-cable-multinucleo-unipolar-peek-resistente-al-calor-a-altas-temperaturas-250-%e2%84%83\\\/\"]}]},{\"@type\":\"ImageObject\",\"inLanguage\":\"es\",\"@id\":\"https:\\\/\\\/www.tstcables.com\\\/es\\\/producto\\\/akk250-cable-y-cable-multinucleo-unipolar-peek-resistente-al-calor-a-altas-temperaturas-250-%e2%84%83\\\/#primaryimage\",\"url\":\"https:\\\/\\\/www.tstcables.com\\\/wp-content\\\/uploads\\\/2024\\\/03\\\/5.jpg\",\"contentUrl\":\"https:\\\/\\\/www.tstcables.com\\\/wp-content\\\/uploads\\\/2024\\\/03\\\/5.jpg\",\"width\":750,\"height\":750,\"caption\":\"TEWL high-frequency high-voltage low-loss wire 30AWG--18AWG\"},{\"@type\":\"BreadcrumbList\",\"@id\":\"https:\\\/\\\/www.tstcables.com\\\/es\\\/producto\\\/akk250-cable-y-cable-multinucleo-unipolar-peek-resistente-al-calor-a-altas-temperaturas-250-%e2%84%83\\\/#breadcrumb\",\"itemListElement\":[{\"@type\":\"ListItem\",\"position\":1,\"name\":\"\u9996\u9875\",\"item\":\"https:\\\/\\\/www.tstcables.com\\\/es\\\/\"},{\"@type\":\"ListItem\",\"position\":2,\"name\":\"Product\",\"item\":\"https:\\\/\\\/www.tstcables.com\\\/product\\\/\"},{\"@type\":\"ListItem\",\"position\":3,\"name\":\"AKK250 Cable y cable multin\u00facleo unipolar PEEK resistente al calor a altas temperaturas 250 \u2103\"}]},{\"@type\":\"WebSite\",\"@id\":\"https:\\\/\\\/www.tstcables.com\\\/es\\\/#website\",\"url\":\"https:\\\/\\\/www.tstcables.com\\\/es\\\/\",\"name\":\"TST Cable supplier & Manufacture\",\"description\":\"TST CABLES  supplier &amp; Manufacture official website\",\"publisher\":{\"@id\":\"https:\\\/\\\/www.tstcables.com\\\/es\\\/#organization\"},\"potentialAction\":[{\"@type\":\"SearchAction\",\"target\":{\"@type\":\"EntryPoint\",\"urlTemplate\":\"https:\\\/\\\/www.tstcables.com\\\/es\\\/?s={search_term_string}\"},\"query-input\":{\"@type\":\"PropertyValueSpecification\",\"valueRequired\":true,\"valueName\":\"search_term_string\"}}],\"inLanguage\":\"es\"},{\"@type\":\"Organization\",\"@id\":\"https:\\\/\\\/www.tstcables.com\\\/es\\\/#organization\",\"name\":\"TST Cable supplier & Manufacture\",\"url\":\"https:\\\/\\\/www.tstcables.com\\\/es\\\/\",\"logo\":{\"@type\":\"ImageObject\",\"inLanguage\":\"es\",\"@id\":\"https:\\\/\\\/www.tstcables.com\\\/es\\\/#\\\/schema\\\/logo\\\/image\\\/\",\"url\":\"https:\\\/\\\/www.tstcables.com\\\/wp-content\\\/uploads\\\/2024\\\/04\\\/cropped-\u753b\u677f-1-\u62f7\u8d1d-4-1.png\",\"contentUrl\":\"https:\\\/\\\/www.tstcables.com\\\/wp-content\\\/uploads\\\/2024\\\/04\\\/cropped-\u753b\u677f-1-\u62f7\u8d1d-4-1.png\",\"width\":300,\"height\":100,\"caption\":\"TST Cable supplier & Manufacture\"},\"image\":{\"@id\":\"https:\\\/\\\/www.tstcables.com\\\/es\\\/#\\\/schema\\\/logo\\\/image\\\/\"}}]}<\/script>\n<!-- \/ Yoast SEO plugin. -->","yoast_head_json":{"title":"TH\/J-AKK-250 Alambre y cable multin\u00facleo unipolar PEEK de alta temperatura a 250 \u2103","description":"TH\/J-AKK-250 Cable PEEK Monofilar Multifilar, capaz de soportar altas temperaturas de hasta 250\u00b0C.","robots":{"index":"index","follow":"follow","max-snippet":"max-snippet:-1","max-image-preview":"max-image-preview:large","max-video-preview":"max-video-preview:-1"},"canonical":"https:\/\/www.tstcables.com\/es\/producto\/akk250-cable-y-cable-multinucleo-unipolar-peek-resistente-al-calor-a-altas-temperaturas-250-%e2%84%83\/","og_locale":"es_ES","og_type":"article","og_title":"TH\/J-AKK-250 Alambre y cable multin\u00facleo unipolar PEEK de alta temperatura a 250 \u2103","og_description":"TH\/J-AKK-250 Cable PEEK Monofilar Multifilar, capaz de soportar altas temperaturas de hasta 250\u00b0C.","og_url":"https:\/\/www.tstcables.com\/es\/producto\/akk250-cable-y-cable-multinucleo-unipolar-peek-resistente-al-calor-a-altas-temperaturas-250-%e2%84%83\/","og_site_name":"TST CABLES supplier &amp; Manufacture","og_image":[{"width":750,"height":750,"url":"https:\/\/www.tstcables.com\/wp-content\/uploads\/2024\/03\/5.jpg","type":"image\/jpeg"}],"twitter_card":"summary_large_image","twitter_misc":{"Tiempo de lectura":"1 minuto"},"schema":{"@context":"https:\/\/schema.org","@graph":[{"@type":"WebPage","@id":"https:\/\/www.tstcables.com\/es\/producto\/akk250-cable-y-cable-multinucleo-unipolar-peek-resistente-al-calor-a-altas-temperaturas-250-%e2%84%83\/","url":"https:\/\/www.tstcables.com\/es\/producto\/akk250-cable-y-cable-multinucleo-unipolar-peek-resistente-al-calor-a-altas-temperaturas-250-%e2%84%83\/","name":"TH\/J-AKK-250 Alambre y cable multin\u00facleo unipolar PEEK de alta temperatura a 250 \u2103","isPartOf":{"@id":"https:\/\/www.tstcables.com\/es\/#website"},"primaryImageOfPage":{"@id":"https:\/\/www.tstcables.com\/es\/producto\/akk250-cable-y-cable-multinucleo-unipolar-peek-resistente-al-calor-a-altas-temperaturas-250-%e2%84%83\/#primaryimage"},"image":{"@id":"https:\/\/www.tstcables.com\/es\/producto\/akk250-cable-y-cable-multinucleo-unipolar-peek-resistente-al-calor-a-altas-temperaturas-250-%e2%84%83\/#primaryimage"},"thumbnailUrl":"https:\/\/www.tstcables.com\/wp-content\/uploads\/2024\/03\/5.jpg","datePublished":"2024-03-23T01:24:58+00:00","description":"TH\/J-AKK-250 Cable PEEK Monofilar Multifilar, capaz de soportar altas temperaturas de hasta 250\u00b0C.","breadcrumb":{"@id":"https:\/\/www.tstcables.com\/es\/producto\/akk250-cable-y-cable-multinucleo-unipolar-peek-resistente-al-calor-a-altas-temperaturas-250-%e2%84%83\/#breadcrumb"},"inLanguage":"es","potentialAction":[{"@type":"ReadAction","target":["https:\/\/www.tstcables.com\/es\/producto\/akk250-cable-y-cable-multinucleo-unipolar-peek-resistente-al-calor-a-altas-temperaturas-250-%e2%84%83\/"]}]},{"@type":"ImageObject","inLanguage":"es","@id":"https:\/\/www.tstcables.com\/es\/producto\/akk250-cable-y-cable-multinucleo-unipolar-peek-resistente-al-calor-a-altas-temperaturas-250-%e2%84%83\/#primaryimage","url":"https:\/\/www.tstcables.com\/wp-content\/uploads\/2024\/03\/5.jpg","contentUrl":"https:\/\/www.tstcables.com\/wp-content\/uploads\/2024\/03\/5.jpg","width":750,"height":750,"caption":"TEWL high-frequency high-voltage low-loss wire 30AWG--18AWG"},{"@type":"BreadcrumbList","@id":"https:\/\/www.tstcables.com\/es\/producto\/akk250-cable-y-cable-multinucleo-unipolar-peek-resistente-al-calor-a-altas-temperaturas-250-%e2%84%83\/#breadcrumb","itemListElement":[{"@type":"ListItem","position":1,"name":"\u9996\u9875","item":"https:\/\/www.tstcables.com\/es\/"},{"@type":"ListItem","position":2,"name":"Product","item":"https:\/\/www.tstcables.com\/product\/"},{"@type":"ListItem","position":3,"name":"AKK250 Cable y cable multin\u00facleo unipolar PEEK resistente al calor a altas temperaturas 250 \u2103"}]},{"@type":"WebSite","@id":"https:\/\/www.tstcables.com\/es\/#website","url":"https:\/\/www.tstcables.com\/es\/","name":"TST Cable supplier & Manufacture","description":"TST CABLES  supplier &amp; Manufacture official website","publisher":{"@id":"https:\/\/www.tstcables.com\/es\/#organization"},"potentialAction":[{"@type":"SearchAction","target":{"@type":"EntryPoint","urlTemplate":"https:\/\/www.tstcables.com\/es\/?s={search_term_string}"},"query-input":{"@type":"PropertyValueSpecification","valueRequired":true,"valueName":"search_term_string"}}],"inLanguage":"es"},{"@type":"Organization","@id":"https:\/\/www.tstcables.com\/es\/#organization","name":"TST Cable supplier & Manufacture","url":"https:\/\/www.tstcables.com\/es\/","logo":{"@type":"ImageObject","inLanguage":"es","@id":"https:\/\/www.tstcables.com\/es\/#\/schema\/logo\/image\/","url":"https:\/\/www.tstcables.com\/wp-content\/uploads\/2024\/04\/cropped-\u753b\u677f-1-\u62f7\u8d1d-4-1.png","contentUrl":"https:\/\/www.tstcables.com\/wp-content\/uploads\/2024\/04\/cropped-\u753b\u677f-1-\u62f7\u8d1d-4-1.png","width":300,"height":100,"caption":"TST Cable supplier & Manufacture"},"image":{"@id":"https:\/\/www.tstcables.com\/es\/#\/schema\/logo\/image\/"}}]}},"_links":{"self":[{"href":"https:\/\/www.tstcables.com\/es\/wp-json\/wp\/v2\/product\/17740","targetHints":{"allow":["GET"]}}],"collection":[{"href":"https:\/\/www.tstcables.com\/es\/wp-json\/wp\/v2\/product"}],"about":[{"href":"https:\/\/www.tstcables.com\/es\/wp-json\/wp\/v2\/types\/product"}],"version-history":[{"count":0,"href":"https:\/\/www.tstcables.com\/es\/wp-json\/wp\/v2\/product\/17740\/revisions"}],"wp:featuredmedia":[{"embeddable":true,"href":"https:\/\/www.tstcables.com\/es\/wp-json\/wp\/v2\/media\/9630"}],"wp:attachment":[{"href":"https:\/\/www.tstcables.com\/es\/wp-json\/wp\/v2\/media?parent=17740"}],"wp:term":[{"taxonomy":"product_brand","embeddable":true,"href":"https:\/\/www.tstcables.com\/es\/wp-json\/wp\/v2\/product_brand?post=17740"},{"taxonomy":"product_cat","embeddable":true,"href":"https:\/\/www.tstcables.com\/es\/wp-json\/wp\/v2\/product_cat?post=17740"},{"taxonomy":"product_tag","embeddable":true,"href":"https:\/\/www.tstcables.com\/es\/wp-json\/wp\/v2\/product_tag?post=17740"}],"curies":[{"name":"wp","href":"https:\/\/api.w.org\/{rel}","templated":true}]}}