{"id":17741,"date":"2024-03-22T18:29:06","date_gmt":"2024-03-22T10:29:06","guid":{"rendered":"https:\/\/www.tstcables.com\/product\/cable-pi-resistencia-a-altas-y-bajas-temperaturas-cable-de-alambre-aislado-con-nucleo-de-cobre-estanado-flexible\/"},"modified":"2024-03-22T18:29:06","modified_gmt":"2024-03-22T10:29:06","slug":"cable-pi-resistencia-a-altas-y-bajas-temperaturas-cable-de-alambre-aislado-con-nucleo-de-cobre-estanado-flexible","status":"publish","type":"product","link":"https:\/\/www.tstcables.com\/es\/producto\/cable-pi-resistencia-a-altas-y-bajas-temperaturas-cable-de-alambre-aislado-con-nucleo-de-cobre-estanado-flexible\/","title":{"rendered":"Cable PI Resistencia a altas y bajas temperaturas Cable de alambre aislado con n\u00facleo de cobre esta\u00f1ado flexible"},"content":{"rendered":"<p><strong><b>N\u00famero de producto<\/b><\/strong><\/p>\n<ul>\n<li>Cable PI Resistencia a altas y bajas temperaturas Cable de alambre aislado con n\u00facleo de cobre esta\u00f1ado flexible<\/li>\n<\/ul>\n<p><strong><span style=\"font-size: 16px; font-style: normal;\">Est\u00e1ndares de referencia<\/span><\/strong><\/p>\n<ul>\n<li>Q\/TST-012<\/li>\n<\/ul>\n<p><strong>Caracter\u00edsticas del producto<\/strong><br \/>\n1. Grado de resistencia a la temperatura: &#8211; 190-250 \u2103, a corto plazo 260 \u2103<br \/>\nTensi\u00f3n nominal: 300V 600V 1800V 3600V 10KV<br \/>\n3. Resistencia mec\u00e1nica:80Mpa&gt;<br \/>\n4. Resistencia al rayado:10000 veces&gt;<br \/>\n5. Secci\u00f3n cuadrada: (32AWG-18AWG)<br \/>\n6. N\u00famero de n\u00facleos de cable: 1-48 n\u00facleos<br \/>\n7. Conductor: esta\u00f1ado, plateado, aleado<br \/>\n8. Radio de curvatura 6D (requisitos especiales)<br \/>\nmezcla de productos<\/p>\n<p><strong><b>Categor\u00eda de producto y denominaci\u00f3n<\/b><\/strong><\/p>\n<table class=\"tg\">\n<thead>\n<tr>\n<th class=\"tg-fymr\" rowspan=\"3\">N\u00famero de producto<\/th>\n<th class=\"tg-fymr\" rowspan=\"3\">Categor\u00eda de productos<\/th>\n<th class=\"tg-fll5\" rowspan=\"3\">Secci\u00f3n al cuadrado<\/th>\n<th class=\"tg-fll5\" rowspan=\"3\">N\u00famero de corSecci\u00f3n al cuadrado<\/th>\n<\/tr>\n<\/thead>\n<tbody>\n<tr>\n<td class=\"tg-0pky\">TST-AI-DXT<\/td>\n<td class=\"tg-0pky\">Alambre y cable aislados Pl de la base de cobre esta\u00f1ado<\/td>\n<td class=\"tg-0pky\">1 n\u00facleo<\/td>\n<td class=\"tg-0pky\">32AWG-18AWG<\/td>\n<\/tr>\n<tr>\n<td class=\"tg-0lax\">TST-AIPX-DXT<\/td>\n<td class=\"tg-0lax\">Conductor esta\u00f1ado Aislamiento Pl Blindaje esta\u00f1ado Funda Pl<\/td>\n<td class=\"tg-0lax\">1-48 n\u00facleo<\/td>\n<td class=\"tg-0lax\">32AWG-20AWG<\/td>\n<\/tr>\n<tr>\n<td class=\"tg-0lax\">TST-AI-DYT<\/td>\n<td class=\"tg-0lax\">Alambre y cable aislados Pl de la base de cobre plateada<\/td>\n<td class=\"tg-0lax\">1 n\u00facleo<\/td>\n<td class=\"tg-0lax\">32AWG-18AWG<\/td>\n<\/tr>\n<\/tbody>\n<\/table>\n<p>Nota: Se pueden producir productos con otras especificaciones seg\u00fan el acuerdo entre el proveedor y el comprador.<\/p>\n<p>&nbsp;<\/p>\n","protected":false},"excerpt":{"rendered":"<p>cable PI<\/p>\n<p>Grado de resistencia a la temperatura: &#8211; 190-250 \u2103, a corto plazo 260 \u2103<br \/>\nTensi\u00f3n nominal: 300V 600V 1800V 3600V 10KV<br \/>\n3. Resistencia mec\u00e1nica:80Mpa&gt;<br \/>\n4. Resistencia al rayado:10000 veces&gt;<\/p>\n","protected":false},"featured_media":9646,"template":"","meta":{"_eb_attr":"","site-sidebar-layout":"default","site-content-layout":"","ast-site-content-layout":"default","site-content-style":"default","site-sidebar-style":"default","ast-global-header-display":"","ast-banner-title-visibility":"","ast-main-header-display":"","ast-hfb-above-header-display":"","ast-hfb-below-header-display":"","ast-hfb-mobile-header-display":"","site-post-title":"","ast-breadcrumbs-content":"","ast-featured-img":"","footer-sml-layout":"","theme-transparent-header-meta":"default","adv-header-id-meta":"","stick-header-meta":"","header-above-stick-meta":"","header-main-stick-meta":"","header-below-stick-meta":"","astra-migrate-meta-layouts":"default","ast-page-background-enabled":"default","ast-page-background-meta":{"desktop":{"background-color":"","background-image":"","background-repeat":"repeat","background-position":"center center","background-size":"auto","background-attachment":"scroll","background-type":"","background-media":"","overlay-type":"","overlay-color":"","overlay-opacity":"","overlay-gradient":""},"tablet":{"background-color":"","background-image":"","background-repeat":"repeat","background-position":"center center","background-size":"auto","background-attachment":"scroll","background-type":"","background-media":"","overlay-type":"","overlay-color":"","overlay-opacity":"","overlay-gradient":""},"mobile":{"background-color":"","background-image":"","background-repeat":"repeat","background-position":"center center","background-size":"auto","background-attachment":"scroll","background-type":"","background-media":"","overlay-type":"","overlay-color":"","overlay-opacity":"","overlay-gradient":""}},"ast-content-background-meta":{"desktop":{"background-color":"var(--ast-global-color-5)","background-image":"","background-repeat":"repeat","background-position":"center center","background-size":"auto","background-attachment":"scroll","background-type":"","background-media":"","overlay-type":"","overlay-color":"","overlay-opacity":"","overlay-gradient":""},"tablet":{"background-color":"var(--ast-global-color-5)","background-image":"","background-repeat":"repeat","background-position":"center center","background-size":"auto","background-attachment":"scroll","background-type":"","background-media":"","overlay-type":"","overlay-color":"","overlay-opacity":"","overlay-gradient":""},"mobile":{"background-color":"var(--ast-global-color-5)","background-image":"","background-repeat":"repeat","background-position":"center center","background-size":"auto","background-attachment":"scroll","background-type":"","background-media":"","overlay-type":"","overlay-color":"","overlay-opacity":"","overlay-gradient":""}}},"product_brand":[],"product_cat":[591,620,645,649,630,610,603,602,598,600],"product_tag":[1261,1259,1260],"class_list":{"0":"post-17741","1":"product","2":"type-product","3":"status-publish","4":"has-post-thumbnail","6":"product_cat-cable-de-alta-temperatura","7":"product_cat-cable-de-baja-temperatura","8":"product_cat-cable-pi","9":"product_cat-cable-resistente-a-las-radiaciones","10":"product_cat-cable-resistente-al-desgaste","11":"product_cat-energia-eolica","12":"product_cat-norma-en","13":"product_cat-norma-ice","14":"product_cat-petroleo-gas","15":"product_cat-marina","16":"product_tag-alambre-y-cable-aislados-pl-10kv","17":"product_tag-cable-pi","18":"product_tag-cable-pi-nucleo-de-cobre-estanado","19":"desktop-align-center","20":"tablet-align-left","21":"mobile-align-left","23":"first","24":"instock","25":"shipping-taxable","26":"product-type-simple"},"yoast_head":"<!-- This site is optimized with the Yoast SEO plugin v27.4 - https:\/\/yoast.com\/product\/yoast-seo-wordpress\/ -->\n<title>Cable PI Resistencia a altas y bajas temperaturas Cable de alambre aislado con n\u00facleo de cobre esta\u00f1ado flexible<\/title>\n<meta name=\"description\" content=\"Cable PI Resistencia a altas y bajas temperaturas Cable de alambre aislado con n\u00facleo de cobre esta\u00f1ado flexible\" \/>\n<meta name=\"robots\" content=\"index, follow, max-snippet:-1, max-image-preview:large, max-video-preview:-1\" \/>\n<link rel=\"canonical\" href=\"https:\/\/www.tstcables.com\/es\/producto\/cable-pi-resistencia-a-altas-y-bajas-temperaturas-cable-de-alambre-aislado-con-nucleo-de-cobre-estanado-flexible\/\" \/>\n<meta property=\"og:locale\" content=\"es_ES\" \/>\n<meta property=\"og:type\" content=\"article\" \/>\n<meta property=\"og:title\" content=\"Cable PI Resistencia a altas y bajas temperaturas Cable de alambre aislado con n\u00facleo de cobre esta\u00f1ado flexible\" \/>\n<meta property=\"og:description\" content=\"Cable PI Resistencia a altas y bajas temperaturas Cable de alambre aislado con n\u00facleo de cobre esta\u00f1ado flexible\" \/>\n<meta property=\"og:url\" content=\"https:\/\/www.tstcables.com\/es\/producto\/cable-pi-resistencia-a-altas-y-bajas-temperaturas-cable-de-alambre-aislado-con-nucleo-de-cobre-estanado-flexible\/\" \/>\n<meta property=\"og:site_name\" content=\"TST CABLES supplier &amp; Manufacture\" \/>\n<meta property=\"og:image\" content=\"https:\/\/www.tstcables.com\/wp-content\/uploads\/2024\/03\/pi.png\" \/>\n\t<meta property=\"og:image:width\" content=\"526\" \/>\n\t<meta property=\"og:image:height\" content=\"508\" \/>\n\t<meta property=\"og:image:type\" content=\"image\/png\" \/>\n<meta name=\"twitter:card\" content=\"summary_large_image\" \/>\n<meta name=\"twitter:label1\" content=\"Tiempo de lectura\" \/>\n\t<meta name=\"twitter:data1\" content=\"1 minuto\" \/>\n<script type=\"application\/ld+json\" class=\"yoast-schema-graph\">{\"@context\":\"https:\\\/\\\/schema.org\",\"@graph\":[{\"@type\":\"WebPage\",\"@id\":\"https:\\\/\\\/www.tstcables.com\\\/es\\\/producto\\\/cable-pi-resistencia-a-altas-y-bajas-temperaturas-cable-de-alambre-aislado-con-nucleo-de-cobre-estanado-flexible\\\/\",\"url\":\"https:\\\/\\\/www.tstcables.com\\\/es\\\/producto\\\/cable-pi-resistencia-a-altas-y-bajas-temperaturas-cable-de-alambre-aislado-con-nucleo-de-cobre-estanado-flexible\\\/\",\"name\":\"Cable PI Resistencia a altas y bajas temperaturas Cable de alambre aislado con n\u00facleo de cobre esta\u00f1ado flexible\",\"isPartOf\":{\"@id\":\"https:\\\/\\\/www.tstcables.com\\\/es\\\/#website\"},\"primaryImageOfPage\":{\"@id\":\"https:\\\/\\\/www.tstcables.com\\\/es\\\/producto\\\/cable-pi-resistencia-a-altas-y-bajas-temperaturas-cable-de-alambre-aislado-con-nucleo-de-cobre-estanado-flexible\\\/#primaryimage\"},\"image\":{\"@id\":\"https:\\\/\\\/www.tstcables.com\\\/es\\\/producto\\\/cable-pi-resistencia-a-altas-y-bajas-temperaturas-cable-de-alambre-aislado-con-nucleo-de-cobre-estanado-flexible\\\/#primaryimage\"},\"thumbnailUrl\":\"https:\\\/\\\/www.tstcables.com\\\/wp-content\\\/uploads\\\/2024\\\/03\\\/pi.png\",\"datePublished\":\"2024-03-22T10:29:06+00:00\",\"description\":\"Cable PI Resistencia a altas y bajas temperaturas Cable de alambre aislado con n\u00facleo de cobre esta\u00f1ado flexible\",\"breadcrumb\":{\"@id\":\"https:\\\/\\\/www.tstcables.com\\\/es\\\/producto\\\/cable-pi-resistencia-a-altas-y-bajas-temperaturas-cable-de-alambre-aislado-con-nucleo-de-cobre-estanado-flexible\\\/#breadcrumb\"},\"inLanguage\":\"es\",\"potentialAction\":[{\"@type\":\"ReadAction\",\"target\":[\"https:\\\/\\\/www.tstcables.com\\\/es\\\/producto\\\/cable-pi-resistencia-a-altas-y-bajas-temperaturas-cable-de-alambre-aislado-con-nucleo-de-cobre-estanado-flexible\\\/\"]}]},{\"@type\":\"ImageObject\",\"inLanguage\":\"es\",\"@id\":\"https:\\\/\\\/www.tstcables.com\\\/es\\\/producto\\\/cable-pi-resistencia-a-altas-y-bajas-temperaturas-cable-de-alambre-aislado-con-nucleo-de-cobre-estanado-flexible\\\/#primaryimage\",\"url\":\"https:\\\/\\\/www.tstcables.com\\\/wp-content\\\/uploads\\\/2024\\\/03\\\/pi.png\",\"contentUrl\":\"https:\\\/\\\/www.tstcables.com\\\/wp-content\\\/uploads\\\/2024\\\/03\\\/pi.png\",\"width\":526,\"height\":508,\"caption\":\"pi cable- 190-250 \u2103\"},{\"@type\":\"BreadcrumbList\",\"@id\":\"https:\\\/\\\/www.tstcables.com\\\/es\\\/producto\\\/cable-pi-resistencia-a-altas-y-bajas-temperaturas-cable-de-alambre-aislado-con-nucleo-de-cobre-estanado-flexible\\\/#breadcrumb\",\"itemListElement\":[{\"@type\":\"ListItem\",\"position\":1,\"name\":\"\u9996\u9875\",\"item\":\"https:\\\/\\\/www.tstcables.com\\\/es\\\/\"},{\"@type\":\"ListItem\",\"position\":2,\"name\":\"Product\",\"item\":\"https:\\\/\\\/www.tstcables.com\\\/product\\\/\"},{\"@type\":\"ListItem\",\"position\":3,\"name\":\"Cable PI Resistencia a altas y bajas temperaturas Cable de alambre aislado con n\u00facleo de cobre esta\u00f1ado flexible\"}]},{\"@type\":\"WebSite\",\"@id\":\"https:\\\/\\\/www.tstcables.com\\\/es\\\/#website\",\"url\":\"https:\\\/\\\/www.tstcables.com\\\/es\\\/\",\"name\":\"TST Cable supplier & Manufacture\",\"description\":\"TST CABLES  supplier &amp; Manufacture official website\",\"publisher\":{\"@id\":\"https:\\\/\\\/www.tstcables.com\\\/es\\\/#organization\"},\"potentialAction\":[{\"@type\":\"SearchAction\",\"target\":{\"@type\":\"EntryPoint\",\"urlTemplate\":\"https:\\\/\\\/www.tstcables.com\\\/es\\\/?s={search_term_string}\"},\"query-input\":{\"@type\":\"PropertyValueSpecification\",\"valueRequired\":true,\"valueName\":\"search_term_string\"}}],\"inLanguage\":\"es\"},{\"@type\":\"Organization\",\"@id\":\"https:\\\/\\\/www.tstcables.com\\\/es\\\/#organization\",\"name\":\"TST Cable supplier & Manufacture\",\"url\":\"https:\\\/\\\/www.tstcables.com\\\/es\\\/\",\"logo\":{\"@type\":\"ImageObject\",\"inLanguage\":\"es\",\"@id\":\"https:\\\/\\\/www.tstcables.com\\\/es\\\/#\\\/schema\\\/logo\\\/image\\\/\",\"url\":\"https:\\\/\\\/www.tstcables.com\\\/wp-content\\\/uploads\\\/2024\\\/04\\\/cropped-\u753b\u677f-1-\u62f7\u8d1d-4-1.png\",\"contentUrl\":\"https:\\\/\\\/www.tstcables.com\\\/wp-content\\\/uploads\\\/2024\\\/04\\\/cropped-\u753b\u677f-1-\u62f7\u8d1d-4-1.png\",\"width\":300,\"height\":100,\"caption\":\"TST Cable supplier & Manufacture\"},\"image\":{\"@id\":\"https:\\\/\\\/www.tstcables.com\\\/es\\\/#\\\/schema\\\/logo\\\/image\\\/\"}}]}<\/script>\n<!-- \/ Yoast SEO plugin. -->","yoast_head_json":{"title":"Cable PI Resistencia a altas y bajas temperaturas Cable de alambre aislado con n\u00facleo de cobre esta\u00f1ado flexible","description":"Cable PI Resistencia a altas y bajas temperaturas Cable de alambre aislado con n\u00facleo de cobre esta\u00f1ado flexible","robots":{"index":"index","follow":"follow","max-snippet":"max-snippet:-1","max-image-preview":"max-image-preview:large","max-video-preview":"max-video-preview:-1"},"canonical":"https:\/\/www.tstcables.com\/es\/producto\/cable-pi-resistencia-a-altas-y-bajas-temperaturas-cable-de-alambre-aislado-con-nucleo-de-cobre-estanado-flexible\/","og_locale":"es_ES","og_type":"article","og_title":"Cable PI Resistencia a altas y bajas temperaturas Cable de alambre aislado con n\u00facleo de cobre esta\u00f1ado flexible","og_description":"Cable PI Resistencia a altas y bajas temperaturas Cable de alambre aislado con n\u00facleo de cobre esta\u00f1ado flexible","og_url":"https:\/\/www.tstcables.com\/es\/producto\/cable-pi-resistencia-a-altas-y-bajas-temperaturas-cable-de-alambre-aislado-con-nucleo-de-cobre-estanado-flexible\/","og_site_name":"TST CABLES supplier &amp; Manufacture","og_image":[{"width":526,"height":508,"url":"https:\/\/www.tstcables.com\/wp-content\/uploads\/2024\/03\/pi.png","type":"image\/png"}],"twitter_card":"summary_large_image","twitter_misc":{"Tiempo de lectura":"1 minuto"},"schema":{"@context":"https:\/\/schema.org","@graph":[{"@type":"WebPage","@id":"https:\/\/www.tstcables.com\/es\/producto\/cable-pi-resistencia-a-altas-y-bajas-temperaturas-cable-de-alambre-aislado-con-nucleo-de-cobre-estanado-flexible\/","url":"https:\/\/www.tstcables.com\/es\/producto\/cable-pi-resistencia-a-altas-y-bajas-temperaturas-cable-de-alambre-aislado-con-nucleo-de-cobre-estanado-flexible\/","name":"Cable PI Resistencia a altas y bajas temperaturas Cable de alambre aislado con n\u00facleo de cobre esta\u00f1ado flexible","isPartOf":{"@id":"https:\/\/www.tstcables.com\/es\/#website"},"primaryImageOfPage":{"@id":"https:\/\/www.tstcables.com\/es\/producto\/cable-pi-resistencia-a-altas-y-bajas-temperaturas-cable-de-alambre-aislado-con-nucleo-de-cobre-estanado-flexible\/#primaryimage"},"image":{"@id":"https:\/\/www.tstcables.com\/es\/producto\/cable-pi-resistencia-a-altas-y-bajas-temperaturas-cable-de-alambre-aislado-con-nucleo-de-cobre-estanado-flexible\/#primaryimage"},"thumbnailUrl":"https:\/\/www.tstcables.com\/wp-content\/uploads\/2024\/03\/pi.png","datePublished":"2024-03-22T10:29:06+00:00","description":"Cable PI Resistencia a altas y bajas temperaturas Cable de alambre aislado con n\u00facleo de cobre esta\u00f1ado flexible","breadcrumb":{"@id":"https:\/\/www.tstcables.com\/es\/producto\/cable-pi-resistencia-a-altas-y-bajas-temperaturas-cable-de-alambre-aislado-con-nucleo-de-cobre-estanado-flexible\/#breadcrumb"},"inLanguage":"es","potentialAction":[{"@type":"ReadAction","target":["https:\/\/www.tstcables.com\/es\/producto\/cable-pi-resistencia-a-altas-y-bajas-temperaturas-cable-de-alambre-aislado-con-nucleo-de-cobre-estanado-flexible\/"]}]},{"@type":"ImageObject","inLanguage":"es","@id":"https:\/\/www.tstcables.com\/es\/producto\/cable-pi-resistencia-a-altas-y-bajas-temperaturas-cable-de-alambre-aislado-con-nucleo-de-cobre-estanado-flexible\/#primaryimage","url":"https:\/\/www.tstcables.com\/wp-content\/uploads\/2024\/03\/pi.png","contentUrl":"https:\/\/www.tstcables.com\/wp-content\/uploads\/2024\/03\/pi.png","width":526,"height":508,"caption":"pi cable- 190-250 \u2103"},{"@type":"BreadcrumbList","@id":"https:\/\/www.tstcables.com\/es\/producto\/cable-pi-resistencia-a-altas-y-bajas-temperaturas-cable-de-alambre-aislado-con-nucleo-de-cobre-estanado-flexible\/#breadcrumb","itemListElement":[{"@type":"ListItem","position":1,"name":"\u9996\u9875","item":"https:\/\/www.tstcables.com\/es\/"},{"@type":"ListItem","position":2,"name":"Product","item":"https:\/\/www.tstcables.com\/product\/"},{"@type":"ListItem","position":3,"name":"Cable PI Resistencia a altas y bajas temperaturas Cable de alambre aislado con n\u00facleo de cobre esta\u00f1ado flexible"}]},{"@type":"WebSite","@id":"https:\/\/www.tstcables.com\/es\/#website","url":"https:\/\/www.tstcables.com\/es\/","name":"TST Cable supplier & Manufacture","description":"TST CABLES  supplier &amp; Manufacture official website","publisher":{"@id":"https:\/\/www.tstcables.com\/es\/#organization"},"potentialAction":[{"@type":"SearchAction","target":{"@type":"EntryPoint","urlTemplate":"https:\/\/www.tstcables.com\/es\/?s={search_term_string}"},"query-input":{"@type":"PropertyValueSpecification","valueRequired":true,"valueName":"search_term_string"}}],"inLanguage":"es"},{"@type":"Organization","@id":"https:\/\/www.tstcables.com\/es\/#organization","name":"TST Cable supplier & Manufacture","url":"https:\/\/www.tstcables.com\/es\/","logo":{"@type":"ImageObject","inLanguage":"es","@id":"https:\/\/www.tstcables.com\/es\/#\/schema\/logo\/image\/","url":"https:\/\/www.tstcables.com\/wp-content\/uploads\/2024\/04\/cropped-\u753b\u677f-1-\u62f7\u8d1d-4-1.png","contentUrl":"https:\/\/www.tstcables.com\/wp-content\/uploads\/2024\/04\/cropped-\u753b\u677f-1-\u62f7\u8d1d-4-1.png","width":300,"height":100,"caption":"TST Cable supplier & Manufacture"},"image":{"@id":"https:\/\/www.tstcables.com\/es\/#\/schema\/logo\/image\/"}}]}},"_links":{"self":[{"href":"https:\/\/www.tstcables.com\/es\/wp-json\/wp\/v2\/product\/17741","targetHints":{"allow":["GET"]}}],"collection":[{"href":"https:\/\/www.tstcables.com\/es\/wp-json\/wp\/v2\/product"}],"about":[{"href":"https:\/\/www.tstcables.com\/es\/wp-json\/wp\/v2\/types\/product"}],"version-history":[{"count":0,"href":"https:\/\/www.tstcables.com\/es\/wp-json\/wp\/v2\/product\/17741\/revisions"}],"wp:featuredmedia":[{"embeddable":true,"href":"https:\/\/www.tstcables.com\/es\/wp-json\/wp\/v2\/media\/9646"}],"wp:attachment":[{"href":"https:\/\/www.tstcables.com\/es\/wp-json\/wp\/v2\/media?parent=17741"}],"wp:term":[{"taxonomy":"product_brand","embeddable":true,"href":"https:\/\/www.tstcables.com\/es\/wp-json\/wp\/v2\/product_brand?post=17741"},{"taxonomy":"product_cat","embeddable":true,"href":"https:\/\/www.tstcables.com\/es\/wp-json\/wp\/v2\/product_cat?post=17741"},{"taxonomy":"product_tag","embeddable":true,"href":"https:\/\/www.tstcables.com\/es\/wp-json\/wp\/v2\/product_tag?post=17741"}],"curies":[{"name":"wp","href":"https:\/\/api.w.org\/{rel}","templated":true}]}}