{"id":17743,"date":"2024-03-22T17:41:08","date_gmt":"2024-03-22T09:41:08","guid":{"rendered":"https:\/\/www.tstcables.com\/product\/cable-personalizado-gnfr500-02-500v-cable-de-resistencia-al-fuego-cables-resistentes-al-calor-de-alta-temperatura-350-%e2%84%83-1200-%e2%84%83\/"},"modified":"2024-03-22T17:41:08","modified_gmt":"2024-03-22T09:41:08","slug":"cable-personalizado-gnfr500-02-500v-cable-de-resistencia-al-fuego-cables-resistentes-al-calor-de-alta-temperatura-350-%e2%84%83-1200-%e2%84%83","status":"publish","type":"product","link":"https:\/\/www.tstcables.com\/es\/producto\/cable-personalizado-gnfr500-02-500v-cable-de-resistencia-al-fuego-cables-resistentes-al-calor-de-alta-temperatura-350-%e2%84%83-1200-%e2%84%83\/","title":{"rendered":"Cable personalizado GNFR500-02 500V Cable de resistencia al fuego Cables resistentes al calor de alta temperatura 350 \u2103 1200 \u2103"},"content":{"rendered":"<p><strong>N\u00famero de producto<\/strong><\/p>\n<ul>\n<li>GNFR500-02<\/li>\n<\/ul>\n<p><strong><b>Norma del sector<\/b><\/strong><\/p>\n<ul>\n<li>Q31\/0114000209C025-2017<\/li>\n<\/ul>\n<p><strong><b>Caracter\u00edsticas del producto<\/b><\/strong><\/p>\n<ol>\n<li>Tensi\u00f3n nominal: 500 V<\/li>\n<li>Temperatura de trabajo: -60\u2103~300\u2103 (hasta 350\u2103 en poco tiempo)<\/li>\n<li>Conductor: cable trenzado niquelado<\/li>\n<li>Aislamiento: aislamiento de doble capa<\/li>\n<li>Color: amarillo claro<\/li>\n<\/ol>\n<p><strong><b>Caracter\u00edsticas<\/b><\/strong><\/p>\n<p>Tiene propiedades de aislamiento el\u00e9ctrico, es resistente a la corona y a las descargas parciales, y no presenta cambios en las propiedades de aislamiento el\u00e9ctrico a altas temperaturas; tiene propiedades de resistencia al calor, buenas propiedades mec\u00e1nicas a 200 \u2103 ~ 350 \u2103 y es resistente al envejecimiento por gas caliente; es resistente a la radiaci\u00f3n y puede bajo la irradiaci\u00f3n de rayos fuertes, la resistencia a la tracci\u00f3n y el alargamiento no cambian significativamente; es resistente a disolventes org\u00e1nicos, ozono, enzimas y resistencia a la corrosi\u00f3n; no absorbe agua, no es inflamable y es sensible a las llamas.<\/p>\n<p>&nbsp;<\/p>\n<p><strong><b>Requisitos de entrega:<\/b><\/strong><\/p>\n<p>Seg\u00fan el acuerdo contractual entre ambas partes, se permite la entrega de tramos cortos de no menos de 10 metros. Su cantidad no debe exceder el 10% de la duraci\u00f3n total de la entrega.<\/p>\n<p>&nbsp;<\/p>\n<p><strong><b>Par\u00e1metros t\u00e9cnicos<\/b><\/strong><\/p>\n<p>&nbsp;<\/p>\n<table class=\"tg\">\n<thead>\n<tr>\n<th class=\"tg-uzvj\" rowspan=\"3\">Nominal<br \/>\ncruz<br \/>\nsecci\u00f3n (mm2)<\/th>\n<th class=\"tg-7btt\" rowspan=\"3\">Conductor<br \/>\nestructura ra\u00edz<br \/>\nn\u00famero \/<br \/>\ndi\u00e1metro (mm)<\/th>\n<th class=\"tg-uzvj\" rowspan=\"3\">Aislamiento<br \/>\nespesor (mm)<\/th>\n<th class=\"tg-uzvj\" rowspan=\"3\">Afuera<br \/>\ndi\u00e1metro<br \/>\ncontrol (mm)<\/th>\n<th class=\"tg-wa1i\">conductor CC<br \/>\nresistencia (Q\/km)<\/th>\n<th class=\"tg-wa1i\">Embalaje<br \/>\nlongitud (m)<\/th>\n<\/tr>\n<tr>\n<th class=\"tg-8d8j\">200<\/th>\n<th class=\"tg-8d8j\">200<\/th>\n<\/tr>\n<tr>\n<th class=\"tg-8d8j\">200<\/th>\n<th class=\"tg-8d8j\">200<\/th>\n<\/tr>\n<\/thead>\n<tbody>\n<tr>\n<td class=\"tg-pb0m\">1<\/td>\n<td class=\"tg-c3ow\">32\/0.20<\/td>\n<td class=\"tg-pb0m\">0.4<\/td>\n<td class=\"tg-c3ow\">2.2\u00b10.2<\/td>\n<td class=\"tg-8d8j\">200<\/td>\n<td class=\"tg-8d8j\">200<\/td>\n<\/tr>\n<tr>\n<td class=\"tg-pb0m\">1.25<\/td>\n<td class=\"tg-c3ow\">40\/0.20<\/td>\n<td class=\"tg-pb0m\">0.4<\/td>\n<td class=\"tg-c3ow\">2.4\u00b10.2<\/td>\n<td class=\"tg-8d8j\">200<\/td>\n<td class=\"tg-8d8j\">200<\/td>\n<\/tr>\n<tr>\n<td class=\"tg-pb0m\">1.5<\/td>\n<td class=\"tg-c3ow\">48\/0.20<\/td>\n<td class=\"tg-pb0m\">0.4<\/td>\n<td class=\"tg-c3ow\">2.6\u00b10.2<\/td>\n<td class=\"tg-8d8j\">200<\/td>\n<td class=\"tg-8d8j\">100<\/td>\n<\/tr>\n<tr>\n<td class=\"tg-pb0m\">2.5<\/td>\n<td class=\"tg-c3ow\">35\/0.30<\/td>\n<td class=\"tg-pb0m\">0.4<\/td>\n<td class=\"tg-c3ow\">3.0\u571f0.3<\/td>\n<td class=\"tg-8d8j\">100<\/td>\n<td class=\"tg-8d8j\">100<\/td>\n<\/tr>\n<tr>\n<td class=\"tg-8d8j\">4<\/td>\n<td class=\"tg-baqh\">56\/0.30<\/td>\n<td class=\"tg-8d8j\">0.4<\/td>\n<td class=\"tg-baqh\">3.7\u00b10.3<\/td>\n<td class=\"tg-8d8j\">100<\/td>\n<td class=\"tg-8d8j\">100<\/td>\n<\/tr>\n<tr>\n<td class=\"tg-8d8j\">6<\/td>\n<td class=\"tg-baqh\">84\/0.30<\/td>\n<td class=\"tg-8d8j\">0.4<\/td>\n<td class=\"tg-baqh\">4.6\u00b10.3<\/td>\n<td class=\"tg-8d8j\">100<\/td>\n<td class=\"tg-8d8j\">100<\/td>\n<\/tr>\n<tr>\n<td class=\"tg-8d8j\">10<\/td>\n<td class=\"tg-baqh\">140\/0.30<\/td>\n<td class=\"tg-8d8j\">0.4<\/td>\n<td class=\"tg-baqh\">5.6\u00b10.3<\/td>\n<td class=\"tg-8d8j\">100<\/td>\n<td class=\"tg-8d8j\">100<\/td>\n<\/tr>\n<\/tbody>\n<\/table>\n<p>Nota: Se pueden producir productos con otras especificaciones seg\u00fan el acuerdo entre el proveedor y el comprador.<\/p>\n","protected":false},"excerpt":{"rendered":"<p>Los cables resistentes al calor a altas temperaturas tienen propiedades de aislamiento el\u00e9ctrico, son resistentes a la corona y a las descargas parciales y no presentan cambios en las propiedades de aislamiento el\u00e9ctrico a altas temperaturas; tiene propiedades de resistencia al calor, buenas propiedades mec\u00e1nicas a 200 \u2103 ~ 350 \u2103 y es resistente al envejecimiento por gas caliente; es resistente a la radiaci\u00f3n y puede bajo la irradiaci\u00f3n de rayos fuertes, la resistencia a la tracci\u00f3n y el alargamiento no cambian significativamente; es resistente a disolventes org\u00e1nicos, ozono, enzimas y resistencia a la corrosi\u00f3n; no absorbe agua, no es inflamable y es sensible a las llamas.<\/p>\n","protected":false},"featured_media":13286,"template":"","meta":{"_eb_attr":"","site-sidebar-layout":"default","site-content-layout":"","ast-site-content-layout":"default","site-content-style":"default","site-sidebar-style":"default","ast-global-header-display":"","ast-banner-title-visibility":"","ast-main-header-display":"","ast-hfb-above-header-display":"","ast-hfb-below-header-display":"","ast-hfb-mobile-header-display":"","site-post-title":"","ast-breadcrumbs-content":"","ast-featured-img":"","footer-sml-layout":"","theme-transparent-header-meta":"default","adv-header-id-meta":"","stick-header-meta":"","header-above-stick-meta":"","header-main-stick-meta":"","header-below-stick-meta":"","astra-migrate-meta-layouts":"default","ast-page-background-enabled":"default","ast-page-background-meta":{"desktop":{"background-color":"","background-image":"","background-repeat":"repeat","background-position":"center center","background-size":"auto","background-attachment":"scroll","background-type":"","background-media":"","overlay-type":"","overlay-color":"","overlay-opacity":"","overlay-gradient":""},"tablet":{"background-color":"","background-image":"","background-repeat":"repeat","background-position":"center center","background-size":"auto","background-attachment":"scroll","background-type":"","background-media":"","overlay-type":"","overlay-color":"","overlay-opacity":"","overlay-gradient":""},"mobile":{"background-color":"","background-image":"","background-repeat":"repeat","background-position":"center center","background-size":"auto","background-attachment":"scroll","background-type":"","background-media":"","overlay-type":"","overlay-color":"","overlay-opacity":"","overlay-gradient":""}},"ast-content-background-meta":{"desktop":{"background-color":"var(--ast-global-color-5)","background-image":"","background-repeat":"repeat","background-position":"center center","background-size":"auto","background-attachment":"scroll","background-type":"","background-media":"","overlay-type":"","overlay-color":"","overlay-opacity":"","overlay-gradient":""},"tablet":{"background-color":"var(--ast-global-color-5)","background-image":"","background-repeat":"repeat","background-position":"center center","background-size":"auto","background-attachment":"scroll","background-type":"","background-media":"","overlay-type":"","overlay-color":"","overlay-opacity":"","overlay-gradient":""},"mobile":{"background-color":"var(--ast-global-color-5)","background-image":"","background-repeat":"repeat","background-position":"center center","background-size":"auto","background-attachment":"scroll","background-type":"","background-media":"","overlay-type":"","overlay-color":"","overlay-opacity":"","overlay-gradient":""}}},"product_brand":[],"product_cat":[591,590,595,645,603,602,646,598],"product_tag":[1212,1211,1213],"class_list":{"0":"post-17743","1":"product","2":"type-product","3":"status-publish","4":"has-post-thumbnail","6":"product_cat-cable-de-alta-temperatura","7":"product_cat-lsoh-cable-es","8":"product_cat-cable-personalizado","9":"product_cat-cable-pi","10":"product_cat-norma-en","11":"product_cat-norma-ice","12":"product_cat-nuclear-es","13":"product_cat-petroleo-gas","14":"product_tag-alambre-de-resistencia-al-fuego-3501200","15":"product_tag-customized-cable-gnfr500-02-es","16":"product_tag-gnfr500-02-es","17":"desktop-align-center","18":"tablet-align-left","19":"mobile-align-left","21":"first","22":"instock","23":"shipping-taxable","24":"product-type-simple"},"yoast_head":"<!-- This site is optimized with the Yoast SEO plugin v27.5 - https:\/\/yoast.com\/product\/yoast-seo-wordpress\/ -->\n<title>Cable personalizado GNFR500-02 Cable de resistencia al fuego Cables resistentes al calor de alta temperatura 350 \u2103 ~ 1200 \u2103<\/title>\n<meta name=\"description\" content=\"Los cables resistentes al calor a altas temperaturas tienen propiedades de aislamiento el\u00e9ctrico, son resistentes a la corona y a las descargas parciales.\" \/>\n<meta name=\"robots\" content=\"index, follow, max-snippet:-1, max-image-preview:large, max-video-preview:-1\" \/>\n<link rel=\"canonical\" href=\"https:\/\/www.tstcables.com\/es\/producto\/cable-personalizado-gnfr500-02-500v-cable-de-resistencia-al-fuego-cables-resistentes-al-calor-de-alta-temperatura-350-%e2%84%83-1200-%e2%84%83\/\" \/>\n<meta property=\"og:locale\" content=\"es_ES\" \/>\n<meta property=\"og:type\" content=\"article\" \/>\n<meta property=\"og:title\" content=\"Cable personalizado GNFR500-02 Cable de resistencia al fuego Cables resistentes al calor de alta temperatura 350 \u2103 ~ 1200 \u2103\" \/>\n<meta property=\"og:description\" content=\"Los cables resistentes al calor a altas temperaturas tienen propiedades de aislamiento el\u00e9ctrico, son resistentes a la corona y a las descargas parciales.\" \/>\n<meta property=\"og:url\" content=\"https:\/\/www.tstcables.com\/es\/producto\/cable-personalizado-gnfr500-02-500v-cable-de-resistencia-al-fuego-cables-resistentes-al-calor-de-alta-temperatura-350-%e2%84%83-1200-%e2%84%83\/\" \/>\n<meta property=\"og:site_name\" content=\"TST CABLES supplier &amp; Manufacture\" \/>\n<meta property=\"og:image\" content=\"https:\/\/www.tstcables.com\/wp-content\/uploads\/2024\/03\/EN50306-4-5pe-2.jpg\" \/>\n\t<meta property=\"og:image:width\" content=\"1000\" \/>\n\t<meta property=\"og:image:height\" content=\"1000\" \/>\n\t<meta property=\"og:image:type\" content=\"image\/jpeg\" \/>\n<meta name=\"twitter:card\" content=\"summary_large_image\" \/>\n<meta name=\"twitter:label1\" content=\"Tiempo de lectura\" \/>\n\t<meta name=\"twitter:data1\" content=\"1 minuto\" \/>\n<script type=\"application\/ld+json\" class=\"yoast-schema-graph\">{\"@context\":\"https:\\\/\\\/schema.org\",\"@graph\":[{\"@type\":\"WebPage\",\"@id\":\"https:\\\/\\\/www.tstcables.com\\\/es\\\/producto\\\/cable-personalizado-gnfr500-02-500v-cable-de-resistencia-al-fuego-cables-resistentes-al-calor-de-alta-temperatura-350-%e2%84%83-1200-%e2%84%83\\\/\",\"url\":\"https:\\\/\\\/www.tstcables.com\\\/es\\\/producto\\\/cable-personalizado-gnfr500-02-500v-cable-de-resistencia-al-fuego-cables-resistentes-al-calor-de-alta-temperatura-350-%e2%84%83-1200-%e2%84%83\\\/\",\"name\":\"Cable personalizado GNFR500-02 Cable de resistencia al fuego Cables resistentes al calor de alta temperatura 350 \u2103 ~ 1200 \u2103\",\"isPartOf\":{\"@id\":\"https:\\\/\\\/www.tstcables.com\\\/es\\\/#website\"},\"primaryImageOfPage\":{\"@id\":\"https:\\\/\\\/www.tstcables.com\\\/es\\\/producto\\\/cable-personalizado-gnfr500-02-500v-cable-de-resistencia-al-fuego-cables-resistentes-al-calor-de-alta-temperatura-350-%e2%84%83-1200-%e2%84%83\\\/#primaryimage\"},\"image\":{\"@id\":\"https:\\\/\\\/www.tstcables.com\\\/es\\\/producto\\\/cable-personalizado-gnfr500-02-500v-cable-de-resistencia-al-fuego-cables-resistentes-al-calor-de-alta-temperatura-350-%e2%84%83-1200-%e2%84%83\\\/#primaryimage\"},\"thumbnailUrl\":\"https:\\\/\\\/www.tstcables.com\\\/wp-content\\\/uploads\\\/2024\\\/03\\\/EN50306-4-5pe-2.jpg\",\"datePublished\":\"2024-03-22T09:41:08+00:00\",\"description\":\"Los cables resistentes al calor a altas temperaturas tienen propiedades de aislamiento el\u00e9ctrico, son resistentes a la corona y a las descargas parciales.\",\"breadcrumb\":{\"@id\":\"https:\\\/\\\/www.tstcables.com\\\/es\\\/producto\\\/cable-personalizado-gnfr500-02-500v-cable-de-resistencia-al-fuego-cables-resistentes-al-calor-de-alta-temperatura-350-%e2%84%83-1200-%e2%84%83\\\/#breadcrumb\"},\"inLanguage\":\"es\",\"potentialAction\":[{\"@type\":\"ReadAction\",\"target\":[\"https:\\\/\\\/www.tstcables.com\\\/es\\\/producto\\\/cable-personalizado-gnfr500-02-500v-cable-de-resistencia-al-fuego-cables-resistentes-al-calor-de-alta-temperatura-350-%e2%84%83-1200-%e2%84%83\\\/\"]}]},{\"@type\":\"ImageObject\",\"inLanguage\":\"es\",\"@id\":\"https:\\\/\\\/www.tstcables.com\\\/es\\\/producto\\\/cable-personalizado-gnfr500-02-500v-cable-de-resistencia-al-fuego-cables-resistentes-al-calor-de-alta-temperatura-350-%e2%84%83-1200-%e2%84%83\\\/#primaryimage\",\"url\":\"https:\\\/\\\/www.tstcables.com\\\/wp-content\\\/uploads\\\/2024\\\/03\\\/EN50306-4-5pe-2.jpg\",\"contentUrl\":\"https:\\\/\\\/www.tstcables.com\\\/wp-content\\\/uploads\\\/2024\\\/03\\\/EN50306-4-5pe-2.jpg\",\"width\":1000,\"height\":1000,\"caption\":\"High temperature fire-resistant wire waterproof material insulation GN350-N1\"},{\"@type\":\"BreadcrumbList\",\"@id\":\"https:\\\/\\\/www.tstcables.com\\\/es\\\/producto\\\/cable-personalizado-gnfr500-02-500v-cable-de-resistencia-al-fuego-cables-resistentes-al-calor-de-alta-temperatura-350-%e2%84%83-1200-%e2%84%83\\\/#breadcrumb\",\"itemListElement\":[{\"@type\":\"ListItem\",\"position\":1,\"name\":\"\u9996\u9875\",\"item\":\"https:\\\/\\\/www.tstcables.com\\\/es\\\/\"},{\"@type\":\"ListItem\",\"position\":2,\"name\":\"Product\",\"item\":\"https:\\\/\\\/www.tstcables.com\\\/product\\\/\"},{\"@type\":\"ListItem\",\"position\":3,\"name\":\"Cable personalizado GNFR500-02 500V Cable de resistencia al fuego Cables resistentes al calor de alta temperatura 350 \u2103 1200 \u2103\"}]},{\"@type\":\"WebSite\",\"@id\":\"https:\\\/\\\/www.tstcables.com\\\/es\\\/#website\",\"url\":\"https:\\\/\\\/www.tstcables.com\\\/es\\\/\",\"name\":\"TST Cable supplier & Manufacture\",\"description\":\"TST CABLES  supplier &amp; Manufacture official website\",\"publisher\":{\"@id\":\"https:\\\/\\\/www.tstcables.com\\\/es\\\/#organization\"},\"potentialAction\":[{\"@type\":\"SearchAction\",\"target\":{\"@type\":\"EntryPoint\",\"urlTemplate\":\"https:\\\/\\\/www.tstcables.com\\\/es\\\/?s={search_term_string}\"},\"query-input\":{\"@type\":\"PropertyValueSpecification\",\"valueRequired\":true,\"valueName\":\"search_term_string\"}}],\"inLanguage\":\"es\"},{\"@type\":\"Organization\",\"@id\":\"https:\\\/\\\/www.tstcables.com\\\/es\\\/#organization\",\"name\":\"TST Cable supplier & Manufacture\",\"url\":\"https:\\\/\\\/www.tstcables.com\\\/es\\\/\",\"logo\":{\"@type\":\"ImageObject\",\"inLanguage\":\"es\",\"@id\":\"https:\\\/\\\/www.tstcables.com\\\/es\\\/#\\\/schema\\\/logo\\\/image\\\/\",\"url\":\"https:\\\/\\\/www.tstcables.com\\\/wp-content\\\/uploads\\\/2024\\\/04\\\/cropped-\u753b\u677f-1-\u62f7\u8d1d-4-1.png\",\"contentUrl\":\"https:\\\/\\\/www.tstcables.com\\\/wp-content\\\/uploads\\\/2024\\\/04\\\/cropped-\u753b\u677f-1-\u62f7\u8d1d-4-1.png\",\"width\":300,\"height\":100,\"caption\":\"TST Cable supplier & Manufacture\"},\"image\":{\"@id\":\"https:\\\/\\\/www.tstcables.com\\\/es\\\/#\\\/schema\\\/logo\\\/image\\\/\"}}]}<\/script>\n<!-- \/ Yoast SEO plugin. -->","yoast_head_json":{"title":"Cable personalizado GNFR500-02 Cable de resistencia al fuego Cables resistentes al calor de alta temperatura 350 \u2103 ~ 1200 \u2103","description":"Los cables resistentes al calor a altas temperaturas tienen propiedades de aislamiento el\u00e9ctrico, son resistentes a la corona y a las descargas parciales.","robots":{"index":"index","follow":"follow","max-snippet":"max-snippet:-1","max-image-preview":"max-image-preview:large","max-video-preview":"max-video-preview:-1"},"canonical":"https:\/\/www.tstcables.com\/es\/producto\/cable-personalizado-gnfr500-02-500v-cable-de-resistencia-al-fuego-cables-resistentes-al-calor-de-alta-temperatura-350-%e2%84%83-1200-%e2%84%83\/","og_locale":"es_ES","og_type":"article","og_title":"Cable personalizado GNFR500-02 Cable de resistencia al fuego Cables resistentes al calor de alta temperatura 350 \u2103 ~ 1200 \u2103","og_description":"Los cables resistentes al calor a altas temperaturas tienen propiedades de aislamiento el\u00e9ctrico, son resistentes a la corona y a las descargas parciales.","og_url":"https:\/\/www.tstcables.com\/es\/producto\/cable-personalizado-gnfr500-02-500v-cable-de-resistencia-al-fuego-cables-resistentes-al-calor-de-alta-temperatura-350-%e2%84%83-1200-%e2%84%83\/","og_site_name":"TST CABLES supplier &amp; Manufacture","og_image":[{"width":1000,"height":1000,"url":"https:\/\/www.tstcables.com\/wp-content\/uploads\/2024\/03\/EN50306-4-5pe-2.jpg","type":"image\/jpeg"}],"twitter_card":"summary_large_image","twitter_misc":{"Tiempo de lectura":"1 minuto"},"schema":{"@context":"https:\/\/schema.org","@graph":[{"@type":"WebPage","@id":"https:\/\/www.tstcables.com\/es\/producto\/cable-personalizado-gnfr500-02-500v-cable-de-resistencia-al-fuego-cables-resistentes-al-calor-de-alta-temperatura-350-%e2%84%83-1200-%e2%84%83\/","url":"https:\/\/www.tstcables.com\/es\/producto\/cable-personalizado-gnfr500-02-500v-cable-de-resistencia-al-fuego-cables-resistentes-al-calor-de-alta-temperatura-350-%e2%84%83-1200-%e2%84%83\/","name":"Cable personalizado GNFR500-02 Cable de resistencia al fuego Cables resistentes al calor de alta temperatura 350 \u2103 ~ 1200 \u2103","isPartOf":{"@id":"https:\/\/www.tstcables.com\/es\/#website"},"primaryImageOfPage":{"@id":"https:\/\/www.tstcables.com\/es\/producto\/cable-personalizado-gnfr500-02-500v-cable-de-resistencia-al-fuego-cables-resistentes-al-calor-de-alta-temperatura-350-%e2%84%83-1200-%e2%84%83\/#primaryimage"},"image":{"@id":"https:\/\/www.tstcables.com\/es\/producto\/cable-personalizado-gnfr500-02-500v-cable-de-resistencia-al-fuego-cables-resistentes-al-calor-de-alta-temperatura-350-%e2%84%83-1200-%e2%84%83\/#primaryimage"},"thumbnailUrl":"https:\/\/www.tstcables.com\/wp-content\/uploads\/2024\/03\/EN50306-4-5pe-2.jpg","datePublished":"2024-03-22T09:41:08+00:00","description":"Los cables resistentes al calor a altas temperaturas tienen propiedades de aislamiento el\u00e9ctrico, son resistentes a la corona y a las descargas parciales.","breadcrumb":{"@id":"https:\/\/www.tstcables.com\/es\/producto\/cable-personalizado-gnfr500-02-500v-cable-de-resistencia-al-fuego-cables-resistentes-al-calor-de-alta-temperatura-350-%e2%84%83-1200-%e2%84%83\/#breadcrumb"},"inLanguage":"es","potentialAction":[{"@type":"ReadAction","target":["https:\/\/www.tstcables.com\/es\/producto\/cable-personalizado-gnfr500-02-500v-cable-de-resistencia-al-fuego-cables-resistentes-al-calor-de-alta-temperatura-350-%e2%84%83-1200-%e2%84%83\/"]}]},{"@type":"ImageObject","inLanguage":"es","@id":"https:\/\/www.tstcables.com\/es\/producto\/cable-personalizado-gnfr500-02-500v-cable-de-resistencia-al-fuego-cables-resistentes-al-calor-de-alta-temperatura-350-%e2%84%83-1200-%e2%84%83\/#primaryimage","url":"https:\/\/www.tstcables.com\/wp-content\/uploads\/2024\/03\/EN50306-4-5pe-2.jpg","contentUrl":"https:\/\/www.tstcables.com\/wp-content\/uploads\/2024\/03\/EN50306-4-5pe-2.jpg","width":1000,"height":1000,"caption":"High temperature fire-resistant wire waterproof material insulation GN350-N1"},{"@type":"BreadcrumbList","@id":"https:\/\/www.tstcables.com\/es\/producto\/cable-personalizado-gnfr500-02-500v-cable-de-resistencia-al-fuego-cables-resistentes-al-calor-de-alta-temperatura-350-%e2%84%83-1200-%e2%84%83\/#breadcrumb","itemListElement":[{"@type":"ListItem","position":1,"name":"\u9996\u9875","item":"https:\/\/www.tstcables.com\/es\/"},{"@type":"ListItem","position":2,"name":"Product","item":"https:\/\/www.tstcables.com\/product\/"},{"@type":"ListItem","position":3,"name":"Cable personalizado GNFR500-02 500V Cable de resistencia al fuego Cables resistentes al calor de alta temperatura 350 \u2103 1200 \u2103"}]},{"@type":"WebSite","@id":"https:\/\/www.tstcables.com\/es\/#website","url":"https:\/\/www.tstcables.com\/es\/","name":"TST Cable supplier & Manufacture","description":"TST CABLES  supplier &amp; Manufacture official website","publisher":{"@id":"https:\/\/www.tstcables.com\/es\/#organization"},"potentialAction":[{"@type":"SearchAction","target":{"@type":"EntryPoint","urlTemplate":"https:\/\/www.tstcables.com\/es\/?s={search_term_string}"},"query-input":{"@type":"PropertyValueSpecification","valueRequired":true,"valueName":"search_term_string"}}],"inLanguage":"es"},{"@type":"Organization","@id":"https:\/\/www.tstcables.com\/es\/#organization","name":"TST Cable supplier & Manufacture","url":"https:\/\/www.tstcables.com\/es\/","logo":{"@type":"ImageObject","inLanguage":"es","@id":"https:\/\/www.tstcables.com\/es\/#\/schema\/logo\/image\/","url":"https:\/\/www.tstcables.com\/wp-content\/uploads\/2024\/04\/cropped-\u753b\u677f-1-\u62f7\u8d1d-4-1.png","contentUrl":"https:\/\/www.tstcables.com\/wp-content\/uploads\/2024\/04\/cropped-\u753b\u677f-1-\u62f7\u8d1d-4-1.png","width":300,"height":100,"caption":"TST Cable supplier & Manufacture"},"image":{"@id":"https:\/\/www.tstcables.com\/es\/#\/schema\/logo\/image\/"}}]}},"_links":{"self":[{"href":"https:\/\/www.tstcables.com\/es\/wp-json\/wp\/v2\/product\/17743","targetHints":{"allow":["GET"]}}],"collection":[{"href":"https:\/\/www.tstcables.com\/es\/wp-json\/wp\/v2\/product"}],"about":[{"href":"https:\/\/www.tstcables.com\/es\/wp-json\/wp\/v2\/types\/product"}],"version-history":[{"count":0,"href":"https:\/\/www.tstcables.com\/es\/wp-json\/wp\/v2\/product\/17743\/revisions"}],"wp:featuredmedia":[{"embeddable":true,"href":"https:\/\/www.tstcables.com\/es\/wp-json\/wp\/v2\/media\/13286"}],"wp:attachment":[{"href":"https:\/\/www.tstcables.com\/es\/wp-json\/wp\/v2\/media?parent=17743"}],"wp:term":[{"taxonomy":"product_brand","embeddable":true,"href":"https:\/\/www.tstcables.com\/es\/wp-json\/wp\/v2\/product_brand?post=17743"},{"taxonomy":"product_cat","embeddable":true,"href":"https:\/\/www.tstcables.com\/es\/wp-json\/wp\/v2\/product_cat?post=17743"},{"taxonomy":"product_tag","embeddable":true,"href":"https:\/\/www.tstcables.com\/es\/wp-json\/wp\/v2\/product_tag?post=17743"}],"curies":[{"name":"wp","href":"https:\/\/api.w.org\/{rel}","templated":true}]}}