{"id":17744,"date":"2024-03-22T17:23:38","date_gmt":"2024-03-22T09:23:38","guid":{"rendered":"https:\/\/www.tstcables.com\/product\/cable-de-alta-temperatura-resistente-al-fuego-de-la-serie-de-cables-enj500-03-cable-de-alta-temperatura-de-500v-cable-de-alta-temperatura-extrema\/"},"modified":"2024-03-22T17:23:38","modified_gmt":"2024-03-22T09:23:38","slug":"cable-de-alta-temperatura-resistente-al-fuego-de-la-serie-de-cables-enj500-03-cable-de-alta-temperatura-de-500v-cable-de-alta-temperatura-extrema","status":"publish","type":"product","link":"https:\/\/www.tstcables.com\/es\/producto\/cable-de-alta-temperatura-resistente-al-fuego-de-la-serie-de-cables-enj500-03-cable-de-alta-temperatura-de-500v-cable-de-alta-temperatura-extrema\/","title":{"rendered":"Cable de alta temperatura resistente al fuego de la serie de cables ENJ500-03, cable de alta temperatura de 500V, cable de alta temperatura extrema"},"content":{"rendered":"<p><strong><b>N\u00famero de producto<\/b><\/strong><\/p>\n<ul>\n<li>GNJ500-03<\/li>\n<\/ul>\n<p><strong><b>Norma del sector<\/b><\/strong><\/p>\n<ul>\n<li>Q31\/0114000209C025-2017<\/li>\n<\/ul>\n<p><strong><b>Caracter\u00edsticas del producto<\/b><\/strong><\/p>\n<ol>\n<li>Tensi\u00f3n nominal: 300\/500V<\/li>\n<li>Temperatura de trabajo: 300 \u2103 (hasta 400 \u2103 en poco tiempo)<\/li>\n<li>Conductor: alambre trenzado de n\u00edquel puro<\/li>\n<li>Aislamiento: cinta aislante resistente al fuego + trenza de fibra de vidrio + cinta de fluoroflogopita<\/li>\n<li>Color: blanco<\/li>\n<\/ol>\n<p><strong><b>Caracter\u00edsticas<\/b><\/strong><\/p>\n<p>El cable de alta temperatura tiene buenas propiedades de aislamiento el\u00e9ctrico, buena resistencia a la electricidad y al calor, buenas propiedades mec\u00e1nicas en el rango de 200 ~ 400 \u2103 y buena resistencia a la corrosi\u00f3n. No absorbe agua, es incombustible y tiene propiedades autoextinguibles frente a las llamas. Este producto es un alambre y cable utilizado en diversos dispositivos el\u00e9ctricos que requieren protecci\u00f3n contra incendios en entornos especiales como metalurgia, ingenier\u00eda t\u00e9rmica, petr\u00f3leo, industria qu\u00edmica, gas natural y queroseno.<\/p>\n<p><strong><b>Requisitos de entrega<\/b><\/strong><\/p>\n<p>Seg\u00fan el acuerdo contractual entre ambas partes, se permite la entrega de tramos cortos de no menos de 10 metros. Su cantidad no debe superar el 10% de la longitud total de la entrega.<\/p>\n<p><strong><b>Par\u00e1metros t\u00e9cnicos<\/b><\/strong><\/p>\n<table class=\"tg\">\n<thead>\n<tr>\n<th class=\"tg-uzvj\" rowspan=\"3\">Cruz nominal<br \/>\nsecci\u00f3n (mm2)<\/th>\n<th class=\"tg-uzvj\" rowspan=\"3\">Conductor<\/p>\n<p>estructura<br \/>\nN\u00famero de ra\u00edz\/di\u00e1metro (mm)<\/th>\n<th class=\"tg-uzvj\" rowspan=\"3\">Aislamiento<br \/>\nespesor (mm)<\/th>\n<th class=\"tg-uzvj\" rowspan=\"3\">Afuera<br \/>\ndi\u00e1metro<br \/>\ncontrol (mm)<\/th>\n<th class=\"tg-wa1i\">conductor CC<br \/>\nresistencia (Q\/km)<\/th>\n<th class=\"tg-wa1i\">Embalaje<br \/>\nlongitud (m)<\/th>\n<\/tr>\n<tr>\n<th class=\"tg-wa1i\">200<\/th>\n<th class=\"tg-wa1i\">200<\/th>\n<\/tr>\n<tr>\n<th class=\"tg-wa1i\">200<\/th>\n<th class=\"tg-wa1i\">200<\/th>\n<\/tr>\n<\/thead>\n<tbody>\n<tr>\n<td class=\"tg-9wq8\">1<\/td>\n<td class=\"tg-c3ow\">32\/0.20<\/td>\n<td class=\"tg-9wq8\">0.4<\/td>\n<td class=\"tg-c3ow\">2.2\u00b10.2<\/td>\n<td class=\"tg-nrix\">200<\/td>\n<td class=\"tg-nrix\">200<\/td>\n<\/tr>\n<tr>\n<td class=\"tg-9wq8\">1.25<\/td>\n<td class=\"tg-c3ow\">40\/0.20<\/td>\n<td class=\"tg-9wq8\">0.4<\/td>\n<td class=\"tg-c3ow\">2.4\u00b10.2<\/td>\n<td class=\"tg-nrix\">200<\/td>\n<td class=\"tg-nrix\">200<\/td>\n<\/tr>\n<tr>\n<td class=\"tg-9wq8\">1.5<\/td>\n<td class=\"tg-c3ow\">48\/0.20<\/td>\n<td class=\"tg-9wq8\">0.4<\/td>\n<td class=\"tg-c3ow\">2.6\u00b10.2<\/td>\n<td class=\"tg-nrix\">200<\/td>\n<td class=\"tg-nrix\">100<\/td>\n<\/tr>\n<tr>\n<td class=\"tg-9wq8\">2.5<\/td>\n<td class=\"tg-c3ow\">35\/0.30<\/td>\n<td class=\"tg-9wq8\">0.4<\/td>\n<td class=\"tg-c3ow\">3.0\u571f0.3<\/td>\n<td class=\"tg-nrix\">100<\/td>\n<td class=\"tg-nrix\">100<\/td>\n<\/tr>\n<tr>\n<td class=\"tg-nrix\">4<\/td>\n<td class=\"tg-baqh\">56\/0.30<\/td>\n<td class=\"tg-nrix\">0.4<\/td>\n<td class=\"tg-baqh\">3.7\u00b10.3<\/td>\n<td class=\"tg-nrix\">100<\/td>\n<td class=\"tg-nrix\">100<\/td>\n<\/tr>\n<tr>\n<td class=\"tg-nrix\">6<\/td>\n<td class=\"tg-baqh\">84\/0.30<\/td>\n<td class=\"tg-nrix\">0.4<\/td>\n<td class=\"tg-baqh\">4.6\u00b10.3<\/td>\n<td class=\"tg-nrix\">100<\/td>\n<td class=\"tg-nrix\">100<\/td>\n<\/tr>\n<tr>\n<td class=\"tg-nrix\">10<\/td>\n<td class=\"tg-baqh\">140\/0.30<\/td>\n<td class=\"tg-nrix\">0.4<\/td>\n<td class=\"tg-baqh\">5.6\u00b10.3<\/td>\n<td class=\"tg-nrix\">100<\/td>\n<td class=\"tg-nrix\">100<\/td>\n<\/tr>\n<tr>\n<td class=\"tg-8d8j\" colspan=\"6\">Nota: Se pueden producir productos con otras especificaciones seg\u00fan el acuerdo entre el proveedor y el comprador.<\/td>\n<\/tr>\n<\/tbody>\n<\/table>\n","protected":false},"excerpt":{"rendered":"<p>El cable de alta temperatura es un alambre y cable que se utiliza en diversos dispositivos el\u00e9ctricos que requieren protecci\u00f3n contra incendios en entornos especiales como metalurgia, ingenier\u00eda t\u00e9rmica, petr\u00f3leo, industria qu\u00edmica, gas natural y queroseno.<\/p>\n","protected":false},"featured_media":12926,"template":"","meta":{"_eb_attr":"","site-sidebar-layout":"default","site-content-layout":"","ast-site-content-layout":"default","site-content-style":"default","site-sidebar-style":"default","ast-global-header-display":"","ast-banner-title-visibility":"","ast-main-header-display":"","ast-hfb-above-header-display":"","ast-hfb-below-header-display":"","ast-hfb-mobile-header-display":"","site-post-title":"","ast-breadcrumbs-content":"","ast-featured-img":"","footer-sml-layout":"","theme-transparent-header-meta":"default","adv-header-id-meta":"","stick-header-meta":"","header-above-stick-meta":"","header-main-stick-meta":"","header-below-stick-meta":"","astra-migrate-meta-layouts":"default","ast-page-background-enabled":"default","ast-page-background-meta":{"desktop":{"background-color":"","background-image":"","background-repeat":"repeat","background-position":"center center","background-size":"auto","background-attachment":"scroll","background-type":"","background-media":"","overlay-type":"","overlay-color":"","overlay-opacity":"","overlay-gradient":""},"tablet":{"background-color":"","background-image":"","background-repeat":"repeat","background-position":"center center","background-size":"auto","background-attachment":"scroll","background-type":"","background-media":"","overlay-type":"","overlay-color":"","overlay-opacity":"","overlay-gradient":""},"mobile":{"background-color":"","background-image":"","background-repeat":"repeat","background-position":"center center","background-size":"auto","background-attachment":"scroll","background-type":"","background-media":"","overlay-type":"","overlay-color":"","overlay-opacity":"","overlay-gradient":""}},"ast-content-background-meta":{"desktop":{"background-color":"var(--ast-global-color-5)","background-image":"","background-repeat":"repeat","background-position":"center center","background-size":"auto","background-attachment":"scroll","background-type":"","background-media":"","overlay-type":"","overlay-color":"","overlay-opacity":"","overlay-gradient":""},"tablet":{"background-color":"var(--ast-global-color-5)","background-image":"","background-repeat":"repeat","background-position":"center center","background-size":"auto","background-attachment":"scroll","background-type":"","background-media":"","overlay-type":"","overlay-color":"","overlay-opacity":"","overlay-gradient":""},"mobile":{"background-color":"var(--ast-global-color-5)","background-image":"","background-repeat":"repeat","background-position":"center center","background-size":"auto","background-attachment":"scroll","background-type":"","background-media":"","overlay-type":"","overlay-color":"","overlay-opacity":"","overlay-gradient":""}}},"product_brand":[],"product_cat":[599,591,639,595,610,603,602,646,598,600,597],"product_tag":[1256,1264,1263,1262],"class_list":{"0":"post-17744","1":"product","2":"type-product","3":"status-publish","4":"has-post-thumbnail","6":"product_cat-aviacion","7":"product_cat-cable-de-alta-temperatura","8":"product_cat-cable-de-teflon","9":"product_cat-cable-personalizado","10":"product_cat-energia-eolica","11":"product_cat-norma-en","12":"product_cat-norma-ice","13":"product_cat-nuclear-es","14":"product_cat-petroleo-gas","15":"product_cat-marina","16":"product_cat-via-ferrea","17":"product_tag-alambres-y-cables-de-alta-temperatura","18":"product_tag-cable-serie-para-temperaturas-extremadamente-altas","19":"product_tag-enj500-03-cable-es","20":"product_tag-gnj500-03-es","21":"desktop-align-center","22":"tablet-align-left","23":"mobile-align-left","25":"first","26":"instock","27":"shipping-taxable","28":"product-type-simple"},"yoast_head":"<!-- This site is optimized with the Yoast SEO plugin v27.4 - https:\/\/yoast.com\/product\/yoast-seo-wordpress\/ -->\n<title>Cable resistente a altas temperaturas extremas serie ENJ500-03 Cable &amp; Wire<\/title>\n<meta name=\"description\" content=\"El cable de alta temperatura es un alambre y cable que se utiliza en diversos dispositivos el\u00e9ctricos que requieren protecci\u00f3n contra incendios en entornos especiales.\" \/>\n<meta name=\"robots\" content=\"index, follow, max-snippet:-1, max-image-preview:large, max-video-preview:-1\" \/>\n<link rel=\"canonical\" href=\"https:\/\/www.tstcables.com\/es\/producto\/cable-de-alta-temperatura-resistente-al-fuego-de-la-serie-de-cables-enj500-03-cable-de-alta-temperatura-de-500v-cable-de-alta-temperatura-extrema\/\" \/>\n<meta property=\"og:locale\" content=\"es_ES\" \/>\n<meta property=\"og:type\" content=\"article\" \/>\n<meta property=\"og:title\" content=\"Cable resistente a altas temperaturas extremas serie ENJ500-03 Cable &amp; Wire\" \/>\n<meta property=\"og:description\" content=\"El cable de alta temperatura es un alambre y cable que se utiliza en diversos dispositivos el\u00e9ctricos que requieren protecci\u00f3n contra incendios en entornos especiales.\" \/>\n<meta property=\"og:url\" content=\"https:\/\/www.tstcables.com\/es\/producto\/cable-de-alta-temperatura-resistente-al-fuego-de-la-serie-de-cables-enj500-03-cable-de-alta-temperatura-de-500v-cable-de-alta-temperatura-extrema\/\" \/>\n<meta property=\"og:site_name\" content=\"TST CABLES supplier &amp; Manufacture\" \/>\n<meta property=\"og:image\" content=\"https:\/\/www.tstcables.com\/wp-content\/uploads\/2024\/03\/3-16.jpg\" \/>\n\t<meta property=\"og:image:width\" content=\"640\" \/>\n\t<meta property=\"og:image:height\" content=\"640\" \/>\n\t<meta property=\"og:image:type\" content=\"image\/jpeg\" \/>\n<meta name=\"twitter:card\" content=\"summary_large_image\" \/>\n<meta name=\"twitter:label1\" content=\"Tiempo de lectura\" \/>\n\t<meta name=\"twitter:data1\" content=\"1 minuto\" \/>\n<script type=\"application\/ld+json\" class=\"yoast-schema-graph\">{\"@context\":\"https:\\\/\\\/schema.org\",\"@graph\":[{\"@type\":\"WebPage\",\"@id\":\"https:\\\/\\\/www.tstcables.com\\\/es\\\/producto\\\/cable-de-alta-temperatura-resistente-al-fuego-de-la-serie-de-cables-enj500-03-cable-de-alta-temperatura-de-500v-cable-de-alta-temperatura-extrema\\\/\",\"url\":\"https:\\\/\\\/www.tstcables.com\\\/es\\\/producto\\\/cable-de-alta-temperatura-resistente-al-fuego-de-la-serie-de-cables-enj500-03-cable-de-alta-temperatura-de-500v-cable-de-alta-temperatura-extrema\\\/\",\"name\":\"Cable resistente a altas temperaturas extremas serie ENJ500-03 Cable & Wire\",\"isPartOf\":{\"@id\":\"https:\\\/\\\/www.tstcables.com\\\/es\\\/#website\"},\"primaryImageOfPage\":{\"@id\":\"https:\\\/\\\/www.tstcables.com\\\/es\\\/producto\\\/cable-de-alta-temperatura-resistente-al-fuego-de-la-serie-de-cables-enj500-03-cable-de-alta-temperatura-de-500v-cable-de-alta-temperatura-extrema\\\/#primaryimage\"},\"image\":{\"@id\":\"https:\\\/\\\/www.tstcables.com\\\/es\\\/producto\\\/cable-de-alta-temperatura-resistente-al-fuego-de-la-serie-de-cables-enj500-03-cable-de-alta-temperatura-de-500v-cable-de-alta-temperatura-extrema\\\/#primaryimage\"},\"thumbnailUrl\":\"https:\\\/\\\/www.tstcables.com\\\/wp-content\\\/uploads\\\/2024\\\/03\\\/3-16.jpg\",\"datePublished\":\"2024-03-22T09:23:38+00:00\",\"description\":\"El cable de alta temperatura es un alambre y cable que se utiliza en diversos dispositivos el\u00e9ctricos que requieren protecci\u00f3n contra incendios en entornos especiales.\",\"breadcrumb\":{\"@id\":\"https:\\\/\\\/www.tstcables.com\\\/es\\\/producto\\\/cable-de-alta-temperatura-resistente-al-fuego-de-la-serie-de-cables-enj500-03-cable-de-alta-temperatura-de-500v-cable-de-alta-temperatura-extrema\\\/#breadcrumb\"},\"inLanguage\":\"es\",\"potentialAction\":[{\"@type\":\"ReadAction\",\"target\":[\"https:\\\/\\\/www.tstcables.com\\\/es\\\/producto\\\/cable-de-alta-temperatura-resistente-al-fuego-de-la-serie-de-cables-enj500-03-cable-de-alta-temperatura-de-500v-cable-de-alta-temperatura-extrema\\\/\"]}]},{\"@type\":\"ImageObject\",\"inLanguage\":\"es\",\"@id\":\"https:\\\/\\\/www.tstcables.com\\\/es\\\/producto\\\/cable-de-alta-temperatura-resistente-al-fuego-de-la-serie-de-cables-enj500-03-cable-de-alta-temperatura-de-500v-cable-de-alta-temperatura-extrema\\\/#primaryimage\",\"url\":\"https:\\\/\\\/www.tstcables.com\\\/wp-content\\\/uploads\\\/2024\\\/03\\\/3-16.jpg\",\"contentUrl\":\"https:\\\/\\\/www.tstcables.com\\\/wp-content\\\/uploads\\\/2024\\\/03\\\/3-16.jpg\",\"width\":640,\"height\":640,\"caption\":\"High Temperature Wire Cable\"},{\"@type\":\"BreadcrumbList\",\"@id\":\"https:\\\/\\\/www.tstcables.com\\\/es\\\/producto\\\/cable-de-alta-temperatura-resistente-al-fuego-de-la-serie-de-cables-enj500-03-cable-de-alta-temperatura-de-500v-cable-de-alta-temperatura-extrema\\\/#breadcrumb\",\"itemListElement\":[{\"@type\":\"ListItem\",\"position\":1,\"name\":\"\u9996\u9875\",\"item\":\"https:\\\/\\\/www.tstcables.com\\\/es\\\/\"},{\"@type\":\"ListItem\",\"position\":2,\"name\":\"Product\",\"item\":\"https:\\\/\\\/www.tstcables.com\\\/product\\\/\"},{\"@type\":\"ListItem\",\"position\":3,\"name\":\"Cable de alta temperatura resistente al fuego de la serie de cables ENJ500-03, cable de alta temperatura de 500V, cable de alta temperatura extrema\"}]},{\"@type\":\"WebSite\",\"@id\":\"https:\\\/\\\/www.tstcables.com\\\/es\\\/#website\",\"url\":\"https:\\\/\\\/www.tstcables.com\\\/es\\\/\",\"name\":\"TST Cable supplier & Manufacture\",\"description\":\"TST CABLES  supplier &amp; Manufacture official website\",\"publisher\":{\"@id\":\"https:\\\/\\\/www.tstcables.com\\\/es\\\/#organization\"},\"potentialAction\":[{\"@type\":\"SearchAction\",\"target\":{\"@type\":\"EntryPoint\",\"urlTemplate\":\"https:\\\/\\\/www.tstcables.com\\\/es\\\/?s={search_term_string}\"},\"query-input\":{\"@type\":\"PropertyValueSpecification\",\"valueRequired\":true,\"valueName\":\"search_term_string\"}}],\"inLanguage\":\"es\"},{\"@type\":\"Organization\",\"@id\":\"https:\\\/\\\/www.tstcables.com\\\/es\\\/#organization\",\"name\":\"TST Cable supplier & Manufacture\",\"url\":\"https:\\\/\\\/www.tstcables.com\\\/es\\\/\",\"logo\":{\"@type\":\"ImageObject\",\"inLanguage\":\"es\",\"@id\":\"https:\\\/\\\/www.tstcables.com\\\/es\\\/#\\\/schema\\\/logo\\\/image\\\/\",\"url\":\"https:\\\/\\\/www.tstcables.com\\\/wp-content\\\/uploads\\\/2024\\\/04\\\/cropped-\u753b\u677f-1-\u62f7\u8d1d-4-1.png\",\"contentUrl\":\"https:\\\/\\\/www.tstcables.com\\\/wp-content\\\/uploads\\\/2024\\\/04\\\/cropped-\u753b\u677f-1-\u62f7\u8d1d-4-1.png\",\"width\":300,\"height\":100,\"caption\":\"TST Cable supplier & Manufacture\"},\"image\":{\"@id\":\"https:\\\/\\\/www.tstcables.com\\\/es\\\/#\\\/schema\\\/logo\\\/image\\\/\"}}]}<\/script>\n<!-- \/ Yoast SEO plugin. -->","yoast_head_json":{"title":"Cable resistente a altas temperaturas extremas serie ENJ500-03 Cable & Wire","description":"El cable de alta temperatura es un alambre y cable que se utiliza en diversos dispositivos el\u00e9ctricos que requieren protecci\u00f3n contra incendios en entornos especiales.","robots":{"index":"index","follow":"follow","max-snippet":"max-snippet:-1","max-image-preview":"max-image-preview:large","max-video-preview":"max-video-preview:-1"},"canonical":"https:\/\/www.tstcables.com\/es\/producto\/cable-de-alta-temperatura-resistente-al-fuego-de-la-serie-de-cables-enj500-03-cable-de-alta-temperatura-de-500v-cable-de-alta-temperatura-extrema\/","og_locale":"es_ES","og_type":"article","og_title":"Cable resistente a altas temperaturas extremas serie ENJ500-03 Cable & Wire","og_description":"El cable de alta temperatura es un alambre y cable que se utiliza en diversos dispositivos el\u00e9ctricos que requieren protecci\u00f3n contra incendios en entornos especiales.","og_url":"https:\/\/www.tstcables.com\/es\/producto\/cable-de-alta-temperatura-resistente-al-fuego-de-la-serie-de-cables-enj500-03-cable-de-alta-temperatura-de-500v-cable-de-alta-temperatura-extrema\/","og_site_name":"TST CABLES supplier &amp; Manufacture","og_image":[{"width":640,"height":640,"url":"https:\/\/www.tstcables.com\/wp-content\/uploads\/2024\/03\/3-16.jpg","type":"image\/jpeg"}],"twitter_card":"summary_large_image","twitter_misc":{"Tiempo de lectura":"1 minuto"},"schema":{"@context":"https:\/\/schema.org","@graph":[{"@type":"WebPage","@id":"https:\/\/www.tstcables.com\/es\/producto\/cable-de-alta-temperatura-resistente-al-fuego-de-la-serie-de-cables-enj500-03-cable-de-alta-temperatura-de-500v-cable-de-alta-temperatura-extrema\/","url":"https:\/\/www.tstcables.com\/es\/producto\/cable-de-alta-temperatura-resistente-al-fuego-de-la-serie-de-cables-enj500-03-cable-de-alta-temperatura-de-500v-cable-de-alta-temperatura-extrema\/","name":"Cable resistente a altas temperaturas extremas serie ENJ500-03 Cable & Wire","isPartOf":{"@id":"https:\/\/www.tstcables.com\/es\/#website"},"primaryImageOfPage":{"@id":"https:\/\/www.tstcables.com\/es\/producto\/cable-de-alta-temperatura-resistente-al-fuego-de-la-serie-de-cables-enj500-03-cable-de-alta-temperatura-de-500v-cable-de-alta-temperatura-extrema\/#primaryimage"},"image":{"@id":"https:\/\/www.tstcables.com\/es\/producto\/cable-de-alta-temperatura-resistente-al-fuego-de-la-serie-de-cables-enj500-03-cable-de-alta-temperatura-de-500v-cable-de-alta-temperatura-extrema\/#primaryimage"},"thumbnailUrl":"https:\/\/www.tstcables.com\/wp-content\/uploads\/2024\/03\/3-16.jpg","datePublished":"2024-03-22T09:23:38+00:00","description":"El cable de alta temperatura es un alambre y cable que se utiliza en diversos dispositivos el\u00e9ctricos que requieren protecci\u00f3n contra incendios en entornos especiales.","breadcrumb":{"@id":"https:\/\/www.tstcables.com\/es\/producto\/cable-de-alta-temperatura-resistente-al-fuego-de-la-serie-de-cables-enj500-03-cable-de-alta-temperatura-de-500v-cable-de-alta-temperatura-extrema\/#breadcrumb"},"inLanguage":"es","potentialAction":[{"@type":"ReadAction","target":["https:\/\/www.tstcables.com\/es\/producto\/cable-de-alta-temperatura-resistente-al-fuego-de-la-serie-de-cables-enj500-03-cable-de-alta-temperatura-de-500v-cable-de-alta-temperatura-extrema\/"]}]},{"@type":"ImageObject","inLanguage":"es","@id":"https:\/\/www.tstcables.com\/es\/producto\/cable-de-alta-temperatura-resistente-al-fuego-de-la-serie-de-cables-enj500-03-cable-de-alta-temperatura-de-500v-cable-de-alta-temperatura-extrema\/#primaryimage","url":"https:\/\/www.tstcables.com\/wp-content\/uploads\/2024\/03\/3-16.jpg","contentUrl":"https:\/\/www.tstcables.com\/wp-content\/uploads\/2024\/03\/3-16.jpg","width":640,"height":640,"caption":"High Temperature Wire Cable"},{"@type":"BreadcrumbList","@id":"https:\/\/www.tstcables.com\/es\/producto\/cable-de-alta-temperatura-resistente-al-fuego-de-la-serie-de-cables-enj500-03-cable-de-alta-temperatura-de-500v-cable-de-alta-temperatura-extrema\/#breadcrumb","itemListElement":[{"@type":"ListItem","position":1,"name":"\u9996\u9875","item":"https:\/\/www.tstcables.com\/es\/"},{"@type":"ListItem","position":2,"name":"Product","item":"https:\/\/www.tstcables.com\/product\/"},{"@type":"ListItem","position":3,"name":"Cable de alta temperatura resistente al fuego de la serie de cables ENJ500-03, cable de alta temperatura de 500V, cable de alta temperatura extrema"}]},{"@type":"WebSite","@id":"https:\/\/www.tstcables.com\/es\/#website","url":"https:\/\/www.tstcables.com\/es\/","name":"TST Cable supplier & Manufacture","description":"TST CABLES  supplier &amp; Manufacture official website","publisher":{"@id":"https:\/\/www.tstcables.com\/es\/#organization"},"potentialAction":[{"@type":"SearchAction","target":{"@type":"EntryPoint","urlTemplate":"https:\/\/www.tstcables.com\/es\/?s={search_term_string}"},"query-input":{"@type":"PropertyValueSpecification","valueRequired":true,"valueName":"search_term_string"}}],"inLanguage":"es"},{"@type":"Organization","@id":"https:\/\/www.tstcables.com\/es\/#organization","name":"TST Cable supplier & Manufacture","url":"https:\/\/www.tstcables.com\/es\/","logo":{"@type":"ImageObject","inLanguage":"es","@id":"https:\/\/www.tstcables.com\/es\/#\/schema\/logo\/image\/","url":"https:\/\/www.tstcables.com\/wp-content\/uploads\/2024\/04\/cropped-\u753b\u677f-1-\u62f7\u8d1d-4-1.png","contentUrl":"https:\/\/www.tstcables.com\/wp-content\/uploads\/2024\/04\/cropped-\u753b\u677f-1-\u62f7\u8d1d-4-1.png","width":300,"height":100,"caption":"TST Cable supplier & Manufacture"},"image":{"@id":"https:\/\/www.tstcables.com\/es\/#\/schema\/logo\/image\/"}}]}},"_links":{"self":[{"href":"https:\/\/www.tstcables.com\/es\/wp-json\/wp\/v2\/product\/17744","targetHints":{"allow":["GET"]}}],"collection":[{"href":"https:\/\/www.tstcables.com\/es\/wp-json\/wp\/v2\/product"}],"about":[{"href":"https:\/\/www.tstcables.com\/es\/wp-json\/wp\/v2\/types\/product"}],"version-history":[{"count":0,"href":"https:\/\/www.tstcables.com\/es\/wp-json\/wp\/v2\/product\/17744\/revisions"}],"wp:featuredmedia":[{"embeddable":true,"href":"https:\/\/www.tstcables.com\/es\/wp-json\/wp\/v2\/media\/12926"}],"wp:attachment":[{"href":"https:\/\/www.tstcables.com\/es\/wp-json\/wp\/v2\/media?parent=17744"}],"wp:term":[{"taxonomy":"product_brand","embeddable":true,"href":"https:\/\/www.tstcables.com\/es\/wp-json\/wp\/v2\/product_brand?post=17744"},{"taxonomy":"product_cat","embeddable":true,"href":"https:\/\/www.tstcables.com\/es\/wp-json\/wp\/v2\/product_cat?post=17744"},{"taxonomy":"product_tag","embeddable":true,"href":"https:\/\/www.tstcables.com\/es\/wp-json\/wp\/v2\/product_tag?post=17744"}],"curies":[{"name":"wp","href":"https:\/\/api.w.org\/{rel}","templated":true}]}}