{"id":17745,"date":"2024-03-22T16:54:48","date_gmt":"2024-03-22T08:54:48","guid":{"rendered":"https:\/\/www.tstcables.com\/product\/cable-de-alta-temperatura-extrema-gn1200-resistente-a-temperaturas-de-1200-%e2%84%83\/"},"modified":"2024-03-22T16:54:48","modified_gmt":"2024-03-22T08:54:48","slug":"cable-de-alta-temperatura-extrema-gn1200-resistente-a-temperaturas-de-1200-%e2%84%83","status":"publish","type":"product","link":"https:\/\/www.tstcables.com\/es\/producto\/cable-de-alta-temperatura-extrema-gn1200-resistente-a-temperaturas-de-1200-%e2%84%83\/","title":{"rendered":"Cable de alta temperatura extrema GN1200 resistente a temperaturas de 1200 \u2103"},"content":{"rendered":"<p><strong>N\u00famero de producto:<\/strong><\/p>\n<ul>\n<li>GN1200<\/li>\n<\/ul>\n<p><strong>Norma del sector:<\/strong><\/p>\n<ul>\n<li>Q31\/0114000209C025-2017<\/li>\n<\/ul>\n<p><strong>Caracter\u00edsticas del producto<\/strong><\/p>\n<ul>\n<li>Tensi\u00f3n nominal: 300\/500V<\/li>\n<li>Rango de temperatura: 1000 \u2103, resistente a temperaturas de hasta 1200 \u2103 en un corto per\u00edodo de tiempo<\/li>\n<li>Conductor: alambre trenzado de n\u00edquel puro<\/li>\n<li>Color: amarillo terroso, puedes elegir gasa negra, gasa roja, etc.<\/li>\n<\/ul>\n<p><strong>Caracter\u00edsticas<\/strong><\/p>\n<p>Aplicaci\u00f3n del producto: Este producto es un alambre y cable utilizado en diversos dispositivos el\u00e9ctricos que requieren protecci\u00f3n contra incendios en entornos especiales como metalurgia, ingenier\u00eda t\u00e9rmica, petr\u00f3leo, industria qu\u00edmica, gas natural y queroseno.<\/p>\n<p><strong>Requisitos de entrega<\/strong><\/p>\n<p>Longitud de entrega: se permiten segmentos de l\u00ednea cortos de al menos 10 metros, pero su cantidad no puede exceder el 10% de la cantidad total de entrega; Condiciones de colocaci\u00f3n: colocaci\u00f3n fija, adem\u00e1s de combusti\u00f3n con llama, sin gases nocivos y t\u00f3xicos.<\/p>\n<p>&nbsp;<\/p>\n<p><strong>Par\u00e1metros t\u00e9cnicos<\/strong><\/p>\n<p>&nbsp;<\/p>\n<table class=\"tg\">\n<thead>\n<tr>\n<th class=\"tg-nrix\">Cruz nominal<br \/>\nsecci\u00f3n (mm2)<\/th>\n<th class=\"tg-nrix\">Voltaje<br \/>\nnivel(V)<\/th>\n<th class=\"tg-nrix\">Conductor<br \/>\nestructura<br \/>\nn\u00famero de<br \/>\nalambres\/alambre<br \/>\ndi\u00e1metro (mm)<\/th>\n<th class=\"tg-nrix\">Aislamiento<br \/>\nespesor (mm)<\/th>\n<th class=\"tg-nrix\">Alambre exterior<br \/>\ndi\u00e1metro (mm)<\/th>\n<th class=\"tg-nrix\">Conductor CC<br \/>\nresistencia<br \/>\na 20\u2103(Q\/km)<\/th>\n<th class=\"tg-nrix\">Embalaje<br \/>\nlongitud (m)<\/th>\n<\/tr>\n<\/thead>\n<tbody>\n<tr>\n<td class=\"tg-nrix\" rowspan=\"2\">0.5<\/td>\n<td class=\"tg-nrix\">300<\/td>\n<td class=\"tg-baqh\" rowspan=\"2\">7\/0.30<\/td>\n<td class=\"tg-nrix\">0.15<\/td>\n<td class=\"tg-baqh\">1.6\u00b10.2<\/td>\n<td class=\"tg-nrix\" rowspan=\"2\">195<\/td>\n<td class=\"tg-nrix\" rowspan=\"2\">200<\/td>\n<\/tr>\n<tr>\n<td class=\"tg-nrix\">500<\/td>\n<td class=\"tg-nrix\">0.25<\/td>\n<td class=\"tg-baqh\">1.8\u00b10.2<\/td>\n<\/tr>\n<tr>\n<td class=\"tg-nrix\" rowspan=\"2\">0.75<\/td>\n<td class=\"tg-nrix\">300<\/td>\n<td class=\"tg-baqh\" rowspan=\"2\">11\/0. 30<\/td>\n<td class=\"tg-nrix\">0.15<\/td>\n<td class=\"tg-baqh\">1.9\u00b10.2<\/td>\n<td class=\"tg-nrix\" rowspan=\"2\">130<\/td>\n<td class=\"tg-nrix\" rowspan=\"2\">200<\/td>\n<\/tr>\n<tr>\n<td class=\"tg-nrix\">500<\/td>\n<td class=\"tg-nrix\">0.25<\/td>\n<td class=\"tg-baqh\">2.2\u00b10.2<\/td>\n<\/tr>\n<tr>\n<td class=\"tg-nrix\" rowspan=\"2\">1<\/td>\n<td class=\"tg-nrix\">300<\/td>\n<td class=\"tg-baqh\" rowspan=\"2\">14\/0. 30<\/td>\n<td class=\"tg-nrix\">0.15<\/td>\n<td class=\"tg-baqh\">2.0\u00b10.2<\/td>\n<td class=\"tg-nrix\" rowspan=\"2\">100<\/td>\n<td class=\"tg-nrix\" rowspan=\"2\">200<\/td>\n<\/tr>\n<tr>\n<td class=\"tg-nrix\">500<\/td>\n<td class=\"tg-nrix\">0.25<\/td>\n<td class=\"tg-baqh\">2.3\u00b10.2<\/td>\n<\/tr>\n<tr>\n<td class=\"tg-nrix\" rowspan=\"2\">1.5<\/td>\n<td class=\"tg-nrix\">300<\/td>\n<td class=\"tg-baqh\" rowspan=\"2\">30\/0.25<\/td>\n<td class=\"tg-nrix\">0.15<\/td>\n<td class=\"tg-baqh\">2.3\u00b10.2<\/td>\n<td class=\"tg-nrix\" rowspan=\"2\">66<\/td>\n<td class=\"tg-nrix\" rowspan=\"2\">100<\/td>\n<\/tr>\n<tr>\n<td class=\"tg-nrix\">500<\/td>\n<td class=\"tg-nrix\">0.25<\/td>\n<td class=\"tg-baqh\">2.6\u00b10.2<\/td>\n<\/tr>\n<tr>\n<td class=\"tg-nrix\" rowspan=\"2\">2.5<\/td>\n<td class=\"tg-nrix\">300<\/td>\n<td class=\"tg-baqh\" rowspan=\"2\">50\/0. 25<\/td>\n<td class=\"tg-nrix\">0.15<\/td>\n<td class=\"tg-baqh\">2.8\u00b10.2<\/td>\n<td class=\"tg-nrix\" rowspan=\"2\">40<\/td>\n<td class=\"tg-nrix\" rowspan=\"2\">100<\/td>\n<\/tr>\n<tr>\n<td class=\"tg-nrix\">500<\/td>\n<td class=\"tg-nrix\">0.25<\/td>\n<td class=\"tg-baqh\">3.0\u00b10.2<\/td>\n<\/tr>\n<tr>\n<td class=\"tg-nrix\" rowspan=\"2\">4<\/td>\n<td class=\"tg-nrix\">300<\/td>\n<td class=\"tg-baqh\" rowspan=\"2\">56\/0.30<\/td>\n<td class=\"tg-nrix\">0.15<\/td>\n<td class=\"tg-baqh\">3.5\u00b10.3<\/td>\n<td class=\"tg-nrix\" rowspan=\"2\">25<\/td>\n<td class=\"tg-nrix\" rowspan=\"2\">100<\/td>\n<\/tr>\n<tr>\n<td class=\"tg-nrix\">500<\/td>\n<td class=\"tg-nrix\">0.25<\/td>\n<td class=\"tg-baqh\">3.7\u00b10.3<\/td>\n<\/tr>\n<tr>\n<td class=\"tg-nrix\" rowspan=\"2\">6<\/td>\n<td class=\"tg-nrix\">300<\/td>\n<td class=\"tg-baqh\" rowspan=\"2\">84\/0.30<\/td>\n<td class=\"tg-nrix\">0.15<\/td>\n<td class=\"tg-baqh\">4.4\u00b10.3<\/td>\n<td class=\"tg-nrix\" rowspan=\"2\">16.5<\/td>\n<td class=\"tg-nrix\" rowspan=\"2\">100<\/td>\n<\/tr>\n<tr>\n<td class=\"tg-nrix\">500<\/td>\n<td class=\"tg-nrix\">0.25<\/td>\n<td class=\"tg-baqh\">4.6\u00b10.3<\/td>\n<\/tr>\n<tr>\n<td class=\"tg-nrix\" rowspan=\"2\">10<\/td>\n<td class=\"tg-nrix\">300<\/td>\n<td class=\"tg-baqh\" rowspan=\"2\">133\/0. 32<\/td>\n<td class=\"tg-nrix\">0.15<\/td>\n<td class=\"tg-baqh\">5.5\u00b10.3<\/td>\n<td class=\"tg-nrix\" rowspan=\"2\">9.5<\/td>\n<td class=\"tg-nrix\" rowspan=\"2\">100<\/td>\n<\/tr>\n<tr>\n<td class=\"tg-nrix\">500<\/td>\n<td class=\"tg-nrix\">0.25<\/td>\n<td class=\"tg-baqh\">5.8\u00b10.3<\/td>\n<\/tr>\n<\/tbody>\n<\/table>\n<p>Nota: Se pueden producir productos con otras especificaciones seg\u00fan el acuerdo entre el proveedor y el comprador.<\/p>\n<p>&nbsp;<\/p>\n","protected":false},"excerpt":{"rendered":"<p>El cable para temperaturas extremadamente altas es un alambre y cable que se utiliza en diversos dispositivos el\u00e9ctricos que requieren protecci\u00f3n contra incendios en entornos especiales como metalurgia, ingenier\u00eda t\u00e9rmica, petr\u00f3leo, industria qu\u00edmica, gas natural y queroseno.<\/p>\n","protected":false},"featured_media":13326,"template":"","meta":{"_eb_attr":"","site-sidebar-layout":"default","site-content-layout":"","ast-site-content-layout":"default","site-content-style":"default","site-sidebar-style":"default","ast-global-header-display":"","ast-banner-title-visibility":"","ast-main-header-display":"","ast-hfb-above-header-display":"","ast-hfb-below-header-display":"","ast-hfb-mobile-header-display":"","site-post-title":"","ast-breadcrumbs-content":"","ast-featured-img":"","footer-sml-layout":"","theme-transparent-header-meta":"default","adv-header-id-meta":"","stick-header-meta":"","header-above-stick-meta":"","header-main-stick-meta":"","header-below-stick-meta":"","astra-migrate-meta-layouts":"default","ast-page-background-enabled":"default","ast-page-background-meta":{"desktop":{"background-color":"","background-image":"","background-repeat":"repeat","background-position":"center center","background-size":"auto","background-attachment":"scroll","background-type":"","background-media":"","overlay-type":"","overlay-color":"","overlay-opacity":"","overlay-gradient":""},"tablet":{"background-color":"","background-image":"","background-repeat":"repeat","background-position":"center center","background-size":"auto","background-attachment":"scroll","background-type":"","background-media":"","overlay-type":"","overlay-color":"","overlay-opacity":"","overlay-gradient":""},"mobile":{"background-color":"","background-image":"","background-repeat":"repeat","background-position":"center center","background-size":"auto","background-attachment":"scroll","background-type":"","background-media":"","overlay-type":"","overlay-color":"","overlay-opacity":"","overlay-gradient":""}},"ast-content-background-meta":{"desktop":{"background-color":"var(--ast-global-color-5)","background-image":"","background-repeat":"repeat","background-position":"center center","background-size":"auto","background-attachment":"scroll","background-type":"","background-media":"","overlay-type":"","overlay-color":"","overlay-opacity":"","overlay-gradient":""},"tablet":{"background-color":"var(--ast-global-color-5)","background-image":"","background-repeat":"repeat","background-position":"center center","background-size":"auto","background-attachment":"scroll","background-type":"","background-media":"","overlay-type":"","overlay-color":"","overlay-opacity":"","overlay-gradient":""},"mobile":{"background-color":"var(--ast-global-color-5)","background-image":"","background-repeat":"repeat","background-position":"center center","background-size":"auto","background-attachment":"scroll","background-type":"","background-media":"","overlay-type":"","overlay-color":"","overlay-opacity":"","overlay-gradient":""}}},"product_brand":[],"product_cat":[599,591,639,595,603,602,598,597],"product_tag":[1265,1266,1267],"class_list":{"0":"post-17745","1":"product","2":"type-product","3":"status-publish","4":"has-post-thumbnail","6":"product_cat-aviacion","7":"product_cat-cable-de-alta-temperatura","8":"product_cat-cable-de-teflon","9":"product_cat-cable-personalizado","10":"product_cat-norma-en","11":"product_cat-norma-ice","12":"product_cat-petroleo-gas","13":"product_cat-via-ferrea","14":"product_tag-cable-de-alta-temperatura-extrema","15":"product_tag-gn1200-es","16":"product_tag-resistente-a-temperaturas-de-hasta-1200-","17":"desktop-align-center","18":"tablet-align-left","19":"mobile-align-left","21":"first","22":"instock","23":"shipping-taxable","24":"product-type-simple"},"yoast_head":"<!-- This site is optimized with the Yoast SEO plugin v27.4 - https:\/\/yoast.com\/product\/yoast-seo-wordpress\/ -->\n<title>Cable de alta temperatura extrema GN1200 resistente a temperaturas de 1200 \u2103<\/title>\n<meta name=\"description\" content=\"El cable para temperaturas extremadamente altas es un alambre y cable que se utiliza en diversos dispositivos el\u00e9ctricos que requieren protecci\u00f3n contra incendios en entornos especiales como la metalurgia.\" \/>\n<meta name=\"robots\" content=\"index, follow, max-snippet:-1, max-image-preview:large, max-video-preview:-1\" \/>\n<link rel=\"canonical\" href=\"https:\/\/www.tstcables.com\/es\/producto\/cable-de-alta-temperatura-extrema-gn1200-resistente-a-temperaturas-de-1200-%e2%84%83\/\" \/>\n<meta property=\"og:locale\" content=\"es_ES\" \/>\n<meta property=\"og:type\" content=\"article\" \/>\n<meta property=\"og:title\" content=\"Cable de alta temperatura extrema GN1200 resistente a temperaturas de 1200 \u2103\" \/>\n<meta property=\"og:description\" content=\"El cable para temperaturas extremadamente altas es un alambre y cable que se utiliza en diversos dispositivos el\u00e9ctricos que requieren protecci\u00f3n contra incendios en entornos especiales como la metalurgia.\" \/>\n<meta property=\"og:url\" content=\"https:\/\/www.tstcables.com\/es\/producto\/cable-de-alta-temperatura-extrema-gn1200-resistente-a-temperaturas-de-1200-%e2%84%83\/\" \/>\n<meta property=\"og:site_name\" content=\"TST CABLES supplier &amp; Manufacture\" \/>\n<meta property=\"og:image\" content=\"https:\/\/www.tstcables.com\/wp-content\/uploads\/2024\/03\/2-1.webp\" \/>\n\t<meta property=\"og:image:width\" content=\"640\" \/>\n\t<meta property=\"og:image:height\" content=\"640\" \/>\n\t<meta property=\"og:image:type\" content=\"image\/webp\" \/>\n<meta name=\"twitter:card\" content=\"summary_large_image\" \/>\n<meta name=\"twitter:label1\" content=\"Tiempo de lectura\" \/>\n\t<meta name=\"twitter:data1\" content=\"1 minuto\" \/>\n<script type=\"application\/ld+json\" class=\"yoast-schema-graph\">{\"@context\":\"https:\\\/\\\/schema.org\",\"@graph\":[{\"@type\":\"WebPage\",\"@id\":\"https:\\\/\\\/www.tstcables.com\\\/es\\\/producto\\\/cable-de-alta-temperatura-extrema-gn1200-resistente-a-temperaturas-de-1200-%e2%84%83\\\/\",\"url\":\"https:\\\/\\\/www.tstcables.com\\\/es\\\/producto\\\/cable-de-alta-temperatura-extrema-gn1200-resistente-a-temperaturas-de-1200-%e2%84%83\\\/\",\"name\":\"Cable de alta temperatura extrema GN1200 resistente a temperaturas de 1200 \u2103\",\"isPartOf\":{\"@id\":\"https:\\\/\\\/www.tstcables.com\\\/es\\\/#website\"},\"primaryImageOfPage\":{\"@id\":\"https:\\\/\\\/www.tstcables.com\\\/es\\\/producto\\\/cable-de-alta-temperatura-extrema-gn1200-resistente-a-temperaturas-de-1200-%e2%84%83\\\/#primaryimage\"},\"image\":{\"@id\":\"https:\\\/\\\/www.tstcables.com\\\/es\\\/producto\\\/cable-de-alta-temperatura-extrema-gn1200-resistente-a-temperaturas-de-1200-%e2%84%83\\\/#primaryimage\"},\"thumbnailUrl\":\"https:\\\/\\\/www.tstcables.com\\\/wp-content\\\/uploads\\\/2024\\\/03\\\/2-1.webp\",\"datePublished\":\"2024-03-22T08:54:48+00:00\",\"description\":\"El cable para temperaturas extremadamente altas es un alambre y cable que se utiliza en diversos dispositivos el\u00e9ctricos que requieren protecci\u00f3n contra incendios en entornos especiales como la metalurgia.\",\"breadcrumb\":{\"@id\":\"https:\\\/\\\/www.tstcables.com\\\/es\\\/producto\\\/cable-de-alta-temperatura-extrema-gn1200-resistente-a-temperaturas-de-1200-%e2%84%83\\\/#breadcrumb\"},\"inLanguage\":\"es\",\"potentialAction\":[{\"@type\":\"ReadAction\",\"target\":[\"https:\\\/\\\/www.tstcables.com\\\/es\\\/producto\\\/cable-de-alta-temperatura-extrema-gn1200-resistente-a-temperaturas-de-1200-%e2%84%83\\\/\"]}]},{\"@type\":\"ImageObject\",\"inLanguage\":\"es\",\"@id\":\"https:\\\/\\\/www.tstcables.com\\\/es\\\/producto\\\/cable-de-alta-temperatura-extrema-gn1200-resistente-a-temperaturas-de-1200-%e2%84%83\\\/#primaryimage\",\"url\":\"https:\\\/\\\/www.tstcables.com\\\/wp-content\\\/uploads\\\/2024\\\/03\\\/2-1.webp\",\"contentUrl\":\"https:\\\/\\\/www.tstcables.com\\\/wp-content\\\/uploads\\\/2024\\\/03\\\/2-1.webp\",\"width\":640,\"height\":640,\"caption\":\"EV New Energy Vehicle High Voltage Silicone Wire & Cable\"},{\"@type\":\"BreadcrumbList\",\"@id\":\"https:\\\/\\\/www.tstcables.com\\\/es\\\/producto\\\/cable-de-alta-temperatura-extrema-gn1200-resistente-a-temperaturas-de-1200-%e2%84%83\\\/#breadcrumb\",\"itemListElement\":[{\"@type\":\"ListItem\",\"position\":1,\"name\":\"\u9996\u9875\",\"item\":\"https:\\\/\\\/www.tstcables.com\\\/es\\\/\"},{\"@type\":\"ListItem\",\"position\":2,\"name\":\"Product\",\"item\":\"https:\\\/\\\/www.tstcables.com\\\/product\\\/\"},{\"@type\":\"ListItem\",\"position\":3,\"name\":\"Cable de alta temperatura extrema GN1200 resistente a temperaturas de 1200 \u2103\"}]},{\"@type\":\"WebSite\",\"@id\":\"https:\\\/\\\/www.tstcables.com\\\/es\\\/#website\",\"url\":\"https:\\\/\\\/www.tstcables.com\\\/es\\\/\",\"name\":\"TST Cable supplier & Manufacture\",\"description\":\"TST CABLES  supplier &amp; Manufacture official website\",\"publisher\":{\"@id\":\"https:\\\/\\\/www.tstcables.com\\\/es\\\/#organization\"},\"potentialAction\":[{\"@type\":\"SearchAction\",\"target\":{\"@type\":\"EntryPoint\",\"urlTemplate\":\"https:\\\/\\\/www.tstcables.com\\\/es\\\/?s={search_term_string}\"},\"query-input\":{\"@type\":\"PropertyValueSpecification\",\"valueRequired\":true,\"valueName\":\"search_term_string\"}}],\"inLanguage\":\"es\"},{\"@type\":\"Organization\",\"@id\":\"https:\\\/\\\/www.tstcables.com\\\/es\\\/#organization\",\"name\":\"TST Cable supplier & Manufacture\",\"url\":\"https:\\\/\\\/www.tstcables.com\\\/es\\\/\",\"logo\":{\"@type\":\"ImageObject\",\"inLanguage\":\"es\",\"@id\":\"https:\\\/\\\/www.tstcables.com\\\/es\\\/#\\\/schema\\\/logo\\\/image\\\/\",\"url\":\"https:\\\/\\\/www.tstcables.com\\\/wp-content\\\/uploads\\\/2024\\\/04\\\/cropped-\u753b\u677f-1-\u62f7\u8d1d-4-1.png\",\"contentUrl\":\"https:\\\/\\\/www.tstcables.com\\\/wp-content\\\/uploads\\\/2024\\\/04\\\/cropped-\u753b\u677f-1-\u62f7\u8d1d-4-1.png\",\"width\":300,\"height\":100,\"caption\":\"TST Cable supplier & Manufacture\"},\"image\":{\"@id\":\"https:\\\/\\\/www.tstcables.com\\\/es\\\/#\\\/schema\\\/logo\\\/image\\\/\"}}]}<\/script>\n<!-- \/ Yoast SEO plugin. -->","yoast_head_json":{"title":"Cable de alta temperatura extrema GN1200 resistente a temperaturas de 1200 \u2103","description":"El cable para temperaturas extremadamente altas es un alambre y cable que se utiliza en diversos dispositivos el\u00e9ctricos que requieren protecci\u00f3n contra incendios en entornos especiales como la metalurgia.","robots":{"index":"index","follow":"follow","max-snippet":"max-snippet:-1","max-image-preview":"max-image-preview:large","max-video-preview":"max-video-preview:-1"},"canonical":"https:\/\/www.tstcables.com\/es\/producto\/cable-de-alta-temperatura-extrema-gn1200-resistente-a-temperaturas-de-1200-%e2%84%83\/","og_locale":"es_ES","og_type":"article","og_title":"Cable de alta temperatura extrema GN1200 resistente a temperaturas de 1200 \u2103","og_description":"El cable para temperaturas extremadamente altas es un alambre y cable que se utiliza en diversos dispositivos el\u00e9ctricos que requieren protecci\u00f3n contra incendios en entornos especiales como la metalurgia.","og_url":"https:\/\/www.tstcables.com\/es\/producto\/cable-de-alta-temperatura-extrema-gn1200-resistente-a-temperaturas-de-1200-%e2%84%83\/","og_site_name":"TST CABLES supplier &amp; Manufacture","og_image":[{"width":640,"height":640,"url":"https:\/\/www.tstcables.com\/wp-content\/uploads\/2024\/03\/2-1.webp","type":"image\/webp"}],"twitter_card":"summary_large_image","twitter_misc":{"Tiempo de lectura":"1 minuto"},"schema":{"@context":"https:\/\/schema.org","@graph":[{"@type":"WebPage","@id":"https:\/\/www.tstcables.com\/es\/producto\/cable-de-alta-temperatura-extrema-gn1200-resistente-a-temperaturas-de-1200-%e2%84%83\/","url":"https:\/\/www.tstcables.com\/es\/producto\/cable-de-alta-temperatura-extrema-gn1200-resistente-a-temperaturas-de-1200-%e2%84%83\/","name":"Cable de alta temperatura extrema GN1200 resistente a temperaturas de 1200 \u2103","isPartOf":{"@id":"https:\/\/www.tstcables.com\/es\/#website"},"primaryImageOfPage":{"@id":"https:\/\/www.tstcables.com\/es\/producto\/cable-de-alta-temperatura-extrema-gn1200-resistente-a-temperaturas-de-1200-%e2%84%83\/#primaryimage"},"image":{"@id":"https:\/\/www.tstcables.com\/es\/producto\/cable-de-alta-temperatura-extrema-gn1200-resistente-a-temperaturas-de-1200-%e2%84%83\/#primaryimage"},"thumbnailUrl":"https:\/\/www.tstcables.com\/wp-content\/uploads\/2024\/03\/2-1.webp","datePublished":"2024-03-22T08:54:48+00:00","description":"El cable para temperaturas extremadamente altas es un alambre y cable que se utiliza en diversos dispositivos el\u00e9ctricos que requieren protecci\u00f3n contra incendios en entornos especiales como la metalurgia.","breadcrumb":{"@id":"https:\/\/www.tstcables.com\/es\/producto\/cable-de-alta-temperatura-extrema-gn1200-resistente-a-temperaturas-de-1200-%e2%84%83\/#breadcrumb"},"inLanguage":"es","potentialAction":[{"@type":"ReadAction","target":["https:\/\/www.tstcables.com\/es\/producto\/cable-de-alta-temperatura-extrema-gn1200-resistente-a-temperaturas-de-1200-%e2%84%83\/"]}]},{"@type":"ImageObject","inLanguage":"es","@id":"https:\/\/www.tstcables.com\/es\/producto\/cable-de-alta-temperatura-extrema-gn1200-resistente-a-temperaturas-de-1200-%e2%84%83\/#primaryimage","url":"https:\/\/www.tstcables.com\/wp-content\/uploads\/2024\/03\/2-1.webp","contentUrl":"https:\/\/www.tstcables.com\/wp-content\/uploads\/2024\/03\/2-1.webp","width":640,"height":640,"caption":"EV New Energy Vehicle High Voltage Silicone Wire & Cable"},{"@type":"BreadcrumbList","@id":"https:\/\/www.tstcables.com\/es\/producto\/cable-de-alta-temperatura-extrema-gn1200-resistente-a-temperaturas-de-1200-%e2%84%83\/#breadcrumb","itemListElement":[{"@type":"ListItem","position":1,"name":"\u9996\u9875","item":"https:\/\/www.tstcables.com\/es\/"},{"@type":"ListItem","position":2,"name":"Product","item":"https:\/\/www.tstcables.com\/product\/"},{"@type":"ListItem","position":3,"name":"Cable de alta temperatura extrema GN1200 resistente a temperaturas de 1200 \u2103"}]},{"@type":"WebSite","@id":"https:\/\/www.tstcables.com\/es\/#website","url":"https:\/\/www.tstcables.com\/es\/","name":"TST Cable supplier & Manufacture","description":"TST CABLES  supplier &amp; Manufacture official website","publisher":{"@id":"https:\/\/www.tstcables.com\/es\/#organization"},"potentialAction":[{"@type":"SearchAction","target":{"@type":"EntryPoint","urlTemplate":"https:\/\/www.tstcables.com\/es\/?s={search_term_string}"},"query-input":{"@type":"PropertyValueSpecification","valueRequired":true,"valueName":"search_term_string"}}],"inLanguage":"es"},{"@type":"Organization","@id":"https:\/\/www.tstcables.com\/es\/#organization","name":"TST Cable supplier & Manufacture","url":"https:\/\/www.tstcables.com\/es\/","logo":{"@type":"ImageObject","inLanguage":"es","@id":"https:\/\/www.tstcables.com\/es\/#\/schema\/logo\/image\/","url":"https:\/\/www.tstcables.com\/wp-content\/uploads\/2024\/04\/cropped-\u753b\u677f-1-\u62f7\u8d1d-4-1.png","contentUrl":"https:\/\/www.tstcables.com\/wp-content\/uploads\/2024\/04\/cropped-\u753b\u677f-1-\u62f7\u8d1d-4-1.png","width":300,"height":100,"caption":"TST Cable supplier & Manufacture"},"image":{"@id":"https:\/\/www.tstcables.com\/es\/#\/schema\/logo\/image\/"}}]}},"_links":{"self":[{"href":"https:\/\/www.tstcables.com\/es\/wp-json\/wp\/v2\/product\/17745","targetHints":{"allow":["GET"]}}],"collection":[{"href":"https:\/\/www.tstcables.com\/es\/wp-json\/wp\/v2\/product"}],"about":[{"href":"https:\/\/www.tstcables.com\/es\/wp-json\/wp\/v2\/types\/product"}],"version-history":[{"count":0,"href":"https:\/\/www.tstcables.com\/es\/wp-json\/wp\/v2\/product\/17745\/revisions"}],"wp:featuredmedia":[{"embeddable":true,"href":"https:\/\/www.tstcables.com\/es\/wp-json\/wp\/v2\/media\/13326"}],"wp:attachment":[{"href":"https:\/\/www.tstcables.com\/es\/wp-json\/wp\/v2\/media?parent=17745"}],"wp:term":[{"taxonomy":"product_brand","embeddable":true,"href":"https:\/\/www.tstcables.com\/es\/wp-json\/wp\/v2\/product_brand?post=17745"},{"taxonomy":"product_cat","embeddable":true,"href":"https:\/\/www.tstcables.com\/es\/wp-json\/wp\/v2\/product_cat?post=17745"},{"taxonomy":"product_tag","embeddable":true,"href":"https:\/\/www.tstcables.com\/es\/wp-json\/wp\/v2\/product_tag?post=17745"}],"curies":[{"name":"wp","href":"https:\/\/api.w.org\/{rel}","templated":true}]}}